{"id":9937,"date":"2023-01-10T16:50:34","date_gmt":"2023-01-10T14:50:34","guid":{"rendered":"https:\/\/unatc.ro\/devunatc\/?page_id=9937"},"modified":"2023-01-10T16:55:48","modified_gmt":"2023-01-10T14:55:48","slug":"despre-proinvent","status":"publish","type":"page","link":"https:\/\/unatc.ro\/devunatc\/proinvent\/despre-proinvent\/","title":{"rendered":"Despre PROINVENT"},"content":{"rendered":"\n<p>Universitatea \u201eDun\u0103rea de Jos\u201d din Gala\u021bi, \u00een parteneriat cu Universitatea Na\u021bional\u0103 de Educa\u021bie Fizic\u0103 \u0219i Sport din Bucure\u0219ti, Universitatea de \u0218tiin\u021be Agronomice \u0219i Medicin\u0103 Veterinar\u0103 din Bucure\u0219ti, Universitatea Na\u021bional\u0103 de Art\u0103 Teatral\u0103 \u0219i Cinematografic\u0103 \u201eI.L. Caragiale&#8221; din Bucure\u0219ti, Universitatea \u201eOvidius\u201d din Constan\u0163a, Universitatea \u201e\u015etefan cel Mare\u201d din Suceava, Universitatea de \u0218tiin\u021be Agricole \u0219i Medicin\u0103 Veterinar\u0103 a Banatului \u201eRegele Mihai I al Rom\u00e2niei\u201d din Timi\u0219oara, Universitatea pentru \u0218tiin\u021bele Vie\u021bii \u201eIon Ionescu de la Brad\u201d din Ia\u0219i \u0219i Universitatea Na\u021bional\u0103 de Arte \u201eGeorge Enescu\u201d din Ia\u0219i implementeaz\u0103 proiectul cu titlul <em>Program pentru cre\u0219terea performan\u021bei \u0219i inov\u0103rii \u00een cercetarea doctoral\u0103 \u0219i postdoctoral\u0103 de excelen\u021b\u0103 <\/em>(PROINVENT), cod SMIS 153299, finan\u021bat \u00een cadrul PROGRAMULUI OPERA\u0162IONAL CAPITAL UMAN, cofinan\u0163at din Fondul Social European, Axa prioritar\u0103 6- Educa\u021bie \u0219i competen\u021be ; Prioritatea de investi\u021bii \u2013 10.iv. \u00cembun\u0103t\u0103\u021birea utilit\u0103\u021bii sistemelor de educa\u021bie \u0219i formare pentru pia\u021ba muncii, facilitarea trecerii de la educa\u021bie la munc\u0103 \u0219i consolidarea sistemelor de educa\u021bie \u0219i formare profesional\u0103 \u0219i a calit\u0103\u021bii lor, inclusiv prin mecanisme pentru anticiparea competen\u021belor, adaptarea programelor de \u00eenv\u0103\u021b\u0103m\u00e2nt \u0219i crearea \u0219i dezvoltarea de sisteme de \u00eenv\u0103\u021bare bazate pe munc\u0103, inclusiv sisteme de \u00eenv\u0103\u021bare duale \u0219i de ucenicie ; Apel de proiecte POCU\/993\/6\/13 \u201eSprijin pentru doctoranzi \u0219i cercet\u0103tori post-doctorat\u201d ; Obiectiv Specific: O.S.6.13. &#8211; Cre\u0219terea num\u0103rului absolven\u021bilor de \u00eenv\u0103\u021b\u0103m\u00e2nt ter\u021biar universitar \u0219i non universitar care \u00ee\u0219i g\u0103sesc un loc de munc\u0103 urmare a accesului la activit\u0103\u021bi de \u00eenv\u0103\u021bare la un poten\u021bial loc de munc\u0103 \/ cercetare\/ inovare, cu accent pe sectoarele economice cu poten\u021bial competitiv identificate conform SNC \u015fi domeniile de specializare inteligent\u0103 conform SNCDI.<\/p>\n\n\n\n<p><strong>Obiectivul general al proiectului<\/strong><\/p>\n\n\n\n<p><strong>OBIECTIVUL GENERALAL PROIECTULUI<\/strong> vizeaz\u0103 cre\u0219terea num\u0103rului absolven\u021bilor de \u00eenv\u0103\u021b\u0103m\u00e2nt ter\u021biar universitar si non universitar care \u00ee\u0219i g\u0103sesc un loc de munca urmare a accesului la activit\u0103\u021bi de \u00eenv\u0103\u021bare la un poten\u021bial loc de munca \/ cercetare\/ inovare, cu accent pe sectoarele economice cu poten\u021bial competitiv identificate conform SNC si domeniile de specializare inteligenta conform SNCDI.<\/p>\n\n\n\n<p>\u00cen cadrul proiectului vor fi sprijini\u0163i financiar <strong>86 studen\u0163i doctoranzi \u015fi 29 cercet\u0103tori post-doctorat (selecta\u021bi \u00een dou\u0103 etape) \u2013 din care 9 studen\u0163i doctoranzi \u015fi 3 cercet\u0103tori post-doctorat vor forma grupul \u021bint\u0103 din partea UNATC &#8211; <\/strong>prin acordarea urm\u0103toarelor sume forfetare lunare:<\/p>\n\n\n\n<p>&#8211; <strong>bursa doctorand <\/strong>va avea valoarea de 1600 lei\/lun\u0103 \u0219i se va acorda pentru o perioada de maxim 12 luni consecutive doctoranzilor \u00eenmatricula\u021bi ca doctoranzi \u00een ultimul an de studii universitare de doctorat (pe locuri la buget sau cu tax\u0103) la institu\u021biile care au calitatea de beneficiar sau parteneri \u00een proiect. Ace\u0219tia trebuie s\u0103 fac\u0103 dovada particip\u0103rii la un program de cercetare cu component\u0103 aplicat\u0103, selectat \u00een func\u021bie de tema de cercetare studiat\u0103, \u0219i desf\u0103\u0219urat \u00een cadrul unei institu\u021bii colaboratoare (sector academic \u0219i non academic).<\/p>\n\n\n\n<p>&#8211; <strong>bursa cercet\u0103tor post-doctorat <\/strong>va avea valoarea de 2500 lei\/lun\u0103 \u0219i se va acorda pentru o perioada de maxim 12 luni consecutive pentru cercet\u0103torii post-doctorat de la institu\u021biile care au calitatea de beneficiar sau parteneri \u00een proiect. Ace\u0219tia trebuie s\u0103 fac\u0103 dovada particip\u0103rii la un program de cercetare cu component\u0103 aplicat\u0103, selectat \u00een func\u021bie de tema de cercetare studiat\u0103, \u0219i desf\u0103\u0219urat \u00een cadrul unei institu\u021bii colaboratoare (sector academic \u0219i non academic).<\/p>\n\n\n\n<p>Doctoranzii \u0219i cercet\u0103torii post-doctorat din grupul-\u021bint\u0103 al proiectului vor beneficia de sprijin financiar, inclusiv pentru sus\u021binerea:<\/p>\n\n\n\n<ul class=\"wp-block-list\"><li>activit\u0103\u021bilor de cercetare \u015fi de colaborare \u00een re\u021bea pentru doctoranzi\/tineri cercet\u0103tori \u00een scopul asigur\u0103rii complementarit\u0103\u021bii cu sectoarele economice cu poten\u021bial competitiv identificate conform SNC \u015fi din domeniile de specializare inteligent\u0103 conform SNCDI, \u00een sprijinul interna\u021bionaliz\u0103rii \u00eenv\u0103\u021b\u0103m\u00e2ntului ter\u021biar;<\/li><li>particip\u0103rii la crearea unui sistem de informare, \u00een ambele sensuri: de la companii\/ sectorul privat sau public c\u0103tre institu\u021biile de \u00eenv\u0103\u021b\u0103m\u00e2nt superior privind nevoile lor de instruire, precum \u0219i de la institu\u021biile de \u00eenv\u0103\u021b\u0103m\u00e2nt c\u0103tre \u00eentreprinderi, pentru a r\u0103spunde nevoilor angajatorilor la nivel regional\/local.<\/li><\/ul>\n","protected":false},"excerpt":{"rendered":"<p class=\"no-padding\">Universitatea \u201eDun\u0103rea de Jos\u201d din Gala\u021bi, \u00een parteneriat cu Universitatea Na\u021bional\u0103 de Educa\u021bie Fizic\u0103 \u0219i Sport din Bucure\u0219ti, Universitatea de&#8230;<\/p>\n","protected":false},"author":1,"featured_media":9922,"parent":9915,"menu_order":0,"comment_status":"closed","ping_status":"closed","template":"template-tab-group-color.php","meta":{"footnotes":""},"class_list":["post-9937","page","type-page","status-publish","has-post-thumbnail","hentry"],"acf":{"galerie_foto":null,"titlu_prezentare_departament":"","text_prezentare_departament":"","alternative_page_title":"","page_contact_email":""},"yoast_head":"<!-- This site is optimized with the Yoast SEO plugin v27.4 - https:\/\/yoast.com\/product\/yoast-seo-wordpress\/ -->\n<title>Despre PROINVENT - UNATC<\/title>\n<meta name=\"robots\" content=\"index, follow, max-snippet:-1, max-image-preview:large, max-video-preview:-1\" \/>\n<link rel=\"canonical\" href=\"https:\/\/unatc.ro\/devunatc\/proinvent\/despre-proinvent\/\" \/>\n<meta property=\"og:locale\" content=\"en_US\" \/>\n<meta property=\"og:type\" content=\"article\" \/>\n<meta property=\"og:title\" content=\"Despre PROINVENT - UNATC\" \/>\n<meta property=\"og:description\" content=\"Universitatea \u201eDun\u0103rea de Jos\u201d din Gala\u021bi, \u00een parteneriat cu Universitatea Na\u021bional\u0103 de Educa\u021bie Fizic\u0103 \u0219i Sport din Bucure\u0219ti, Universitatea de...\" \/>\n<meta property=\"og:url\" content=\"https:\/\/unatc.ro\/devunatc\/proinvent\/despre-proinvent\/\" \/>\n<meta property=\"og:site_name\" content=\"UNATC\" \/>\n<meta property=\"article:publisher\" content=\"https:\/\/www.facebook.com\/UNATC.ILC\/\" \/>\n<meta property=\"article:modified_time\" content=\"2023-01-10T14:55:48+00:00\" \/>\n<meta property=\"og:image\" content=\"https:\/\/unatc.ro\/devunatc\/wp-content\/uploads\/2023\/01\/proinvent-1.jpg\" \/>\n\t<meta property=\"og:image:width\" content=\"1480\" \/>\n\t<meta property=\"og:image:height\" content=\"720\" \/>\n\t<meta property=\"og:image:type\" content=\"image\/jpeg\" \/>\n<meta name=\"twitter:card\" content=\"summary_large_image\" \/>\n<meta name=\"twitter:label1\" content=\"Est. reading time\" \/>\n\t<meta name=\"twitter:data1\" content=\"4 minutes\" \/>\n<script type=\"application\/ld+json\" class=\"yoast-schema-graph\">{\"@context\":\"https:\\\/\\\/schema.org\",\"@graph\":[{\"@type\":\"WebPage\",\"@id\":\"https:\\\/\\\/unatc.ro\\\/devunatc\\\/proinvent\\\/despre-proinvent\\\/\",\"url\":\"https:\\\/\\\/unatc.ro\\\/devunatc\\\/proinvent\\\/despre-proinvent\\\/\",\"name\":\"Despre PROINVENT - UNATC\",\"isPartOf\":{\"@id\":\"https:\\\/\\\/unatc.ro\\\/devunatc\\\/#website\"},\"primaryImageOfPage\":{\"@id\":\"https:\\\/\\\/unatc.ro\\\/devunatc\\\/proinvent\\\/despre-proinvent\\\/#primaryimage\"},\"image\":{\"@id\":\"https:\\\/\\\/unatc.ro\\\/devunatc\\\/proinvent\\\/despre-proinvent\\\/#primaryimage\"},\"thumbnailUrl\":\"https:\\\/\\\/unatc.ro\\\/devunatc\\\/wp-content\\\/uploads\\\/2023\\\/01\\\/proinvent-1.jpg\",\"datePublished\":\"2023-01-10T14:50:34+00:00\",\"dateModified\":\"2023-01-10T14:55:48+00:00\",\"breadcrumb\":{\"@id\":\"https:\\\/\\\/unatc.ro\\\/devunatc\\\/proinvent\\\/despre-proinvent\\\/#breadcrumb\"},\"inLanguage\":\"en-US\",\"potentialAction\":[{\"@type\":\"ReadAction\",\"target\":[\"https:\\\/\\\/unatc.ro\\\/devunatc\\\/proinvent\\\/despre-proinvent\\\/\"]}]},{\"@type\":\"ImageObject\",\"inLanguage\":\"en-US\",\"@id\":\"https:\\\/\\\/unatc.ro\\\/devunatc\\\/proinvent\\\/despre-proinvent\\\/#primaryimage\",\"url\":\"https:\\\/\\\/unatc.ro\\\/devunatc\\\/wp-content\\\/uploads\\\/2023\\\/01\\\/proinvent-1.jpg\",\"contentUrl\":\"https:\\\/\\\/unatc.ro\\\/devunatc\\\/wp-content\\\/uploads\\\/2023\\\/01\\\/proinvent-1.jpg\",\"width\":1480,\"height\":720},{\"@type\":\"BreadcrumbList\",\"@id\":\"https:\\\/\\\/unatc.ro\\\/devunatc\\\/proinvent\\\/despre-proinvent\\\/#breadcrumb\",\"itemListElement\":[{\"@type\":\"ListItem\",\"position\":1,\"name\":\"Home\",\"item\":\"https:\\\/\\\/unatc.ro\\\/devunatc\\\/\"},{\"@type\":\"ListItem\",\"position\":2,\"name\":\"PROINVENT\",\"item\":\"https:\\\/\\\/unatc.ro\\\/devunatc\\\/proinvent\\\/\"},{\"@type\":\"ListItem\",\"position\":3,\"name\":\"Despre PROINVENT\"}]},{\"@type\":\"WebSite\",\"@id\":\"https:\\\/\\\/unatc.ro\\\/devunatc\\\/#website\",\"url\":\"https:\\\/\\\/unatc.ro\\\/devunatc\\\/\",\"name\":\"UNATC\",\"description\":\"\",\"publisher\":{\"@id\":\"https:\\\/\\\/unatc.ro\\\/devunatc\\\/#organization\"},\"potentialAction\":[{\"@type\":\"SearchAction\",\"target\":{\"@type\":\"EntryPoint\",\"urlTemplate\":\"https:\\\/\\\/unatc.ro\\\/devunatc\\\/?s={search_term_string}\"},\"query-input\":{\"@type\":\"PropertyValueSpecification\",\"valueRequired\":true,\"valueName\":\"search_term_string\"}}],\"inLanguage\":\"en-US\"},{\"@type\":\"Organization\",\"@id\":\"https:\\\/\\\/unatc.ro\\\/devunatc\\\/#organization\",\"name\":\"UNATC\",\"url\":\"https:\\\/\\\/unatc.ro\\\/devunatc\\\/\",\"logo\":{\"@type\":\"ImageObject\",\"inLanguage\":\"en-US\",\"@id\":\"https:\\\/\\\/unatc.ro\\\/devunatc\\\/#\\\/schema\\\/logo\\\/image\\\/\",\"url\":\"https:\\\/\\\/unatc.ro\\\/devunatc\\\/wp-content\\\/uploads\\\/2025\\\/07\\\/unatc_logo.png\",\"contentUrl\":\"https:\\\/\\\/unatc.ro\\\/devunatc\\\/wp-content\\\/uploads\\\/2025\\\/07\\\/unatc_logo.png\",\"width\":480,\"height\":469,\"caption\":\"UNATC\"},\"image\":{\"@id\":\"https:\\\/\\\/unatc.ro\\\/devunatc\\\/#\\\/schema\\\/logo\\\/image\\\/\"},\"sameAs\":[\"https:\\\/\\\/www.facebook.com\\\/UNATC.ILC\\\/\",\"https:\\\/\\\/www.youtube.com\\\/c\\\/unatcilcaragiale\",\"https:\\\/\\\/www.instagram.com\\\/unatc_ilcaragiale\\\/?hl=en\",\"https:\\\/\\\/www.tiktok.com\\\/@unatc?lang=en\"]}]}<\/script>\n<!-- \/ Yoast SEO plugin. -->","yoast_head_json":{"title":"Despre PROINVENT - UNATC","robots":{"index":"index","follow":"follow","max-snippet":"max-snippet:-1","max-image-preview":"max-image-preview:large","max-video-preview":"max-video-preview:-1"},"canonical":"https:\/\/unatc.ro\/devunatc\/proinvent\/despre-proinvent\/","og_locale":"en_US","og_type":"article","og_title":"Despre PROINVENT - UNATC","og_description":"Universitatea \u201eDun\u0103rea de Jos\u201d din Gala\u021bi, \u00een parteneriat cu Universitatea Na\u021bional\u0103 de Educa\u021bie Fizic\u0103 \u0219i Sport din Bucure\u0219ti, Universitatea de...","og_url":"https:\/\/unatc.ro\/devunatc\/proinvent\/despre-proinvent\/","og_site_name":"UNATC","article_publisher":"https:\/\/www.facebook.com\/UNATC.ILC\/","article_modified_time":"2023-01-10T14:55:48+00:00","og_image":[{"width":1480,"height":720,"url":"https:\/\/unatc.ro\/devunatc\/wp-content\/uploads\/2023\/01\/proinvent-1.jpg","type":"image\/jpeg"}],"twitter_card":"summary_large_image","twitter_misc":{"Est. reading time":"4 minutes"},"schema":{"@context":"https:\/\/schema.org","@graph":[{"@type":"WebPage","@id":"https:\/\/unatc.ro\/devunatc\/proinvent\/despre-proinvent\/","url":"https:\/\/unatc.ro\/devunatc\/proinvent\/despre-proinvent\/","name":"Despre PROINVENT - UNATC","isPartOf":{"@id":"https:\/\/unatc.ro\/devunatc\/#website"},"primaryImageOfPage":{"@id":"https:\/\/unatc.ro\/devunatc\/proinvent\/despre-proinvent\/#primaryimage"},"image":{"@id":"https:\/\/unatc.ro\/devunatc\/proinvent\/despre-proinvent\/#primaryimage"},"thumbnailUrl":"https:\/\/unatc.ro\/devunatc\/wp-content\/uploads\/2023\/01\/proinvent-1.jpg","datePublished":"2023-01-10T14:50:34+00:00","dateModified":"2023-01-10T14:55:48+00:00","breadcrumb":{"@id":"https:\/\/unatc.ro\/devunatc\/proinvent\/despre-proinvent\/#breadcrumb"},"inLanguage":"en-US","potentialAction":[{"@type":"ReadAction","target":["https:\/\/unatc.ro\/devunatc\/proinvent\/despre-proinvent\/"]}]},{"@type":"ImageObject","inLanguage":"en-US","@id":"https:\/\/unatc.ro\/devunatc\/proinvent\/despre-proinvent\/#primaryimage","url":"https:\/\/unatc.ro\/devunatc\/wp-content\/uploads\/2023\/01\/proinvent-1.jpg","contentUrl":"https:\/\/unatc.ro\/devunatc\/wp-content\/uploads\/2023\/01\/proinvent-1.jpg","width":1480,"height":720},{"@type":"BreadcrumbList","@id":"https:\/\/unatc.ro\/devunatc\/proinvent\/despre-proinvent\/#breadcrumb","itemListElement":[{"@type":"ListItem","position":1,"name":"Home","item":"https:\/\/unatc.ro\/devunatc\/"},{"@type":"ListItem","position":2,"name":"PROINVENT","item":"https:\/\/unatc.ro\/devunatc\/proinvent\/"},{"@type":"ListItem","position":3,"name":"Despre PROINVENT"}]},{"@type":"WebSite","@id":"https:\/\/unatc.ro\/devunatc\/#website","url":"https:\/\/unatc.ro\/devunatc\/","name":"UNATC","description":"","publisher":{"@id":"https:\/\/unatc.ro\/devunatc\/#organization"},"potentialAction":[{"@type":"SearchAction","target":{"@type":"EntryPoint","urlTemplate":"https:\/\/unatc.ro\/devunatc\/?s={search_term_string}"},"query-input":{"@type":"PropertyValueSpecification","valueRequired":true,"valueName":"search_term_string"}}],"inLanguage":"en-US"},{"@type":"Organization","@id":"https:\/\/unatc.ro\/devunatc\/#organization","name":"UNATC","url":"https:\/\/unatc.ro\/devunatc\/","logo":{"@type":"ImageObject","inLanguage":"en-US","@id":"https:\/\/unatc.ro\/devunatc\/#\/schema\/logo\/image\/","url":"https:\/\/unatc.ro\/devunatc\/wp-content\/uploads\/2025\/07\/unatc_logo.png","contentUrl":"https:\/\/unatc.ro\/devunatc\/wp-content\/uploads\/2025\/07\/unatc_logo.png","width":480,"height":469,"caption":"UNATC"},"image":{"@id":"https:\/\/unatc.ro\/devunatc\/#\/schema\/logo\/image\/"},"sameAs":["https:\/\/www.facebook.com\/UNATC.ILC\/","https:\/\/www.youtube.com\/c\/unatcilcaragiale","https:\/\/www.instagram.com\/unatc_ilcaragiale\/?hl=en","https:\/\/www.tiktok.com\/@unatc?lang=en"]}]}},"jetpack_sharing_enabled":true,"_links":{"self":[{"href":"https:\/\/unatc.ro\/devunatc\/wp-json\/wp\/v2\/pages\/9937","targetHints":{"allow":["GET"]}}],"collection":[{"href":"https:\/\/unatc.ro\/devunatc\/wp-json\/wp\/v2\/pages"}],"about":[{"href":"https:\/\/unatc.ro\/devunatc\/wp-json\/wp\/v2\/types\/page"}],"author":[{"embeddable":true,"href":"https:\/\/unatc.ro\/devunatc\/wp-json\/wp\/v2\/users\/1"}],"replies":[{"embeddable":true,"href":"https:\/\/unatc.ro\/devunatc\/wp-json\/wp\/v2\/comments?post=9937"}],"version-history":[{"count":1,"href":"https:\/\/unatc.ro\/devunatc\/wp-json\/wp\/v2\/pages\/9937\/revisions"}],"predecessor-version":[{"id":9938,"href":"https:\/\/unatc.ro\/devunatc\/wp-json\/wp\/v2\/pages\/9937\/revisions\/9938"}],"up":[{"embeddable":true,"href":"https:\/\/unatc.ro\/devunatc\/wp-json\/wp\/v2\/pages\/9915"}],"wp:featuredmedia":[{"embeddable":true,"href":"https:\/\/unatc.ro\/devunatc\/wp-json\/wp\/v2\/media\/9922"}],"wp:attachment":[{"href":"https:\/\/unatc.ro\/devunatc\/wp-json\/wp\/v2\/media?parent=9937"}],"curies":[{"name":"wp","href":"https:\/\/api.w.org\/{rel}","templated":true}]}}