{"id":9915,"date":"2023-01-10T15:50:28","date_gmt":"2023-01-10T13:50:28","guid":{"rendered":"https:\/\/unatc.ro\/devunatc\/?page_id=9915"},"modified":"2023-11-23T15:22:06","modified_gmt":"2023-11-23T13:22:06","slug":"proinvent","status":"publish","type":"page","link":"https:\/\/unatc.ro\/devunatc\/proinvent\/","title":{"rendered":"PROINVENT"},"content":{"rendered":"\n<p><strong>Cod apel:<\/strong><br>POCU\/993\/6\/13\/Cre\u015fterea&nbsp;num\u0103rului absolven\u0163ilor de \u00eenv\u0103\u0163\u0103m\u00e2nt&nbsp;ter\u0163iar universitar \u015fi non-universitar care&nbsp;\u00ee\u015fi g\u0103sesc un loc de munc\u0103 urmare a&nbsp;accesului la activit\u0103\u0163i de \u00eenv\u0103\u0163are\/ cercetare\/ inovare la un poten\u0163ial loc de&nbsp;munc\u0103, cu accent pe sectoarele economice&nbsp;cu poten\u0163ial competitiv identificate&nbsp;conform SNC \u015fi domeniile de specializare&nbsp;inteligent\u0103 conform SNCDI<\/p>\n\n\n\n<p><strong>Cod proiect:<\/strong><br>153299<\/p>\n\n\n\n<p><strong>Titlul proiectului:<\/strong><br>Program pentru cre\u0219terea performan\u021bei \u0219i&nbsp;inov\u0103rii \u00een cercetarea doctoral\u0103 \u0219i&nbsp;postdoctoral\u0103 de excelen\u021b\u0103 PROINVENT<\/p>\n\n\n\n<p><strong>Componenta 1:<\/strong><br>Sprijin pentru doctoranzi \u015fi&nbsp;cercet\u0103tori post-doctorat<\/p>\n\n\n\n<p><strong>Axa Prioritar\u0103:<\/strong><br>Educa\u0163ie \u015fi competen\u0163e<\/p>\n\n\n\n<p><strong>Opera\u0163iunea:<\/strong><br>Cre\u015fterea num\u0103rului absolven\u0163ilor de&nbsp;\u00eenv\u0103\u0163\u0103m\u00e2nt ter\u0163iar universitar \u015fi nonuniversitar&nbsp;care \u00ee\u015fi g\u0103sesc un loc de munc\u0103&nbsp;urmare a accesului la activit\u0103\u0163i de \u00eenv\u0103\u0163are\/&nbsp;cercetare\/ inovare la un poten\u0163ial loc de&nbsp;munc\u0103, cu accent pe sectoarele economice&nbsp;cu poten\u0163ial competitiv identificate conform&nbsp;SNC \u015fi domeniile de specializare inteligent\u0103&nbsp;conform SNCDI<\/p>\n\n\n\n<p><\/p>\n\n\n\n<div class=\"wp-block-unatc-blocks-file fileRow\"><div class=\"fileWrapper\"><div class=\"fileText\"><a href=\"https:\/\/unatc.ro\/devunatc\/wp-content\/uploads\/2023\/11\/PROINVENT_153299_REZULTATE.pdf\" target=\"_blank\" title=\"REZULTATE\" rel=\"noopener\"><span class=\"nameFile\">REZULTATE<\/span><span class=\"captionFile\">PROINVENT<\/span><\/a><\/div><a class=\"fileDownloadBtn\" href=\"https:\/\/unatc.ro\/devunatc\/wp-content\/uploads\/2023\/11\/PROINVENT_153299_REZULTATE.pdf\" target=\"_blank\" rel=\"noopener\" title=\"REZULTATE\">Descarc\u0103 fi\u0219ierul<\/a><\/div><\/div>\n\n\n\n<div class=\"wp-block-unatc-blocks-file fileRow\"><div class=\"fileWrapper\"><div class=\"fileText\"><a href=\"https:\/\/unatc.ro\/devunatc\/wp-content\/uploads\/2023\/11\/METODOLOGIE-DE-PREMIERE-PROINVENT.pdf\" target=\"_blank\" title=\"METODOLOGIE DE PREMIERE\" rel=\"noopener\"><span class=\"nameFile\">METODOLOGIE DE PREMIERE<\/span><span class=\"captionFile\">PROINVENT<\/span><\/a><\/div><a class=\"fileDownloadBtn\" href=\"https:\/\/unatc.ro\/devunatc\/wp-content\/uploads\/2023\/11\/METODOLOGIE-DE-PREMIERE-PROINVENT.pdf\" target=\"_blank\" rel=\"noopener\" title=\"METODOLOGIE DE PREMIERE\">Descarc\u0103 fi\u0219ierul<\/a><\/div><\/div>\n","protected":false},"excerpt":{"rendered":"<p class=\"no-padding\">Cod apel:POCU\/993\/6\/13\/Cre\u015fterea&nbsp;num\u0103rului absolven\u0163ilor de \u00eenv\u0103\u0163\u0103m\u00e2nt&nbsp;ter\u0163iar universitar \u015fi non-universitar care&nbsp;\u00ee\u015fi g\u0103sesc un loc de munc\u0103 urmare a&nbsp;accesului la activit\u0103\u0163i de \u00eenv\u0103\u0163are\/&#8230;<\/p>\n","protected":false},"author":1,"featured_media":9922,"parent":0,"menu_order":0,"comment_status":"closed","ping_status":"closed","template":"template-tab-group-color.php","meta":{"footnotes":""},"class_list":["post-9915","page","type-page","status-publish","has-post-thumbnail","hentry"],"acf":{"galerie_foto":null,"titlu_prezentare_departament":"","text_prezentare_departament":"","alternative_page_title":"","page_contact_email":""},"yoast_head":"<!-- This site is optimized with the Yoast SEO plugin v27.4 - https:\/\/yoast.com\/product\/yoast-seo-wordpress\/ -->\n<title>PROINVENT - UNATC<\/title>\n<meta name=\"robots\" content=\"index, follow, max-snippet:-1, max-image-preview:large, max-video-preview:-1\" \/>\n<link rel=\"canonical\" href=\"https:\/\/unatc.ro\/devunatc\/proinvent\/\" \/>\n<meta property=\"og:locale\" content=\"en_US\" \/>\n<meta property=\"og:type\" content=\"article\" \/>\n<meta property=\"og:title\" content=\"PROINVENT - UNATC\" \/>\n<meta property=\"og:description\" content=\"Cod apel:POCU\/993\/6\/13\/Cre\u015fterea&nbsp;num\u0103rului absolven\u0163ilor de \u00eenv\u0103\u0163\u0103m\u00e2nt&nbsp;ter\u0163iar universitar \u015fi non-universitar care&nbsp;\u00ee\u015fi g\u0103sesc un loc de munc\u0103 urmare a&nbsp;accesului la activit\u0103\u0163i de \u00eenv\u0103\u0163are\/...\" \/>\n<meta property=\"og:url\" content=\"https:\/\/unatc.ro\/devunatc\/proinvent\/\" \/>\n<meta property=\"og:site_name\" content=\"UNATC\" \/>\n<meta property=\"article:publisher\" content=\"https:\/\/www.facebook.com\/UNATC.ILC\/\" \/>\n<meta property=\"article:modified_time\" content=\"2023-11-23T13:22:06+00:00\" \/>\n<meta property=\"og:image\" content=\"https:\/\/unatc.ro\/devunatc\/wp-content\/uploads\/2023\/01\/proinvent-1.jpg\" \/>\n\t<meta property=\"og:image:width\" content=\"1480\" \/>\n\t<meta property=\"og:image:height\" content=\"720\" \/>\n\t<meta property=\"og:image:type\" content=\"image\/jpeg\" \/>\n<meta name=\"twitter:card\" content=\"summary_large_image\" \/>\n<meta name=\"twitter:label1\" content=\"Est. reading time\" \/>\n\t<meta name=\"twitter:data1\" content=\"1 minute\" \/>\n<script type=\"application\/ld+json\" class=\"yoast-schema-graph\">{\"@context\":\"https:\\\/\\\/schema.org\",\"@graph\":[{\"@type\":\"WebPage\",\"@id\":\"https:\\\/\\\/unatc.ro\\\/devunatc\\\/proinvent\\\/\",\"url\":\"https:\\\/\\\/unatc.ro\\\/devunatc\\\/proinvent\\\/\",\"name\":\"PROINVENT - UNATC\",\"isPartOf\":{\"@id\":\"https:\\\/\\\/unatc.ro\\\/devunatc\\\/#website\"},\"primaryImageOfPage\":{\"@id\":\"https:\\\/\\\/unatc.ro\\\/devunatc\\\/proinvent\\\/#primaryimage\"},\"image\":{\"@id\":\"https:\\\/\\\/unatc.ro\\\/devunatc\\\/proinvent\\\/#primaryimage\"},\"thumbnailUrl\":\"https:\\\/\\\/unatc.ro\\\/devunatc\\\/wp-content\\\/uploads\\\/2023\\\/01\\\/proinvent-1.jpg\",\"datePublished\":\"2023-01-10T13:50:28+00:00\",\"dateModified\":\"2023-11-23T13:22:06+00:00\",\"breadcrumb\":{\"@id\":\"https:\\\/\\\/unatc.ro\\\/devunatc\\\/proinvent\\\/#breadcrumb\"},\"inLanguage\":\"en-US\",\"potentialAction\":[{\"@type\":\"ReadAction\",\"target\":[\"https:\\\/\\\/unatc.ro\\\/devunatc\\\/proinvent\\\/\"]}]},{\"@type\":\"ImageObject\",\"inLanguage\":\"en-US\",\"@id\":\"https:\\\/\\\/unatc.ro\\\/devunatc\\\/proinvent\\\/#primaryimage\",\"url\":\"https:\\\/\\\/unatc.ro\\\/devunatc\\\/wp-content\\\/uploads\\\/2023\\\/01\\\/proinvent-1.jpg\",\"contentUrl\":\"https:\\\/\\\/unatc.ro\\\/devunatc\\\/wp-content\\\/uploads\\\/2023\\\/01\\\/proinvent-1.jpg\",\"width\":1480,\"height\":720},{\"@type\":\"BreadcrumbList\",\"@id\":\"https:\\\/\\\/unatc.ro\\\/devunatc\\\/proinvent\\\/#breadcrumb\",\"itemListElement\":[{\"@type\":\"ListItem\",\"position\":1,\"name\":\"Home\",\"item\":\"https:\\\/\\\/unatc.ro\\\/devunatc\\\/\"},{\"@type\":\"ListItem\",\"position\":2,\"name\":\"PROINVENT\"}]},{\"@type\":\"WebSite\",\"@id\":\"https:\\\/\\\/unatc.ro\\\/devunatc\\\/#website\",\"url\":\"https:\\\/\\\/unatc.ro\\\/devunatc\\\/\",\"name\":\"UNATC\",\"description\":\"\",\"publisher\":{\"@id\":\"https:\\\/\\\/unatc.ro\\\/devunatc\\\/#organization\"},\"potentialAction\":[{\"@type\":\"SearchAction\",\"target\":{\"@type\":\"EntryPoint\",\"urlTemplate\":\"https:\\\/\\\/unatc.ro\\\/devunatc\\\/?s={search_term_string}\"},\"query-input\":{\"@type\":\"PropertyValueSpecification\",\"valueRequired\":true,\"valueName\":\"search_term_string\"}}],\"inLanguage\":\"en-US\"},{\"@type\":\"Organization\",\"@id\":\"https:\\\/\\\/unatc.ro\\\/devunatc\\\/#organization\",\"name\":\"UNATC\",\"url\":\"https:\\\/\\\/unatc.ro\\\/devunatc\\\/\",\"logo\":{\"@type\":\"ImageObject\",\"inLanguage\":\"en-US\",\"@id\":\"https:\\\/\\\/unatc.ro\\\/devunatc\\\/#\\\/schema\\\/logo\\\/image\\\/\",\"url\":\"https:\\\/\\\/unatc.ro\\\/devunatc\\\/wp-content\\\/uploads\\\/2025\\\/07\\\/unatc_logo.png\",\"contentUrl\":\"https:\\\/\\\/unatc.ro\\\/devunatc\\\/wp-content\\\/uploads\\\/2025\\\/07\\\/unatc_logo.png\",\"width\":480,\"height\":469,\"caption\":\"UNATC\"},\"image\":{\"@id\":\"https:\\\/\\\/unatc.ro\\\/devunatc\\\/#\\\/schema\\\/logo\\\/image\\\/\"},\"sameAs\":[\"https:\\\/\\\/www.facebook.com\\\/UNATC.ILC\\\/\",\"https:\\\/\\\/www.youtube.com\\\/c\\\/unatcilcaragiale\",\"https:\\\/\\\/www.instagram.com\\\/unatc_ilcaragiale\\\/?hl=en\",\"https:\\\/\\\/www.tiktok.com\\\/@unatc?lang=en\"]}]}<\/script>\n<!-- \/ Yoast SEO plugin. -->","yoast_head_json":{"title":"PROINVENT - UNATC","robots":{"index":"index","follow":"follow","max-snippet":"max-snippet:-1","max-image-preview":"max-image-preview:large","max-video-preview":"max-video-preview:-1"},"canonical":"https:\/\/unatc.ro\/devunatc\/proinvent\/","og_locale":"en_US","og_type":"article","og_title":"PROINVENT - UNATC","og_description":"Cod apel:POCU\/993\/6\/13\/Cre\u015fterea&nbsp;num\u0103rului absolven\u0163ilor de \u00eenv\u0103\u0163\u0103m\u00e2nt&nbsp;ter\u0163iar universitar \u015fi non-universitar care&nbsp;\u00ee\u015fi g\u0103sesc un loc de munc\u0103 urmare a&nbsp;accesului la activit\u0103\u0163i de \u00eenv\u0103\u0163are\/...","og_url":"https:\/\/unatc.ro\/devunatc\/proinvent\/","og_site_name":"UNATC","article_publisher":"https:\/\/www.facebook.com\/UNATC.ILC\/","article_modified_time":"2023-11-23T13:22:06+00:00","og_image":[{"width":1480,"height":720,"url":"https:\/\/unatc.ro\/devunatc\/wp-content\/uploads\/2023\/01\/proinvent-1.jpg","type":"image\/jpeg"}],"twitter_card":"summary_large_image","twitter_misc":{"Est. reading time":"1 minute"},"schema":{"@context":"https:\/\/schema.org","@graph":[{"@type":"WebPage","@id":"https:\/\/unatc.ro\/devunatc\/proinvent\/","url":"https:\/\/unatc.ro\/devunatc\/proinvent\/","name":"PROINVENT - UNATC","isPartOf":{"@id":"https:\/\/unatc.ro\/devunatc\/#website"},"primaryImageOfPage":{"@id":"https:\/\/unatc.ro\/devunatc\/proinvent\/#primaryimage"},"image":{"@id":"https:\/\/unatc.ro\/devunatc\/proinvent\/#primaryimage"},"thumbnailUrl":"https:\/\/unatc.ro\/devunatc\/wp-content\/uploads\/2023\/01\/proinvent-1.jpg","datePublished":"2023-01-10T13:50:28+00:00","dateModified":"2023-11-23T13:22:06+00:00","breadcrumb":{"@id":"https:\/\/unatc.ro\/devunatc\/proinvent\/#breadcrumb"},"inLanguage":"en-US","potentialAction":[{"@type":"ReadAction","target":["https:\/\/unatc.ro\/devunatc\/proinvent\/"]}]},{"@type":"ImageObject","inLanguage":"en-US","@id":"https:\/\/unatc.ro\/devunatc\/proinvent\/#primaryimage","url":"https:\/\/unatc.ro\/devunatc\/wp-content\/uploads\/2023\/01\/proinvent-1.jpg","contentUrl":"https:\/\/unatc.ro\/devunatc\/wp-content\/uploads\/2023\/01\/proinvent-1.jpg","width":1480,"height":720},{"@type":"BreadcrumbList","@id":"https:\/\/unatc.ro\/devunatc\/proinvent\/#breadcrumb","itemListElement":[{"@type":"ListItem","position":1,"name":"Home","item":"https:\/\/unatc.ro\/devunatc\/"},{"@type":"ListItem","position":2,"name":"PROINVENT"}]},{"@type":"WebSite","@id":"https:\/\/unatc.ro\/devunatc\/#website","url":"https:\/\/unatc.ro\/devunatc\/","name":"UNATC","description":"","publisher":{"@id":"https:\/\/unatc.ro\/devunatc\/#organization"},"potentialAction":[{"@type":"SearchAction","target":{"@type":"EntryPoint","urlTemplate":"https:\/\/unatc.ro\/devunatc\/?s={search_term_string}"},"query-input":{"@type":"PropertyValueSpecification","valueRequired":true,"valueName":"search_term_string"}}],"inLanguage":"en-US"},{"@type":"Organization","@id":"https:\/\/unatc.ro\/devunatc\/#organization","name":"UNATC","url":"https:\/\/unatc.ro\/devunatc\/","logo":{"@type":"ImageObject","inLanguage":"en-US","@id":"https:\/\/unatc.ro\/devunatc\/#\/schema\/logo\/image\/","url":"https:\/\/unatc.ro\/devunatc\/wp-content\/uploads\/2025\/07\/unatc_logo.png","contentUrl":"https:\/\/unatc.ro\/devunatc\/wp-content\/uploads\/2025\/07\/unatc_logo.png","width":480,"height":469,"caption":"UNATC"},"image":{"@id":"https:\/\/unatc.ro\/devunatc\/#\/schema\/logo\/image\/"},"sameAs":["https:\/\/www.facebook.com\/UNATC.ILC\/","https:\/\/www.youtube.com\/c\/unatcilcaragiale","https:\/\/www.instagram.com\/unatc_ilcaragiale\/?hl=en","https:\/\/www.tiktok.com\/@unatc?lang=en"]}]}},"jetpack_sharing_enabled":true,"_links":{"self":[{"href":"https:\/\/unatc.ro\/devunatc\/wp-json\/wp\/v2\/pages\/9915","targetHints":{"allow":["GET"]}}],"collection":[{"href":"https:\/\/unatc.ro\/devunatc\/wp-json\/wp\/v2\/pages"}],"about":[{"href":"https:\/\/unatc.ro\/devunatc\/wp-json\/wp\/v2\/types\/page"}],"author":[{"embeddable":true,"href":"https:\/\/unatc.ro\/devunatc\/wp-json\/wp\/v2\/users\/1"}],"replies":[{"embeddable":true,"href":"https:\/\/unatc.ro\/devunatc\/wp-json\/wp\/v2\/comments?post=9915"}],"version-history":[{"count":25,"href":"https:\/\/unatc.ro\/devunatc\/wp-json\/wp\/v2\/pages\/9915\/revisions"}],"predecessor-version":[{"id":12223,"href":"https:\/\/unatc.ro\/devunatc\/wp-json\/wp\/v2\/pages\/9915\/revisions\/12223"}],"wp:featuredmedia":[{"embeddable":true,"href":"https:\/\/unatc.ro\/devunatc\/wp-json\/wp\/v2\/media\/9922"}],"wp:attachment":[{"href":"https:\/\/unatc.ro\/devunatc\/wp-json\/wp\/v2\/media?parent=9915"}],"curies":[{"name":"wp","href":"https:\/\/api.w.org\/{rel}","templated":true}]}}