{"id":9379,"date":"2022-10-13T03:39:29","date_gmt":"2022-10-13T01:39:29","guid":{"rendered":"https:\/\/unatc.ro\/devunatc\/?page_id=9379"},"modified":"2023-07-13T12:05:28","modified_gmt":"2023-07-13T10:05:28","slug":"ghid-pentru-sesizari","status":"publish","type":"page","link":"https:\/\/unatc.ro\/devunatc\/politici-de-conduita\/ghid-pentru-sesizari\/","title":{"rendered":"Ghid pentru sesiz\u0103ri"},"content":{"rendered":"\n<p>Consider\u0103m acest ghid util pentru comunicarea eficient\u0103 a etapelor ce trebuie urmate, atunci c\u00e2nd o persoan\u0103 dore\u0219te s\u0103 fac\u0103 o sesizare ce \u021bine de normele Codului de Etic\u0103 \u0219i Deontologie universitar\u0103 UNATC.<\/p>\n\n\n\n<p class=\"has-medium-font-size\"><strong>Procedura sesiz\u0103rii Comisiei de etic\u0103 universitar\u0103<\/strong><\/p>\n\n\n\n<p>Procedura este reglementat\u0103 \u00een Regulamentul de func\u021bionare al Comisiei de etic\u0103 \u0219i deontologie universitar\u0103 din UNATC.<\/p>\n\n\n\n<p class=\"has-medium-font-size\"><strong>Cine poate sesiza Comisia de etic\u0103 \u0219i \u00een leg\u0103tur\u0103 cu ce fapte?<\/strong><\/p>\n\n\n\n<p>Orice persoan\u0103 din UNATC sau din afara universit\u0103\u021bii, poate sesiza Comisia de etic\u0103 a UNATC cu privire la disfunc\u021bionalit\u0103\u021bi semnalate \u00een leg\u0103tur\u0103 cu integritatea academic\u0103, abateri de la etica universitar\u0103 sau de la buna conduit\u0103 \u00een cercetarea \u0219tiin\u021bific\u0103 s\u0103v\u00e2r\u0219ite de membri ai comunit\u0103\u021bii universitare.<\/p>\n\n\n\n<p class=\"has-medium-font-size\"><strong>Care este termenul de depunere a Sesiz\u0103rii?<\/strong><\/p>\n\n\n\n<p>Orice Sesizare trebuie depus\u0103 \u00een termen de cel mult 30 de zile de la s\u0103v\u00e2r\u0219irea faptei considerat\u0103 abatere de la prevederile Codului de etic\u0103 \u0219i deontologie universitar\u0103 al UNATC.<\/p>\n\n\n\n<p class=\"has-medium-font-size\"><strong>Ce trebuie s\u0103 con\u021bin\u0103 Sesizarea?<\/strong><\/p>\n\n\n\n<p>Sesizarea se formuleaz\u0103 \u00een scris \u0219i trebuie s\u0103 cuprind\u0103 informa\u021biile de mai jos:<\/p>\n\n\n\n<ul class=\"wp-block-list\">\n<li>Datele de identificare \u0219i de contact ale persoanei care sesizeaz\u0103 Comisia de etic\u0103, respectiv: numele \u0219i prenumele, adresa de domiciliu, adresa de e-mail, num\u0103rul de telefon \u0219i calitatea acestuia \u00een UNATC (<em>e.g.<\/em> student, personal didactic, personal didactic-auxiliar, personal de cercetare);<\/li>\n\n\n\n<li>Datele de identificare ale persoanei despre care se presupune c\u0103 a s\u0103v\u00e2r\u0219it abaterea;<\/li>\n\n\n\n<li>Descrierea faptei considerat\u0103 abatere de la prevederile Codului de etic\u0103 \u0219i deontologie universitar\u0103 al UNATC, precum \u0219i data \u0219i locul s\u0103v\u00e2r\u0219irii acesteia;<\/li>\n\n\n\n<li>Datele de identificare ale eventualilor martori \u0219i orice mijloace de prob\u0103 \u0219i alte informa\u021bii utile \u00een vederea solu\u021bion\u0103rii Sesiz\u0103rii;<\/li>\n\n\n\n<li>Semn\u0103tura persoanei care sesizeaz\u0103 Comisia de etic\u0103.<\/li>\n<\/ul>\n\n\n\n<p class=\"has-medium-font-size\"><strong>Unde se depune Sesizarea?<\/strong><\/p>\n\n\n\n<p>Sesizarea se depune la secretariatul Rectoratului, \u00eentr-un exemplar semnat, al\u0103turi de eventualele mijloace de prob\u0103 (\u00eenscrisuri, plan\u0219e fotografice etc.), \u00een plic \u00eenchis, adresat Comisiei de etic\u0103 a UNATC.<\/p>\n\n\n\n<p class=\"has-medium-font-size\"><strong>\u00cen c\u00e2t timp se prime\u0219te r\u0103spunsul fa\u021b\u0103 de Sesizare?<\/strong><\/p>\n\n\n\n<p>Comisia de etic\u0103 are obliga\u021bia de a solu\u021biona Sesizarea \u0219i de a furniza un r\u0103spuns scris, \u00een termen de cel mult 30 de zile de la primirea Sesiz\u0103rii.<\/p>\n","protected":false},"excerpt":{"rendered":"<p class=\"no-padding\">Consider\u0103m acest ghid util pentru comunicarea eficient\u0103 a etapelor ce trebuie urmate, atunci c\u00e2nd o persoan\u0103 dore\u0219te s\u0103 fac\u0103 o&#8230;<\/p>\n","protected":false},"author":180,"featured_media":9238,"parent":9117,"menu_order":0,"comment_status":"closed","ping_status":"closed","template":"template-tab-group.php","meta":{"footnotes":""},"class_list":["post-9379","page","type-page","status-publish","has-post-thumbnail","hentry"],"acf":{"galerie_foto":null,"alternative_page_title":"","page_contact_email":"suport.juridic@unatc.ro"},"yoast_head":"<!-- This site is optimized with the Yoast SEO plugin v27.3 - https:\/\/yoast.com\/product\/yoast-seo-wordpress\/ -->\n<title>Ghid pentru sesiz\u0103ri - UNATC<\/title>\n<meta name=\"robots\" content=\"index, follow, max-snippet:-1, max-image-preview:large, max-video-preview:-1\" \/>\n<link rel=\"canonical\" href=\"https:\/\/unatc.ro\/devunatc\/politici-de-conduita\/ghid-pentru-sesizari\/\" \/>\n<meta property=\"og:locale\" content=\"en_US\" \/>\n<meta property=\"og:type\" content=\"article\" \/>\n<meta property=\"og:title\" content=\"Ghid pentru sesiz\u0103ri - UNATC\" \/>\n<meta property=\"og:description\" content=\"Consider\u0103m acest ghid util pentru comunicarea eficient\u0103 a etapelor ce trebuie urmate, atunci c\u00e2nd o persoan\u0103 dore\u0219te s\u0103 fac\u0103 o...\" \/>\n<meta property=\"og:url\" content=\"https:\/\/unatc.ro\/devunatc\/politici-de-conduita\/ghid-pentru-sesizari\/\" \/>\n<meta property=\"og:site_name\" content=\"UNATC\" \/>\n<meta property=\"article:publisher\" content=\"https:\/\/www.facebook.com\/UNATC.ILC\/\" \/>\n<meta property=\"article:modified_time\" content=\"2023-07-13T10:05:28+00:00\" \/>\n<meta property=\"og:image\" content=\"https:\/\/unatc.ro\/devunatc\/wp-content\/uploads\/2022\/10\/egalitate-de-gen.jpg\" \/>\n\t<meta property=\"og:image:width\" content=\"2400\" \/>\n\t<meta property=\"og:image:height\" content=\"1193\" \/>\n\t<meta property=\"og:image:type\" content=\"image\/jpeg\" \/>\n<meta name=\"twitter:card\" content=\"summary_large_image\" \/>\n<meta name=\"twitter:label1\" content=\"Est. reading time\" \/>\n\t<meta name=\"twitter:data1\" content=\"2 minutes\" \/>\n<script type=\"application\/ld+json\" class=\"yoast-schema-graph\">{\"@context\":\"https:\\\/\\\/schema.org\",\"@graph\":[{\"@type\":\"WebPage\",\"@id\":\"https:\\\/\\\/unatc.ro\\\/devunatc\\\/politici-de-conduita\\\/ghid-pentru-sesizari\\\/\",\"url\":\"https:\\\/\\\/unatc.ro\\\/devunatc\\\/politici-de-conduita\\\/ghid-pentru-sesizari\\\/\",\"name\":\"Ghid pentru sesiz\u0103ri - UNATC\",\"isPartOf\":{\"@id\":\"https:\\\/\\\/unatc.ro\\\/devunatc\\\/#website\"},\"primaryImageOfPage\":{\"@id\":\"https:\\\/\\\/unatc.ro\\\/devunatc\\\/politici-de-conduita\\\/ghid-pentru-sesizari\\\/#primaryimage\"},\"image\":{\"@id\":\"https:\\\/\\\/unatc.ro\\\/devunatc\\\/politici-de-conduita\\\/ghid-pentru-sesizari\\\/#primaryimage\"},\"thumbnailUrl\":\"https:\\\/\\\/unatc.ro\\\/devunatc\\\/wp-content\\\/uploads\\\/2022\\\/10\\\/egalitate-de-gen.jpg\",\"datePublished\":\"2022-10-13T01:39:29+00:00\",\"dateModified\":\"2023-07-13T10:05:28+00:00\",\"breadcrumb\":{\"@id\":\"https:\\\/\\\/unatc.ro\\\/devunatc\\\/politici-de-conduita\\\/ghid-pentru-sesizari\\\/#breadcrumb\"},\"inLanguage\":\"en-US\",\"potentialAction\":[{\"@type\":\"ReadAction\",\"target\":[\"https:\\\/\\\/unatc.ro\\\/devunatc\\\/politici-de-conduita\\\/ghid-pentru-sesizari\\\/\"]}]},{\"@type\":\"ImageObject\",\"inLanguage\":\"en-US\",\"@id\":\"https:\\\/\\\/unatc.ro\\\/devunatc\\\/politici-de-conduita\\\/ghid-pentru-sesizari\\\/#primaryimage\",\"url\":\"https:\\\/\\\/unatc.ro\\\/devunatc\\\/wp-content\\\/uploads\\\/2022\\\/10\\\/egalitate-de-gen.jpg\",\"contentUrl\":\"https:\\\/\\\/unatc.ro\\\/devunatc\\\/wp-content\\\/uploads\\\/2022\\\/10\\\/egalitate-de-gen.jpg\",\"width\":2400,\"height\":1193},{\"@type\":\"BreadcrumbList\",\"@id\":\"https:\\\/\\\/unatc.ro\\\/devunatc\\\/politici-de-conduita\\\/ghid-pentru-sesizari\\\/#breadcrumb\",\"itemListElement\":[{\"@type\":\"ListItem\",\"position\":1,\"name\":\"Home\",\"item\":\"https:\\\/\\\/unatc.ro\\\/devunatc\\\/\"},{\"@type\":\"ListItem\",\"position\":2,\"name\":\"Politici de conduit\u0103\",\"item\":\"https:\\\/\\\/unatc.ro\\\/devunatc\\\/politici-de-conduita\\\/\"},{\"@type\":\"ListItem\",\"position\":3,\"name\":\"Ghid pentru sesiz\u0103ri\"}]},{\"@type\":\"WebSite\",\"@id\":\"https:\\\/\\\/unatc.ro\\\/devunatc\\\/#website\",\"url\":\"https:\\\/\\\/unatc.ro\\\/devunatc\\\/\",\"name\":\"UNATC\",\"description\":\"\",\"publisher\":{\"@id\":\"https:\\\/\\\/unatc.ro\\\/devunatc\\\/#organization\"},\"potentialAction\":[{\"@type\":\"SearchAction\",\"target\":{\"@type\":\"EntryPoint\",\"urlTemplate\":\"https:\\\/\\\/unatc.ro\\\/devunatc\\\/?s={search_term_string}\"},\"query-input\":{\"@type\":\"PropertyValueSpecification\",\"valueRequired\":true,\"valueName\":\"search_term_string\"}}],\"inLanguage\":\"en-US\"},{\"@type\":\"Organization\",\"@id\":\"https:\\\/\\\/unatc.ro\\\/devunatc\\\/#organization\",\"name\":\"UNATC\",\"url\":\"https:\\\/\\\/unatc.ro\\\/devunatc\\\/\",\"logo\":{\"@type\":\"ImageObject\",\"inLanguage\":\"en-US\",\"@id\":\"https:\\\/\\\/unatc.ro\\\/devunatc\\\/#\\\/schema\\\/logo\\\/image\\\/\",\"url\":\"https:\\\/\\\/unatc.ro\\\/devunatc\\\/wp-content\\\/uploads\\\/2025\\\/07\\\/unatc_logo.png\",\"contentUrl\":\"https:\\\/\\\/unatc.ro\\\/devunatc\\\/wp-content\\\/uploads\\\/2025\\\/07\\\/unatc_logo.png\",\"width\":480,\"height\":469,\"caption\":\"UNATC\"},\"image\":{\"@id\":\"https:\\\/\\\/unatc.ro\\\/devunatc\\\/#\\\/schema\\\/logo\\\/image\\\/\"},\"sameAs\":[\"https:\\\/\\\/www.facebook.com\\\/UNATC.ILC\\\/\",\"https:\\\/\\\/www.youtube.com\\\/c\\\/unatcilcaragiale\",\"https:\\\/\\\/www.instagram.com\\\/unatc_ilcaragiale\\\/?hl=en\",\"https:\\\/\\\/www.tiktok.com\\\/@unatc?lang=en\"]}]}<\/script>\n<!-- \/ Yoast SEO plugin. -->","yoast_head_json":{"title":"Ghid pentru sesiz\u0103ri - UNATC","robots":{"index":"index","follow":"follow","max-snippet":"max-snippet:-1","max-image-preview":"max-image-preview:large","max-video-preview":"max-video-preview:-1"},"canonical":"https:\/\/unatc.ro\/devunatc\/politici-de-conduita\/ghid-pentru-sesizari\/","og_locale":"en_US","og_type":"article","og_title":"Ghid pentru sesiz\u0103ri - UNATC","og_description":"Consider\u0103m acest ghid util pentru comunicarea eficient\u0103 a etapelor ce trebuie urmate, atunci c\u00e2nd o persoan\u0103 dore\u0219te s\u0103 fac\u0103 o...","og_url":"https:\/\/unatc.ro\/devunatc\/politici-de-conduita\/ghid-pentru-sesizari\/","og_site_name":"UNATC","article_publisher":"https:\/\/www.facebook.com\/UNATC.ILC\/","article_modified_time":"2023-07-13T10:05:28+00:00","og_image":[{"width":2400,"height":1193,"url":"https:\/\/unatc.ro\/devunatc\/wp-content\/uploads\/2022\/10\/egalitate-de-gen.jpg","type":"image\/jpeg"}],"twitter_card":"summary_large_image","twitter_misc":{"Est. reading time":"2 minutes"},"schema":{"@context":"https:\/\/schema.org","@graph":[{"@type":"WebPage","@id":"https:\/\/unatc.ro\/devunatc\/politici-de-conduita\/ghid-pentru-sesizari\/","url":"https:\/\/unatc.ro\/devunatc\/politici-de-conduita\/ghid-pentru-sesizari\/","name":"Ghid pentru sesiz\u0103ri - UNATC","isPartOf":{"@id":"https:\/\/unatc.ro\/devunatc\/#website"},"primaryImageOfPage":{"@id":"https:\/\/unatc.ro\/devunatc\/politici-de-conduita\/ghid-pentru-sesizari\/#primaryimage"},"image":{"@id":"https:\/\/unatc.ro\/devunatc\/politici-de-conduita\/ghid-pentru-sesizari\/#primaryimage"},"thumbnailUrl":"https:\/\/unatc.ro\/devunatc\/wp-content\/uploads\/2022\/10\/egalitate-de-gen.jpg","datePublished":"2022-10-13T01:39:29+00:00","dateModified":"2023-07-13T10:05:28+00:00","breadcrumb":{"@id":"https:\/\/unatc.ro\/devunatc\/politici-de-conduita\/ghid-pentru-sesizari\/#breadcrumb"},"inLanguage":"en-US","potentialAction":[{"@type":"ReadAction","target":["https:\/\/unatc.ro\/devunatc\/politici-de-conduita\/ghid-pentru-sesizari\/"]}]},{"@type":"ImageObject","inLanguage":"en-US","@id":"https:\/\/unatc.ro\/devunatc\/politici-de-conduita\/ghid-pentru-sesizari\/#primaryimage","url":"https:\/\/unatc.ro\/devunatc\/wp-content\/uploads\/2022\/10\/egalitate-de-gen.jpg","contentUrl":"https:\/\/unatc.ro\/devunatc\/wp-content\/uploads\/2022\/10\/egalitate-de-gen.jpg","width":2400,"height":1193},{"@type":"BreadcrumbList","@id":"https:\/\/unatc.ro\/devunatc\/politici-de-conduita\/ghid-pentru-sesizari\/#breadcrumb","itemListElement":[{"@type":"ListItem","position":1,"name":"Home","item":"https:\/\/unatc.ro\/devunatc\/"},{"@type":"ListItem","position":2,"name":"Politici de conduit\u0103","item":"https:\/\/unatc.ro\/devunatc\/politici-de-conduita\/"},{"@type":"ListItem","position":3,"name":"Ghid pentru sesiz\u0103ri"}]},{"@type":"WebSite","@id":"https:\/\/unatc.ro\/devunatc\/#website","url":"https:\/\/unatc.ro\/devunatc\/","name":"UNATC","description":"","publisher":{"@id":"https:\/\/unatc.ro\/devunatc\/#organization"},"potentialAction":[{"@type":"SearchAction","target":{"@type":"EntryPoint","urlTemplate":"https:\/\/unatc.ro\/devunatc\/?s={search_term_string}"},"query-input":{"@type":"PropertyValueSpecification","valueRequired":true,"valueName":"search_term_string"}}],"inLanguage":"en-US"},{"@type":"Organization","@id":"https:\/\/unatc.ro\/devunatc\/#organization","name":"UNATC","url":"https:\/\/unatc.ro\/devunatc\/","logo":{"@type":"ImageObject","inLanguage":"en-US","@id":"https:\/\/unatc.ro\/devunatc\/#\/schema\/logo\/image\/","url":"https:\/\/unatc.ro\/devunatc\/wp-content\/uploads\/2025\/07\/unatc_logo.png","contentUrl":"https:\/\/unatc.ro\/devunatc\/wp-content\/uploads\/2025\/07\/unatc_logo.png","width":480,"height":469,"caption":"UNATC"},"image":{"@id":"https:\/\/unatc.ro\/devunatc\/#\/schema\/logo\/image\/"},"sameAs":["https:\/\/www.facebook.com\/UNATC.ILC\/","https:\/\/www.youtube.com\/c\/unatcilcaragiale","https:\/\/www.instagram.com\/unatc_ilcaragiale\/?hl=en","https:\/\/www.tiktok.com\/@unatc?lang=en"]}]}},"jetpack_sharing_enabled":true,"_links":{"self":[{"href":"https:\/\/unatc.ro\/devunatc\/wp-json\/wp\/v2\/pages\/9379","targetHints":{"allow":["GET"]}}],"collection":[{"href":"https:\/\/unatc.ro\/devunatc\/wp-json\/wp\/v2\/pages"}],"about":[{"href":"https:\/\/unatc.ro\/devunatc\/wp-json\/wp\/v2\/types\/page"}],"author":[{"embeddable":true,"href":"https:\/\/unatc.ro\/devunatc\/wp-json\/wp\/v2\/users\/180"}],"replies":[{"embeddable":true,"href":"https:\/\/unatc.ro\/devunatc\/wp-json\/wp\/v2\/comments?post=9379"}],"version-history":[{"count":7,"href":"https:\/\/unatc.ro\/devunatc\/wp-json\/wp\/v2\/pages\/9379\/revisions"}],"predecessor-version":[{"id":11676,"href":"https:\/\/unatc.ro\/devunatc\/wp-json\/wp\/v2\/pages\/9379\/revisions\/11676"}],"up":[{"embeddable":true,"href":"https:\/\/unatc.ro\/devunatc\/wp-json\/wp\/v2\/pages\/9117"}],"wp:featuredmedia":[{"embeddable":true,"href":"https:\/\/unatc.ro\/devunatc\/wp-json\/wp\/v2\/media\/9238"}],"wp:attachment":[{"href":"https:\/\/unatc.ro\/devunatc\/wp-json\/wp\/v2\/media?parent=9379"}],"curies":[{"name":"wp","href":"https:\/\/api.w.org\/{rel}","templated":true}]}}