{"id":9308,"date":"2022-10-11T13:24:05","date_gmt":"2022-10-11T11:24:05","guid":{"rendered":"https:\/\/unatc.ro\/devunatc\/?page_id=9308"},"modified":"2022-10-13T08:21:50","modified_gmt":"2022-10-13T06:21:50","slug":"cuvantul-rectorului","status":"publish","type":"page","link":"https:\/\/unatc.ro\/devunatc\/politici-de-conduita\/cuvantul-rectorului\/","title":{"rendered":"Cuv\u00e2ntul rectorului"},"content":{"rendered":"\n<p><em>\u201eCa om \u0219i ca rector, primeaz\u0103 dreptatea. Iar dreptatea nu are dec\u00e2t dou\u0103 valen\u021be: cea legal\u0103 \u0219i cea moral\u0103. \u0218i incidentele din ultima perioad\u0103 \u00eemi arat\u0103 c\u0103 \u00een aceste \u00eemprejur\u0103ri ne lipsesc am\u00e2ndou\u0103. Chiar dac\u0103 uman observ \u0219i nu sunt de acord cu comportamente nepotrivite, unde nu doar studen\u021bii se simt nedrept\u0103\u021bi\u021bi de unii profesori, cu p\u0103rere de r\u0103u, tr\u0103im \u0219i inversul. \u0218i nu exist\u0103 alt\u0103 cale dec\u00e2t s\u0103 ne uit\u0103m la norme. Arbitrajul emo\u021bional doar ne dezbin\u0103 \u00een dou\u0103 tabere: victime \u0219i agresori, de oricare parte ne-am afla. Am \u00eencercat s\u0103 m\u0103 \u00eentorc la norm\u0103, dar norma nu exist\u0103. Nu exist\u0103 legi care s\u0103 ne \u00eempart\u0103 limpede \u00een acuzatori \u0219i \u00eenvinov\u0103\u021bi\u021bi. Nu exist\u0103 proceduri de bune practici, iar despre norma moral\u0103, din p\u0103cate, sunt multe de spus. Mediul universitar \u0219i mai ales mediul artistic universitar e \u0219i mai greu de normat. Cine poate face diferen\u021ba dintre un act artistic inocent \u0219i inten\u021bia ascuns\u0103 a unui h\u0103r\u021buitor? Nimic n-a fost mai greu acum dec\u00e2t s\u0103 r\u0103m\u00e2n impar\u021bial \u0219i s\u0103 fac dreptate.<\/em><\/p>\n\n\n\n<p><em>Pentru c\u0103 e nevoie s\u0103 facem dreptate.\u00a0 M-am sim\u021bit lipsit de sprijinul legii, cu nevoia de a-mi ap\u0103ra studen\u021bii \u0219i cu dorin\u021ba de a fi echitabil fa\u021b\u0103 de colegii mei profesori. \u0218i am c\u0103utat ajutor de la o institu\u021bie, o entitate, echidistant\u0103, cu expertiz\u0103 \u00een domeniu, care poate analiza starea de fapt. O institu\u021bie care a ap\u0103rut dintr-o nevoie a societ\u0103\u021bii: Agen\u021bia Na\u021bional\u0103 de egalitate de \u0219anse \u00eentre femei \u0219i b\u0103rba\u021bi.\u00a0<\/em><\/p>\n\n\n\n<p><em>\u0218i a\u0219a cum am promis \u0219i mi-am promis atunci c\u00e2nd am ajuns rector, \u0219i asta se vede \u0219i ast\u0103zi, mi-am dorit transparen\u021b\u0103. Nu numai u\u0219ile sunt transparente la noi, dar \u0219i dorin\u021ba de a fi transparen\u021bi \u00een deciziile noastre, de a nu ascunde nimic \u0219i de a nu p\u0103rtini pe nimeni. Ca urmare, am cerut Agen\u021biei na\u021bionale de egalitate de \u0219anse pentru femei \u0219i b\u0103rba\u021bi un audit pentru ca ambele p\u0103r\u021bi s\u0103 aib\u0103 dreptul s\u0103 spun\u0103 \u0219i s\u0103 se apere, iar eu s\u0103 pot s\u0103 duc \u00een continuare ceea ce un rector are de dus: s\u0103 conduc\u0103 universitatea legal, moral \u0219i integru. Vom a\u0219tepta rezultatele. \u00cen baza acestui audit, ne vom structura cadrul de siguran\u021b\u0103 \u00een care activit\u0103\u021bile s\u0103 se poat\u0103 desf\u0103\u0219ura. Din universitatea care ast\u0103zi este ar\u0103tat\u0103 de unii cu degetul, \u00eemi doresc&nbsp; s\u0103 devenim prima universitate de art\u0103 care ap\u0103r\u0103 egalitatea de \u0219anse \u0219i creeaz\u0103 un context corect pentru studen\u021bi \u0219i profesori.&nbsp;<\/em><\/p>\n\n\n\n<p><em>Dar nu doar voi a\u0219tepta, \u00een weekend-ul care a trecut, am lucrat cu o echip\u0103 din universitate \u0219i am f\u0103cut ce am \u0219tiut noi mai bine. Am construit o minim\u0103 baz\u0103 de suport pentru noi to\u021bi. Orice propunere, orice nevoie la care eu pot r\u0103spunde \u00een condi\u021biile legalit\u0103\u021bii, v\u0103 rog s\u0103 mi-o transmite\u021bi. Nu facem aceste demersuri doar pentru voi, studen\u021bii, ci facem aceste lucruri \u00eempreun\u0103 cu voi, pentru noi to\u021bi. V\u0103 invit s\u0103 parcurge\u021bi sec\u021biunea special construit\u0103 pe site-ul UNATC, numit\u0103 \u201cPolitici de conduit\u0103\u201d \u0219i accesibil\u0103 la https:\/\/unatc.ro\/devunatc\/politici-de-conduita\/. E mult, e pu\u021bin, nu \u0219tiu, dar e cu toat\u0103 deschiderea. \u0218tiu \u00eens\u0103 c\u0103 \u00eempreun\u0103, la sf\u00e2r\u0219itul drumului, vom fi prima universitate de art\u0103 deschiz\u0103toare de drumuri \u0219i \u00een acest context.\u201d<\/em><\/p>\n\n\n\n<p><em>(Prof. univ. Dr. Liviu Lucaci &#8211; 10 octombrie 2022)<\/em><\/p>\n","protected":false},"excerpt":{"rendered":"<p class=\"no-padding\">\u201eCa om \u0219i ca rector, primeaz\u0103 dreptatea. Iar dreptatea nu are dec\u00e2t dou\u0103 valen\u021be: cea legal\u0103 \u0219i cea moral\u0103. \u0218i&#8230;<\/p>\n","protected":false},"author":1,"featured_media":9145,"parent":9117,"menu_order":0,"comment_status":"closed","ping_status":"closed","template":"template-tab-group.php","meta":{"footnotes":""},"class_list":["post-9308","page","type-page","status-publish","has-post-thumbnail","hentry"],"acf":{"galerie_foto":null,"alternative_page_title":"","page_contact_email":""},"yoast_head":"<!-- This site is optimized with the Yoast SEO plugin v27.3 - https:\/\/yoast.com\/product\/yoast-seo-wordpress\/ -->\n<title>Cuv\u00e2ntul rectorului - UNATC<\/title>\n<meta name=\"robots\" content=\"index, follow, max-snippet:-1, max-image-preview:large, max-video-preview:-1\" \/>\n<link rel=\"canonical\" href=\"https:\/\/unatc.ro\/devunatc\/politici-de-conduita\/cuvantul-rectorului\/\" \/>\n<meta property=\"og:locale\" content=\"en_US\" \/>\n<meta property=\"og:type\" content=\"article\" \/>\n<meta property=\"og:title\" content=\"Cuv\u00e2ntul rectorului - UNATC\" \/>\n<meta property=\"og:description\" content=\"\u201eCa om \u0219i ca rector, primeaz\u0103 dreptatea. Iar dreptatea nu are dec\u00e2t dou\u0103 valen\u021be: cea legal\u0103 \u0219i cea moral\u0103. \u0218i...\" \/>\n<meta property=\"og:url\" content=\"https:\/\/unatc.ro\/devunatc\/politici-de-conduita\/cuvantul-rectorului\/\" \/>\n<meta property=\"og:site_name\" content=\"UNATC\" \/>\n<meta property=\"article:publisher\" content=\"https:\/\/www.facebook.com\/UNATC.ILC\/\" \/>\n<meta property=\"article:modified_time\" content=\"2022-10-13T06:21:50+00:00\" \/>\n<meta property=\"og:image\" content=\"https:\/\/unatc.ro\/devunatc\/wp-content\/uploads\/2022\/10\/grafica_default_unatc_site-1.jpg\" \/>\n\t<meta property=\"og:image:width\" content=\"2400\" \/>\n\t<meta property=\"og:image:height\" content=\"1193\" \/>\n\t<meta property=\"og:image:type\" content=\"image\/jpeg\" \/>\n<meta name=\"twitter:card\" content=\"summary_large_image\" \/>\n<meta name=\"twitter:label1\" content=\"Est. reading time\" \/>\n\t<meta name=\"twitter:data1\" content=\"3 minutes\" \/>\n<script type=\"application\/ld+json\" class=\"yoast-schema-graph\">{\"@context\":\"https:\\\/\\\/schema.org\",\"@graph\":[{\"@type\":\"WebPage\",\"@id\":\"https:\\\/\\\/unatc.ro\\\/devunatc\\\/politici-de-conduita\\\/cuvantul-rectorului\\\/\",\"url\":\"https:\\\/\\\/unatc.ro\\\/devunatc\\\/politici-de-conduita\\\/cuvantul-rectorului\\\/\",\"name\":\"Cuv\u00e2ntul rectorului - UNATC\",\"isPartOf\":{\"@id\":\"https:\\\/\\\/unatc.ro\\\/devunatc\\\/#website\"},\"primaryImageOfPage\":{\"@id\":\"https:\\\/\\\/unatc.ro\\\/devunatc\\\/politici-de-conduita\\\/cuvantul-rectorului\\\/#primaryimage\"},\"image\":{\"@id\":\"https:\\\/\\\/unatc.ro\\\/devunatc\\\/politici-de-conduita\\\/cuvantul-rectorului\\\/#primaryimage\"},\"thumbnailUrl\":\"https:\\\/\\\/unatc.ro\\\/devunatc\\\/wp-content\\\/uploads\\\/2022\\\/10\\\/grafica_default_unatc_site-1.jpg\",\"datePublished\":\"2022-10-11T11:24:05+00:00\",\"dateModified\":\"2022-10-13T06:21:50+00:00\",\"breadcrumb\":{\"@id\":\"https:\\\/\\\/unatc.ro\\\/devunatc\\\/politici-de-conduita\\\/cuvantul-rectorului\\\/#breadcrumb\"},\"inLanguage\":\"en-US\",\"potentialAction\":[{\"@type\":\"ReadAction\",\"target\":[\"https:\\\/\\\/unatc.ro\\\/devunatc\\\/politici-de-conduita\\\/cuvantul-rectorului\\\/\"]}]},{\"@type\":\"ImageObject\",\"inLanguage\":\"en-US\",\"@id\":\"https:\\\/\\\/unatc.ro\\\/devunatc\\\/politici-de-conduita\\\/cuvantul-rectorului\\\/#primaryimage\",\"url\":\"https:\\\/\\\/unatc.ro\\\/devunatc\\\/wp-content\\\/uploads\\\/2022\\\/10\\\/grafica_default_unatc_site-1.jpg\",\"contentUrl\":\"https:\\\/\\\/unatc.ro\\\/devunatc\\\/wp-content\\\/uploads\\\/2022\\\/10\\\/grafica_default_unatc_site-1.jpg\",\"width\":2400,\"height\":1193,\"caption\":\"UNATC\"},{\"@type\":\"BreadcrumbList\",\"@id\":\"https:\\\/\\\/unatc.ro\\\/devunatc\\\/politici-de-conduita\\\/cuvantul-rectorului\\\/#breadcrumb\",\"itemListElement\":[{\"@type\":\"ListItem\",\"position\":1,\"name\":\"Home\",\"item\":\"https:\\\/\\\/unatc.ro\\\/devunatc\\\/\"},{\"@type\":\"ListItem\",\"position\":2,\"name\":\"Politici de conduit\u0103\",\"item\":\"https:\\\/\\\/unatc.ro\\\/devunatc\\\/politici-de-conduita\\\/\"},{\"@type\":\"ListItem\",\"position\":3,\"name\":\"Cuv\u00e2ntul rectorului\"}]},{\"@type\":\"WebSite\",\"@id\":\"https:\\\/\\\/unatc.ro\\\/devunatc\\\/#website\",\"url\":\"https:\\\/\\\/unatc.ro\\\/devunatc\\\/\",\"name\":\"UNATC\",\"description\":\"\",\"publisher\":{\"@id\":\"https:\\\/\\\/unatc.ro\\\/devunatc\\\/#organization\"},\"potentialAction\":[{\"@type\":\"SearchAction\",\"target\":{\"@type\":\"EntryPoint\",\"urlTemplate\":\"https:\\\/\\\/unatc.ro\\\/devunatc\\\/?s={search_term_string}\"},\"query-input\":{\"@type\":\"PropertyValueSpecification\",\"valueRequired\":true,\"valueName\":\"search_term_string\"}}],\"inLanguage\":\"en-US\"},{\"@type\":\"Organization\",\"@id\":\"https:\\\/\\\/unatc.ro\\\/devunatc\\\/#organization\",\"name\":\"UNATC\",\"url\":\"https:\\\/\\\/unatc.ro\\\/devunatc\\\/\",\"logo\":{\"@type\":\"ImageObject\",\"inLanguage\":\"en-US\",\"@id\":\"https:\\\/\\\/unatc.ro\\\/devunatc\\\/#\\\/schema\\\/logo\\\/image\\\/\",\"url\":\"https:\\\/\\\/unatc.ro\\\/devunatc\\\/wp-content\\\/uploads\\\/2025\\\/07\\\/unatc_logo.png\",\"contentUrl\":\"https:\\\/\\\/unatc.ro\\\/devunatc\\\/wp-content\\\/uploads\\\/2025\\\/07\\\/unatc_logo.png\",\"width\":480,\"height\":469,\"caption\":\"UNATC\"},\"image\":{\"@id\":\"https:\\\/\\\/unatc.ro\\\/devunatc\\\/#\\\/schema\\\/logo\\\/image\\\/\"},\"sameAs\":[\"https:\\\/\\\/www.facebook.com\\\/UNATC.ILC\\\/\",\"https:\\\/\\\/www.youtube.com\\\/c\\\/unatcilcaragiale\",\"https:\\\/\\\/www.instagram.com\\\/unatc_ilcaragiale\\\/?hl=en\",\"https:\\\/\\\/www.tiktok.com\\\/@unatc?lang=en\"]}]}<\/script>\n<!-- \/ Yoast SEO plugin. -->","yoast_head_json":{"title":"Cuv\u00e2ntul rectorului - UNATC","robots":{"index":"index","follow":"follow","max-snippet":"max-snippet:-1","max-image-preview":"max-image-preview:large","max-video-preview":"max-video-preview:-1"},"canonical":"https:\/\/unatc.ro\/devunatc\/politici-de-conduita\/cuvantul-rectorului\/","og_locale":"en_US","og_type":"article","og_title":"Cuv\u00e2ntul rectorului - UNATC","og_description":"\u201eCa om \u0219i ca rector, primeaz\u0103 dreptatea. Iar dreptatea nu are dec\u00e2t dou\u0103 valen\u021be: cea legal\u0103 \u0219i cea moral\u0103. \u0218i...","og_url":"https:\/\/unatc.ro\/devunatc\/politici-de-conduita\/cuvantul-rectorului\/","og_site_name":"UNATC","article_publisher":"https:\/\/www.facebook.com\/UNATC.ILC\/","article_modified_time":"2022-10-13T06:21:50+00:00","og_image":[{"width":2400,"height":1193,"url":"https:\/\/unatc.ro\/devunatc\/wp-content\/uploads\/2022\/10\/grafica_default_unatc_site-1.jpg","type":"image\/jpeg"}],"twitter_card":"summary_large_image","twitter_misc":{"Est. reading time":"3 minutes"},"schema":{"@context":"https:\/\/schema.org","@graph":[{"@type":"WebPage","@id":"https:\/\/unatc.ro\/devunatc\/politici-de-conduita\/cuvantul-rectorului\/","url":"https:\/\/unatc.ro\/devunatc\/politici-de-conduita\/cuvantul-rectorului\/","name":"Cuv\u00e2ntul rectorului - UNATC","isPartOf":{"@id":"https:\/\/unatc.ro\/devunatc\/#website"},"primaryImageOfPage":{"@id":"https:\/\/unatc.ro\/devunatc\/politici-de-conduita\/cuvantul-rectorului\/#primaryimage"},"image":{"@id":"https:\/\/unatc.ro\/devunatc\/politici-de-conduita\/cuvantul-rectorului\/#primaryimage"},"thumbnailUrl":"https:\/\/unatc.ro\/devunatc\/wp-content\/uploads\/2022\/10\/grafica_default_unatc_site-1.jpg","datePublished":"2022-10-11T11:24:05+00:00","dateModified":"2022-10-13T06:21:50+00:00","breadcrumb":{"@id":"https:\/\/unatc.ro\/devunatc\/politici-de-conduita\/cuvantul-rectorului\/#breadcrumb"},"inLanguage":"en-US","potentialAction":[{"@type":"ReadAction","target":["https:\/\/unatc.ro\/devunatc\/politici-de-conduita\/cuvantul-rectorului\/"]}]},{"@type":"ImageObject","inLanguage":"en-US","@id":"https:\/\/unatc.ro\/devunatc\/politici-de-conduita\/cuvantul-rectorului\/#primaryimage","url":"https:\/\/unatc.ro\/devunatc\/wp-content\/uploads\/2022\/10\/grafica_default_unatc_site-1.jpg","contentUrl":"https:\/\/unatc.ro\/devunatc\/wp-content\/uploads\/2022\/10\/grafica_default_unatc_site-1.jpg","width":2400,"height":1193,"caption":"UNATC"},{"@type":"BreadcrumbList","@id":"https:\/\/unatc.ro\/devunatc\/politici-de-conduita\/cuvantul-rectorului\/#breadcrumb","itemListElement":[{"@type":"ListItem","position":1,"name":"Home","item":"https:\/\/unatc.ro\/devunatc\/"},{"@type":"ListItem","position":2,"name":"Politici de conduit\u0103","item":"https:\/\/unatc.ro\/devunatc\/politici-de-conduita\/"},{"@type":"ListItem","position":3,"name":"Cuv\u00e2ntul rectorului"}]},{"@type":"WebSite","@id":"https:\/\/unatc.ro\/devunatc\/#website","url":"https:\/\/unatc.ro\/devunatc\/","name":"UNATC","description":"","publisher":{"@id":"https:\/\/unatc.ro\/devunatc\/#organization"},"potentialAction":[{"@type":"SearchAction","target":{"@type":"EntryPoint","urlTemplate":"https:\/\/unatc.ro\/devunatc\/?s={search_term_string}"},"query-input":{"@type":"PropertyValueSpecification","valueRequired":true,"valueName":"search_term_string"}}],"inLanguage":"en-US"},{"@type":"Organization","@id":"https:\/\/unatc.ro\/devunatc\/#organization","name":"UNATC","url":"https:\/\/unatc.ro\/devunatc\/","logo":{"@type":"ImageObject","inLanguage":"en-US","@id":"https:\/\/unatc.ro\/devunatc\/#\/schema\/logo\/image\/","url":"https:\/\/unatc.ro\/devunatc\/wp-content\/uploads\/2025\/07\/unatc_logo.png","contentUrl":"https:\/\/unatc.ro\/devunatc\/wp-content\/uploads\/2025\/07\/unatc_logo.png","width":480,"height":469,"caption":"UNATC"},"image":{"@id":"https:\/\/unatc.ro\/devunatc\/#\/schema\/logo\/image\/"},"sameAs":["https:\/\/www.facebook.com\/UNATC.ILC\/","https:\/\/www.youtube.com\/c\/unatcilcaragiale","https:\/\/www.instagram.com\/unatc_ilcaragiale\/?hl=en","https:\/\/www.tiktok.com\/@unatc?lang=en"]}]}},"jetpack_sharing_enabled":true,"_links":{"self":[{"href":"https:\/\/unatc.ro\/devunatc\/wp-json\/wp\/v2\/pages\/9308","targetHints":{"allow":["GET"]}}],"collection":[{"href":"https:\/\/unatc.ro\/devunatc\/wp-json\/wp\/v2\/pages"}],"about":[{"href":"https:\/\/unatc.ro\/devunatc\/wp-json\/wp\/v2\/types\/page"}],"author":[{"embeddable":true,"href":"https:\/\/unatc.ro\/devunatc\/wp-json\/wp\/v2\/users\/1"}],"replies":[{"embeddable":true,"href":"https:\/\/unatc.ro\/devunatc\/wp-json\/wp\/v2\/comments?post=9308"}],"version-history":[{"count":2,"href":"https:\/\/unatc.ro\/devunatc\/wp-json\/wp\/v2\/pages\/9308\/revisions"}],"predecessor-version":[{"id":9388,"href":"https:\/\/unatc.ro\/devunatc\/wp-json\/wp\/v2\/pages\/9308\/revisions\/9388"}],"up":[{"embeddable":true,"href":"https:\/\/unatc.ro\/devunatc\/wp-json\/wp\/v2\/pages\/9117"}],"wp:featuredmedia":[{"embeddable":true,"href":"https:\/\/unatc.ro\/devunatc\/wp-json\/wp\/v2\/media\/9145"}],"wp:attachment":[{"href":"https:\/\/unatc.ro\/devunatc\/wp-json\/wp\/v2\/media?parent=9308"}],"curies":[{"name":"wp","href":"https:\/\/api.w.org\/{rel}","templated":true}]}}