{"id":9279,"date":"2022-10-11T13:01:12","date_gmt":"2022-10-11T11:01:12","guid":{"rendered":"https:\/\/unatc.ro\/devunatc\/?page_id=9279"},"modified":"2022-10-13T11:34:24","modified_gmt":"2022-10-13T09:34:24","slug":"audit-extern","status":"publish","type":"page","link":"https:\/\/unatc.ro\/devunatc\/politici-de-conduita\/audit-extern\/","title":{"rendered":"Cerere Audit extern c\u0103tre Agen\u021bia Na\u021bional\u0103 de egalitate de \u0219anse \u00eentre femei \u0219i b\u0103rba\u021bi\u00a0"},"content":{"rendered":"\n<p>Ca prim\u0103 \u0219i, consider\u0103m simbolic cea mai important\u0103 m\u0103sur\u0103, invit\u0103m public, dar \u0219i prin cerere institu\u021bional\u0103 direct adresat\u0103, <strong><a rel=\"noreferrer noopener\" href=\"https:\/\/anes.gov.ro\" data-type=\"URL\" data-id=\"https:\/\/anes.gov.ro\" target=\"_blank\">Agen\u021bia Na\u021bional\u0103 de egalitate de \u0219anse \u00eentre femei \u0219i b\u0103rba\u021bi<\/a> <\/strong>la un <strong>audit extern<\/strong> asupra UNATC \u00een chestiunile ce vizeaz\u0103 egalitatea de gen, libertatea individual\u0103 sau diversele tipuri de discriminare. Invit\u0103m o institu\u021bie cu expertiz\u0103 \u0219i experien\u021b\u0103 \u00een acest domeniu, pentru a putea construi, legal \u0219i dialogal, \u00een func\u021bie de rezultatele acestui audit, un cadru mai bun de norme \u0219i practici academice.<\/p>\n","protected":false},"excerpt":{"rendered":"<p class=\"no-padding\">Ca prim\u0103 \u0219i, consider\u0103m simbolic cea mai important\u0103 m\u0103sur\u0103, invit\u0103m public, dar \u0219i prin cerere institu\u021bional\u0103 direct adresat\u0103, Agen\u021bia Na\u021bional\u0103&#8230;<\/p>\n","protected":false},"author":1,"featured_media":9238,"parent":9117,"menu_order":0,"comment_status":"closed","ping_status":"closed","template":"template-tab-group.php","meta":{"footnotes":""},"class_list":["post-9279","page","type-page","status-publish","has-post-thumbnail","hentry"],"acf":{"galerie_foto":null,"alternative_page_title":"","page_contact_email":"suport.juridic@unatc.ro"},"yoast_head":"<!-- This site is optimized with the Yoast SEO plugin v27.3 - https:\/\/yoast.com\/product\/yoast-seo-wordpress\/ -->\n<title>Cerere Audit extern c\u0103tre Agen\u021bia Na\u021bional\u0103 de egalitate de \u0219anse \u00eentre femei \u0219i b\u0103rba\u021bi\u00a0 - UNATC<\/title>\n<meta name=\"robots\" content=\"index, follow, max-snippet:-1, max-image-preview:large, max-video-preview:-1\" \/>\n<link rel=\"canonical\" href=\"https:\/\/unatc.ro\/devunatc\/politici-de-conduita\/audit-extern\/\" \/>\n<meta property=\"og:locale\" content=\"en_US\" \/>\n<meta property=\"og:type\" content=\"article\" \/>\n<meta property=\"og:title\" content=\"Cerere Audit extern c\u0103tre Agen\u021bia Na\u021bional\u0103 de egalitate de \u0219anse \u00eentre femei \u0219i b\u0103rba\u021bi\u00a0 - UNATC\" \/>\n<meta property=\"og:description\" content=\"Ca prim\u0103 \u0219i, consider\u0103m simbolic cea mai important\u0103 m\u0103sur\u0103, invit\u0103m public, dar \u0219i prin cerere institu\u021bional\u0103 direct adresat\u0103, Agen\u021bia Na\u021bional\u0103...\" \/>\n<meta property=\"og:url\" content=\"https:\/\/unatc.ro\/devunatc\/politici-de-conduita\/audit-extern\/\" \/>\n<meta property=\"og:site_name\" content=\"UNATC\" \/>\n<meta property=\"article:publisher\" content=\"https:\/\/www.facebook.com\/UNATC.ILC\/\" \/>\n<meta property=\"article:modified_time\" content=\"2022-10-13T09:34:24+00:00\" \/>\n<meta property=\"og:image\" content=\"https:\/\/unatc.ro\/devunatc\/wp-content\/uploads\/2022\/10\/egalitate-de-gen.jpg\" \/>\n\t<meta property=\"og:image:width\" content=\"2400\" \/>\n\t<meta property=\"og:image:height\" content=\"1193\" \/>\n\t<meta property=\"og:image:type\" content=\"image\/jpeg\" \/>\n<meta name=\"twitter:card\" content=\"summary_large_image\" \/>\n<script type=\"application\/ld+json\" class=\"yoast-schema-graph\">{\"@context\":\"https:\\\/\\\/schema.org\",\"@graph\":[{\"@type\":\"WebPage\",\"@id\":\"https:\\\/\\\/unatc.ro\\\/devunatc\\\/politici-de-conduita\\\/audit-extern\\\/\",\"url\":\"https:\\\/\\\/unatc.ro\\\/devunatc\\\/politici-de-conduita\\\/audit-extern\\\/\",\"name\":\"Cerere Audit extern c\u0103tre Agen\u021bia Na\u021bional\u0103 de egalitate de \u0219anse \u00eentre femei \u0219i b\u0103rba\u021bi\u00a0 - UNATC\",\"isPartOf\":{\"@id\":\"https:\\\/\\\/unatc.ro\\\/devunatc\\\/#website\"},\"primaryImageOfPage\":{\"@id\":\"https:\\\/\\\/unatc.ro\\\/devunatc\\\/politici-de-conduita\\\/audit-extern\\\/#primaryimage\"},\"image\":{\"@id\":\"https:\\\/\\\/unatc.ro\\\/devunatc\\\/politici-de-conduita\\\/audit-extern\\\/#primaryimage\"},\"thumbnailUrl\":\"https:\\\/\\\/unatc.ro\\\/devunatc\\\/wp-content\\\/uploads\\\/2022\\\/10\\\/egalitate-de-gen.jpg\",\"datePublished\":\"2022-10-11T11:01:12+00:00\",\"dateModified\":\"2022-10-13T09:34:24+00:00\",\"breadcrumb\":{\"@id\":\"https:\\\/\\\/unatc.ro\\\/devunatc\\\/politici-de-conduita\\\/audit-extern\\\/#breadcrumb\"},\"inLanguage\":\"en-US\",\"potentialAction\":[{\"@type\":\"ReadAction\",\"target\":[\"https:\\\/\\\/unatc.ro\\\/devunatc\\\/politici-de-conduita\\\/audit-extern\\\/\"]}]},{\"@type\":\"ImageObject\",\"inLanguage\":\"en-US\",\"@id\":\"https:\\\/\\\/unatc.ro\\\/devunatc\\\/politici-de-conduita\\\/audit-extern\\\/#primaryimage\",\"url\":\"https:\\\/\\\/unatc.ro\\\/devunatc\\\/wp-content\\\/uploads\\\/2022\\\/10\\\/egalitate-de-gen.jpg\",\"contentUrl\":\"https:\\\/\\\/unatc.ro\\\/devunatc\\\/wp-content\\\/uploads\\\/2022\\\/10\\\/egalitate-de-gen.jpg\",\"width\":2400,\"height\":1193},{\"@type\":\"BreadcrumbList\",\"@id\":\"https:\\\/\\\/unatc.ro\\\/devunatc\\\/politici-de-conduita\\\/audit-extern\\\/#breadcrumb\",\"itemListElement\":[{\"@type\":\"ListItem\",\"position\":1,\"name\":\"Home\",\"item\":\"https:\\\/\\\/unatc.ro\\\/devunatc\\\/\"},{\"@type\":\"ListItem\",\"position\":2,\"name\":\"Politici de conduit\u0103\",\"item\":\"https:\\\/\\\/unatc.ro\\\/devunatc\\\/politici-de-conduita\\\/\"},{\"@type\":\"ListItem\",\"position\":3,\"name\":\"Cerere Audit extern c\u0103tre Agen\u021bia Na\u021bional\u0103 de egalitate de \u0219anse \u00eentre femei \u0219i b\u0103rba\u021bi\u00a0\"}]},{\"@type\":\"WebSite\",\"@id\":\"https:\\\/\\\/unatc.ro\\\/devunatc\\\/#website\",\"url\":\"https:\\\/\\\/unatc.ro\\\/devunatc\\\/\",\"name\":\"UNATC\",\"description\":\"\",\"publisher\":{\"@id\":\"https:\\\/\\\/unatc.ro\\\/devunatc\\\/#organization\"},\"potentialAction\":[{\"@type\":\"SearchAction\",\"target\":{\"@type\":\"EntryPoint\",\"urlTemplate\":\"https:\\\/\\\/unatc.ro\\\/devunatc\\\/?s={search_term_string}\"},\"query-input\":{\"@type\":\"PropertyValueSpecification\",\"valueRequired\":true,\"valueName\":\"search_term_string\"}}],\"inLanguage\":\"en-US\"},{\"@type\":\"Organization\",\"@id\":\"https:\\\/\\\/unatc.ro\\\/devunatc\\\/#organization\",\"name\":\"UNATC\",\"url\":\"https:\\\/\\\/unatc.ro\\\/devunatc\\\/\",\"logo\":{\"@type\":\"ImageObject\",\"inLanguage\":\"en-US\",\"@id\":\"https:\\\/\\\/unatc.ro\\\/devunatc\\\/#\\\/schema\\\/logo\\\/image\\\/\",\"url\":\"https:\\\/\\\/unatc.ro\\\/devunatc\\\/wp-content\\\/uploads\\\/2025\\\/07\\\/unatc_logo.png\",\"contentUrl\":\"https:\\\/\\\/unatc.ro\\\/devunatc\\\/wp-content\\\/uploads\\\/2025\\\/07\\\/unatc_logo.png\",\"width\":480,\"height\":469,\"caption\":\"UNATC\"},\"image\":{\"@id\":\"https:\\\/\\\/unatc.ro\\\/devunatc\\\/#\\\/schema\\\/logo\\\/image\\\/\"},\"sameAs\":[\"https:\\\/\\\/www.facebook.com\\\/UNATC.ILC\\\/\",\"https:\\\/\\\/www.youtube.com\\\/c\\\/unatcilcaragiale\",\"https:\\\/\\\/www.instagram.com\\\/unatc_ilcaragiale\\\/?hl=en\",\"https:\\\/\\\/www.tiktok.com\\\/@unatc?lang=en\"]}]}<\/script>\n<!-- \/ Yoast SEO plugin. -->","yoast_head_json":{"title":"Cerere Audit extern c\u0103tre Agen\u021bia Na\u021bional\u0103 de egalitate de \u0219anse \u00eentre femei \u0219i b\u0103rba\u021bi\u00a0 - UNATC","robots":{"index":"index","follow":"follow","max-snippet":"max-snippet:-1","max-image-preview":"max-image-preview:large","max-video-preview":"max-video-preview:-1"},"canonical":"https:\/\/unatc.ro\/devunatc\/politici-de-conduita\/audit-extern\/","og_locale":"en_US","og_type":"article","og_title":"Cerere Audit extern c\u0103tre Agen\u021bia Na\u021bional\u0103 de egalitate de \u0219anse \u00eentre femei \u0219i b\u0103rba\u021bi\u00a0 - UNATC","og_description":"Ca prim\u0103 \u0219i, consider\u0103m simbolic cea mai important\u0103 m\u0103sur\u0103, invit\u0103m public, dar \u0219i prin cerere institu\u021bional\u0103 direct adresat\u0103, Agen\u021bia Na\u021bional\u0103...","og_url":"https:\/\/unatc.ro\/devunatc\/politici-de-conduita\/audit-extern\/","og_site_name":"UNATC","article_publisher":"https:\/\/www.facebook.com\/UNATC.ILC\/","article_modified_time":"2022-10-13T09:34:24+00:00","og_image":[{"width":2400,"height":1193,"url":"https:\/\/unatc.ro\/devunatc\/wp-content\/uploads\/2022\/10\/egalitate-de-gen.jpg","type":"image\/jpeg"}],"twitter_card":"summary_large_image","schema":{"@context":"https:\/\/schema.org","@graph":[{"@type":"WebPage","@id":"https:\/\/unatc.ro\/devunatc\/politici-de-conduita\/audit-extern\/","url":"https:\/\/unatc.ro\/devunatc\/politici-de-conduita\/audit-extern\/","name":"Cerere Audit extern c\u0103tre Agen\u021bia Na\u021bional\u0103 de egalitate de \u0219anse \u00eentre femei \u0219i b\u0103rba\u021bi\u00a0 - UNATC","isPartOf":{"@id":"https:\/\/unatc.ro\/devunatc\/#website"},"primaryImageOfPage":{"@id":"https:\/\/unatc.ro\/devunatc\/politici-de-conduita\/audit-extern\/#primaryimage"},"image":{"@id":"https:\/\/unatc.ro\/devunatc\/politici-de-conduita\/audit-extern\/#primaryimage"},"thumbnailUrl":"https:\/\/unatc.ro\/devunatc\/wp-content\/uploads\/2022\/10\/egalitate-de-gen.jpg","datePublished":"2022-10-11T11:01:12+00:00","dateModified":"2022-10-13T09:34:24+00:00","breadcrumb":{"@id":"https:\/\/unatc.ro\/devunatc\/politici-de-conduita\/audit-extern\/#breadcrumb"},"inLanguage":"en-US","potentialAction":[{"@type":"ReadAction","target":["https:\/\/unatc.ro\/devunatc\/politici-de-conduita\/audit-extern\/"]}]},{"@type":"ImageObject","inLanguage":"en-US","@id":"https:\/\/unatc.ro\/devunatc\/politici-de-conduita\/audit-extern\/#primaryimage","url":"https:\/\/unatc.ro\/devunatc\/wp-content\/uploads\/2022\/10\/egalitate-de-gen.jpg","contentUrl":"https:\/\/unatc.ro\/devunatc\/wp-content\/uploads\/2022\/10\/egalitate-de-gen.jpg","width":2400,"height":1193},{"@type":"BreadcrumbList","@id":"https:\/\/unatc.ro\/devunatc\/politici-de-conduita\/audit-extern\/#breadcrumb","itemListElement":[{"@type":"ListItem","position":1,"name":"Home","item":"https:\/\/unatc.ro\/devunatc\/"},{"@type":"ListItem","position":2,"name":"Politici de conduit\u0103","item":"https:\/\/unatc.ro\/devunatc\/politici-de-conduita\/"},{"@type":"ListItem","position":3,"name":"Cerere Audit extern c\u0103tre Agen\u021bia Na\u021bional\u0103 de egalitate de \u0219anse \u00eentre femei \u0219i b\u0103rba\u021bi\u00a0"}]},{"@type":"WebSite","@id":"https:\/\/unatc.ro\/devunatc\/#website","url":"https:\/\/unatc.ro\/devunatc\/","name":"UNATC","description":"","publisher":{"@id":"https:\/\/unatc.ro\/devunatc\/#organization"},"potentialAction":[{"@type":"SearchAction","target":{"@type":"EntryPoint","urlTemplate":"https:\/\/unatc.ro\/devunatc\/?s={search_term_string}"},"query-input":{"@type":"PropertyValueSpecification","valueRequired":true,"valueName":"search_term_string"}}],"inLanguage":"en-US"},{"@type":"Organization","@id":"https:\/\/unatc.ro\/devunatc\/#organization","name":"UNATC","url":"https:\/\/unatc.ro\/devunatc\/","logo":{"@type":"ImageObject","inLanguage":"en-US","@id":"https:\/\/unatc.ro\/devunatc\/#\/schema\/logo\/image\/","url":"https:\/\/unatc.ro\/devunatc\/wp-content\/uploads\/2025\/07\/unatc_logo.png","contentUrl":"https:\/\/unatc.ro\/devunatc\/wp-content\/uploads\/2025\/07\/unatc_logo.png","width":480,"height":469,"caption":"UNATC"},"image":{"@id":"https:\/\/unatc.ro\/devunatc\/#\/schema\/logo\/image\/"},"sameAs":["https:\/\/www.facebook.com\/UNATC.ILC\/","https:\/\/www.youtube.com\/c\/unatcilcaragiale","https:\/\/www.instagram.com\/unatc_ilcaragiale\/?hl=en","https:\/\/www.tiktok.com\/@unatc?lang=en"]}]}},"jetpack_sharing_enabled":true,"_links":{"self":[{"href":"https:\/\/unatc.ro\/devunatc\/wp-json\/wp\/v2\/pages\/9279","targetHints":{"allow":["GET"]}}],"collection":[{"href":"https:\/\/unatc.ro\/devunatc\/wp-json\/wp\/v2\/pages"}],"about":[{"href":"https:\/\/unatc.ro\/devunatc\/wp-json\/wp\/v2\/types\/page"}],"author":[{"embeddable":true,"href":"https:\/\/unatc.ro\/devunatc\/wp-json\/wp\/v2\/users\/1"}],"replies":[{"embeddable":true,"href":"https:\/\/unatc.ro\/devunatc\/wp-json\/wp\/v2\/comments?post=9279"}],"version-history":[{"count":7,"href":"https:\/\/unatc.ro\/devunatc\/wp-json\/wp\/v2\/pages\/9279\/revisions"}],"predecessor-version":[{"id":9400,"href":"https:\/\/unatc.ro\/devunatc\/wp-json\/wp\/v2\/pages\/9279\/revisions\/9400"}],"up":[{"embeddable":true,"href":"https:\/\/unatc.ro\/devunatc\/wp-json\/wp\/v2\/pages\/9117"}],"wp:featuredmedia":[{"embeddable":true,"href":"https:\/\/unatc.ro\/devunatc\/wp-json\/wp\/v2\/media\/9238"}],"wp:attachment":[{"href":"https:\/\/unatc.ro\/devunatc\/wp-json\/wp\/v2\/media?parent=9279"}],"curies":[{"name":"wp","href":"https:\/\/api.w.org\/{rel}","templated":true}]}}