{"id":9233,"date":"2022-10-10T16:39:47","date_gmt":"2022-10-10T14:39:47","guid":{"rendered":"https:\/\/unatc.ro\/devunatc\/?page_id=9233"},"modified":"2022-10-13T11:20:31","modified_gmt":"2022-10-13T09:20:31","slug":"egalitate-de-gen","status":"publish","type":"page","link":"https:\/\/unatc.ro\/devunatc\/politici-de-conduita\/egalitate-de-gen\/","title":{"rendered":"Egalitate de gen"},"content":{"rendered":"\n<p>Prin intermediul acestui document, Universitatea Na\u021bional\u0103 de Art\u0103 Teatral\u0103 \u0219i Cinematografic\u0103 I.L.Caragiale, Bucure\u0219ti prezint\u0103 Planul Egalit\u0103\u021bii de Gen (Gender Equality Plan) pentru perioada 2022-2025. Acest plan a fost structurat \u00een conformitate cu principiile unei comunit\u0103\u021bi academice care are ca deziderat o serie de valori indispensabile: accesul nediferen\u021biat la educa\u021bie universitar\u0103, promovarea respectului pentru identitatea \u0219i genul fiec\u0103rui reprezentat \u0219i fiec\u0103rei reprezentate din comunitate, combaterea oric\u0103rui comportament discriminatoriu \u0219i intolerant, precum \u0219i sus\u021binerea echilibrului de gen \u00een accesul la resurse \u0219i pozi\u021bii academice. Unul dintre obiectivele principale ale planului este \u00eencurajarea egalit\u0103\u021bii \u0219i diversit\u0103\u021bii \u00eentr-un mediu universitar sigur, care se opune oric\u0103rei forme de discriminare, dezvolt\u00e2nd astfel cadre de \u00eenv\u0103\u021bare \u0219i de progres academic echitabile. Egalitatea, diversitatea, non-discriminarea constituie premise ale unor bune practici academice \u0219i fundamenteaz\u0103 un proces de \u00eenv\u0103\u021bare \u0219i evolu\u021bie bazat pe echitate \u0219i respect reciproc.<\/p>\n\n\n\n<p>Prezentul plan \u00ee\u0219i propune s\u0103 identifice solu\u021bii optime \u00een ce prive\u0219te accesul nediscriminatoriu la educa\u021bia \u0219i cercetarea bazate pe integrarea principiilor egalit\u0103\u021bii de gen \u00een procesul de cunoa\u0219tere. Promovarea acestor principii, pe toate palierele specifice procesului educa\u021bional \u0219i celui de cercetare, are drept scop sus\u021binerea unui mediu academic deschis, centrat pe sus\u021binerea \u0219i \u00eencurajarea diversit\u0103\u021bii.<\/p>\n\n\n\n<p>Planul de Egalitate de Gen este accesibil \u00een sec\u021biunea documente \u00een partea de jos a paginii.<\/p>\n\n\n\n<p>Pentru c\u0103 apar\u021bine unui cadru mai larg de ini\u021biative, pe termen mediu, UNATC inten\u021bioneaz\u0103 <strong>s\u0103 revizuiasc\u0103 \u0219i s\u0103 publice o versiune nou\u0103<\/strong>.<\/p>\n","protected":false},"excerpt":{"rendered":"<p class=\"no-padding\">Prin intermediul acestui document, Universitatea Na\u021bional\u0103 de Art\u0103 Teatral\u0103 \u0219i Cinematografic\u0103 I.L.Caragiale, Bucure\u0219ti prezint\u0103 Planul Egalit\u0103\u021bii de Gen (Gender Equality&#8230;<\/p>\n","protected":false},"author":1,"featured_media":9238,"parent":9117,"menu_order":0,"comment_status":"closed","ping_status":"closed","template":"template-tab-group.php","meta":{"footnotes":""},"class_list":["post-9233","page","type-page","status-publish","has-post-thumbnail","hentry"],"acf":{"galerie_foto":null,"alternative_page_title":"","page_contact_email":"suport.juridic@unatc.ro"},"yoast_head":"<!-- This site is optimized with the Yoast SEO plugin v27.3 - https:\/\/yoast.com\/product\/yoast-seo-wordpress\/ -->\n<title>Egalitate de gen - UNATC<\/title>\n<meta name=\"robots\" content=\"index, follow, max-snippet:-1, max-image-preview:large, max-video-preview:-1\" \/>\n<link rel=\"canonical\" href=\"https:\/\/unatc.ro\/devunatc\/politici-de-conduita\/egalitate-de-gen\/\" \/>\n<meta property=\"og:locale\" content=\"en_US\" \/>\n<meta property=\"og:type\" content=\"article\" \/>\n<meta property=\"og:title\" content=\"Egalitate de gen - UNATC\" \/>\n<meta property=\"og:description\" content=\"Prin intermediul acestui document, Universitatea Na\u021bional\u0103 de Art\u0103 Teatral\u0103 \u0219i Cinematografic\u0103 I.L.Caragiale, Bucure\u0219ti prezint\u0103 Planul Egalit\u0103\u021bii de Gen (Gender Equality...\" \/>\n<meta property=\"og:url\" content=\"https:\/\/unatc.ro\/devunatc\/politici-de-conduita\/egalitate-de-gen\/\" \/>\n<meta property=\"og:site_name\" content=\"UNATC\" \/>\n<meta property=\"article:publisher\" content=\"https:\/\/www.facebook.com\/UNATC.ILC\/\" \/>\n<meta property=\"article:modified_time\" content=\"2022-10-13T09:20:31+00:00\" \/>\n<meta property=\"og:image\" content=\"https:\/\/unatc.ro\/devunatc\/wp-content\/uploads\/2022\/10\/egalitate-de-gen.jpg\" \/>\n\t<meta property=\"og:image:width\" content=\"2400\" \/>\n\t<meta property=\"og:image:height\" content=\"1193\" \/>\n\t<meta property=\"og:image:type\" content=\"image\/jpeg\" \/>\n<meta name=\"twitter:card\" content=\"summary_large_image\" \/>\n<meta name=\"twitter:label1\" content=\"Est. reading time\" \/>\n\t<meta name=\"twitter:data1\" content=\"1 minute\" \/>\n<script type=\"application\/ld+json\" class=\"yoast-schema-graph\">{\"@context\":\"https:\\\/\\\/schema.org\",\"@graph\":[{\"@type\":\"WebPage\",\"@id\":\"https:\\\/\\\/unatc.ro\\\/devunatc\\\/politici-de-conduita\\\/egalitate-de-gen\\\/\",\"url\":\"https:\\\/\\\/unatc.ro\\\/devunatc\\\/politici-de-conduita\\\/egalitate-de-gen\\\/\",\"name\":\"Egalitate de gen - UNATC\",\"isPartOf\":{\"@id\":\"https:\\\/\\\/unatc.ro\\\/devunatc\\\/#website\"},\"primaryImageOfPage\":{\"@id\":\"https:\\\/\\\/unatc.ro\\\/devunatc\\\/politici-de-conduita\\\/egalitate-de-gen\\\/#primaryimage\"},\"image\":{\"@id\":\"https:\\\/\\\/unatc.ro\\\/devunatc\\\/politici-de-conduita\\\/egalitate-de-gen\\\/#primaryimage\"},\"thumbnailUrl\":\"https:\\\/\\\/unatc.ro\\\/devunatc\\\/wp-content\\\/uploads\\\/2022\\\/10\\\/egalitate-de-gen.jpg\",\"datePublished\":\"2022-10-10T14:39:47+00:00\",\"dateModified\":\"2022-10-13T09:20:31+00:00\",\"breadcrumb\":{\"@id\":\"https:\\\/\\\/unatc.ro\\\/devunatc\\\/politici-de-conduita\\\/egalitate-de-gen\\\/#breadcrumb\"},\"inLanguage\":\"en-US\",\"potentialAction\":[{\"@type\":\"ReadAction\",\"target\":[\"https:\\\/\\\/unatc.ro\\\/devunatc\\\/politici-de-conduita\\\/egalitate-de-gen\\\/\"]}]},{\"@type\":\"ImageObject\",\"inLanguage\":\"en-US\",\"@id\":\"https:\\\/\\\/unatc.ro\\\/devunatc\\\/politici-de-conduita\\\/egalitate-de-gen\\\/#primaryimage\",\"url\":\"https:\\\/\\\/unatc.ro\\\/devunatc\\\/wp-content\\\/uploads\\\/2022\\\/10\\\/egalitate-de-gen.jpg\",\"contentUrl\":\"https:\\\/\\\/unatc.ro\\\/devunatc\\\/wp-content\\\/uploads\\\/2022\\\/10\\\/egalitate-de-gen.jpg\",\"width\":2400,\"height\":1193},{\"@type\":\"BreadcrumbList\",\"@id\":\"https:\\\/\\\/unatc.ro\\\/devunatc\\\/politici-de-conduita\\\/egalitate-de-gen\\\/#breadcrumb\",\"itemListElement\":[{\"@type\":\"ListItem\",\"position\":1,\"name\":\"Home\",\"item\":\"https:\\\/\\\/unatc.ro\\\/devunatc\\\/\"},{\"@type\":\"ListItem\",\"position\":2,\"name\":\"Politici de conduit\u0103\",\"item\":\"https:\\\/\\\/unatc.ro\\\/devunatc\\\/politici-de-conduita\\\/\"},{\"@type\":\"ListItem\",\"position\":3,\"name\":\"Egalitate de gen\"}]},{\"@type\":\"WebSite\",\"@id\":\"https:\\\/\\\/unatc.ro\\\/devunatc\\\/#website\",\"url\":\"https:\\\/\\\/unatc.ro\\\/devunatc\\\/\",\"name\":\"UNATC\",\"description\":\"\",\"publisher\":{\"@id\":\"https:\\\/\\\/unatc.ro\\\/devunatc\\\/#organization\"},\"potentialAction\":[{\"@type\":\"SearchAction\",\"target\":{\"@type\":\"EntryPoint\",\"urlTemplate\":\"https:\\\/\\\/unatc.ro\\\/devunatc\\\/?s={search_term_string}\"},\"query-input\":{\"@type\":\"PropertyValueSpecification\",\"valueRequired\":true,\"valueName\":\"search_term_string\"}}],\"inLanguage\":\"en-US\"},{\"@type\":\"Organization\",\"@id\":\"https:\\\/\\\/unatc.ro\\\/devunatc\\\/#organization\",\"name\":\"UNATC\",\"url\":\"https:\\\/\\\/unatc.ro\\\/devunatc\\\/\",\"logo\":{\"@type\":\"ImageObject\",\"inLanguage\":\"en-US\",\"@id\":\"https:\\\/\\\/unatc.ro\\\/devunatc\\\/#\\\/schema\\\/logo\\\/image\\\/\",\"url\":\"https:\\\/\\\/unatc.ro\\\/devunatc\\\/wp-content\\\/uploads\\\/2025\\\/07\\\/unatc_logo.png\",\"contentUrl\":\"https:\\\/\\\/unatc.ro\\\/devunatc\\\/wp-content\\\/uploads\\\/2025\\\/07\\\/unatc_logo.png\",\"width\":480,\"height\":469,\"caption\":\"UNATC\"},\"image\":{\"@id\":\"https:\\\/\\\/unatc.ro\\\/devunatc\\\/#\\\/schema\\\/logo\\\/image\\\/\"},\"sameAs\":[\"https:\\\/\\\/www.facebook.com\\\/UNATC.ILC\\\/\",\"https:\\\/\\\/www.youtube.com\\\/c\\\/unatcilcaragiale\",\"https:\\\/\\\/www.instagram.com\\\/unatc_ilcaragiale\\\/?hl=en\",\"https:\\\/\\\/www.tiktok.com\\\/@unatc?lang=en\"]}]}<\/script>\n<!-- \/ Yoast SEO plugin. -->","yoast_head_json":{"title":"Egalitate de gen - UNATC","robots":{"index":"index","follow":"follow","max-snippet":"max-snippet:-1","max-image-preview":"max-image-preview:large","max-video-preview":"max-video-preview:-1"},"canonical":"https:\/\/unatc.ro\/devunatc\/politici-de-conduita\/egalitate-de-gen\/","og_locale":"en_US","og_type":"article","og_title":"Egalitate de gen - UNATC","og_description":"Prin intermediul acestui document, Universitatea Na\u021bional\u0103 de Art\u0103 Teatral\u0103 \u0219i Cinematografic\u0103 I.L.Caragiale, Bucure\u0219ti prezint\u0103 Planul Egalit\u0103\u021bii de Gen (Gender Equality...","og_url":"https:\/\/unatc.ro\/devunatc\/politici-de-conduita\/egalitate-de-gen\/","og_site_name":"UNATC","article_publisher":"https:\/\/www.facebook.com\/UNATC.ILC\/","article_modified_time":"2022-10-13T09:20:31+00:00","og_image":[{"width":2400,"height":1193,"url":"https:\/\/unatc.ro\/devunatc\/wp-content\/uploads\/2022\/10\/egalitate-de-gen.jpg","type":"image\/jpeg"}],"twitter_card":"summary_large_image","twitter_misc":{"Est. reading time":"1 minute"},"schema":{"@context":"https:\/\/schema.org","@graph":[{"@type":"WebPage","@id":"https:\/\/unatc.ro\/devunatc\/politici-de-conduita\/egalitate-de-gen\/","url":"https:\/\/unatc.ro\/devunatc\/politici-de-conduita\/egalitate-de-gen\/","name":"Egalitate de gen - UNATC","isPartOf":{"@id":"https:\/\/unatc.ro\/devunatc\/#website"},"primaryImageOfPage":{"@id":"https:\/\/unatc.ro\/devunatc\/politici-de-conduita\/egalitate-de-gen\/#primaryimage"},"image":{"@id":"https:\/\/unatc.ro\/devunatc\/politici-de-conduita\/egalitate-de-gen\/#primaryimage"},"thumbnailUrl":"https:\/\/unatc.ro\/devunatc\/wp-content\/uploads\/2022\/10\/egalitate-de-gen.jpg","datePublished":"2022-10-10T14:39:47+00:00","dateModified":"2022-10-13T09:20:31+00:00","breadcrumb":{"@id":"https:\/\/unatc.ro\/devunatc\/politici-de-conduita\/egalitate-de-gen\/#breadcrumb"},"inLanguage":"en-US","potentialAction":[{"@type":"ReadAction","target":["https:\/\/unatc.ro\/devunatc\/politici-de-conduita\/egalitate-de-gen\/"]}]},{"@type":"ImageObject","inLanguage":"en-US","@id":"https:\/\/unatc.ro\/devunatc\/politici-de-conduita\/egalitate-de-gen\/#primaryimage","url":"https:\/\/unatc.ro\/devunatc\/wp-content\/uploads\/2022\/10\/egalitate-de-gen.jpg","contentUrl":"https:\/\/unatc.ro\/devunatc\/wp-content\/uploads\/2022\/10\/egalitate-de-gen.jpg","width":2400,"height":1193},{"@type":"BreadcrumbList","@id":"https:\/\/unatc.ro\/devunatc\/politici-de-conduita\/egalitate-de-gen\/#breadcrumb","itemListElement":[{"@type":"ListItem","position":1,"name":"Home","item":"https:\/\/unatc.ro\/devunatc\/"},{"@type":"ListItem","position":2,"name":"Politici de conduit\u0103","item":"https:\/\/unatc.ro\/devunatc\/politici-de-conduita\/"},{"@type":"ListItem","position":3,"name":"Egalitate de gen"}]},{"@type":"WebSite","@id":"https:\/\/unatc.ro\/devunatc\/#website","url":"https:\/\/unatc.ro\/devunatc\/","name":"UNATC","description":"","publisher":{"@id":"https:\/\/unatc.ro\/devunatc\/#organization"},"potentialAction":[{"@type":"SearchAction","target":{"@type":"EntryPoint","urlTemplate":"https:\/\/unatc.ro\/devunatc\/?s={search_term_string}"},"query-input":{"@type":"PropertyValueSpecification","valueRequired":true,"valueName":"search_term_string"}}],"inLanguage":"en-US"},{"@type":"Organization","@id":"https:\/\/unatc.ro\/devunatc\/#organization","name":"UNATC","url":"https:\/\/unatc.ro\/devunatc\/","logo":{"@type":"ImageObject","inLanguage":"en-US","@id":"https:\/\/unatc.ro\/devunatc\/#\/schema\/logo\/image\/","url":"https:\/\/unatc.ro\/devunatc\/wp-content\/uploads\/2025\/07\/unatc_logo.png","contentUrl":"https:\/\/unatc.ro\/devunatc\/wp-content\/uploads\/2025\/07\/unatc_logo.png","width":480,"height":469,"caption":"UNATC"},"image":{"@id":"https:\/\/unatc.ro\/devunatc\/#\/schema\/logo\/image\/"},"sameAs":["https:\/\/www.facebook.com\/UNATC.ILC\/","https:\/\/www.youtube.com\/c\/unatcilcaragiale","https:\/\/www.instagram.com\/unatc_ilcaragiale\/?hl=en","https:\/\/www.tiktok.com\/@unatc?lang=en"]}]}},"jetpack_sharing_enabled":true,"_links":{"self":[{"href":"https:\/\/unatc.ro\/devunatc\/wp-json\/wp\/v2\/pages\/9233","targetHints":{"allow":["GET"]}}],"collection":[{"href":"https:\/\/unatc.ro\/devunatc\/wp-json\/wp\/v2\/pages"}],"about":[{"href":"https:\/\/unatc.ro\/devunatc\/wp-json\/wp\/v2\/types\/page"}],"author":[{"embeddable":true,"href":"https:\/\/unatc.ro\/devunatc\/wp-json\/wp\/v2\/users\/1"}],"replies":[{"embeddable":true,"href":"https:\/\/unatc.ro\/devunatc\/wp-json\/wp\/v2\/comments?post=9233"}],"version-history":[{"count":12,"href":"https:\/\/unatc.ro\/devunatc\/wp-json\/wp\/v2\/pages\/9233\/revisions"}],"predecessor-version":[{"id":9394,"href":"https:\/\/unatc.ro\/devunatc\/wp-json\/wp\/v2\/pages\/9233\/revisions\/9394"}],"up":[{"embeddable":true,"href":"https:\/\/unatc.ro\/devunatc\/wp-json\/wp\/v2\/pages\/9117"}],"wp:featuredmedia":[{"embeddable":true,"href":"https:\/\/unatc.ro\/devunatc\/wp-json\/wp\/v2\/media\/9238"}],"wp:attachment":[{"href":"https:\/\/unatc.ro\/devunatc\/wp-json\/wp\/v2\/media?parent=9233"}],"curies":[{"name":"wp","href":"https:\/\/api.w.org\/{rel}","templated":true}]}}