{"id":9151,"date":"2022-10-08T17:10:17","date_gmt":"2022-10-08T15:10:17","guid":{"rendered":"https:\/\/unatc.ro\/devunatc\/?page_id=9151"},"modified":"2022-10-12T20:17:35","modified_gmt":"2022-10-12T18:17:35","slug":"instrumente-de-suport","status":"publish","type":"page","link":"https:\/\/unatc.ro\/devunatc\/politici-de-conduita\/instrumente-de-suport\/","title":{"rendered":"Instrumente de suport"},"content":{"rendered":"\n<h3 class=\"wp-block-heading\">SUPORT JURIDIC<\/h3>\n\n\n\n<p>Persoanele care se confrunt\u0103 cu poten\u021biale fapte de discriminare, h\u0103r\u021buire ori de \u00eenc\u0103lcare a normelor de etic\u0103 universitar\u0103 \u0219i care doresc s\u0103 ob\u021bin\u0103 informa\u021bii concrete privind procedura de sesizare a Comisiei de etic\u0103, ne pot contacta la <a href=\"mailto:suport.juridic@unatc.ro\">suport.juridic@unatc.ro<\/a>&nbsp;&nbsp;&nbsp;<br><\/p>\n\n\n\n<h3 class=\"wp-block-heading\">SUPORT PSIHO-EMO\u021aIONAL<\/h3>\n\n\n\n<p>Pentru cei care se consider\u0103 \u00eentr-o situa\u021bie de posibil abuz \u0219i consider\u0103 c\u0103 au nevoie de suport psiho-emo\u021bional, \u00eentr-un cadru confiden\u021bial \u0219i sigur, vor primi \u00eendrumarea psihologilor din cadrul UNATC. Ne po\u021bi contacta la<a href=\"mailto:suport.psihologic@unatc.ro\"> suport.psihologic@unatc.ro<\/a>. <br><\/p>\n\n\n\n<h3 class=\"wp-block-heading\">INSTRUMENTE SELF-HELP<\/h3>\n\n\n\n<p>Instrumentele self-help constituie o colec\u021bie de materiale \u0219i instrumente care te vor ajuta sa te informezi singur \u0219i s\u0103 g\u0103se\u0219ti r\u0103spunsuri la \u00eentreb\u0103rile tale cu privire la \u201cabuz\u201d, \u201ch\u0103r\u021buire\u201d, \u201cviolen\u021ba psihologic\u0103\u201d. Informa\u021biile sunt selectate de juri\u0219ti, psihologi, medici, ONG-uri.<\/p>\n\n\n\n<div style=\"height:100px\" aria-hidden=\"true\" class=\"wp-block-spacer\"><\/div>\n\n\n\n\n\n<figure class=\"wp-block-table is-style-regular\"><table><tbody><tr><td>BELLANIMA.ro<\/td><td>Articol<\/td><td>H\u0103r\u021buire psihologic\u0103: dinamic\u0103, tipuri, efecte<\/td><td>link extern:<\/td><td><a href=\"https:\/\/www.bellanima.ro\/articole\/hartuire-psihologica-dinamica-tipuri-efecte\/\" data-type=\"URL\" data-id=\"https:\/\/www.bellanima.ro\/articole\/hartuire-psihologica-dinamica-tipuri-efecte\/\" target=\"_blank\" rel=\"noreferrer noopener\">www.bellanima.ro<\/a><\/td><\/tr><tr><td>DEPREHUB.RO<\/td><td>Articol<\/td><td>Cum s\u0103 recuno\u0219ti abuzul emo\u021bional<\/td><td>link extern:<\/td><td><a href=\"https:\/\/adolescenti.deprehub.ro\/2021\/01\/19\/cum-sa-recunosti-abuzul-emotional\/\" data-type=\"URL\" data-id=\"https:\/\/adolescenti.deprehub.ro\/2021\/01\/19\/cum-sa-recunosti-abuzul-emotional\/\" target=\"_blank\" rel=\"noreferrer noopener\">www.deprehub.ro<\/a><\/td><\/tr><tr><td>INSTAREDEBINE.RO<\/td><td>Material informativ<\/td><td>Prevenirea \u0219i combaterea h\u0103r\u021buirii sexuale \u00een universit\u0103\u021bi<\/td><td>surs\u0103:<\/td><td><a href=\"https:\/\/unatc.ro\/devunatc\/wp-content\/uploads\/2022\/10\/Material-informativ-HSU-FINAL.pdf\" data-type=\"URL\" data-id=\"https:\/\/unatc.ro\/devunatc\/wp-content\/uploads\/2022\/10\/Material-informativ-HSU-FINAL.pdf\" target=\"_blank\" rel=\"noreferrer noopener\">www.instaredebine.ro<\/a><\/td><\/tr><tr><td>UN WOMEN EUROPE <br><\/td><td>Material informativ<\/td><td>Hotarul de netrecut \u00eentre flirt \u0219i h\u0103r\u021buire sexual\u0103<\/td><td>link extern:<\/td><td><a href=\"https:\/\/www.youtube.com\/watch?v=h0fGo03AbuQ\" data-type=\"URL\" data-id=\"https:\/\/www.youtube.com\/watch?v=h0fGo03AbuQ\" target=\"_blank\" rel=\"noreferrer noopener\">www.youtube.com<\/a><\/td><\/tr><tr><td>DEPREHUB.RO<\/td><td>Articol<\/td><td>Despre curajul de a fi tu \u00eensu\u021bi<\/td><td>link extern:<\/td><td><a href=\"https:\/\/adolescenti.deprehub.ro\/2021\/01\/17\/despre-curajul-de-a-fi-tu-insuti\/\" data-type=\"URL\" data-id=\"https:\/\/adolescenti.deprehub.ro\/2021\/01\/17\/despre-curajul-de-a-fi-tu-insuti\/\" target=\"_blank\" rel=\"noreferrer noopener\">www.deprehub.ro<\/a><\/td><\/tr><tr><td>DEPREHUB.RO<\/td><td>Articol<\/td><td>Abuzul fizic nu este o form\u0103 de educare. Abuzul sexual poate include sau nu contact.<\/td><td>link extern:<\/td><td><a href=\"https:\/\/adolescenti.deprehub.ro\/2021\/01\/19\/abuzul-fizic-nu-este-o-forma-de-educare-abuzul-sexual-poate-include-sau-nu-contact\/\" data-type=\"URL\" data-id=\"https:\/\/adolescenti.deprehub.ro\/2021\/01\/19\/abuzul-fizic-nu-este-o-forma-de-educare-abuzul-sexual-poate-include-sau-nu-contact\/\" target=\"_blank\" rel=\"noreferrer noopener\">www.deprehub.ro<\/a><\/td><\/tr><tr><td>DEPREHUB.RO<\/td><td>Material informativ<\/td><td>Ep.1 Bullying-ul<\/td><td>link extern:<\/td><td><a href=\"https:\/\/www.youtube.com\/watch?v=pWB86cZjrrU&amp;list=PL502zCnDhLYpUqn6CZz60VUQQIGeiC4zA\" data-type=\"URL\" data-id=\"https:\/\/www.youtube.com\/watch?v=pWB86cZjrrU&amp;list=PL502zCnDhLYpUqn6CZz60VUQQIGeiC4zA\" target=\"_blank\" rel=\"noreferrer noopener\">www.youtube.com<\/a><\/td><\/tr><tr><td>DEPREHUB.RO<\/td><td>Material informativ<\/td><td>Ep.2 Ce rol alegi s\u0103 joci \u00een triunghiul dramatic (persecutor-victima-salvator)??<\/td><td>link extern:<\/td><td><a href=\"https:\/\/www.youtube.com\/watch?v=5qOJg_2SHDc&amp;list=PL502zCnDhLYpUqn6CZz60VUQQIGeiC4zA\" data-type=\"URL\" data-id=\"https:\/\/www.youtube.com\/watch?v=5qOJg_2SHDc&amp;list=PL502zCnDhLYpUqn6CZz60VUQQIGeiC4zA\" target=\"_blank\" rel=\"noreferrer noopener\">www.youtube.com<\/a><\/td><\/tr><tr><td>DEPREHUB.RO<\/td><td>Material informativ<\/td><td>Ep.3. Cum transformi h\u0103r\u021buirea \u00eentr-un beneficiu<br><\/td><td>link extern:<\/td><td><a href=\"https:\/\/youtu.be\/48DgPMQVkH4?list=PL502zCnDhLYpUqn6CZz60VUQQIGeiC4zA\" data-type=\"URL\" data-id=\"https:\/\/youtu.be\/48DgPMQVkH4?list=PL502zCnDhLYpUqn6CZz60VUQQIGeiC4zA\" target=\"_blank\" rel=\"noreferrer noopener\">www.youtube.com<\/a><\/td><\/tr><\/tbody><\/table><\/figure>\n\n\n\n<p><\/p>\n","protected":false},"excerpt":{"rendered":"<p class=\"no-padding\">SUPORT JURIDIC Persoanele care se confrunt\u0103 cu poten\u021biale fapte de discriminare, h\u0103r\u021buire ori de \u00eenc\u0103lcare a normelor de etic\u0103 universitar\u0103&#8230;<\/p>\n","protected":false},"author":1,"featured_media":9145,"parent":9117,"menu_order":0,"comment_status":"closed","ping_status":"closed","template":"template-tab-group.php","meta":{"footnotes":""},"class_list":["post-9151","page","type-page","status-publish","has-post-thumbnail","hentry"],"acf":{"galerie_foto":null,"alternative_page_title":"","page_contact_email":"suport.juridic@unatc.ro"},"yoast_head":"<!-- This site is optimized with the Yoast SEO plugin v27.3 - https:\/\/yoast.com\/product\/yoast-seo-wordpress\/ -->\n<title>Instrumente de suport - UNATC<\/title>\n<meta name=\"robots\" content=\"index, follow, max-snippet:-1, max-image-preview:large, max-video-preview:-1\" \/>\n<link rel=\"canonical\" href=\"https:\/\/unatc.ro\/devunatc\/politici-de-conduita\/instrumente-de-suport\/\" \/>\n<meta property=\"og:locale\" content=\"en_US\" \/>\n<meta property=\"og:type\" content=\"article\" \/>\n<meta property=\"og:title\" content=\"Instrumente de suport - UNATC\" \/>\n<meta property=\"og:description\" content=\"SUPORT JURIDIC Persoanele care se confrunt\u0103 cu poten\u021biale fapte de discriminare, h\u0103r\u021buire ori de \u00eenc\u0103lcare a normelor de etic\u0103 universitar\u0103...\" \/>\n<meta property=\"og:url\" content=\"https:\/\/unatc.ro\/devunatc\/politici-de-conduita\/instrumente-de-suport\/\" \/>\n<meta property=\"og:site_name\" content=\"UNATC\" \/>\n<meta property=\"article:publisher\" content=\"https:\/\/www.facebook.com\/UNATC.ILC\/\" \/>\n<meta property=\"article:modified_time\" content=\"2022-10-12T18:17:35+00:00\" \/>\n<meta property=\"og:image\" content=\"https:\/\/unatc.ro\/devunatc\/wp-content\/uploads\/2022\/10\/grafica_default_unatc_site-1.jpg\" \/>\n\t<meta property=\"og:image:width\" content=\"2400\" \/>\n\t<meta property=\"og:image:height\" content=\"1193\" \/>\n\t<meta property=\"og:image:type\" content=\"image\/jpeg\" \/>\n<meta name=\"twitter:card\" content=\"summary_large_image\" \/>\n<meta name=\"twitter:label1\" content=\"Est. reading time\" \/>\n\t<meta name=\"twitter:data1\" content=\"1 minute\" \/>\n<script type=\"application\/ld+json\" class=\"yoast-schema-graph\">{\"@context\":\"https:\\\/\\\/schema.org\",\"@graph\":[{\"@type\":\"WebPage\",\"@id\":\"https:\\\/\\\/unatc.ro\\\/devunatc\\\/politici-de-conduita\\\/instrumente-de-suport\\\/\",\"url\":\"https:\\\/\\\/unatc.ro\\\/devunatc\\\/politici-de-conduita\\\/instrumente-de-suport\\\/\",\"name\":\"Instrumente de suport - UNATC\",\"isPartOf\":{\"@id\":\"https:\\\/\\\/unatc.ro\\\/devunatc\\\/#website\"},\"primaryImageOfPage\":{\"@id\":\"https:\\\/\\\/unatc.ro\\\/devunatc\\\/politici-de-conduita\\\/instrumente-de-suport\\\/#primaryimage\"},\"image\":{\"@id\":\"https:\\\/\\\/unatc.ro\\\/devunatc\\\/politici-de-conduita\\\/instrumente-de-suport\\\/#primaryimage\"},\"thumbnailUrl\":\"https:\\\/\\\/unatc.ro\\\/devunatc\\\/wp-content\\\/uploads\\\/2022\\\/10\\\/grafica_default_unatc_site-1.jpg\",\"datePublished\":\"2022-10-08T15:10:17+00:00\",\"dateModified\":\"2022-10-12T18:17:35+00:00\",\"breadcrumb\":{\"@id\":\"https:\\\/\\\/unatc.ro\\\/devunatc\\\/politici-de-conduita\\\/instrumente-de-suport\\\/#breadcrumb\"},\"inLanguage\":\"en-US\",\"potentialAction\":[{\"@type\":\"ReadAction\",\"target\":[\"https:\\\/\\\/unatc.ro\\\/devunatc\\\/politici-de-conduita\\\/instrumente-de-suport\\\/\"]}]},{\"@type\":\"ImageObject\",\"inLanguage\":\"en-US\",\"@id\":\"https:\\\/\\\/unatc.ro\\\/devunatc\\\/politici-de-conduita\\\/instrumente-de-suport\\\/#primaryimage\",\"url\":\"https:\\\/\\\/unatc.ro\\\/devunatc\\\/wp-content\\\/uploads\\\/2022\\\/10\\\/grafica_default_unatc_site-1.jpg\",\"contentUrl\":\"https:\\\/\\\/unatc.ro\\\/devunatc\\\/wp-content\\\/uploads\\\/2022\\\/10\\\/grafica_default_unatc_site-1.jpg\",\"width\":2400,\"height\":1193,\"caption\":\"UNATC\"},{\"@type\":\"BreadcrumbList\",\"@id\":\"https:\\\/\\\/unatc.ro\\\/devunatc\\\/politici-de-conduita\\\/instrumente-de-suport\\\/#breadcrumb\",\"itemListElement\":[{\"@type\":\"ListItem\",\"position\":1,\"name\":\"Home\",\"item\":\"https:\\\/\\\/unatc.ro\\\/devunatc\\\/\"},{\"@type\":\"ListItem\",\"position\":2,\"name\":\"Politici de conduit\u0103\",\"item\":\"https:\\\/\\\/unatc.ro\\\/devunatc\\\/politici-de-conduita\\\/\"},{\"@type\":\"ListItem\",\"position\":3,\"name\":\"Instrumente de suport\"}]},{\"@type\":\"WebSite\",\"@id\":\"https:\\\/\\\/unatc.ro\\\/devunatc\\\/#website\",\"url\":\"https:\\\/\\\/unatc.ro\\\/devunatc\\\/\",\"name\":\"UNATC\",\"description\":\"\",\"publisher\":{\"@id\":\"https:\\\/\\\/unatc.ro\\\/devunatc\\\/#organization\"},\"potentialAction\":[{\"@type\":\"SearchAction\",\"target\":{\"@type\":\"EntryPoint\",\"urlTemplate\":\"https:\\\/\\\/unatc.ro\\\/devunatc\\\/?s={search_term_string}\"},\"query-input\":{\"@type\":\"PropertyValueSpecification\",\"valueRequired\":true,\"valueName\":\"search_term_string\"}}],\"inLanguage\":\"en-US\"},{\"@type\":\"Organization\",\"@id\":\"https:\\\/\\\/unatc.ro\\\/devunatc\\\/#organization\",\"name\":\"UNATC\",\"url\":\"https:\\\/\\\/unatc.ro\\\/devunatc\\\/\",\"logo\":{\"@type\":\"ImageObject\",\"inLanguage\":\"en-US\",\"@id\":\"https:\\\/\\\/unatc.ro\\\/devunatc\\\/#\\\/schema\\\/logo\\\/image\\\/\",\"url\":\"https:\\\/\\\/unatc.ro\\\/devunatc\\\/wp-content\\\/uploads\\\/2025\\\/07\\\/unatc_logo.png\",\"contentUrl\":\"https:\\\/\\\/unatc.ro\\\/devunatc\\\/wp-content\\\/uploads\\\/2025\\\/07\\\/unatc_logo.png\",\"width\":480,\"height\":469,\"caption\":\"UNATC\"},\"image\":{\"@id\":\"https:\\\/\\\/unatc.ro\\\/devunatc\\\/#\\\/schema\\\/logo\\\/image\\\/\"},\"sameAs\":[\"https:\\\/\\\/www.facebook.com\\\/UNATC.ILC\\\/\",\"https:\\\/\\\/www.youtube.com\\\/c\\\/unatcilcaragiale\",\"https:\\\/\\\/www.instagram.com\\\/unatc_ilcaragiale\\\/?hl=en\",\"https:\\\/\\\/www.tiktok.com\\\/@unatc?lang=en\"]}]}<\/script>\n<!-- \/ Yoast SEO plugin. -->","yoast_head_json":{"title":"Instrumente de suport - UNATC","robots":{"index":"index","follow":"follow","max-snippet":"max-snippet:-1","max-image-preview":"max-image-preview:large","max-video-preview":"max-video-preview:-1"},"canonical":"https:\/\/unatc.ro\/devunatc\/politici-de-conduita\/instrumente-de-suport\/","og_locale":"en_US","og_type":"article","og_title":"Instrumente de suport - UNATC","og_description":"SUPORT JURIDIC Persoanele care se confrunt\u0103 cu poten\u021biale fapte de discriminare, h\u0103r\u021buire ori de \u00eenc\u0103lcare a normelor de etic\u0103 universitar\u0103...","og_url":"https:\/\/unatc.ro\/devunatc\/politici-de-conduita\/instrumente-de-suport\/","og_site_name":"UNATC","article_publisher":"https:\/\/www.facebook.com\/UNATC.ILC\/","article_modified_time":"2022-10-12T18:17:35+00:00","og_image":[{"width":2400,"height":1193,"url":"https:\/\/unatc.ro\/devunatc\/wp-content\/uploads\/2022\/10\/grafica_default_unatc_site-1.jpg","type":"image\/jpeg"}],"twitter_card":"summary_large_image","twitter_misc":{"Est. reading time":"1 minute"},"schema":{"@context":"https:\/\/schema.org","@graph":[{"@type":"WebPage","@id":"https:\/\/unatc.ro\/devunatc\/politici-de-conduita\/instrumente-de-suport\/","url":"https:\/\/unatc.ro\/devunatc\/politici-de-conduita\/instrumente-de-suport\/","name":"Instrumente de suport - UNATC","isPartOf":{"@id":"https:\/\/unatc.ro\/devunatc\/#website"},"primaryImageOfPage":{"@id":"https:\/\/unatc.ro\/devunatc\/politici-de-conduita\/instrumente-de-suport\/#primaryimage"},"image":{"@id":"https:\/\/unatc.ro\/devunatc\/politici-de-conduita\/instrumente-de-suport\/#primaryimage"},"thumbnailUrl":"https:\/\/unatc.ro\/devunatc\/wp-content\/uploads\/2022\/10\/grafica_default_unatc_site-1.jpg","datePublished":"2022-10-08T15:10:17+00:00","dateModified":"2022-10-12T18:17:35+00:00","breadcrumb":{"@id":"https:\/\/unatc.ro\/devunatc\/politici-de-conduita\/instrumente-de-suport\/#breadcrumb"},"inLanguage":"en-US","potentialAction":[{"@type":"ReadAction","target":["https:\/\/unatc.ro\/devunatc\/politici-de-conduita\/instrumente-de-suport\/"]}]},{"@type":"ImageObject","inLanguage":"en-US","@id":"https:\/\/unatc.ro\/devunatc\/politici-de-conduita\/instrumente-de-suport\/#primaryimage","url":"https:\/\/unatc.ro\/devunatc\/wp-content\/uploads\/2022\/10\/grafica_default_unatc_site-1.jpg","contentUrl":"https:\/\/unatc.ro\/devunatc\/wp-content\/uploads\/2022\/10\/grafica_default_unatc_site-1.jpg","width":2400,"height":1193,"caption":"UNATC"},{"@type":"BreadcrumbList","@id":"https:\/\/unatc.ro\/devunatc\/politici-de-conduita\/instrumente-de-suport\/#breadcrumb","itemListElement":[{"@type":"ListItem","position":1,"name":"Home","item":"https:\/\/unatc.ro\/devunatc\/"},{"@type":"ListItem","position":2,"name":"Politici de conduit\u0103","item":"https:\/\/unatc.ro\/devunatc\/politici-de-conduita\/"},{"@type":"ListItem","position":3,"name":"Instrumente de suport"}]},{"@type":"WebSite","@id":"https:\/\/unatc.ro\/devunatc\/#website","url":"https:\/\/unatc.ro\/devunatc\/","name":"UNATC","description":"","publisher":{"@id":"https:\/\/unatc.ro\/devunatc\/#organization"},"potentialAction":[{"@type":"SearchAction","target":{"@type":"EntryPoint","urlTemplate":"https:\/\/unatc.ro\/devunatc\/?s={search_term_string}"},"query-input":{"@type":"PropertyValueSpecification","valueRequired":true,"valueName":"search_term_string"}}],"inLanguage":"en-US"},{"@type":"Organization","@id":"https:\/\/unatc.ro\/devunatc\/#organization","name":"UNATC","url":"https:\/\/unatc.ro\/devunatc\/","logo":{"@type":"ImageObject","inLanguage":"en-US","@id":"https:\/\/unatc.ro\/devunatc\/#\/schema\/logo\/image\/","url":"https:\/\/unatc.ro\/devunatc\/wp-content\/uploads\/2025\/07\/unatc_logo.png","contentUrl":"https:\/\/unatc.ro\/devunatc\/wp-content\/uploads\/2025\/07\/unatc_logo.png","width":480,"height":469,"caption":"UNATC"},"image":{"@id":"https:\/\/unatc.ro\/devunatc\/#\/schema\/logo\/image\/"},"sameAs":["https:\/\/www.facebook.com\/UNATC.ILC\/","https:\/\/www.youtube.com\/c\/unatcilcaragiale","https:\/\/www.instagram.com\/unatc_ilcaragiale\/?hl=en","https:\/\/www.tiktok.com\/@unatc?lang=en"]}]}},"jetpack_sharing_enabled":true,"_links":{"self":[{"href":"https:\/\/unatc.ro\/devunatc\/wp-json\/wp\/v2\/pages\/9151","targetHints":{"allow":["GET"]}}],"collection":[{"href":"https:\/\/unatc.ro\/devunatc\/wp-json\/wp\/v2\/pages"}],"about":[{"href":"https:\/\/unatc.ro\/devunatc\/wp-json\/wp\/v2\/types\/page"}],"author":[{"embeddable":true,"href":"https:\/\/unatc.ro\/devunatc\/wp-json\/wp\/v2\/users\/1"}],"replies":[{"embeddable":true,"href":"https:\/\/unatc.ro\/devunatc\/wp-json\/wp\/v2\/comments?post=9151"}],"version-history":[{"count":39,"href":"https:\/\/unatc.ro\/devunatc\/wp-json\/wp\/v2\/pages\/9151\/revisions"}],"predecessor-version":[{"id":9378,"href":"https:\/\/unatc.ro\/devunatc\/wp-json\/wp\/v2\/pages\/9151\/revisions\/9378"}],"up":[{"embeddable":true,"href":"https:\/\/unatc.ro\/devunatc\/wp-json\/wp\/v2\/pages\/9117"}],"wp:featuredmedia":[{"embeddable":true,"href":"https:\/\/unatc.ro\/devunatc\/wp-json\/wp\/v2\/media\/9145"}],"wp:attachment":[{"href":"https:\/\/unatc.ro\/devunatc\/wp-json\/wp\/v2\/media?parent=9151"}],"curies":[{"name":"wp","href":"https:\/\/api.w.org\/{rel}","templated":true}]}}