{"id":9149,"date":"2022-10-08T17:09:15","date_gmt":"2022-10-08T15:09:15","guid":{"rendered":"https:\/\/unatc.ro\/devunatc\/?page_id=9149"},"modified":"2022-10-11T21:27:58","modified_gmt":"2022-10-11T19:27:58","slug":"actiuni","status":"publish","type":"page","link":"https:\/\/unatc.ro\/devunatc\/politici-de-conduita\/actiuni\/","title":{"rendered":"Ac\u021biuni"},"content":{"rendered":"\n<p>1. Solicitarea unui audit extern pentru evaluarea situa\u021biei actuale, din partea Agen\u021biei Na\u021bionale pentru Egalitatea de \u0218anse \u00eentre Femei \u0219i B\u0103rba\u021bi. <\/p>\n\n\n\n<p><\/p>\n\n\n\n<hr class=\"wp-block-separator has-text-color has-background is-style-default\" style=\"background-color:#f6f6f6;color:#f6f6f6\"\/>\n\n\n\n<p>2. \u00cenfiin\u021barea unei comisii de lucru, format\u0103 din 4 profesori\/profesoare, 4 studen\u021bi\/studente \u0219i 2 alumni UNATC care va organzia \u00eent\u00e2lniri \u0219i dezbateri privind egalitatea de gen \u0219i programe \u0219i proiecte artistice pe teme centrate pe Abuz \u0219i H\u0103r\u021buire <\/p>\n\n\n\n<p><\/p>\n\n\n\n<hr class=\"wp-block-separator has-text-color has-background is-style-default\" style=\"background-color:#f6f6f6;color:#f6f6f6\"\/>\n\n\n\n<p>3. Campanii de con\u0219tientizare \u0219i informare a studen\u021bilor\/studentelor, profesorilor\/profesoarelor \u0219i personalului angajat din cadrul UNATC. (invitarea unor psihologi, juri\u0219ti \u0219i ONG-uri specializate) <\/p>\n\n\n\n<ul class=\"wp-block-list\"><li>Pe data de <strong>5 octombrie<\/strong>, de la ora 18.00, \u00een Sala Atelier, a avut loc o \u00eent\u00e2lnire intern\u0103 la care au participat profesoara universitar\u0103 Ionela Ba\u0306lut\u0326a\u0306, specialist\u0103 \u00een studii de gen, al\u0103turi de profesoare, profesori \u0219i personalul administrativ din UNATC. <\/li><\/ul>\n\n\n\n<div class=\"wp-block-buttons is-layout-flex wp-block-buttons-is-layout-flex\">\n<div class=\"wp-block-button has-custom-font-size is-style-outline has-small-font-size is-style-outline--1\"><a class=\"wp-block-button__link\" href=\"https:\/\/unatc.ro\/devunatc\/campanie-de-constientizare-si-informare-a-studentilor-studentelor-profesorilor-profesoarelor-si-personalului-angajat-din-cadrul-unatc\/\" style=\"border-radius:0px\">Cite\u0219te mai mult<\/a><\/div>\n<\/div>\n\n\n\n<p><\/p>\n\n\n\n<hr class=\"wp-block-separator has-text-color has-background is-style-default\" style=\"background-color:#f6f6f6;color:#f6f6f6\"\/>\n\n\n\n<p>4. Desemnarea prin decizie de CA a dou\u0103 persoane, din cadrul UNATC, care vor avea ca atribu\u021bii asigurarea egalit\u0103\u021bii de \u0219anse \u00eentre femei \u0219i b\u0103rba\u021bi. Aceste dou\u0103 persoane vor urma cursuri de formare \u00een domeniul egalit\u0103\u021bii de gen.<\/p>\n\n\n\n<p>5. Alocarea, structurarea \u0219i dezvoltarea, pe site-ul www.unatc.ro, a unei sec\u021biuni dedicate programului \u201ePolitici de conduit\u0103\u201d.<\/p>\n\n\n\n<p>6. Campanii de informare intern\u0103 a studen\u021bilor, personalului didactic principal \u0219i auxiliar, personalului administrativ privind con\u021binutul \u0219i ac\u021biunile din cadrul Politicilor de conduit\u0103.<\/p>\n","protected":false},"excerpt":{"rendered":"<p class=\"no-padding\">1. Solicitarea unui audit extern pentru evaluarea situa\u021biei actuale, din partea Agen\u021biei Na\u021bionale pentru Egalitatea de \u0218anse \u00eentre Femei \u0219i&#8230;<\/p>\n","protected":false},"author":1,"featured_media":9145,"parent":9117,"menu_order":0,"comment_status":"closed","ping_status":"closed","template":"template-tab-group.php","meta":{"footnotes":""},"class_list":["post-9149","page","type-page","status-publish","has-post-thumbnail","hentry"],"acf":{"galerie_foto":null,"alternative_page_title":"","page_contact_email":"suport.juridic@unatc.ro"},"yoast_head":"<!-- This site is optimized with the Yoast SEO plugin v27.3 - https:\/\/yoast.com\/product\/yoast-seo-wordpress\/ -->\n<title>Ac\u021biuni - UNATC<\/title>\n<meta name=\"robots\" content=\"index, follow, max-snippet:-1, max-image-preview:large, max-video-preview:-1\" \/>\n<link rel=\"canonical\" href=\"https:\/\/unatc.ro\/devunatc\/politici-de-conduita\/actiuni\/\" \/>\n<meta property=\"og:locale\" content=\"en_US\" \/>\n<meta property=\"og:type\" content=\"article\" \/>\n<meta property=\"og:title\" content=\"Ac\u021biuni - UNATC\" \/>\n<meta property=\"og:description\" content=\"1. Solicitarea unui audit extern pentru evaluarea situa\u021biei actuale, din partea Agen\u021biei Na\u021bionale pentru Egalitatea de \u0218anse \u00eentre Femei \u0219i...\" \/>\n<meta property=\"og:url\" content=\"https:\/\/unatc.ro\/devunatc\/politici-de-conduita\/actiuni\/\" \/>\n<meta property=\"og:site_name\" content=\"UNATC\" \/>\n<meta property=\"article:publisher\" content=\"https:\/\/www.facebook.com\/UNATC.ILC\/\" \/>\n<meta property=\"article:modified_time\" content=\"2022-10-11T19:27:58+00:00\" \/>\n<meta property=\"og:image\" content=\"https:\/\/unatc.ro\/devunatc\/wp-content\/uploads\/2022\/10\/grafica_default_unatc_site-1.jpg\" \/>\n\t<meta property=\"og:image:width\" content=\"2400\" \/>\n\t<meta property=\"og:image:height\" content=\"1193\" \/>\n\t<meta property=\"og:image:type\" content=\"image\/jpeg\" \/>\n<meta name=\"twitter:card\" content=\"summary_large_image\" \/>\n<meta name=\"twitter:label1\" content=\"Est. reading time\" \/>\n\t<meta name=\"twitter:data1\" content=\"1 minute\" \/>\n<script type=\"application\/ld+json\" class=\"yoast-schema-graph\">{\"@context\":\"https:\\\/\\\/schema.org\",\"@graph\":[{\"@type\":\"WebPage\",\"@id\":\"https:\\\/\\\/unatc.ro\\\/devunatc\\\/politici-de-conduita\\\/actiuni\\\/\",\"url\":\"https:\\\/\\\/unatc.ro\\\/devunatc\\\/politici-de-conduita\\\/actiuni\\\/\",\"name\":\"Ac\u021biuni - UNATC\",\"isPartOf\":{\"@id\":\"https:\\\/\\\/unatc.ro\\\/devunatc\\\/#website\"},\"primaryImageOfPage\":{\"@id\":\"https:\\\/\\\/unatc.ro\\\/devunatc\\\/politici-de-conduita\\\/actiuni\\\/#primaryimage\"},\"image\":{\"@id\":\"https:\\\/\\\/unatc.ro\\\/devunatc\\\/politici-de-conduita\\\/actiuni\\\/#primaryimage\"},\"thumbnailUrl\":\"https:\\\/\\\/unatc.ro\\\/devunatc\\\/wp-content\\\/uploads\\\/2022\\\/10\\\/grafica_default_unatc_site-1.jpg\",\"datePublished\":\"2022-10-08T15:09:15+00:00\",\"dateModified\":\"2022-10-11T19:27:58+00:00\",\"breadcrumb\":{\"@id\":\"https:\\\/\\\/unatc.ro\\\/devunatc\\\/politici-de-conduita\\\/actiuni\\\/#breadcrumb\"},\"inLanguage\":\"en-US\",\"potentialAction\":[{\"@type\":\"ReadAction\",\"target\":[\"https:\\\/\\\/unatc.ro\\\/devunatc\\\/politici-de-conduita\\\/actiuni\\\/\"]}]},{\"@type\":\"ImageObject\",\"inLanguage\":\"en-US\",\"@id\":\"https:\\\/\\\/unatc.ro\\\/devunatc\\\/politici-de-conduita\\\/actiuni\\\/#primaryimage\",\"url\":\"https:\\\/\\\/unatc.ro\\\/devunatc\\\/wp-content\\\/uploads\\\/2022\\\/10\\\/grafica_default_unatc_site-1.jpg\",\"contentUrl\":\"https:\\\/\\\/unatc.ro\\\/devunatc\\\/wp-content\\\/uploads\\\/2022\\\/10\\\/grafica_default_unatc_site-1.jpg\",\"width\":2400,\"height\":1193,\"caption\":\"UNATC\"},{\"@type\":\"BreadcrumbList\",\"@id\":\"https:\\\/\\\/unatc.ro\\\/devunatc\\\/politici-de-conduita\\\/actiuni\\\/#breadcrumb\",\"itemListElement\":[{\"@type\":\"ListItem\",\"position\":1,\"name\":\"Home\",\"item\":\"https:\\\/\\\/unatc.ro\\\/devunatc\\\/\"},{\"@type\":\"ListItem\",\"position\":2,\"name\":\"Politici de conduit\u0103\",\"item\":\"https:\\\/\\\/unatc.ro\\\/devunatc\\\/politici-de-conduita\\\/\"},{\"@type\":\"ListItem\",\"position\":3,\"name\":\"Ac\u021biuni\"}]},{\"@type\":\"WebSite\",\"@id\":\"https:\\\/\\\/unatc.ro\\\/devunatc\\\/#website\",\"url\":\"https:\\\/\\\/unatc.ro\\\/devunatc\\\/\",\"name\":\"UNATC\",\"description\":\"\",\"publisher\":{\"@id\":\"https:\\\/\\\/unatc.ro\\\/devunatc\\\/#organization\"},\"potentialAction\":[{\"@type\":\"SearchAction\",\"target\":{\"@type\":\"EntryPoint\",\"urlTemplate\":\"https:\\\/\\\/unatc.ro\\\/devunatc\\\/?s={search_term_string}\"},\"query-input\":{\"@type\":\"PropertyValueSpecification\",\"valueRequired\":true,\"valueName\":\"search_term_string\"}}],\"inLanguage\":\"en-US\"},{\"@type\":\"Organization\",\"@id\":\"https:\\\/\\\/unatc.ro\\\/devunatc\\\/#organization\",\"name\":\"UNATC\",\"url\":\"https:\\\/\\\/unatc.ro\\\/devunatc\\\/\",\"logo\":{\"@type\":\"ImageObject\",\"inLanguage\":\"en-US\",\"@id\":\"https:\\\/\\\/unatc.ro\\\/devunatc\\\/#\\\/schema\\\/logo\\\/image\\\/\",\"url\":\"https:\\\/\\\/unatc.ro\\\/devunatc\\\/wp-content\\\/uploads\\\/2025\\\/07\\\/unatc_logo.png\",\"contentUrl\":\"https:\\\/\\\/unatc.ro\\\/devunatc\\\/wp-content\\\/uploads\\\/2025\\\/07\\\/unatc_logo.png\",\"width\":480,\"height\":469,\"caption\":\"UNATC\"},\"image\":{\"@id\":\"https:\\\/\\\/unatc.ro\\\/devunatc\\\/#\\\/schema\\\/logo\\\/image\\\/\"},\"sameAs\":[\"https:\\\/\\\/www.facebook.com\\\/UNATC.ILC\\\/\",\"https:\\\/\\\/www.youtube.com\\\/c\\\/unatcilcaragiale\",\"https:\\\/\\\/www.instagram.com\\\/unatc_ilcaragiale\\\/?hl=en\",\"https:\\\/\\\/www.tiktok.com\\\/@unatc?lang=en\"]}]}<\/script>\n<!-- \/ Yoast SEO plugin. -->","yoast_head_json":{"title":"Ac\u021biuni - UNATC","robots":{"index":"index","follow":"follow","max-snippet":"max-snippet:-1","max-image-preview":"max-image-preview:large","max-video-preview":"max-video-preview:-1"},"canonical":"https:\/\/unatc.ro\/devunatc\/politici-de-conduita\/actiuni\/","og_locale":"en_US","og_type":"article","og_title":"Ac\u021biuni - UNATC","og_description":"1. Solicitarea unui audit extern pentru evaluarea situa\u021biei actuale, din partea Agen\u021biei Na\u021bionale pentru Egalitatea de \u0218anse \u00eentre Femei \u0219i...","og_url":"https:\/\/unatc.ro\/devunatc\/politici-de-conduita\/actiuni\/","og_site_name":"UNATC","article_publisher":"https:\/\/www.facebook.com\/UNATC.ILC\/","article_modified_time":"2022-10-11T19:27:58+00:00","og_image":[{"width":2400,"height":1193,"url":"https:\/\/unatc.ro\/devunatc\/wp-content\/uploads\/2022\/10\/grafica_default_unatc_site-1.jpg","type":"image\/jpeg"}],"twitter_card":"summary_large_image","twitter_misc":{"Est. reading time":"1 minute"},"schema":{"@context":"https:\/\/schema.org","@graph":[{"@type":"WebPage","@id":"https:\/\/unatc.ro\/devunatc\/politici-de-conduita\/actiuni\/","url":"https:\/\/unatc.ro\/devunatc\/politici-de-conduita\/actiuni\/","name":"Ac\u021biuni - UNATC","isPartOf":{"@id":"https:\/\/unatc.ro\/devunatc\/#website"},"primaryImageOfPage":{"@id":"https:\/\/unatc.ro\/devunatc\/politici-de-conduita\/actiuni\/#primaryimage"},"image":{"@id":"https:\/\/unatc.ro\/devunatc\/politici-de-conduita\/actiuni\/#primaryimage"},"thumbnailUrl":"https:\/\/unatc.ro\/devunatc\/wp-content\/uploads\/2022\/10\/grafica_default_unatc_site-1.jpg","datePublished":"2022-10-08T15:09:15+00:00","dateModified":"2022-10-11T19:27:58+00:00","breadcrumb":{"@id":"https:\/\/unatc.ro\/devunatc\/politici-de-conduita\/actiuni\/#breadcrumb"},"inLanguage":"en-US","potentialAction":[{"@type":"ReadAction","target":["https:\/\/unatc.ro\/devunatc\/politici-de-conduita\/actiuni\/"]}]},{"@type":"ImageObject","inLanguage":"en-US","@id":"https:\/\/unatc.ro\/devunatc\/politici-de-conduita\/actiuni\/#primaryimage","url":"https:\/\/unatc.ro\/devunatc\/wp-content\/uploads\/2022\/10\/grafica_default_unatc_site-1.jpg","contentUrl":"https:\/\/unatc.ro\/devunatc\/wp-content\/uploads\/2022\/10\/grafica_default_unatc_site-1.jpg","width":2400,"height":1193,"caption":"UNATC"},{"@type":"BreadcrumbList","@id":"https:\/\/unatc.ro\/devunatc\/politici-de-conduita\/actiuni\/#breadcrumb","itemListElement":[{"@type":"ListItem","position":1,"name":"Home","item":"https:\/\/unatc.ro\/devunatc\/"},{"@type":"ListItem","position":2,"name":"Politici de conduit\u0103","item":"https:\/\/unatc.ro\/devunatc\/politici-de-conduita\/"},{"@type":"ListItem","position":3,"name":"Ac\u021biuni"}]},{"@type":"WebSite","@id":"https:\/\/unatc.ro\/devunatc\/#website","url":"https:\/\/unatc.ro\/devunatc\/","name":"UNATC","description":"","publisher":{"@id":"https:\/\/unatc.ro\/devunatc\/#organization"},"potentialAction":[{"@type":"SearchAction","target":{"@type":"EntryPoint","urlTemplate":"https:\/\/unatc.ro\/devunatc\/?s={search_term_string}"},"query-input":{"@type":"PropertyValueSpecification","valueRequired":true,"valueName":"search_term_string"}}],"inLanguage":"en-US"},{"@type":"Organization","@id":"https:\/\/unatc.ro\/devunatc\/#organization","name":"UNATC","url":"https:\/\/unatc.ro\/devunatc\/","logo":{"@type":"ImageObject","inLanguage":"en-US","@id":"https:\/\/unatc.ro\/devunatc\/#\/schema\/logo\/image\/","url":"https:\/\/unatc.ro\/devunatc\/wp-content\/uploads\/2025\/07\/unatc_logo.png","contentUrl":"https:\/\/unatc.ro\/devunatc\/wp-content\/uploads\/2025\/07\/unatc_logo.png","width":480,"height":469,"caption":"UNATC"},"image":{"@id":"https:\/\/unatc.ro\/devunatc\/#\/schema\/logo\/image\/"},"sameAs":["https:\/\/www.facebook.com\/UNATC.ILC\/","https:\/\/www.youtube.com\/c\/unatcilcaragiale","https:\/\/www.instagram.com\/unatc_ilcaragiale\/?hl=en","https:\/\/www.tiktok.com\/@unatc?lang=en"]}]}},"jetpack_sharing_enabled":true,"_links":{"self":[{"href":"https:\/\/unatc.ro\/devunatc\/wp-json\/wp\/v2\/pages\/9149","targetHints":{"allow":["GET"]}}],"collection":[{"href":"https:\/\/unatc.ro\/devunatc\/wp-json\/wp\/v2\/pages"}],"about":[{"href":"https:\/\/unatc.ro\/devunatc\/wp-json\/wp\/v2\/types\/page"}],"author":[{"embeddable":true,"href":"https:\/\/unatc.ro\/devunatc\/wp-json\/wp\/v2\/users\/1"}],"replies":[{"embeddable":true,"href":"https:\/\/unatc.ro\/devunatc\/wp-json\/wp\/v2\/comments?post=9149"}],"version-history":[{"count":24,"href":"https:\/\/unatc.ro\/devunatc\/wp-json\/wp\/v2\/pages\/9149\/revisions"}],"predecessor-version":[{"id":9352,"href":"https:\/\/unatc.ro\/devunatc\/wp-json\/wp\/v2\/pages\/9149\/revisions\/9352"}],"up":[{"embeddable":true,"href":"https:\/\/unatc.ro\/devunatc\/wp-json\/wp\/v2\/pages\/9117"}],"wp:featuredmedia":[{"embeddable":true,"href":"https:\/\/unatc.ro\/devunatc\/wp-json\/wp\/v2\/media\/9145"}],"wp:attachment":[{"href":"https:\/\/unatc.ro\/devunatc\/wp-json\/wp\/v2\/media?parent=9149"}],"curies":[{"name":"wp","href":"https:\/\/api.w.org\/{rel}","templated":true}]}}