{"id":9124,"date":"2022-10-08T16:40:28","date_gmt":"2022-10-08T14:40:28","guid":{"rendered":"https:\/\/unatc.ro\/devunatc\/?page_id=9124"},"modified":"2024-10-09T17:06:08","modified_gmt":"2024-10-09T15:06:08","slug":"cod-de-etica-unatc","status":"publish","type":"page","link":"https:\/\/unatc.ro\/devunatc\/politici-de-conduita\/cod-de-etica-unatc\/","title":{"rendered":"Codul de Etic\u0103 \u0219i Deontologie UNATC"},"content":{"rendered":"\n<p>Codul de etic\u0103 \u0219i deontologie profesional\u0103 al UNATC prevede normele \u015fi principiile de etic\u0103 \u015fi deontologie universitar\u0103, faptele calificate drept abateri de la normele \u0219i principiile de etic\u0103 \u0219i deontologie universitar\u0103, competen\u021bele \u0219i procedura de solu\u021bionare a sesiz\u0103rilor privind abaterile de la normele \u0219i principiile de etic\u0103 \u0219i deontologie universitar\u0103, sanc\u021biunile aplicabile persoanelor care s\u0103v\u00e2r\u0219esc astfel de abateri \u0219i organismele sau persoanele \u00eendrept\u0103\u021bite legal s\u0103 pun\u0103 \u00een executare respectivele sanc\u021biuni.<\/p>\n\n\n\n<p>Evenimentele petrecute \u00een ultima vreme au demonstrat c\u0103 unele dintre aceste norme, principii \u0219i dispozi\u021bii din codul de etic\u0103 \u0219i deontologie universitar\u0103 al UNATC necesit\u0103 o reform\u0103, \u00een special \u00een sensul detalierii no\u021biunilor de \u201eh\u0103r\u021buire\u201d, \u201eh\u0103r\u021buire sexual\u0103\u201d, \u201ediscriminare\u201d \u0219i \u201eabuz\u201d, astfel \u00eenc\u00e2t acestea s\u0103 fie simplu de \u00een\u021beles \u0219i, mai departe, de evitat, iar dac\u0103 va fi cazul, de sanc\u021bionat. Totodat\u0103, a fost necesar s\u0103 se reglementeze, dintr-o perspectiv\u0103 etic\u0103, situa\u021bia rela\u021biilor consensuale dintre un student sau o student\u0103, pe de o parte, \u0219i un profesor sau o profesoar\u0103, pe de alt\u0103 parte.<\/p>\n\n\n\n<p>\u00cen cadrul acestei reforme, un accent puternic se va pune pe oferirea de informa\u021bii exacte cu privire la defini\u021biile legale, dimensiunea \u0219i natura faptelor calificate drept \u201eh\u0103r\u021buire\u201d, \u201eh\u0103r\u021buire sexual\u0103\u201d, \u201ediscriminare\u201d \u0219i \u201eabuz\u201d, precum \u0219i pe introducerea unui num\u0103r suficient de exemple practice pentru fiecare dintre aceste no\u021biuni, pornind de la poten\u021biale situa\u021bii cu care studen\u021bii s-ar putea confrunta \u00een mediul universitar artistic.<\/p>\n\n\n\n<p>Actualul cod de etic\u0103 este rezultatul lucrului unei echipe multidisciplinare (o comisie a Senatului UNATC \u0219i exper\u021bi de prestigiu implica\u021bi \u00een acest proces) \u0219i al dezbaterilor \u00een comunitatea universitar\u0103 UNATC. Codul de etic\u0103 \u0219i deontologie profesional\u0103 a fost dezb\u0103tut \u0219i aprobat de Senatul UNATC.<\/p>\n\n\n\n<p>Regulamentul Comisiei de etic\u0103 este elaborat \u00een conformitate cu noul Cod de etic\u0103 \u0219i a fost elaborat \u00een cadrul Comisiei \u0219i aprobat de Senatul UNATC \u00eempreun\u0103 cu Codul de etic\u0103 \u0219i deontologie profesional\u0103.<\/p>\n\n\n\n<div style=\"height:100px\" aria-hidden=\"true\" class=\"wp-block-spacer\"><\/div>\n\n\n\n<div style=\"height:100px\" aria-hidden=\"true\" class=\"wp-block-spacer\"><\/div>\n\n\n\n<p><\/p>\n","protected":false},"excerpt":{"rendered":"<p class=\"no-padding\">Codul de etic\u0103 \u0219i deontologie profesional\u0103 al UNATC prevede normele \u015fi principiile de etic\u0103 \u015fi deontologie universitar\u0103, faptele calificate drept&#8230;<\/p>\n","protected":false},"author":1,"featured_media":9238,"parent":9117,"menu_order":0,"comment_status":"closed","ping_status":"closed","template":"template-tab-group.php","meta":{"footnotes":""},"class_list":["post-9124","page","type-page","status-publish","has-post-thumbnail","hentry"],"acf":{"galerie_foto":null,"alternative_page_title":"","page_contact_email":"suport.juridic@unatc.ro"},"yoast_head":"<!-- This site is optimized with the Yoast SEO plugin v27.3 - https:\/\/yoast.com\/product\/yoast-seo-wordpress\/ -->\n<title>Codul de Etic\u0103 \u0219i Deontologie UNATC - UNATC<\/title>\n<meta name=\"robots\" content=\"index, follow, max-snippet:-1, max-image-preview:large, max-video-preview:-1\" \/>\n<link rel=\"canonical\" href=\"https:\/\/unatc.ro\/devunatc\/politici-de-conduita\/cod-de-etica-unatc\/\" \/>\n<meta property=\"og:locale\" content=\"en_US\" \/>\n<meta property=\"og:type\" content=\"article\" \/>\n<meta property=\"og:title\" content=\"Codul de Etic\u0103 \u0219i Deontologie UNATC - UNATC\" \/>\n<meta property=\"og:description\" content=\"Codul de etic\u0103 \u0219i deontologie profesional\u0103 al UNATC prevede normele \u015fi principiile de etic\u0103 \u015fi deontologie universitar\u0103, faptele calificate drept...\" \/>\n<meta property=\"og:url\" content=\"https:\/\/unatc.ro\/devunatc\/politici-de-conduita\/cod-de-etica-unatc\/\" \/>\n<meta property=\"og:site_name\" content=\"UNATC\" \/>\n<meta property=\"article:publisher\" content=\"https:\/\/www.facebook.com\/UNATC.ILC\/\" \/>\n<meta property=\"article:modified_time\" content=\"2024-10-09T15:06:08+00:00\" \/>\n<meta property=\"og:image\" content=\"https:\/\/unatc.ro\/devunatc\/wp-content\/uploads\/2022\/10\/egalitate-de-gen.jpg\" \/>\n\t<meta property=\"og:image:width\" content=\"2400\" \/>\n\t<meta property=\"og:image:height\" content=\"1193\" \/>\n\t<meta property=\"og:image:type\" content=\"image\/jpeg\" \/>\n<meta name=\"twitter:card\" content=\"summary_large_image\" \/>\n<meta name=\"twitter:label1\" content=\"Est. reading time\" \/>\n\t<meta name=\"twitter:data1\" content=\"2 minutes\" \/>\n<script type=\"application\/ld+json\" class=\"yoast-schema-graph\">{\"@context\":\"https:\\\/\\\/schema.org\",\"@graph\":[{\"@type\":\"WebPage\",\"@id\":\"https:\\\/\\\/unatc.ro\\\/devunatc\\\/politici-de-conduita\\\/cod-de-etica-unatc\\\/\",\"url\":\"https:\\\/\\\/unatc.ro\\\/devunatc\\\/politici-de-conduita\\\/cod-de-etica-unatc\\\/\",\"name\":\"Codul de Etic\u0103 \u0219i Deontologie UNATC - UNATC\",\"isPartOf\":{\"@id\":\"https:\\\/\\\/unatc.ro\\\/devunatc\\\/#website\"},\"primaryImageOfPage\":{\"@id\":\"https:\\\/\\\/unatc.ro\\\/devunatc\\\/politici-de-conduita\\\/cod-de-etica-unatc\\\/#primaryimage\"},\"image\":{\"@id\":\"https:\\\/\\\/unatc.ro\\\/devunatc\\\/politici-de-conduita\\\/cod-de-etica-unatc\\\/#primaryimage\"},\"thumbnailUrl\":\"https:\\\/\\\/unatc.ro\\\/devunatc\\\/wp-content\\\/uploads\\\/2022\\\/10\\\/egalitate-de-gen.jpg\",\"datePublished\":\"2022-10-08T14:40:28+00:00\",\"dateModified\":\"2024-10-09T15:06:08+00:00\",\"breadcrumb\":{\"@id\":\"https:\\\/\\\/unatc.ro\\\/devunatc\\\/politici-de-conduita\\\/cod-de-etica-unatc\\\/#breadcrumb\"},\"inLanguage\":\"en-US\",\"potentialAction\":[{\"@type\":\"ReadAction\",\"target\":[\"https:\\\/\\\/unatc.ro\\\/devunatc\\\/politici-de-conduita\\\/cod-de-etica-unatc\\\/\"]}]},{\"@type\":\"ImageObject\",\"inLanguage\":\"en-US\",\"@id\":\"https:\\\/\\\/unatc.ro\\\/devunatc\\\/politici-de-conduita\\\/cod-de-etica-unatc\\\/#primaryimage\",\"url\":\"https:\\\/\\\/unatc.ro\\\/devunatc\\\/wp-content\\\/uploads\\\/2022\\\/10\\\/egalitate-de-gen.jpg\",\"contentUrl\":\"https:\\\/\\\/unatc.ro\\\/devunatc\\\/wp-content\\\/uploads\\\/2022\\\/10\\\/egalitate-de-gen.jpg\",\"width\":2400,\"height\":1193},{\"@type\":\"BreadcrumbList\",\"@id\":\"https:\\\/\\\/unatc.ro\\\/devunatc\\\/politici-de-conduita\\\/cod-de-etica-unatc\\\/#breadcrumb\",\"itemListElement\":[{\"@type\":\"ListItem\",\"position\":1,\"name\":\"Home\",\"item\":\"https:\\\/\\\/unatc.ro\\\/devunatc\\\/\"},{\"@type\":\"ListItem\",\"position\":2,\"name\":\"Politici de conduit\u0103\",\"item\":\"https:\\\/\\\/unatc.ro\\\/devunatc\\\/politici-de-conduita\\\/\"},{\"@type\":\"ListItem\",\"position\":3,\"name\":\"Codul de Etic\u0103 \u0219i Deontologie UNATC\"}]},{\"@type\":\"WebSite\",\"@id\":\"https:\\\/\\\/unatc.ro\\\/devunatc\\\/#website\",\"url\":\"https:\\\/\\\/unatc.ro\\\/devunatc\\\/\",\"name\":\"UNATC\",\"description\":\"\",\"publisher\":{\"@id\":\"https:\\\/\\\/unatc.ro\\\/devunatc\\\/#organization\"},\"potentialAction\":[{\"@type\":\"SearchAction\",\"target\":{\"@type\":\"EntryPoint\",\"urlTemplate\":\"https:\\\/\\\/unatc.ro\\\/devunatc\\\/?s={search_term_string}\"},\"query-input\":{\"@type\":\"PropertyValueSpecification\",\"valueRequired\":true,\"valueName\":\"search_term_string\"}}],\"inLanguage\":\"en-US\"},{\"@type\":\"Organization\",\"@id\":\"https:\\\/\\\/unatc.ro\\\/devunatc\\\/#organization\",\"name\":\"UNATC\",\"url\":\"https:\\\/\\\/unatc.ro\\\/devunatc\\\/\",\"logo\":{\"@type\":\"ImageObject\",\"inLanguage\":\"en-US\",\"@id\":\"https:\\\/\\\/unatc.ro\\\/devunatc\\\/#\\\/schema\\\/logo\\\/image\\\/\",\"url\":\"https:\\\/\\\/unatc.ro\\\/devunatc\\\/wp-content\\\/uploads\\\/2025\\\/07\\\/unatc_logo.png\",\"contentUrl\":\"https:\\\/\\\/unatc.ro\\\/devunatc\\\/wp-content\\\/uploads\\\/2025\\\/07\\\/unatc_logo.png\",\"width\":480,\"height\":469,\"caption\":\"UNATC\"},\"image\":{\"@id\":\"https:\\\/\\\/unatc.ro\\\/devunatc\\\/#\\\/schema\\\/logo\\\/image\\\/\"},\"sameAs\":[\"https:\\\/\\\/www.facebook.com\\\/UNATC.ILC\\\/\",\"https:\\\/\\\/www.youtube.com\\\/c\\\/unatcilcaragiale\",\"https:\\\/\\\/www.instagram.com\\\/unatc_ilcaragiale\\\/?hl=en\",\"https:\\\/\\\/www.tiktok.com\\\/@unatc?lang=en\"]}]}<\/script>\n<!-- \/ Yoast SEO plugin. -->","yoast_head_json":{"title":"Codul de Etic\u0103 \u0219i Deontologie UNATC - UNATC","robots":{"index":"index","follow":"follow","max-snippet":"max-snippet:-1","max-image-preview":"max-image-preview:large","max-video-preview":"max-video-preview:-1"},"canonical":"https:\/\/unatc.ro\/devunatc\/politici-de-conduita\/cod-de-etica-unatc\/","og_locale":"en_US","og_type":"article","og_title":"Codul de Etic\u0103 \u0219i Deontologie UNATC - UNATC","og_description":"Codul de etic\u0103 \u0219i deontologie profesional\u0103 al UNATC prevede normele \u015fi principiile de etic\u0103 \u015fi deontologie universitar\u0103, faptele calificate drept...","og_url":"https:\/\/unatc.ro\/devunatc\/politici-de-conduita\/cod-de-etica-unatc\/","og_site_name":"UNATC","article_publisher":"https:\/\/www.facebook.com\/UNATC.ILC\/","article_modified_time":"2024-10-09T15:06:08+00:00","og_image":[{"width":2400,"height":1193,"url":"https:\/\/unatc.ro\/devunatc\/wp-content\/uploads\/2022\/10\/egalitate-de-gen.jpg","type":"image\/jpeg"}],"twitter_card":"summary_large_image","twitter_misc":{"Est. reading time":"2 minutes"},"schema":{"@context":"https:\/\/schema.org","@graph":[{"@type":"WebPage","@id":"https:\/\/unatc.ro\/devunatc\/politici-de-conduita\/cod-de-etica-unatc\/","url":"https:\/\/unatc.ro\/devunatc\/politici-de-conduita\/cod-de-etica-unatc\/","name":"Codul de Etic\u0103 \u0219i Deontologie UNATC - UNATC","isPartOf":{"@id":"https:\/\/unatc.ro\/devunatc\/#website"},"primaryImageOfPage":{"@id":"https:\/\/unatc.ro\/devunatc\/politici-de-conduita\/cod-de-etica-unatc\/#primaryimage"},"image":{"@id":"https:\/\/unatc.ro\/devunatc\/politici-de-conduita\/cod-de-etica-unatc\/#primaryimage"},"thumbnailUrl":"https:\/\/unatc.ro\/devunatc\/wp-content\/uploads\/2022\/10\/egalitate-de-gen.jpg","datePublished":"2022-10-08T14:40:28+00:00","dateModified":"2024-10-09T15:06:08+00:00","breadcrumb":{"@id":"https:\/\/unatc.ro\/devunatc\/politici-de-conduita\/cod-de-etica-unatc\/#breadcrumb"},"inLanguage":"en-US","potentialAction":[{"@type":"ReadAction","target":["https:\/\/unatc.ro\/devunatc\/politici-de-conduita\/cod-de-etica-unatc\/"]}]},{"@type":"ImageObject","inLanguage":"en-US","@id":"https:\/\/unatc.ro\/devunatc\/politici-de-conduita\/cod-de-etica-unatc\/#primaryimage","url":"https:\/\/unatc.ro\/devunatc\/wp-content\/uploads\/2022\/10\/egalitate-de-gen.jpg","contentUrl":"https:\/\/unatc.ro\/devunatc\/wp-content\/uploads\/2022\/10\/egalitate-de-gen.jpg","width":2400,"height":1193},{"@type":"BreadcrumbList","@id":"https:\/\/unatc.ro\/devunatc\/politici-de-conduita\/cod-de-etica-unatc\/#breadcrumb","itemListElement":[{"@type":"ListItem","position":1,"name":"Home","item":"https:\/\/unatc.ro\/devunatc\/"},{"@type":"ListItem","position":2,"name":"Politici de conduit\u0103","item":"https:\/\/unatc.ro\/devunatc\/politici-de-conduita\/"},{"@type":"ListItem","position":3,"name":"Codul de Etic\u0103 \u0219i Deontologie UNATC"}]},{"@type":"WebSite","@id":"https:\/\/unatc.ro\/devunatc\/#website","url":"https:\/\/unatc.ro\/devunatc\/","name":"UNATC","description":"","publisher":{"@id":"https:\/\/unatc.ro\/devunatc\/#organization"},"potentialAction":[{"@type":"SearchAction","target":{"@type":"EntryPoint","urlTemplate":"https:\/\/unatc.ro\/devunatc\/?s={search_term_string}"},"query-input":{"@type":"PropertyValueSpecification","valueRequired":true,"valueName":"search_term_string"}}],"inLanguage":"en-US"},{"@type":"Organization","@id":"https:\/\/unatc.ro\/devunatc\/#organization","name":"UNATC","url":"https:\/\/unatc.ro\/devunatc\/","logo":{"@type":"ImageObject","inLanguage":"en-US","@id":"https:\/\/unatc.ro\/devunatc\/#\/schema\/logo\/image\/","url":"https:\/\/unatc.ro\/devunatc\/wp-content\/uploads\/2025\/07\/unatc_logo.png","contentUrl":"https:\/\/unatc.ro\/devunatc\/wp-content\/uploads\/2025\/07\/unatc_logo.png","width":480,"height":469,"caption":"UNATC"},"image":{"@id":"https:\/\/unatc.ro\/devunatc\/#\/schema\/logo\/image\/"},"sameAs":["https:\/\/www.facebook.com\/UNATC.ILC\/","https:\/\/www.youtube.com\/c\/unatcilcaragiale","https:\/\/www.instagram.com\/unatc_ilcaragiale\/?hl=en","https:\/\/www.tiktok.com\/@unatc?lang=en"]}]}},"jetpack_sharing_enabled":true,"_links":{"self":[{"href":"https:\/\/unatc.ro\/devunatc\/wp-json\/wp\/v2\/pages\/9124","targetHints":{"allow":["GET"]}}],"collection":[{"href":"https:\/\/unatc.ro\/devunatc\/wp-json\/wp\/v2\/pages"}],"about":[{"href":"https:\/\/unatc.ro\/devunatc\/wp-json\/wp\/v2\/types\/page"}],"author":[{"embeddable":true,"href":"https:\/\/unatc.ro\/devunatc\/wp-json\/wp\/v2\/users\/1"}],"replies":[{"embeddable":true,"href":"https:\/\/unatc.ro\/devunatc\/wp-json\/wp\/v2\/comments?post=9124"}],"version-history":[{"count":27,"href":"https:\/\/unatc.ro\/devunatc\/wp-json\/wp\/v2\/pages\/9124\/revisions"}],"predecessor-version":[{"id":14007,"href":"https:\/\/unatc.ro\/devunatc\/wp-json\/wp\/v2\/pages\/9124\/revisions\/14007"}],"up":[{"embeddable":true,"href":"https:\/\/unatc.ro\/devunatc\/wp-json\/wp\/v2\/pages\/9117"}],"wp:featuredmedia":[{"embeddable":true,"href":"https:\/\/unatc.ro\/devunatc\/wp-json\/wp\/v2\/media\/9238"}],"wp:attachment":[{"href":"https:\/\/unatc.ro\/devunatc\/wp-json\/wp\/v2\/media?parent=9124"}],"curies":[{"name":"wp","href":"https:\/\/api.w.org\/{rel}","templated":true}]}}