{"id":9117,"date":"2022-10-08T16:36:55","date_gmt":"2022-10-08T14:36:55","guid":{"rendered":"https:\/\/unatc.ro\/devunatc\/?page_id=9117"},"modified":"2022-10-13T08:23:36","modified_gmt":"2022-10-13T06:23:36","slug":"politici-de-conduita","status":"publish","type":"page","link":"https:\/\/unatc.ro\/devunatc\/politici-de-conduita\/","title":{"rendered":"Politici de conduit\u0103"},"content":{"rendered":"\n<p>\u00cen contextul evenimentelor recente, care chestioneaz\u0103 practicile din ultimii 30 de ani din \u00eenv\u0103\u021b\u0103m\u00e2ntul&nbsp; artistic, UNATC ini\u021biaz\u0103 programul \u201ePolitici de conduit\u0103\u201d,&nbsp; dedicat respect\u0103rii libert\u0103\u021bii individuale \u0219i egalit\u0103\u021bii de gen, \u00eentr-un context non-discriminator, normat legislativ, etic \u0219i academic.<\/p>\n\n\n\n<p>Programul este ini\u021biat pe mai multe paliere, at\u00e2t de informare \u0219i preven\u021bie, c\u00e2t \u0219i de ac\u021biune imediat\u0103. Este clar\u0103 necesitatea unei reforme, iar la acest proces trebuie s\u0103 participe cu responsabilitate toate institu\u021biile publice \u0219i private, care prin misiunea \u0219i valorile lor, promoveaz\u0103 \u0219i ap\u0103r\u0103 drepturile omului.<\/p>\n\n\n\n<p>\u201dPolitici de conduit\u0103\u201d este la \u00eenceput de drum \u0219i se anun\u021b\u0103 ca un program deschis at\u00e2t la nivel de con\u021binut, c\u00e2t \u0219i \u00een privin\u021ba atragerii de parteneri cu expertiz\u0103 \u00een domeniu.\u00a0 Este o platform\u0103 de ac\u021biuni, dar \u0219i una de dialog pentru a g\u0103si solu\u021bii pe termen lung. Este destinat\u0103 \u00een primul r\u00e2nd comunit\u0103\u021bii UNATC \u0219i artistice, studen\u021bilor, personalului didactic principal \u0219i auxiliar, personalului administrativ, alumnilor UNATC, dar invit\u0103 deschis la sprijinirea acestui demers toate comunit\u0103\u021bile interesate. Este clar c\u0103 numai printr-un efort conjugat, prin implicarea factorilor deciden\u021bi din domeniul juridic, din domeniul artistic, din domeniul educa\u021bional, putem genera un spa\u021biu al siguran\u021bei.<\/p>\n\n\n\n<p>Sec\u021biunea dedicat\u0103 online &#8211; <strong>Politici de conduit\u0103<\/strong> &#8211; va fi updatat\u0103 \u0219i dezvoltat\u0103 \u00een permanen\u021b\u0103.<\/p>\n","protected":false},"excerpt":{"rendered":"<p class=\"no-padding\">\u00cen contextul evenimentelor recente, care chestioneaz\u0103 practicile din ultimii 30 de ani din \u00eenv\u0103\u021b\u0103m\u00e2ntul&nbsp; artistic, UNATC ini\u021biaz\u0103 programul \u201ePolitici de&#8230;<\/p>\n","protected":false},"author":1,"featured_media":9238,"parent":0,"menu_order":0,"comment_status":"closed","ping_status":"closed","template":"template-tab-group.php","meta":{"footnotes":""},"class_list":["post-9117","page","type-page","status-publish","has-post-thumbnail","hentry"],"acf":{"galerie_foto":null,"alternative_page_title":"","page_contact_email":"suport.juridic@unatc.ro"},"yoast_head":"<!-- This site is optimized with the Yoast SEO plugin v27.4 - https:\/\/yoast.com\/product\/yoast-seo-wordpress\/ -->\n<title>Politici de conduit\u0103 - UNATC<\/title>\n<meta name=\"robots\" content=\"index, follow, max-snippet:-1, max-image-preview:large, max-video-preview:-1\" \/>\n<link rel=\"canonical\" href=\"https:\/\/unatc.ro\/devunatc\/politici-de-conduita\/\" \/>\n<meta property=\"og:locale\" content=\"en_US\" \/>\n<meta property=\"og:type\" content=\"article\" \/>\n<meta property=\"og:title\" content=\"Politici de conduit\u0103 - UNATC\" \/>\n<meta property=\"og:description\" content=\"\u00cen contextul evenimentelor recente, care chestioneaz\u0103 practicile din ultimii 30 de ani din \u00eenv\u0103\u021b\u0103m\u00e2ntul&nbsp; artistic, UNATC ini\u021biaz\u0103 programul \u201ePolitici de...\" \/>\n<meta property=\"og:url\" content=\"https:\/\/unatc.ro\/devunatc\/politici-de-conduita\/\" \/>\n<meta property=\"og:site_name\" content=\"UNATC\" \/>\n<meta property=\"article:publisher\" content=\"https:\/\/www.facebook.com\/UNATC.ILC\/\" \/>\n<meta property=\"article:modified_time\" content=\"2022-10-13T06:23:36+00:00\" \/>\n<meta property=\"og:image\" content=\"https:\/\/unatc.ro\/devunatc\/wp-content\/uploads\/2022\/10\/egalitate-de-gen.jpg\" \/>\n\t<meta property=\"og:image:width\" content=\"2400\" \/>\n\t<meta property=\"og:image:height\" content=\"1193\" \/>\n\t<meta property=\"og:image:type\" content=\"image\/jpeg\" \/>\n<meta name=\"twitter:card\" content=\"summary_large_image\" \/>\n<meta name=\"twitter:label1\" content=\"Est. reading time\" \/>\n\t<meta name=\"twitter:data1\" content=\"1 minute\" \/>\n<script type=\"application\/ld+json\" class=\"yoast-schema-graph\">{\"@context\":\"https:\\\/\\\/schema.org\",\"@graph\":[{\"@type\":\"WebPage\",\"@id\":\"https:\\\/\\\/unatc.ro\\\/devunatc\\\/politici-de-conduita\\\/\",\"url\":\"https:\\\/\\\/unatc.ro\\\/devunatc\\\/politici-de-conduita\\\/\",\"name\":\"Politici de conduit\u0103 - UNATC\",\"isPartOf\":{\"@id\":\"https:\\\/\\\/unatc.ro\\\/devunatc\\\/#website\"},\"primaryImageOfPage\":{\"@id\":\"https:\\\/\\\/unatc.ro\\\/devunatc\\\/politici-de-conduita\\\/#primaryimage\"},\"image\":{\"@id\":\"https:\\\/\\\/unatc.ro\\\/devunatc\\\/politici-de-conduita\\\/#primaryimage\"},\"thumbnailUrl\":\"https:\\\/\\\/unatc.ro\\\/devunatc\\\/wp-content\\\/uploads\\\/2022\\\/10\\\/egalitate-de-gen.jpg\",\"datePublished\":\"2022-10-08T14:36:55+00:00\",\"dateModified\":\"2022-10-13T06:23:36+00:00\",\"breadcrumb\":{\"@id\":\"https:\\\/\\\/unatc.ro\\\/devunatc\\\/politici-de-conduita\\\/#breadcrumb\"},\"inLanguage\":\"en-US\",\"potentialAction\":[{\"@type\":\"ReadAction\",\"target\":[\"https:\\\/\\\/unatc.ro\\\/devunatc\\\/politici-de-conduita\\\/\"]}]},{\"@type\":\"ImageObject\",\"inLanguage\":\"en-US\",\"@id\":\"https:\\\/\\\/unatc.ro\\\/devunatc\\\/politici-de-conduita\\\/#primaryimage\",\"url\":\"https:\\\/\\\/unatc.ro\\\/devunatc\\\/wp-content\\\/uploads\\\/2022\\\/10\\\/egalitate-de-gen.jpg\",\"contentUrl\":\"https:\\\/\\\/unatc.ro\\\/devunatc\\\/wp-content\\\/uploads\\\/2022\\\/10\\\/egalitate-de-gen.jpg\",\"width\":2400,\"height\":1193},{\"@type\":\"BreadcrumbList\",\"@id\":\"https:\\\/\\\/unatc.ro\\\/devunatc\\\/politici-de-conduita\\\/#breadcrumb\",\"itemListElement\":[{\"@type\":\"ListItem\",\"position\":1,\"name\":\"Home\",\"item\":\"https:\\\/\\\/unatc.ro\\\/devunatc\\\/\"},{\"@type\":\"ListItem\",\"position\":2,\"name\":\"Politici de conduit\u0103\"}]},{\"@type\":\"WebSite\",\"@id\":\"https:\\\/\\\/unatc.ro\\\/devunatc\\\/#website\",\"url\":\"https:\\\/\\\/unatc.ro\\\/devunatc\\\/\",\"name\":\"UNATC\",\"description\":\"\",\"publisher\":{\"@id\":\"https:\\\/\\\/unatc.ro\\\/devunatc\\\/#organization\"},\"potentialAction\":[{\"@type\":\"SearchAction\",\"target\":{\"@type\":\"EntryPoint\",\"urlTemplate\":\"https:\\\/\\\/unatc.ro\\\/devunatc\\\/?s={search_term_string}\"},\"query-input\":{\"@type\":\"PropertyValueSpecification\",\"valueRequired\":true,\"valueName\":\"search_term_string\"}}],\"inLanguage\":\"en-US\"},{\"@type\":\"Organization\",\"@id\":\"https:\\\/\\\/unatc.ro\\\/devunatc\\\/#organization\",\"name\":\"UNATC\",\"url\":\"https:\\\/\\\/unatc.ro\\\/devunatc\\\/\",\"logo\":{\"@type\":\"ImageObject\",\"inLanguage\":\"en-US\",\"@id\":\"https:\\\/\\\/unatc.ro\\\/devunatc\\\/#\\\/schema\\\/logo\\\/image\\\/\",\"url\":\"https:\\\/\\\/unatc.ro\\\/devunatc\\\/wp-content\\\/uploads\\\/2025\\\/07\\\/unatc_logo.png\",\"contentUrl\":\"https:\\\/\\\/unatc.ro\\\/devunatc\\\/wp-content\\\/uploads\\\/2025\\\/07\\\/unatc_logo.png\",\"width\":480,\"height\":469,\"caption\":\"UNATC\"},\"image\":{\"@id\":\"https:\\\/\\\/unatc.ro\\\/devunatc\\\/#\\\/schema\\\/logo\\\/image\\\/\"},\"sameAs\":[\"https:\\\/\\\/www.facebook.com\\\/UNATC.ILC\\\/\",\"https:\\\/\\\/www.youtube.com\\\/c\\\/unatcilcaragiale\",\"https:\\\/\\\/www.instagram.com\\\/unatc_ilcaragiale\\\/?hl=en\",\"https:\\\/\\\/www.tiktok.com\\\/@unatc?lang=en\"]}]}<\/script>\n<!-- \/ Yoast SEO plugin. -->","yoast_head_json":{"title":"Politici de conduit\u0103 - UNATC","robots":{"index":"index","follow":"follow","max-snippet":"max-snippet:-1","max-image-preview":"max-image-preview:large","max-video-preview":"max-video-preview:-1"},"canonical":"https:\/\/unatc.ro\/devunatc\/politici-de-conduita\/","og_locale":"en_US","og_type":"article","og_title":"Politici de conduit\u0103 - UNATC","og_description":"\u00cen contextul evenimentelor recente, care chestioneaz\u0103 practicile din ultimii 30 de ani din \u00eenv\u0103\u021b\u0103m\u00e2ntul&nbsp; artistic, UNATC ini\u021biaz\u0103 programul \u201ePolitici de...","og_url":"https:\/\/unatc.ro\/devunatc\/politici-de-conduita\/","og_site_name":"UNATC","article_publisher":"https:\/\/www.facebook.com\/UNATC.ILC\/","article_modified_time":"2022-10-13T06:23:36+00:00","og_image":[{"width":2400,"height":1193,"url":"https:\/\/unatc.ro\/devunatc\/wp-content\/uploads\/2022\/10\/egalitate-de-gen.jpg","type":"image\/jpeg"}],"twitter_card":"summary_large_image","twitter_misc":{"Est. reading time":"1 minute"},"schema":{"@context":"https:\/\/schema.org","@graph":[{"@type":"WebPage","@id":"https:\/\/unatc.ro\/devunatc\/politici-de-conduita\/","url":"https:\/\/unatc.ro\/devunatc\/politici-de-conduita\/","name":"Politici de conduit\u0103 - UNATC","isPartOf":{"@id":"https:\/\/unatc.ro\/devunatc\/#website"},"primaryImageOfPage":{"@id":"https:\/\/unatc.ro\/devunatc\/politici-de-conduita\/#primaryimage"},"image":{"@id":"https:\/\/unatc.ro\/devunatc\/politici-de-conduita\/#primaryimage"},"thumbnailUrl":"https:\/\/unatc.ro\/devunatc\/wp-content\/uploads\/2022\/10\/egalitate-de-gen.jpg","datePublished":"2022-10-08T14:36:55+00:00","dateModified":"2022-10-13T06:23:36+00:00","breadcrumb":{"@id":"https:\/\/unatc.ro\/devunatc\/politici-de-conduita\/#breadcrumb"},"inLanguage":"en-US","potentialAction":[{"@type":"ReadAction","target":["https:\/\/unatc.ro\/devunatc\/politici-de-conduita\/"]}]},{"@type":"ImageObject","inLanguage":"en-US","@id":"https:\/\/unatc.ro\/devunatc\/politici-de-conduita\/#primaryimage","url":"https:\/\/unatc.ro\/devunatc\/wp-content\/uploads\/2022\/10\/egalitate-de-gen.jpg","contentUrl":"https:\/\/unatc.ro\/devunatc\/wp-content\/uploads\/2022\/10\/egalitate-de-gen.jpg","width":2400,"height":1193},{"@type":"BreadcrumbList","@id":"https:\/\/unatc.ro\/devunatc\/politici-de-conduita\/#breadcrumb","itemListElement":[{"@type":"ListItem","position":1,"name":"Home","item":"https:\/\/unatc.ro\/devunatc\/"},{"@type":"ListItem","position":2,"name":"Politici de conduit\u0103"}]},{"@type":"WebSite","@id":"https:\/\/unatc.ro\/devunatc\/#website","url":"https:\/\/unatc.ro\/devunatc\/","name":"UNATC","description":"","publisher":{"@id":"https:\/\/unatc.ro\/devunatc\/#organization"},"potentialAction":[{"@type":"SearchAction","target":{"@type":"EntryPoint","urlTemplate":"https:\/\/unatc.ro\/devunatc\/?s={search_term_string}"},"query-input":{"@type":"PropertyValueSpecification","valueRequired":true,"valueName":"search_term_string"}}],"inLanguage":"en-US"},{"@type":"Organization","@id":"https:\/\/unatc.ro\/devunatc\/#organization","name":"UNATC","url":"https:\/\/unatc.ro\/devunatc\/","logo":{"@type":"ImageObject","inLanguage":"en-US","@id":"https:\/\/unatc.ro\/devunatc\/#\/schema\/logo\/image\/","url":"https:\/\/unatc.ro\/devunatc\/wp-content\/uploads\/2025\/07\/unatc_logo.png","contentUrl":"https:\/\/unatc.ro\/devunatc\/wp-content\/uploads\/2025\/07\/unatc_logo.png","width":480,"height":469,"caption":"UNATC"},"image":{"@id":"https:\/\/unatc.ro\/devunatc\/#\/schema\/logo\/image\/"},"sameAs":["https:\/\/www.facebook.com\/UNATC.ILC\/","https:\/\/www.youtube.com\/c\/unatcilcaragiale","https:\/\/www.instagram.com\/unatc_ilcaragiale\/?hl=en","https:\/\/www.tiktok.com\/@unatc?lang=en"]}]}},"jetpack_sharing_enabled":true,"_links":{"self":[{"href":"https:\/\/unatc.ro\/devunatc\/wp-json\/wp\/v2\/pages\/9117","targetHints":{"allow":["GET"]}}],"collection":[{"href":"https:\/\/unatc.ro\/devunatc\/wp-json\/wp\/v2\/pages"}],"about":[{"href":"https:\/\/unatc.ro\/devunatc\/wp-json\/wp\/v2\/types\/page"}],"author":[{"embeddable":true,"href":"https:\/\/unatc.ro\/devunatc\/wp-json\/wp\/v2\/users\/1"}],"replies":[{"embeddable":true,"href":"https:\/\/unatc.ro\/devunatc\/wp-json\/wp\/v2\/comments?post=9117"}],"version-history":[{"count":38,"href":"https:\/\/unatc.ro\/devunatc\/wp-json\/wp\/v2\/pages\/9117\/revisions"}],"predecessor-version":[{"id":9389,"href":"https:\/\/unatc.ro\/devunatc\/wp-json\/wp\/v2\/pages\/9117\/revisions\/9389"}],"wp:featuredmedia":[{"embeddable":true,"href":"https:\/\/unatc.ro\/devunatc\/wp-json\/wp\/v2\/media\/9238"}],"wp:attachment":[{"href":"https:\/\/unatc.ro\/devunatc\/wp-json\/wp\/v2\/media?parent=9117"}],"curies":[{"name":"wp","href":"https:\/\/api.w.org\/{rel}","templated":true}]}}