{"id":9051,"date":"2022-10-03T10:37:56","date_gmt":"2022-10-03T08:37:56","guid":{"rendered":"https:\/\/unatc.ro\/devunatc\/?page_id=9051"},"modified":"2026-03-23T15:17:26","modified_gmt":"2026-03-23T13:17:26","slug":"comisia-de-etica","status":"publish","type":"page","link":"https:\/\/unatc.ro\/devunatc\/despre-universitate\/comisia-de-etica\/","title":{"rendered":"Comisia de etic\u0103"},"content":{"rendered":"\n<p>Comisia de Etic\u0103 este interesat\u0103 de sus\u021binerea preocup\u0103rilor privind consolidarea unei culturi a eticii \u0219i integrit\u0103\u021bii academice. Aceasta \u00ee\u0219i desf\u0103\u0219oar\u0103 activitatea \u00een baza numirii prin decizia rectorului UNATC &#8220;I.L. Caragiale&#8221;, validat\u0103 de Consiliul de Administra\u021bie \u0219i de Senat. Ea func\u021bioneaz\u0103 \u00een baza <strong>Legii 199\/2023<\/strong>, a documentelor normative universitare (Carta, Codul de Etic\u0103, Regulamentul propriu).<\/p>\n\n\n\n<p><\/p>\n\n\n\n<div class=\"grid_container\"><div class=\"grid_item text_item\"><div class=\"content_container\"><h2><font style=\"vertical-align: inherit;\"><font style=\"vertical-align: inherit;\">Pre\u0219edinte<\/font><\/font><\/h2>\n                    <table align=\"\" style=\"\" class=\"contenttable stacktable large-only\">\n                        <thead>\n                         <tr>\n                            <th scope=\"col\">\n                                <font style=\"vertical-align: inherit;\">\n                                    <font style=\"vertical-align: inherit;\">Nume<\/font>\n                                <\/font>\n                            <\/th>\n\n                            <th scope=\"col\">\n                                <font style=\"vertical-align: inherit;\">\n                                    <font style=\"vertical-align: inherit;\">e-mail<\/font>\n                                <\/font>\n                            <\/th>\n                        <\/tr>\n                                    \n                    \n\n                                \n                    \n\n                                        <tr>\n                            <td>\n                                <font style=\"vertical-align: inherit;\">\n                                    <font style=\"vertical-align: inherit;\"><sup>lect.univ.dr.<\/sup> Dorina Pricop<\/font>                                <\/font>\n                                <font style=\"vertical-align: inherit;\">\n                                    <font style=\"vertical-align: inherit;\"> <\/font>\n                                <\/font>\n                            <\/td>\n                            <td>\n                                <font style=\"vertical-align: inherit;\">\n                                    <font style=\"vertical-align: inherit;\">dorina.pricop@unatc.ro<\/font>\n                                  \n                                <\/font>\n                            <\/td>\n                        <\/tr>\n                <\/thead><\/table><h2><font style=\"vertical-align: inherit;\"><font style=\"vertical-align: inherit;\">Vicepre\u0219edinte<\/font><\/font><\/h2>\n                    <table align=\"\" style=\"\" class=\"contenttable stacktable large-only\">\n                        <thead>\n                         <tr>\n                            <th scope=\"col\">\n                                <font style=\"vertical-align: inherit;\">\n                                    <font style=\"vertical-align: inherit;\">Nume<\/font>\n                                <\/font>\n                            <\/th>\n\n                            <th scope=\"col\">\n                                <font style=\"vertical-align: inherit;\">\n                                    <font style=\"vertical-align: inherit;\">e-mail<\/font>\n                                <\/font>\n                            <\/th>\n                        <\/tr>\n                                    \n                    \n\n                                        <tr>\n                            <td>\n                                <font style=\"vertical-align: inherit;\">\n                                    <font style=\"vertical-align: inherit;\"><sup>conf.univ.dr.<\/sup> Monica Ciut\u0103<\/font>                                <\/font>\n                                <font style=\"vertical-align: inherit;\">\n                                    <font style=\"vertical-align: inherit;\"> <\/font>\n                                <\/font>\n                            <\/td>\n                            <td>\n                                <font style=\"vertical-align: inherit;\">\n                                    <font style=\"vertical-align: inherit;\">monica.ciuta@unatc.ro<\/font>\n                                  \n                                <\/font>\n                            <\/td>\n                        <\/tr>\n                <\/thead><\/table><h2><font style=\"vertical-align: inherit;\"><font style=\"vertical-align: inherit;\">Membrii Comisiei<\/font><\/font><\/h2>\n                    <table align=\"\" style=\"\" class=\"contenttable stacktable large-only\">\n                        <thead>\n                         <tr>\n                            <th scope=\"col\">\n                                <font style=\"vertical-align: inherit;\">\n                                    <font style=\"vertical-align: inherit;\">Nume<\/font>\n                                <\/font>\n                            <\/th>\n\n                            <th scope=\"col\">\n                                <font style=\"vertical-align: inherit;\">\n                                    <font style=\"vertical-align: inherit;\">e-mail<\/font>\n                                <\/font>\n                            <\/th>\n                        <\/tr>\n                                    \n                    \n\n                                \n                    \n\n                                        <tr>\n                            <td>\n                                <font style=\"vertical-align: inherit;\">\n                                    <font style=\"vertical-align: inherit;\"><sup>lect.univ.dr.<\/sup> Maria Peici<\/font>                                <\/font>\n                                <font style=\"vertical-align: inherit;\">\n                                    <font style=\"vertical-align: inherit;\"> <\/font>\n                                <\/font>\n                            <\/td>\n                            <td>\n                                <font style=\"vertical-align: inherit;\">\n                                    <font style=\"vertical-align: inherit;\">maria.peici@unatc.ro<\/font>\n                                  \n                                <\/font>\n                            <\/td>\n                        <\/tr>\n                                \n                    \n\n                                        <tr>\n                            <td>\n                                <font style=\"vertical-align: inherit;\">\n                                    <font style=\"vertical-align: inherit;\"><sup>lect.univ.dr.<\/sup> \u0218tefan Pavel<\/font>                                <\/font>\n                                <font style=\"vertical-align: inherit;\">\n                                    <font style=\"vertical-align: inherit;\"> <\/font>\n                                <\/font>\n                            <\/td>\n                            <td>\n                                <font style=\"vertical-align: inherit;\">\n                                    <font style=\"vertical-align: inherit;\">stefan.pavel@unatc.ro<\/font>\n                                  \n                                <\/font>\n                            <\/td>\n                        <\/tr>\n                                \n                    \n\n                                        <tr>\n                            <td>\n                                <font style=\"vertical-align: inherit;\">\n                                    <font style=\"vertical-align: inherit;\"><sup>conf.univ.dr.<\/sup> Laura L\u0103z\u0103rescu-Thois<\/font>                                <\/font>\n                                <font style=\"vertical-align: inherit;\">\n                                    <font style=\"vertical-align: inherit;\"> <\/font>\n                                <\/font>\n                            <\/td>\n                            <td>\n                                <font style=\"vertical-align: inherit;\">\n                                    <font style=\"vertical-align: inherit;\">laura.lazarescu@unatc.ro<\/font>\n                                  \n                                <\/font>\n                            <\/td>\n                        <\/tr>\n                                \n                    \n\n                                        <tr>\n                            <td>\n                                <font style=\"vertical-align: inherit;\">\n                                    <font style=\"vertical-align: inherit;\"><sup>lect.univ.dr.<\/sup> Ioana Barbu<\/font>                                <\/font>\n                                <font style=\"vertical-align: inherit;\">\n                                    <font style=\"vertical-align: inherit;\"> <\/font>\n                                <\/font>\n                            <\/td>\n                            <td>\n                                <font style=\"vertical-align: inherit;\">\n                                    <font style=\"vertical-align: inherit;\">ioana.barbu@unatc.ro<\/font>\n                                  \n                                <\/font>\n                            <\/td>\n                        <\/tr>\n                \n\n                                    \n                    <tr>\n                    <td>\n                        <font style=\"vertical-align: inherit;\">\n                            <font style=\"vertical-align: inherit;\">Alexandra Ispas<\/font>                        <\/font>\n                        <font style=\"vertical-align: inherit;\">\n                            <font style=\"vertical-align: inherit;\"><\/font>\n                        <\/font>\n                    <\/td>\n                    <td>\n                        <font style=\"vertical-align: inherit;\">\n                            <font style=\"vertical-align: inherit;\">\n                            Student &#8211; anul II Regie Teatru                            <\/font>\n                        \n                        <\/font>\n                    <\/td>\n                <\/tr>\n                \n                \n                \n\n                                    \n                    <tr>\n                    <td>\n                        <font style=\"vertical-align: inherit;\">\n                            <font style=\"vertical-align: inherit;\">Anamaria Urzic\u0103<\/font>                        <\/font>\n                        <font style=\"vertical-align: inherit;\">\n                            <font style=\"vertical-align: inherit;\"><\/font>\n                        <\/font>\n                    <\/td>\n                    <td>\n                        <font style=\"vertical-align: inherit;\">\n                            <font style=\"vertical-align: inherit;\">\n                            Student &#8211; anul II CAV                            <\/font>\n                        \n                        <\/font>\n                    <\/td>\n                <\/tr>\n                \n                \n                \n\n                                    \n                    <tr>\n                    <td>\n                        <font style=\"vertical-align: inherit;\">\n                            <font style=\"vertical-align: inherit;\">Ana Sc\u0103rl\u0103tescu<\/font>                        <\/font>\n                        <font style=\"vertical-align: inherit;\">\n                            <font style=\"vertical-align: inherit;\"><\/font>\n                        <\/font>\n                    <\/td>\n                    <td>\n                        <font style=\"vertical-align: inherit;\">\n                            <font style=\"vertical-align: inherit;\">\n                            Secretar Comisie de etic\u0103                            <\/font>\n                        \n                        <\/font>\n                    <\/td>\n                <\/tr>\n                \n                \n                <\/thead><\/table><\/div><\/div><\/div>\n\n\n<p><br>Orice&nbsp;persoan\u0103 poate sesiza&nbsp;<em>Comisia<\/em>&nbsp;de&nbsp;<em>etic\u0103<\/em>&nbsp;Universitar\u0103 cu privire la \u00eenc\u0103lcarea Codului de&nbsp;<em>etic\u0103<\/em>&nbsp;\u0219i deontologie universitar\u0103 la adresa de e-mail comisia.etica@unatc.ro.<\/p>\n","protected":false},"excerpt":{"rendered":"<p class=\"no-padding\">Comisia de Etic\u0103 este interesat\u0103 de sus\u021binerea preocup\u0103rilor privind consolidarea unei culturi a eticii \u0219i integrit\u0103\u021bii academice. Aceasta \u00ee\u0219i desf\u0103\u0219oar\u0103&#8230;<\/p>\n","protected":false},"author":1,"featured_media":0,"parent":879,"menu_order":0,"comment_status":"closed","ping_status":"closed","template":"template-tab-group-color.php","meta":{"footnotes":""},"class_list":["post-9051","page","type-page","status-publish","hentry"],"acf":{"galerie_foto":null,"titlu_prezentare_departament":"Comisia de etic\u0103","text_prezentare_departament":"","alternative_page_title":"","page_contact_email":"comisia.etica@unatc.ro"},"yoast_head":"<!-- This site is optimized with the Yoast SEO plugin v27.3 - https:\/\/yoast.com\/product\/yoast-seo-wordpress\/ -->\n<title>Comisia de etic\u0103 - UNATC<\/title>\n<meta name=\"robots\" content=\"index, follow, max-snippet:-1, max-image-preview:large, max-video-preview:-1\" \/>\n<link rel=\"canonical\" href=\"https:\/\/unatc.ro\/devunatc\/despre-universitate\/comisia-de-etica\/\" \/>\n<meta property=\"og:locale\" content=\"en_US\" \/>\n<meta property=\"og:type\" content=\"article\" \/>\n<meta property=\"og:title\" content=\"Comisia de etic\u0103 - UNATC\" \/>\n<meta property=\"og:description\" content=\"Comisia de Etic\u0103 este interesat\u0103 de sus\u021binerea preocup\u0103rilor privind consolidarea unei culturi a eticii \u0219i integrit\u0103\u021bii academice. Aceasta \u00ee\u0219i desf\u0103\u0219oar\u0103...\" \/>\n<meta property=\"og:url\" content=\"https:\/\/unatc.ro\/devunatc\/despre-universitate\/comisia-de-etica\/\" \/>\n<meta property=\"og:site_name\" content=\"UNATC\" \/>\n<meta property=\"article:publisher\" content=\"https:\/\/www.facebook.com\/UNATC.ILC\/\" \/>\n<meta property=\"article:modified_time\" content=\"2026-03-23T13:17:26+00:00\" \/>\n<meta name=\"twitter:card\" content=\"summary_large_image\" \/>\n<meta name=\"twitter:label1\" content=\"Est. reading time\" \/>\n\t<meta name=\"twitter:data1\" content=\"1 minute\" \/>\n<script type=\"application\/ld+json\" class=\"yoast-schema-graph\">{\"@context\":\"https:\\\/\\\/schema.org\",\"@graph\":[{\"@type\":\"WebPage\",\"@id\":\"https:\\\/\\\/unatc.ro\\\/devunatc\\\/despre-universitate\\\/comisia-de-etica\\\/\",\"url\":\"https:\\\/\\\/unatc.ro\\\/devunatc\\\/despre-universitate\\\/comisia-de-etica\\\/\",\"name\":\"Comisia de etic\u0103 - UNATC\",\"isPartOf\":{\"@id\":\"https:\\\/\\\/unatc.ro\\\/devunatc\\\/#website\"},\"datePublished\":\"2022-10-03T08:37:56+00:00\",\"dateModified\":\"2026-03-23T13:17:26+00:00\",\"breadcrumb\":{\"@id\":\"https:\\\/\\\/unatc.ro\\\/devunatc\\\/despre-universitate\\\/comisia-de-etica\\\/#breadcrumb\"},\"inLanguage\":\"en-US\",\"potentialAction\":[{\"@type\":\"ReadAction\",\"target\":[\"https:\\\/\\\/unatc.ro\\\/devunatc\\\/despre-universitate\\\/comisia-de-etica\\\/\"]}]},{\"@type\":\"BreadcrumbList\",\"@id\":\"https:\\\/\\\/unatc.ro\\\/devunatc\\\/despre-universitate\\\/comisia-de-etica\\\/#breadcrumb\",\"itemListElement\":[{\"@type\":\"ListItem\",\"position\":1,\"name\":\"Home\",\"item\":\"https:\\\/\\\/unatc.ro\\\/devunatc\\\/\"},{\"@type\":\"ListItem\",\"position\":2,\"name\":\"Universitate\",\"item\":\"https:\\\/\\\/unatc.ro\\\/devunatc\\\/despre-universitate\\\/\"},{\"@type\":\"ListItem\",\"position\":3,\"name\":\"Comisia de etic\u0103\"}]},{\"@type\":\"WebSite\",\"@id\":\"https:\\\/\\\/unatc.ro\\\/devunatc\\\/#website\",\"url\":\"https:\\\/\\\/unatc.ro\\\/devunatc\\\/\",\"name\":\"UNATC\",\"description\":\"\",\"publisher\":{\"@id\":\"https:\\\/\\\/unatc.ro\\\/devunatc\\\/#organization\"},\"potentialAction\":[{\"@type\":\"SearchAction\",\"target\":{\"@type\":\"EntryPoint\",\"urlTemplate\":\"https:\\\/\\\/unatc.ro\\\/devunatc\\\/?s={search_term_string}\"},\"query-input\":{\"@type\":\"PropertyValueSpecification\",\"valueRequired\":true,\"valueName\":\"search_term_string\"}}],\"inLanguage\":\"en-US\"},{\"@type\":\"Organization\",\"@id\":\"https:\\\/\\\/unatc.ro\\\/devunatc\\\/#organization\",\"name\":\"UNATC\",\"url\":\"https:\\\/\\\/unatc.ro\\\/devunatc\\\/\",\"logo\":{\"@type\":\"ImageObject\",\"inLanguage\":\"en-US\",\"@id\":\"https:\\\/\\\/unatc.ro\\\/devunatc\\\/#\\\/schema\\\/logo\\\/image\\\/\",\"url\":\"https:\\\/\\\/unatc.ro\\\/devunatc\\\/wp-content\\\/uploads\\\/2025\\\/07\\\/unatc_logo.png\",\"contentUrl\":\"https:\\\/\\\/unatc.ro\\\/devunatc\\\/wp-content\\\/uploads\\\/2025\\\/07\\\/unatc_logo.png\",\"width\":480,\"height\":469,\"caption\":\"UNATC\"},\"image\":{\"@id\":\"https:\\\/\\\/unatc.ro\\\/devunatc\\\/#\\\/schema\\\/logo\\\/image\\\/\"},\"sameAs\":[\"https:\\\/\\\/www.facebook.com\\\/UNATC.ILC\\\/\",\"https:\\\/\\\/www.youtube.com\\\/c\\\/unatcilcaragiale\",\"https:\\\/\\\/www.instagram.com\\\/unatc_ilcaragiale\\\/?hl=en\",\"https:\\\/\\\/www.tiktok.com\\\/@unatc?lang=en\"]}]}<\/script>\n<!-- \/ Yoast SEO plugin. -->","yoast_head_json":{"title":"Comisia de etic\u0103 - UNATC","robots":{"index":"index","follow":"follow","max-snippet":"max-snippet:-1","max-image-preview":"max-image-preview:large","max-video-preview":"max-video-preview:-1"},"canonical":"https:\/\/unatc.ro\/devunatc\/despre-universitate\/comisia-de-etica\/","og_locale":"en_US","og_type":"article","og_title":"Comisia de etic\u0103 - UNATC","og_description":"Comisia de Etic\u0103 este interesat\u0103 de sus\u021binerea preocup\u0103rilor privind consolidarea unei culturi a eticii \u0219i integrit\u0103\u021bii academice. Aceasta \u00ee\u0219i desf\u0103\u0219oar\u0103...","og_url":"https:\/\/unatc.ro\/devunatc\/despre-universitate\/comisia-de-etica\/","og_site_name":"UNATC","article_publisher":"https:\/\/www.facebook.com\/UNATC.ILC\/","article_modified_time":"2026-03-23T13:17:26+00:00","twitter_card":"summary_large_image","twitter_misc":{"Est. reading time":"1 minute"},"schema":{"@context":"https:\/\/schema.org","@graph":[{"@type":"WebPage","@id":"https:\/\/unatc.ro\/devunatc\/despre-universitate\/comisia-de-etica\/","url":"https:\/\/unatc.ro\/devunatc\/despre-universitate\/comisia-de-etica\/","name":"Comisia de etic\u0103 - UNATC","isPartOf":{"@id":"https:\/\/unatc.ro\/devunatc\/#website"},"datePublished":"2022-10-03T08:37:56+00:00","dateModified":"2026-03-23T13:17:26+00:00","breadcrumb":{"@id":"https:\/\/unatc.ro\/devunatc\/despre-universitate\/comisia-de-etica\/#breadcrumb"},"inLanguage":"en-US","potentialAction":[{"@type":"ReadAction","target":["https:\/\/unatc.ro\/devunatc\/despre-universitate\/comisia-de-etica\/"]}]},{"@type":"BreadcrumbList","@id":"https:\/\/unatc.ro\/devunatc\/despre-universitate\/comisia-de-etica\/#breadcrumb","itemListElement":[{"@type":"ListItem","position":1,"name":"Home","item":"https:\/\/unatc.ro\/devunatc\/"},{"@type":"ListItem","position":2,"name":"Universitate","item":"https:\/\/unatc.ro\/devunatc\/despre-universitate\/"},{"@type":"ListItem","position":3,"name":"Comisia de etic\u0103"}]},{"@type":"WebSite","@id":"https:\/\/unatc.ro\/devunatc\/#website","url":"https:\/\/unatc.ro\/devunatc\/","name":"UNATC","description":"","publisher":{"@id":"https:\/\/unatc.ro\/devunatc\/#organization"},"potentialAction":[{"@type":"SearchAction","target":{"@type":"EntryPoint","urlTemplate":"https:\/\/unatc.ro\/devunatc\/?s={search_term_string}"},"query-input":{"@type":"PropertyValueSpecification","valueRequired":true,"valueName":"search_term_string"}}],"inLanguage":"en-US"},{"@type":"Organization","@id":"https:\/\/unatc.ro\/devunatc\/#organization","name":"UNATC","url":"https:\/\/unatc.ro\/devunatc\/","logo":{"@type":"ImageObject","inLanguage":"en-US","@id":"https:\/\/unatc.ro\/devunatc\/#\/schema\/logo\/image\/","url":"https:\/\/unatc.ro\/devunatc\/wp-content\/uploads\/2025\/07\/unatc_logo.png","contentUrl":"https:\/\/unatc.ro\/devunatc\/wp-content\/uploads\/2025\/07\/unatc_logo.png","width":480,"height":469,"caption":"UNATC"},"image":{"@id":"https:\/\/unatc.ro\/devunatc\/#\/schema\/logo\/image\/"},"sameAs":["https:\/\/www.facebook.com\/UNATC.ILC\/","https:\/\/www.youtube.com\/c\/unatcilcaragiale","https:\/\/www.instagram.com\/unatc_ilcaragiale\/?hl=en","https:\/\/www.tiktok.com\/@unatc?lang=en"]}]}},"jetpack_sharing_enabled":true,"_links":{"self":[{"href":"https:\/\/unatc.ro\/devunatc\/wp-json\/wp\/v2\/pages\/9051","targetHints":{"allow":["GET"]}}],"collection":[{"href":"https:\/\/unatc.ro\/devunatc\/wp-json\/wp\/v2\/pages"}],"about":[{"href":"https:\/\/unatc.ro\/devunatc\/wp-json\/wp\/v2\/types\/page"}],"author":[{"embeddable":true,"href":"https:\/\/unatc.ro\/devunatc\/wp-json\/wp\/v2\/users\/1"}],"replies":[{"embeddable":true,"href":"https:\/\/unatc.ro\/devunatc\/wp-json\/wp\/v2\/comments?post=9051"}],"version-history":[{"count":33,"href":"https:\/\/unatc.ro\/devunatc\/wp-json\/wp\/v2\/pages\/9051\/revisions"}],"predecessor-version":[{"id":16671,"href":"https:\/\/unatc.ro\/devunatc\/wp-json\/wp\/v2\/pages\/9051\/revisions\/16671"}],"up":[{"embeddable":true,"href":"https:\/\/unatc.ro\/devunatc\/wp-json\/wp\/v2\/pages\/879"}],"wp:attachment":[{"href":"https:\/\/unatc.ro\/devunatc\/wp-json\/wp\/v2\/media?parent=9051"}],"curies":[{"name":"wp","href":"https:\/\/api.w.org\/{rel}","templated":true}]}}