{"id":877,"date":"2020-10-11T17:29:54","date_gmt":"2020-10-11T15:29:54","guid":{"rendered":"https:\/\/unatc.ro\/devunatc\/?page_id=877"},"modified":"2022-10-03T10:49:20","modified_gmt":"2022-10-03T08:49:20","slug":"istoric","status":"publish","type":"page","link":"https:\/\/unatc.ro\/devunatc\/despre-universitate\/istoric\/","title":{"rendered":"Istoric"},"content":{"rendered":"\n<iframe loading=\"lazy\" width=\"560\" height=\"315\" src=\"https:\/\/www.youtube.com\/embed\/XETFqCFZL_o\" title=\"YouTube video player\" frameborder=\"0\" allow=\"accelerometer; autoplay; clipboard-write; encrypted-media; gyroscope; picture-in-picture\" allowfullscreen=\"\"><\/iframe>\n\n\n\n<p>Istoria <strong>Universit\u0103\u021bii Na\u0163ionale de Art\u0103 Teatral\u0103 \u0219i Cinematografic\u0103 \u201eI.L. Caragiale\u201d din Bucure\u0219ti (UNATC)<\/strong> \u00eencepe \u00een 1834, odat\u0103 cu \u00eenfiin\u021barea primei facult\u0103\u021bi de teatru din Rom\u00e2nia, \u00een cadrul \u0218colii Filarmonice din Bucure\u0219ti. Un alt eveniment semnificativ are loc \u00een 1948, c\u00e2nd ia na\u0219tere Facultatea de Regie, \u00een cadrul Institutului de Art\u0103 \u2013 cel care, timp de doi ani (1948\u20131950), a reunit \u00eentregul \u00eenv\u0103\u0163\u0103m\u00e2nt artistic din Bucure\u0219ti.\u00a0<br><br>Un punct important \u00een istoria Universit\u0103\u021bii \u00eel reprezint\u0103 \u00eens\u0103 \u00eenfiin\u0163area, \u00een 1950, a Institutului de Art\u0103 Cinematografic\u0103 \u0219i, separat, a Institutului de Teatru \u201eI.L. Caragiale\u201d. Patru ani mai t\u00e2rziu, cele dou\u0103 vor fuziona \u0219i vor forma Institutul de Art\u0103 Teatral\u0103 \u0219i Cinematografic\u0103 \u201eI.L. Caragiale\u201d (IATC).\u00a0<br><br>De-a lungul anilor, Institutul trece prin diverse transform\u0103ri \u0219i \u00ee\u0219i schimb\u0103 de mai multe ori denumirea. O prim\u0103 schimbare \u00een acest sens are loc \u00een 1990, c\u00e2nd IATC devine Academia de Teatru \u0219i Film (ATF), unica \u0219coal\u0103 de tradi\u0163ie de rang universitar \u00een domeniul teatrului \u0219i filmului din Rom\u00e2nia, la acea vreme. Ulterior, \u00een 1998, ATF \u00ee\u0219i schimb\u0103 numele \u00een Universitatea de Art\u0103 Teatral\u0103 \u0219i Cinematografic\u0103 \u201eI.L. Caragiale\u201d (UATC), pentru ca din 2001 aceasta s\u0103 fie cunoscut\u0103 sub denumirea actual\u0103: Universitatea Na\u0163ional\u0103 de Art\u0103 Teatral\u0103 \u0219i Cinematografic\u0103 \u201eI.L. Caragiale\u201d (UNATC).<br><br>\u00cencep\u00e2nd cu 1998, dob\u00e2ndirea statutului de universitate a determinat schimb\u0103ri profunde, produse treptat, par\u0163ial \u00eenso\u0163ite de cele impuse de aderarea la procesul Bologna \u015fi includerea \u00een spa\u0163iul unic educa\u0163ional european. \u00cen urma acestor evolu\u0163ii, UNATC func\u0163ioneaz\u0103 azi ca o universitate cu trei cicluri (<em>licen\u0163\u0103, masterat, doctorat<\/em>), cu rigorile academice specifice. Activitatea sa se plaseaz\u0103 \u00een concordan\u021b\u0103 cu noile tendin\u021be din arta teatral\u0103 \u0219i cea cinematografic\u0103 \u0219i \u00een corela\u021bie cu cerin\u021bele de pe pia\u021ba muncii, fapt care a dus la apari\u021bia unor noi departamente \u0219i specializ\u0103ri, precum \u0219i a unor programe interdisciplinare inovatoare.\u00a0Misiunea universit\u0103\u0163ii este, a\u0219adar, una profesional-formativ\u0103 \u2013 personalit\u0103\u021bile cele mai importante, nume de rezonan\u021b\u0103 interna\u021bional\u0103, din teatrul \u0219i filmul rom\u00e2nesc au fost \u0219i sunt absolven\u021bi ai acestei institu\u021bii de \u00eenv\u0103\u021b\u0103m\u00e2nt. \u00cen acela\u0219i timp, UNATC este ast\u0103zi o universitate cu misiune de cercetare artistic\u0103 \u015fi \u015ftiin\u0163ific\u0103 \u00een dou\u0103 domenii ale cunoa\u015fterii (<strong><em>Teatru \u015fi artele spectacolului<\/em>, respectiv <em>Cinematografie \u015fi media<\/em><\/strong>) \u015fi cu deschidere accentuat\u0103 spre domeniul pedagogiei artistice specifice. Modul \u00een care s-a structurat UNATC, prin evolu\u0163ia sa istoric\u0103, este chiar formula de succes prin care interdisciplinaritatea contribuie la dezvoltarea unor arte prin defini\u0163ie sincretice.<\/p>\n","protected":false},"excerpt":{"rendered":"<p class=\"no-padding\">Istoria Universit\u0103\u021bii Na\u0163ionale de Art\u0103 Teatral\u0103 \u0219i Cinematografic\u0103 \u201eI.L. Caragiale\u201d din Bucure\u0219ti (UNATC) \u00eencepe \u00een 1834, odat\u0103 cu \u00eenfiin\u021barea primei&#8230;<\/p>\n","protected":false},"author":1,"featured_media":1236,"parent":879,"menu_order":0,"comment_status":"closed","ping_status":"closed","template":"template-tab-group-color.php","meta":{"footnotes":""},"class_list":["post-877","page","type-page","status-publish","has-post-thumbnail","hentry"],"acf":{"galerie_foto":null,"titlu_prezentare_departament":"Istoric","text_prezentare_departament":"","alternative_page_title":"universitate","page_contact_email":""},"yoast_head":"<!-- This site is optimized with the Yoast SEO plugin v27.3 - https:\/\/yoast.com\/product\/yoast-seo-wordpress\/ -->\n<title>Istoric - UNATC<\/title>\n<meta name=\"robots\" content=\"index, follow, max-snippet:-1, max-image-preview:large, max-video-preview:-1\" \/>\n<link rel=\"canonical\" href=\"https:\/\/unatc.ro\/devunatc\/despre-universitate\/istoric\/\" \/>\n<meta property=\"og:locale\" content=\"en_US\" \/>\n<meta property=\"og:type\" content=\"article\" \/>\n<meta property=\"og:title\" content=\"Istoric - UNATC\" \/>\n<meta property=\"og:description\" content=\"Istoria Universit\u0103\u021bii Na\u0163ionale de Art\u0103 Teatral\u0103 \u0219i Cinematografic\u0103 \u201eI.L. Caragiale\u201d din Bucure\u0219ti (UNATC) \u00eencepe \u00een 1834, odat\u0103 cu \u00eenfiin\u021barea primei...\" \/>\n<meta property=\"og:url\" content=\"https:\/\/unatc.ro\/devunatc\/despre-universitate\/istoric\/\" \/>\n<meta property=\"og:site_name\" content=\"UNATC\" \/>\n<meta property=\"article:publisher\" content=\"https:\/\/www.facebook.com\/UNATC.ILC\/\" \/>\n<meta property=\"article:modified_time\" content=\"2022-10-03T08:49:20+00:00\" \/>\n<meta property=\"og:image\" content=\"https:\/\/unatc.ro\/devunatc\/wp-content\/uploads\/2020\/10\/universitate-scaled.jpg\" \/>\n\t<meta property=\"og:image:width\" content=\"2560\" \/>\n\t<meta property=\"og:image:height\" content=\"917\" \/>\n\t<meta property=\"og:image:type\" content=\"image\/jpeg\" \/>\n<meta name=\"twitter:card\" content=\"summary_large_image\" \/>\n<meta name=\"twitter:label1\" content=\"Est. reading time\" \/>\n\t<meta name=\"twitter:data1\" content=\"2 minutes\" \/>\n<script type=\"application\/ld+json\" class=\"yoast-schema-graph\">{\"@context\":\"https:\\\/\\\/schema.org\",\"@graph\":[{\"@type\":\"WebPage\",\"@id\":\"https:\\\/\\\/unatc.ro\\\/devunatc\\\/despre-universitate\\\/istoric\\\/\",\"url\":\"https:\\\/\\\/unatc.ro\\\/devunatc\\\/despre-universitate\\\/istoric\\\/\",\"name\":\"Istoric - UNATC\",\"isPartOf\":{\"@id\":\"https:\\\/\\\/unatc.ro\\\/devunatc\\\/#website\"},\"primaryImageOfPage\":{\"@id\":\"https:\\\/\\\/unatc.ro\\\/devunatc\\\/despre-universitate\\\/istoric\\\/#primaryimage\"},\"image\":{\"@id\":\"https:\\\/\\\/unatc.ro\\\/devunatc\\\/despre-universitate\\\/istoric\\\/#primaryimage\"},\"thumbnailUrl\":\"https:\\\/\\\/unatc.ro\\\/devunatc\\\/wp-content\\\/uploads\\\/2020\\\/10\\\/universitate-scaled.jpg\",\"datePublished\":\"2020-10-11T15:29:54+00:00\",\"dateModified\":\"2022-10-03T08:49:20+00:00\",\"breadcrumb\":{\"@id\":\"https:\\\/\\\/unatc.ro\\\/devunatc\\\/despre-universitate\\\/istoric\\\/#breadcrumb\"},\"inLanguage\":\"en-US\",\"potentialAction\":[{\"@type\":\"ReadAction\",\"target\":[\"https:\\\/\\\/unatc.ro\\\/devunatc\\\/despre-universitate\\\/istoric\\\/\"]}]},{\"@type\":\"ImageObject\",\"inLanguage\":\"en-US\",\"@id\":\"https:\\\/\\\/unatc.ro\\\/devunatc\\\/despre-universitate\\\/istoric\\\/#primaryimage\",\"url\":\"https:\\\/\\\/unatc.ro\\\/devunatc\\\/wp-content\\\/uploads\\\/2020\\\/10\\\/universitate-scaled.jpg\",\"contentUrl\":\"https:\\\/\\\/unatc.ro\\\/devunatc\\\/wp-content\\\/uploads\\\/2020\\\/10\\\/universitate-scaled.jpg\",\"width\":2560,\"height\":917,\"caption\":\"UNATC\"},{\"@type\":\"BreadcrumbList\",\"@id\":\"https:\\\/\\\/unatc.ro\\\/devunatc\\\/despre-universitate\\\/istoric\\\/#breadcrumb\",\"itemListElement\":[{\"@type\":\"ListItem\",\"position\":1,\"name\":\"Home\",\"item\":\"https:\\\/\\\/unatc.ro\\\/devunatc\\\/\"},{\"@type\":\"ListItem\",\"position\":2,\"name\":\"Universitate\",\"item\":\"https:\\\/\\\/unatc.ro\\\/devunatc\\\/despre-universitate\\\/\"},{\"@type\":\"ListItem\",\"position\":3,\"name\":\"Istoric\"}]},{\"@type\":\"WebSite\",\"@id\":\"https:\\\/\\\/unatc.ro\\\/devunatc\\\/#website\",\"url\":\"https:\\\/\\\/unatc.ro\\\/devunatc\\\/\",\"name\":\"UNATC\",\"description\":\"\",\"publisher\":{\"@id\":\"https:\\\/\\\/unatc.ro\\\/devunatc\\\/#organization\"},\"potentialAction\":[{\"@type\":\"SearchAction\",\"target\":{\"@type\":\"EntryPoint\",\"urlTemplate\":\"https:\\\/\\\/unatc.ro\\\/devunatc\\\/?s={search_term_string}\"},\"query-input\":{\"@type\":\"PropertyValueSpecification\",\"valueRequired\":true,\"valueName\":\"search_term_string\"}}],\"inLanguage\":\"en-US\"},{\"@type\":\"Organization\",\"@id\":\"https:\\\/\\\/unatc.ro\\\/devunatc\\\/#organization\",\"name\":\"UNATC\",\"url\":\"https:\\\/\\\/unatc.ro\\\/devunatc\\\/\",\"logo\":{\"@type\":\"ImageObject\",\"inLanguage\":\"en-US\",\"@id\":\"https:\\\/\\\/unatc.ro\\\/devunatc\\\/#\\\/schema\\\/logo\\\/image\\\/\",\"url\":\"https:\\\/\\\/unatc.ro\\\/devunatc\\\/wp-content\\\/uploads\\\/2025\\\/07\\\/unatc_logo.png\",\"contentUrl\":\"https:\\\/\\\/unatc.ro\\\/devunatc\\\/wp-content\\\/uploads\\\/2025\\\/07\\\/unatc_logo.png\",\"width\":480,\"height\":469,\"caption\":\"UNATC\"},\"image\":{\"@id\":\"https:\\\/\\\/unatc.ro\\\/devunatc\\\/#\\\/schema\\\/logo\\\/image\\\/\"},\"sameAs\":[\"https:\\\/\\\/www.facebook.com\\\/UNATC.ILC\\\/\",\"https:\\\/\\\/www.youtube.com\\\/c\\\/unatcilcaragiale\",\"https:\\\/\\\/www.instagram.com\\\/unatc_ilcaragiale\\\/?hl=en\",\"https:\\\/\\\/www.tiktok.com\\\/@unatc?lang=en\"]}]}<\/script>\n<!-- \/ Yoast SEO plugin. -->","yoast_head_json":{"title":"Istoric - UNATC","robots":{"index":"index","follow":"follow","max-snippet":"max-snippet:-1","max-image-preview":"max-image-preview:large","max-video-preview":"max-video-preview:-1"},"canonical":"https:\/\/unatc.ro\/devunatc\/despre-universitate\/istoric\/","og_locale":"en_US","og_type":"article","og_title":"Istoric - UNATC","og_description":"Istoria Universit\u0103\u021bii Na\u0163ionale de Art\u0103 Teatral\u0103 \u0219i Cinematografic\u0103 \u201eI.L. Caragiale\u201d din Bucure\u0219ti (UNATC) \u00eencepe \u00een 1834, odat\u0103 cu \u00eenfiin\u021barea primei...","og_url":"https:\/\/unatc.ro\/devunatc\/despre-universitate\/istoric\/","og_site_name":"UNATC","article_publisher":"https:\/\/www.facebook.com\/UNATC.ILC\/","article_modified_time":"2022-10-03T08:49:20+00:00","og_image":[{"width":2560,"height":917,"url":"https:\/\/unatc.ro\/devunatc\/wp-content\/uploads\/2020\/10\/universitate-scaled.jpg","type":"image\/jpeg"}],"twitter_card":"summary_large_image","twitter_misc":{"Est. reading time":"2 minutes"},"schema":{"@context":"https:\/\/schema.org","@graph":[{"@type":"WebPage","@id":"https:\/\/unatc.ro\/devunatc\/despre-universitate\/istoric\/","url":"https:\/\/unatc.ro\/devunatc\/despre-universitate\/istoric\/","name":"Istoric - UNATC","isPartOf":{"@id":"https:\/\/unatc.ro\/devunatc\/#website"},"primaryImageOfPage":{"@id":"https:\/\/unatc.ro\/devunatc\/despre-universitate\/istoric\/#primaryimage"},"image":{"@id":"https:\/\/unatc.ro\/devunatc\/despre-universitate\/istoric\/#primaryimage"},"thumbnailUrl":"https:\/\/unatc.ro\/devunatc\/wp-content\/uploads\/2020\/10\/universitate-scaled.jpg","datePublished":"2020-10-11T15:29:54+00:00","dateModified":"2022-10-03T08:49:20+00:00","breadcrumb":{"@id":"https:\/\/unatc.ro\/devunatc\/despre-universitate\/istoric\/#breadcrumb"},"inLanguage":"en-US","potentialAction":[{"@type":"ReadAction","target":["https:\/\/unatc.ro\/devunatc\/despre-universitate\/istoric\/"]}]},{"@type":"ImageObject","inLanguage":"en-US","@id":"https:\/\/unatc.ro\/devunatc\/despre-universitate\/istoric\/#primaryimage","url":"https:\/\/unatc.ro\/devunatc\/wp-content\/uploads\/2020\/10\/universitate-scaled.jpg","contentUrl":"https:\/\/unatc.ro\/devunatc\/wp-content\/uploads\/2020\/10\/universitate-scaled.jpg","width":2560,"height":917,"caption":"UNATC"},{"@type":"BreadcrumbList","@id":"https:\/\/unatc.ro\/devunatc\/despre-universitate\/istoric\/#breadcrumb","itemListElement":[{"@type":"ListItem","position":1,"name":"Home","item":"https:\/\/unatc.ro\/devunatc\/"},{"@type":"ListItem","position":2,"name":"Universitate","item":"https:\/\/unatc.ro\/devunatc\/despre-universitate\/"},{"@type":"ListItem","position":3,"name":"Istoric"}]},{"@type":"WebSite","@id":"https:\/\/unatc.ro\/devunatc\/#website","url":"https:\/\/unatc.ro\/devunatc\/","name":"UNATC","description":"","publisher":{"@id":"https:\/\/unatc.ro\/devunatc\/#organization"},"potentialAction":[{"@type":"SearchAction","target":{"@type":"EntryPoint","urlTemplate":"https:\/\/unatc.ro\/devunatc\/?s={search_term_string}"},"query-input":{"@type":"PropertyValueSpecification","valueRequired":true,"valueName":"search_term_string"}}],"inLanguage":"en-US"},{"@type":"Organization","@id":"https:\/\/unatc.ro\/devunatc\/#organization","name":"UNATC","url":"https:\/\/unatc.ro\/devunatc\/","logo":{"@type":"ImageObject","inLanguage":"en-US","@id":"https:\/\/unatc.ro\/devunatc\/#\/schema\/logo\/image\/","url":"https:\/\/unatc.ro\/devunatc\/wp-content\/uploads\/2025\/07\/unatc_logo.png","contentUrl":"https:\/\/unatc.ro\/devunatc\/wp-content\/uploads\/2025\/07\/unatc_logo.png","width":480,"height":469,"caption":"UNATC"},"image":{"@id":"https:\/\/unatc.ro\/devunatc\/#\/schema\/logo\/image\/"},"sameAs":["https:\/\/www.facebook.com\/UNATC.ILC\/","https:\/\/www.youtube.com\/c\/unatcilcaragiale","https:\/\/www.instagram.com\/unatc_ilcaragiale\/?hl=en","https:\/\/www.tiktok.com\/@unatc?lang=en"]}]}},"jetpack_sharing_enabled":true,"_links":{"self":[{"href":"https:\/\/unatc.ro\/devunatc\/wp-json\/wp\/v2\/pages\/877","targetHints":{"allow":["GET"]}}],"collection":[{"href":"https:\/\/unatc.ro\/devunatc\/wp-json\/wp\/v2\/pages"}],"about":[{"href":"https:\/\/unatc.ro\/devunatc\/wp-json\/wp\/v2\/types\/page"}],"author":[{"embeddable":true,"href":"https:\/\/unatc.ro\/devunatc\/wp-json\/wp\/v2\/users\/1"}],"replies":[{"embeddable":true,"href":"https:\/\/unatc.ro\/devunatc\/wp-json\/wp\/v2\/comments?post=877"}],"version-history":[{"count":15,"href":"https:\/\/unatc.ro\/devunatc\/wp-json\/wp\/v2\/pages\/877\/revisions"}],"predecessor-version":[{"id":12240,"href":"https:\/\/unatc.ro\/devunatc\/wp-json\/wp\/v2\/pages\/877\/revisions\/12240"}],"up":[{"embeddable":true,"href":"https:\/\/unatc.ro\/devunatc\/wp-json\/wp\/v2\/pages\/879"}],"wp:featuredmedia":[{"embeddable":true,"href":"https:\/\/unatc.ro\/devunatc\/wp-json\/wp\/v2\/media\/1236"}],"wp:attachment":[{"href":"https:\/\/unatc.ro\/devunatc\/wp-json\/wp\/v2\/media?parent=877"}],"curies":[{"name":"wp","href":"https:\/\/api.w.org\/{rel}","templated":true}]}}