{"id":842,"date":"2020-10-11T12:29:17","date_gmt":"2020-10-11T10:29:17","guid":{"rendered":"https:\/\/unatc.ro\/devunatc\/?page_id=842"},"modified":"2025-11-02T15:54:20","modified_gmt":"2025-11-02T13:54:20","slug":"universitati-partenere","status":"publish","type":"page","link":"https:\/\/unatc.ro\/devunatc\/erasmus\/universitati-partenere\/","title":{"rendered":"Universit\u0103\u021bi partenere"},"content":{"rendered":"\n\n\n<p><\/p>\n\n\n\n<figure class=\"wp-block-table is-style-regular\"><table><tbody><tr><td>ENGLAND<\/td><td>Loughton<\/td><td>East 15 Acting School \u2013 Essex University<\/td><td>Theatre<\/td><td>www.east15.ac.uk<\/td><\/tr><tr><td>BELGIUM<\/td><td>Bruxelles<\/td><td>LUCA School of Arts<\/td><td>Film<\/td><td><a href=\"http:\/\/www.luca-arts.be\" target=\"_blank\" rel=\"noreferrer noopener\">www.luca-arts.be<\/a><\/td><\/tr><tr><td>BELGIUM<\/td><td>Ghent<\/td><td>Hogeschool Gent, School of Arts \u2013 KASK &amp; Conservatory<\/td><td>Film<\/td><td><a href=\"http:\/\/www.schoolofartsgent.be\/\" target=\"_blank\" rel=\"noreferrer noopener\">www.schoolofartsgent.be<\/a><\/td><\/tr><tr><td>BELGIUM<\/td><td>Bruxelles<\/td><td>Conservatoire Royal de Bruxelles<\/td><td>Theatre<\/td><td><a href=\"http:\/\/www.conservatoire.be\/\" target=\"_blank\" rel=\"noreferrer noopener\">www.conservatoire.be<\/a><\/td><\/tr><tr><td>BULGARIA<\/td><td>Sofia<\/td><td>National Academy for Theatre and Film Arts<\/td><td>Theatre\/Film<\/td><td><a href=\"http:\/\/www.natfiz.bg\" target=\"_blank\" rel=\"noreferrer noopener\">www.natfiz.bg<\/a><\/td><\/tr><tr><td>BULGARIA<\/td><td>Plovdiv<\/td><td>Academy of Music, Dance and Fine Arts &#8220;Prof. Asen Diamandiev&#8221; Plovdiv<\/td><td>Theatre <\/td><td><a href=\"https:\/\/try.artacademyplovdiv.com\/EN\/home.html\" target=\"_blank\" rel=\"noreferrer noopener\">www.artacademyplovdiv.com<\/a><\/td><\/tr><tr><td>BULGARIA<\/td><td>Sofia<\/td><td>National Academy of Art in Sofia<\/td><td>Scenography<\/td><td><a href=\"https:\/\/nha.bg\/en\/subcategory\/faculty-of-applied-arts\" target=\"_blank\" rel=\"noreferrer noopener\">www.nha.bg<\/a><\/td><\/tr><tr><td>CEHIA<\/td><td>Praga<\/td><td>Academy of Performing Arts in Prague<\/td><td>Audio-visual techniques and media production<\/td><td><a href=\"http:\/\/www.famu.cz\" target=\"_blank\" rel=\"noreferrer noopener\">www.famu.cz<\/a><\/td><\/tr><tr><td>CROATIA<\/td><td>Zagreb<\/td><td>ADU Zagreb<\/td><td>Audiovisual arts<\/td><td><a href=\"http:\/\/www.adu.unizg.hr\" target=\"_blank\" rel=\"noreferrer noopener\">www.adu.unizg.hr<\/a><\/td><\/tr><tr><td>CROATIA<\/td><td>Split<\/td><td>Split University \u2013 Academy of Arts<\/td><td>Thetare\/Film<\/td><td><a href=\"http:\/\/www.umas.unist.hr\" target=\"_blank\" rel=\"noreferrer noopener\">www.umas.unist.hr<\/a><\/td><\/tr><tr><td>CZECH REPUBLIC<\/td><td>Zlin<\/td><td>Tomas Bata University \u2013 Faculty of Multimedia<\/td><td>Film<\/td><td><a rel=\"noreferrer noopener\" target=\"_blank\" href=\"http:\/\/www.utb.cz\/\">www.utb.cz<\/a><\/td><\/tr><tr><td>DANEMARCA<\/td><td>Copenhaga<\/td><td>DASPA \u2013 Danish National School of Performing Arts<\/td><td>Performing Arts<\/td><td><a href=\"http:\/\/www.Ddsks.dk\" target=\"_blank\" rel=\"noreferrer noopener\">www.Ddsks.dk<\/a><\/td><\/tr><tr><td>ENGLAND<\/td><td>Loughton<\/td><td>East 15 Acting School \u2013 Essex University<\/td><td>Theatre<\/td><td><a href=\"http:\/\/www.east15.ac.uk\" target=\"_blank\" rel=\"noreferrer noopener\">www.east15.ac.uk<\/a><\/td><\/tr><tr><td>FRANCE<\/td><td>Paris<\/td><td>ENSAD &#8211; Ecole Nationale Superieure des Arts Decoratifs<\/td><td>Scenography<\/td><td><a rel=\"noreferrer noopener\" target=\"_blank\" href=\"http:\/\/www.ensad.fr\/\">www.ensad.fr<\/a><\/td><\/tr><tr><td>FRANCE<\/td><td>Bordeaux<\/td><td>Universit\u00e9 Bordeaux Montaigne<\/td><td>Cultural Management<\/td><td><a href=\"http:\/\/www.u-bordeaux-montaigne.fr\" target=\"_blank\" rel=\"noreferrer noopener\">www.u-bordeaux-montaigne.fr<\/a><\/td><\/tr><tr><td>FRANCE<\/td><td>Berfort<\/td><td>Universit\u00e9 de Technologie de Belfort-Montb\u00e9liard<\/td><td>Information and Communication Technologies<\/td><td><a href=\"http:\/\/www.utbm.fr\" target=\"_blank\" rel=\"noreferrer noopener\">www.utbm.fr<\/a><\/td><\/tr><tr><td>FRANCE<\/td><td>Paris<\/td><td>EICAR<\/td><td>Film<\/td><td>www.eicar.fr<\/td><\/tr><tr><td>FRANCE<\/td><td>Paris<\/td><td>Institut Sainte-Genevieve<\/td><td>Animation<\/td><td><a href=\"https:\/\/isg6.paris\/\">https:\/\/isg6.paris\/<\/a><\/td><\/tr><tr><td>FRANCE<\/td><td>Orleans<\/td><td>Ecole Superieure D&#8217;art et de Design d&#8217;Orleans<\/td><td>Film<\/td><td>www.esadorleans.fr<\/td><\/tr><tr><td>GERMANIA<\/td><td>Saaebrucken<\/td><td>HBKSaar<\/td><td>Arts<\/td><td><a href=\"http:\/\/www.hbksaar.de\" target=\"_blank\" rel=\"noreferrer noopener\">www.hbksaar.de<\/a><\/td><\/tr><tr><td>GERMANY<\/td><td>Dresden<\/td><td>Academy of Fine Arts &#8211; HfBK<\/td><td>Scenography<\/td><td><a href=\"http:\/\/www.hfbk-dresden.de\" target=\"_blank\" rel=\"noreferrer noopener\">www.hfbk-dresden.de<\/a><\/td><\/tr><tr><td>GERMANY<\/td><td>Berlin<\/td><td>Ernst Busch University of Performing Arts<\/td><td>Theatre\/Film<\/td><td><a href=\"https:\/\/www.hfs-berlin.de\/en\/\" target=\"_blank\" rel=\"noreferrer noopener\">www.hfs-berlin.de<\/a><\/td><\/tr><tr><td>GERMANY<\/td><td>Dortmund<\/td><td>Fachhochschule Dortmund<\/td><td>Film<\/td><td><a href=\"https:\/\/www.fh-dortmund.de\/\" target=\"_blank\" rel=\"noreferrer noopener\">www.fh-dortmund.de<\/a><\/td><\/tr><tr><td>GREECE<\/td><td>Thessaloniki<\/td><td>Aristotle University of Thessaloniki<\/td><td>Theatre\/Film<\/td><td><a href=\"http:\/\/www.auth.gr\" target=\"_blank\" rel=\"noreferrer noopener\">www.auth.gr<\/a><\/td><\/tr><tr><td>HUNGARY<\/td><td>Eger<\/td><td>Eszter Karoly College<\/td><td>Film<\/td><td><a href=\"http:\/\/www.nkk.ektf.hu\" target=\"_blank\" rel=\"noreferrer noopener\">www.nkk.ektf.hu<\/a><\/td><\/tr><tr><td>HUNGARY<\/td><td>Budapest<\/td><td>University of Theatre and Film Arts<\/td><td>Theatre\/Film<\/td><td><a href=\"http:\/\/www.szfe.hu\" target=\"_blank\" rel=\"noreferrer noopener\">www.szfe.hu<\/a><\/td><\/tr><tr><td>ITALY<\/td><td>Venice<\/td><td>Academia di Belle Arti di Venezia<\/td><td>Scenography<\/td><td><a href=\"http:\/\/www.accademiavenezia.it\" target=\"_blank\" rel=\"noreferrer noopener\">www.accademiavenezia.it<\/a><\/td><\/tr><tr><td>LATVIA<\/td><td>Riga<\/td><td>Latvijas Kult\u016bras Akad\u0113mija<\/td><td>Theatre\/Film<\/td><td>www.lka.edu.lv<\/td><\/tr><tr><td>LITHUANIA<\/td><td>Vilnius<\/td><td>Lithuanian Academy of Music and Theatre<\/td><td>Theatre\/Film<\/td><td><a href=\"http:\/\/www.lmta.lt\" target=\"_blank\" rel=\"noreferrer noopener\">www.lmta.lt<\/a><\/td><\/tr><tr><td>NORWAY<\/td><td>Elverum<\/td><td>Inland Norway of Applied Sciencies<\/td><td>Audio-visual techniques and media production<\/td><td><a href=\"https:\/\/www.inn.no\/english\/\">https:\/\/www.inn.no<\/a><\/td><\/tr><tr><td>POLAND<\/td><td>Lodz<\/td><td>The Polish National Film, Television and Theatre School in Lodz<\/td><td>Audio-visual techniques and media production<\/td><td><a href=\"http:\/\/www.filmschool.lodz.pl\" target=\"_blank\" rel=\"noreferrer noopener\">www.filmschool.lodz.pl<\/a><\/td><\/tr><tr><td>POLAND<\/td><td>Opole<\/td><td>Opole University<\/td><td>Film<\/td><td><a href=\"https:\/\/uni.opole.pl\/en\/\" target=\"_blank\" rel=\"noreferrer noopener\">uni.opole.pl<\/a><\/td><\/tr><tr><td>PORTUGAL<\/td><td>Lisbon<\/td><td>Universidade Lusofona de Humanidades e Tecnologias<\/td><td>Film<\/td><td><a href=\"http:\/\/www.ulusofona.pt\" target=\"_blank\" rel=\"noreferrer noopener\">www.ulusofona.pt<\/a><\/td><\/tr><tr><td>PORTUGALIA<\/td><td>Matosinhos<\/td><td>ESAD Arte+ Design<\/td><td>Digital Arts and Multimedia<\/td><td><a href=\"http:\/\/www.esad.pt\/\" target=\"_blank\" rel=\"noreferrer noopener\">www.esad.pt<\/a><\/td><\/tr><tr><td>SERBIA<\/td><td>Belgrade<\/td><td>University of Arts in Belgrade<\/td><td>Theatre\/Film<\/td><td><a href=\"https:\/\/www.arts.bg.ac.rs\/en\/\" target=\"_blank\" rel=\"noreferrer noopener\">www.arts.bg.ac.rs<\/a><\/td><\/tr><tr><td>SLOVENIA<\/td><td>Ljubljana<\/td><td>University of Ljubljana<\/td><td>Audio-visual techniques and media production<\/td><td>www.uni-lj.si<\/td><\/tr><tr><td>SLOVAKIA<\/td><td>Bratislava<\/td><td>VSMU \u2013 Academy of Performing Arts (Faculty of Film and Television and Theatre Faculty)<\/td><td>Theatre\/Film<\/td><td><a href=\"http:\/\/www.vsmu.sk\" target=\"_blank\" rel=\"noreferrer noopener\">www.vsmu.sk<\/a><\/td><\/tr><tr><td>SPAIN<\/td><td>Valladolid<\/td><td>ESAD \u2013 Escuela Superior de Arte Dramatico de Castilla y Leon<\/td><td>Theatre<\/td><td><a href=\"http:\/\/www.fuescyl.com\" target=\"_blank\" rel=\"noreferrer noopener\">www.fuescyl.com<\/a><\/td><\/tr><tr><td>SPAIN<\/td><td>Asturias, Gijon<\/td><td>Escuela Superior de Arte Dram\u00e1tico del Principado de Asturias &#8211; ESAD Asturias<\/td><td>Theatre<\/td><td><a href=\"http:\/\/www.esadasturias.es\" target=\"_blank\" rel=\"noreferrer noopener\">www.esadasturias.es<\/a><\/td><\/tr><tr><td>SPAIN<\/td><td>Madrid<\/td><td>Real Escuela Superior de Arte Dramatico (RESAD)<\/td><td>Theatre<\/td><td><a href=\"http:\/\/www.resad.es\" target=\"_blank\" rel=\"noreferrer noopener\">www.resad.es<\/a><\/td><\/tr><tr><td>SPAIN<\/td><td>Madrid<\/td><td>TAI Escuela Universitaria de Artes<\/td><td>Theatre\/Film<\/td><td><a href=\"https:\/\/taiarts.com\/en\/\">www.taiarts.com<\/a><\/td><\/tr><tr><td>SPAIN<\/td><td>Barcelona<\/td><td>Institut del Teatre<\/td><td>Theatre<\/td><td><a href=\"https:\/\/www.institutdelteatre.cat\/\" target=\"_blank\" rel=\"noreferrer noopener\">www.institutdelteatre.cat<\/a><\/td><\/tr><tr><td>SWEDEN<\/td><td>Sk\u00f6vde<\/td><td>University of Sk\u00f6vde<\/td><td>Film<\/td><td><a href=\"https:\/\/www.his.se\/en\" target=\"_blank\" rel=\"noreferrer noopener\">www.his.se<\/a><\/td><\/tr><tr><td>TURKEY<\/td><td>Erzincan<\/td><td>Erzincan University<\/td><td>Audiovisual arts, Photography, Cinematography<\/td><td><a href=\"http:\/\/www.erzincan.edu.tr\" target=\"_blank\" rel=\"noreferrer noopener\">www.erzincan.edu.tr<\/a><\/td><\/tr><tr><td>TURKEY<\/td><td>Karabuk<\/td><td>KARABUK University<\/td><td>Audiovisual arts, Photography, Cinematography<\/td><td><a href=\"https:\/\/www.karabuk.edu.tr\/en\/\" data-type=\"URL\" data-id=\"https:\/\/www.karabuk.edu.tr\/en\/\">www.ubys.karabuk.edu.tr<\/a><\/td><\/tr><tr><td>TURKEY<\/td><td>Istanbul<\/td><td>Istanbul Kultur University<\/td><td>Film<\/td><td><a href=\"http:\/\/www.iku.edu.tr\" target=\"_blank\" rel=\"noreferrer noopener\">www.iku.edu.tr<\/a><\/td><\/tr><tr><td>TURKEY<\/td><td>Istanbul<\/td><td>Istanbul Ni\u015fanta\u015f\u0131 University<\/td><td>Theatre\/Film<\/td><td><a href=\"https:\/\/www.nisantasi.edu.tr\/?dil=eng\">www.nisantasi.edu.tr<\/a><\/td><\/tr><\/tbody><\/table><\/figure>\n","protected":false},"excerpt":{"rendered":"<p class=\"no-padding\">ENGLAND Loughton East 15 Acting School \u2013 Essex University Theatre www.east15.ac.uk BELGIUM Bruxelles LUCA School of Arts Film www.luca-arts.be BELGIUM&#8230;<\/p>\n","protected":false},"author":1,"featured_media":1232,"parent":19,"menu_order":0,"comment_status":"closed","ping_status":"closed","template":"template-tab-group.php","meta":{"footnotes":""},"class_list":["post-842","page","type-page","status-publish","has-post-thumbnail","hentry"],"acf":{"galerie_foto":null,"alternative_page_title":"","page_contact_email":"erasmus@unatc.ro"},"yoast_head":"<!-- This site is optimized with the Yoast SEO plugin v27.3 - https:\/\/yoast.com\/product\/yoast-seo-wordpress\/ -->\n<title>Universit\u0103\u021bi partenere - UNATC<\/title>\n<meta name=\"robots\" content=\"index, follow, max-snippet:-1, max-image-preview:large, max-video-preview:-1\" \/>\n<link rel=\"canonical\" href=\"https:\/\/unatc.ro\/devunatc\/erasmus\/universitati-partenere\/\" \/>\n<meta property=\"og:locale\" content=\"en_US\" \/>\n<meta property=\"og:type\" content=\"article\" \/>\n<meta property=\"og:title\" content=\"Universit\u0103\u021bi partenere - UNATC\" \/>\n<meta property=\"og:description\" content=\"ENGLAND Loughton East 15 Acting School \u2013 Essex University Theatre www.east15.ac.uk BELGIUM Bruxelles LUCA School of Arts Film www.luca-arts.be BELGIUM...\" \/>\n<meta property=\"og:url\" content=\"https:\/\/unatc.ro\/devunatc\/erasmus\/universitati-partenere\/\" \/>\n<meta property=\"og:site_name\" content=\"UNATC\" \/>\n<meta property=\"article:publisher\" content=\"https:\/\/www.facebook.com\/UNATC.ILC\/\" \/>\n<meta property=\"article:modified_time\" content=\"2025-11-02T13:54:20+00:00\" \/>\n<meta property=\"og:image\" content=\"https:\/\/unatc.ro\/devunatc\/wp-content\/uploads\/2020\/10\/rel-internationale-scaled.jpg\" \/>\n\t<meta property=\"og:image:width\" content=\"2560\" \/>\n\t<meta property=\"og:image:height\" content=\"917\" \/>\n\t<meta property=\"og:image:type\" content=\"image\/jpeg\" \/>\n<meta name=\"twitter:card\" content=\"summary_large_image\" \/>\n<meta name=\"twitter:label1\" content=\"Est. reading time\" \/>\n\t<meta name=\"twitter:data1\" content=\"3 minutes\" \/>\n<script type=\"application\/ld+json\" class=\"yoast-schema-graph\">{\"@context\":\"https:\\\/\\\/schema.org\",\"@graph\":[{\"@type\":\"WebPage\",\"@id\":\"https:\\\/\\\/unatc.ro\\\/devunatc\\\/erasmus\\\/universitati-partenere\\\/\",\"url\":\"https:\\\/\\\/unatc.ro\\\/devunatc\\\/erasmus\\\/universitati-partenere\\\/\",\"name\":\"Universit\u0103\u021bi partenere - UNATC\",\"isPartOf\":{\"@id\":\"https:\\\/\\\/unatc.ro\\\/devunatc\\\/#website\"},\"primaryImageOfPage\":{\"@id\":\"https:\\\/\\\/unatc.ro\\\/devunatc\\\/erasmus\\\/universitati-partenere\\\/#primaryimage\"},\"image\":{\"@id\":\"https:\\\/\\\/unatc.ro\\\/devunatc\\\/erasmus\\\/universitati-partenere\\\/#primaryimage\"},\"thumbnailUrl\":\"https:\\\/\\\/unatc.ro\\\/devunatc\\\/wp-content\\\/uploads\\\/2020\\\/10\\\/rel-internationale-scaled.jpg\",\"datePublished\":\"2020-10-11T10:29:17+00:00\",\"dateModified\":\"2025-11-02T13:54:20+00:00\",\"breadcrumb\":{\"@id\":\"https:\\\/\\\/unatc.ro\\\/devunatc\\\/erasmus\\\/universitati-partenere\\\/#breadcrumb\"},\"inLanguage\":\"en-US\",\"potentialAction\":[{\"@type\":\"ReadAction\",\"target\":[\"https:\\\/\\\/unatc.ro\\\/devunatc\\\/erasmus\\\/universitati-partenere\\\/\"]}]},{\"@type\":\"ImageObject\",\"inLanguage\":\"en-US\",\"@id\":\"https:\\\/\\\/unatc.ro\\\/devunatc\\\/erasmus\\\/universitati-partenere\\\/#primaryimage\",\"url\":\"https:\\\/\\\/unatc.ro\\\/devunatc\\\/wp-content\\\/uploads\\\/2020\\\/10\\\/rel-internationale-scaled.jpg\",\"contentUrl\":\"https:\\\/\\\/unatc.ro\\\/devunatc\\\/wp-content\\\/uploads\\\/2020\\\/10\\\/rel-internationale-scaled.jpg\",\"width\":2560,\"height\":917,\"caption\":\"UNATC International\"},{\"@type\":\"BreadcrumbList\",\"@id\":\"https:\\\/\\\/unatc.ro\\\/devunatc\\\/erasmus\\\/universitati-partenere\\\/#breadcrumb\",\"itemListElement\":[{\"@type\":\"ListItem\",\"position\":1,\"name\":\"Home\",\"item\":\"https:\\\/\\\/unatc.ro\\\/devunatc\\\/\"},{\"@type\":\"ListItem\",\"position\":2,\"name\":\"Erasmus+\",\"item\":\"https:\\\/\\\/unatc.ro\\\/devunatc\\\/erasmus\\\/\"},{\"@type\":\"ListItem\",\"position\":3,\"name\":\"Universit\u0103\u021bi partenere\"}]},{\"@type\":\"WebSite\",\"@id\":\"https:\\\/\\\/unatc.ro\\\/devunatc\\\/#website\",\"url\":\"https:\\\/\\\/unatc.ro\\\/devunatc\\\/\",\"name\":\"UNATC\",\"description\":\"\",\"publisher\":{\"@id\":\"https:\\\/\\\/unatc.ro\\\/devunatc\\\/#organization\"},\"potentialAction\":[{\"@type\":\"SearchAction\",\"target\":{\"@type\":\"EntryPoint\",\"urlTemplate\":\"https:\\\/\\\/unatc.ro\\\/devunatc\\\/?s={search_term_string}\"},\"query-input\":{\"@type\":\"PropertyValueSpecification\",\"valueRequired\":true,\"valueName\":\"search_term_string\"}}],\"inLanguage\":\"en-US\"},{\"@type\":\"Organization\",\"@id\":\"https:\\\/\\\/unatc.ro\\\/devunatc\\\/#organization\",\"name\":\"UNATC\",\"url\":\"https:\\\/\\\/unatc.ro\\\/devunatc\\\/\",\"logo\":{\"@type\":\"ImageObject\",\"inLanguage\":\"en-US\",\"@id\":\"https:\\\/\\\/unatc.ro\\\/devunatc\\\/#\\\/schema\\\/logo\\\/image\\\/\",\"url\":\"https:\\\/\\\/unatc.ro\\\/devunatc\\\/wp-content\\\/uploads\\\/2025\\\/07\\\/unatc_logo.png\",\"contentUrl\":\"https:\\\/\\\/unatc.ro\\\/devunatc\\\/wp-content\\\/uploads\\\/2025\\\/07\\\/unatc_logo.png\",\"width\":480,\"height\":469,\"caption\":\"UNATC\"},\"image\":{\"@id\":\"https:\\\/\\\/unatc.ro\\\/devunatc\\\/#\\\/schema\\\/logo\\\/image\\\/\"},\"sameAs\":[\"https:\\\/\\\/www.facebook.com\\\/UNATC.ILC\\\/\",\"https:\\\/\\\/www.youtube.com\\\/c\\\/unatcilcaragiale\",\"https:\\\/\\\/www.instagram.com\\\/unatc_ilcaragiale\\\/?hl=en\",\"https:\\\/\\\/www.tiktok.com\\\/@unatc?lang=en\"]}]}<\/script>\n<!-- \/ Yoast SEO plugin. -->","yoast_head_json":{"title":"Universit\u0103\u021bi partenere - UNATC","robots":{"index":"index","follow":"follow","max-snippet":"max-snippet:-1","max-image-preview":"max-image-preview:large","max-video-preview":"max-video-preview:-1"},"canonical":"https:\/\/unatc.ro\/devunatc\/erasmus\/universitati-partenere\/","og_locale":"en_US","og_type":"article","og_title":"Universit\u0103\u021bi partenere - UNATC","og_description":"ENGLAND Loughton East 15 Acting School \u2013 Essex University Theatre www.east15.ac.uk BELGIUM Bruxelles LUCA School of Arts Film www.luca-arts.be BELGIUM...","og_url":"https:\/\/unatc.ro\/devunatc\/erasmus\/universitati-partenere\/","og_site_name":"UNATC","article_publisher":"https:\/\/www.facebook.com\/UNATC.ILC\/","article_modified_time":"2025-11-02T13:54:20+00:00","og_image":[{"width":2560,"height":917,"url":"https:\/\/unatc.ro\/devunatc\/wp-content\/uploads\/2020\/10\/rel-internationale-scaled.jpg","type":"image\/jpeg"}],"twitter_card":"summary_large_image","twitter_misc":{"Est. reading time":"3 minutes"},"schema":{"@context":"https:\/\/schema.org","@graph":[{"@type":"WebPage","@id":"https:\/\/unatc.ro\/devunatc\/erasmus\/universitati-partenere\/","url":"https:\/\/unatc.ro\/devunatc\/erasmus\/universitati-partenere\/","name":"Universit\u0103\u021bi partenere - UNATC","isPartOf":{"@id":"https:\/\/unatc.ro\/devunatc\/#website"},"primaryImageOfPage":{"@id":"https:\/\/unatc.ro\/devunatc\/erasmus\/universitati-partenere\/#primaryimage"},"image":{"@id":"https:\/\/unatc.ro\/devunatc\/erasmus\/universitati-partenere\/#primaryimage"},"thumbnailUrl":"https:\/\/unatc.ro\/devunatc\/wp-content\/uploads\/2020\/10\/rel-internationale-scaled.jpg","datePublished":"2020-10-11T10:29:17+00:00","dateModified":"2025-11-02T13:54:20+00:00","breadcrumb":{"@id":"https:\/\/unatc.ro\/devunatc\/erasmus\/universitati-partenere\/#breadcrumb"},"inLanguage":"en-US","potentialAction":[{"@type":"ReadAction","target":["https:\/\/unatc.ro\/devunatc\/erasmus\/universitati-partenere\/"]}]},{"@type":"ImageObject","inLanguage":"en-US","@id":"https:\/\/unatc.ro\/devunatc\/erasmus\/universitati-partenere\/#primaryimage","url":"https:\/\/unatc.ro\/devunatc\/wp-content\/uploads\/2020\/10\/rel-internationale-scaled.jpg","contentUrl":"https:\/\/unatc.ro\/devunatc\/wp-content\/uploads\/2020\/10\/rel-internationale-scaled.jpg","width":2560,"height":917,"caption":"UNATC International"},{"@type":"BreadcrumbList","@id":"https:\/\/unatc.ro\/devunatc\/erasmus\/universitati-partenere\/#breadcrumb","itemListElement":[{"@type":"ListItem","position":1,"name":"Home","item":"https:\/\/unatc.ro\/devunatc\/"},{"@type":"ListItem","position":2,"name":"Erasmus+","item":"https:\/\/unatc.ro\/devunatc\/erasmus\/"},{"@type":"ListItem","position":3,"name":"Universit\u0103\u021bi partenere"}]},{"@type":"WebSite","@id":"https:\/\/unatc.ro\/devunatc\/#website","url":"https:\/\/unatc.ro\/devunatc\/","name":"UNATC","description":"","publisher":{"@id":"https:\/\/unatc.ro\/devunatc\/#organization"},"potentialAction":[{"@type":"SearchAction","target":{"@type":"EntryPoint","urlTemplate":"https:\/\/unatc.ro\/devunatc\/?s={search_term_string}"},"query-input":{"@type":"PropertyValueSpecification","valueRequired":true,"valueName":"search_term_string"}}],"inLanguage":"en-US"},{"@type":"Organization","@id":"https:\/\/unatc.ro\/devunatc\/#organization","name":"UNATC","url":"https:\/\/unatc.ro\/devunatc\/","logo":{"@type":"ImageObject","inLanguage":"en-US","@id":"https:\/\/unatc.ro\/devunatc\/#\/schema\/logo\/image\/","url":"https:\/\/unatc.ro\/devunatc\/wp-content\/uploads\/2025\/07\/unatc_logo.png","contentUrl":"https:\/\/unatc.ro\/devunatc\/wp-content\/uploads\/2025\/07\/unatc_logo.png","width":480,"height":469,"caption":"UNATC"},"image":{"@id":"https:\/\/unatc.ro\/devunatc\/#\/schema\/logo\/image\/"},"sameAs":["https:\/\/www.facebook.com\/UNATC.ILC\/","https:\/\/www.youtube.com\/c\/unatcilcaragiale","https:\/\/www.instagram.com\/unatc_ilcaragiale\/?hl=en","https:\/\/www.tiktok.com\/@unatc?lang=en"]}]}},"jetpack_sharing_enabled":true,"_links":{"self":[{"href":"https:\/\/unatc.ro\/devunatc\/wp-json\/wp\/v2\/pages\/842","targetHints":{"allow":["GET"]}}],"collection":[{"href":"https:\/\/unatc.ro\/devunatc\/wp-json\/wp\/v2\/pages"}],"about":[{"href":"https:\/\/unatc.ro\/devunatc\/wp-json\/wp\/v2\/types\/page"}],"author":[{"embeddable":true,"href":"https:\/\/unatc.ro\/devunatc\/wp-json\/wp\/v2\/users\/1"}],"replies":[{"embeddable":true,"href":"https:\/\/unatc.ro\/devunatc\/wp-json\/wp\/v2\/comments?post=842"}],"version-history":[{"count":63,"href":"https:\/\/unatc.ro\/devunatc\/wp-json\/wp\/v2\/pages\/842\/revisions"}],"predecessor-version":[{"id":15857,"href":"https:\/\/unatc.ro\/devunatc\/wp-json\/wp\/v2\/pages\/842\/revisions\/15857"}],"up":[{"embeddable":true,"href":"https:\/\/unatc.ro\/devunatc\/wp-json\/wp\/v2\/pages\/19"}],"wp:featuredmedia":[{"embeddable":true,"href":"https:\/\/unatc.ro\/devunatc\/wp-json\/wp\/v2\/media\/1232"}],"wp:attachment":[{"href":"https:\/\/unatc.ro\/devunatc\/wp-json\/wp\/v2\/media?parent=842"}],"curies":[{"name":"wp","href":"https:\/\/api.w.org\/{rel}","templated":true}]}}