{"id":7293,"date":"2022-02-28T14:46:31","date_gmt":"2022-02-28T12:46:31","guid":{"rendered":"https:\/\/unatc.ro\/devunatc\/?page_id=7293"},"modified":"2024-11-27T23:30:53","modified_gmt":"2024-11-27T21:30:53","slug":"centrul-de-invatare-unatc","status":"publish","type":"page","link":"https:\/\/unatc.ro\/devunatc\/cercetare\/centrul-de-invatare-unatc\/","title":{"rendered":"Centrul de \u00cenv\u0103\u021bare UNATC"},"content":{"rendered":"\n<p><em>\u201eCompeten\u0163ele \u015fi \u00eenv\u0103\u0163\u0103mintele nu le deprinzi numai prin lectur\u0103 \u015fi prin studiu, ci prin ac\u0163iune \u015fi prin experimentare.\u201d (Henry Caldwell Cook, 1917)<\/em><\/p>\n\n\n\n<p><strong>Centrul de \u00cenv\u0103\u021bare UNATC<\/strong><\/p>\n\n\n\n<p>O platform\u0103 pentru promovarea \u00eenv\u0103\u021b\u0103rii formale \u0219i non-formale, a consilierii, sprijinirii, \u00eendrum\u0103rii, orient\u0103rii studen\u021bilor. Dezvoltarea abilit\u0103\u021bilor organiza\u021bionale \u0219i manageriale ale studen\u021bilor, care s\u0103 le permit\u0103 elaborarea unor proiecte \u0219i programe artistice dup\u0103 terminarea facult\u0103\u021bii: activit\u0103\u021bi de structurare a unui proiect pentru un call de finan\u021bare, activit\u0103\u021bi de curatoriat specifice artelor performative \u0219i filmului, activit\u0103\u021bi de dezvoltare academic\u0103. \u00cen cadrul acestei structuri se vor realiza cele dou\u0103 reviste studen\u021be\u0219ti: Film Menu \u0219i Theatron. Se vor organiza conferin\u021be, dezbateri, programe de tutorat, mentorat, ateliere pentru dezvoltarea competen\u021belor transversale, activit\u0103\u021bi de practic\u0103 \u0219i voluntariat.<\/p>\n\n\n\n<p><\/p>\n\n\n\n<p><strong>Contact Centrul de&nbsp;<\/strong><strong>\u00cenv\u0103\u021bare UNATC<\/strong><strong>:<\/strong>&nbsp;<\/p>\n\n\n\n<ul class=\"wp-block-list\">\n<li><a href=\"mailto:cercetare@unatc.ro\" target=\"_blank\" rel=\"noreferrer noopener\">cercetare@unatc.ro<\/a><\/li>\n\n\n\n<li>Str. Tudor Arghezi 3b, Sector 2, Bucure\u0219ti&nbsp;<\/li>\n<\/ul>\n\n\n\n<p><\/p>\n\n\n\n<p>Centrul de \u00cenv\u0103\u021bare UNATC a ap\u0103rut \u00een 2018, \u00een urma unui proiect finan\u021bat de Ministerul Educa\u021biei, prin Fondul de Dezvoltare Institu\u021bional\u0103 (CNFIS-FDI-2018-0205). Dezvoltarea acestui centru presupune c\u0103 studen\u021bii devin <em>pedagogii propriei arte<\/em>, dezvolt\u0103 competen\u021ba de a \u00eenv\u0103\u021ba s\u0103 \u00eenve\u021be \u0219i dob\u00e2ndesc abilitatea de a se sus\u021bine colegial.&nbsp;<\/p>\n\n\n\n<p>Obiectivul general a fost \u00eenfiin\u021barea unui centru de \u00eenv\u0103\u021bare pentru studen\u021bi, urm\u0103rind exersarea \u0219i aprofundarea abilit\u0103\u021bilor \u0219i cuno\u0219tin\u021belor, dotat modern pentru a sus\u021bine activit\u0103\u021bile practice \u015fi de cercetare.&nbsp;&nbsp;<\/p>\n\n\n\n<p>Inten\u021bia acestui centru este aceea de a pune la dispozi\u021bie un spa\u021biu pentru a se putea lucra cu deosebit\u0103 aten\u021bie asupra nivel\u0103rii asperit\u0103\u021bilor sociale, de a se c\u0103uta calea optim\u0103 de comunicare \u00eentre to\u021bi membrii grupurilor \u0219i de a se crea o platform\u0103 de interac\u021biune interdisciplinar\u0103 pentru studen\u021bii de la toate specializ\u0103rile cu scopul redefinirii \u0219i consolid\u0103rii comunit\u0103\u021bii academice UNATC.<\/p>\n\n\n\n<p>Proiectul ofer\u0103, \u00een acela\u0219i timp, ocazia masteranzilor de la Pedagogie Teatral\u0103, precum \u0219i studen\u021bilor din anii mai mari, \u00een special celor \u00eenscri\u0219i la studii \u00een cadrul Centrului de Preg\u0103tire Didactic\u0103 \u0219i Pedagogic\u0103, s\u0103-\u0219i realizeze orele de practic\u0103. Ei au sarcina de a-i supraveghea, coordona, consilia, sf\u0103tui pe \u201ebobocii\u201d care nu se integreaz\u0103 \u00een atelierele de lucru din care fac parte. \u00cen acela\u0219i timp, Centrul de \u00cenv\u0103\u021bare constituie o oportunitate pentru stabilirea unor direc\u021bii de mentorat realizate de profesorii universit\u0103\u021bii \u00een func\u021bie de interesele \u0219i nevoile specificate de c\u0103tre studen\u021bi.&nbsp;&nbsp;<\/p>\n\n\n\n<p>Dezvoltarea Centrului de \u00cenv\u0103\u021bare a continuat \u0219i \u00een anii urm\u0103tori prin c\u00e2\u0219tigarea altor proiecte finan\u021bate de Ministerul Educa\u021biei prin FDI (CNFIS-FDI-2019-0216; CNFIS-FDI-2020-0302).<\/p>\n\n\n\n<h2 class=\"wp-block-heading\">ACTIVIT\u0102\u021aI<\/h2>\n\n\n\n<h1 class=\"wp-block-heading\">Movement Makers: Choreography Lab<\/h1>\n\n\n\n<p>Movement Makers: Choreography Lab este un proiect al Centrului de \u00cenv\u0103\u021bare din cadrul Departamentului de Cercetare, Dezvoltare, Inovare care \u00ee\u0219i propune s\u0103 creeze o leg\u0103tur\u0103 \u00eentre studen\u021bii actuali ai Departamentului de Coregrafie UNATC \u0219i comunitatea absolven\u021bilor \u00een Art\u0103 coregrafic\u0103. Astfel, sunt aduse \u00een aten\u021bia noilor studen\u021bi abord\u0103ri, practici \u0219i perspective variate, necesare pentru \u00een\u021belegerea peisajului actual al domeniului coregrafic. Proiectul include ateliere de mi\u0219care \u0219i compozi\u021bie coregrafic\u0103, prelegeri \u0219i proiec\u021bii video ce se vor derula pe parcursul anului universitar.&nbsp;<\/p>\n\n\n\n<figure class=\"wp-block-image\"><img decoding=\"async\" src=\"https:\/\/lh7-qw.googleusercontent.com\/docsz\/AD_4nXeHc4SY9YRt8lyjooUVU5Y_fyb6DuSsXo95jEWZNx496ICResdjGzNrtN0ppWGLkKpFfFkso1A0ADyAzz9gJMHQifHDkrNwjflcxqHn6j8SPyFEnFDKbqC9TgRFV7FNrE6ugJS4hw?key=bcPq6vb8lcNHpn7hweY74Q7O\" alt=\"\"\/><\/figure>\n\n\n\n<p><\/p>\n\n\n\n<hr class=\"wp-block-separator has-alpha-channel-opacity\"\/>\n\n\n\n<h1 class=\"wp-block-heading\">Imaginile invizibilului \u00een opera lui Shakespeare<\/h1>\n\n\n\n<p>\u201eImaginile invizibilului \u00een opera lui Shakespeare\u201d este un proiect al Centrului de \u00cenv\u0103\u021bare din cadrul Departamentului de Cercetare, Dezvoltare, Inovare, dezvoltat \u00een parteneriat cu Universitatea din Bucure\u0219ti (Facultatea de Filosofie) \u0219i Asocia\u021bia cultural\u0103 Hestugma, desf\u0103\u0219urat \u00een cadrul celei de-a XV-a edi\u021bii a festivalului interdisciplinar RESPIR SHAKESPEARE (18-21 noiembrie 2024).<\/p>\n\n\n\n<p>Proiectul este destinat studen\u021bilor din cele dou\u0103 universit\u0103\u021bi partenere \u0219i include:<\/p>\n\n\n\n<p>&#8211; Prelegeri cu tema \u201eImaginile invizibilului \u00een opera lui Shakespeare (Hamlet \u0219i Othello)\u201d, sus\u021binute de conf. univ. dr. Sebastian Grama (Facultatea de Filosofie, Universitatea din Bucure\u0219ti)<\/p>\n\n\n\n<p>&#8211; Ateliere Shakespeare coordonate de conf. univ. dr. \u0218tefana Samfira (UNATC Bucure\u0219ti)<\/p>\n\n\n\n<figure class=\"wp-block-image\"><img decoding=\"async\" src=\"https:\/\/lh7-qw.googleusercontent.com\/docsz\/AD_4nXdhWch8QYpZR0vqg-oVH0OlBAxsGL5RlcTcR_TD36NHDeBk8eMynhTpf-j-wBFwyV094wlaUD73F9yXi6WyZhdIKuhTjBUWZ69JDAz4XZt8om5yqCEp_OsUNBIeWzD40uOXGyGz0A?key=bcPq6vb8lcNHpn7hweY74Q7O\" alt=\"\"\/><\/figure>\n\n\n\n<p><\/p>\n\n\n\n<hr class=\"wp-block-separator has-alpha-channel-opacity\"\/>\n\n\n\n<h1 class=\"wp-block-heading\">Nutri\u021bia \u00een via\u021ba actorului. Cum poate dieta influen\u021ba comportamentul uman<\/h1>\n\n\n\n<p>\u201eNutri\u021bia \u00een via\u021ba actorului. Cum poate dieta influen\u021ba comportamentul uman\u201d este un&nbsp; atelier exploratoriu al Centrului de \u00cenv\u0103\u021bare din cadrul Departamentului de Cercetare, Dezvoltare, Inovare, dezvoltat \u00een parteneriat cu Universitatea de Medicin\u0103 \u015fi Farmacie \u201eCarol Davila\u201d din Bucure\u015fti, \u00een baza protocolului cadru semnat \u00eentre cele dou\u0103 universit\u0103\u021bi pentru consultan\u021b\u0103 reciproc\u0103 \u00een vederea cercet\u0103rii \u0219i elabor\u0103rii unor materiale\/ lucr\u0103ri didactice\/ \u0219tiin\u021bifice, c\u00e2t \u0219i pentru efectuarea de ini\u021bieri, cursuri, proiecte \u0219i stagii de practic\u0103 ale studen\u021bilor, reziden\u021bilor \u0219i masteranzilor din cele dou\u0103 universit\u0103\u021bi.<\/p>\n\n\n\n<figure class=\"wp-block-image\"><img decoding=\"async\" src=\"https:\/\/lh7-qw.googleusercontent.com\/docsz\/AD_4nXdDieJsp4doT3xAI70DTkYZfhbap8w0HdZkK36hMw2xqpp6s-UzJ--CCD-6IVMzmGZa8hfK1xf6EXLZNA5gyoQYE45kyE9Tbb31cHV4uF8BTP18NMX3MWR_xUWgFErdXZjvXQqFGA?key=bcPq6vb8lcNHpn7hweY74Q7O\" alt=\"\"\/><\/figure>\n","protected":false},"excerpt":{"rendered":"<p class=\"no-padding\">\u201eCompeten\u0163ele \u015fi \u00eenv\u0103\u0163\u0103mintele nu le deprinzi numai prin lectur\u0103 \u015fi prin studiu, ci prin ac\u0163iune \u015fi prin experimentare.\u201d (Henry Caldwell&#8230;<\/p>\n","protected":false},"author":1,"featured_media":7847,"parent":17,"menu_order":0,"comment_status":"closed","ping_status":"closed","template":"template-tab-group-color.php","meta":{"footnotes":""},"class_list":["post-7293","page","type-page","status-publish","has-post-thumbnail","hentry"],"acf":{"galerie_foto":null,"titlu_prezentare_departament":"","text_prezentare_departament":"","alternative_page_title":"","page_contact_email":""},"yoast_head":"<!-- This site is optimized with the Yoast SEO plugin v27.4 - https:\/\/yoast.com\/product\/yoast-seo-wordpress\/ -->\n<title>Centrul de \u00cenv\u0103\u021bare UNATC - UNATC<\/title>\n<meta name=\"robots\" content=\"index, follow, max-snippet:-1, max-image-preview:large, max-video-preview:-1\" \/>\n<link rel=\"canonical\" href=\"https:\/\/unatc.ro\/devunatc\/cercetare\/centrul-de-invatare-unatc\/\" \/>\n<meta property=\"og:locale\" content=\"en_US\" \/>\n<meta property=\"og:type\" content=\"article\" \/>\n<meta property=\"og:title\" content=\"Centrul de \u00cenv\u0103\u021bare UNATC - UNATC\" \/>\n<meta property=\"og:description\" content=\"\u201eCompeten\u0163ele \u015fi \u00eenv\u0103\u0163\u0103mintele nu le deprinzi numai prin lectur\u0103 \u015fi prin studiu, ci prin ac\u0163iune \u015fi prin experimentare.\u201d (Henry Caldwell...\" \/>\n<meta property=\"og:url\" content=\"https:\/\/unatc.ro\/devunatc\/cercetare\/centrul-de-invatare-unatc\/\" \/>\n<meta property=\"og:site_name\" content=\"UNATC\" \/>\n<meta property=\"article:publisher\" content=\"https:\/\/www.facebook.com\/UNATC.ILC\/\" \/>\n<meta property=\"article:modified_time\" content=\"2024-11-27T21:30:53+00:00\" \/>\n<meta property=\"og:image\" content=\"https:\/\/unatc.ro\/devunatc\/wp-content\/uploads\/2022\/04\/8-centrul-de-invatare.png\" \/>\n\t<meta property=\"og:image:width\" content=\"2560\" \/>\n\t<meta property=\"og:image:height\" content=\"917\" \/>\n\t<meta property=\"og:image:type\" content=\"image\/png\" \/>\n<meta name=\"twitter:card\" content=\"summary_large_image\" \/>\n<meta name=\"twitter:label1\" content=\"Est. reading time\" \/>\n\t<meta name=\"twitter:data1\" content=\"4 minutes\" \/>\n<script type=\"application\/ld+json\" class=\"yoast-schema-graph\">{\"@context\":\"https:\\\/\\\/schema.org\",\"@graph\":[{\"@type\":\"WebPage\",\"@id\":\"https:\\\/\\\/unatc.ro\\\/devunatc\\\/cercetare\\\/centrul-de-invatare-unatc\\\/\",\"url\":\"https:\\\/\\\/unatc.ro\\\/devunatc\\\/cercetare\\\/centrul-de-invatare-unatc\\\/\",\"name\":\"Centrul de \u00cenv\u0103\u021bare UNATC - UNATC\",\"isPartOf\":{\"@id\":\"https:\\\/\\\/unatc.ro\\\/devunatc\\\/#website\"},\"primaryImageOfPage\":{\"@id\":\"https:\\\/\\\/unatc.ro\\\/devunatc\\\/cercetare\\\/centrul-de-invatare-unatc\\\/#primaryimage\"},\"image\":{\"@id\":\"https:\\\/\\\/unatc.ro\\\/devunatc\\\/cercetare\\\/centrul-de-invatare-unatc\\\/#primaryimage\"},\"thumbnailUrl\":\"https:\\\/\\\/unatc.ro\\\/devunatc\\\/wp-content\\\/uploads\\\/2022\\\/04\\\/8-centrul-de-invatare.png\",\"datePublished\":\"2022-02-28T12:46:31+00:00\",\"dateModified\":\"2024-11-27T21:30:53+00:00\",\"breadcrumb\":{\"@id\":\"https:\\\/\\\/unatc.ro\\\/devunatc\\\/cercetare\\\/centrul-de-invatare-unatc\\\/#breadcrumb\"},\"inLanguage\":\"en-US\",\"potentialAction\":[{\"@type\":\"ReadAction\",\"target\":[\"https:\\\/\\\/unatc.ro\\\/devunatc\\\/cercetare\\\/centrul-de-invatare-unatc\\\/\"]}]},{\"@type\":\"ImageObject\",\"inLanguage\":\"en-US\",\"@id\":\"https:\\\/\\\/unatc.ro\\\/devunatc\\\/cercetare\\\/centrul-de-invatare-unatc\\\/#primaryimage\",\"url\":\"https:\\\/\\\/unatc.ro\\\/devunatc\\\/wp-content\\\/uploads\\\/2022\\\/04\\\/8-centrul-de-invatare.png\",\"contentUrl\":\"https:\\\/\\\/unatc.ro\\\/devunatc\\\/wp-content\\\/uploads\\\/2022\\\/04\\\/8-centrul-de-invatare.png\",\"width\":2560,\"height\":917},{\"@type\":\"BreadcrumbList\",\"@id\":\"https:\\\/\\\/unatc.ro\\\/devunatc\\\/cercetare\\\/centrul-de-invatare-unatc\\\/#breadcrumb\",\"itemListElement\":[{\"@type\":\"ListItem\",\"position\":1,\"name\":\"Home\",\"item\":\"https:\\\/\\\/unatc.ro\\\/devunatc\\\/\"},{\"@type\":\"ListItem\",\"position\":2,\"name\":\"Cercetare\",\"item\":\"https:\\\/\\\/unatc.ro\\\/devunatc\\\/cercetare\\\/\"},{\"@type\":\"ListItem\",\"position\":3,\"name\":\"Centrul de \u00cenv\u0103\u021bare UNATC\"}]},{\"@type\":\"WebSite\",\"@id\":\"https:\\\/\\\/unatc.ro\\\/devunatc\\\/#website\",\"url\":\"https:\\\/\\\/unatc.ro\\\/devunatc\\\/\",\"name\":\"UNATC\",\"description\":\"\",\"publisher\":{\"@id\":\"https:\\\/\\\/unatc.ro\\\/devunatc\\\/#organization\"},\"potentialAction\":[{\"@type\":\"SearchAction\",\"target\":{\"@type\":\"EntryPoint\",\"urlTemplate\":\"https:\\\/\\\/unatc.ro\\\/devunatc\\\/?s={search_term_string}\"},\"query-input\":{\"@type\":\"PropertyValueSpecification\",\"valueRequired\":true,\"valueName\":\"search_term_string\"}}],\"inLanguage\":\"en-US\"},{\"@type\":\"Organization\",\"@id\":\"https:\\\/\\\/unatc.ro\\\/devunatc\\\/#organization\",\"name\":\"UNATC\",\"url\":\"https:\\\/\\\/unatc.ro\\\/devunatc\\\/\",\"logo\":{\"@type\":\"ImageObject\",\"inLanguage\":\"en-US\",\"@id\":\"https:\\\/\\\/unatc.ro\\\/devunatc\\\/#\\\/schema\\\/logo\\\/image\\\/\",\"url\":\"https:\\\/\\\/unatc.ro\\\/devunatc\\\/wp-content\\\/uploads\\\/2025\\\/07\\\/unatc_logo.png\",\"contentUrl\":\"https:\\\/\\\/unatc.ro\\\/devunatc\\\/wp-content\\\/uploads\\\/2025\\\/07\\\/unatc_logo.png\",\"width\":480,\"height\":469,\"caption\":\"UNATC\"},\"image\":{\"@id\":\"https:\\\/\\\/unatc.ro\\\/devunatc\\\/#\\\/schema\\\/logo\\\/image\\\/\"},\"sameAs\":[\"https:\\\/\\\/www.facebook.com\\\/UNATC.ILC\\\/\",\"https:\\\/\\\/www.youtube.com\\\/c\\\/unatcilcaragiale\",\"https:\\\/\\\/www.instagram.com\\\/unatc_ilcaragiale\\\/?hl=en\",\"https:\\\/\\\/www.tiktok.com\\\/@unatc?lang=en\"]}]}<\/script>\n<!-- \/ Yoast SEO plugin. -->","yoast_head_json":{"title":"Centrul de \u00cenv\u0103\u021bare UNATC - UNATC","robots":{"index":"index","follow":"follow","max-snippet":"max-snippet:-1","max-image-preview":"max-image-preview:large","max-video-preview":"max-video-preview:-1"},"canonical":"https:\/\/unatc.ro\/devunatc\/cercetare\/centrul-de-invatare-unatc\/","og_locale":"en_US","og_type":"article","og_title":"Centrul de \u00cenv\u0103\u021bare UNATC - UNATC","og_description":"\u201eCompeten\u0163ele \u015fi \u00eenv\u0103\u0163\u0103mintele nu le deprinzi numai prin lectur\u0103 \u015fi prin studiu, ci prin ac\u0163iune \u015fi prin experimentare.\u201d (Henry Caldwell...","og_url":"https:\/\/unatc.ro\/devunatc\/cercetare\/centrul-de-invatare-unatc\/","og_site_name":"UNATC","article_publisher":"https:\/\/www.facebook.com\/UNATC.ILC\/","article_modified_time":"2024-11-27T21:30:53+00:00","og_image":[{"width":2560,"height":917,"url":"https:\/\/unatc.ro\/devunatc\/wp-content\/uploads\/2022\/04\/8-centrul-de-invatare.png","type":"image\/png"}],"twitter_card":"summary_large_image","twitter_misc":{"Est. reading time":"4 minutes"},"schema":{"@context":"https:\/\/schema.org","@graph":[{"@type":"WebPage","@id":"https:\/\/unatc.ro\/devunatc\/cercetare\/centrul-de-invatare-unatc\/","url":"https:\/\/unatc.ro\/devunatc\/cercetare\/centrul-de-invatare-unatc\/","name":"Centrul de \u00cenv\u0103\u021bare UNATC - UNATC","isPartOf":{"@id":"https:\/\/unatc.ro\/devunatc\/#website"},"primaryImageOfPage":{"@id":"https:\/\/unatc.ro\/devunatc\/cercetare\/centrul-de-invatare-unatc\/#primaryimage"},"image":{"@id":"https:\/\/unatc.ro\/devunatc\/cercetare\/centrul-de-invatare-unatc\/#primaryimage"},"thumbnailUrl":"https:\/\/unatc.ro\/devunatc\/wp-content\/uploads\/2022\/04\/8-centrul-de-invatare.png","datePublished":"2022-02-28T12:46:31+00:00","dateModified":"2024-11-27T21:30:53+00:00","breadcrumb":{"@id":"https:\/\/unatc.ro\/devunatc\/cercetare\/centrul-de-invatare-unatc\/#breadcrumb"},"inLanguage":"en-US","potentialAction":[{"@type":"ReadAction","target":["https:\/\/unatc.ro\/devunatc\/cercetare\/centrul-de-invatare-unatc\/"]}]},{"@type":"ImageObject","inLanguage":"en-US","@id":"https:\/\/unatc.ro\/devunatc\/cercetare\/centrul-de-invatare-unatc\/#primaryimage","url":"https:\/\/unatc.ro\/devunatc\/wp-content\/uploads\/2022\/04\/8-centrul-de-invatare.png","contentUrl":"https:\/\/unatc.ro\/devunatc\/wp-content\/uploads\/2022\/04\/8-centrul-de-invatare.png","width":2560,"height":917},{"@type":"BreadcrumbList","@id":"https:\/\/unatc.ro\/devunatc\/cercetare\/centrul-de-invatare-unatc\/#breadcrumb","itemListElement":[{"@type":"ListItem","position":1,"name":"Home","item":"https:\/\/unatc.ro\/devunatc\/"},{"@type":"ListItem","position":2,"name":"Cercetare","item":"https:\/\/unatc.ro\/devunatc\/cercetare\/"},{"@type":"ListItem","position":3,"name":"Centrul de \u00cenv\u0103\u021bare UNATC"}]},{"@type":"WebSite","@id":"https:\/\/unatc.ro\/devunatc\/#website","url":"https:\/\/unatc.ro\/devunatc\/","name":"UNATC","description":"","publisher":{"@id":"https:\/\/unatc.ro\/devunatc\/#organization"},"potentialAction":[{"@type":"SearchAction","target":{"@type":"EntryPoint","urlTemplate":"https:\/\/unatc.ro\/devunatc\/?s={search_term_string}"},"query-input":{"@type":"PropertyValueSpecification","valueRequired":true,"valueName":"search_term_string"}}],"inLanguage":"en-US"},{"@type":"Organization","@id":"https:\/\/unatc.ro\/devunatc\/#organization","name":"UNATC","url":"https:\/\/unatc.ro\/devunatc\/","logo":{"@type":"ImageObject","inLanguage":"en-US","@id":"https:\/\/unatc.ro\/devunatc\/#\/schema\/logo\/image\/","url":"https:\/\/unatc.ro\/devunatc\/wp-content\/uploads\/2025\/07\/unatc_logo.png","contentUrl":"https:\/\/unatc.ro\/devunatc\/wp-content\/uploads\/2025\/07\/unatc_logo.png","width":480,"height":469,"caption":"UNATC"},"image":{"@id":"https:\/\/unatc.ro\/devunatc\/#\/schema\/logo\/image\/"},"sameAs":["https:\/\/www.facebook.com\/UNATC.ILC\/","https:\/\/www.youtube.com\/c\/unatcilcaragiale","https:\/\/www.instagram.com\/unatc_ilcaragiale\/?hl=en","https:\/\/www.tiktok.com\/@unatc?lang=en"]}]}},"jetpack_sharing_enabled":true,"_links":{"self":[{"href":"https:\/\/unatc.ro\/devunatc\/wp-json\/wp\/v2\/pages\/7293","targetHints":{"allow":["GET"]}}],"collection":[{"href":"https:\/\/unatc.ro\/devunatc\/wp-json\/wp\/v2\/pages"}],"about":[{"href":"https:\/\/unatc.ro\/devunatc\/wp-json\/wp\/v2\/types\/page"}],"author":[{"embeddable":true,"href":"https:\/\/unatc.ro\/devunatc\/wp-json\/wp\/v2\/users\/1"}],"replies":[{"embeddable":true,"href":"https:\/\/unatc.ro\/devunatc\/wp-json\/wp\/v2\/comments?post=7293"}],"version-history":[{"count":6,"href":"https:\/\/unatc.ro\/devunatc\/wp-json\/wp\/v2\/pages\/7293\/revisions"}],"predecessor-version":[{"id":14354,"href":"https:\/\/unatc.ro\/devunatc\/wp-json\/wp\/v2\/pages\/7293\/revisions\/14354"}],"up":[{"embeddable":true,"href":"https:\/\/unatc.ro\/devunatc\/wp-json\/wp\/v2\/pages\/17"}],"wp:featuredmedia":[{"embeddable":true,"href":"https:\/\/unatc.ro\/devunatc\/wp-json\/wp\/v2\/media\/7847"}],"wp:attachment":[{"href":"https:\/\/unatc.ro\/devunatc\/wp-json\/wp\/v2\/media?parent=7293"}],"curies":[{"name":"wp","href":"https:\/\/api.w.org\/{rel}","templated":true}]}}