{"id":7277,"date":"2022-02-28T14:33:47","date_gmt":"2022-02-28T12:33:47","guid":{"rendered":"https:\/\/unatc.ro\/devunatc\/?page_id=7277"},"modified":"2023-05-04T11:37:39","modified_gmt":"2023-05-04T09:37:39","slug":"unatc-press","status":"publish","type":"page","link":"https:\/\/unatc.ro\/devunatc\/cercetare\/unatc-press\/","title":{"rendered":"UNATC PRESS"},"content":{"rendered":"\n<p><em>\u201eO editur\u0103 de succes este cea care intuie\u0219te viitorul, nu care imit\u0103 trecutul.\u201d<\/em> (Helen Jacobs)<br><\/p>\n\n\n\n<p>Editura UNATC PRESS, aflat\u0103 \u00een acest moment \u00eentr-un proces de reorganizare, \u00ee\u0219i propune s\u0103 devin\u0103 cea mai important\u0103 editur\u0103 a unei universit\u0103\u021bi cu profil voca\u021bional din Rom\u00e2nia \u0219i unul dintre cele mai \u00eendr\u0103gite branduri \u00een r\u00e2ndul editurilor care public\u0103 volume din sfera teatru \u0219i artele spectacolului, cinematografie \u0219i media.&nbsp;&nbsp;<\/p>\n\n\n\n<p>Prin \u00eentreaga sa activitate, UNATC PRESS \u00ee\u0219i propune s\u0103 contribuie la cre\u0219terea prestigiului UNATC \u00een \u021bar\u0103 \u0219i \u00een str\u0103in\u0103tate, disemin\u00e2nd rezultatele cercet\u0103rii relevante \u00een domeniile specifice.<br><\/p>\n\n\n\n<p><strong>Contact UNATC Press:<\/strong>&nbsp;<\/p>\n\n\n\n<ul class=\"wp-block-list\">\n<li><a href=\"mailto:editura@unatc.ro\">editura@unatc.ro<\/a>&nbsp;<\/li>\n\n\n\n<li>Str. Tudor Arghezi 3-b, Sector 2, Bucure\u0219ti\u00a0<\/li>\n<\/ul>\n\n\n\n<p><\/p>\n\n\n\n<p><strong>REVISTA<\/strong> <strong>CONCEPT <\/strong>este o publica\u021bie academic\u0103 bianual\u0103 open access, care apare din 2010. Publica\u021bia folose\u0219te sistemul double-blind peer-review, este clasificat\u0103 C de c\u0103tre Consiliul Na\u021bional al Cercet\u0103rii \u0218tiin\u021bifice din Rom\u00e2nia \u0219i este indexat\u0103 \u00een mai multe baze de date interna\u0163ionale: CEEOL, SCIPIO, EBSCO. De-a lungul celor 11 ani de apari\u021bie, colegiul de redac\u021bie a avut ca obiectiv principal diseminarea rezultatelor cercet\u0103rii \u015ftiin\u0163ifice desf\u0103\u015furate de c\u0103tre cadrele didactice \u015fi de cercetare din cadrul universit\u0103\u0163ilor de profil din \u0163ar\u0103 \u015fi str\u0103in\u0103tate. Revista \u015fi-a propus s\u0103 ilustreze toate activit\u0103\u0163ile specifice domeniului, \u00een toat\u0103 varietatea \u015fi diversitatea lor, elementul de unitate constituindu-l cercetarea \u015ftiin\u0163ific\u0103 ca rezultat al experien\u0163ei practice \u00een domeniul artistic legat de teatru \u015fi artele spectacolului \u015fi&nbsp; cinematografie \u015fi media.<\/p>\n\n\n\n<p>ISSN 2248-3756 * ISSN-L 2068-4444<\/p>\n\n\n\n<p><strong>Contact revista Concept:<\/strong>&nbsp;<\/p>\n\n\n\n<ul class=\"wp-block-list\">\n<li><a href=\"mailto:concept@unatc.ro\">concept@unatc.ro<\/a>&nbsp;&nbsp;<\/li>\n\n\n\n<li>Str. Tudor Arghezi 3-b, Sector 2, Bucure\u0219ti&nbsp;<\/li>\n\n\n\n<li>Redactor \u0219ef: conf.univ.dr. Mihaela Be\u021biu<\/li>\n<\/ul>\n\n\n\n<p><\/p>\n\n\n\n<hr class=\"wp-block-separator has-css-opacity is-style-wide\"\/>\n\n\n\n<p><strong>Close-Up<\/strong><\/p>\n\n\n\n<p><strong>Close Up: Film and Media Studies<\/strong>, revist\u0103 bianual\u0103 \u00een limba englez\u0103, reprezint\u0103 o platform\u0103 important\u0103 pentru cercet\u0103torii interesa\u021bi de explorarea celor mai recente aspecte din lumea cinematografiei, filmului, televiziunii \u0219i noilor media. \u00cen articolele de cercetare prezente \u00een paginile revistei se reg\u0103sesc abord\u0103ri proaspete \u0219i interdisciplinare ce \u00eenglobeaz\u0103 teoria filmului \u0219i media, teoria reprezent\u0103rii, filosofie, antropologie, sociologie, studii culturale \u0219.a., articole ce analizeaz\u0103 \u00een detaliu noile forme de practic\u0103 cinematografic\u0103 \u0219i media \u0219i care \u00eencearc\u0103 s\u0103 aplice noi instrumente de investiga\u021bie \u0219i s\u0103 l\u0103rgeasc\u0103 orizontul studiilor din aceste domenii.<\/p>\n\n\n\n<p>ISSN 2286 \u2013 4466 * ISSN-L 2286 \u2013 4466<\/p>\n\n\n\n<p><strong>Contact revista Close-Up:<\/strong>&nbsp;<\/p>\n\n\n\n<ul class=\"wp-block-list\">\n<li>Str. Tudor Arghezi 3-b, Sector 2, Bucure\u0219ti&nbsp;<\/li>\n\n\n\n<li>Coordonare: <a href=\"https:\/\/unatc.ro\/devunatc\/post_type_departamen\/scenaristica-2\/\">Departamentul Scenaristic\u0103, Filmologie UNATC<\/a><\/li>\n<\/ul>\n\n\n\n<p><\/p>\n\n\n\n<hr class=\"wp-block-separator has-css-opacity is-style-wide\"\/>\n\n\n\n<p><strong>Theatron<\/strong><\/p>\n\n\n\n<p><strong>THEATRON <\/strong>este locul \u00een care studen\u021bii Facult\u0103\u021bii de Teatru din cadrul Universit\u0103\u021bii Na\u021bionale de Art\u0103 Teatral\u0103 \u0219i Cinematografic\u0103 \u201eIon Luca Caragiale\u201d din Bucure\u015fti \u2013 actori, p\u0103pu\u0219ari, regizori, critici, coregrafi \u0219i scenografi \u2013 comunic\u0103 \u00eentre ei \u0219i se comunic\u0103 pe ei, spa\u021biul unde ace\u0219tia vorbesc despre proiectele \u0219i planurile lor. Dinamic\u0103, aerisit\u0103, divers\u0103, publica\u021bia \u201escaneaz\u0103\u201d, cu imagina\u021bie \u0219i profesionalism, dar \u0219i cu prospe\u021bimea specific\u0103 v\u00e2rstei studen\u021be\u0219ti, universul de preocup\u0103ri ale viitorilor oameni de teatru.&nbsp;<\/p>\n\n\n\n<p>\u201eTheatron\u201d \u00een limba greac\u0103 \u00eenseamn\u0103 \u201elocul din care se vede\u201d.&nbsp;<\/p>\n\n\n\n<p>Revista bianual\u0103 realizat\u0103 de c\u0103tre studen\u021bii teatrologi a fost g\u00e2ndit\u0103 ca un spa\u021biu al dezbaterii \u0219i comunic\u0103rii, care s\u0103 reflecte activitatea de crea\u021bie a tuturor studen\u021bilor Facult\u0103\u021bii de Teatru &#8211; actori, p\u0103pu\u0219ari, regizori, critici, coregrafi \u0219i scenografi. A\u0219a cum un amfiteatru deschide un spa\u021biu larg privirii spectatorului, tot astfel Theatron \u00ee\u0219i propune s\u0103 ofere o perspectiv\u0103 c\u00e2t mai cuprinz\u0103toare asupra noilor genera\u021bii de arti\u0219ti, aduc\u00e2nd \u00een prim-plan aspira\u021biile \u0219i valorile lor.<\/p>\n\n\n\n<p><strong>Contact revista Teatron:<\/strong>&nbsp;<\/p>\n\n\n\n<ul class=\"wp-block-list\">\n<li>Str. Tudor Arghezi 3-b, Sector 2, Bucure\u0219ti&nbsp;<\/li>\n\n\n\n<li>Coordonare: <a href=\"https:\/\/unatc.ro\/devunatc\/post_type_departamen\/teatrologie-management-cultural-jurnalism-teatral\/\">Departamentul de Teatrologie UNATC<\/a><\/li>\n<\/ul>\n\n\n\n<p><\/p>\n\n\n\n<hr class=\"wp-block-separator has-css-opacity is-style-wide\"\/>\n\n\n\n<p><strong>FILM MENU<\/strong><\/p>\n\n\n\n<p><a href=\"https:\/\/filmmenu.wordpress.com\/?fbclid=IwAR0Y1aLgt_efEIjPyiqb4oOWO-0-CIpjjppVwOiSt-0NI1R2oFqh8JkQDTw\"><strong>FILM MENU<\/strong><\/a> este o revist\u0103 de cultur\u0103 cinematografic\u0103 editat\u0103 de studen\u021bii Facult\u0103\u021bii de Film din cadrul Universit\u0103\u021bii Na\u021bionale de Art\u0103 Teatral\u0103 \u0219i Cinematografic\u0103 \u201eIon Luca Caragiale\u201d din Bucure\u015fti. Publica\u021bia \u00ee\u0219i dore\u0219te s\u0103 sprijine critica autohton\u0103, formarea viitorilor speciali\u0219ti \u00een domeniu \u0219i educa\u021bia cinematografic\u0103 din Rom\u00e2nia. Conex revistei, FILM MENU organizeaz\u0103 propriul Cineclub.<\/p>\n\n\n\n<p>ISSN 2246 \u2013 9095 * ISSN-L 2246 \u2013 9095<\/p>\n\n\n\n<p><strong>Contact revista FILM MENU:<\/strong>&nbsp;<\/p>\n\n\n\n<ul class=\"wp-block-list\">\n<li>Str. Tudor Arghezi 3-b, Sector 2, Bucure\u0219ti&nbsp;<\/li>\n\n\n\n<li>Echipa <em>Film Menu<\/em> poate fi contactat\u0103 pe pagina <a href=\"https:\/\/www.facebook.com\/FilmMenu\/\">facebook.com\/FilmMenu<\/a><\/li>\n<\/ul>\n\n\n\n<hr class=\"wp-block-separator has-css-opacity is-style-wide\"\/>\n\n\n\n<p><strong>CINETic REVIEW<\/strong><\/p>\n\n\n\n<p><a href=\"https:\/\/cinetic.arts.ro\/en\/cinetic-review\/\">CINETIC REVIEW<\/a> este o revist\u0103 academic\u0103 interdisciplinar\u0103 aflat\u0103 la intersec\u021bia artei cu \u0219tiin\u021ba \u0219i noile tehnologii, publicat\u0103 de UNATC Press. Revista apare \u00een regim open access \u0219i reune\u0219te articole de cercetare \u00een limba englez\u0103, cu rezultate originale \u00een cercetare, dezvoltare \u0219i procese creative cu abord\u0103ri interdisciplinare. Misiunea revistei este de a \u00eencuraja comunicarea \u0219i permeabilitatea informa\u021biei interdisciplinare prin aducerea \u00eempreun\u0103 a rezultatelor, metodologiilor \u0219i abord\u0103rilor din arte, \u0219tiin\u021b\u0103 \u0219i tehnologii.<\/p>\n\n\n\n<p>ISSN 2668-7186 * ISSN-L 2668-7186<\/p>\n\n\n\n<p>CfP: <a href=\"https:\/\/cinetic.arts.ro\/call-for-papers\/\">https:\/\/cinetic.arts.ro\/call-for-papers\/<\/a>&nbsp;<\/p>\n\n\n\n<p><strong>Contact revista CINETic REVIEW:<\/strong>&nbsp;<\/p>\n\n\n\n<ul class=\"wp-block-list\">\n<li><a href=\"mailto:cinetic@unatc.ro\">cinetic@unatc.ro<\/a>&nbsp;<\/li>\n\n\n\n<li>Str. Tudor Arghezi 3-b, Sector 2, Bucure\u0219ti<\/li>\n<\/ul>\n\n\n\n<hr class=\"wp-block-separator has-css-opacity is-style-wide\"\/>\n\n\n\n<p><strong>UNATC Journal of Drama Teaching<\/strong> este o publica\u0163ie academic\u0103 interna\u0163ional\u0103 \u0219i interdisciplinar\u0103 de cercetare artistic\u0103, cuprinz\u00e2nd studii teoretice \u0219i empirice \u00een domenii precum pedagogia teatral\u0103, teatrul aplicat \u00een educa\u0163ie sau utilizarea noilor media \u0219i a cinematografiei \u00een educa\u0163ie. Publica\u0163ia \u00ee\u0219i propune s\u0103 reuneasc\u0103 lucr\u0103ri scrise de diferi\u0163i cercet\u0103tori, at\u00e2t la nivel na\u0163ional, c\u00e2t \u0219i interna\u0163ional, cu scopul de a crea o re\u0163ea interna\u0163ional\u0103 care s\u0103 faciliteze schimbul de idei \u0219i bune practici \u00een domeniul artistic \u0219i pedagogic. UNATC Journal of Drama Teaching este editat\u0103 \u00een cadrul Departamentului de Arta Actorului de la UNATC, cu un grup interna\u0163ional de recenzori \u00een sistem peer\u2010review.<\/p>\n\n\n\n<p><strong>Caietele Pedagogiei Teatrale<\/strong> este o revist\u0103 ini\u021biat\u0103 \u0219i coordonat\u0103 de studen\u021bii de la Master Pedagogie Teatral\u0103, sub \u00eendrumarea unui colectiv de profesori din Facultatea de Teatru. Articolele publicate constituie lucr\u0103ri teoretice \u0219i practice realizate de c\u0103tre studen\u021bii UNATC \u00een domeniul pedagogiei artistice pe durata studiilor de master sau doctorat.<\/p>\n\n\n\n<p><strong>Doctoral Horizons<\/strong> [titlul complet: Doctoral Horizons. Doctoral Journal for scientific research and artistic creation in the fields of theatre and performing arts, film and media] este o revist\u0103 interna\u021bional\u0103 dedicat\u0103 cercet\u0103rii \u0219tiin\u021bifice \u0219i crea\u021biei artistice, ini\u021biat\u0103 \u00een cadrul proiectului de dezvoltare institu\u021bional\u0103 finan\u021bat de M.E. \u00een 2019, \u201eCercetarea artistic\u0103 \u00eentre studiu \u0219i experiment. Alinierea \u0218colii Doctorale UNATC la nivelul de excelen\u021b\u0103 European\u201d (cod CNFIS-FDI-2019-0006). Aflat\u0103 sub tutela Departamentului de Studii Doctorale UNATC, revista g\u0103zduie\u0219te publicarea de studii inovative, teoretice \u0219i experimentale \u00een domeniile teatru \u0219i artele spectacolului \u0219i cinematografie \u0219i media. Temele abordate reflect\u0103 cercet\u0103ri inter, trans \u0219i multidisciplinare ale studen\u021bilor \u0219i profesorilor din domeniile men\u021bionate \u0219i constituie o platform\u0103 de schimb de experien\u021b\u0103 la nivel doctoral.<\/p>\n","protected":false},"excerpt":{"rendered":"<p class=\"no-padding\">\u201eO editur\u0103 de succes este cea care intuie\u0219te viitorul, nu care imit\u0103 trecutul.\u201d (Helen Jacobs) Editura UNATC PRESS, aflat\u0103 \u00een&#8230;<\/p>\n","protected":false},"author":1,"featured_media":7845,"parent":17,"menu_order":0,"comment_status":"closed","ping_status":"closed","template":"template-tab-group-color.php","meta":{"footnotes":""},"class_list":["post-7277","page","type-page","status-publish","has-post-thumbnail","hentry"],"acf":{"galerie_foto":null,"titlu_prezentare_departament":"","text_prezentare_departament":"","alternative_page_title":"","page_contact_email":""},"yoast_head":"<!-- This site is optimized with the Yoast SEO plugin v27.4 - https:\/\/yoast.com\/product\/yoast-seo-wordpress\/ -->\n<title>UNATC PRESS - UNATC<\/title>\n<meta name=\"robots\" content=\"index, follow, max-snippet:-1, max-image-preview:large, max-video-preview:-1\" \/>\n<link rel=\"canonical\" href=\"https:\/\/unatc.ro\/devunatc\/cercetare\/unatc-press\/\" \/>\n<meta property=\"og:locale\" content=\"en_US\" \/>\n<meta property=\"og:type\" content=\"article\" \/>\n<meta property=\"og:title\" content=\"UNATC PRESS - UNATC\" \/>\n<meta property=\"og:description\" content=\"\u201eO editur\u0103 de succes este cea care intuie\u0219te viitorul, nu care imit\u0103 trecutul.\u201d (Helen Jacobs) Editura UNATC PRESS, aflat\u0103 \u00een...\" \/>\n<meta property=\"og:url\" content=\"https:\/\/unatc.ro\/devunatc\/cercetare\/unatc-press\/\" \/>\n<meta property=\"og:site_name\" content=\"UNATC\" \/>\n<meta property=\"article:publisher\" content=\"https:\/\/www.facebook.com\/UNATC.ILC\/\" \/>\n<meta property=\"article:modified_time\" content=\"2023-05-04T09:37:39+00:00\" \/>\n<meta property=\"og:image\" content=\"https:\/\/unatc.ro\/devunatc\/wp-content\/uploads\/2022\/04\/6-unatc-press.png\" \/>\n\t<meta property=\"og:image:width\" content=\"2560\" \/>\n\t<meta property=\"og:image:height\" content=\"917\" \/>\n\t<meta property=\"og:image:type\" content=\"image\/png\" \/>\n<meta name=\"twitter:card\" content=\"summary_large_image\" \/>\n<meta name=\"twitter:label1\" content=\"Est. reading time\" \/>\n\t<meta name=\"twitter:data1\" content=\"6 minutes\" \/>\n<script type=\"application\/ld+json\" class=\"yoast-schema-graph\">{\"@context\":\"https:\\\/\\\/schema.org\",\"@graph\":[{\"@type\":\"WebPage\",\"@id\":\"https:\\\/\\\/unatc.ro\\\/devunatc\\\/cercetare\\\/unatc-press\\\/\",\"url\":\"https:\\\/\\\/unatc.ro\\\/devunatc\\\/cercetare\\\/unatc-press\\\/\",\"name\":\"UNATC PRESS - UNATC\",\"isPartOf\":{\"@id\":\"https:\\\/\\\/unatc.ro\\\/devunatc\\\/#website\"},\"primaryImageOfPage\":{\"@id\":\"https:\\\/\\\/unatc.ro\\\/devunatc\\\/cercetare\\\/unatc-press\\\/#primaryimage\"},\"image\":{\"@id\":\"https:\\\/\\\/unatc.ro\\\/devunatc\\\/cercetare\\\/unatc-press\\\/#primaryimage\"},\"thumbnailUrl\":\"https:\\\/\\\/unatc.ro\\\/devunatc\\\/wp-content\\\/uploads\\\/2022\\\/04\\\/6-unatc-press.png\",\"datePublished\":\"2022-02-28T12:33:47+00:00\",\"dateModified\":\"2023-05-04T09:37:39+00:00\",\"breadcrumb\":{\"@id\":\"https:\\\/\\\/unatc.ro\\\/devunatc\\\/cercetare\\\/unatc-press\\\/#breadcrumb\"},\"inLanguage\":\"en-US\",\"potentialAction\":[{\"@type\":\"ReadAction\",\"target\":[\"https:\\\/\\\/unatc.ro\\\/devunatc\\\/cercetare\\\/unatc-press\\\/\"]}]},{\"@type\":\"ImageObject\",\"inLanguage\":\"en-US\",\"@id\":\"https:\\\/\\\/unatc.ro\\\/devunatc\\\/cercetare\\\/unatc-press\\\/#primaryimage\",\"url\":\"https:\\\/\\\/unatc.ro\\\/devunatc\\\/wp-content\\\/uploads\\\/2022\\\/04\\\/6-unatc-press.png\",\"contentUrl\":\"https:\\\/\\\/unatc.ro\\\/devunatc\\\/wp-content\\\/uploads\\\/2022\\\/04\\\/6-unatc-press.png\",\"width\":2560,\"height\":917},{\"@type\":\"BreadcrumbList\",\"@id\":\"https:\\\/\\\/unatc.ro\\\/devunatc\\\/cercetare\\\/unatc-press\\\/#breadcrumb\",\"itemListElement\":[{\"@type\":\"ListItem\",\"position\":1,\"name\":\"Home\",\"item\":\"https:\\\/\\\/unatc.ro\\\/devunatc\\\/\"},{\"@type\":\"ListItem\",\"position\":2,\"name\":\"Cercetare\",\"item\":\"https:\\\/\\\/unatc.ro\\\/devunatc\\\/cercetare\\\/\"},{\"@type\":\"ListItem\",\"position\":3,\"name\":\"UNATC PRESS\"}]},{\"@type\":\"WebSite\",\"@id\":\"https:\\\/\\\/unatc.ro\\\/devunatc\\\/#website\",\"url\":\"https:\\\/\\\/unatc.ro\\\/devunatc\\\/\",\"name\":\"UNATC\",\"description\":\"\",\"publisher\":{\"@id\":\"https:\\\/\\\/unatc.ro\\\/devunatc\\\/#organization\"},\"potentialAction\":[{\"@type\":\"SearchAction\",\"target\":{\"@type\":\"EntryPoint\",\"urlTemplate\":\"https:\\\/\\\/unatc.ro\\\/devunatc\\\/?s={search_term_string}\"},\"query-input\":{\"@type\":\"PropertyValueSpecification\",\"valueRequired\":true,\"valueName\":\"search_term_string\"}}],\"inLanguage\":\"en-US\"},{\"@type\":\"Organization\",\"@id\":\"https:\\\/\\\/unatc.ro\\\/devunatc\\\/#organization\",\"name\":\"UNATC\",\"url\":\"https:\\\/\\\/unatc.ro\\\/devunatc\\\/\",\"logo\":{\"@type\":\"ImageObject\",\"inLanguage\":\"en-US\",\"@id\":\"https:\\\/\\\/unatc.ro\\\/devunatc\\\/#\\\/schema\\\/logo\\\/image\\\/\",\"url\":\"https:\\\/\\\/unatc.ro\\\/devunatc\\\/wp-content\\\/uploads\\\/2025\\\/07\\\/unatc_logo.png\",\"contentUrl\":\"https:\\\/\\\/unatc.ro\\\/devunatc\\\/wp-content\\\/uploads\\\/2025\\\/07\\\/unatc_logo.png\",\"width\":480,\"height\":469,\"caption\":\"UNATC\"},\"image\":{\"@id\":\"https:\\\/\\\/unatc.ro\\\/devunatc\\\/#\\\/schema\\\/logo\\\/image\\\/\"},\"sameAs\":[\"https:\\\/\\\/www.facebook.com\\\/UNATC.ILC\\\/\",\"https:\\\/\\\/www.youtube.com\\\/c\\\/unatcilcaragiale\",\"https:\\\/\\\/www.instagram.com\\\/unatc_ilcaragiale\\\/?hl=en\",\"https:\\\/\\\/www.tiktok.com\\\/@unatc?lang=en\"]}]}<\/script>\n<!-- \/ Yoast SEO plugin. -->","yoast_head_json":{"title":"UNATC PRESS - UNATC","robots":{"index":"index","follow":"follow","max-snippet":"max-snippet:-1","max-image-preview":"max-image-preview:large","max-video-preview":"max-video-preview:-1"},"canonical":"https:\/\/unatc.ro\/devunatc\/cercetare\/unatc-press\/","og_locale":"en_US","og_type":"article","og_title":"UNATC PRESS - UNATC","og_description":"\u201eO editur\u0103 de succes este cea care intuie\u0219te viitorul, nu care imit\u0103 trecutul.\u201d (Helen Jacobs) Editura UNATC PRESS, aflat\u0103 \u00een...","og_url":"https:\/\/unatc.ro\/devunatc\/cercetare\/unatc-press\/","og_site_name":"UNATC","article_publisher":"https:\/\/www.facebook.com\/UNATC.ILC\/","article_modified_time":"2023-05-04T09:37:39+00:00","og_image":[{"width":2560,"height":917,"url":"https:\/\/unatc.ro\/devunatc\/wp-content\/uploads\/2022\/04\/6-unatc-press.png","type":"image\/png"}],"twitter_card":"summary_large_image","twitter_misc":{"Est. reading time":"6 minutes"},"schema":{"@context":"https:\/\/schema.org","@graph":[{"@type":"WebPage","@id":"https:\/\/unatc.ro\/devunatc\/cercetare\/unatc-press\/","url":"https:\/\/unatc.ro\/devunatc\/cercetare\/unatc-press\/","name":"UNATC PRESS - UNATC","isPartOf":{"@id":"https:\/\/unatc.ro\/devunatc\/#website"},"primaryImageOfPage":{"@id":"https:\/\/unatc.ro\/devunatc\/cercetare\/unatc-press\/#primaryimage"},"image":{"@id":"https:\/\/unatc.ro\/devunatc\/cercetare\/unatc-press\/#primaryimage"},"thumbnailUrl":"https:\/\/unatc.ro\/devunatc\/wp-content\/uploads\/2022\/04\/6-unatc-press.png","datePublished":"2022-02-28T12:33:47+00:00","dateModified":"2023-05-04T09:37:39+00:00","breadcrumb":{"@id":"https:\/\/unatc.ro\/devunatc\/cercetare\/unatc-press\/#breadcrumb"},"inLanguage":"en-US","potentialAction":[{"@type":"ReadAction","target":["https:\/\/unatc.ro\/devunatc\/cercetare\/unatc-press\/"]}]},{"@type":"ImageObject","inLanguage":"en-US","@id":"https:\/\/unatc.ro\/devunatc\/cercetare\/unatc-press\/#primaryimage","url":"https:\/\/unatc.ro\/devunatc\/wp-content\/uploads\/2022\/04\/6-unatc-press.png","contentUrl":"https:\/\/unatc.ro\/devunatc\/wp-content\/uploads\/2022\/04\/6-unatc-press.png","width":2560,"height":917},{"@type":"BreadcrumbList","@id":"https:\/\/unatc.ro\/devunatc\/cercetare\/unatc-press\/#breadcrumb","itemListElement":[{"@type":"ListItem","position":1,"name":"Home","item":"https:\/\/unatc.ro\/devunatc\/"},{"@type":"ListItem","position":2,"name":"Cercetare","item":"https:\/\/unatc.ro\/devunatc\/cercetare\/"},{"@type":"ListItem","position":3,"name":"UNATC PRESS"}]},{"@type":"WebSite","@id":"https:\/\/unatc.ro\/devunatc\/#website","url":"https:\/\/unatc.ro\/devunatc\/","name":"UNATC","description":"","publisher":{"@id":"https:\/\/unatc.ro\/devunatc\/#organization"},"potentialAction":[{"@type":"SearchAction","target":{"@type":"EntryPoint","urlTemplate":"https:\/\/unatc.ro\/devunatc\/?s={search_term_string}"},"query-input":{"@type":"PropertyValueSpecification","valueRequired":true,"valueName":"search_term_string"}}],"inLanguage":"en-US"},{"@type":"Organization","@id":"https:\/\/unatc.ro\/devunatc\/#organization","name":"UNATC","url":"https:\/\/unatc.ro\/devunatc\/","logo":{"@type":"ImageObject","inLanguage":"en-US","@id":"https:\/\/unatc.ro\/devunatc\/#\/schema\/logo\/image\/","url":"https:\/\/unatc.ro\/devunatc\/wp-content\/uploads\/2025\/07\/unatc_logo.png","contentUrl":"https:\/\/unatc.ro\/devunatc\/wp-content\/uploads\/2025\/07\/unatc_logo.png","width":480,"height":469,"caption":"UNATC"},"image":{"@id":"https:\/\/unatc.ro\/devunatc\/#\/schema\/logo\/image\/"},"sameAs":["https:\/\/www.facebook.com\/UNATC.ILC\/","https:\/\/www.youtube.com\/c\/unatcilcaragiale","https:\/\/www.instagram.com\/unatc_ilcaragiale\/?hl=en","https:\/\/www.tiktok.com\/@unatc?lang=en"]}]}},"jetpack_sharing_enabled":true,"_links":{"self":[{"href":"https:\/\/unatc.ro\/devunatc\/wp-json\/wp\/v2\/pages\/7277","targetHints":{"allow":["GET"]}}],"collection":[{"href":"https:\/\/unatc.ro\/devunatc\/wp-json\/wp\/v2\/pages"}],"about":[{"href":"https:\/\/unatc.ro\/devunatc\/wp-json\/wp\/v2\/types\/page"}],"author":[{"embeddable":true,"href":"https:\/\/unatc.ro\/devunatc\/wp-json\/wp\/v2\/users\/1"}],"replies":[{"embeddable":true,"href":"https:\/\/unatc.ro\/devunatc\/wp-json\/wp\/v2\/comments?post=7277"}],"version-history":[{"count":4,"href":"https:\/\/unatc.ro\/devunatc\/wp-json\/wp\/v2\/pages\/7277\/revisions"}],"predecessor-version":[{"id":11175,"href":"https:\/\/unatc.ro\/devunatc\/wp-json\/wp\/v2\/pages\/7277\/revisions\/11175"}],"up":[{"embeddable":true,"href":"https:\/\/unatc.ro\/devunatc\/wp-json\/wp\/v2\/pages\/17"}],"wp:featuredmedia":[{"embeddable":true,"href":"https:\/\/unatc.ro\/devunatc\/wp-json\/wp\/v2\/media\/7845"}],"wp:attachment":[{"href":"https:\/\/unatc.ro\/devunatc\/wp-json\/wp\/v2\/media?parent=7277"}],"curies":[{"name":"wp","href":"https:\/\/api.w.org\/{rel}","templated":true}]}}