{"id":7265,"date":"2022-02-28T14:22:01","date_gmt":"2022-02-28T12:22:01","guid":{"rendered":"https:\/\/unatc.ro\/devunatc\/?page_id=7265"},"modified":"2025-06-04T13:23:51","modified_gmt":"2025-06-04T11:23:51","slug":"cearfi","status":"publish","type":"page","link":"https:\/\/unatc.ro\/devunatc\/cercetare\/cearfi\/","title":{"rendered":"CeArFi"},"content":{"rendered":"\n<p><em>\u201eProiectele de cercetare artistic\u0103 sunt adesea interdisciplinare, mai precis &#8211; <\/em>Indisciplinare<em>\u201d (Ranci\u00e8re, 2008, Klein &amp;amp; Kolesch 2009).<\/em><\/p>\n\n\n\n<p><strong>CeArFi \u2013 Centrul de Cercetare \u00een Arte Performative \u0219i Film<\/strong>&nbsp;<\/p>\n\n\n\n<p><strong>DIREC\u021aII DE CERCETARE<\/strong><\/p>\n\n\n\n<p><strong>1. Educa\u021bie de \u00eenalt\u0103 calitate \u00een arii artistice c\u00e2t mai diverse, complementare, care s\u0103 cultive o comunitate academic\u0103 inovatoare<\/strong><\/p>\n\n\n\n<ul class=\"wp-block-list\">\n<li>Cercetarea recuperatorie, care pune accentul pe abordarea, dintr-o perspectiv\u0103 istoric\u0103, a unor momente reprezentative din evolu\u021bia regiei de teatru \u0219i film, actoriei, operatoriei, coregrafiei, anima\u021biei, scenografiei etc.<\/li>\n\n\n\n<li>Program de burse postdoctorale, ce va fi lansat pe durata unui an universitar, cu specializare \u00een domeniile studii de film \u0219i media, respectiv studii de teatru \u0219i performance.<\/li>\n\n\n\n<li>Accesarea unor granturi de cercetare specifice liniilor de finan\u021bare adresate tinerelor echipe de cercet\u0103tori (TE \u2013 Proiecte de cercetare pentru stimularea tinerelor echipe independente, PCE \u2013 Proiecte de cercetare interdisciplinar\u0103 \u0219i\/sau exploratorie).<\/li>\n<\/ul>\n\n\n\n<p><strong>2. Explorarea transform\u0103rilor societale prin cercet\u0103ri \u0219i proiecte artistice, \u00eentr-o str\u00e2ns\u0103 leg\u0103tur\u0103 cu realitatea vie\u021bii de zi cu zi<\/strong><\/p>\n\n\n\n<ul class=\"wp-block-list\">\n<li>Cercetare performativ\u0103 inovativ\u0103, \u00een rela\u021bie cu temele societ\u0103\u021bii actuale. Acest tip de cercetare este axat, \u00een special, pe abord\u0103ri cu mijloace artistice ale unor teme de maxim\u0103 actualitate.<\/li>\n\n\n\n<li>Cercetare exploratorie \u2013 traducerea unor c\u0103r\u021bi semnificative care marcheaz\u0103 artele performative \u0219i cinematografia secolelor XX \u0219i XXI.<\/li>\n<\/ul>\n\n\n\n<p><strong>3. Cercetare interdisciplinar\u0103 art\u0103-tehnologie-\u0219tiin\u021b\u0103<\/strong><\/p>\n\n\n\n<ul class=\"wp-block-list\">\n<li>Cercetare interdisciplinar\u0103<\/li>\n\n\n\n<li>Digitalizarea artelor performative contribuie la \u00eembun\u0103t\u0103\u021birea competitivit\u0103\u021bii mediului artistic local \u0219i vine \u00een \u00eent\u00e2mpinarea recomand\u0103rilor UE, cu privire la utilizarea tehnologiei informa\u0163iei \u015fi comunic\u0103rii.<\/li>\n\n\n\n<li>Cercetare pentru crea\u021bii de tip hibrid art\u0103-tehnologie-\u0219tiin\u021b\u0103<\/li>\n<\/ul>\n\n\n\n<p><\/p>\n\n\n\n<h3 class=\"wp-block-heading\"><strong>Proiecte \u00een desf\u0103\u0219urare la CeArFi<\/strong><\/h3>\n\n\n\n<hr class=\"wp-block-separator has-alpha-channel-opacity is-style-wide\"\/>\n\n\n\n<div style=\"height:45px\" aria-hidden=\"true\" class=\"wp-block-spacer\"><\/div>\n\n\n\n<h2 class=\"wp-block-heading\"><strong>TabThePast. Taboo History.<\/strong><\/h2>\n\n\n\n<p>\u2026 sau &#8220;<strong>Istoria Tabu. Umple golurile din trecut pentru a percepe prezentul<\/strong>&#8221; este un proiect de cercetare ini\u021biat de Departamentul de Cercetare Dezvoltare Inovare al UNATC, al\u0103turi de partenerii Centrul de Teatru Educa\u021bional Replika (Rom\u00e2nia) \u0219i Citizen.Kane.Collective (Germania). Proiectul este finan\u021bat de Uniunea European\u0103 prin European Education and Culture Executive Agency (EACEA), \u00een cadrul programului Europe for Citizens (EFC) \u0219i este planificat s\u0103 se desf\u0103\u0219oare pe o perioad\u0103 de aproximativ doi ani.<\/p>\n\n\n\n<p>Proiectul examineaz\u0103 \u0219i exploreaz\u0103 modul \u00een care pove\u0219tile\/nara\u021biunile, modelele de memorie \u0219i practicile mnemonice au trecut grani\u021bele culturale \u0219i cum au l\u0103sat amintiri ascunse sau \u00eence\u021bo\u0219ate \u00een fosta Republic\u0103 Socialist\u0103 Rom\u00e2nia \u0219i fosta Republic\u0103 Democrat\u0103 Germania. \u00centr-o structur\u0103 tripl\u0103 \u2013 <strong>cercetare, educa\u021bie \u0219i crea\u021bie artistic\u0103<\/strong> \u2013 propunem un context \u00een care cercet\u0103torii, arti\u0219tii \u0219i publicul s\u0103 reflecteze asupra implica\u021biilor politice \u0219i culturale ale momentelor relevante din istoria teatrului (1960-1990). Proiectul eviden\u021biaz\u0103 rolul unor evenimente, \u00een general necunoscute, legate de actul cenzurii \u0219i modul \u00een care au marcat istoria teatrului \u0219i au modelat nu numai estetica acestuia, ci \u0219i leg\u0103tura dintre arti\u0219ti \u0219i societate, actori \u0219i spectatori.<\/p>\n\n\n\n<p>Obiectivul general al acestui proiect este de a con\u0219tientiza cauzele \u0219i consecin\u021bele regimurilor autoritare \u0219i totalitare asupra vie\u021bii culturale \u0219i artistice, prin redeschiderea \u0219i reinterpretarea experien\u021belor traumatice individuale, colective\/na\u021bionale din trecut, privind cenzura \u00een arte.<\/p>\n\n\n\n<p>Ne baz\u0103m pe o echip\u0103 extins\u0103, multidisciplinar\u0103, de <strong>cercet\u0103tori, studen\u021bi masteranzi \u0219i doctoranzi <\/strong>ai Universit\u0103\u021bii noastre \u0219i nu numai, <strong>istorici, antropologi, arti\u0219ti<\/strong>, dar \u0219i <strong>profesioni\u0219ti \u00een tehnologiile multimedia \u0219i new media<\/strong>, al\u0103turi de care ne dorim s\u0103 aducem la suprafa\u021b\u0103 activitatea artistic\u0103, pove\u0219ti \u0219i \u00eent\u00e2mpl\u0103ri personale, \u00een contextul cenzurii totalitariste.<\/p>\n\n\n\n<p><\/p>\n\n\n\n<h2 class=\"wp-block-heading\"><strong>ARC UNATC \u2502 Art Research Conference<\/strong><\/h2>\n\n\n\n<p>\u00cencep\u00e2nd cu anul 2021, UNATC Bucure\u0219ti organizeaz\u0103 conferin\u021ba interna\u021bional\u0103 de cercetare \u00een art\u0103, sub titlul <a href=\"https:\/\/cinetic.arts.ro\/en\/evenimente\/arc-unatc-conference-2021\/\"><strong>ARC UNATC<\/strong><\/a>, cu scopul de a crea o platform\u0103 de comunicare a rezultatelor studiilor, cercet\u0103rilor \u0219i practicilor, \u00een principal din domeniul artelor performative \u0219i cinematografice, dar \u0219i din domenii complementare, cu accent pe interdisciplinaritate \u0219i intersec\u021bia domeniilor de studiu \u0219i cercetare, de la \u0219tiin\u021be \u0219i tehnologii emergente, la muzic\u0103 \u0219i design, de la teorie la interactivitate, de la cercetarea fundamental\u0103, la cea experimental\u0103 \u0219i recuperatorie <em>\u00een <\/em>art\u0103 \u0219i <em>prin <\/em>art\u0103.&nbsp;<\/p>\n\n\n\n<div style=\"height:45px\" aria-hidden=\"true\" class=\"wp-block-spacer\"><\/div>\n\n\n\n<h2 class=\"wp-block-heading\"><strong>MAIC \u2013 Modele Alternative de Infrastructur\u0103 Cultural\u0103&nbsp;<\/strong><\/h2>\n\n\n\n<p><\/p>\n\n\n\n<p>\u201eModele alternative de infrastructur\u0103 cultural\u0103\u201d (MAIC) reprezint\u0103 un demers de cercetare \u0219i practic\u0103 exploratorie, menit s\u0103 investigheze felul \u020bn care extinderea infrastructurii la nivel local, g\u00e2ndit\u0103 \u0219i adaptat\u0103 nevoilor \u0219i specificului comunit\u0103\u021bilor, contribuie at\u00e2t la dezvoltarea acestora, c\u00e2t \u0219i la \u00eent\u0103rirea sectorului cultural. Proiectul \u00ee\u0219i propune s\u0103 analizeze felul \u00een care triada cultur\u0103 \u2013 educa\u021bie \u2013 administra\u021bie local\u0103 poate func\u021biona ca motor de inovare \u00een direc\u021bia unor proiecte de rezilien\u021b\u0103 \u0219i regenerare comunitar\u0103 pe termen lung. Obiectivul principal este elaborarea unor modele de bune practici, \u00een vederea structur\u0103rii unor politici publice pentru educa\u021bie \u0219i cultur\u0103, de tip <em>grass roots<\/em>.<\/p>\n\n\n\n<p>Coordonatori program de cercetare: asist.univ.dr. Catinca Dr\u0103g\u0103nescu, asist.univ.dr. Maria Dr\u0103ghici<\/p>\n\n\n\n<p><strong>Resurse MAIC<\/strong><\/p>\n\n\n\n<p><\/p>\n\n\n\n<div class=\"wp-block-file\"><a id=\"wp-block-file--media-1f76bfd4-5a5c-4ba6-8ec1-80fe4e44a4e5\" href=\"https:\/\/unatc.ro\/devunatc\/wp-content\/uploads\/2022\/05\/Prezentare-MAICapr2022_compressed.pdf\" target=\"_blank\" rel=\"noreferrer noopener\">Prezentare MAIC<\/a><a href=\"https:\/\/unatc.ro\/devunatc\/wp-content\/uploads\/2022\/05\/Prezentare-MAICapr2022_compressed.pdf\" class=\"wp-block-file__button wp-element-button\" download aria-describedby=\"wp-block-file--media-1f76bfd4-5a5c-4ba6-8ec1-80fe4e44a4e5\">Descarc\u0103<\/a><\/div>\n\n\n\n<div class=\"wp-block-file\"><a id=\"wp-block-file--media-f532a380-dfa4-4f97-adff-ca5b458661f9\" href=\"https:\/\/unatc.ro\/devunatc\/wp-content\/uploads\/2022\/10\/prezentare-inchidere_MAIC_Dumbravita_iulie-2022.pdf\" target=\"_blank\" rel=\"noreferrer noopener\">Concluzii si imagini de la Tab\u0103ra de Var\u0103 MAIC 2022, Dumbr\u0103vi\u021ba<\/a><a href=\"https:\/\/unatc.ro\/devunatc\/wp-content\/uploads\/2022\/10\/prezentare-inchidere_MAIC_Dumbravita_iulie-2022.pdf\" class=\"wp-block-file__button wp-element-button\" download aria-describedby=\"wp-block-file--media-f532a380-dfa4-4f97-adff-ca5b458661f9\">Descarc\u0103<\/a><\/div>\n\n\n\n<p class=\"wp-block-file pdf\"><a rel=\"noreferrer noopener\" href=\"https:\/\/drive.google.com\/file\/d\/1Rf5ps9E9jOobdkUOG_DA0f-JgZaOOiJ9\/view?usp=share_link\" data-type=\"URL\" data-id=\"https:\/\/drive.google.com\/file\/d\/1Rf5ps9E9jOobdkUOG_DA0f-JgZaOOiJ9\/view?usp=share_link\" target=\"_blank\">Catalog MAIC Dumbr\u0103vi\u021ba 2022<\/a><\/p>\n\n\n\n<p class=\"wp-block-file pdf\"><a href=\"https:\/\/unatc.ro\/devunatc\/wp-content\/uploads\/2025\/06\/Cinetic_Camera-urbana_web_F2.pdf\" data-type=\"URL\" data-id=\"https:\/\/drive.google.com\/file\/d\/1Rf5ps9E9jOobdkUOG_DA0f-JgZaOOiJ9\/view?usp=share_link\" target=\"_blank\" rel=\"noreferrer noopener\">Camera urban\u0103: Ora\u0219ul negociat, 2025 <\/a><\/p>\n\n\n\n<div style=\"height:45px\" aria-hidden=\"true\" class=\"wp-block-spacer\"><\/div>\n\n\n\n<h2 class=\"wp-block-heading\"><strong>Scenografie&nbsp;<\/strong><\/h2>\n\n\n\n<p>Arhiva digital\u0103 de scenografie &#8211; Cercetare recuperatorie \u00een scenografie&nbsp;<\/p>\n\n\n\n<p>Este un proiect de cercetare recuperatorie \u0219i de documentare cu scopul de a colecta \u0219i conserva lucr\u0103ri de scenografie relevante din evolu\u021bia scenografiei de teatru, oper\u0103 \u0219i de film din Rom\u00e2nia \u00eempreun\u0103 cu informa\u021bii despre autori \u0219i personalit\u0103\u021bi marcante ale domeniului. Cercetarea \u00ee\u0219i propune publicarea de albume dedicate scenografilor consacra\u021bi la nivel interna\u021bional&nbsp; \u0219i dezvoltarea&nbsp; unei platforme digitale care s\u0103 devin\u0103 o surs\u0103&nbsp; bun\u0103 cu&nbsp; informa\u021bii&nbsp; u\u0219or&nbsp; de accesat pentru viitori profesioni\u0219ti, studen\u021bi \u0219i arti\u0219ti.<\/p>\n\n\n\n<p>Coordonator program de cercetare: cerc. III dr. Iuliana Gherghescu&nbsp;<\/p>\n\n\n\n<div style=\"height:45px\" aria-hidden=\"true\" class=\"wp-block-spacer\"><\/div>\n\n\n\n<h2 class=\"wp-block-heading\"><strong>Carta of Extended Performing Arts<\/strong><\/h2>\n\n\n\n<p>Proiectul urm\u0103re\u0219te s\u0103 deschid\u0103 un dialog interdisciplinar \u0219i s\u0103 dezvolte o metodologie \u0219i uneltele necesare pentru a naviga \u00een teritoriul aflat la convergen\u021ba \u0219tiin\u021bei, tehnologiei \u0219i artelor spectacolului. Rezultatul proiectului ar fi o hart\u0103 taxonomic\u0103 a solu\u021biilor tehnologice creative aplicate \u00een artele performative, relevant\u0103 at\u00e2t pentru industriile creative (arti\u0219ti, designeri, manageri culturali), dar \u0219i pentru dezvoltatori de tehnologie, programatori sau tehnicieni.<\/p>\n\n\n\n<p>Coordonator program de cercetare: asist.univ.drd. Ciprian F\u0103c\u0103eru<\/p>\n\n\n\n<p><strong>Contact CeArFi:<\/strong>&nbsp;<\/p>\n\n\n\n<ul class=\"wp-block-list\">\n<li><a href=\"mailto:cercetare@unatc.ro\">cercetare@unatc.ro<\/a> sau <a href=\"mailto:research@unatc.ro\">research@unatc.ro<\/a>&nbsp;<\/li>\n\n\n\n<li>Telefon: +40213711200<\/li>\n\n\n\n<li>Str. Tudor Arghezi 3-b, Sector 2, Bucure\u0219ti&nbsp;<\/li>\n\n\n\n<li>Coordonator: lect.univ.dr. Mihaela Michailov, <a href=\"mailto:mihaela.michailov@unatc.ro\">mihaela.michailov@unatc.ro<\/a>&nbsp;<\/li>\n<\/ul>\n","protected":false},"excerpt":{"rendered":"<p class=\"no-padding\">\u201eProiectele de cercetare artistic\u0103 sunt adesea interdisciplinare, mai precis &#8211; Indisciplinare\u201d (Ranci\u00e8re, 2008, Klein &amp;amp; Kolesch 2009). CeArFi \u2013 Centrul&#8230;<\/p>\n","protected":false},"author":1,"featured_media":7842,"parent":17,"menu_order":0,"comment_status":"closed","ping_status":"closed","template":"template-tab-group.php","meta":{"footnotes":""},"class_list":["post-7265","page","type-page","status-publish","has-post-thumbnail","hentry"],"acf":{"galerie_foto":null,"alternative_page_title":"","page_contact_email":""},"yoast_head":"<!-- This site is optimized with the Yoast SEO plugin v27.4 - https:\/\/yoast.com\/product\/yoast-seo-wordpress\/ -->\n<title>CeArFi - UNATC<\/title>\n<meta name=\"robots\" content=\"index, follow, max-snippet:-1, max-image-preview:large, max-video-preview:-1\" \/>\n<link rel=\"canonical\" href=\"https:\/\/unatc.ro\/devunatc\/cercetare\/cearfi\/\" \/>\n<meta property=\"og:locale\" content=\"en_US\" \/>\n<meta property=\"og:type\" content=\"article\" \/>\n<meta property=\"og:title\" content=\"CeArFi - UNATC\" \/>\n<meta property=\"og:description\" content=\"\u201eProiectele de cercetare artistic\u0103 sunt adesea interdisciplinare, mai precis &#8211; Indisciplinare\u201d (Ranci\u00e8re, 2008, Klein &amp;amp; Kolesch 2009). CeArFi \u2013 Centrul...\" \/>\n<meta property=\"og:url\" content=\"https:\/\/unatc.ro\/devunatc\/cercetare\/cearfi\/\" \/>\n<meta property=\"og:site_name\" content=\"UNATC\" \/>\n<meta property=\"article:publisher\" content=\"https:\/\/www.facebook.com\/UNATC.ILC\/\" \/>\n<meta property=\"article:modified_time\" content=\"2025-06-04T11:23:51+00:00\" \/>\n<meta property=\"og:image\" content=\"https:\/\/unatc.ro\/devunatc\/wp-content\/uploads\/2022\/04\/3-cearfi.png\" \/>\n\t<meta property=\"og:image:width\" content=\"2560\" \/>\n\t<meta property=\"og:image:height\" content=\"917\" \/>\n\t<meta property=\"og:image:type\" content=\"image\/png\" \/>\n<meta name=\"twitter:card\" content=\"summary_large_image\" \/>\n<meta name=\"twitter:label1\" content=\"Est. reading time\" \/>\n\t<meta name=\"twitter:data1\" content=\"5 minutes\" \/>\n<script type=\"application\/ld+json\" class=\"yoast-schema-graph\">{\"@context\":\"https:\\\/\\\/schema.org\",\"@graph\":[{\"@type\":\"WebPage\",\"@id\":\"https:\\\/\\\/unatc.ro\\\/devunatc\\\/cercetare\\\/cearfi\\\/\",\"url\":\"https:\\\/\\\/unatc.ro\\\/devunatc\\\/cercetare\\\/cearfi\\\/\",\"name\":\"CeArFi - UNATC\",\"isPartOf\":{\"@id\":\"https:\\\/\\\/unatc.ro\\\/devunatc\\\/#website\"},\"primaryImageOfPage\":{\"@id\":\"https:\\\/\\\/unatc.ro\\\/devunatc\\\/cercetare\\\/cearfi\\\/#primaryimage\"},\"image\":{\"@id\":\"https:\\\/\\\/unatc.ro\\\/devunatc\\\/cercetare\\\/cearfi\\\/#primaryimage\"},\"thumbnailUrl\":\"https:\\\/\\\/unatc.ro\\\/devunatc\\\/wp-content\\\/uploads\\\/2022\\\/04\\\/3-cearfi.png\",\"datePublished\":\"2022-02-28T12:22:01+00:00\",\"dateModified\":\"2025-06-04T11:23:51+00:00\",\"breadcrumb\":{\"@id\":\"https:\\\/\\\/unatc.ro\\\/devunatc\\\/cercetare\\\/cearfi\\\/#breadcrumb\"},\"inLanguage\":\"en-US\",\"potentialAction\":[{\"@type\":\"ReadAction\",\"target\":[\"https:\\\/\\\/unatc.ro\\\/devunatc\\\/cercetare\\\/cearfi\\\/\"]}]},{\"@type\":\"ImageObject\",\"inLanguage\":\"en-US\",\"@id\":\"https:\\\/\\\/unatc.ro\\\/devunatc\\\/cercetare\\\/cearfi\\\/#primaryimage\",\"url\":\"https:\\\/\\\/unatc.ro\\\/devunatc\\\/wp-content\\\/uploads\\\/2022\\\/04\\\/3-cearfi.png\",\"contentUrl\":\"https:\\\/\\\/unatc.ro\\\/devunatc\\\/wp-content\\\/uploads\\\/2022\\\/04\\\/3-cearfi.png\",\"width\":2560,\"height\":917},{\"@type\":\"BreadcrumbList\",\"@id\":\"https:\\\/\\\/unatc.ro\\\/devunatc\\\/cercetare\\\/cearfi\\\/#breadcrumb\",\"itemListElement\":[{\"@type\":\"ListItem\",\"position\":1,\"name\":\"Home\",\"item\":\"https:\\\/\\\/unatc.ro\\\/devunatc\\\/\"},{\"@type\":\"ListItem\",\"position\":2,\"name\":\"Cercetare\",\"item\":\"https:\\\/\\\/unatc.ro\\\/devunatc\\\/cercetare\\\/\"},{\"@type\":\"ListItem\",\"position\":3,\"name\":\"CeArFi\"}]},{\"@type\":\"WebSite\",\"@id\":\"https:\\\/\\\/unatc.ro\\\/devunatc\\\/#website\",\"url\":\"https:\\\/\\\/unatc.ro\\\/devunatc\\\/\",\"name\":\"UNATC\",\"description\":\"\",\"publisher\":{\"@id\":\"https:\\\/\\\/unatc.ro\\\/devunatc\\\/#organization\"},\"potentialAction\":[{\"@type\":\"SearchAction\",\"target\":{\"@type\":\"EntryPoint\",\"urlTemplate\":\"https:\\\/\\\/unatc.ro\\\/devunatc\\\/?s={search_term_string}\"},\"query-input\":{\"@type\":\"PropertyValueSpecification\",\"valueRequired\":true,\"valueName\":\"search_term_string\"}}],\"inLanguage\":\"en-US\"},{\"@type\":\"Organization\",\"@id\":\"https:\\\/\\\/unatc.ro\\\/devunatc\\\/#organization\",\"name\":\"UNATC\",\"url\":\"https:\\\/\\\/unatc.ro\\\/devunatc\\\/\",\"logo\":{\"@type\":\"ImageObject\",\"inLanguage\":\"en-US\",\"@id\":\"https:\\\/\\\/unatc.ro\\\/devunatc\\\/#\\\/schema\\\/logo\\\/image\\\/\",\"url\":\"https:\\\/\\\/unatc.ro\\\/devunatc\\\/wp-content\\\/uploads\\\/2025\\\/07\\\/unatc_logo.png\",\"contentUrl\":\"https:\\\/\\\/unatc.ro\\\/devunatc\\\/wp-content\\\/uploads\\\/2025\\\/07\\\/unatc_logo.png\",\"width\":480,\"height\":469,\"caption\":\"UNATC\"},\"image\":{\"@id\":\"https:\\\/\\\/unatc.ro\\\/devunatc\\\/#\\\/schema\\\/logo\\\/image\\\/\"},\"sameAs\":[\"https:\\\/\\\/www.facebook.com\\\/UNATC.ILC\\\/\",\"https:\\\/\\\/www.youtube.com\\\/c\\\/unatcilcaragiale\",\"https:\\\/\\\/www.instagram.com\\\/unatc_ilcaragiale\\\/?hl=en\",\"https:\\\/\\\/www.tiktok.com\\\/@unatc?lang=en\"]}]}<\/script>\n<!-- \/ Yoast SEO plugin. -->","yoast_head_json":{"title":"CeArFi - UNATC","robots":{"index":"index","follow":"follow","max-snippet":"max-snippet:-1","max-image-preview":"max-image-preview:large","max-video-preview":"max-video-preview:-1"},"canonical":"https:\/\/unatc.ro\/devunatc\/cercetare\/cearfi\/","og_locale":"en_US","og_type":"article","og_title":"CeArFi - UNATC","og_description":"\u201eProiectele de cercetare artistic\u0103 sunt adesea interdisciplinare, mai precis &#8211; Indisciplinare\u201d (Ranci\u00e8re, 2008, Klein &amp;amp; Kolesch 2009). CeArFi \u2013 Centrul...","og_url":"https:\/\/unatc.ro\/devunatc\/cercetare\/cearfi\/","og_site_name":"UNATC","article_publisher":"https:\/\/www.facebook.com\/UNATC.ILC\/","article_modified_time":"2025-06-04T11:23:51+00:00","og_image":[{"width":2560,"height":917,"url":"https:\/\/unatc.ro\/devunatc\/wp-content\/uploads\/2022\/04\/3-cearfi.png","type":"image\/png"}],"twitter_card":"summary_large_image","twitter_misc":{"Est. reading time":"5 minutes"},"schema":{"@context":"https:\/\/schema.org","@graph":[{"@type":"WebPage","@id":"https:\/\/unatc.ro\/devunatc\/cercetare\/cearfi\/","url":"https:\/\/unatc.ro\/devunatc\/cercetare\/cearfi\/","name":"CeArFi - UNATC","isPartOf":{"@id":"https:\/\/unatc.ro\/devunatc\/#website"},"primaryImageOfPage":{"@id":"https:\/\/unatc.ro\/devunatc\/cercetare\/cearfi\/#primaryimage"},"image":{"@id":"https:\/\/unatc.ro\/devunatc\/cercetare\/cearfi\/#primaryimage"},"thumbnailUrl":"https:\/\/unatc.ro\/devunatc\/wp-content\/uploads\/2022\/04\/3-cearfi.png","datePublished":"2022-02-28T12:22:01+00:00","dateModified":"2025-06-04T11:23:51+00:00","breadcrumb":{"@id":"https:\/\/unatc.ro\/devunatc\/cercetare\/cearfi\/#breadcrumb"},"inLanguage":"en-US","potentialAction":[{"@type":"ReadAction","target":["https:\/\/unatc.ro\/devunatc\/cercetare\/cearfi\/"]}]},{"@type":"ImageObject","inLanguage":"en-US","@id":"https:\/\/unatc.ro\/devunatc\/cercetare\/cearfi\/#primaryimage","url":"https:\/\/unatc.ro\/devunatc\/wp-content\/uploads\/2022\/04\/3-cearfi.png","contentUrl":"https:\/\/unatc.ro\/devunatc\/wp-content\/uploads\/2022\/04\/3-cearfi.png","width":2560,"height":917},{"@type":"BreadcrumbList","@id":"https:\/\/unatc.ro\/devunatc\/cercetare\/cearfi\/#breadcrumb","itemListElement":[{"@type":"ListItem","position":1,"name":"Home","item":"https:\/\/unatc.ro\/devunatc\/"},{"@type":"ListItem","position":2,"name":"Cercetare","item":"https:\/\/unatc.ro\/devunatc\/cercetare\/"},{"@type":"ListItem","position":3,"name":"CeArFi"}]},{"@type":"WebSite","@id":"https:\/\/unatc.ro\/devunatc\/#website","url":"https:\/\/unatc.ro\/devunatc\/","name":"UNATC","description":"","publisher":{"@id":"https:\/\/unatc.ro\/devunatc\/#organization"},"potentialAction":[{"@type":"SearchAction","target":{"@type":"EntryPoint","urlTemplate":"https:\/\/unatc.ro\/devunatc\/?s={search_term_string}"},"query-input":{"@type":"PropertyValueSpecification","valueRequired":true,"valueName":"search_term_string"}}],"inLanguage":"en-US"},{"@type":"Organization","@id":"https:\/\/unatc.ro\/devunatc\/#organization","name":"UNATC","url":"https:\/\/unatc.ro\/devunatc\/","logo":{"@type":"ImageObject","inLanguage":"en-US","@id":"https:\/\/unatc.ro\/devunatc\/#\/schema\/logo\/image\/","url":"https:\/\/unatc.ro\/devunatc\/wp-content\/uploads\/2025\/07\/unatc_logo.png","contentUrl":"https:\/\/unatc.ro\/devunatc\/wp-content\/uploads\/2025\/07\/unatc_logo.png","width":480,"height":469,"caption":"UNATC"},"image":{"@id":"https:\/\/unatc.ro\/devunatc\/#\/schema\/logo\/image\/"},"sameAs":["https:\/\/www.facebook.com\/UNATC.ILC\/","https:\/\/www.youtube.com\/c\/unatcilcaragiale","https:\/\/www.instagram.com\/unatc_ilcaragiale\/?hl=en","https:\/\/www.tiktok.com\/@unatc?lang=en"]}]}},"jetpack_sharing_enabled":true,"_links":{"self":[{"href":"https:\/\/unatc.ro\/devunatc\/wp-json\/wp\/v2\/pages\/7265","targetHints":{"allow":["GET"]}}],"collection":[{"href":"https:\/\/unatc.ro\/devunatc\/wp-json\/wp\/v2\/pages"}],"about":[{"href":"https:\/\/unatc.ro\/devunatc\/wp-json\/wp\/v2\/types\/page"}],"author":[{"embeddable":true,"href":"https:\/\/unatc.ro\/devunatc\/wp-json\/wp\/v2\/users\/1"}],"replies":[{"embeddable":true,"href":"https:\/\/unatc.ro\/devunatc\/wp-json\/wp\/v2\/comments?post=7265"}],"version-history":[{"count":51,"href":"https:\/\/unatc.ro\/devunatc\/wp-json\/wp\/v2\/pages\/7265\/revisions"}],"predecessor-version":[{"id":15097,"href":"https:\/\/unatc.ro\/devunatc\/wp-json\/wp\/v2\/pages\/7265\/revisions\/15097"}],"up":[{"embeddable":true,"href":"https:\/\/unatc.ro\/devunatc\/wp-json\/wp\/v2\/pages\/17"}],"wp:featuredmedia":[{"embeddable":true,"href":"https:\/\/unatc.ro\/devunatc\/wp-json\/wp\/v2\/media\/7842"}],"wp:attachment":[{"href":"https:\/\/unatc.ro\/devunatc\/wp-json\/wp\/v2\/media?parent=7265"}],"curies":[{"name":"wp","href":"https:\/\/api.w.org\/{rel}","templated":true}]}}