{"id":55,"date":"2018-07-31T09:07:00","date_gmt":"2018-07-31T09:07:00","guid":{"rendered":"https:\/\/unatc.ro\/devunatc?page_id=55"},"modified":"2023-02-21T16:09:11","modified_gmt":"2023-02-21T14:09:11","slug":"burse-sociale","status":"publish","type":"page","link":"https:\/\/unatc.ro\/devunatc\/student-unatc\/burse-sociale\/","title":{"rendered":"Burse sociale"},"content":{"rendered":"\n<p>Studen\u0163ii integrali\u015fti pot beneficia de burse acordate de UNATC, conform legii.<\/p>\n\n\n\n<p>Studen\u0163ii integrali\u015fti a c\u0103ror familie nu a realizat pe ultimele trei luni un venit lunar mediu pe membru de familie mai mare dec\u00e2t salariu minim brut pe economie \u00ee\u015fi pot depune dosarul pentru acordarea unei burse de ajutor social.<\/p>\n\n\n\n<p>\u00cen procesul de verificare a dosarelor sociale, comisiile de burse, din fiecare facultate, au dreptul s\u0103 primeasc\u0103 consiliere din partea Direc\u0163iei Juridice a universit\u0103\u021bii.<\/p>\n\n\n\n<p>Studen\u0163ii au obliga\u0163ia de a depune la dosarul de acordare a bursei sociale urm\u0103toarele acte, \u00een func\u0163ie de situa\u0163ia \u00een care se afl\u0103 solicitantul.<\/p>\n\n\n\n<div style=\"height:100px\" aria-hidden=\"true\" class=\"wp-block-spacer\"><\/div>\n\n\n\n<div class=\"wp-block-file\"><a id=\"wp-block-file--media-e430d560-23e1-4b35-a076-bcaf8e5c6548\" href=\"https:\/\/unatc.ro\/devunatc\/wp-content\/uploads\/2023\/02\/22310.AS-Acte-Burse-Sociale.pdf\" target=\"_blank\" rel=\"noreferrer noopener\">Acte &#8211; Burse Sociale: Semestrul II<\/a><a href=\"https:\/\/unatc.ro\/devunatc\/wp-content\/uploads\/2023\/02\/22310.AS-Acte-Burse-Sociale.pdf\" class=\"wp-block-file__button wp-element-button\" download aria-describedby=\"wp-block-file--media-e430d560-23e1-4b35-a076-bcaf8e5c6548\">Descarc\u0103<\/a><\/div>\n\n\n\n<div class=\"wp-block-file\"><a id=\"wp-block-file--media-f883ed6a-2ce0-4410-be97-ffd5fb1b0579\" href=\"https:\/\/unatc.ro\/devunatc\/wp-content\/uploads\/2022\/09\/CERERE-ACORDARE-BURSA-SOCIALA-LICENTA.docx\" target=\"_blank\" rel=\"noreferrer noopener\">Cerere acordare burs\u0103 social\u0103 licen\u021b\u0103<\/a><a href=\"https:\/\/unatc.ro\/devunatc\/wp-content\/uploads\/2022\/09\/CERERE-ACORDARE-BURSA-SOCIALA-LICENTA.docx\" class=\"wp-block-file__button wp-element-button\" download aria-describedby=\"wp-block-file--media-f883ed6a-2ce0-4410-be97-ffd5fb1b0579\">Descarc\u0103<\/a><\/div>\n\n\n\n<div class=\"wp-block-file\"><a id=\"wp-block-file--media-606cc673-62e6-4edc-95c7-0f08ec4434f2\" href=\"https:\/\/unatc.ro\/devunatc\/wp-content\/uploads\/2022\/09\/CERERE-ACORDARE-BURSA-SOCIALA-MASTERAT.docx\" target=\"_blank\" rel=\"noreferrer noopener\">Cerere acordare burs\u0103 social\u0103 master<\/a><a href=\"https:\/\/unatc.ro\/devunatc\/wp-content\/uploads\/2022\/09\/CERERE-ACORDARE-BURSA-SOCIALA-MASTERAT.docx\" class=\"wp-block-file__button wp-element-button\" download aria-describedby=\"wp-block-file--media-606cc673-62e6-4edc-95c7-0f08ec4434f2\">Descarc\u0103<\/a><\/div>\n","protected":false},"excerpt":{"rendered":"<p class=\"no-padding\">Studen\u0163ii integrali\u015fti pot beneficia de burse acordate de UNATC, conform legii. Studen\u0163ii integrali\u015fti a c\u0103ror familie nu a realizat pe&#8230;<\/p>\n","protected":false},"author":1,"featured_media":1414,"parent":43,"menu_order":0,"comment_status":"closed","ping_status":"closed","template":"template-page.php","meta":{"footnotes":""},"class_list":["post-55","page","type-page","status-publish","has-post-thumbnail","hentry"],"acf":{"galerie_foto":null,"alternative_page_title":"","page_contact_email":""},"yoast_head":"<!-- This site is optimized with the Yoast SEO plugin v27.4 - https:\/\/yoast.com\/product\/yoast-seo-wordpress\/ -->\n<title>Burse sociale - UNATC<\/title>\n<meta name=\"robots\" content=\"index, follow, max-snippet:-1, max-image-preview:large, max-video-preview:-1\" \/>\n<link rel=\"canonical\" href=\"https:\/\/unatc.ro\/devunatc\/student-unatc\/burse-sociale\/\" \/>\n<meta property=\"og:locale\" content=\"en_US\" \/>\n<meta property=\"og:type\" content=\"article\" \/>\n<meta property=\"og:title\" content=\"Burse sociale - UNATC\" \/>\n<meta property=\"og:description\" content=\"Studen\u0163ii integrali\u015fti pot beneficia de burse acordate de UNATC, conform legii. Studen\u0163ii integrali\u015fti a c\u0103ror familie nu a realizat pe...\" \/>\n<meta property=\"og:url\" content=\"https:\/\/unatc.ro\/devunatc\/student-unatc\/burse-sociale\/\" \/>\n<meta property=\"og:site_name\" content=\"UNATC\" \/>\n<meta property=\"article:publisher\" content=\"https:\/\/www.facebook.com\/UNATC.ILC\/\" \/>\n<meta property=\"article:modified_time\" content=\"2023-02-21T14:09:11+00:00\" \/>\n<meta property=\"og:image\" content=\"https:\/\/unatc.ro\/devunatc\/wp-content\/uploads\/2020\/11\/student_unatc-scaled.jpg\" \/>\n\t<meta property=\"og:image:width\" content=\"2560\" \/>\n\t<meta property=\"og:image:height\" content=\"917\" \/>\n\t<meta property=\"og:image:type\" content=\"image\/jpeg\" \/>\n<meta name=\"twitter:card\" content=\"summary_large_image\" \/>\n<meta name=\"twitter:label1\" content=\"Est. reading time\" \/>\n\t<meta name=\"twitter:data1\" content=\"1 minute\" \/>\n<script type=\"application\/ld+json\" class=\"yoast-schema-graph\">{\"@context\":\"https:\\\/\\\/schema.org\",\"@graph\":[{\"@type\":\"WebPage\",\"@id\":\"https:\\\/\\\/unatc.ro\\\/devunatc\\\/student-unatc\\\/burse-sociale\\\/\",\"url\":\"https:\\\/\\\/unatc.ro\\\/devunatc\\\/student-unatc\\\/burse-sociale\\\/\",\"name\":\"Burse sociale - UNATC\",\"isPartOf\":{\"@id\":\"https:\\\/\\\/unatc.ro\\\/devunatc\\\/#website\"},\"primaryImageOfPage\":{\"@id\":\"https:\\\/\\\/unatc.ro\\\/devunatc\\\/student-unatc\\\/burse-sociale\\\/#primaryimage\"},\"image\":{\"@id\":\"https:\\\/\\\/unatc.ro\\\/devunatc\\\/student-unatc\\\/burse-sociale\\\/#primaryimage\"},\"thumbnailUrl\":\"https:\\\/\\\/unatc.ro\\\/devunatc\\\/wp-content\\\/uploads\\\/2020\\\/11\\\/student_unatc-scaled.jpg\",\"datePublished\":\"2018-07-31T09:07:00+00:00\",\"dateModified\":\"2023-02-21T14:09:11+00:00\",\"breadcrumb\":{\"@id\":\"https:\\\/\\\/unatc.ro\\\/devunatc\\\/student-unatc\\\/burse-sociale\\\/#breadcrumb\"},\"inLanguage\":\"en-US\",\"potentialAction\":[{\"@type\":\"ReadAction\",\"target\":[\"https:\\\/\\\/unatc.ro\\\/devunatc\\\/student-unatc\\\/burse-sociale\\\/\"]}]},{\"@type\":\"ImageObject\",\"inLanguage\":\"en-US\",\"@id\":\"https:\\\/\\\/unatc.ro\\\/devunatc\\\/student-unatc\\\/burse-sociale\\\/#primaryimage\",\"url\":\"https:\\\/\\\/unatc.ro\\\/devunatc\\\/wp-content\\\/uploads\\\/2020\\\/11\\\/student_unatc-scaled.jpg\",\"contentUrl\":\"https:\\\/\\\/unatc.ro\\\/devunatc\\\/wp-content\\\/uploads\\\/2020\\\/11\\\/student_unatc-scaled.jpg\",\"width\":2560,\"height\":917},{\"@type\":\"BreadcrumbList\",\"@id\":\"https:\\\/\\\/unatc.ro\\\/devunatc\\\/student-unatc\\\/burse-sociale\\\/#breadcrumb\",\"itemListElement\":[{\"@type\":\"ListItem\",\"position\":1,\"name\":\"Home\",\"item\":\"https:\\\/\\\/unatc.ro\\\/devunatc\\\/\"},{\"@type\":\"ListItem\",\"position\":2,\"name\":\"Student UNATC\",\"item\":\"https:\\\/\\\/unatc.ro\\\/devunatc\\\/student-unatc\\\/\"},{\"@type\":\"ListItem\",\"position\":3,\"name\":\"Burse sociale\"}]},{\"@type\":\"WebSite\",\"@id\":\"https:\\\/\\\/unatc.ro\\\/devunatc\\\/#website\",\"url\":\"https:\\\/\\\/unatc.ro\\\/devunatc\\\/\",\"name\":\"UNATC\",\"description\":\"\",\"publisher\":{\"@id\":\"https:\\\/\\\/unatc.ro\\\/devunatc\\\/#organization\"},\"potentialAction\":[{\"@type\":\"SearchAction\",\"target\":{\"@type\":\"EntryPoint\",\"urlTemplate\":\"https:\\\/\\\/unatc.ro\\\/devunatc\\\/?s={search_term_string}\"},\"query-input\":{\"@type\":\"PropertyValueSpecification\",\"valueRequired\":true,\"valueName\":\"search_term_string\"}}],\"inLanguage\":\"en-US\"},{\"@type\":\"Organization\",\"@id\":\"https:\\\/\\\/unatc.ro\\\/devunatc\\\/#organization\",\"name\":\"UNATC\",\"url\":\"https:\\\/\\\/unatc.ro\\\/devunatc\\\/\",\"logo\":{\"@type\":\"ImageObject\",\"inLanguage\":\"en-US\",\"@id\":\"https:\\\/\\\/unatc.ro\\\/devunatc\\\/#\\\/schema\\\/logo\\\/image\\\/\",\"url\":\"https:\\\/\\\/unatc.ro\\\/devunatc\\\/wp-content\\\/uploads\\\/2025\\\/07\\\/unatc_logo.png\",\"contentUrl\":\"https:\\\/\\\/unatc.ro\\\/devunatc\\\/wp-content\\\/uploads\\\/2025\\\/07\\\/unatc_logo.png\",\"width\":480,\"height\":469,\"caption\":\"UNATC\"},\"image\":{\"@id\":\"https:\\\/\\\/unatc.ro\\\/devunatc\\\/#\\\/schema\\\/logo\\\/image\\\/\"},\"sameAs\":[\"https:\\\/\\\/www.facebook.com\\\/UNATC.ILC\\\/\",\"https:\\\/\\\/www.youtube.com\\\/c\\\/unatcilcaragiale\",\"https:\\\/\\\/www.instagram.com\\\/unatc_ilcaragiale\\\/?hl=en\",\"https:\\\/\\\/www.tiktok.com\\\/@unatc?lang=en\"]}]}<\/script>\n<!-- \/ Yoast SEO plugin. -->","yoast_head_json":{"title":"Burse sociale - UNATC","robots":{"index":"index","follow":"follow","max-snippet":"max-snippet:-1","max-image-preview":"max-image-preview:large","max-video-preview":"max-video-preview:-1"},"canonical":"https:\/\/unatc.ro\/devunatc\/student-unatc\/burse-sociale\/","og_locale":"en_US","og_type":"article","og_title":"Burse sociale - UNATC","og_description":"Studen\u0163ii integrali\u015fti pot beneficia de burse acordate de UNATC, conform legii. Studen\u0163ii integrali\u015fti a c\u0103ror familie nu a realizat pe...","og_url":"https:\/\/unatc.ro\/devunatc\/student-unatc\/burse-sociale\/","og_site_name":"UNATC","article_publisher":"https:\/\/www.facebook.com\/UNATC.ILC\/","article_modified_time":"2023-02-21T14:09:11+00:00","og_image":[{"width":2560,"height":917,"url":"https:\/\/unatc.ro\/devunatc\/wp-content\/uploads\/2020\/11\/student_unatc-scaled.jpg","type":"image\/jpeg"}],"twitter_card":"summary_large_image","twitter_misc":{"Est. reading time":"1 minute"},"schema":{"@context":"https:\/\/schema.org","@graph":[{"@type":"WebPage","@id":"https:\/\/unatc.ro\/devunatc\/student-unatc\/burse-sociale\/","url":"https:\/\/unatc.ro\/devunatc\/student-unatc\/burse-sociale\/","name":"Burse sociale - UNATC","isPartOf":{"@id":"https:\/\/unatc.ro\/devunatc\/#website"},"primaryImageOfPage":{"@id":"https:\/\/unatc.ro\/devunatc\/student-unatc\/burse-sociale\/#primaryimage"},"image":{"@id":"https:\/\/unatc.ro\/devunatc\/student-unatc\/burse-sociale\/#primaryimage"},"thumbnailUrl":"https:\/\/unatc.ro\/devunatc\/wp-content\/uploads\/2020\/11\/student_unatc-scaled.jpg","datePublished":"2018-07-31T09:07:00+00:00","dateModified":"2023-02-21T14:09:11+00:00","breadcrumb":{"@id":"https:\/\/unatc.ro\/devunatc\/student-unatc\/burse-sociale\/#breadcrumb"},"inLanguage":"en-US","potentialAction":[{"@type":"ReadAction","target":["https:\/\/unatc.ro\/devunatc\/student-unatc\/burse-sociale\/"]}]},{"@type":"ImageObject","inLanguage":"en-US","@id":"https:\/\/unatc.ro\/devunatc\/student-unatc\/burse-sociale\/#primaryimage","url":"https:\/\/unatc.ro\/devunatc\/wp-content\/uploads\/2020\/11\/student_unatc-scaled.jpg","contentUrl":"https:\/\/unatc.ro\/devunatc\/wp-content\/uploads\/2020\/11\/student_unatc-scaled.jpg","width":2560,"height":917},{"@type":"BreadcrumbList","@id":"https:\/\/unatc.ro\/devunatc\/student-unatc\/burse-sociale\/#breadcrumb","itemListElement":[{"@type":"ListItem","position":1,"name":"Home","item":"https:\/\/unatc.ro\/devunatc\/"},{"@type":"ListItem","position":2,"name":"Student UNATC","item":"https:\/\/unatc.ro\/devunatc\/student-unatc\/"},{"@type":"ListItem","position":3,"name":"Burse sociale"}]},{"@type":"WebSite","@id":"https:\/\/unatc.ro\/devunatc\/#website","url":"https:\/\/unatc.ro\/devunatc\/","name":"UNATC","description":"","publisher":{"@id":"https:\/\/unatc.ro\/devunatc\/#organization"},"potentialAction":[{"@type":"SearchAction","target":{"@type":"EntryPoint","urlTemplate":"https:\/\/unatc.ro\/devunatc\/?s={search_term_string}"},"query-input":{"@type":"PropertyValueSpecification","valueRequired":true,"valueName":"search_term_string"}}],"inLanguage":"en-US"},{"@type":"Organization","@id":"https:\/\/unatc.ro\/devunatc\/#organization","name":"UNATC","url":"https:\/\/unatc.ro\/devunatc\/","logo":{"@type":"ImageObject","inLanguage":"en-US","@id":"https:\/\/unatc.ro\/devunatc\/#\/schema\/logo\/image\/","url":"https:\/\/unatc.ro\/devunatc\/wp-content\/uploads\/2025\/07\/unatc_logo.png","contentUrl":"https:\/\/unatc.ro\/devunatc\/wp-content\/uploads\/2025\/07\/unatc_logo.png","width":480,"height":469,"caption":"UNATC"},"image":{"@id":"https:\/\/unatc.ro\/devunatc\/#\/schema\/logo\/image\/"},"sameAs":["https:\/\/www.facebook.com\/UNATC.ILC\/","https:\/\/www.youtube.com\/c\/unatcilcaragiale","https:\/\/www.instagram.com\/unatc_ilcaragiale\/?hl=en","https:\/\/www.tiktok.com\/@unatc?lang=en"]}]}},"jetpack_sharing_enabled":true,"_links":{"self":[{"href":"https:\/\/unatc.ro\/devunatc\/wp-json\/wp\/v2\/pages\/55","targetHints":{"allow":["GET"]}}],"collection":[{"href":"https:\/\/unatc.ro\/devunatc\/wp-json\/wp\/v2\/pages"}],"about":[{"href":"https:\/\/unatc.ro\/devunatc\/wp-json\/wp\/v2\/types\/page"}],"author":[{"embeddable":true,"href":"https:\/\/unatc.ro\/devunatc\/wp-json\/wp\/v2\/users\/1"}],"replies":[{"embeddable":true,"href":"https:\/\/unatc.ro\/devunatc\/wp-json\/wp\/v2\/comments?post=55"}],"version-history":[{"count":14,"href":"https:\/\/unatc.ro\/devunatc\/wp-json\/wp\/v2\/pages\/55\/revisions"}],"predecessor-version":[{"id":10268,"href":"https:\/\/unatc.ro\/devunatc\/wp-json\/wp\/v2\/pages\/55\/revisions\/10268"}],"up":[{"embeddable":true,"href":"https:\/\/unatc.ro\/devunatc\/wp-json\/wp\/v2\/pages\/43"}],"wp:featuredmedia":[{"embeddable":true,"href":"https:\/\/unatc.ro\/devunatc\/wp-json\/wp\/v2\/media\/1414"}],"wp:attachment":[{"href":"https:\/\/unatc.ro\/devunatc\/wp-json\/wp\/v2\/media?parent=55"}],"curies":[{"name":"wp","href":"https:\/\/api.w.org\/{rel}","templated":true}]}}