{"id":5381,"date":"2021-08-09T11:18:14","date_gmt":"2021-08-09T09:18:14","guid":{"rendered":"https:\/\/unatc.ro\/devunatc\/?page_id=5381"},"modified":"2026-05-11T13:22:15","modified_gmt":"2026-05-11T11:22:15","slug":"biblioteca","status":"publish","type":"page","link":"https:\/\/unatc.ro\/devunatc\/biblioteca\/","title":{"rendered":"Bibliotec\u0103"},"content":{"rendered":"\n<p>Bine ai venit la Bibliotec\u0103!&nbsp;<\/p>\n\n\n\n<p>Aici vei putea studia \u00een voie \u00eentr-un spa\u021biu prietenos \u0219i relaxat, iar noi \u00ee\u021bi oferim \u00eendrumare la fiecare pas, fie c\u0103 vrei s\u0103 studiezi bibliografia recomandat\u0103, fie c\u0103 vrei s\u0103-\u021bi construie\u0219ti propria cercetare.&nbsp;<\/p>\n\n\n\n<p>Mai multe despre noi g\u0103se\u0219ti <a href=\"https:\/\/unatc.ro\/devunatc\/wp-content\/uploads\/2021\/08\/Infografic-general-Biblioteca.pdf\" data-type=\"URL\" data-id=\"https:\/\/unatc.ro\/devunatc\/wp-content\/uploads\/2021\/08\/Infografic-general-Biblioteca.pdf\" target=\"_blank\" rel=\"noreferrer noopener\">aici<\/a>.<\/p>\n\n\n\n<p>\u00cencerc\u0103m s\u0103-\u021bi facem vizita la noi c\u00e2t mai pl\u0103cut\u0103, de aceea avem c\u00e2teva reguli pe care le respect\u0103m cu to\u021bii. Cite\u0219te cu aten\u021bie Regulamentul \u0219i \u00eentreab\u0103-ne dac\u0103 e ceva neclar!<\/p>\n\n\n\n<div class=\"wp-block-group\"><div class=\"wp-block-group__inner-container is-layout-constrained wp-block-group-is-layout-constrained\">\n<div style=\"height:20px\" aria-hidden=\"true\" class=\"wp-block-spacer\"><\/div>\n\n\n\n<hr class=\"wp-block-separator has-alpha-channel-opacity\"\/>\n<\/div><\/div>\n\n\n\n<p>De asemenea, po\u021bi c\u0103uta \u0219i rezerva documente folosindu-te de catalogul nostru online, disponibil <a href=\"http:\/\/biblioteca-virtuala.unatc.ro:8080\/opac\" data-type=\"URL\" data-id=\"http:\/\/biblioteca-virtuala.unatc.ro:8080\/opac\" target=\"_blank\" rel=\"noreferrer noopener\">aici<\/a>.<\/p>\n\n\n\n<div class=\"wp-block-group\"><div class=\"wp-block-group__inner-container is-layout-constrained wp-block-group-is-layout-constrained\">\n<div style=\"height:20px\" aria-hidden=\"true\" class=\"wp-block-spacer\"><\/div>\n\n\n\n<hr class=\"wp-block-separator has-alpha-channel-opacity\"\/>\n<\/div><\/div>\n\n\n\n<p>Dac\u0103 ai nevoie de orientare \u00een cercetare sau \u00ee\u021bi&nbsp;trebuie urgent o list\u0103 cu documente relevante pe o anumit\u0103 tem\u0103, po\u021bi s\u0103 apelezi cu \u00eencredere la speciali\u0219tii \u00een referin\u021be ai Bibliotecii UNATC. Descarc\u0103 formularul de <a href=\"https:\/\/unatc.ro\/devunatc\/wp-content\/uploads\/2026\/05\/Formular-bibliografii-la-cerere-2025-2026.docx\" type=\"link\" id=\"https:\/\/unatc.ro\/devunatc\/wp-content\/uploads\/2026\/05\/Formular-bibliografii-la-cerere-2025-2026.docx\" target=\"_blank\" rel=\"noreferrer noopener nofollow\">AICI<\/a>, completeaz\u0103-l&nbsp;\u0219i vino s\u0103 vorbim despre tema ta. \u00cen max. 7 zile vei primi o list\u0103 cu referin\u021be bibliografice.&nbsp;<\/p>\n\n\n\n<div style=\"height:20px\" aria-hidden=\"true\" class=\"wp-block-spacer\"><\/div>\n\n\n\n<hr class=\"wp-block-separator has-alpha-channel-opacity\"\/>\n\n\n\n<p>Dac\u0103 nu ai g\u0103sit tot ce-\u021bi trebuie, completeaz\u0103 acest <a href=\"https:\/\/forms.gle\/ZZfosRnzT9v7EVvC6\" data-type=\"URL\" data-id=\"https:\/\/forms.gle\/ZZfosRnzT9v7EVvC6\" target=\"_blank\" rel=\"noreferrer noopener\">formular<\/a>, iar dac\u0103 vrei s\u0103 ne faci alte sugestii scrie-ne la <a href=\"mailto:biblioteca@unatc.ro\">biblioteca@unatc.ro<\/a><\/p>\n\n\n\n<p>Te a\u0219tept\u0103m cu drag la Bibliotec\u0103!<\/p>\n\n\n\n<p><\/p>\n\n\n\n<figure class=\"wp-block-image size-full is-resized\"><img loading=\"lazy\" decoding=\"async\" width=\"1147\" height=\"1147\" src=\"https:\/\/unatc.ro\/devunatc\/wp-content\/uploads\/2025\/10\/qr-code1.png\" alt=\"\" class=\"wp-image-15808\" style=\"width:194px;height:auto\" srcset=\"https:\/\/unatc.ro\/devunatc\/wp-content\/uploads\/2025\/10\/qr-code1.png 1147w, https:\/\/unatc.ro\/devunatc\/wp-content\/uploads\/2025\/10\/qr-code1-150x150.png 150w\" sizes=\"auto, (max-width: 1147px) 100vw, 1147px\" \/><\/figure>\n\n\n\n<p>De acum ai toate c\u0103r\u021bile de educa\u021bie teatral\u0103 \u00eentr-un singur loc! Scaneaz\u0103 QR code si bucur\u0103-te de lectur\u0103<\/p>\n\n\n\n<p><\/p>\n","protected":false},"excerpt":{"rendered":"<p class=\"no-padding\">Bine ai venit la Bibliotec\u0103!&nbsp; Aici vei putea studia \u00een voie \u00eentr-un spa\u021biu prietenos \u0219i relaxat, iar noi \u00ee\u021bi oferim&#8230;<\/p>\n","protected":false},"author":1,"featured_media":1414,"parent":0,"menu_order":0,"comment_status":"closed","ping_status":"closed","template":"template-tab-group-color.php","meta":{"footnotes":""},"class_list":["post-5381","page","type-page","status-publish","has-post-thumbnail","hentry"],"acf":{"galerie_foto":null,"titlu_prezentare_departament":"","text_prezentare_departament":"","alternative_page_title":"","page_contact_email":"biblioteca@unatc.ro"},"yoast_head":"<!-- This site is optimized with the Yoast SEO plugin v27.5 - https:\/\/yoast.com\/product\/yoast-seo-wordpress\/ -->\n<title>Bibliotec\u0103 - UNATC<\/title>\n<meta name=\"robots\" content=\"index, follow, max-snippet:-1, max-image-preview:large, max-video-preview:-1\" \/>\n<link rel=\"canonical\" href=\"https:\/\/unatc.ro\/devunatc\/biblioteca\/\" \/>\n<meta property=\"og:locale\" content=\"en_US\" \/>\n<meta property=\"og:type\" content=\"article\" \/>\n<meta property=\"og:title\" content=\"Bibliotec\u0103 - UNATC\" \/>\n<meta property=\"og:description\" content=\"Bine ai venit la Bibliotec\u0103!&nbsp; Aici vei putea studia \u00een voie \u00eentr-un spa\u021biu prietenos \u0219i relaxat, iar noi \u00ee\u021bi oferim...\" \/>\n<meta property=\"og:url\" content=\"https:\/\/unatc.ro\/devunatc\/biblioteca\/\" \/>\n<meta property=\"og:site_name\" content=\"UNATC\" \/>\n<meta property=\"article:publisher\" content=\"https:\/\/www.facebook.com\/UNATC.ILC\/\" \/>\n<meta property=\"article:modified_time\" content=\"2026-05-11T11:22:15+00:00\" \/>\n<meta property=\"og:image\" content=\"https:\/\/unatc.ro\/devunatc\/wp-content\/uploads\/2020\/11\/student_unatc-scaled.jpg\" \/>\n\t<meta property=\"og:image:width\" content=\"2560\" \/>\n\t<meta property=\"og:image:height\" content=\"917\" \/>\n\t<meta property=\"og:image:type\" content=\"image\/jpeg\" \/>\n<meta name=\"twitter:card\" content=\"summary_large_image\" \/>\n<meta name=\"twitter:label1\" content=\"Est. reading time\" \/>\n\t<meta name=\"twitter:data1\" content=\"2 minutes\" \/>\n<script type=\"application\/ld+json\" class=\"yoast-schema-graph\">{\"@context\":\"https:\\\/\\\/schema.org\",\"@graph\":[{\"@type\":\"WebPage\",\"@id\":\"https:\\\/\\\/unatc.ro\\\/devunatc\\\/biblioteca\\\/\",\"url\":\"https:\\\/\\\/unatc.ro\\\/devunatc\\\/biblioteca\\\/\",\"name\":\"Bibliotec\u0103 - UNATC\",\"isPartOf\":{\"@id\":\"https:\\\/\\\/unatc.ro\\\/devunatc\\\/#website\"},\"primaryImageOfPage\":{\"@id\":\"https:\\\/\\\/unatc.ro\\\/devunatc\\\/biblioteca\\\/#primaryimage\"},\"image\":{\"@id\":\"https:\\\/\\\/unatc.ro\\\/devunatc\\\/biblioteca\\\/#primaryimage\"},\"thumbnailUrl\":\"https:\\\/\\\/unatc.ro\\\/devunatc\\\/wp-content\\\/uploads\\\/2020\\\/11\\\/student_unatc-scaled.jpg\",\"datePublished\":\"2021-08-09T09:18:14+00:00\",\"dateModified\":\"2026-05-11T11:22:15+00:00\",\"breadcrumb\":{\"@id\":\"https:\\\/\\\/unatc.ro\\\/devunatc\\\/biblioteca\\\/#breadcrumb\"},\"inLanguage\":\"en-US\",\"potentialAction\":[{\"@type\":\"ReadAction\",\"target\":[\"https:\\\/\\\/unatc.ro\\\/devunatc\\\/biblioteca\\\/\"]}]},{\"@type\":\"ImageObject\",\"inLanguage\":\"en-US\",\"@id\":\"https:\\\/\\\/unatc.ro\\\/devunatc\\\/biblioteca\\\/#primaryimage\",\"url\":\"https:\\\/\\\/unatc.ro\\\/devunatc\\\/wp-content\\\/uploads\\\/2020\\\/11\\\/student_unatc-scaled.jpg\",\"contentUrl\":\"https:\\\/\\\/unatc.ro\\\/devunatc\\\/wp-content\\\/uploads\\\/2020\\\/11\\\/student_unatc-scaled.jpg\",\"width\":2560,\"height\":917},{\"@type\":\"BreadcrumbList\",\"@id\":\"https:\\\/\\\/unatc.ro\\\/devunatc\\\/biblioteca\\\/#breadcrumb\",\"itemListElement\":[{\"@type\":\"ListItem\",\"position\":1,\"name\":\"Home\",\"item\":\"https:\\\/\\\/unatc.ro\\\/devunatc\\\/\"},{\"@type\":\"ListItem\",\"position\":2,\"name\":\"Bibliotec\u0103\"}]},{\"@type\":\"WebSite\",\"@id\":\"https:\\\/\\\/unatc.ro\\\/devunatc\\\/#website\",\"url\":\"https:\\\/\\\/unatc.ro\\\/devunatc\\\/\",\"name\":\"UNATC\",\"description\":\"\",\"publisher\":{\"@id\":\"https:\\\/\\\/unatc.ro\\\/devunatc\\\/#organization\"},\"potentialAction\":[{\"@type\":\"SearchAction\",\"target\":{\"@type\":\"EntryPoint\",\"urlTemplate\":\"https:\\\/\\\/unatc.ro\\\/devunatc\\\/?s={search_term_string}\"},\"query-input\":{\"@type\":\"PropertyValueSpecification\",\"valueRequired\":true,\"valueName\":\"search_term_string\"}}],\"inLanguage\":\"en-US\"},{\"@type\":\"Organization\",\"@id\":\"https:\\\/\\\/unatc.ro\\\/devunatc\\\/#organization\",\"name\":\"UNATC\",\"url\":\"https:\\\/\\\/unatc.ro\\\/devunatc\\\/\",\"logo\":{\"@type\":\"ImageObject\",\"inLanguage\":\"en-US\",\"@id\":\"https:\\\/\\\/unatc.ro\\\/devunatc\\\/#\\\/schema\\\/logo\\\/image\\\/\",\"url\":\"https:\\\/\\\/unatc.ro\\\/devunatc\\\/wp-content\\\/uploads\\\/2025\\\/07\\\/unatc_logo.png\",\"contentUrl\":\"https:\\\/\\\/unatc.ro\\\/devunatc\\\/wp-content\\\/uploads\\\/2025\\\/07\\\/unatc_logo.png\",\"width\":480,\"height\":469,\"caption\":\"UNATC\"},\"image\":{\"@id\":\"https:\\\/\\\/unatc.ro\\\/devunatc\\\/#\\\/schema\\\/logo\\\/image\\\/\"},\"sameAs\":[\"https:\\\/\\\/www.facebook.com\\\/UNATC.ILC\\\/\",\"https:\\\/\\\/www.youtube.com\\\/c\\\/unatcilcaragiale\",\"https:\\\/\\\/www.instagram.com\\\/unatc_ilcaragiale\\\/?hl=en\",\"https:\\\/\\\/www.tiktok.com\\\/@unatc?lang=en\"]}]}<\/script>\n<!-- \/ Yoast SEO plugin. -->","yoast_head_json":{"title":"Bibliotec\u0103 - UNATC","robots":{"index":"index","follow":"follow","max-snippet":"max-snippet:-1","max-image-preview":"max-image-preview:large","max-video-preview":"max-video-preview:-1"},"canonical":"https:\/\/unatc.ro\/devunatc\/biblioteca\/","og_locale":"en_US","og_type":"article","og_title":"Bibliotec\u0103 - UNATC","og_description":"Bine ai venit la Bibliotec\u0103!&nbsp; Aici vei putea studia \u00een voie \u00eentr-un spa\u021biu prietenos \u0219i relaxat, iar noi \u00ee\u021bi oferim...","og_url":"https:\/\/unatc.ro\/devunatc\/biblioteca\/","og_site_name":"UNATC","article_publisher":"https:\/\/www.facebook.com\/UNATC.ILC\/","article_modified_time":"2026-05-11T11:22:15+00:00","og_image":[{"width":2560,"height":917,"url":"https:\/\/unatc.ro\/devunatc\/wp-content\/uploads\/2020\/11\/student_unatc-scaled.jpg","type":"image\/jpeg"}],"twitter_card":"summary_large_image","twitter_misc":{"Est. reading time":"2 minutes"},"schema":{"@context":"https:\/\/schema.org","@graph":[{"@type":"WebPage","@id":"https:\/\/unatc.ro\/devunatc\/biblioteca\/","url":"https:\/\/unatc.ro\/devunatc\/biblioteca\/","name":"Bibliotec\u0103 - UNATC","isPartOf":{"@id":"https:\/\/unatc.ro\/devunatc\/#website"},"primaryImageOfPage":{"@id":"https:\/\/unatc.ro\/devunatc\/biblioteca\/#primaryimage"},"image":{"@id":"https:\/\/unatc.ro\/devunatc\/biblioteca\/#primaryimage"},"thumbnailUrl":"https:\/\/unatc.ro\/devunatc\/wp-content\/uploads\/2020\/11\/student_unatc-scaled.jpg","datePublished":"2021-08-09T09:18:14+00:00","dateModified":"2026-05-11T11:22:15+00:00","breadcrumb":{"@id":"https:\/\/unatc.ro\/devunatc\/biblioteca\/#breadcrumb"},"inLanguage":"en-US","potentialAction":[{"@type":"ReadAction","target":["https:\/\/unatc.ro\/devunatc\/biblioteca\/"]}]},{"@type":"ImageObject","inLanguage":"en-US","@id":"https:\/\/unatc.ro\/devunatc\/biblioteca\/#primaryimage","url":"https:\/\/unatc.ro\/devunatc\/wp-content\/uploads\/2020\/11\/student_unatc-scaled.jpg","contentUrl":"https:\/\/unatc.ro\/devunatc\/wp-content\/uploads\/2020\/11\/student_unatc-scaled.jpg","width":2560,"height":917},{"@type":"BreadcrumbList","@id":"https:\/\/unatc.ro\/devunatc\/biblioteca\/#breadcrumb","itemListElement":[{"@type":"ListItem","position":1,"name":"Home","item":"https:\/\/unatc.ro\/devunatc\/"},{"@type":"ListItem","position":2,"name":"Bibliotec\u0103"}]},{"@type":"WebSite","@id":"https:\/\/unatc.ro\/devunatc\/#website","url":"https:\/\/unatc.ro\/devunatc\/","name":"UNATC","description":"","publisher":{"@id":"https:\/\/unatc.ro\/devunatc\/#organization"},"potentialAction":[{"@type":"SearchAction","target":{"@type":"EntryPoint","urlTemplate":"https:\/\/unatc.ro\/devunatc\/?s={search_term_string}"},"query-input":{"@type":"PropertyValueSpecification","valueRequired":true,"valueName":"search_term_string"}}],"inLanguage":"en-US"},{"@type":"Organization","@id":"https:\/\/unatc.ro\/devunatc\/#organization","name":"UNATC","url":"https:\/\/unatc.ro\/devunatc\/","logo":{"@type":"ImageObject","inLanguage":"en-US","@id":"https:\/\/unatc.ro\/devunatc\/#\/schema\/logo\/image\/","url":"https:\/\/unatc.ro\/devunatc\/wp-content\/uploads\/2025\/07\/unatc_logo.png","contentUrl":"https:\/\/unatc.ro\/devunatc\/wp-content\/uploads\/2025\/07\/unatc_logo.png","width":480,"height":469,"caption":"UNATC"},"image":{"@id":"https:\/\/unatc.ro\/devunatc\/#\/schema\/logo\/image\/"},"sameAs":["https:\/\/www.facebook.com\/UNATC.ILC\/","https:\/\/www.youtube.com\/c\/unatcilcaragiale","https:\/\/www.instagram.com\/unatc_ilcaragiale\/?hl=en","https:\/\/www.tiktok.com\/@unatc?lang=en"]}]}},"jetpack_sharing_enabled":true,"_links":{"self":[{"href":"https:\/\/unatc.ro\/devunatc\/wp-json\/wp\/v2\/pages\/5381","targetHints":{"allow":["GET"]}}],"collection":[{"href":"https:\/\/unatc.ro\/devunatc\/wp-json\/wp\/v2\/pages"}],"about":[{"href":"https:\/\/unatc.ro\/devunatc\/wp-json\/wp\/v2\/types\/page"}],"author":[{"embeddable":true,"href":"https:\/\/unatc.ro\/devunatc\/wp-json\/wp\/v2\/users\/1"}],"replies":[{"embeddable":true,"href":"https:\/\/unatc.ro\/devunatc\/wp-json\/wp\/v2\/comments?post=5381"}],"version-history":[{"count":29,"href":"https:\/\/unatc.ro\/devunatc\/wp-json\/wp\/v2\/pages\/5381\/revisions"}],"predecessor-version":[{"id":16815,"href":"https:\/\/unatc.ro\/devunatc\/wp-json\/wp\/v2\/pages\/5381\/revisions\/16815"}],"wp:featuredmedia":[{"embeddable":true,"href":"https:\/\/unatc.ro\/devunatc\/wp-json\/wp\/v2\/media\/1414"}],"wp:attachment":[{"href":"https:\/\/unatc.ro\/devunatc\/wp-json\/wp\/v2\/media?parent=5381"}],"curies":[{"name":"wp","href":"https:\/\/api.w.org\/{rel}","templated":true}]}}