{"id":5347,"date":"2021-07-29T15:08:42","date_gmt":"2021-07-29T13:08:42","guid":{"rendered":"https:\/\/unatc.ro\/devunatc\/?page_id=5347"},"modified":"2025-05-06T12:29:22","modified_gmt":"2025-05-06T10:29:22","slug":"conducatori-de-doctorat","status":"publish","type":"page","link":"https:\/\/unatc.ro\/devunatc\/doctorat\/conducatori-de-doctorat\/","title":{"rendered":"Conduc\u0103tori de doctorat"},"content":{"rendered":"\n<h3 class=\"wp-block-heading\"><strong>TEATRU \u015eI ARTELE SPECTACOLULUI<\/strong><\/h3>\n\n\n\n<div style=\"height:20px\" aria-hidden=\"true\" class=\"wp-block-spacer\"><\/div>\n\n\n\n<div class=\"wp-block-file\"><a id=\"wp-block-file--media-d5f3cdc9-5338-485c-8859-fc7d74394806\" href=\"https:\/\/unatc.ro\/devunatc\/wp-content\/uploads\/2021\/07\/CV_Liviu_Lucaci_2021.pdf\">PROF.UNIV.DR. LIVIU LUCACI <br>3844\/01.04.2019<\/a><a href=\"https:\/\/unatc.ro\/devunatc\/wp-content\/uploads\/2021\/07\/CV_Liviu_Lucaci_2021.pdf\" class=\"wp-block-file__button wp-element-button\" download aria-describedby=\"wp-block-file--media-d5f3cdc9-5338-485c-8859-fc7d74394806\">Descarc\u0103<\/a><\/div>\n\n\n\n<div class=\"wp-block-file\"><a id=\"wp-block-file--media-464bbcf5-1606-4c2d-9433-802a875769d7\" href=\"https:\/\/unatc.ro\/devunatc\/wp-content\/uploads\/2021\/07\/CV_Bogdana_Cretu_2021.pdf\">PROF.UNIV.DR. CRE\u0162U ADINA BOGDANA <br>4310\/08.08.2018<\/a><a href=\"https:\/\/unatc.ro\/devunatc\/wp-content\/uploads\/2021\/07\/CV_Bogdana_Cretu_2021.pdf\" class=\"wp-block-file__button wp-element-button\" download aria-describedby=\"wp-block-file--media-464bbcf5-1606-4c2d-9433-802a875769d7\">Descarc\u0103<\/a><\/div>\n\n\n\n<div class=\"wp-block-file\"><a id=\"wp-block-file--media-25448149-83ce-45d1-9569-8f6c49a246bb\" href=\"https:\/\/unatc.ro\/devunatc\/wp-content\/uploads\/2021\/07\/CV_Mircea_Gheorghiu_2021.pdf\">PROF.UNIV.DR. MIRCEA GHEORGHIU <br>4133\/28.05.2019<\/a><a href=\"https:\/\/unatc.ro\/devunatc\/wp-content\/uploads\/2021\/07\/CV_Mircea_Gheorghiu_2021.pdf\" class=\"wp-block-file__button wp-element-button\" download aria-describedby=\"wp-block-file--media-25448149-83ce-45d1-9569-8f6c49a246bb\">Descarc\u0103<\/a><\/div>\n\n\n\n<div class=\"wp-block-file\"><a id=\"wp-block-file--media-d71e34da-e9bb-4162-afdd-c1ab4fcea903\" href=\"https:\/\/unatc.ro\/devunatc\/wp-content\/uploads\/2024\/11\/CV_Mihaela_Sirbu_noiembrie_2024.pdf\">PROF.UNIV.DR. MIHAELA S\u00ceRBU<br>5371\/07.10.2021<\/a><a href=\"https:\/\/unatc.ro\/devunatc\/wp-content\/uploads\/2024\/11\/CV_Mihaela_Sirbu_noiembrie_2024.pdf\" class=\"wp-block-file__button wp-element-button\" download aria-describedby=\"wp-block-file--media-d71e34da-e9bb-4162-afdd-c1ab4fcea903\">Descarc\u0103<\/a><\/div>\n\n\n\n<div class=\"wp-block-file\"><a id=\"wp-block-file--media-0afc2ff0-c27c-4af2-8495-9ebd99af5d84\" href=\"https:\/\/unatc.ro\/devunatc\/wp-content\/uploads\/2021\/07\/CV_Ana_Maria_Nistor_2021.pdf\">PROF.UNIV.DR. NISTOR ANA MARIA <br>4311\/08.08.2018<\/a><a href=\"https:\/\/unatc.ro\/devunatc\/wp-content\/uploads\/2021\/07\/CV_Ana_Maria_Nistor_2021.pdf\" class=\"wp-block-file__button wp-element-button\" download aria-describedby=\"wp-block-file--media-0afc2ff0-c27c-4af2-8495-9ebd99af5d84\">Descarc\u0103<\/a><\/div>\n\n\n\n<div class=\"wp-block-file\"><a id=\"wp-block-file--media-f7b34a85-8ef0-458f-9b4a-df0cc8730203\" href=\"https:\/\/unatc.ro\/devunatc\/wp-content\/uploads\/2021\/07\/CV_Alex_Boureanu_2021.pdf\">PROF.UNIV.DR. BOUREANU ALEXANDRU <br>23\/06.11.2014<\/a><a href=\"https:\/\/unatc.ro\/devunatc\/wp-content\/uploads\/2021\/07\/CV_Alex_Boureanu_2021.pdf\" class=\"wp-block-file__button wp-element-button\" download aria-describedby=\"wp-block-file--media-f7b34a85-8ef0-458f-9b4a-df0cc8730203\">Descarc\u0103<\/a><\/div>\n\n\n\n<div class=\"wp-block-file\"><a id=\"wp-block-file--media-1f25376d-41d5-4cb7-9656-7e4aebdab775\" href=\"https:\/\/unatc.ro\/devunatc\/wp-content\/uploads\/2023\/04\/Anunt_CV_Daniel_Stanciu_abilitare.pdf\">CONF.UNIV.DR. DANIEL STANCIU<br>6774\/12.12.2023<\/a><a href=\"https:\/\/unatc.ro\/devunatc\/wp-content\/uploads\/2023\/04\/Anunt_CV_Daniel_Stanciu_abilitare.pdf\" class=\"wp-block-file__button wp-element-button\" download aria-describedby=\"wp-block-file--media-1f25376d-41d5-4cb7-9656-7e4aebdab775\">Descarc\u0103<\/a><\/div>\n\n\n\n<div style=\"height:41px\" aria-hidden=\"true\" class=\"wp-block-spacer\"><\/div>\n\n\n\n<h3 class=\"wp-block-heading\"><strong>CINEMATOGRAFIE \u015eI MEDIA<\/strong><\/h3>\n\n\n\n<div style=\"height:20px\" aria-hidden=\"true\" class=\"wp-block-spacer\"><\/div>\n\n\n\n<div class=\"wp-block-file\"><a id=\"wp-block-file--media-72e5c052-2d1a-44d4-b4c3-da500dd3b74b\" href=\"https:\/\/unatc.ro\/devunatc\/wp-content\/uploads\/2022\/05\/EuropassAlex_Sterian_Mai_2022.pdf\">PROF.UNIV.DR. STERIAN ALEXANDRU <br>4307\/08.08.2018<\/a><a href=\"https:\/\/unatc.ro\/devunatc\/wp-content\/uploads\/2022\/05\/EuropassAlex_Sterian_Mai_2022.pdf\" class=\"wp-block-file__button wp-element-button\" download aria-describedby=\"wp-block-file--media-72e5c052-2d1a-44d4-b4c3-da500dd3b74b\">Descarc\u0103<\/a><\/div>\n\n\n\n<div class=\"wp-block-file\"><a id=\"wp-block-file--media-e3f997de-2c4d-491d-a8a4-508d24e7c1a4\" href=\"https:\/\/unatc.ro\/devunatc\/wp-content\/uploads\/2021\/07\/CV_Doru_Nitescu_2021.pdf\">PROF.UNIV.DR. NI\u0162ESCU DORU <br>3882\/04.06.2018<\/a><a href=\"https:\/\/unatc.ro\/devunatc\/wp-content\/uploads\/2021\/07\/CV_Doru_Nitescu_2021.pdf\" class=\"wp-block-file__button wp-element-button\" download aria-describedby=\"wp-block-file--media-e3f997de-2c4d-491d-a8a4-508d24e7c1a4\">Descarc\u0103<\/a><\/div>\n\n\n\n<div class=\"wp-block-file\"><a id=\"wp-block-file--media-1db7b62e-f294-437c-95ab-eedf7f2fbd71\" href=\"https:\/\/unatc.ro\/devunatc\/wp-content\/uploads\/2021\/07\/CV_Marius_Sopterean_2021.pdf\">PROF.UNIV.DR. \u015eOPTEREAN MARIUS <br>3883\/04.06.2018<\/a><a href=\"https:\/\/unatc.ro\/devunatc\/wp-content\/uploads\/2021\/07\/CV_Marius_Sopterean_2021.pdf\" class=\"wp-block-file__button wp-element-button\" download aria-describedby=\"wp-block-file--media-1db7b62e-f294-437c-95ab-eedf7f2fbd71\">Descarc\u0103<\/a><\/div>\n\n\n\n<div class=\"wp-block-file\"><a id=\"wp-block-file--media-ec437233-a2b4-4f37-8adf-8bc1dc7faece\" href=\"https:\/\/unatc.ro\/devunatc\/wp-content\/uploads\/2021\/07\/CV_Ovidiu_Georgescu_2021.pdf\">PROF.UNIV.DR. GEORGESCU OVIDIU <br>3880\/04.06.2018<\/a><a href=\"https:\/\/unatc.ro\/devunatc\/wp-content\/uploads\/2021\/07\/CV_Ovidiu_Georgescu_2021.pdf\" class=\"wp-block-file__button wp-element-button\" download aria-describedby=\"wp-block-file--media-ec437233-a2b4-4f37-8adf-8bc1dc7faece\">Descarc\u0103<\/a><\/div>\n\n\n\n<div class=\"wp-block-file\"><a id=\"wp-block-file--media-85bd5a74-a102-4e34-a309-1e63481cab17\" href=\"https:\/\/unatc.ro\/devunatc\/wp-content\/uploads\/2024\/02\/CV_Andrei_Gorzo.pdf\">CONF.UNIV.DR. ANDREI GORZO<br>6773\/12.12.2023<\/a><a href=\"https:\/\/unatc.ro\/devunatc\/wp-content\/uploads\/2024\/02\/CV_Andrei_Gorzo.pdf\" class=\"wp-block-file__button wp-element-button\" download aria-describedby=\"wp-block-file--media-85bd5a74-a102-4e34-a309-1e63481cab17\">Descarc\u0103<\/a><\/div>\n\n\n\n<div class=\"wp-block-file\"><a id=\"wp-block-file--media-bb60ed99-fd79-4e54-9442-379aa00ec9d7\" href=\"https:\/\/unatc.ro\/devunatc\/wp-content\/uploads\/2021\/07\/CV_Christian_Ferencz_Flatz_2021.pdf\">LECT.UNIV.DR. CHRISTIAN FERENCZ-FLATZ <br>4103\/09.04.2020<\/a><a href=\"https:\/\/unatc.ro\/devunatc\/wp-content\/uploads\/2021\/07\/CV_Christian_Ferencz_Flatz_2021.pdf\" class=\"wp-block-file__button wp-element-button\" download aria-describedby=\"wp-block-file--media-bb60ed99-fd79-4e54-9442-379aa00ec9d7\">Descarc\u0103<\/a><\/div>\n\n\n\n<p><\/p>\n","protected":false},"excerpt":{"rendered":"<p class=\"no-padding\">TEATRU \u015eI ARTELE SPECTACOLULUI CINEMATOGRAFIE \u015eI MEDIA<\/p>\n","protected":false},"author":1,"featured_media":5086,"parent":1003,"menu_order":0,"comment_status":"closed","ping_status":"closed","template":"template-tab-group-color.php","meta":{"footnotes":""},"class_list":["post-5347","page","type-page","status-publish","has-post-thumbnail","hentry"],"acf":{"galerie_foto":null,"titlu_prezentare_departament":"","text_prezentare_departament":"","alternative_page_title":"","page_contact_email":"secretariat@unatc.ro"},"yoast_head":"<!-- This site is optimized with the Yoast SEO plugin v27.3 - https:\/\/yoast.com\/product\/yoast-seo-wordpress\/ -->\n<title>Conduc\u0103tori de doctorat - UNATC<\/title>\n<meta name=\"robots\" content=\"index, follow, max-snippet:-1, max-image-preview:large, max-video-preview:-1\" \/>\n<link rel=\"canonical\" href=\"https:\/\/unatc.ro\/devunatc\/doctorat\/conducatori-de-doctorat\/\" \/>\n<meta property=\"og:locale\" content=\"en_US\" \/>\n<meta property=\"og:type\" content=\"article\" \/>\n<meta property=\"og:title\" content=\"Conduc\u0103tori de doctorat - UNATC\" \/>\n<meta property=\"og:description\" content=\"TEATRU \u015eI ARTELE SPECTACOLULUI CINEMATOGRAFIE \u015eI MEDIA\" \/>\n<meta property=\"og:url\" content=\"https:\/\/unatc.ro\/devunatc\/doctorat\/conducatori-de-doctorat\/\" \/>\n<meta property=\"og:site_name\" content=\"UNATC\" \/>\n<meta property=\"article:publisher\" content=\"https:\/\/www.facebook.com\/UNATC.ILC\/\" \/>\n<meta property=\"article:modified_time\" content=\"2025-05-06T10:29:22+00:00\" \/>\n<meta property=\"og:image\" content=\"https:\/\/unatc.ro\/devunatc\/wp-content\/uploads\/2021\/07\/anunt_unatc.jpg\" \/>\n\t<meta property=\"og:image:width\" content=\"2400\" \/>\n\t<meta property=\"og:image:height\" content=\"1193\" \/>\n\t<meta property=\"og:image:type\" content=\"image\/jpeg\" \/>\n<meta name=\"twitter:card\" content=\"summary_large_image\" \/>\n<script type=\"application\/ld+json\" class=\"yoast-schema-graph\">{\"@context\":\"https:\\\/\\\/schema.org\",\"@graph\":[{\"@type\":\"WebPage\",\"@id\":\"https:\\\/\\\/unatc.ro\\\/devunatc\\\/doctorat\\\/conducatori-de-doctorat\\\/\",\"url\":\"https:\\\/\\\/unatc.ro\\\/devunatc\\\/doctorat\\\/conducatori-de-doctorat\\\/\",\"name\":\"Conduc\u0103tori de doctorat - UNATC\",\"isPartOf\":{\"@id\":\"https:\\\/\\\/unatc.ro\\\/devunatc\\\/#website\"},\"primaryImageOfPage\":{\"@id\":\"https:\\\/\\\/unatc.ro\\\/devunatc\\\/doctorat\\\/conducatori-de-doctorat\\\/#primaryimage\"},\"image\":{\"@id\":\"https:\\\/\\\/unatc.ro\\\/devunatc\\\/doctorat\\\/conducatori-de-doctorat\\\/#primaryimage\"},\"thumbnailUrl\":\"https:\\\/\\\/unatc.ro\\\/devunatc\\\/wp-content\\\/uploads\\\/2021\\\/07\\\/anunt_unatc.jpg\",\"datePublished\":\"2021-07-29T13:08:42+00:00\",\"dateModified\":\"2025-05-06T10:29:22+00:00\",\"breadcrumb\":{\"@id\":\"https:\\\/\\\/unatc.ro\\\/devunatc\\\/doctorat\\\/conducatori-de-doctorat\\\/#breadcrumb\"},\"inLanguage\":\"en-US\",\"potentialAction\":[{\"@type\":\"ReadAction\",\"target\":[\"https:\\\/\\\/unatc.ro\\\/devunatc\\\/doctorat\\\/conducatori-de-doctorat\\\/\"]}]},{\"@type\":\"ImageObject\",\"inLanguage\":\"en-US\",\"@id\":\"https:\\\/\\\/unatc.ro\\\/devunatc\\\/doctorat\\\/conducatori-de-doctorat\\\/#primaryimage\",\"url\":\"https:\\\/\\\/unatc.ro\\\/devunatc\\\/wp-content\\\/uploads\\\/2021\\\/07\\\/anunt_unatc.jpg\",\"contentUrl\":\"https:\\\/\\\/unatc.ro\\\/devunatc\\\/wp-content\\\/uploads\\\/2021\\\/07\\\/anunt_unatc.jpg\",\"width\":2400,\"height\":1193},{\"@type\":\"BreadcrumbList\",\"@id\":\"https:\\\/\\\/unatc.ro\\\/devunatc\\\/doctorat\\\/conducatori-de-doctorat\\\/#breadcrumb\",\"itemListElement\":[{\"@type\":\"ListItem\",\"position\":1,\"name\":\"Home\",\"item\":\"https:\\\/\\\/unatc.ro\\\/devunatc\\\/\"},{\"@type\":\"ListItem\",\"position\":2,\"name\":\"Doctorat\",\"item\":\"https:\\\/\\\/unatc.ro\\\/devunatc\\\/doctorat\\\/\"},{\"@type\":\"ListItem\",\"position\":3,\"name\":\"Conduc\u0103tori de doctorat\"}]},{\"@type\":\"WebSite\",\"@id\":\"https:\\\/\\\/unatc.ro\\\/devunatc\\\/#website\",\"url\":\"https:\\\/\\\/unatc.ro\\\/devunatc\\\/\",\"name\":\"UNATC\",\"description\":\"\",\"publisher\":{\"@id\":\"https:\\\/\\\/unatc.ro\\\/devunatc\\\/#organization\"},\"potentialAction\":[{\"@type\":\"SearchAction\",\"target\":{\"@type\":\"EntryPoint\",\"urlTemplate\":\"https:\\\/\\\/unatc.ro\\\/devunatc\\\/?s={search_term_string}\"},\"query-input\":{\"@type\":\"PropertyValueSpecification\",\"valueRequired\":true,\"valueName\":\"search_term_string\"}}],\"inLanguage\":\"en-US\"},{\"@type\":\"Organization\",\"@id\":\"https:\\\/\\\/unatc.ro\\\/devunatc\\\/#organization\",\"name\":\"UNATC\",\"url\":\"https:\\\/\\\/unatc.ro\\\/devunatc\\\/\",\"logo\":{\"@type\":\"ImageObject\",\"inLanguage\":\"en-US\",\"@id\":\"https:\\\/\\\/unatc.ro\\\/devunatc\\\/#\\\/schema\\\/logo\\\/image\\\/\",\"url\":\"https:\\\/\\\/unatc.ro\\\/devunatc\\\/wp-content\\\/uploads\\\/2025\\\/07\\\/unatc_logo.png\",\"contentUrl\":\"https:\\\/\\\/unatc.ro\\\/devunatc\\\/wp-content\\\/uploads\\\/2025\\\/07\\\/unatc_logo.png\",\"width\":480,\"height\":469,\"caption\":\"UNATC\"},\"image\":{\"@id\":\"https:\\\/\\\/unatc.ro\\\/devunatc\\\/#\\\/schema\\\/logo\\\/image\\\/\"},\"sameAs\":[\"https:\\\/\\\/www.facebook.com\\\/UNATC.ILC\\\/\",\"https:\\\/\\\/www.youtube.com\\\/c\\\/unatcilcaragiale\",\"https:\\\/\\\/www.instagram.com\\\/unatc_ilcaragiale\\\/?hl=en\",\"https:\\\/\\\/www.tiktok.com\\\/@unatc?lang=en\"]}]}<\/script>\n<!-- \/ Yoast SEO plugin. -->","yoast_head_json":{"title":"Conduc\u0103tori de doctorat - UNATC","robots":{"index":"index","follow":"follow","max-snippet":"max-snippet:-1","max-image-preview":"max-image-preview:large","max-video-preview":"max-video-preview:-1"},"canonical":"https:\/\/unatc.ro\/devunatc\/doctorat\/conducatori-de-doctorat\/","og_locale":"en_US","og_type":"article","og_title":"Conduc\u0103tori de doctorat - UNATC","og_description":"TEATRU \u015eI ARTELE SPECTACOLULUI CINEMATOGRAFIE \u015eI MEDIA","og_url":"https:\/\/unatc.ro\/devunatc\/doctorat\/conducatori-de-doctorat\/","og_site_name":"UNATC","article_publisher":"https:\/\/www.facebook.com\/UNATC.ILC\/","article_modified_time":"2025-05-06T10:29:22+00:00","og_image":[{"width":2400,"height":1193,"url":"https:\/\/unatc.ro\/devunatc\/wp-content\/uploads\/2021\/07\/anunt_unatc.jpg","type":"image\/jpeg"}],"twitter_card":"summary_large_image","schema":{"@context":"https:\/\/schema.org","@graph":[{"@type":"WebPage","@id":"https:\/\/unatc.ro\/devunatc\/doctorat\/conducatori-de-doctorat\/","url":"https:\/\/unatc.ro\/devunatc\/doctorat\/conducatori-de-doctorat\/","name":"Conduc\u0103tori de doctorat - UNATC","isPartOf":{"@id":"https:\/\/unatc.ro\/devunatc\/#website"},"primaryImageOfPage":{"@id":"https:\/\/unatc.ro\/devunatc\/doctorat\/conducatori-de-doctorat\/#primaryimage"},"image":{"@id":"https:\/\/unatc.ro\/devunatc\/doctorat\/conducatori-de-doctorat\/#primaryimage"},"thumbnailUrl":"https:\/\/unatc.ro\/devunatc\/wp-content\/uploads\/2021\/07\/anunt_unatc.jpg","datePublished":"2021-07-29T13:08:42+00:00","dateModified":"2025-05-06T10:29:22+00:00","breadcrumb":{"@id":"https:\/\/unatc.ro\/devunatc\/doctorat\/conducatori-de-doctorat\/#breadcrumb"},"inLanguage":"en-US","potentialAction":[{"@type":"ReadAction","target":["https:\/\/unatc.ro\/devunatc\/doctorat\/conducatori-de-doctorat\/"]}]},{"@type":"ImageObject","inLanguage":"en-US","@id":"https:\/\/unatc.ro\/devunatc\/doctorat\/conducatori-de-doctorat\/#primaryimage","url":"https:\/\/unatc.ro\/devunatc\/wp-content\/uploads\/2021\/07\/anunt_unatc.jpg","contentUrl":"https:\/\/unatc.ro\/devunatc\/wp-content\/uploads\/2021\/07\/anunt_unatc.jpg","width":2400,"height":1193},{"@type":"BreadcrumbList","@id":"https:\/\/unatc.ro\/devunatc\/doctorat\/conducatori-de-doctorat\/#breadcrumb","itemListElement":[{"@type":"ListItem","position":1,"name":"Home","item":"https:\/\/unatc.ro\/devunatc\/"},{"@type":"ListItem","position":2,"name":"Doctorat","item":"https:\/\/unatc.ro\/devunatc\/doctorat\/"},{"@type":"ListItem","position":3,"name":"Conduc\u0103tori de doctorat"}]},{"@type":"WebSite","@id":"https:\/\/unatc.ro\/devunatc\/#website","url":"https:\/\/unatc.ro\/devunatc\/","name":"UNATC","description":"","publisher":{"@id":"https:\/\/unatc.ro\/devunatc\/#organization"},"potentialAction":[{"@type":"SearchAction","target":{"@type":"EntryPoint","urlTemplate":"https:\/\/unatc.ro\/devunatc\/?s={search_term_string}"},"query-input":{"@type":"PropertyValueSpecification","valueRequired":true,"valueName":"search_term_string"}}],"inLanguage":"en-US"},{"@type":"Organization","@id":"https:\/\/unatc.ro\/devunatc\/#organization","name":"UNATC","url":"https:\/\/unatc.ro\/devunatc\/","logo":{"@type":"ImageObject","inLanguage":"en-US","@id":"https:\/\/unatc.ro\/devunatc\/#\/schema\/logo\/image\/","url":"https:\/\/unatc.ro\/devunatc\/wp-content\/uploads\/2025\/07\/unatc_logo.png","contentUrl":"https:\/\/unatc.ro\/devunatc\/wp-content\/uploads\/2025\/07\/unatc_logo.png","width":480,"height":469,"caption":"UNATC"},"image":{"@id":"https:\/\/unatc.ro\/devunatc\/#\/schema\/logo\/image\/"},"sameAs":["https:\/\/www.facebook.com\/UNATC.ILC\/","https:\/\/www.youtube.com\/c\/unatcilcaragiale","https:\/\/www.instagram.com\/unatc_ilcaragiale\/?hl=en","https:\/\/www.tiktok.com\/@unatc?lang=en"]}]}},"jetpack_sharing_enabled":true,"_links":{"self":[{"href":"https:\/\/unatc.ro\/devunatc\/wp-json\/wp\/v2\/pages\/5347","targetHints":{"allow":["GET"]}}],"collection":[{"href":"https:\/\/unatc.ro\/devunatc\/wp-json\/wp\/v2\/pages"}],"about":[{"href":"https:\/\/unatc.ro\/devunatc\/wp-json\/wp\/v2\/types\/page"}],"author":[{"embeddable":true,"href":"https:\/\/unatc.ro\/devunatc\/wp-json\/wp\/v2\/users\/1"}],"replies":[{"embeddable":true,"href":"https:\/\/unatc.ro\/devunatc\/wp-json\/wp\/v2\/comments?post=5347"}],"version-history":[{"count":16,"href":"https:\/\/unatc.ro\/devunatc\/wp-json\/wp\/v2\/pages\/5347\/revisions"}],"predecessor-version":[{"id":15036,"href":"https:\/\/unatc.ro\/devunatc\/wp-json\/wp\/v2\/pages\/5347\/revisions\/15036"}],"up":[{"embeddable":true,"href":"https:\/\/unatc.ro\/devunatc\/wp-json\/wp\/v2\/pages\/1003"}],"wp:featuredmedia":[{"embeddable":true,"href":"https:\/\/unatc.ro\/devunatc\/wp-json\/wp\/v2\/media\/5086"}],"wp:attachment":[{"href":"https:\/\/unatc.ro\/devunatc\/wp-json\/wp\/v2\/media?parent=5347"}],"curies":[{"name":"wp","href":"https:\/\/api.w.org\/{rel}","templated":true}]}}