{"id":5293,"date":"2021-07-19T22:53:04","date_gmt":"2021-07-19T20:53:04","guid":{"rendered":"https:\/\/unatc.ro\/devunatc\/?page_id=5293"},"modified":"2021-07-19T22:53:05","modified_gmt":"2021-07-19T20:53:05","slug":"unatc-pe-bicicleta","status":"publish","type":"page","link":"https:\/\/unatc.ro\/devunatc\/agenda-unatc\/unatc-pe-bicicleta\/","title":{"rendered":"UNATC pe Biciclet\u0103!"},"content":{"rendered":"\n<p>Agenda: <strong><em>UNATC Social\u00b8UNATC Verde, UNATC Modern<\/em><\/strong><\/p>\n\n\n\n<p>Micro <strong>campanie<\/strong> de:<br><\/p>\n\n\n\n<p>o&nbsp;&nbsp;&nbsp;&nbsp;<strong>Con\u0219tientizare<\/strong> a unei probleme a <strong>comunit\u0103\u021bii<\/strong> ora\u0219ului Bucure\u0219ti \u2013 poluarea<\/p>\n\n\n\n<p>o&nbsp;&nbsp;&nbsp;<strong>responsabilizare<\/strong> social\u0103 a publicului intern prin \u00eencurajarea folosirii transportului alternativ \u2013 folosirea bicicletei<\/p>\n\n\n\n<p>o&nbsp;&nbsp;&nbsp;realizarea efectiv\u0103 pentru \u0219i cu publicul intern-comunitatea&nbsp;UNATC&nbsp;\u2013 dou\u0103 obiective interne<\/p>\n\n\n\n<p>\u25aa&nbsp;&nbsp;parcare pentru biciclete<\/p>\n\n\n\n<p>\u25aa&nbsp;&nbsp;<strong>Achizi\u021bionarea de biciclete&nbsp;<\/strong>\u2013 prin parteneriate publice \u0219i private -, care vor putea fi folosite&nbsp;<strong>gratuit<\/strong>&nbsp;de c\u0103tre membrii comunit\u0103\u021bii&nbsp;UNATC<\/p>\n\n\n\n<p>o&nbsp;&nbsp;&nbsp;&nbsp;&nbsp;\u00cent\u0103rire a sentimentului de comunitate \u0219i grup unitar&nbsp;UNATC &#8211; \u201dA face ceva \u00eempreun\u0103\u201d<\/p>\n\n\n\n<p>o&nbsp;&nbsp;&nbsp;Implicarea&nbsp;UNATC&nbsp;\u00een problemele comunit\u0103\u021bii<\/p>\n\n\n\n<p>Debut campanie: 12 februarie 2021<\/p>\n\n\n\n<p>Hashtag-ul principal al campaniei: #<strong>unatcpebicicleta<\/strong><\/p>\n\n\n\n<p>Tip materiale:<\/p>\n\n\n\n<ul class=\"wp-block-list\"><li>filmule\u021be scurte, cu membrii comunit\u0103\u021bii UNATC, studen\u021bi \u0219i profesori, folosind bicicleta, cu mesajul explicit \u201dSus\u021bin UNATC pe Biciclet\u0103\u201d<\/li><li>fotografii cu membrii comunit\u0103\u021bii UNATC, studen\u021bi \u0219i profesori, publicate \u00een Social Media personal\u0103 sau a UNATC, cu hashtagul #unatcpebiciclet\u0103<\/li><li>publicare s\u0103pt\u0103m\u00e2nal\u0103 a materialelor campaniei \u00een Social media UNATC: Facebook, YouTube, Instagram, TikTok.<\/li><\/ul>\n\n\n\n<p><strong>Rezultate:<\/strong><\/p>\n\n\n\n<ul class=\"wp-block-list\"><li>23 participan\u021bi la film\u0103rile \u00een cadrul campaniei \u2013 17 studen\u021bi \u0219i 6 cadre didactice<\/li><li>Implicare \u00een cadrul campaniei a studen\u021bilor de la actorie \u0219i Master Imagine<\/li><li>Atingerea primului obiectiv: <strong>instalarea de parc\u0103ri pentru biciclete<\/strong> \u00een curtea UNATC<\/li><li>Atragerea ca <strong>partener \u0219i sus\u021bin\u0103tor<\/strong> al campaniei #unatcpebiciclet\u0103 a celui mai important brand \u0219i produc\u0103tor de biciclete din Rom\u00e2nia: <strong>Pegas<\/strong>.<\/li><li>Demararea \u00een cadrul intern a unui <strong>proiect<\/strong> comun UNATC &#8211; Pegas<\/li><\/ul>\n","protected":false},"excerpt":{"rendered":"<p class=\"no-padding\">Agenda: UNATC Social\u00b8UNATC Verde, UNATC Modern Micro campanie de: o&nbsp;&nbsp;&nbsp;&nbsp;Con\u0219tientizare a unei probleme a comunit\u0103\u021bii ora\u0219ului Bucure\u0219ti \u2013 poluarea o&nbsp;&nbsp;&nbsp;responsabilizare&#8230;<\/p>\n","protected":false},"author":1,"featured_media":5274,"parent":5275,"menu_order":0,"comment_status":"closed","ping_status":"closed","template":"template-tab-group-color.php","meta":{"footnotes":""},"class_list":["post-5293","page","type-page","status-publish","has-post-thumbnail","hentry"],"acf":{"galerie_foto":null,"titlu_prezentare_departament":"","text_prezentare_departament":"","alternative_page_title":"","page_contact_email":""},"yoast_head":"<!-- This site is optimized with the Yoast SEO plugin v27.4 - https:\/\/yoast.com\/product\/yoast-seo-wordpress\/ -->\n<title>UNATC pe Biciclet\u0103! - UNATC<\/title>\n<meta name=\"robots\" content=\"index, follow, max-snippet:-1, max-image-preview:large, max-video-preview:-1\" \/>\n<link rel=\"canonical\" href=\"https:\/\/unatc.ro\/devunatc\/agenda-unatc\/unatc-pe-bicicleta\/\" \/>\n<meta property=\"og:locale\" content=\"en_US\" \/>\n<meta property=\"og:type\" content=\"article\" \/>\n<meta property=\"og:title\" content=\"UNATC pe Biciclet\u0103! - UNATC\" \/>\n<meta property=\"og:description\" content=\"Agenda: UNATC Social\u00b8UNATC Verde, UNATC Modern Micro campanie de: o&nbsp;&nbsp;&nbsp;&nbsp;Con\u0219tientizare a unei probleme a comunit\u0103\u021bii ora\u0219ului Bucure\u0219ti \u2013 poluarea o&nbsp;&nbsp;&nbsp;responsabilizare...\" \/>\n<meta property=\"og:url\" content=\"https:\/\/unatc.ro\/devunatc\/agenda-unatc\/unatc-pe-bicicleta\/\" \/>\n<meta property=\"og:site_name\" content=\"UNATC\" \/>\n<meta property=\"article:publisher\" content=\"https:\/\/www.facebook.com\/UNATC.ILC\/\" \/>\n<meta property=\"article:modified_time\" content=\"2021-07-19T20:53:05+00:00\" \/>\n<meta property=\"og:image\" content=\"https:\/\/unatc.ro\/devunatc\/wp-content\/uploads\/2021\/07\/proiecte_default.jpg\" \/>\n\t<meta property=\"og:image:width\" content=\"2400\" \/>\n\t<meta property=\"og:image:height\" content=\"1193\" \/>\n\t<meta property=\"og:image:type\" content=\"image\/jpeg\" \/>\n<meta name=\"twitter:card\" content=\"summary_large_image\" \/>\n<meta name=\"twitter:label1\" content=\"Est. reading time\" \/>\n\t<meta name=\"twitter:data1\" content=\"1 minute\" \/>\n<script type=\"application\/ld+json\" class=\"yoast-schema-graph\">{\"@context\":\"https:\\\/\\\/schema.org\",\"@graph\":[{\"@type\":\"WebPage\",\"@id\":\"https:\\\/\\\/unatc.ro\\\/devunatc\\\/agenda-unatc\\\/unatc-pe-bicicleta\\\/\",\"url\":\"https:\\\/\\\/unatc.ro\\\/devunatc\\\/agenda-unatc\\\/unatc-pe-bicicleta\\\/\",\"name\":\"UNATC pe Biciclet\u0103! - UNATC\",\"isPartOf\":{\"@id\":\"https:\\\/\\\/unatc.ro\\\/devunatc\\\/#website\"},\"primaryImageOfPage\":{\"@id\":\"https:\\\/\\\/unatc.ro\\\/devunatc\\\/agenda-unatc\\\/unatc-pe-bicicleta\\\/#primaryimage\"},\"image\":{\"@id\":\"https:\\\/\\\/unatc.ro\\\/devunatc\\\/agenda-unatc\\\/unatc-pe-bicicleta\\\/#primaryimage\"},\"thumbnailUrl\":\"https:\\\/\\\/unatc.ro\\\/devunatc\\\/wp-content\\\/uploads\\\/2021\\\/07\\\/proiecte_default.jpg\",\"datePublished\":\"2021-07-19T20:53:04+00:00\",\"dateModified\":\"2021-07-19T20:53:05+00:00\",\"breadcrumb\":{\"@id\":\"https:\\\/\\\/unatc.ro\\\/devunatc\\\/agenda-unatc\\\/unatc-pe-bicicleta\\\/#breadcrumb\"},\"inLanguage\":\"en-US\",\"potentialAction\":[{\"@type\":\"ReadAction\",\"target\":[\"https:\\\/\\\/unatc.ro\\\/devunatc\\\/agenda-unatc\\\/unatc-pe-bicicleta\\\/\"]}]},{\"@type\":\"ImageObject\",\"inLanguage\":\"en-US\",\"@id\":\"https:\\\/\\\/unatc.ro\\\/devunatc\\\/agenda-unatc\\\/unatc-pe-bicicleta\\\/#primaryimage\",\"url\":\"https:\\\/\\\/unatc.ro\\\/devunatc\\\/wp-content\\\/uploads\\\/2021\\\/07\\\/proiecte_default.jpg\",\"contentUrl\":\"https:\\\/\\\/unatc.ro\\\/devunatc\\\/wp-content\\\/uploads\\\/2021\\\/07\\\/proiecte_default.jpg\",\"width\":2400,\"height\":1193},{\"@type\":\"BreadcrumbList\",\"@id\":\"https:\\\/\\\/unatc.ro\\\/devunatc\\\/agenda-unatc\\\/unatc-pe-bicicleta\\\/#breadcrumb\",\"itemListElement\":[{\"@type\":\"ListItem\",\"position\":1,\"name\":\"Home\",\"item\":\"https:\\\/\\\/unatc.ro\\\/devunatc\\\/\"},{\"@type\":\"ListItem\",\"position\":2,\"name\":\"Agenda UNATC\",\"item\":\"https:\\\/\\\/unatc.ro\\\/devunatc\\\/agenda-unatc\\\/\"},{\"@type\":\"ListItem\",\"position\":3,\"name\":\"UNATC pe Biciclet\u0103!\"}]},{\"@type\":\"WebSite\",\"@id\":\"https:\\\/\\\/unatc.ro\\\/devunatc\\\/#website\",\"url\":\"https:\\\/\\\/unatc.ro\\\/devunatc\\\/\",\"name\":\"UNATC\",\"description\":\"\",\"publisher\":{\"@id\":\"https:\\\/\\\/unatc.ro\\\/devunatc\\\/#organization\"},\"potentialAction\":[{\"@type\":\"SearchAction\",\"target\":{\"@type\":\"EntryPoint\",\"urlTemplate\":\"https:\\\/\\\/unatc.ro\\\/devunatc\\\/?s={search_term_string}\"},\"query-input\":{\"@type\":\"PropertyValueSpecification\",\"valueRequired\":true,\"valueName\":\"search_term_string\"}}],\"inLanguage\":\"en-US\"},{\"@type\":\"Organization\",\"@id\":\"https:\\\/\\\/unatc.ro\\\/devunatc\\\/#organization\",\"name\":\"UNATC\",\"url\":\"https:\\\/\\\/unatc.ro\\\/devunatc\\\/\",\"logo\":{\"@type\":\"ImageObject\",\"inLanguage\":\"en-US\",\"@id\":\"https:\\\/\\\/unatc.ro\\\/devunatc\\\/#\\\/schema\\\/logo\\\/image\\\/\",\"url\":\"https:\\\/\\\/unatc.ro\\\/devunatc\\\/wp-content\\\/uploads\\\/2025\\\/07\\\/unatc_logo.png\",\"contentUrl\":\"https:\\\/\\\/unatc.ro\\\/devunatc\\\/wp-content\\\/uploads\\\/2025\\\/07\\\/unatc_logo.png\",\"width\":480,\"height\":469,\"caption\":\"UNATC\"},\"image\":{\"@id\":\"https:\\\/\\\/unatc.ro\\\/devunatc\\\/#\\\/schema\\\/logo\\\/image\\\/\"},\"sameAs\":[\"https:\\\/\\\/www.facebook.com\\\/UNATC.ILC\\\/\",\"https:\\\/\\\/www.youtube.com\\\/c\\\/unatcilcaragiale\",\"https:\\\/\\\/www.instagram.com\\\/unatc_ilcaragiale\\\/?hl=en\",\"https:\\\/\\\/www.tiktok.com\\\/@unatc?lang=en\"]}]}<\/script>\n<!-- \/ Yoast SEO plugin. -->","yoast_head_json":{"title":"UNATC pe Biciclet\u0103! - UNATC","robots":{"index":"index","follow":"follow","max-snippet":"max-snippet:-1","max-image-preview":"max-image-preview:large","max-video-preview":"max-video-preview:-1"},"canonical":"https:\/\/unatc.ro\/devunatc\/agenda-unatc\/unatc-pe-bicicleta\/","og_locale":"en_US","og_type":"article","og_title":"UNATC pe Biciclet\u0103! - UNATC","og_description":"Agenda: UNATC Social\u00b8UNATC Verde, UNATC Modern Micro campanie de: o&nbsp;&nbsp;&nbsp;&nbsp;Con\u0219tientizare a unei probleme a comunit\u0103\u021bii ora\u0219ului Bucure\u0219ti \u2013 poluarea o&nbsp;&nbsp;&nbsp;responsabilizare...","og_url":"https:\/\/unatc.ro\/devunatc\/agenda-unatc\/unatc-pe-bicicleta\/","og_site_name":"UNATC","article_publisher":"https:\/\/www.facebook.com\/UNATC.ILC\/","article_modified_time":"2021-07-19T20:53:05+00:00","og_image":[{"width":2400,"height":1193,"url":"https:\/\/unatc.ro\/devunatc\/wp-content\/uploads\/2021\/07\/proiecte_default.jpg","type":"image\/jpeg"}],"twitter_card":"summary_large_image","twitter_misc":{"Est. reading time":"1 minute"},"schema":{"@context":"https:\/\/schema.org","@graph":[{"@type":"WebPage","@id":"https:\/\/unatc.ro\/devunatc\/agenda-unatc\/unatc-pe-bicicleta\/","url":"https:\/\/unatc.ro\/devunatc\/agenda-unatc\/unatc-pe-bicicleta\/","name":"UNATC pe Biciclet\u0103! - UNATC","isPartOf":{"@id":"https:\/\/unatc.ro\/devunatc\/#website"},"primaryImageOfPage":{"@id":"https:\/\/unatc.ro\/devunatc\/agenda-unatc\/unatc-pe-bicicleta\/#primaryimage"},"image":{"@id":"https:\/\/unatc.ro\/devunatc\/agenda-unatc\/unatc-pe-bicicleta\/#primaryimage"},"thumbnailUrl":"https:\/\/unatc.ro\/devunatc\/wp-content\/uploads\/2021\/07\/proiecte_default.jpg","datePublished":"2021-07-19T20:53:04+00:00","dateModified":"2021-07-19T20:53:05+00:00","breadcrumb":{"@id":"https:\/\/unatc.ro\/devunatc\/agenda-unatc\/unatc-pe-bicicleta\/#breadcrumb"},"inLanguage":"en-US","potentialAction":[{"@type":"ReadAction","target":["https:\/\/unatc.ro\/devunatc\/agenda-unatc\/unatc-pe-bicicleta\/"]}]},{"@type":"ImageObject","inLanguage":"en-US","@id":"https:\/\/unatc.ro\/devunatc\/agenda-unatc\/unatc-pe-bicicleta\/#primaryimage","url":"https:\/\/unatc.ro\/devunatc\/wp-content\/uploads\/2021\/07\/proiecte_default.jpg","contentUrl":"https:\/\/unatc.ro\/devunatc\/wp-content\/uploads\/2021\/07\/proiecte_default.jpg","width":2400,"height":1193},{"@type":"BreadcrumbList","@id":"https:\/\/unatc.ro\/devunatc\/agenda-unatc\/unatc-pe-bicicleta\/#breadcrumb","itemListElement":[{"@type":"ListItem","position":1,"name":"Home","item":"https:\/\/unatc.ro\/devunatc\/"},{"@type":"ListItem","position":2,"name":"Agenda UNATC","item":"https:\/\/unatc.ro\/devunatc\/agenda-unatc\/"},{"@type":"ListItem","position":3,"name":"UNATC pe Biciclet\u0103!"}]},{"@type":"WebSite","@id":"https:\/\/unatc.ro\/devunatc\/#website","url":"https:\/\/unatc.ro\/devunatc\/","name":"UNATC","description":"","publisher":{"@id":"https:\/\/unatc.ro\/devunatc\/#organization"},"potentialAction":[{"@type":"SearchAction","target":{"@type":"EntryPoint","urlTemplate":"https:\/\/unatc.ro\/devunatc\/?s={search_term_string}"},"query-input":{"@type":"PropertyValueSpecification","valueRequired":true,"valueName":"search_term_string"}}],"inLanguage":"en-US"},{"@type":"Organization","@id":"https:\/\/unatc.ro\/devunatc\/#organization","name":"UNATC","url":"https:\/\/unatc.ro\/devunatc\/","logo":{"@type":"ImageObject","inLanguage":"en-US","@id":"https:\/\/unatc.ro\/devunatc\/#\/schema\/logo\/image\/","url":"https:\/\/unatc.ro\/devunatc\/wp-content\/uploads\/2025\/07\/unatc_logo.png","contentUrl":"https:\/\/unatc.ro\/devunatc\/wp-content\/uploads\/2025\/07\/unatc_logo.png","width":480,"height":469,"caption":"UNATC"},"image":{"@id":"https:\/\/unatc.ro\/devunatc\/#\/schema\/logo\/image\/"},"sameAs":["https:\/\/www.facebook.com\/UNATC.ILC\/","https:\/\/www.youtube.com\/c\/unatcilcaragiale","https:\/\/www.instagram.com\/unatc_ilcaragiale\/?hl=en","https:\/\/www.tiktok.com\/@unatc?lang=en"]}]}},"jetpack_sharing_enabled":true,"_links":{"self":[{"href":"https:\/\/unatc.ro\/devunatc\/wp-json\/wp\/v2\/pages\/5293","targetHints":{"allow":["GET"]}}],"collection":[{"href":"https:\/\/unatc.ro\/devunatc\/wp-json\/wp\/v2\/pages"}],"about":[{"href":"https:\/\/unatc.ro\/devunatc\/wp-json\/wp\/v2\/types\/page"}],"author":[{"embeddable":true,"href":"https:\/\/unatc.ro\/devunatc\/wp-json\/wp\/v2\/users\/1"}],"replies":[{"embeddable":true,"href":"https:\/\/unatc.ro\/devunatc\/wp-json\/wp\/v2\/comments?post=5293"}],"version-history":[{"count":1,"href":"https:\/\/unatc.ro\/devunatc\/wp-json\/wp\/v2\/pages\/5293\/revisions"}],"predecessor-version":[{"id":5294,"href":"https:\/\/unatc.ro\/devunatc\/wp-json\/wp\/v2\/pages\/5293\/revisions\/5294"}],"up":[{"embeddable":true,"href":"https:\/\/unatc.ro\/devunatc\/wp-json\/wp\/v2\/pages\/5275"}],"wp:featuredmedia":[{"embeddable":true,"href":"https:\/\/unatc.ro\/devunatc\/wp-json\/wp\/v2\/media\/5274"}],"wp:attachment":[{"href":"https:\/\/unatc.ro\/devunatc\/wp-json\/wp\/v2\/media?parent=5293"}],"curies":[{"name":"wp","href":"https:\/\/api.w.org\/{rel}","templated":true}]}}