{"id":5288,"date":"2021-07-19T22:49:23","date_gmt":"2021-07-19T20:49:23","guid":{"rendered":"https:\/\/unatc.ro\/devunatc\/?page_id=5288"},"modified":"2021-07-19T22:50:44","modified_gmt":"2021-07-19T20:50:44","slug":"consortiul-arte","status":"publish","type":"page","link":"https:\/\/unatc.ro\/devunatc\/agenda-unatc\/consortiul-arte\/","title":{"rendered":"Consor\u021biul ARTE"},"content":{"rendered":"\n<p>Agenda: <strong><em>UNATC Educa\u021bional<\/em><\/strong><\/p>\n\n\n\n<p><strong>Constituirea Consor\u021biului Universitar Arte<\/strong><\/p>\n\n\n\n<p>\u00cenv\u0103\u021b\u0103m\u00e2ntul superior artistic din Rom\u00e2nia a f\u0103cut un pas esen\u021bial pe 12 iunie 2021: constituirea, la Ia\u0219i, \u00een prezen\u021ba Ministrului Educa\u021biei, a Consor\u021biului Universitar Arte. Pre\u0219edinte al Consiliului de administra\u021bie a fost ales prof. univ. dr. Liviu Lucaci, Rectorul Universit\u0103\u021bii Na\u021bionale de Art\u0103 teatral\u0103 \u0219i Cinematografic\u0103 \u201eI.L. Caragiale\u201d Bucure\u0219ti.<\/p>\n\n\n\n<p>Ini\u021biativa fond\u0103rii acestui consor\u021biu universitar apar\u021bine a \u0219apte institu\u021bii de prestigiu din \u00eenv\u0103\u021b\u0103m\u00e2ntul superior cu profil artistic din Rom\u00e2nia: Universitatea Na\u021bional\u0103 de Art\u0103 teatral\u0103 \u0219i Cinematografic\u0103 \u201eI.L. Caragiale\u201d Bucure\u0219ti, Universitatea Na\u021bional\u0103 de Arte \u201eGeorge Enescu\u201d din Ia\u0219i, Universitatea Na\u021bional\u0103 de Muzic\u0103 din Bucure\u0219ti, Universitatea de Art\u0103 \u0219i Design din Cluj Napoca, Academia Na\u021bional\u0103 de Muzic\u0103 \u201eGheorghe Dima\u201d din Cluj Napoca, Universitatea de Arte din T\u00e2rgu-Mure\u0219 \u0219i Academia de Muzic\u0103, Teatru \u0219i Arte Plastice din Chi\u0219in\u0103u. Acestora li se adaug\u0103, cu titlu de invitate permanente, alte unsprezece institu\u021bii ce au \u00een componen\u021b\u0103 programe de \u00eenv\u0103\u021b\u0103m\u00e2nt universitar artistic: Universitatea de Vest din Timi\u0219oara, Universitatea \u201eTransilvania\u201d din Bra\u0219ov, Universitatea \u201eDun\u0103rea de Jos\u201d din Gala\u021bi, Universitatea \u201eOvidius\u201d din Constan\u021ba, Universitatea din Craiova, Universitatea \u201eLucian Blaga\u201d din Sibiu, Universitatea \u201eBabe\u0219-Bolyai\u201d din Cluj-Napoca, Universitatea din Oradea, Universitatea din Pite\u0219ti, Universitatea \u201e1 Decembrie 1918\u201d din Alba Iulia \u0219i Universitatea \u201eValahia\u201d din T\u00e2rgovi\u0219te.<\/p>\n\n\n\n<p>Consor\u021biul universitar Arte \u00ee\u0219i propune promovarea intereselor \u00eenv\u0103\u021b\u0103m\u00e2ntului universitar cu profil artistic, crearea de strategii comune, colaborarea cu entit\u0103\u021bi academice \u0219i artistice similare, eficientizarea \u0219i reducerea semnificativ\u0103 a costurilor academice prin folosirea \u00een comun a infrastructurii didactice \u0219i de cercetare, promovarea de programe academice comune, oferirea studen\u021bilor posibilitatea de a urma specializ\u0103ri \u0219i cursuri pe baza acumul\u0103rii \u0219i transferului de credite, facilitarea mobilit\u0103\u021bii cadrelor didactice.<\/p>\n\n\n\n<p>La Ia\u0219i, Universitatea Na\u021bional\u0103 de Art\u0103 teatral\u0103 \u0219i Cinematografic\u0103 \u201eI.L. Caragiale\u201d Bucure\u0219ti a fost reprezentat\u0103 de prof. univ. dr. Liviu Lucaci, Rector, prof univ. dr. Doru Ni\u021bescu, Pre\u0219edintele Senatului, \u0219i de prof. univ. dr. Mircea Gheorghiu, Prorectorul cu Managementul Academic.<\/p>\n","protected":false},"excerpt":{"rendered":"<p class=\"no-padding\">Agenda: UNATC Educa\u021bional Constituirea Consor\u021biului Universitar Arte \u00cenv\u0103\u021b\u0103m\u00e2ntul superior artistic din Rom\u00e2nia a f\u0103cut un pas esen\u021bial pe 12 iunie&#8230;<\/p>\n","protected":false},"author":1,"featured_media":5274,"parent":5275,"menu_order":0,"comment_status":"closed","ping_status":"closed","template":"template-tab-group-color.php","meta":{"footnotes":""},"class_list":["post-5288","page","type-page","status-publish","has-post-thumbnail","hentry"],"acf":{"galerie_foto":null,"titlu_prezentare_departament":"","text_prezentare_departament":"","alternative_page_title":"","page_contact_email":""},"yoast_head":"<!-- This site is optimized with the Yoast SEO plugin v27.4 - https:\/\/yoast.com\/product\/yoast-seo-wordpress\/ -->\n<title>Consor\u021biul ARTE - UNATC<\/title>\n<meta name=\"robots\" content=\"index, follow, max-snippet:-1, max-image-preview:large, max-video-preview:-1\" \/>\n<link rel=\"canonical\" href=\"https:\/\/unatc.ro\/devunatc\/agenda-unatc\/consortiul-arte\/\" \/>\n<meta property=\"og:locale\" content=\"en_US\" \/>\n<meta property=\"og:type\" content=\"article\" \/>\n<meta property=\"og:title\" content=\"Consor\u021biul ARTE - UNATC\" \/>\n<meta property=\"og:description\" content=\"Agenda: UNATC Educa\u021bional Constituirea Consor\u021biului Universitar Arte \u00cenv\u0103\u021b\u0103m\u00e2ntul superior artistic din Rom\u00e2nia a f\u0103cut un pas esen\u021bial pe 12 iunie...\" \/>\n<meta property=\"og:url\" content=\"https:\/\/unatc.ro\/devunatc\/agenda-unatc\/consortiul-arte\/\" \/>\n<meta property=\"og:site_name\" content=\"UNATC\" \/>\n<meta property=\"article:publisher\" content=\"https:\/\/www.facebook.com\/UNATC.ILC\/\" \/>\n<meta property=\"article:modified_time\" content=\"2021-07-19T20:50:44+00:00\" \/>\n<meta property=\"og:image\" content=\"https:\/\/unatc.ro\/devunatc\/wp-content\/uploads\/2021\/07\/proiecte_default.jpg\" \/>\n\t<meta property=\"og:image:width\" content=\"2400\" \/>\n\t<meta property=\"og:image:height\" content=\"1193\" \/>\n\t<meta property=\"og:image:type\" content=\"image\/jpeg\" \/>\n<meta name=\"twitter:card\" content=\"summary_large_image\" \/>\n<meta name=\"twitter:label1\" content=\"Est. reading time\" \/>\n\t<meta name=\"twitter:data1\" content=\"2 minutes\" \/>\n<script type=\"application\/ld+json\" class=\"yoast-schema-graph\">{\"@context\":\"https:\\\/\\\/schema.org\",\"@graph\":[{\"@type\":\"WebPage\",\"@id\":\"https:\\\/\\\/unatc.ro\\\/devunatc\\\/agenda-unatc\\\/consortiul-arte\\\/\",\"url\":\"https:\\\/\\\/unatc.ro\\\/devunatc\\\/agenda-unatc\\\/consortiul-arte\\\/\",\"name\":\"Consor\u021biul ARTE - UNATC\",\"isPartOf\":{\"@id\":\"https:\\\/\\\/unatc.ro\\\/devunatc\\\/#website\"},\"primaryImageOfPage\":{\"@id\":\"https:\\\/\\\/unatc.ro\\\/devunatc\\\/agenda-unatc\\\/consortiul-arte\\\/#primaryimage\"},\"image\":{\"@id\":\"https:\\\/\\\/unatc.ro\\\/devunatc\\\/agenda-unatc\\\/consortiul-arte\\\/#primaryimage\"},\"thumbnailUrl\":\"https:\\\/\\\/unatc.ro\\\/devunatc\\\/wp-content\\\/uploads\\\/2021\\\/07\\\/proiecte_default.jpg\",\"datePublished\":\"2021-07-19T20:49:23+00:00\",\"dateModified\":\"2021-07-19T20:50:44+00:00\",\"breadcrumb\":{\"@id\":\"https:\\\/\\\/unatc.ro\\\/devunatc\\\/agenda-unatc\\\/consortiul-arte\\\/#breadcrumb\"},\"inLanguage\":\"en-US\",\"potentialAction\":[{\"@type\":\"ReadAction\",\"target\":[\"https:\\\/\\\/unatc.ro\\\/devunatc\\\/agenda-unatc\\\/consortiul-arte\\\/\"]}]},{\"@type\":\"ImageObject\",\"inLanguage\":\"en-US\",\"@id\":\"https:\\\/\\\/unatc.ro\\\/devunatc\\\/agenda-unatc\\\/consortiul-arte\\\/#primaryimage\",\"url\":\"https:\\\/\\\/unatc.ro\\\/devunatc\\\/wp-content\\\/uploads\\\/2021\\\/07\\\/proiecte_default.jpg\",\"contentUrl\":\"https:\\\/\\\/unatc.ro\\\/devunatc\\\/wp-content\\\/uploads\\\/2021\\\/07\\\/proiecte_default.jpg\",\"width\":2400,\"height\":1193},{\"@type\":\"BreadcrumbList\",\"@id\":\"https:\\\/\\\/unatc.ro\\\/devunatc\\\/agenda-unatc\\\/consortiul-arte\\\/#breadcrumb\",\"itemListElement\":[{\"@type\":\"ListItem\",\"position\":1,\"name\":\"Home\",\"item\":\"https:\\\/\\\/unatc.ro\\\/devunatc\\\/\"},{\"@type\":\"ListItem\",\"position\":2,\"name\":\"Agenda UNATC\",\"item\":\"https:\\\/\\\/unatc.ro\\\/devunatc\\\/agenda-unatc\\\/\"},{\"@type\":\"ListItem\",\"position\":3,\"name\":\"Consor\u021biul ARTE\"}]},{\"@type\":\"WebSite\",\"@id\":\"https:\\\/\\\/unatc.ro\\\/devunatc\\\/#website\",\"url\":\"https:\\\/\\\/unatc.ro\\\/devunatc\\\/\",\"name\":\"UNATC\",\"description\":\"\",\"publisher\":{\"@id\":\"https:\\\/\\\/unatc.ro\\\/devunatc\\\/#organization\"},\"potentialAction\":[{\"@type\":\"SearchAction\",\"target\":{\"@type\":\"EntryPoint\",\"urlTemplate\":\"https:\\\/\\\/unatc.ro\\\/devunatc\\\/?s={search_term_string}\"},\"query-input\":{\"@type\":\"PropertyValueSpecification\",\"valueRequired\":true,\"valueName\":\"search_term_string\"}}],\"inLanguage\":\"en-US\"},{\"@type\":\"Organization\",\"@id\":\"https:\\\/\\\/unatc.ro\\\/devunatc\\\/#organization\",\"name\":\"UNATC\",\"url\":\"https:\\\/\\\/unatc.ro\\\/devunatc\\\/\",\"logo\":{\"@type\":\"ImageObject\",\"inLanguage\":\"en-US\",\"@id\":\"https:\\\/\\\/unatc.ro\\\/devunatc\\\/#\\\/schema\\\/logo\\\/image\\\/\",\"url\":\"https:\\\/\\\/unatc.ro\\\/devunatc\\\/wp-content\\\/uploads\\\/2025\\\/07\\\/unatc_logo.png\",\"contentUrl\":\"https:\\\/\\\/unatc.ro\\\/devunatc\\\/wp-content\\\/uploads\\\/2025\\\/07\\\/unatc_logo.png\",\"width\":480,\"height\":469,\"caption\":\"UNATC\"},\"image\":{\"@id\":\"https:\\\/\\\/unatc.ro\\\/devunatc\\\/#\\\/schema\\\/logo\\\/image\\\/\"},\"sameAs\":[\"https:\\\/\\\/www.facebook.com\\\/UNATC.ILC\\\/\",\"https:\\\/\\\/www.youtube.com\\\/c\\\/unatcilcaragiale\",\"https:\\\/\\\/www.instagram.com\\\/unatc_ilcaragiale\\\/?hl=en\",\"https:\\\/\\\/www.tiktok.com\\\/@unatc?lang=en\"]}]}<\/script>\n<!-- \/ Yoast SEO plugin. -->","yoast_head_json":{"title":"Consor\u021biul ARTE - UNATC","robots":{"index":"index","follow":"follow","max-snippet":"max-snippet:-1","max-image-preview":"max-image-preview:large","max-video-preview":"max-video-preview:-1"},"canonical":"https:\/\/unatc.ro\/devunatc\/agenda-unatc\/consortiul-arte\/","og_locale":"en_US","og_type":"article","og_title":"Consor\u021biul ARTE - UNATC","og_description":"Agenda: UNATC Educa\u021bional Constituirea Consor\u021biului Universitar Arte \u00cenv\u0103\u021b\u0103m\u00e2ntul superior artistic din Rom\u00e2nia a f\u0103cut un pas esen\u021bial pe 12 iunie...","og_url":"https:\/\/unatc.ro\/devunatc\/agenda-unatc\/consortiul-arte\/","og_site_name":"UNATC","article_publisher":"https:\/\/www.facebook.com\/UNATC.ILC\/","article_modified_time":"2021-07-19T20:50:44+00:00","og_image":[{"width":2400,"height":1193,"url":"https:\/\/unatc.ro\/devunatc\/wp-content\/uploads\/2021\/07\/proiecte_default.jpg","type":"image\/jpeg"}],"twitter_card":"summary_large_image","twitter_misc":{"Est. reading time":"2 minutes"},"schema":{"@context":"https:\/\/schema.org","@graph":[{"@type":"WebPage","@id":"https:\/\/unatc.ro\/devunatc\/agenda-unatc\/consortiul-arte\/","url":"https:\/\/unatc.ro\/devunatc\/agenda-unatc\/consortiul-arte\/","name":"Consor\u021biul ARTE - UNATC","isPartOf":{"@id":"https:\/\/unatc.ro\/devunatc\/#website"},"primaryImageOfPage":{"@id":"https:\/\/unatc.ro\/devunatc\/agenda-unatc\/consortiul-arte\/#primaryimage"},"image":{"@id":"https:\/\/unatc.ro\/devunatc\/agenda-unatc\/consortiul-arte\/#primaryimage"},"thumbnailUrl":"https:\/\/unatc.ro\/devunatc\/wp-content\/uploads\/2021\/07\/proiecte_default.jpg","datePublished":"2021-07-19T20:49:23+00:00","dateModified":"2021-07-19T20:50:44+00:00","breadcrumb":{"@id":"https:\/\/unatc.ro\/devunatc\/agenda-unatc\/consortiul-arte\/#breadcrumb"},"inLanguage":"en-US","potentialAction":[{"@type":"ReadAction","target":["https:\/\/unatc.ro\/devunatc\/agenda-unatc\/consortiul-arte\/"]}]},{"@type":"ImageObject","inLanguage":"en-US","@id":"https:\/\/unatc.ro\/devunatc\/agenda-unatc\/consortiul-arte\/#primaryimage","url":"https:\/\/unatc.ro\/devunatc\/wp-content\/uploads\/2021\/07\/proiecte_default.jpg","contentUrl":"https:\/\/unatc.ro\/devunatc\/wp-content\/uploads\/2021\/07\/proiecte_default.jpg","width":2400,"height":1193},{"@type":"BreadcrumbList","@id":"https:\/\/unatc.ro\/devunatc\/agenda-unatc\/consortiul-arte\/#breadcrumb","itemListElement":[{"@type":"ListItem","position":1,"name":"Home","item":"https:\/\/unatc.ro\/devunatc\/"},{"@type":"ListItem","position":2,"name":"Agenda UNATC","item":"https:\/\/unatc.ro\/devunatc\/agenda-unatc\/"},{"@type":"ListItem","position":3,"name":"Consor\u021biul ARTE"}]},{"@type":"WebSite","@id":"https:\/\/unatc.ro\/devunatc\/#website","url":"https:\/\/unatc.ro\/devunatc\/","name":"UNATC","description":"","publisher":{"@id":"https:\/\/unatc.ro\/devunatc\/#organization"},"potentialAction":[{"@type":"SearchAction","target":{"@type":"EntryPoint","urlTemplate":"https:\/\/unatc.ro\/devunatc\/?s={search_term_string}"},"query-input":{"@type":"PropertyValueSpecification","valueRequired":true,"valueName":"search_term_string"}}],"inLanguage":"en-US"},{"@type":"Organization","@id":"https:\/\/unatc.ro\/devunatc\/#organization","name":"UNATC","url":"https:\/\/unatc.ro\/devunatc\/","logo":{"@type":"ImageObject","inLanguage":"en-US","@id":"https:\/\/unatc.ro\/devunatc\/#\/schema\/logo\/image\/","url":"https:\/\/unatc.ro\/devunatc\/wp-content\/uploads\/2025\/07\/unatc_logo.png","contentUrl":"https:\/\/unatc.ro\/devunatc\/wp-content\/uploads\/2025\/07\/unatc_logo.png","width":480,"height":469,"caption":"UNATC"},"image":{"@id":"https:\/\/unatc.ro\/devunatc\/#\/schema\/logo\/image\/"},"sameAs":["https:\/\/www.facebook.com\/UNATC.ILC\/","https:\/\/www.youtube.com\/c\/unatcilcaragiale","https:\/\/www.instagram.com\/unatc_ilcaragiale\/?hl=en","https:\/\/www.tiktok.com\/@unatc?lang=en"]}]}},"jetpack_sharing_enabled":true,"_links":{"self":[{"href":"https:\/\/unatc.ro\/devunatc\/wp-json\/wp\/v2\/pages\/5288","targetHints":{"allow":["GET"]}}],"collection":[{"href":"https:\/\/unatc.ro\/devunatc\/wp-json\/wp\/v2\/pages"}],"about":[{"href":"https:\/\/unatc.ro\/devunatc\/wp-json\/wp\/v2\/types\/page"}],"author":[{"embeddable":true,"href":"https:\/\/unatc.ro\/devunatc\/wp-json\/wp\/v2\/users\/1"}],"replies":[{"embeddable":true,"href":"https:\/\/unatc.ro\/devunatc\/wp-json\/wp\/v2\/comments?post=5288"}],"version-history":[{"count":1,"href":"https:\/\/unatc.ro\/devunatc\/wp-json\/wp\/v2\/pages\/5288\/revisions"}],"predecessor-version":[{"id":5289,"href":"https:\/\/unatc.ro\/devunatc\/wp-json\/wp\/v2\/pages\/5288\/revisions\/5289"}],"up":[{"embeddable":true,"href":"https:\/\/unatc.ro\/devunatc\/wp-json\/wp\/v2\/pages\/5275"}],"wp:featuredmedia":[{"embeddable":true,"href":"https:\/\/unatc.ro\/devunatc\/wp-json\/wp\/v2\/media\/5274"}],"wp:attachment":[{"href":"https:\/\/unatc.ro\/devunatc\/wp-json\/wp\/v2\/media?parent=5288"}],"curies":[{"name":"wp","href":"https:\/\/api.w.org\/{rel}","templated":true}]}}