{"id":5285,"date":"2021-07-19T22:47:38","date_gmt":"2021-07-19T20:47:38","guid":{"rendered":"https:\/\/unatc.ro\/devunatc\/?page_id=5285"},"modified":"2021-07-19T22:47:39","modified_gmt":"2021-07-19T20:47:39","slug":"teatrul-in-scoli","status":"publish","type":"page","link":"https:\/\/unatc.ro\/devunatc\/agenda-unatc\/teatrul-in-scoli\/","title":{"rendered":"Teatrul \u00een \u0219coli"},"content":{"rendered":"\n<p>Agenda <strong><em>UNATC Educa\u021bional, UNATC Modern<\/em><\/strong><\/p>\n\n\n\n<p>UNATC s-a implicat activ \u00een promovarea beneficiilor pe care educa\u021bia teatral\u0103 le poate avea \u00een formarea individualit\u0103\u021bii umane. Integrat \u00een procesul educa\u021bional \u00eenc\u0103 din copil\u0103rie, teatrul poate dezvolta t\u00e2n\u0103rului competen\u021be \u0219i abilit\u0103\u021bi care \u00eel ajut\u0103 s\u0103 se integreze cu mai mare u\u0219urin\u021b\u0103 \u00een comunitate, s\u0103 chestioneze fenomele din mediul \u00eenconjur\u0103tor \u0219i s\u0103 ac\u021bioneze \u00eentr-un mod creativ.<\/p>\n\n\n\n<p>A ap\u0103rut, astfel, <em>UNATC Junior<\/em>, proiect de dezvoltare institu\u021bional\u0103 finan\u021bat de Ministerul Educa\u021biei, ini\u021biat \u00een 2016, continuat p\u00e2n\u0103 \u00een ziua de ast\u0103zi. Proiectul \u0219i-a propus s\u0103 eviden\u021bieze beneficiile aplic\u0103rii metodelor specifice artei teatrului \u00een educa\u021bia copilului \u0219i a adolescentului. \u00cen acela\u0219i timp, activit\u0103\u021bile propuse \u00een cadrul proiectului constituie o posibilitate concret\u0103 de practic\u0103 universitar\u0103. S-au organizat module de ateliere cu jocuri teatrale destinate copiilor cu v\u00e2rste cuprinse \u00eentre 6 \u0219i 19 ani, sus\u021binute de studen\u021bii Master Pedagogie Teatral\u0103, sub coordonarea profesorilor lor. Proiectul a fost g\u00e2ndit s\u0103 permit\u0103 p\u0103rin\u021bilor copiilor \u0219i profesorilor din \u00eenv\u0103\u021b\u0103m\u00e2ntul preuniversitar s\u0103 asiste la ateliere, cu posibilitatea de participare activ\u0103, astfel \u00eenc\u00e2t copilul s\u0103 descopere bucuria jocului al\u0103turi de adult, gener\u00e2nd o form\u0103 nou\u0103 de comunicare.&nbsp;<\/p>\n\n\n\n<p>Pe l\u00e2ng\u0103 activit\u0103\u021bile din acest proiect, UNATC a ar\u0103tat deschidere fa\u021b\u0103 de institu\u021bii publice sau private de \u00eenv\u0103\u021b\u0103m\u00e2nt care \u0219i-au dorit s\u0103 implementeze cursuri de educa\u021bie teatral\u0103 \u00een activit\u0103\u021bi extracurriculare. \u00cen ultimii ani, studen\u021bii de la Master Pedagogie Teatral\u0103 sau cei \u00eenscri\u0219i \u00een cadrul Centrului de Preg\u0103tire Pedagogic\u0103 \u0219i Didactic\u0103 au realizat activit\u0103\u021bi de practic\u0103 pedagogic\u0103 \u00een diverse organiza\u021bii cu scopul de a-i familiariza pe tineri cu specificul educa\u021biei teatrale.&nbsp;<\/p>\n\n\n\n<p>Eforturile depuse \u00een ultimii ani \u0219i-au g\u0103sit \u00eemplinirea \u00een momentul \u00een care propunerile de programe cu specific teatral au primit aprobare de la Ministerul Educa\u021biei pentru a fi integrate \u00een Curriculum la Decizia \u0218colii (CD\u0218) \u00een 2020:<\/p>\n\n\n\n<p>\u2022 \u201eEu \u0219i scena\u201d (clasele a III-a\/a IV-a), aprobat\u0103 prin ordinul ministrului educa\u0163iei \u015fi cercet\u0103rii nr. 5530\/08.09.2020<\/p>\n\n\n\n<p>\u2022 \u201eTeatru \u0219i noi\u201d (clasele a VI-a\/a VII-a), aprobat\u0103 prin ordinul ministrului educa\u0163iei \u015fi cercet\u0103rii nr. 5662\/30.09.2020<\/p>\n\n\n\n<p>\u2022 \u201eLaboratorul de teatru\u201d (clasele a X-a\/a XI-a), aprobat\u0103 prin ordinul ministrului educa\u0163iei \u015fi cercet\u0103rii nr. 5663\/30.09.2020<\/p>\n","protected":false},"excerpt":{"rendered":"<p class=\"no-padding\">Agenda UNATC Educa\u021bional, UNATC Modern UNATC s-a implicat activ \u00een promovarea beneficiilor pe care educa\u021bia teatral\u0103 le poate avea \u00een&#8230;<\/p>\n","protected":false},"author":1,"featured_media":5274,"parent":5275,"menu_order":0,"comment_status":"closed","ping_status":"closed","template":"template-tab-group-color.php","meta":{"footnotes":""},"class_list":["post-5285","page","type-page","status-publish","has-post-thumbnail","hentry"],"acf":{"galerie_foto":null,"titlu_prezentare_departament":"","text_prezentare_departament":"","alternative_page_title":"","page_contact_email":""},"yoast_head":"<!-- This site is optimized with the Yoast SEO plugin v27.4 - https:\/\/yoast.com\/product\/yoast-seo-wordpress\/ -->\n<title>Teatrul \u00een \u0219coli - UNATC<\/title>\n<meta name=\"robots\" content=\"index, follow, max-snippet:-1, max-image-preview:large, max-video-preview:-1\" \/>\n<link rel=\"canonical\" href=\"https:\/\/unatc.ro\/devunatc\/agenda-unatc\/teatrul-in-scoli\/\" \/>\n<meta property=\"og:locale\" content=\"en_US\" \/>\n<meta property=\"og:type\" content=\"article\" \/>\n<meta property=\"og:title\" content=\"Teatrul \u00een \u0219coli - UNATC\" \/>\n<meta property=\"og:description\" content=\"Agenda UNATC Educa\u021bional, UNATC Modern UNATC s-a implicat activ \u00een promovarea beneficiilor pe care educa\u021bia teatral\u0103 le poate avea \u00een...\" \/>\n<meta property=\"og:url\" content=\"https:\/\/unatc.ro\/devunatc\/agenda-unatc\/teatrul-in-scoli\/\" \/>\n<meta property=\"og:site_name\" content=\"UNATC\" \/>\n<meta property=\"article:publisher\" content=\"https:\/\/www.facebook.com\/UNATC.ILC\/\" \/>\n<meta property=\"article:modified_time\" content=\"2021-07-19T20:47:39+00:00\" \/>\n<meta property=\"og:image\" content=\"https:\/\/unatc.ro\/devunatc\/wp-content\/uploads\/2021\/07\/proiecte_default.jpg\" \/>\n\t<meta property=\"og:image:width\" content=\"2400\" \/>\n\t<meta property=\"og:image:height\" content=\"1193\" \/>\n\t<meta property=\"og:image:type\" content=\"image\/jpeg\" \/>\n<meta name=\"twitter:card\" content=\"summary_large_image\" \/>\n<meta name=\"twitter:label1\" content=\"Est. reading time\" \/>\n\t<meta name=\"twitter:data1\" content=\"2 minutes\" \/>\n<script type=\"application\/ld+json\" class=\"yoast-schema-graph\">{\"@context\":\"https:\\\/\\\/schema.org\",\"@graph\":[{\"@type\":\"WebPage\",\"@id\":\"https:\\\/\\\/unatc.ro\\\/devunatc\\\/agenda-unatc\\\/teatrul-in-scoli\\\/\",\"url\":\"https:\\\/\\\/unatc.ro\\\/devunatc\\\/agenda-unatc\\\/teatrul-in-scoli\\\/\",\"name\":\"Teatrul \u00een \u0219coli - UNATC\",\"isPartOf\":{\"@id\":\"https:\\\/\\\/unatc.ro\\\/devunatc\\\/#website\"},\"primaryImageOfPage\":{\"@id\":\"https:\\\/\\\/unatc.ro\\\/devunatc\\\/agenda-unatc\\\/teatrul-in-scoli\\\/#primaryimage\"},\"image\":{\"@id\":\"https:\\\/\\\/unatc.ro\\\/devunatc\\\/agenda-unatc\\\/teatrul-in-scoli\\\/#primaryimage\"},\"thumbnailUrl\":\"https:\\\/\\\/unatc.ro\\\/devunatc\\\/wp-content\\\/uploads\\\/2021\\\/07\\\/proiecte_default.jpg\",\"datePublished\":\"2021-07-19T20:47:38+00:00\",\"dateModified\":\"2021-07-19T20:47:39+00:00\",\"breadcrumb\":{\"@id\":\"https:\\\/\\\/unatc.ro\\\/devunatc\\\/agenda-unatc\\\/teatrul-in-scoli\\\/#breadcrumb\"},\"inLanguage\":\"en-US\",\"potentialAction\":[{\"@type\":\"ReadAction\",\"target\":[\"https:\\\/\\\/unatc.ro\\\/devunatc\\\/agenda-unatc\\\/teatrul-in-scoli\\\/\"]}]},{\"@type\":\"ImageObject\",\"inLanguage\":\"en-US\",\"@id\":\"https:\\\/\\\/unatc.ro\\\/devunatc\\\/agenda-unatc\\\/teatrul-in-scoli\\\/#primaryimage\",\"url\":\"https:\\\/\\\/unatc.ro\\\/devunatc\\\/wp-content\\\/uploads\\\/2021\\\/07\\\/proiecte_default.jpg\",\"contentUrl\":\"https:\\\/\\\/unatc.ro\\\/devunatc\\\/wp-content\\\/uploads\\\/2021\\\/07\\\/proiecte_default.jpg\",\"width\":2400,\"height\":1193},{\"@type\":\"BreadcrumbList\",\"@id\":\"https:\\\/\\\/unatc.ro\\\/devunatc\\\/agenda-unatc\\\/teatrul-in-scoli\\\/#breadcrumb\",\"itemListElement\":[{\"@type\":\"ListItem\",\"position\":1,\"name\":\"Home\",\"item\":\"https:\\\/\\\/unatc.ro\\\/devunatc\\\/\"},{\"@type\":\"ListItem\",\"position\":2,\"name\":\"Agenda UNATC\",\"item\":\"https:\\\/\\\/unatc.ro\\\/devunatc\\\/agenda-unatc\\\/\"},{\"@type\":\"ListItem\",\"position\":3,\"name\":\"Teatrul \u00een \u0219coli\"}]},{\"@type\":\"WebSite\",\"@id\":\"https:\\\/\\\/unatc.ro\\\/devunatc\\\/#website\",\"url\":\"https:\\\/\\\/unatc.ro\\\/devunatc\\\/\",\"name\":\"UNATC\",\"description\":\"\",\"publisher\":{\"@id\":\"https:\\\/\\\/unatc.ro\\\/devunatc\\\/#organization\"},\"potentialAction\":[{\"@type\":\"SearchAction\",\"target\":{\"@type\":\"EntryPoint\",\"urlTemplate\":\"https:\\\/\\\/unatc.ro\\\/devunatc\\\/?s={search_term_string}\"},\"query-input\":{\"@type\":\"PropertyValueSpecification\",\"valueRequired\":true,\"valueName\":\"search_term_string\"}}],\"inLanguage\":\"en-US\"},{\"@type\":\"Organization\",\"@id\":\"https:\\\/\\\/unatc.ro\\\/devunatc\\\/#organization\",\"name\":\"UNATC\",\"url\":\"https:\\\/\\\/unatc.ro\\\/devunatc\\\/\",\"logo\":{\"@type\":\"ImageObject\",\"inLanguage\":\"en-US\",\"@id\":\"https:\\\/\\\/unatc.ro\\\/devunatc\\\/#\\\/schema\\\/logo\\\/image\\\/\",\"url\":\"https:\\\/\\\/unatc.ro\\\/devunatc\\\/wp-content\\\/uploads\\\/2025\\\/07\\\/unatc_logo.png\",\"contentUrl\":\"https:\\\/\\\/unatc.ro\\\/devunatc\\\/wp-content\\\/uploads\\\/2025\\\/07\\\/unatc_logo.png\",\"width\":480,\"height\":469,\"caption\":\"UNATC\"},\"image\":{\"@id\":\"https:\\\/\\\/unatc.ro\\\/devunatc\\\/#\\\/schema\\\/logo\\\/image\\\/\"},\"sameAs\":[\"https:\\\/\\\/www.facebook.com\\\/UNATC.ILC\\\/\",\"https:\\\/\\\/www.youtube.com\\\/c\\\/unatcilcaragiale\",\"https:\\\/\\\/www.instagram.com\\\/unatc_ilcaragiale\\\/?hl=en\",\"https:\\\/\\\/www.tiktok.com\\\/@unatc?lang=en\"]}]}<\/script>\n<!-- \/ Yoast SEO plugin. -->","yoast_head_json":{"title":"Teatrul \u00een \u0219coli - UNATC","robots":{"index":"index","follow":"follow","max-snippet":"max-snippet:-1","max-image-preview":"max-image-preview:large","max-video-preview":"max-video-preview:-1"},"canonical":"https:\/\/unatc.ro\/devunatc\/agenda-unatc\/teatrul-in-scoli\/","og_locale":"en_US","og_type":"article","og_title":"Teatrul \u00een \u0219coli - UNATC","og_description":"Agenda UNATC Educa\u021bional, UNATC Modern UNATC s-a implicat activ \u00een promovarea beneficiilor pe care educa\u021bia teatral\u0103 le poate avea \u00een...","og_url":"https:\/\/unatc.ro\/devunatc\/agenda-unatc\/teatrul-in-scoli\/","og_site_name":"UNATC","article_publisher":"https:\/\/www.facebook.com\/UNATC.ILC\/","article_modified_time":"2021-07-19T20:47:39+00:00","og_image":[{"width":2400,"height":1193,"url":"https:\/\/unatc.ro\/devunatc\/wp-content\/uploads\/2021\/07\/proiecte_default.jpg","type":"image\/jpeg"}],"twitter_card":"summary_large_image","twitter_misc":{"Est. reading time":"2 minutes"},"schema":{"@context":"https:\/\/schema.org","@graph":[{"@type":"WebPage","@id":"https:\/\/unatc.ro\/devunatc\/agenda-unatc\/teatrul-in-scoli\/","url":"https:\/\/unatc.ro\/devunatc\/agenda-unatc\/teatrul-in-scoli\/","name":"Teatrul \u00een \u0219coli - UNATC","isPartOf":{"@id":"https:\/\/unatc.ro\/devunatc\/#website"},"primaryImageOfPage":{"@id":"https:\/\/unatc.ro\/devunatc\/agenda-unatc\/teatrul-in-scoli\/#primaryimage"},"image":{"@id":"https:\/\/unatc.ro\/devunatc\/agenda-unatc\/teatrul-in-scoli\/#primaryimage"},"thumbnailUrl":"https:\/\/unatc.ro\/devunatc\/wp-content\/uploads\/2021\/07\/proiecte_default.jpg","datePublished":"2021-07-19T20:47:38+00:00","dateModified":"2021-07-19T20:47:39+00:00","breadcrumb":{"@id":"https:\/\/unatc.ro\/devunatc\/agenda-unatc\/teatrul-in-scoli\/#breadcrumb"},"inLanguage":"en-US","potentialAction":[{"@type":"ReadAction","target":["https:\/\/unatc.ro\/devunatc\/agenda-unatc\/teatrul-in-scoli\/"]}]},{"@type":"ImageObject","inLanguage":"en-US","@id":"https:\/\/unatc.ro\/devunatc\/agenda-unatc\/teatrul-in-scoli\/#primaryimage","url":"https:\/\/unatc.ro\/devunatc\/wp-content\/uploads\/2021\/07\/proiecte_default.jpg","contentUrl":"https:\/\/unatc.ro\/devunatc\/wp-content\/uploads\/2021\/07\/proiecte_default.jpg","width":2400,"height":1193},{"@type":"BreadcrumbList","@id":"https:\/\/unatc.ro\/devunatc\/agenda-unatc\/teatrul-in-scoli\/#breadcrumb","itemListElement":[{"@type":"ListItem","position":1,"name":"Home","item":"https:\/\/unatc.ro\/devunatc\/"},{"@type":"ListItem","position":2,"name":"Agenda UNATC","item":"https:\/\/unatc.ro\/devunatc\/agenda-unatc\/"},{"@type":"ListItem","position":3,"name":"Teatrul \u00een \u0219coli"}]},{"@type":"WebSite","@id":"https:\/\/unatc.ro\/devunatc\/#website","url":"https:\/\/unatc.ro\/devunatc\/","name":"UNATC","description":"","publisher":{"@id":"https:\/\/unatc.ro\/devunatc\/#organization"},"potentialAction":[{"@type":"SearchAction","target":{"@type":"EntryPoint","urlTemplate":"https:\/\/unatc.ro\/devunatc\/?s={search_term_string}"},"query-input":{"@type":"PropertyValueSpecification","valueRequired":true,"valueName":"search_term_string"}}],"inLanguage":"en-US"},{"@type":"Organization","@id":"https:\/\/unatc.ro\/devunatc\/#organization","name":"UNATC","url":"https:\/\/unatc.ro\/devunatc\/","logo":{"@type":"ImageObject","inLanguage":"en-US","@id":"https:\/\/unatc.ro\/devunatc\/#\/schema\/logo\/image\/","url":"https:\/\/unatc.ro\/devunatc\/wp-content\/uploads\/2025\/07\/unatc_logo.png","contentUrl":"https:\/\/unatc.ro\/devunatc\/wp-content\/uploads\/2025\/07\/unatc_logo.png","width":480,"height":469,"caption":"UNATC"},"image":{"@id":"https:\/\/unatc.ro\/devunatc\/#\/schema\/logo\/image\/"},"sameAs":["https:\/\/www.facebook.com\/UNATC.ILC\/","https:\/\/www.youtube.com\/c\/unatcilcaragiale","https:\/\/www.instagram.com\/unatc_ilcaragiale\/?hl=en","https:\/\/www.tiktok.com\/@unatc?lang=en"]}]}},"jetpack_sharing_enabled":true,"_links":{"self":[{"href":"https:\/\/unatc.ro\/devunatc\/wp-json\/wp\/v2\/pages\/5285","targetHints":{"allow":["GET"]}}],"collection":[{"href":"https:\/\/unatc.ro\/devunatc\/wp-json\/wp\/v2\/pages"}],"about":[{"href":"https:\/\/unatc.ro\/devunatc\/wp-json\/wp\/v2\/types\/page"}],"author":[{"embeddable":true,"href":"https:\/\/unatc.ro\/devunatc\/wp-json\/wp\/v2\/users\/1"}],"replies":[{"embeddable":true,"href":"https:\/\/unatc.ro\/devunatc\/wp-json\/wp\/v2\/comments?post=5285"}],"version-history":[{"count":1,"href":"https:\/\/unatc.ro\/devunatc\/wp-json\/wp\/v2\/pages\/5285\/revisions"}],"predecessor-version":[{"id":5286,"href":"https:\/\/unatc.ro\/devunatc\/wp-json\/wp\/v2\/pages\/5285\/revisions\/5286"}],"up":[{"embeddable":true,"href":"https:\/\/unatc.ro\/devunatc\/wp-json\/wp\/v2\/pages\/5275"}],"wp:featuredmedia":[{"embeddable":true,"href":"https:\/\/unatc.ro\/devunatc\/wp-json\/wp\/v2\/media\/5274"}],"wp:attachment":[{"href":"https:\/\/unatc.ro\/devunatc\/wp-json\/wp\/v2\/media?parent=5285"}],"curies":[{"name":"wp","href":"https:\/\/api.w.org\/{rel}","templated":true}]}}