{"id":5282,"date":"2021-07-19T22:45:48","date_gmt":"2021-07-19T20:45:48","guid":{"rendered":"https:\/\/unatc.ro\/devunatc\/?page_id=5282"},"modified":"2021-07-19T22:45:49","modified_gmt":"2021-07-19T20:45:49","slug":"insula-unatc","status":"publish","type":"page","link":"https:\/\/unatc.ro\/devunatc\/agenda-unatc\/insula-unatc\/","title":{"rendered":"Insula UNATC"},"content":{"rendered":"\n<p>Agenda: <strong><em>UNATC Educa\u021bional,&nbsp; UNATC Modern<\/em><\/strong><\/p>\n\n\n\n<p><strong>Scop:<\/strong> <em>reamenajarea cur\u021bii UNATC pentru a crea un tot unitar din punct de vedere arhitectural \u0219i al designului cu cl\u0103direa UNATC, servind scopurile didactice, misiunea \u0219i valorile UNATC<\/em><\/p>\n\n\n\n<p><strong>Principii \u2013 Linii directoare:&nbsp;<\/strong><\/p>\n\n\n\n<ul class=\"wp-block-list\"><li>S\u0103 constituie un <em>environment<\/em> perfect pentru performarea actului didactic \u0219i artistic UNATC<\/li><li>Mediu fizic academic amenajat astfel \u00eenc\u00e2t s\u0103 constituie <em>al treilea mare profesor UNATC<\/em><\/li><li>S\u0103 devin\u0103 o Insul\u0103 a <em>excelen\u021bei<\/em>&nbsp; \u00een educa\u021bia artistic\u0103<\/li><li>S\u0103 ofere studen\u021bilor o real\u0103 \u0219i memorabil\u0103 <em>experien\u021b\u0103<\/em> \u00een rela\u021bia cu mediul fizic academic\/universitar de studiu<\/li><li>S\u0103 fie un un spa\u021biu cu adev\u0103rat <em>imersiv<\/em>, o lume cu identitate clar\u0103<\/li><li>S\u0103 faciliteze desf\u0103\u0219urarea conform rigorilor academice a actului didactic UNATC, dar s\u0103 permit\u0103 \u0219i s\u0103 \u00eencurajeze \u0219i <em>experimentul<\/em> artistic<\/li><li>Un spa\u021biu <em>inspira\u021bional &amp; <\/em>de <em>happening <\/em>&nbsp;educa\u021bional \u0219i artistic<\/li><li>S\u0103 poat\u0103 poten\u021ba o mai <em>bun\u0103 rela\u021bie student-profesor<\/em>, dar \u0219i student-spa\u021biul academic ales \u2013 pentru student s\u0103 devin\u0103 un <em>ACas\u0103 UNATC<\/em><\/li><li>Prin toate elementele de design, de la nivel macro la nivel micro, s\u0103 fie un <em>organism viu<\/em><\/li><\/ul>\n","protected":false},"excerpt":{"rendered":"<p class=\"no-padding\">Agenda: UNATC Educa\u021bional,&nbsp; UNATC Modern Scop: reamenajarea cur\u021bii UNATC pentru a crea un tot unitar din punct de vedere arhitectural&#8230;<\/p>\n","protected":false},"author":1,"featured_media":5274,"parent":5275,"menu_order":0,"comment_status":"closed","ping_status":"closed","template":"template-tab-group-color.php","meta":{"footnotes":""},"class_list":["post-5282","page","type-page","status-publish","has-post-thumbnail","hentry"],"acf":{"galerie_foto":null,"titlu_prezentare_departament":"","text_prezentare_departament":"","alternative_page_title":"","page_contact_email":""},"yoast_head":"<!-- This site is optimized with the Yoast SEO plugin v27.4 - https:\/\/yoast.com\/product\/yoast-seo-wordpress\/ -->\n<title>Insula UNATC - UNATC<\/title>\n<meta name=\"robots\" content=\"index, follow, max-snippet:-1, max-image-preview:large, max-video-preview:-1\" \/>\n<link rel=\"canonical\" href=\"https:\/\/unatc.ro\/devunatc\/agenda-unatc\/insula-unatc\/\" \/>\n<meta property=\"og:locale\" content=\"en_US\" \/>\n<meta property=\"og:type\" content=\"article\" \/>\n<meta property=\"og:title\" content=\"Insula UNATC - UNATC\" \/>\n<meta property=\"og:description\" content=\"Agenda: UNATC Educa\u021bional,&nbsp; UNATC Modern Scop: reamenajarea cur\u021bii UNATC pentru a crea un tot unitar din punct de vedere arhitectural...\" \/>\n<meta property=\"og:url\" content=\"https:\/\/unatc.ro\/devunatc\/agenda-unatc\/insula-unatc\/\" \/>\n<meta property=\"og:site_name\" content=\"UNATC\" \/>\n<meta property=\"article:publisher\" content=\"https:\/\/www.facebook.com\/UNATC.ILC\/\" \/>\n<meta property=\"article:modified_time\" content=\"2021-07-19T20:45:49+00:00\" \/>\n<meta property=\"og:image\" content=\"https:\/\/unatc.ro\/devunatc\/wp-content\/uploads\/2021\/07\/proiecte_default.jpg\" \/>\n\t<meta property=\"og:image:width\" content=\"2400\" \/>\n\t<meta property=\"og:image:height\" content=\"1193\" \/>\n\t<meta property=\"og:image:type\" content=\"image\/jpeg\" \/>\n<meta name=\"twitter:card\" content=\"summary_large_image\" \/>\n<meta name=\"twitter:label1\" content=\"Est. reading time\" \/>\n\t<meta name=\"twitter:data1\" content=\"1 minute\" \/>\n<script type=\"application\/ld+json\" class=\"yoast-schema-graph\">{\"@context\":\"https:\\\/\\\/schema.org\",\"@graph\":[{\"@type\":\"WebPage\",\"@id\":\"https:\\\/\\\/unatc.ro\\\/devunatc\\\/agenda-unatc\\\/insula-unatc\\\/\",\"url\":\"https:\\\/\\\/unatc.ro\\\/devunatc\\\/agenda-unatc\\\/insula-unatc\\\/\",\"name\":\"Insula UNATC - UNATC\",\"isPartOf\":{\"@id\":\"https:\\\/\\\/unatc.ro\\\/devunatc\\\/#website\"},\"primaryImageOfPage\":{\"@id\":\"https:\\\/\\\/unatc.ro\\\/devunatc\\\/agenda-unatc\\\/insula-unatc\\\/#primaryimage\"},\"image\":{\"@id\":\"https:\\\/\\\/unatc.ro\\\/devunatc\\\/agenda-unatc\\\/insula-unatc\\\/#primaryimage\"},\"thumbnailUrl\":\"https:\\\/\\\/unatc.ro\\\/devunatc\\\/wp-content\\\/uploads\\\/2021\\\/07\\\/proiecte_default.jpg\",\"datePublished\":\"2021-07-19T20:45:48+00:00\",\"dateModified\":\"2021-07-19T20:45:49+00:00\",\"breadcrumb\":{\"@id\":\"https:\\\/\\\/unatc.ro\\\/devunatc\\\/agenda-unatc\\\/insula-unatc\\\/#breadcrumb\"},\"inLanguage\":\"en-US\",\"potentialAction\":[{\"@type\":\"ReadAction\",\"target\":[\"https:\\\/\\\/unatc.ro\\\/devunatc\\\/agenda-unatc\\\/insula-unatc\\\/\"]}]},{\"@type\":\"ImageObject\",\"inLanguage\":\"en-US\",\"@id\":\"https:\\\/\\\/unatc.ro\\\/devunatc\\\/agenda-unatc\\\/insula-unatc\\\/#primaryimage\",\"url\":\"https:\\\/\\\/unatc.ro\\\/devunatc\\\/wp-content\\\/uploads\\\/2021\\\/07\\\/proiecte_default.jpg\",\"contentUrl\":\"https:\\\/\\\/unatc.ro\\\/devunatc\\\/wp-content\\\/uploads\\\/2021\\\/07\\\/proiecte_default.jpg\",\"width\":2400,\"height\":1193},{\"@type\":\"BreadcrumbList\",\"@id\":\"https:\\\/\\\/unatc.ro\\\/devunatc\\\/agenda-unatc\\\/insula-unatc\\\/#breadcrumb\",\"itemListElement\":[{\"@type\":\"ListItem\",\"position\":1,\"name\":\"Home\",\"item\":\"https:\\\/\\\/unatc.ro\\\/devunatc\\\/\"},{\"@type\":\"ListItem\",\"position\":2,\"name\":\"Agenda UNATC\",\"item\":\"https:\\\/\\\/unatc.ro\\\/devunatc\\\/agenda-unatc\\\/\"},{\"@type\":\"ListItem\",\"position\":3,\"name\":\"Insula UNATC\"}]},{\"@type\":\"WebSite\",\"@id\":\"https:\\\/\\\/unatc.ro\\\/devunatc\\\/#website\",\"url\":\"https:\\\/\\\/unatc.ro\\\/devunatc\\\/\",\"name\":\"UNATC\",\"description\":\"\",\"publisher\":{\"@id\":\"https:\\\/\\\/unatc.ro\\\/devunatc\\\/#organization\"},\"potentialAction\":[{\"@type\":\"SearchAction\",\"target\":{\"@type\":\"EntryPoint\",\"urlTemplate\":\"https:\\\/\\\/unatc.ro\\\/devunatc\\\/?s={search_term_string}\"},\"query-input\":{\"@type\":\"PropertyValueSpecification\",\"valueRequired\":true,\"valueName\":\"search_term_string\"}}],\"inLanguage\":\"en-US\"},{\"@type\":\"Organization\",\"@id\":\"https:\\\/\\\/unatc.ro\\\/devunatc\\\/#organization\",\"name\":\"UNATC\",\"url\":\"https:\\\/\\\/unatc.ro\\\/devunatc\\\/\",\"logo\":{\"@type\":\"ImageObject\",\"inLanguage\":\"en-US\",\"@id\":\"https:\\\/\\\/unatc.ro\\\/devunatc\\\/#\\\/schema\\\/logo\\\/image\\\/\",\"url\":\"https:\\\/\\\/unatc.ro\\\/devunatc\\\/wp-content\\\/uploads\\\/2025\\\/07\\\/unatc_logo.png\",\"contentUrl\":\"https:\\\/\\\/unatc.ro\\\/devunatc\\\/wp-content\\\/uploads\\\/2025\\\/07\\\/unatc_logo.png\",\"width\":480,\"height\":469,\"caption\":\"UNATC\"},\"image\":{\"@id\":\"https:\\\/\\\/unatc.ro\\\/devunatc\\\/#\\\/schema\\\/logo\\\/image\\\/\"},\"sameAs\":[\"https:\\\/\\\/www.facebook.com\\\/UNATC.ILC\\\/\",\"https:\\\/\\\/www.youtube.com\\\/c\\\/unatcilcaragiale\",\"https:\\\/\\\/www.instagram.com\\\/unatc_ilcaragiale\\\/?hl=en\",\"https:\\\/\\\/www.tiktok.com\\\/@unatc?lang=en\"]}]}<\/script>\n<!-- \/ Yoast SEO plugin. -->","yoast_head_json":{"title":"Insula UNATC - UNATC","robots":{"index":"index","follow":"follow","max-snippet":"max-snippet:-1","max-image-preview":"max-image-preview:large","max-video-preview":"max-video-preview:-1"},"canonical":"https:\/\/unatc.ro\/devunatc\/agenda-unatc\/insula-unatc\/","og_locale":"en_US","og_type":"article","og_title":"Insula UNATC - UNATC","og_description":"Agenda: UNATC Educa\u021bional,&nbsp; UNATC Modern Scop: reamenajarea cur\u021bii UNATC pentru a crea un tot unitar din punct de vedere arhitectural...","og_url":"https:\/\/unatc.ro\/devunatc\/agenda-unatc\/insula-unatc\/","og_site_name":"UNATC","article_publisher":"https:\/\/www.facebook.com\/UNATC.ILC\/","article_modified_time":"2021-07-19T20:45:49+00:00","og_image":[{"width":2400,"height":1193,"url":"https:\/\/unatc.ro\/devunatc\/wp-content\/uploads\/2021\/07\/proiecte_default.jpg","type":"image\/jpeg"}],"twitter_card":"summary_large_image","twitter_misc":{"Est. reading time":"1 minute"},"schema":{"@context":"https:\/\/schema.org","@graph":[{"@type":"WebPage","@id":"https:\/\/unatc.ro\/devunatc\/agenda-unatc\/insula-unatc\/","url":"https:\/\/unatc.ro\/devunatc\/agenda-unatc\/insula-unatc\/","name":"Insula UNATC - UNATC","isPartOf":{"@id":"https:\/\/unatc.ro\/devunatc\/#website"},"primaryImageOfPage":{"@id":"https:\/\/unatc.ro\/devunatc\/agenda-unatc\/insula-unatc\/#primaryimage"},"image":{"@id":"https:\/\/unatc.ro\/devunatc\/agenda-unatc\/insula-unatc\/#primaryimage"},"thumbnailUrl":"https:\/\/unatc.ro\/devunatc\/wp-content\/uploads\/2021\/07\/proiecte_default.jpg","datePublished":"2021-07-19T20:45:48+00:00","dateModified":"2021-07-19T20:45:49+00:00","breadcrumb":{"@id":"https:\/\/unatc.ro\/devunatc\/agenda-unatc\/insula-unatc\/#breadcrumb"},"inLanguage":"en-US","potentialAction":[{"@type":"ReadAction","target":["https:\/\/unatc.ro\/devunatc\/agenda-unatc\/insula-unatc\/"]}]},{"@type":"ImageObject","inLanguage":"en-US","@id":"https:\/\/unatc.ro\/devunatc\/agenda-unatc\/insula-unatc\/#primaryimage","url":"https:\/\/unatc.ro\/devunatc\/wp-content\/uploads\/2021\/07\/proiecte_default.jpg","contentUrl":"https:\/\/unatc.ro\/devunatc\/wp-content\/uploads\/2021\/07\/proiecte_default.jpg","width":2400,"height":1193},{"@type":"BreadcrumbList","@id":"https:\/\/unatc.ro\/devunatc\/agenda-unatc\/insula-unatc\/#breadcrumb","itemListElement":[{"@type":"ListItem","position":1,"name":"Home","item":"https:\/\/unatc.ro\/devunatc\/"},{"@type":"ListItem","position":2,"name":"Agenda UNATC","item":"https:\/\/unatc.ro\/devunatc\/agenda-unatc\/"},{"@type":"ListItem","position":3,"name":"Insula UNATC"}]},{"@type":"WebSite","@id":"https:\/\/unatc.ro\/devunatc\/#website","url":"https:\/\/unatc.ro\/devunatc\/","name":"UNATC","description":"","publisher":{"@id":"https:\/\/unatc.ro\/devunatc\/#organization"},"potentialAction":[{"@type":"SearchAction","target":{"@type":"EntryPoint","urlTemplate":"https:\/\/unatc.ro\/devunatc\/?s={search_term_string}"},"query-input":{"@type":"PropertyValueSpecification","valueRequired":true,"valueName":"search_term_string"}}],"inLanguage":"en-US"},{"@type":"Organization","@id":"https:\/\/unatc.ro\/devunatc\/#organization","name":"UNATC","url":"https:\/\/unatc.ro\/devunatc\/","logo":{"@type":"ImageObject","inLanguage":"en-US","@id":"https:\/\/unatc.ro\/devunatc\/#\/schema\/logo\/image\/","url":"https:\/\/unatc.ro\/devunatc\/wp-content\/uploads\/2025\/07\/unatc_logo.png","contentUrl":"https:\/\/unatc.ro\/devunatc\/wp-content\/uploads\/2025\/07\/unatc_logo.png","width":480,"height":469,"caption":"UNATC"},"image":{"@id":"https:\/\/unatc.ro\/devunatc\/#\/schema\/logo\/image\/"},"sameAs":["https:\/\/www.facebook.com\/UNATC.ILC\/","https:\/\/www.youtube.com\/c\/unatcilcaragiale","https:\/\/www.instagram.com\/unatc_ilcaragiale\/?hl=en","https:\/\/www.tiktok.com\/@unatc?lang=en"]}]}},"jetpack_sharing_enabled":true,"_links":{"self":[{"href":"https:\/\/unatc.ro\/devunatc\/wp-json\/wp\/v2\/pages\/5282","targetHints":{"allow":["GET"]}}],"collection":[{"href":"https:\/\/unatc.ro\/devunatc\/wp-json\/wp\/v2\/pages"}],"about":[{"href":"https:\/\/unatc.ro\/devunatc\/wp-json\/wp\/v2\/types\/page"}],"author":[{"embeddable":true,"href":"https:\/\/unatc.ro\/devunatc\/wp-json\/wp\/v2\/users\/1"}],"replies":[{"embeddable":true,"href":"https:\/\/unatc.ro\/devunatc\/wp-json\/wp\/v2\/comments?post=5282"}],"version-history":[{"count":1,"href":"https:\/\/unatc.ro\/devunatc\/wp-json\/wp\/v2\/pages\/5282\/revisions"}],"predecessor-version":[{"id":5283,"href":"https:\/\/unatc.ro\/devunatc\/wp-json\/wp\/v2\/pages\/5282\/revisions\/5283"}],"up":[{"embeddable":true,"href":"https:\/\/unatc.ro\/devunatc\/wp-json\/wp\/v2\/pages\/5275"}],"wp:featuredmedia":[{"embeddable":true,"href":"https:\/\/unatc.ro\/devunatc\/wp-json\/wp\/v2\/media\/5274"}],"wp:attachment":[{"href":"https:\/\/unatc.ro\/devunatc\/wp-json\/wp\/v2\/media?parent=5282"}],"curies":[{"name":"wp","href":"https:\/\/api.w.org\/{rel}","templated":true}]}}