{"id":5279,"date":"2021-07-19T22:44:16","date_gmt":"2021-07-19T20:44:16","guid":{"rendered":"https:\/\/unatc.ro\/devunatc\/?page_id=5279"},"modified":"2021-07-19T22:44:17","modified_gmt":"2021-07-19T20:44:17","slug":"unatc-combate-traficul-de-persoane-si-sclavia-moderna","status":"publish","type":"page","link":"https:\/\/unatc.ro\/devunatc\/agenda-unatc\/unatc-combate-traficul-de-persoane-si-sclavia-moderna\/","title":{"rendered":"UNATC combate traficul de persoane \u0219i sclavia modern\u0103"},"content":{"rendered":"\n<p>Agenda: <strong><em>UNATC Social, Art\u0103 Educa\u021bional\u0103<\/em><\/strong><\/p>\n\n\n\n<p>Partener: <strong>Agen\u021bia Na\u021bional\u0103 pentru Egalitatea de \u0218anse \u00eentre femei \u0219i b\u0103rba\u021bi <\/strong>\u2013 Conf. Univ. Dr. Aurora Martin<\/p>\n\n\n\n<p><em>Credem c\u0103 este de datoria noastr\u0103 s\u0103 contribuim la procesul de con\u0219tientizare a unui subiect care ne prive\u0219te la nivel profund pe noi to\u021bi. UNATC sprijin\u0103 \u0219i contribuie activ la acest proces, at\u00e2t prin includerea tematic\u0103 \u00een proiectele de teatru \u0219i film, c\u00e2t \u0219i prin dialogul permanent cu partenerii implica\u021bi \u00een aceast\u0103 arie de responsabilitate social\u0103.<\/em><\/p>\n\n\n\n<p>Indicele Global al Sclaviei (the Global Slavery Index) estimeaz\u0103 c\u0103 \u00een Rom\u00e2nia exista \u00een 2018 un risc de vulnerabilitate la forme de sclavie modern\u0103 de 33,88%. Conform estim\u0103rilor, aproximativ 86.000 de rom\u00e2ni sunt sclavi, reprezent\u00e2nd o propor\u021bie de 4,32\/1000 de oameni, comparativ cu media de 3,9\/1000 de oameni, la nivelul Europei. Traficul de persoane se realizeaz\u0103 \u00een Rom\u00e2nia, conform datelor oficiale (ANITP), \u00een propor\u021bie de 68,8% \u00een scopul exploat\u0103rii sexuale, urmat\u0103 de exploatare prin munc\u0103, furt, cer\u0219etorie dar \u0219i alte forme de exploatare.<\/p>\n\n\n\n<p>Pe <strong>24 februarie, <\/strong>UNATC \u201eI.L. Caragiale\u201d Bucure\u0219ti a g\u0103zduit&nbsp; dezbaterea online de aproape trei ore <strong>\u201eDe Dragobete, despre Loverboy\u201d.<\/strong><\/p>\n\n\n\n<p>Cu to\u021bii am vorbit despre un subiect grav al societ\u0103\u021bii rom\u00e2ne\u0219ti \u0219i nu numai: traficul de persoane \u0219i sclavia modern\u0103. Societatea contemporan\u0103, conform statisticilor, con\u021bine forme \u0219i practici de sclavie modern\u0103, trafic de persoane \u0219i exploatare uman\u0103 \u00een num\u0103r mai mare ca oric\u00e2nd. Rom\u00e2nia reprezint\u0103 una din sursele principale ale exploat\u0103rii prin munc\u0103 \u0219i ale traficului sexual.<\/p>\n\n\n\n<p><strong>8 mai<\/strong> \u2013 Testimoniale video ale studen\u021bilor UNATC \u00een contextul \u201eS\u0103pt\u0103m\u00e2nii egalit\u0103\u021bii de \u0219anse \u00eentre femei \u0219i b\u0103rba\u021bi\u201d<\/p>\n\n\n\n<p>Proiectele teatrale UNATC de art\u0103 educa\u021bional\u0103, coordonate de conf.univ.dr. <a href=\"https:\/\/www.facebook.com\/radu.apostol.169?__cft__%5b0%5d=AZWUij_0-oF2PoF6waW7-tU1Oq3JNT3ZZYsggmK2s43XNaOQy_AbLjZlESsqEKbQ8-tLUJx4Wph6MnCK1IjfuPBUXUCTYX2egnMxwY7LfDUrJjCXpbgwglwg9jnERzTYKb1mEiwZ4s1AQQlaByCEyytrP39LYy6GJsP1PV0cqkvMkB5mOkCQ8xnvz4gjCpu7DC8&amp;__tn__=-%5dK-R\">Radu Apostol<\/a> \u0219i lect.univ.dr. <a href=\"https:\/\/www.facebook.com\/mihaela.michailov?__cft__%5b0%5d=AZWUij_0-oF2PoF6waW7-tU1Oq3JNT3ZZYsggmK2s43XNaOQy_AbLjZlESsqEKbQ8-tLUJx4Wph6MnCK1IjfuPBUXUCTYX2egnMxwY7LfDUrJjCXpbgwglwg9jnERzTYKb1mEiwZ4s1AQQlaByCEyytrP39LYy6GJsP1PV0cqkvMkB5mOkCQ8xnvz4gjCpu7DC8&amp;__tn__=-%5dK-R\">Mihaela Michailov<\/a>, trateaz\u0103 tematica egalit\u0103\u021bii de \u0219anse \u0219i traficul de persoane.<\/p>\n\n\n\n<p>Filmul emo\u021bioneaz\u0103, educ\u0103 \u0219i uneori poate salva vie\u021bi! Da, este adev\u0103rat!&nbsp;Regizorul Helmis Napoleon, Profesor Dr. Universitar la UNATC \u201eI.L. Caragiale\u201d Bucure\u0219ti, este autorul filmului <em>Italiencele, <\/em>&nbsp;ce trateaz\u0103 tematica grav\u0103 a traficului de fiin\u021be vii. Acest film a schimbat radical, \u00een bine, destinul unei adolescente, aici \u00een Rom\u00e2nia.<\/p>\n","protected":false},"excerpt":{"rendered":"<p class=\"no-padding\">Agenda: UNATC Social, Art\u0103 Educa\u021bional\u0103 Partener: Agen\u021bia Na\u021bional\u0103 pentru Egalitatea de \u0218anse \u00eentre femei \u0219i b\u0103rba\u021bi \u2013 Conf. Univ. Dr&#8230;.<\/p>\n","protected":false},"author":1,"featured_media":5274,"parent":5275,"menu_order":0,"comment_status":"closed","ping_status":"closed","template":"template-tab-group-color.php","meta":{"footnotes":""},"class_list":["post-5279","page","type-page","status-publish","has-post-thumbnail","hentry"],"acf":{"galerie_foto":null,"titlu_prezentare_departament":"","text_prezentare_departament":"","alternative_page_title":"","page_contact_email":""},"yoast_head":"<!-- This site is optimized with the Yoast SEO plugin v27.4 - https:\/\/yoast.com\/product\/yoast-seo-wordpress\/ -->\n<title>UNATC combate traficul de persoane \u0219i sclavia modern\u0103 - UNATC<\/title>\n<meta name=\"robots\" content=\"index, follow, max-snippet:-1, max-image-preview:large, max-video-preview:-1\" \/>\n<link rel=\"canonical\" href=\"https:\/\/unatc.ro\/devunatc\/agenda-unatc\/unatc-combate-traficul-de-persoane-si-sclavia-moderna\/\" \/>\n<meta property=\"og:locale\" content=\"en_US\" \/>\n<meta property=\"og:type\" content=\"article\" \/>\n<meta property=\"og:title\" content=\"UNATC combate traficul de persoane \u0219i sclavia modern\u0103 - UNATC\" \/>\n<meta property=\"og:description\" content=\"Agenda: UNATC Social, Art\u0103 Educa\u021bional\u0103 Partener: Agen\u021bia Na\u021bional\u0103 pentru Egalitatea de \u0218anse \u00eentre femei \u0219i b\u0103rba\u021bi \u2013 Conf. Univ. Dr....\" \/>\n<meta property=\"og:url\" content=\"https:\/\/unatc.ro\/devunatc\/agenda-unatc\/unatc-combate-traficul-de-persoane-si-sclavia-moderna\/\" \/>\n<meta property=\"og:site_name\" content=\"UNATC\" \/>\n<meta property=\"article:publisher\" content=\"https:\/\/www.facebook.com\/UNATC.ILC\/\" \/>\n<meta property=\"article:modified_time\" content=\"2021-07-19T20:44:17+00:00\" \/>\n<meta property=\"og:image\" content=\"https:\/\/unatc.ro\/devunatc\/wp-content\/uploads\/2021\/07\/proiecte_default.jpg\" \/>\n\t<meta property=\"og:image:width\" content=\"2400\" \/>\n\t<meta property=\"og:image:height\" content=\"1193\" \/>\n\t<meta property=\"og:image:type\" content=\"image\/jpeg\" \/>\n<meta name=\"twitter:card\" content=\"summary_large_image\" \/>\n<meta name=\"twitter:label1\" content=\"Est. reading time\" \/>\n\t<meta name=\"twitter:data1\" content=\"2 minutes\" \/>\n<script type=\"application\/ld+json\" class=\"yoast-schema-graph\">{\"@context\":\"https:\\\/\\\/schema.org\",\"@graph\":[{\"@type\":\"WebPage\",\"@id\":\"https:\\\/\\\/unatc.ro\\\/devunatc\\\/agenda-unatc\\\/unatc-combate-traficul-de-persoane-si-sclavia-moderna\\\/\",\"url\":\"https:\\\/\\\/unatc.ro\\\/devunatc\\\/agenda-unatc\\\/unatc-combate-traficul-de-persoane-si-sclavia-moderna\\\/\",\"name\":\"UNATC combate traficul de persoane \u0219i sclavia modern\u0103 - UNATC\",\"isPartOf\":{\"@id\":\"https:\\\/\\\/unatc.ro\\\/devunatc\\\/#website\"},\"primaryImageOfPage\":{\"@id\":\"https:\\\/\\\/unatc.ro\\\/devunatc\\\/agenda-unatc\\\/unatc-combate-traficul-de-persoane-si-sclavia-moderna\\\/#primaryimage\"},\"image\":{\"@id\":\"https:\\\/\\\/unatc.ro\\\/devunatc\\\/agenda-unatc\\\/unatc-combate-traficul-de-persoane-si-sclavia-moderna\\\/#primaryimage\"},\"thumbnailUrl\":\"https:\\\/\\\/unatc.ro\\\/devunatc\\\/wp-content\\\/uploads\\\/2021\\\/07\\\/proiecte_default.jpg\",\"datePublished\":\"2021-07-19T20:44:16+00:00\",\"dateModified\":\"2021-07-19T20:44:17+00:00\",\"breadcrumb\":{\"@id\":\"https:\\\/\\\/unatc.ro\\\/devunatc\\\/agenda-unatc\\\/unatc-combate-traficul-de-persoane-si-sclavia-moderna\\\/#breadcrumb\"},\"inLanguage\":\"en-US\",\"potentialAction\":[{\"@type\":\"ReadAction\",\"target\":[\"https:\\\/\\\/unatc.ro\\\/devunatc\\\/agenda-unatc\\\/unatc-combate-traficul-de-persoane-si-sclavia-moderna\\\/\"]}]},{\"@type\":\"ImageObject\",\"inLanguage\":\"en-US\",\"@id\":\"https:\\\/\\\/unatc.ro\\\/devunatc\\\/agenda-unatc\\\/unatc-combate-traficul-de-persoane-si-sclavia-moderna\\\/#primaryimage\",\"url\":\"https:\\\/\\\/unatc.ro\\\/devunatc\\\/wp-content\\\/uploads\\\/2021\\\/07\\\/proiecte_default.jpg\",\"contentUrl\":\"https:\\\/\\\/unatc.ro\\\/devunatc\\\/wp-content\\\/uploads\\\/2021\\\/07\\\/proiecte_default.jpg\",\"width\":2400,\"height\":1193},{\"@type\":\"BreadcrumbList\",\"@id\":\"https:\\\/\\\/unatc.ro\\\/devunatc\\\/agenda-unatc\\\/unatc-combate-traficul-de-persoane-si-sclavia-moderna\\\/#breadcrumb\",\"itemListElement\":[{\"@type\":\"ListItem\",\"position\":1,\"name\":\"Home\",\"item\":\"https:\\\/\\\/unatc.ro\\\/devunatc\\\/\"},{\"@type\":\"ListItem\",\"position\":2,\"name\":\"Agenda UNATC\",\"item\":\"https:\\\/\\\/unatc.ro\\\/devunatc\\\/agenda-unatc\\\/\"},{\"@type\":\"ListItem\",\"position\":3,\"name\":\"UNATC combate traficul de persoane \u0219i sclavia modern\u0103\"}]},{\"@type\":\"WebSite\",\"@id\":\"https:\\\/\\\/unatc.ro\\\/devunatc\\\/#website\",\"url\":\"https:\\\/\\\/unatc.ro\\\/devunatc\\\/\",\"name\":\"UNATC\",\"description\":\"\",\"publisher\":{\"@id\":\"https:\\\/\\\/unatc.ro\\\/devunatc\\\/#organization\"},\"potentialAction\":[{\"@type\":\"SearchAction\",\"target\":{\"@type\":\"EntryPoint\",\"urlTemplate\":\"https:\\\/\\\/unatc.ro\\\/devunatc\\\/?s={search_term_string}\"},\"query-input\":{\"@type\":\"PropertyValueSpecification\",\"valueRequired\":true,\"valueName\":\"search_term_string\"}}],\"inLanguage\":\"en-US\"},{\"@type\":\"Organization\",\"@id\":\"https:\\\/\\\/unatc.ro\\\/devunatc\\\/#organization\",\"name\":\"UNATC\",\"url\":\"https:\\\/\\\/unatc.ro\\\/devunatc\\\/\",\"logo\":{\"@type\":\"ImageObject\",\"inLanguage\":\"en-US\",\"@id\":\"https:\\\/\\\/unatc.ro\\\/devunatc\\\/#\\\/schema\\\/logo\\\/image\\\/\",\"url\":\"https:\\\/\\\/unatc.ro\\\/devunatc\\\/wp-content\\\/uploads\\\/2025\\\/07\\\/unatc_logo.png\",\"contentUrl\":\"https:\\\/\\\/unatc.ro\\\/devunatc\\\/wp-content\\\/uploads\\\/2025\\\/07\\\/unatc_logo.png\",\"width\":480,\"height\":469,\"caption\":\"UNATC\"},\"image\":{\"@id\":\"https:\\\/\\\/unatc.ro\\\/devunatc\\\/#\\\/schema\\\/logo\\\/image\\\/\"},\"sameAs\":[\"https:\\\/\\\/www.facebook.com\\\/UNATC.ILC\\\/\",\"https:\\\/\\\/www.youtube.com\\\/c\\\/unatcilcaragiale\",\"https:\\\/\\\/www.instagram.com\\\/unatc_ilcaragiale\\\/?hl=en\",\"https:\\\/\\\/www.tiktok.com\\\/@unatc?lang=en\"]}]}<\/script>\n<!-- \/ Yoast SEO plugin. -->","yoast_head_json":{"title":"UNATC combate traficul de persoane \u0219i sclavia modern\u0103 - UNATC","robots":{"index":"index","follow":"follow","max-snippet":"max-snippet:-1","max-image-preview":"max-image-preview:large","max-video-preview":"max-video-preview:-1"},"canonical":"https:\/\/unatc.ro\/devunatc\/agenda-unatc\/unatc-combate-traficul-de-persoane-si-sclavia-moderna\/","og_locale":"en_US","og_type":"article","og_title":"UNATC combate traficul de persoane \u0219i sclavia modern\u0103 - UNATC","og_description":"Agenda: UNATC Social, Art\u0103 Educa\u021bional\u0103 Partener: Agen\u021bia Na\u021bional\u0103 pentru Egalitatea de \u0218anse \u00eentre femei \u0219i b\u0103rba\u021bi \u2013 Conf. Univ. Dr....","og_url":"https:\/\/unatc.ro\/devunatc\/agenda-unatc\/unatc-combate-traficul-de-persoane-si-sclavia-moderna\/","og_site_name":"UNATC","article_publisher":"https:\/\/www.facebook.com\/UNATC.ILC\/","article_modified_time":"2021-07-19T20:44:17+00:00","og_image":[{"width":2400,"height":1193,"url":"https:\/\/unatc.ro\/devunatc\/wp-content\/uploads\/2021\/07\/proiecte_default.jpg","type":"image\/jpeg"}],"twitter_card":"summary_large_image","twitter_misc":{"Est. reading time":"2 minutes"},"schema":{"@context":"https:\/\/schema.org","@graph":[{"@type":"WebPage","@id":"https:\/\/unatc.ro\/devunatc\/agenda-unatc\/unatc-combate-traficul-de-persoane-si-sclavia-moderna\/","url":"https:\/\/unatc.ro\/devunatc\/agenda-unatc\/unatc-combate-traficul-de-persoane-si-sclavia-moderna\/","name":"UNATC combate traficul de persoane \u0219i sclavia modern\u0103 - UNATC","isPartOf":{"@id":"https:\/\/unatc.ro\/devunatc\/#website"},"primaryImageOfPage":{"@id":"https:\/\/unatc.ro\/devunatc\/agenda-unatc\/unatc-combate-traficul-de-persoane-si-sclavia-moderna\/#primaryimage"},"image":{"@id":"https:\/\/unatc.ro\/devunatc\/agenda-unatc\/unatc-combate-traficul-de-persoane-si-sclavia-moderna\/#primaryimage"},"thumbnailUrl":"https:\/\/unatc.ro\/devunatc\/wp-content\/uploads\/2021\/07\/proiecte_default.jpg","datePublished":"2021-07-19T20:44:16+00:00","dateModified":"2021-07-19T20:44:17+00:00","breadcrumb":{"@id":"https:\/\/unatc.ro\/devunatc\/agenda-unatc\/unatc-combate-traficul-de-persoane-si-sclavia-moderna\/#breadcrumb"},"inLanguage":"en-US","potentialAction":[{"@type":"ReadAction","target":["https:\/\/unatc.ro\/devunatc\/agenda-unatc\/unatc-combate-traficul-de-persoane-si-sclavia-moderna\/"]}]},{"@type":"ImageObject","inLanguage":"en-US","@id":"https:\/\/unatc.ro\/devunatc\/agenda-unatc\/unatc-combate-traficul-de-persoane-si-sclavia-moderna\/#primaryimage","url":"https:\/\/unatc.ro\/devunatc\/wp-content\/uploads\/2021\/07\/proiecte_default.jpg","contentUrl":"https:\/\/unatc.ro\/devunatc\/wp-content\/uploads\/2021\/07\/proiecte_default.jpg","width":2400,"height":1193},{"@type":"BreadcrumbList","@id":"https:\/\/unatc.ro\/devunatc\/agenda-unatc\/unatc-combate-traficul-de-persoane-si-sclavia-moderna\/#breadcrumb","itemListElement":[{"@type":"ListItem","position":1,"name":"Home","item":"https:\/\/unatc.ro\/devunatc\/"},{"@type":"ListItem","position":2,"name":"Agenda UNATC","item":"https:\/\/unatc.ro\/devunatc\/agenda-unatc\/"},{"@type":"ListItem","position":3,"name":"UNATC combate traficul de persoane \u0219i sclavia modern\u0103"}]},{"@type":"WebSite","@id":"https:\/\/unatc.ro\/devunatc\/#website","url":"https:\/\/unatc.ro\/devunatc\/","name":"UNATC","description":"","publisher":{"@id":"https:\/\/unatc.ro\/devunatc\/#organization"},"potentialAction":[{"@type":"SearchAction","target":{"@type":"EntryPoint","urlTemplate":"https:\/\/unatc.ro\/devunatc\/?s={search_term_string}"},"query-input":{"@type":"PropertyValueSpecification","valueRequired":true,"valueName":"search_term_string"}}],"inLanguage":"en-US"},{"@type":"Organization","@id":"https:\/\/unatc.ro\/devunatc\/#organization","name":"UNATC","url":"https:\/\/unatc.ro\/devunatc\/","logo":{"@type":"ImageObject","inLanguage":"en-US","@id":"https:\/\/unatc.ro\/devunatc\/#\/schema\/logo\/image\/","url":"https:\/\/unatc.ro\/devunatc\/wp-content\/uploads\/2025\/07\/unatc_logo.png","contentUrl":"https:\/\/unatc.ro\/devunatc\/wp-content\/uploads\/2025\/07\/unatc_logo.png","width":480,"height":469,"caption":"UNATC"},"image":{"@id":"https:\/\/unatc.ro\/devunatc\/#\/schema\/logo\/image\/"},"sameAs":["https:\/\/www.facebook.com\/UNATC.ILC\/","https:\/\/www.youtube.com\/c\/unatcilcaragiale","https:\/\/www.instagram.com\/unatc_ilcaragiale\/?hl=en","https:\/\/www.tiktok.com\/@unatc?lang=en"]}]}},"jetpack_sharing_enabled":true,"_links":{"self":[{"href":"https:\/\/unatc.ro\/devunatc\/wp-json\/wp\/v2\/pages\/5279","targetHints":{"allow":["GET"]}}],"collection":[{"href":"https:\/\/unatc.ro\/devunatc\/wp-json\/wp\/v2\/pages"}],"about":[{"href":"https:\/\/unatc.ro\/devunatc\/wp-json\/wp\/v2\/types\/page"}],"author":[{"embeddable":true,"href":"https:\/\/unatc.ro\/devunatc\/wp-json\/wp\/v2\/users\/1"}],"replies":[{"embeddable":true,"href":"https:\/\/unatc.ro\/devunatc\/wp-json\/wp\/v2\/comments?post=5279"}],"version-history":[{"count":1,"href":"https:\/\/unatc.ro\/devunatc\/wp-json\/wp\/v2\/pages\/5279\/revisions"}],"predecessor-version":[{"id":5280,"href":"https:\/\/unatc.ro\/devunatc\/wp-json\/wp\/v2\/pages\/5279\/revisions\/5280"}],"up":[{"embeddable":true,"href":"https:\/\/unatc.ro\/devunatc\/wp-json\/wp\/v2\/pages\/5275"}],"wp:featuredmedia":[{"embeddable":true,"href":"https:\/\/unatc.ro\/devunatc\/wp-json\/wp\/v2\/media\/5274"}],"wp:attachment":[{"href":"https:\/\/unatc.ro\/devunatc\/wp-json\/wp\/v2\/media?parent=5279"}],"curies":[{"name":"wp","href":"https:\/\/api.w.org\/{rel}","templated":true}]}}