{"id":5275,"date":"2021-07-19T22:40:45","date_gmt":"2021-07-19T20:40:45","guid":{"rendered":"https:\/\/unatc.ro\/devunatc\/?page_id=5275"},"modified":"2021-07-19T22:54:08","modified_gmt":"2021-07-19T20:54:08","slug":"agenda-unatc","status":"publish","type":"page","link":"https:\/\/unatc.ro\/devunatc\/agenda-unatc\/","title":{"rendered":"Agenda UNATC"},"content":{"rendered":"\n<p><strong>Universitatea Na\u0163ional\u0103 de Art\u0103 Teatral\u0103 \u0219i Cinematografic\u0103 \u201eI.L. Caragiale\u201d din Bucure\u0219ti (UNATC)<\/strong>&nbsp;este o institu\u0163ie public\u0103 de \u00eenv\u0103\u0163\u0103m\u00e2nt superior finan\u0163at\u0103 de stat, recunoscut\u0103 pe plan interna\u021bional. Prin programele sale, care pun accentul pe cercetare, inova\u021bie, diversitate \u0219i interdisciplinaritate, Universitatea le ofer\u0103 studen\u021bilor oportunitatea de a se specializa \u00een domeniul&nbsp;<em>teatrului&nbsp;<\/em>\u0219i \u00een cel al&nbsp;<em>filmului<\/em>, precum \u0219i \u00een domenii mixte, la nivel de&nbsp;<em>licen\u021b\u0103, master<\/em>&nbsp;\u0219i&nbsp;<em>doctorat.<\/em>&nbsp;<\/p>\n\n\n\n<p><strong>Strategii<\/strong> generale UNATC<\/p>\n\n\n\n<p><strong>Universitatea Na\u0163ional\u0103 de Art\u0103 Teatral\u0103 \u0219i Cinematografic\u0103 \u201eI.L. Caragiale\u201d din Bucure\u0219ti <\/strong>constituie at\u00e2t un centru na\u021bional modern de educa\u021bie artistic\u0103 \u0219i voca\u021bional\u0103, c\u00e2t \u0219i o comunitate cultural\u0103, ce se implic\u0103 activ&nbsp; \u00een problemele sociale ale cet\u0103\u021bii din care face parte.<\/p>\n\n\n\n<p>Proiectele de mai jos arat\u0103 clar \u00een agendele sale cele trei arii esen\u021biale pentru orice strategie sau ini\u021biativ\u0103 UNATC: <strong>Educa\u021bia<\/strong>, de tip <strong>Modern<\/strong>, raportat\u0103 permanent la problematica <strong>Social\u0103<\/strong>.&nbsp;<\/p>\n\n\n\n<p>Pentru c\u0103 UNATC este adeptul dialogului viu, proiectele \u0219i strategiile de mai jos se fundamenteaz\u0103, se deruleaz\u0103 \u0219i se dezvolt\u0103 \u00een varii parteneriate academice \u0219i institu\u021bionale.<\/p>\n\n\n\n<ul class=\"wp-block-list\"><li><strong>Propunere Program de studii universitare de licen\u0163\u0103 ACTORIE \u015fi REGIE cu durat\u0103 de 4 ani<br><\/strong><\/li><li><strong>Consor\u021biul ARTE<br><\/strong><\/li><li><strong>Teatrul \u00een \u0219coli<br><\/strong><\/li><li><strong>UNATC, Caravana UNATC pentru diaspor\u0103<\/strong> <strong>&amp; Rom\u00e2nii de pretutindeni<br><\/strong><\/li><li><strong>UNATC combate traficul de persoane \u0219i sclavia modern\u0103<br><\/strong><\/li><li><strong>Insula UNATC<br><\/strong><\/li><li><strong>UNATC pe Biciclet\u0103!<\/strong><\/li><\/ul>\n","protected":false},"excerpt":{"rendered":"<p class=\"no-padding\">Universitatea Na\u0163ional\u0103 de Art\u0103 Teatral\u0103 \u0219i Cinematografic\u0103 \u201eI.L. Caragiale\u201d din Bucure\u0219ti (UNATC)&nbsp;este o institu\u0163ie public\u0103 de \u00eenv\u0103\u0163\u0103m\u00e2nt superior finan\u0163at\u0103 de&#8230;<\/p>\n","protected":false},"author":1,"featured_media":5274,"parent":0,"menu_order":0,"comment_status":"closed","ping_status":"closed","template":"template-tab-group-color.php","meta":{"footnotes":""},"class_list":["post-5275","page","type-page","status-publish","has-post-thumbnail","hentry"],"acf":{"galerie_foto":null,"titlu_prezentare_departament":"","text_prezentare_departament":"","alternative_page_title":"","page_contact_email":""},"yoast_head":"<!-- This site is optimized with the Yoast SEO plugin v27.4 - https:\/\/yoast.com\/product\/yoast-seo-wordpress\/ -->\n<title>Agenda UNATC - UNATC<\/title>\n<meta name=\"robots\" content=\"index, follow, max-snippet:-1, max-image-preview:large, max-video-preview:-1\" \/>\n<link rel=\"canonical\" href=\"https:\/\/unatc.ro\/devunatc\/agenda-unatc\/\" \/>\n<meta property=\"og:locale\" content=\"en_US\" \/>\n<meta property=\"og:type\" content=\"article\" \/>\n<meta property=\"og:title\" content=\"Agenda UNATC - UNATC\" \/>\n<meta property=\"og:description\" content=\"Universitatea Na\u0163ional\u0103 de Art\u0103 Teatral\u0103 \u0219i Cinematografic\u0103 \u201eI.L. Caragiale\u201d din Bucure\u0219ti (UNATC)&nbsp;este o institu\u0163ie public\u0103 de \u00eenv\u0103\u0163\u0103m\u00e2nt superior finan\u0163at\u0103 de...\" \/>\n<meta property=\"og:url\" content=\"https:\/\/unatc.ro\/devunatc\/agenda-unatc\/\" \/>\n<meta property=\"og:site_name\" content=\"UNATC\" \/>\n<meta property=\"article:publisher\" content=\"https:\/\/www.facebook.com\/UNATC.ILC\/\" \/>\n<meta property=\"article:modified_time\" content=\"2021-07-19T20:54:08+00:00\" \/>\n<meta property=\"og:image\" content=\"https:\/\/unatc.ro\/devunatc\/wp-content\/uploads\/2021\/07\/proiecte_default.jpg\" \/>\n\t<meta property=\"og:image:width\" content=\"2400\" \/>\n\t<meta property=\"og:image:height\" content=\"1193\" \/>\n\t<meta property=\"og:image:type\" content=\"image\/jpeg\" \/>\n<meta name=\"twitter:card\" content=\"summary_large_image\" \/>\n<meta name=\"twitter:label1\" content=\"Est. reading time\" \/>\n\t<meta name=\"twitter:data1\" content=\"1 minute\" \/>\n<script type=\"application\/ld+json\" class=\"yoast-schema-graph\">{\"@context\":\"https:\\\/\\\/schema.org\",\"@graph\":[{\"@type\":\"WebPage\",\"@id\":\"https:\\\/\\\/unatc.ro\\\/devunatc\\\/agenda-unatc\\\/\",\"url\":\"https:\\\/\\\/unatc.ro\\\/devunatc\\\/agenda-unatc\\\/\",\"name\":\"Agenda UNATC - UNATC\",\"isPartOf\":{\"@id\":\"https:\\\/\\\/unatc.ro\\\/devunatc\\\/#website\"},\"primaryImageOfPage\":{\"@id\":\"https:\\\/\\\/unatc.ro\\\/devunatc\\\/agenda-unatc\\\/#primaryimage\"},\"image\":{\"@id\":\"https:\\\/\\\/unatc.ro\\\/devunatc\\\/agenda-unatc\\\/#primaryimage\"},\"thumbnailUrl\":\"https:\\\/\\\/unatc.ro\\\/devunatc\\\/wp-content\\\/uploads\\\/2021\\\/07\\\/proiecte_default.jpg\",\"datePublished\":\"2021-07-19T20:40:45+00:00\",\"dateModified\":\"2021-07-19T20:54:08+00:00\",\"breadcrumb\":{\"@id\":\"https:\\\/\\\/unatc.ro\\\/devunatc\\\/agenda-unatc\\\/#breadcrumb\"},\"inLanguage\":\"en-US\",\"potentialAction\":[{\"@type\":\"ReadAction\",\"target\":[\"https:\\\/\\\/unatc.ro\\\/devunatc\\\/agenda-unatc\\\/\"]}]},{\"@type\":\"ImageObject\",\"inLanguage\":\"en-US\",\"@id\":\"https:\\\/\\\/unatc.ro\\\/devunatc\\\/agenda-unatc\\\/#primaryimage\",\"url\":\"https:\\\/\\\/unatc.ro\\\/devunatc\\\/wp-content\\\/uploads\\\/2021\\\/07\\\/proiecte_default.jpg\",\"contentUrl\":\"https:\\\/\\\/unatc.ro\\\/devunatc\\\/wp-content\\\/uploads\\\/2021\\\/07\\\/proiecte_default.jpg\",\"width\":2400,\"height\":1193},{\"@type\":\"BreadcrumbList\",\"@id\":\"https:\\\/\\\/unatc.ro\\\/devunatc\\\/agenda-unatc\\\/#breadcrumb\",\"itemListElement\":[{\"@type\":\"ListItem\",\"position\":1,\"name\":\"Home\",\"item\":\"https:\\\/\\\/unatc.ro\\\/devunatc\\\/\"},{\"@type\":\"ListItem\",\"position\":2,\"name\":\"Agenda UNATC\"}]},{\"@type\":\"WebSite\",\"@id\":\"https:\\\/\\\/unatc.ro\\\/devunatc\\\/#website\",\"url\":\"https:\\\/\\\/unatc.ro\\\/devunatc\\\/\",\"name\":\"UNATC\",\"description\":\"\",\"publisher\":{\"@id\":\"https:\\\/\\\/unatc.ro\\\/devunatc\\\/#organization\"},\"potentialAction\":[{\"@type\":\"SearchAction\",\"target\":{\"@type\":\"EntryPoint\",\"urlTemplate\":\"https:\\\/\\\/unatc.ro\\\/devunatc\\\/?s={search_term_string}\"},\"query-input\":{\"@type\":\"PropertyValueSpecification\",\"valueRequired\":true,\"valueName\":\"search_term_string\"}}],\"inLanguage\":\"en-US\"},{\"@type\":\"Organization\",\"@id\":\"https:\\\/\\\/unatc.ro\\\/devunatc\\\/#organization\",\"name\":\"UNATC\",\"url\":\"https:\\\/\\\/unatc.ro\\\/devunatc\\\/\",\"logo\":{\"@type\":\"ImageObject\",\"inLanguage\":\"en-US\",\"@id\":\"https:\\\/\\\/unatc.ro\\\/devunatc\\\/#\\\/schema\\\/logo\\\/image\\\/\",\"url\":\"https:\\\/\\\/unatc.ro\\\/devunatc\\\/wp-content\\\/uploads\\\/2025\\\/07\\\/unatc_logo.png\",\"contentUrl\":\"https:\\\/\\\/unatc.ro\\\/devunatc\\\/wp-content\\\/uploads\\\/2025\\\/07\\\/unatc_logo.png\",\"width\":480,\"height\":469,\"caption\":\"UNATC\"},\"image\":{\"@id\":\"https:\\\/\\\/unatc.ro\\\/devunatc\\\/#\\\/schema\\\/logo\\\/image\\\/\"},\"sameAs\":[\"https:\\\/\\\/www.facebook.com\\\/UNATC.ILC\\\/\",\"https:\\\/\\\/www.youtube.com\\\/c\\\/unatcilcaragiale\",\"https:\\\/\\\/www.instagram.com\\\/unatc_ilcaragiale\\\/?hl=en\",\"https:\\\/\\\/www.tiktok.com\\\/@unatc?lang=en\"]}]}<\/script>\n<!-- \/ Yoast SEO plugin. -->","yoast_head_json":{"title":"Agenda UNATC - UNATC","robots":{"index":"index","follow":"follow","max-snippet":"max-snippet:-1","max-image-preview":"max-image-preview:large","max-video-preview":"max-video-preview:-1"},"canonical":"https:\/\/unatc.ro\/devunatc\/agenda-unatc\/","og_locale":"en_US","og_type":"article","og_title":"Agenda UNATC - UNATC","og_description":"Universitatea Na\u0163ional\u0103 de Art\u0103 Teatral\u0103 \u0219i Cinematografic\u0103 \u201eI.L. Caragiale\u201d din Bucure\u0219ti (UNATC)&nbsp;este o institu\u0163ie public\u0103 de \u00eenv\u0103\u0163\u0103m\u00e2nt superior finan\u0163at\u0103 de...","og_url":"https:\/\/unatc.ro\/devunatc\/agenda-unatc\/","og_site_name":"UNATC","article_publisher":"https:\/\/www.facebook.com\/UNATC.ILC\/","article_modified_time":"2021-07-19T20:54:08+00:00","og_image":[{"width":2400,"height":1193,"url":"https:\/\/unatc.ro\/devunatc\/wp-content\/uploads\/2021\/07\/proiecte_default.jpg","type":"image\/jpeg"}],"twitter_card":"summary_large_image","twitter_misc":{"Est. reading time":"1 minute"},"schema":{"@context":"https:\/\/schema.org","@graph":[{"@type":"WebPage","@id":"https:\/\/unatc.ro\/devunatc\/agenda-unatc\/","url":"https:\/\/unatc.ro\/devunatc\/agenda-unatc\/","name":"Agenda UNATC - UNATC","isPartOf":{"@id":"https:\/\/unatc.ro\/devunatc\/#website"},"primaryImageOfPage":{"@id":"https:\/\/unatc.ro\/devunatc\/agenda-unatc\/#primaryimage"},"image":{"@id":"https:\/\/unatc.ro\/devunatc\/agenda-unatc\/#primaryimage"},"thumbnailUrl":"https:\/\/unatc.ro\/devunatc\/wp-content\/uploads\/2021\/07\/proiecte_default.jpg","datePublished":"2021-07-19T20:40:45+00:00","dateModified":"2021-07-19T20:54:08+00:00","breadcrumb":{"@id":"https:\/\/unatc.ro\/devunatc\/agenda-unatc\/#breadcrumb"},"inLanguage":"en-US","potentialAction":[{"@type":"ReadAction","target":["https:\/\/unatc.ro\/devunatc\/agenda-unatc\/"]}]},{"@type":"ImageObject","inLanguage":"en-US","@id":"https:\/\/unatc.ro\/devunatc\/agenda-unatc\/#primaryimage","url":"https:\/\/unatc.ro\/devunatc\/wp-content\/uploads\/2021\/07\/proiecte_default.jpg","contentUrl":"https:\/\/unatc.ro\/devunatc\/wp-content\/uploads\/2021\/07\/proiecte_default.jpg","width":2400,"height":1193},{"@type":"BreadcrumbList","@id":"https:\/\/unatc.ro\/devunatc\/agenda-unatc\/#breadcrumb","itemListElement":[{"@type":"ListItem","position":1,"name":"Home","item":"https:\/\/unatc.ro\/devunatc\/"},{"@type":"ListItem","position":2,"name":"Agenda UNATC"}]},{"@type":"WebSite","@id":"https:\/\/unatc.ro\/devunatc\/#website","url":"https:\/\/unatc.ro\/devunatc\/","name":"UNATC","description":"","publisher":{"@id":"https:\/\/unatc.ro\/devunatc\/#organization"},"potentialAction":[{"@type":"SearchAction","target":{"@type":"EntryPoint","urlTemplate":"https:\/\/unatc.ro\/devunatc\/?s={search_term_string}"},"query-input":{"@type":"PropertyValueSpecification","valueRequired":true,"valueName":"search_term_string"}}],"inLanguage":"en-US"},{"@type":"Organization","@id":"https:\/\/unatc.ro\/devunatc\/#organization","name":"UNATC","url":"https:\/\/unatc.ro\/devunatc\/","logo":{"@type":"ImageObject","inLanguage":"en-US","@id":"https:\/\/unatc.ro\/devunatc\/#\/schema\/logo\/image\/","url":"https:\/\/unatc.ro\/devunatc\/wp-content\/uploads\/2025\/07\/unatc_logo.png","contentUrl":"https:\/\/unatc.ro\/devunatc\/wp-content\/uploads\/2025\/07\/unatc_logo.png","width":480,"height":469,"caption":"UNATC"},"image":{"@id":"https:\/\/unatc.ro\/devunatc\/#\/schema\/logo\/image\/"},"sameAs":["https:\/\/www.facebook.com\/UNATC.ILC\/","https:\/\/www.youtube.com\/c\/unatcilcaragiale","https:\/\/www.instagram.com\/unatc_ilcaragiale\/?hl=en","https:\/\/www.tiktok.com\/@unatc?lang=en"]}]}},"jetpack_sharing_enabled":true,"_links":{"self":[{"href":"https:\/\/unatc.ro\/devunatc\/wp-json\/wp\/v2\/pages\/5275","targetHints":{"allow":["GET"]}}],"collection":[{"href":"https:\/\/unatc.ro\/devunatc\/wp-json\/wp\/v2\/pages"}],"about":[{"href":"https:\/\/unatc.ro\/devunatc\/wp-json\/wp\/v2\/types\/page"}],"author":[{"embeddable":true,"href":"https:\/\/unatc.ro\/devunatc\/wp-json\/wp\/v2\/users\/1"}],"replies":[{"embeddable":true,"href":"https:\/\/unatc.ro\/devunatc\/wp-json\/wp\/v2\/comments?post=5275"}],"version-history":[{"count":12,"href":"https:\/\/unatc.ro\/devunatc\/wp-json\/wp\/v2\/pages\/5275\/revisions"}],"predecessor-version":[{"id":5299,"href":"https:\/\/unatc.ro\/devunatc\/wp-json\/wp\/v2\/pages\/5275\/revisions\/5299"}],"wp:featuredmedia":[{"embeddable":true,"href":"https:\/\/unatc.ro\/devunatc\/wp-json\/wp\/v2\/media\/5274"}],"wp:attachment":[{"href":"https:\/\/unatc.ro\/devunatc\/wp-json\/wp\/v2\/media?parent=5275"}],"curies":[{"name":"wp","href":"https:\/\/api.w.org\/{rel}","templated":true}]}}