{"id":4775,"date":"2021-06-30T14:34:41","date_gmt":"2021-06-30T12:34:41","guid":{"rendered":"https:\/\/unatc.ro\/devunatc\/?page_id=4775"},"modified":"2022-11-02T16:24:02","modified_gmt":"2022-11-02T14:24:02","slug":"rose","status":"publish","type":"page","link":"https:\/\/unatc.ro\/devunatc\/rose\/","title":{"rendered":"ROSE"},"content":{"rendered":"\n<p>Proiectul \u00ee\u0219i propune s\u0103 contribuie la reducerea abandonului \u00een \u00eenv\u0103\u021b\u0103m\u00e2ntul secundar \u0219i ter\u021biar&nbsp; \u0219i la cre\u0219terea ratei de promovare a examenului de bacalaureat. Proiectul, finan\u021bat printr-un \u00eemprumut de 200 de milioane de euro acordat de Banca Interna\u021bional\u0103 pentru Reconstruc\u021bie \u0219i Dezvoltare, va fi implementat de c\u0103tre Ministerul Educa\u021biei Na\u021bionale \u0219i Cercet\u0103rii \u0218tiin\u021bifice pe o perioad\u0103 de 7 ani, \u00eentre 2015 \u0219i 2022. Acordul de \u00eemprumut (Proiectul pentru \u00eenv\u0103\u021b\u0103m\u00e2nt secundar) dintre Rom\u00e2nia \u0219i Banca Interna\u021bional\u0103 pentru Reconstruc\u021bie \u0219i Dezvoltare, semnat la Washington la 17 aprilie 2015, a fost aprobat prin Legea nr. 234\/08.10.2015 de ratificare, publicat\u0103 \u00een Monitorul Oficial al Rom\u00e2niei, Partea I, nr. 757\/2015. Implementarea este \u00een responsabilitatea Ministerului Educa\u021biei Na\u021bionale \u0219i Cercet\u0103rii \u0218tiin\u021bifice (MENCS), prin Unitatea de Management al Proiectelor cu Finan\u021bare Extern\u0103 (UMPFE).<\/p>\n\n\n\n<p>Pentru mai multe detalii privind proiectul pute\u021bi accesa link-ul <a rel=\"noreferrer noopener\" href=\"http:\/\/proiecte.pmu.ro\/web\/guest\/rose\" data-type=\"URL\" data-id=\"http:\/\/proiecte.pmu.ro\/web\/guest\/rose\" target=\"_blank\">ROSE<\/a>.<\/p>\n\n\n\n<h4 class=\"wp-block-heading\"><strong>A FI SAU A NU FI STUDENT UNATC (AS UNATC)<\/strong><br>\u0218COAL\u0102 DE VAR\u0102<\/h4>\n\n\n\n<p>\u00cen baza Acordului de Grant nr. 338\/SGU\/PV\/III din 14.07.2020, \u00eencheiat cu Ministerul Educa\u021biei (ME) \u2013 Unitatea de Management al Proiectelor cu Finan\u021bare Extern\u0103 (UMPFE), Universitatea Na\u021bional\u0103 de Art\u0103 Teatral\u0103 \u0219i Cinematografic\u0103 \u201eI.L. Caragiale\u201d din Bucure\u0219ti a accesat prin Schema de Granturi Competitive pentru Universit\u0103\u021bi, derulate \u00een cadrul Proiectul privind \u00cenv\u0103\u021b\u0103m\u00e2ntul Secundar \u2013 ROSE, un grant \u00een valoare&nbsp;428.047&nbsp;lei pentru implementarea subproiectului&nbsp;\u201eA fi sau a nu fi student UNATC &#8211; AS UNATC\u201d.<\/p>\n\n\n\n<p>Subproiectul se&nbsp;adreseaz\u0103 elevilor de liceu, proveni\u021bi din medii defavorizate, c\u0103rora li se prezint\u0103 oferta educa\u021bional\u0103 a Facult\u0103\u021bii de Teatru \u0219i a Facult\u0103\u021bii de Film din cadrul UNATC Bucure\u0219ti. Pe durata programului de var\u0103 de tip punte, cu ajutorul studen\u021bilor (licen\u021b\u0103, master, doctorat) \u0219i absolven\u021bilor, precum \u0219i a profesorilor facult\u0103\u021bilor, liceenii vor descoperi \u00een ce constau ocupa\u021biile din domeniile teatru \u0219i artele spectacolului, cinematografie \u0219i media. Concret, subproiectul presupune organizarea a dou\u0103 sesiuni de \u0218coal\u0103 de Var\u0103, pe durata a 14 zile, ce cuprind ateliere de jocuri artistice educa\u021bionale care detecteaz\u0103 abilit\u0103\u021bi specifice teatrului \u0219i filmului, \u00eent\u00e2lniri cu profesioni\u0219ti absolven\u021bi sau angaja\u021bi \u00een UNATC, prezentarea unei s\u0103li de teatru sau a unui platou de filmare, completate de vizionarea de produc\u021bii de licen\u021b\u0103 \u0219i master..<\/p>\n\n\n\n<p>Activit\u0103\u021bile urm\u0103resc, pe de o parte, dezvoltarea competen\u021belor de ordin comunica\u021bional \u0219i socio-emo\u021bional, iar pe de alt\u0103 parte, oferirea de consiliere \u0219i orientare profesional\u0103 elevilor privind alegerea unei cariere din domeniul artistic. \u00cen acest fel, participan\u021bii la activit\u0103\u021bi sunt invita\u021bi s\u0103 petreac\u0103 c\u00e2teva zile asemenea unui student la Teatru sau Film.<\/p>\n\n\n\n<hr class=\"wp-block-separator is-style-wide\"\/>\n\n\n\n<p><strong>Anun\u021buri 2022<\/strong><\/p>\n\n\n\n<p><a href=\"https:\/\/unatc.ro\/devunatc\/anunt-contractare-directa-servicii-de-cazare-pentru-60-persoane\/\" data-type=\"URL\" data-id=\"https:\/\/unatc.ro\/devunatc\/anunt-contractare-directa-servicii-de-cazare-pentru-60-persoane\/\">Anun\u021b<\/a> contractare direct\u0103 SERVICII DE CAZARE pentru 60 persoane &#8211; ROSE AG 338<\/p>\n\n\n\n<p><a href=\"https:\/\/unatc.ro\/devunatc\/anunt-de-cerere-de-oferta-servicii-masa-80-persoane-proiect-rose-ag-338\/\" data-type=\"URL\" data-id=\"https:\/\/unatc.ro\/devunatc\/anunt-de-cerere-de-oferta-servicii-masa-80-persoane-proiect-rose-ag-338\/\">Anun\u021b<\/a> de cerere de ofert\u0103 SERVICII DE MAS\u0102 80 DE PERSOANE &#8211; ROSE AG 338<\/p>\n\n\n\n<p><a href=\"https:\/\/unatc.ro\/devunatc\/anunt-de-cerere-de-oferta-servicii-tiparire-ghidul-candidatului-si-brosura-unatc-proiect-rose-ag-338\/\" data-type=\"post\" data-id=\"8517\">Anun\u021b<\/a> de cerere de ofert\u0103 SERVICII TIP\u0102RIRE GHIDUL CANDIDATULUI \u0218I BRO\u0218URA UNATC &#8211; ROSE AG 338<\/p>\n\n\n\n<p><a href=\"https:\/\/unatc.ro\/devunatc\/anunt-de-cerere-de-oferta-pachete-de-bun-venit-proiect-rose-ag-338\/\" data-type=\"post\" data-id=\"8495\">Anun\u021b<\/a> de cerere de ofert\u0103 PACHETE DE BUN VENIT &#8211; ROSE AG 338<\/p>\n\n\n\n<p><a href=\"https:\/\/unatc.ro\/devunatc\/anunt-de-selectie-studenti-consultanti-proiect-rose-ag-338\/\" data-type=\"URL\" data-id=\"https:\/\/unatc.ro\/devunatc\/anunt-de-selectie-studenti-consultanti-proiect-rose-ag-338\/\">Anun\u021b<\/a> de selec\u021bie STUDEN\u021aI CONSULTAN\u021aI &#8211; ROSE AG 338<\/p>\n\n\n\n<hr class=\"wp-block-separator is-style-wide\"\/>\n\n\n\n<p><strong>Anun\u021buri 2021<\/strong><\/p>\n\n\n\n<p><a href=\"https:\/\/unatc.ro\/devunatc\/anunt-de-selectie-studenti-consultanti-proiect-rose-ag-338-2\/\" data-type=\"URL\" data-id=\"https:\/\/unatc.ro\/devunatc\/anunt-de-selectie-studenti-consultanti-proiect-rose-ag-338-2\/\">Anun\u021b<\/a> de selec\u021bie STUDEN\u021aI CONSULTAN\u021aI &#8211; ROSE AG 338<\/p>\n\n\n\n<p><a href=\"https:\/\/unatc.ro\/devunatc\/anunt-de-cerere-de-oferta-kituri-de-instruire-elevi-tableta-proiect-rose-ag-338\/\" data-type=\"URL\" data-id=\"https:\/\/unatc.ro\/devunatc\/anunt-de-cerere-de-oferta-kituri-de-instruire-elevi-tableta-proiect-rose-ag-338\/\">Anun\u021b<\/a> de cerere de ofert\u0103&nbsp;KITURI DE INSTRUIRE ELEVI (TABLET\u0102) &#8211; ROSE AG 338<\/p>\n\n\n\n<hr class=\"wp-block-separator is-style-wide\"\/>\n\n\n\n<div style=\"height:100px\" aria-hidden=\"true\" class=\"wp-block-spacer\"><\/div>\n\n\n\n<h5 class=\"wp-block-heading\">PROGRAM 2021 proiect ROSE AG 338<\/h5>\n\n\n\n<div class=\"wp-block-file\"><a id=\"wp-block-file--media-63587654-8f03-4b9f-8f67-477ee63c45c7\" href=\"https:\/\/unatc.ro\/devunatc\/wp-content\/uploads\/2021\/08\/ROSE-AG-338_program-09-23-august.pdf\" target=\"_blank\" rel=\"noreferrer noopener\">ROSE AG 338 program 09-23 august 2021<\/a><a href=\"https:\/\/unatc.ro\/devunatc\/wp-content\/uploads\/2021\/08\/ROSE-AG-338_program-09-23-august.pdf\" class=\"wp-block-file__button\" download aria-describedby=\"wp-block-file--media-63587654-8f03-4b9f-8f67-477ee63c45c7\">Descarc\u0103<\/a><\/div>\n\n\n\n<div class=\"wp-block-file\"><a id=\"wp-block-file--media-30a787cb-2d18-4f53-9d7b-891565fa424d\" href=\"https:\/\/unatc.ro\/devunatc\/wp-content\/uploads\/2021\/08\/ROSE-AG-338_program-16-29-august.pdf\" target=\"_blank\" rel=\"noreferrer noopener\">ROSE AG 338 program 16-29 august 2021<\/a><a href=\"https:\/\/unatc.ro\/devunatc\/wp-content\/uploads\/2021\/08\/ROSE-AG-338_program-16-29-august.pdf\" class=\"wp-block-file__button\" download aria-describedby=\"wp-block-file--media-30a787cb-2d18-4f53-9d7b-891565fa424d\">Descarc\u0103<\/a><\/div>\n\n\n\n<div style=\"height:18px\" aria-hidden=\"true\" class=\"wp-block-spacer\"><\/div>\n\n\n\n<p>Beneficiar: UNATC \u201eI.L. Caragiale\u201d Bucure\u0219ti<br>Schema de granturi \u2013 Programe de var\u0103 de tip punte<br>Titlul subproiectului: A fi sau a nu fi student UNATC \u2013 AS UNATC<br>Acord de grant nr. 338\/SGU\/PV\/III din 14.07.2020<\/p>\n","protected":false},"excerpt":{"rendered":"<p class=\"no-padding\">Proiectul \u00ee\u0219i propune s\u0103 contribuie la reducerea abandonului \u00een \u00eenv\u0103\u021b\u0103m\u00e2ntul secundar \u0219i ter\u021biar&nbsp; \u0219i la cre\u0219terea ratei de promovare a&#8230;<\/p>\n","protected":false},"author":1,"featured_media":4987,"parent":0,"menu_order":0,"comment_status":"closed","ping_status":"closed","template":"template-generic.php","meta":{"footnotes":""},"class_list":["post-4775","page","type-page","status-publish","has-post-thumbnail","hentry"],"acf":{"galerie_foto":null,"alternative_page_title":"","page_contact_email":"andreea.jicman@unatc.ro"},"yoast_head":"<!-- This site is optimized with the Yoast SEO plugin v27.4 - https:\/\/yoast.com\/product\/yoast-seo-wordpress\/ -->\n<title>ROSE - UNATC<\/title>\n<meta name=\"robots\" content=\"index, follow, max-snippet:-1, max-image-preview:large, max-video-preview:-1\" \/>\n<link rel=\"canonical\" href=\"https:\/\/unatc.ro\/devunatc\/rose\/\" \/>\n<meta property=\"og:locale\" content=\"en_US\" \/>\n<meta property=\"og:type\" content=\"article\" \/>\n<meta property=\"og:title\" content=\"ROSE - UNATC\" \/>\n<meta property=\"og:description\" content=\"Proiectul \u00ee\u0219i propune s\u0103 contribuie la reducerea abandonului \u00een \u00eenv\u0103\u021b\u0103m\u00e2ntul secundar \u0219i ter\u021biar&nbsp; \u0219i la cre\u0219terea ratei de promovare a...\" \/>\n<meta property=\"og:url\" content=\"https:\/\/unatc.ro\/devunatc\/rose\/\" \/>\n<meta property=\"og:site_name\" content=\"UNATC\" \/>\n<meta property=\"article:publisher\" content=\"https:\/\/www.facebook.com\/UNATC.ILC\/\" \/>\n<meta property=\"article:modified_time\" content=\"2022-11-02T14:24:02+00:00\" \/>\n<meta property=\"og:image\" content=\"https:\/\/unatc.ro\/devunatc\/wp-content\/uploads\/2021\/07\/proiecte_unatc.jpg\" \/>\n\t<meta property=\"og:image:width\" content=\"3774\" \/>\n\t<meta property=\"og:image:height\" content=\"1352\" \/>\n\t<meta property=\"og:image:type\" content=\"image\/jpeg\" \/>\n<meta name=\"twitter:card\" content=\"summary_large_image\" \/>\n<meta name=\"twitter:label1\" content=\"Est. reading time\" \/>\n\t<meta name=\"twitter:data1\" content=\"3 minutes\" \/>\n<script type=\"application\/ld+json\" class=\"yoast-schema-graph\">{\"@context\":\"https:\\\/\\\/schema.org\",\"@graph\":[{\"@type\":\"WebPage\",\"@id\":\"https:\\\/\\\/unatc.ro\\\/devunatc\\\/rose\\\/\",\"url\":\"https:\\\/\\\/unatc.ro\\\/devunatc\\\/rose\\\/\",\"name\":\"ROSE - UNATC\",\"isPartOf\":{\"@id\":\"https:\\\/\\\/unatc.ro\\\/devunatc\\\/#website\"},\"primaryImageOfPage\":{\"@id\":\"https:\\\/\\\/unatc.ro\\\/devunatc\\\/rose\\\/#primaryimage\"},\"image\":{\"@id\":\"https:\\\/\\\/unatc.ro\\\/devunatc\\\/rose\\\/#primaryimage\"},\"thumbnailUrl\":\"https:\\\/\\\/unatc.ro\\\/devunatc\\\/wp-content\\\/uploads\\\/2021\\\/07\\\/proiecte_unatc.jpg\",\"datePublished\":\"2021-06-30T12:34:41+00:00\",\"dateModified\":\"2022-11-02T14:24:02+00:00\",\"breadcrumb\":{\"@id\":\"https:\\\/\\\/unatc.ro\\\/devunatc\\\/rose\\\/#breadcrumb\"},\"inLanguage\":\"en-US\",\"potentialAction\":[{\"@type\":\"ReadAction\",\"target\":[\"https:\\\/\\\/unatc.ro\\\/devunatc\\\/rose\\\/\"]}]},{\"@type\":\"ImageObject\",\"inLanguage\":\"en-US\",\"@id\":\"https:\\\/\\\/unatc.ro\\\/devunatc\\\/rose\\\/#primaryimage\",\"url\":\"https:\\\/\\\/unatc.ro\\\/devunatc\\\/wp-content\\\/uploads\\\/2021\\\/07\\\/proiecte_unatc.jpg\",\"contentUrl\":\"https:\\\/\\\/unatc.ro\\\/devunatc\\\/wp-content\\\/uploads\\\/2021\\\/07\\\/proiecte_unatc.jpg\",\"width\":3774,\"height\":1352,\"caption\":\"Proiecte @ UNATC\"},{\"@type\":\"BreadcrumbList\",\"@id\":\"https:\\\/\\\/unatc.ro\\\/devunatc\\\/rose\\\/#breadcrumb\",\"itemListElement\":[{\"@type\":\"ListItem\",\"position\":1,\"name\":\"Home\",\"item\":\"https:\\\/\\\/unatc.ro\\\/devunatc\\\/\"},{\"@type\":\"ListItem\",\"position\":2,\"name\":\"ROSE\"}]},{\"@type\":\"WebSite\",\"@id\":\"https:\\\/\\\/unatc.ro\\\/devunatc\\\/#website\",\"url\":\"https:\\\/\\\/unatc.ro\\\/devunatc\\\/\",\"name\":\"UNATC\",\"description\":\"\",\"publisher\":{\"@id\":\"https:\\\/\\\/unatc.ro\\\/devunatc\\\/#organization\"},\"potentialAction\":[{\"@type\":\"SearchAction\",\"target\":{\"@type\":\"EntryPoint\",\"urlTemplate\":\"https:\\\/\\\/unatc.ro\\\/devunatc\\\/?s={search_term_string}\"},\"query-input\":{\"@type\":\"PropertyValueSpecification\",\"valueRequired\":true,\"valueName\":\"search_term_string\"}}],\"inLanguage\":\"en-US\"},{\"@type\":\"Organization\",\"@id\":\"https:\\\/\\\/unatc.ro\\\/devunatc\\\/#organization\",\"name\":\"UNATC\",\"url\":\"https:\\\/\\\/unatc.ro\\\/devunatc\\\/\",\"logo\":{\"@type\":\"ImageObject\",\"inLanguage\":\"en-US\",\"@id\":\"https:\\\/\\\/unatc.ro\\\/devunatc\\\/#\\\/schema\\\/logo\\\/image\\\/\",\"url\":\"https:\\\/\\\/unatc.ro\\\/devunatc\\\/wp-content\\\/uploads\\\/2025\\\/07\\\/unatc_logo.png\",\"contentUrl\":\"https:\\\/\\\/unatc.ro\\\/devunatc\\\/wp-content\\\/uploads\\\/2025\\\/07\\\/unatc_logo.png\",\"width\":480,\"height\":469,\"caption\":\"UNATC\"},\"image\":{\"@id\":\"https:\\\/\\\/unatc.ro\\\/devunatc\\\/#\\\/schema\\\/logo\\\/image\\\/\"},\"sameAs\":[\"https:\\\/\\\/www.facebook.com\\\/UNATC.ILC\\\/\",\"https:\\\/\\\/www.youtube.com\\\/c\\\/unatcilcaragiale\",\"https:\\\/\\\/www.instagram.com\\\/unatc_ilcaragiale\\\/?hl=en\",\"https:\\\/\\\/www.tiktok.com\\\/@unatc?lang=en\"]}]}<\/script>\n<!-- \/ Yoast SEO plugin. -->","yoast_head_json":{"title":"ROSE - UNATC","robots":{"index":"index","follow":"follow","max-snippet":"max-snippet:-1","max-image-preview":"max-image-preview:large","max-video-preview":"max-video-preview:-1"},"canonical":"https:\/\/unatc.ro\/devunatc\/rose\/","og_locale":"en_US","og_type":"article","og_title":"ROSE - UNATC","og_description":"Proiectul \u00ee\u0219i propune s\u0103 contribuie la reducerea abandonului \u00een \u00eenv\u0103\u021b\u0103m\u00e2ntul secundar \u0219i ter\u021biar&nbsp; \u0219i la cre\u0219terea ratei de promovare a...","og_url":"https:\/\/unatc.ro\/devunatc\/rose\/","og_site_name":"UNATC","article_publisher":"https:\/\/www.facebook.com\/UNATC.ILC\/","article_modified_time":"2022-11-02T14:24:02+00:00","og_image":[{"width":3774,"height":1352,"url":"https:\/\/unatc.ro\/devunatc\/wp-content\/uploads\/2021\/07\/proiecte_unatc.jpg","type":"image\/jpeg"}],"twitter_card":"summary_large_image","twitter_misc":{"Est. reading time":"3 minutes"},"schema":{"@context":"https:\/\/schema.org","@graph":[{"@type":"WebPage","@id":"https:\/\/unatc.ro\/devunatc\/rose\/","url":"https:\/\/unatc.ro\/devunatc\/rose\/","name":"ROSE - UNATC","isPartOf":{"@id":"https:\/\/unatc.ro\/devunatc\/#website"},"primaryImageOfPage":{"@id":"https:\/\/unatc.ro\/devunatc\/rose\/#primaryimage"},"image":{"@id":"https:\/\/unatc.ro\/devunatc\/rose\/#primaryimage"},"thumbnailUrl":"https:\/\/unatc.ro\/devunatc\/wp-content\/uploads\/2021\/07\/proiecte_unatc.jpg","datePublished":"2021-06-30T12:34:41+00:00","dateModified":"2022-11-02T14:24:02+00:00","breadcrumb":{"@id":"https:\/\/unatc.ro\/devunatc\/rose\/#breadcrumb"},"inLanguage":"en-US","potentialAction":[{"@type":"ReadAction","target":["https:\/\/unatc.ro\/devunatc\/rose\/"]}]},{"@type":"ImageObject","inLanguage":"en-US","@id":"https:\/\/unatc.ro\/devunatc\/rose\/#primaryimage","url":"https:\/\/unatc.ro\/devunatc\/wp-content\/uploads\/2021\/07\/proiecte_unatc.jpg","contentUrl":"https:\/\/unatc.ro\/devunatc\/wp-content\/uploads\/2021\/07\/proiecte_unatc.jpg","width":3774,"height":1352,"caption":"Proiecte @ UNATC"},{"@type":"BreadcrumbList","@id":"https:\/\/unatc.ro\/devunatc\/rose\/#breadcrumb","itemListElement":[{"@type":"ListItem","position":1,"name":"Home","item":"https:\/\/unatc.ro\/devunatc\/"},{"@type":"ListItem","position":2,"name":"ROSE"}]},{"@type":"WebSite","@id":"https:\/\/unatc.ro\/devunatc\/#website","url":"https:\/\/unatc.ro\/devunatc\/","name":"UNATC","description":"","publisher":{"@id":"https:\/\/unatc.ro\/devunatc\/#organization"},"potentialAction":[{"@type":"SearchAction","target":{"@type":"EntryPoint","urlTemplate":"https:\/\/unatc.ro\/devunatc\/?s={search_term_string}"},"query-input":{"@type":"PropertyValueSpecification","valueRequired":true,"valueName":"search_term_string"}}],"inLanguage":"en-US"},{"@type":"Organization","@id":"https:\/\/unatc.ro\/devunatc\/#organization","name":"UNATC","url":"https:\/\/unatc.ro\/devunatc\/","logo":{"@type":"ImageObject","inLanguage":"en-US","@id":"https:\/\/unatc.ro\/devunatc\/#\/schema\/logo\/image\/","url":"https:\/\/unatc.ro\/devunatc\/wp-content\/uploads\/2025\/07\/unatc_logo.png","contentUrl":"https:\/\/unatc.ro\/devunatc\/wp-content\/uploads\/2025\/07\/unatc_logo.png","width":480,"height":469,"caption":"UNATC"},"image":{"@id":"https:\/\/unatc.ro\/devunatc\/#\/schema\/logo\/image\/"},"sameAs":["https:\/\/www.facebook.com\/UNATC.ILC\/","https:\/\/www.youtube.com\/c\/unatcilcaragiale","https:\/\/www.instagram.com\/unatc_ilcaragiale\/?hl=en","https:\/\/www.tiktok.com\/@unatc?lang=en"]}]}},"jetpack_sharing_enabled":true,"_links":{"self":[{"href":"https:\/\/unatc.ro\/devunatc\/wp-json\/wp\/v2\/pages\/4775","targetHints":{"allow":["GET"]}}],"collection":[{"href":"https:\/\/unatc.ro\/devunatc\/wp-json\/wp\/v2\/pages"}],"about":[{"href":"https:\/\/unatc.ro\/devunatc\/wp-json\/wp\/v2\/types\/page"}],"author":[{"embeddable":true,"href":"https:\/\/unatc.ro\/devunatc\/wp-json\/wp\/v2\/users\/1"}],"replies":[{"embeddable":true,"href":"https:\/\/unatc.ro\/devunatc\/wp-json\/wp\/v2\/comments?post=4775"}],"version-history":[{"count":33,"href":"https:\/\/unatc.ro\/devunatc\/wp-json\/wp\/v2\/pages\/4775\/revisions"}],"predecessor-version":[{"id":9561,"href":"https:\/\/unatc.ro\/devunatc\/wp-json\/wp\/v2\/pages\/4775\/revisions\/9561"}],"wp:featuredmedia":[{"embeddable":true,"href":"https:\/\/unatc.ro\/devunatc\/wp-json\/wp\/v2\/media\/4987"}],"wp:attachment":[{"href":"https:\/\/unatc.ro\/devunatc\/wp-json\/wp\/v2\/media?parent=4775"}],"curies":[{"name":"wp","href":"https:\/\/api.w.org\/{rel}","templated":true}]}}