{"id":33,"date":"2018-07-31T09:00:29","date_gmt":"2018-07-31T09:00:29","guid":{"rendered":"https:\/\/unatc.ro\/devunatc?page_id=33"},"modified":"2021-01-04T16:50:24","modified_gmt":"2021-01-04T14:50:24","slug":"romanii-de-pretutindeni","status":"publish","type":"page","link":"https:\/\/unatc.ro\/devunatc\/raportare\/romanii-de-pretutindeni\/","title":{"rendered":"Rom\u00e2nii de Pretutindeni"},"content":{"rendered":"\n<p>\u0218colarizarea rom\u00e2nilor de pretutindeni&nbsp; \u00een \u00eenv\u0103\u0163\u0103m\u00e2ntul &nbsp;superior de stat din Rom\u00e2nia, pe locuri de studii f\u0103r\u0103 plata taxelor de \u0219colarizare, dar cu burs\u0103, respectiv, f\u0103r\u0103 plata taxelor de \u0219colarizare, dar f\u0103r\u0103 burs\u0103, \u00een anul universitar 2020-2021<\/p>\n\n\n\n<p>Din categoria rom\u00e2nilor de pretutindeni fac parte:<\/p>\n\n\n\n<p>a) Persoanele care \u00ee\u015fi asum\u0103 \u00een mod liber identitatea cultural\u0103 rom\u00e2n\u0103, persoanele de origine rom\u00e2n\u0103 \u0219i cele apar\u0163in\u00e2nd filonului lingvistic \u015fi cultural rom\u00e2nesc care locuiesc \u00een afara frontierelor Rom\u00e2niei, indiferent de etnonimul folosit (arm\u00e2ni, arm\u00e2nji, arom\u00e2ni, basarabeni, bucovineni, cu\u0163ovlahi, daco-rom\u00e2ni, f\u0103r\u015fero\u0163i, her\u0163eni, istro-rom\u00e2ni, latini dun\u0103reni, macedorom\u00e2ni, macedo-rom\u00e2ni, maramure\u015feni, megleni\u0163i, megleno-rom\u00e2ni, moldoveni, moldovlahi, rr\u0103m\u00e2ni, rum\u00e2ni, valahi, vlahi, vlasi, volohi, macedo-arm\u00e2nji), precum \u015fi toate celelalte forme lexicale \u00eenrudite semantic cu cele de mai sus;<\/p>\n\n\n\n<p>b) Rom\u00e2nii emigra\u021bi, fie c\u0103 au p\u0103strat sau nu cet\u0103\u021benia rom\u00e2n\u0103, descenden\u021bii acestora, precum \u0219i cet\u0103\u021benii rom\u00e2ni cu domiciliul stabil sau re\u015fedin\u0163a \u00een str\u0103in\u0103tate.<\/p>\n","protected":false},"excerpt":{"rendered":"<p class=\"no-padding\">\u0218colarizarea rom\u00e2nilor de pretutindeni&nbsp; \u00een \u00eenv\u0103\u0163\u0103m\u00e2ntul &nbsp;superior de stat din Rom\u00e2nia, pe locuri de studii f\u0103r\u0103 plata taxelor de \u0219colarizare,&#8230;<\/p>\n","protected":false},"author":1,"featured_media":1232,"parent":15,"menu_order":0,"comment_status":"closed","ping_status":"closed","template":"template-generic.php","meta":{"footnotes":""},"class_list":["post-33","page","type-page","status-publish","has-post-thumbnail","hentry"],"acf":{"galerie_foto":null,"alternative_page_title":"","page_contact_email":""},"yoast_head":"<!-- This site is optimized with the Yoast SEO plugin v27.4 - https:\/\/yoast.com\/product\/yoast-seo-wordpress\/ -->\n<title>Rom\u00e2nii de Pretutindeni - UNATC<\/title>\n<meta name=\"robots\" content=\"index, follow, max-snippet:-1, max-image-preview:large, max-video-preview:-1\" \/>\n<link rel=\"canonical\" href=\"https:\/\/unatc.ro\/devunatc\/raportare\/romanii-de-pretutindeni\/\" \/>\n<meta property=\"og:locale\" content=\"en_US\" \/>\n<meta property=\"og:type\" content=\"article\" \/>\n<meta property=\"og:title\" content=\"Rom\u00e2nii de Pretutindeni - UNATC\" \/>\n<meta property=\"og:description\" content=\"\u0218colarizarea rom\u00e2nilor de pretutindeni&nbsp; \u00een \u00eenv\u0103\u0163\u0103m\u00e2ntul &nbsp;superior de stat din Rom\u00e2nia, pe locuri de studii f\u0103r\u0103 plata taxelor de \u0219colarizare,...\" \/>\n<meta property=\"og:url\" content=\"https:\/\/unatc.ro\/devunatc\/raportare\/romanii-de-pretutindeni\/\" \/>\n<meta property=\"og:site_name\" content=\"UNATC\" \/>\n<meta property=\"article:publisher\" content=\"https:\/\/www.facebook.com\/UNATC.ILC\/\" \/>\n<meta property=\"article:modified_time\" content=\"2021-01-04T14:50:24+00:00\" \/>\n<meta property=\"og:image\" content=\"https:\/\/unatc.ro\/devunatc\/wp-content\/uploads\/2020\/10\/rel-internationale-scaled.jpg\" \/>\n\t<meta property=\"og:image:width\" content=\"2560\" \/>\n\t<meta property=\"og:image:height\" content=\"917\" \/>\n\t<meta property=\"og:image:type\" content=\"image\/jpeg\" \/>\n<meta name=\"twitter:card\" content=\"summary_large_image\" \/>\n<meta name=\"twitter:label1\" content=\"Est. reading time\" \/>\n\t<meta name=\"twitter:data1\" content=\"1 minute\" \/>\n<script type=\"application\/ld+json\" class=\"yoast-schema-graph\">{\"@context\":\"https:\\\/\\\/schema.org\",\"@graph\":[{\"@type\":\"WebPage\",\"@id\":\"https:\\\/\\\/unatc.ro\\\/devunatc\\\/raportare\\\/romanii-de-pretutindeni\\\/\",\"url\":\"https:\\\/\\\/unatc.ro\\\/devunatc\\\/raportare\\\/romanii-de-pretutindeni\\\/\",\"name\":\"Rom\u00e2nii de Pretutindeni - UNATC\",\"isPartOf\":{\"@id\":\"https:\\\/\\\/unatc.ro\\\/devunatc\\\/#website\"},\"primaryImageOfPage\":{\"@id\":\"https:\\\/\\\/unatc.ro\\\/devunatc\\\/raportare\\\/romanii-de-pretutindeni\\\/#primaryimage\"},\"image\":{\"@id\":\"https:\\\/\\\/unatc.ro\\\/devunatc\\\/raportare\\\/romanii-de-pretutindeni\\\/#primaryimage\"},\"thumbnailUrl\":\"https:\\\/\\\/unatc.ro\\\/devunatc\\\/wp-content\\\/uploads\\\/2020\\\/10\\\/rel-internationale-scaled.jpg\",\"datePublished\":\"2018-07-31T09:00:29+00:00\",\"dateModified\":\"2021-01-04T14:50:24+00:00\",\"breadcrumb\":{\"@id\":\"https:\\\/\\\/unatc.ro\\\/devunatc\\\/raportare\\\/romanii-de-pretutindeni\\\/#breadcrumb\"},\"inLanguage\":\"en-US\",\"potentialAction\":[{\"@type\":\"ReadAction\",\"target\":[\"https:\\\/\\\/unatc.ro\\\/devunatc\\\/raportare\\\/romanii-de-pretutindeni\\\/\"]}]},{\"@type\":\"ImageObject\",\"inLanguage\":\"en-US\",\"@id\":\"https:\\\/\\\/unatc.ro\\\/devunatc\\\/raportare\\\/romanii-de-pretutindeni\\\/#primaryimage\",\"url\":\"https:\\\/\\\/unatc.ro\\\/devunatc\\\/wp-content\\\/uploads\\\/2020\\\/10\\\/rel-internationale-scaled.jpg\",\"contentUrl\":\"https:\\\/\\\/unatc.ro\\\/devunatc\\\/wp-content\\\/uploads\\\/2020\\\/10\\\/rel-internationale-scaled.jpg\",\"width\":2560,\"height\":917,\"caption\":\"UNATC International\"},{\"@type\":\"BreadcrumbList\",\"@id\":\"https:\\\/\\\/unatc.ro\\\/devunatc\\\/raportare\\\/romanii-de-pretutindeni\\\/#breadcrumb\",\"itemListElement\":[{\"@type\":\"ListItem\",\"position\":1,\"name\":\"Home\",\"item\":\"https:\\\/\\\/unatc.ro\\\/devunatc\\\/\"},{\"@type\":\"ListItem\",\"position\":2,\"name\":\"Raportare\",\"item\":\"https:\\\/\\\/unatc.ro\\\/devunatc\\\/raportare\\\/\"},{\"@type\":\"ListItem\",\"position\":3,\"name\":\"Rom\u00e2nii de Pretutindeni\"}]},{\"@type\":\"WebSite\",\"@id\":\"https:\\\/\\\/unatc.ro\\\/devunatc\\\/#website\",\"url\":\"https:\\\/\\\/unatc.ro\\\/devunatc\\\/\",\"name\":\"UNATC\",\"description\":\"\",\"publisher\":{\"@id\":\"https:\\\/\\\/unatc.ro\\\/devunatc\\\/#organization\"},\"potentialAction\":[{\"@type\":\"SearchAction\",\"target\":{\"@type\":\"EntryPoint\",\"urlTemplate\":\"https:\\\/\\\/unatc.ro\\\/devunatc\\\/?s={search_term_string}\"},\"query-input\":{\"@type\":\"PropertyValueSpecification\",\"valueRequired\":true,\"valueName\":\"search_term_string\"}}],\"inLanguage\":\"en-US\"},{\"@type\":\"Organization\",\"@id\":\"https:\\\/\\\/unatc.ro\\\/devunatc\\\/#organization\",\"name\":\"UNATC\",\"url\":\"https:\\\/\\\/unatc.ro\\\/devunatc\\\/\",\"logo\":{\"@type\":\"ImageObject\",\"inLanguage\":\"en-US\",\"@id\":\"https:\\\/\\\/unatc.ro\\\/devunatc\\\/#\\\/schema\\\/logo\\\/image\\\/\",\"url\":\"https:\\\/\\\/unatc.ro\\\/devunatc\\\/wp-content\\\/uploads\\\/2025\\\/07\\\/unatc_logo.png\",\"contentUrl\":\"https:\\\/\\\/unatc.ro\\\/devunatc\\\/wp-content\\\/uploads\\\/2025\\\/07\\\/unatc_logo.png\",\"width\":480,\"height\":469,\"caption\":\"UNATC\"},\"image\":{\"@id\":\"https:\\\/\\\/unatc.ro\\\/devunatc\\\/#\\\/schema\\\/logo\\\/image\\\/\"},\"sameAs\":[\"https:\\\/\\\/www.facebook.com\\\/UNATC.ILC\\\/\",\"https:\\\/\\\/www.youtube.com\\\/c\\\/unatcilcaragiale\",\"https:\\\/\\\/www.instagram.com\\\/unatc_ilcaragiale\\\/?hl=en\",\"https:\\\/\\\/www.tiktok.com\\\/@unatc?lang=en\"]}]}<\/script>\n<!-- \/ Yoast SEO plugin. -->","yoast_head_json":{"title":"Rom\u00e2nii de Pretutindeni - UNATC","robots":{"index":"index","follow":"follow","max-snippet":"max-snippet:-1","max-image-preview":"max-image-preview:large","max-video-preview":"max-video-preview:-1"},"canonical":"https:\/\/unatc.ro\/devunatc\/raportare\/romanii-de-pretutindeni\/","og_locale":"en_US","og_type":"article","og_title":"Rom\u00e2nii de Pretutindeni - UNATC","og_description":"\u0218colarizarea rom\u00e2nilor de pretutindeni&nbsp; \u00een \u00eenv\u0103\u0163\u0103m\u00e2ntul &nbsp;superior de stat din Rom\u00e2nia, pe locuri de studii f\u0103r\u0103 plata taxelor de \u0219colarizare,...","og_url":"https:\/\/unatc.ro\/devunatc\/raportare\/romanii-de-pretutindeni\/","og_site_name":"UNATC","article_publisher":"https:\/\/www.facebook.com\/UNATC.ILC\/","article_modified_time":"2021-01-04T14:50:24+00:00","og_image":[{"width":2560,"height":917,"url":"https:\/\/unatc.ro\/devunatc\/wp-content\/uploads\/2020\/10\/rel-internationale-scaled.jpg","type":"image\/jpeg"}],"twitter_card":"summary_large_image","twitter_misc":{"Est. reading time":"1 minute"},"schema":{"@context":"https:\/\/schema.org","@graph":[{"@type":"WebPage","@id":"https:\/\/unatc.ro\/devunatc\/raportare\/romanii-de-pretutindeni\/","url":"https:\/\/unatc.ro\/devunatc\/raportare\/romanii-de-pretutindeni\/","name":"Rom\u00e2nii de Pretutindeni - UNATC","isPartOf":{"@id":"https:\/\/unatc.ro\/devunatc\/#website"},"primaryImageOfPage":{"@id":"https:\/\/unatc.ro\/devunatc\/raportare\/romanii-de-pretutindeni\/#primaryimage"},"image":{"@id":"https:\/\/unatc.ro\/devunatc\/raportare\/romanii-de-pretutindeni\/#primaryimage"},"thumbnailUrl":"https:\/\/unatc.ro\/devunatc\/wp-content\/uploads\/2020\/10\/rel-internationale-scaled.jpg","datePublished":"2018-07-31T09:00:29+00:00","dateModified":"2021-01-04T14:50:24+00:00","breadcrumb":{"@id":"https:\/\/unatc.ro\/devunatc\/raportare\/romanii-de-pretutindeni\/#breadcrumb"},"inLanguage":"en-US","potentialAction":[{"@type":"ReadAction","target":["https:\/\/unatc.ro\/devunatc\/raportare\/romanii-de-pretutindeni\/"]}]},{"@type":"ImageObject","inLanguage":"en-US","@id":"https:\/\/unatc.ro\/devunatc\/raportare\/romanii-de-pretutindeni\/#primaryimage","url":"https:\/\/unatc.ro\/devunatc\/wp-content\/uploads\/2020\/10\/rel-internationale-scaled.jpg","contentUrl":"https:\/\/unatc.ro\/devunatc\/wp-content\/uploads\/2020\/10\/rel-internationale-scaled.jpg","width":2560,"height":917,"caption":"UNATC International"},{"@type":"BreadcrumbList","@id":"https:\/\/unatc.ro\/devunatc\/raportare\/romanii-de-pretutindeni\/#breadcrumb","itemListElement":[{"@type":"ListItem","position":1,"name":"Home","item":"https:\/\/unatc.ro\/devunatc\/"},{"@type":"ListItem","position":2,"name":"Raportare","item":"https:\/\/unatc.ro\/devunatc\/raportare\/"},{"@type":"ListItem","position":3,"name":"Rom\u00e2nii de Pretutindeni"}]},{"@type":"WebSite","@id":"https:\/\/unatc.ro\/devunatc\/#website","url":"https:\/\/unatc.ro\/devunatc\/","name":"UNATC","description":"","publisher":{"@id":"https:\/\/unatc.ro\/devunatc\/#organization"},"potentialAction":[{"@type":"SearchAction","target":{"@type":"EntryPoint","urlTemplate":"https:\/\/unatc.ro\/devunatc\/?s={search_term_string}"},"query-input":{"@type":"PropertyValueSpecification","valueRequired":true,"valueName":"search_term_string"}}],"inLanguage":"en-US"},{"@type":"Organization","@id":"https:\/\/unatc.ro\/devunatc\/#organization","name":"UNATC","url":"https:\/\/unatc.ro\/devunatc\/","logo":{"@type":"ImageObject","inLanguage":"en-US","@id":"https:\/\/unatc.ro\/devunatc\/#\/schema\/logo\/image\/","url":"https:\/\/unatc.ro\/devunatc\/wp-content\/uploads\/2025\/07\/unatc_logo.png","contentUrl":"https:\/\/unatc.ro\/devunatc\/wp-content\/uploads\/2025\/07\/unatc_logo.png","width":480,"height":469,"caption":"UNATC"},"image":{"@id":"https:\/\/unatc.ro\/devunatc\/#\/schema\/logo\/image\/"},"sameAs":["https:\/\/www.facebook.com\/UNATC.ILC\/","https:\/\/www.youtube.com\/c\/unatcilcaragiale","https:\/\/www.instagram.com\/unatc_ilcaragiale\/?hl=en","https:\/\/www.tiktok.com\/@unatc?lang=en"]}]}},"jetpack_sharing_enabled":true,"_links":{"self":[{"href":"https:\/\/unatc.ro\/devunatc\/wp-json\/wp\/v2\/pages\/33","targetHints":{"allow":["GET"]}}],"collection":[{"href":"https:\/\/unatc.ro\/devunatc\/wp-json\/wp\/v2\/pages"}],"about":[{"href":"https:\/\/unatc.ro\/devunatc\/wp-json\/wp\/v2\/types\/page"}],"author":[{"embeddable":true,"href":"https:\/\/unatc.ro\/devunatc\/wp-json\/wp\/v2\/users\/1"}],"replies":[{"embeddable":true,"href":"https:\/\/unatc.ro\/devunatc\/wp-json\/wp\/v2\/comments?post=33"}],"version-history":[{"count":2,"href":"https:\/\/unatc.ro\/devunatc\/wp-json\/wp\/v2\/pages\/33\/revisions"}],"predecessor-version":[{"id":2180,"href":"https:\/\/unatc.ro\/devunatc\/wp-json\/wp\/v2\/pages\/33\/revisions\/2180"}],"up":[{"embeddable":true,"href":"https:\/\/unatc.ro\/devunatc\/wp-json\/wp\/v2\/pages\/15"}],"wp:featuredmedia":[{"embeddable":true,"href":"https:\/\/unatc.ro\/devunatc\/wp-json\/wp\/v2\/media\/1232"}],"wp:attachment":[{"href":"https:\/\/unatc.ro\/devunatc\/wp-json\/wp\/v2\/media?parent=33"}],"curies":[{"name":"wp","href":"https:\/\/api.w.org\/{rel}","templated":true}]}}