{"id":2940,"date":"2021-03-11T15:35:36","date_gmt":"2021-03-11T13:35:36","guid":{"rendered":"https:\/\/unatc.ro\/devunatc\/?page_id=2940"},"modified":"2021-03-11T15:57:40","modified_gmt":"2021-03-11T13:57:40","slug":"consiliul-de-administratie","status":"publish","type":"page","link":"https:\/\/unatc.ro\/devunatc\/despre-universitate\/consiliul-de-administratie\/","title":{"rendered":"Consiliul de administra\u021bie"},"content":{"rendered":"\n<p>Consiliul de Administra\u021bie asigur\u0103 conducerea operativ\u0103 a structurilor Universit\u0103\u021bii, fiind compus din rector, care este pre\u0219edintele acestui consiliu, prorectori, decani, directorul general administrativ \u015fi reprezentantul studen\u021bilor desemnat de studen\u021bii membri \u00een Senat.<\/p>\n\n\n\n<div class=\"grid_container\"><div class=\"grid_item text_item\"><div class=\"content_container\"><h2><font style=\"vertical-align: inherit;\"><font style=\"vertical-align: inherit;\">Pre\u0219edinte Consiliu<\/font><\/font><\/h2>                        <table align=\"\" style=\"\" class=\"contenttable stacktable large-only\">\n                            <thead>\n                                <tr>\n                                    <th scope=\"col\">\n                                        <font style=\"vertical-align: inherit;\">\n                                            <font style=\"vertical-align: inherit;\">Nume<\/font>\n                                        <\/font>\n                                    <\/th>\n                                                                        <th scope=\"col\">\n                                        <font style=\"vertical-align: inherit;\">\n                                            <font style=\"vertical-align: inherit;\">e-mail<\/font>\n                                        <\/font>\n                                    <\/th>\n                                                                                                        <\/tr>\n                            <\/thead>\n                            <tbody>\n                                                <tr>\n                            <td>\n                                <font style=\"vertical-align: inherit;\">\n                                    <font style=\"vertical-align: inherit;\"><sup>prof.univ.dr.<\/sup> Liviu Lucaci<\/font>                                <\/font>\n                                                                    <font style=\"vertical-align: inherit;\">\n                                    <font style=\"vertical-align: inherit;\"> <\/font>\n                                <\/font>\n                            <\/td>\n                                                        <td>\n                                <font style=\"vertical-align: inherit;\">\n                                    <font style=\"vertical-align: inherit;\">liviu.lucaci@unatc.ro<\/font>\n                                <\/font>\n                            <\/td>\n                                                                                <\/tr>\n                        <\/tbody><\/table><h2><font style=\"vertical-align: inherit;\"><font style=\"vertical-align: inherit;\">Membri Consiliu<\/font><\/font><\/h2>                        <table align=\"\" style=\"\" class=\"contenttable stacktable large-only\">\n                            <thead>\n                                <tr>\n                                    <th scope=\"col\">\n                                        <font style=\"vertical-align: inherit;\">\n                                            <font style=\"vertical-align: inherit;\">Nume<\/font>\n                                        <\/font>\n                                    <\/th>\n                                                                        <th scope=\"col\">\n                                        <font style=\"vertical-align: inherit;\">\n                                            <font style=\"vertical-align: inherit;\">e-mail<\/font>\n                                        <\/font>\n                                    <\/th>\n                                                                                                        <\/tr>\n                            <\/thead>\n                            <tbody>\n                                                <tr>\n                            <td>\n                                <font style=\"vertical-align: inherit;\">\n                                    <font style=\"vertical-align: inherit;\"><sup>prof.univ.dr.<\/sup> Bogdana-Adina Cre\u021bu<\/font>                                <\/font>\n                                                                    <font style=\"vertical-align: inherit;\">\n                                    <font style=\"vertical-align: inherit;\"> <\/font>\n                                <\/font>\n                            <\/td>\n                                                        <td>\n                                <font style=\"vertical-align: inherit;\">\n                                    <font style=\"vertical-align: inherit;\">bogdana.darie@unatc.ro<\/font>\n                                <\/font>\n                            <\/td>\n                                                                                <\/tr>\n                                                <tr>\n                            <td>\n                                <font style=\"vertical-align: inherit;\">\n                                    <font style=\"vertical-align: inherit;\"><sup>lect.univ.dr.<\/sup> Vlad Ioachimescu<\/font>                                <\/font>\n                                                                    <font style=\"vertical-align: inherit;\">\n                                    <font style=\"vertical-align: inherit;\"> <\/font>\n                                <\/font>\n                            <\/td>\n                                                        <td>\n                                <font style=\"vertical-align: inherit;\">\n                                    <font style=\"vertical-align: inherit;\">vlad.ioachimescu@unatc.ro<\/font>\n                                <\/font>\n                            <\/td>\n                                                                                <\/tr>\n                                                <tr>\n                            <td>\n                                <font style=\"vertical-align: inherit;\">\n                                    <font style=\"vertical-align: inherit;\"><sup>lect.univ.dr.<\/sup> Diana Istina P\u0103curar<\/font>                                <\/font>\n                                                                    <font style=\"vertical-align: inherit;\">\n                                    <font style=\"vertical-align: inherit;\"> <\/font>\n                                <\/font>\n                            <\/td>\n                                                        <td>\n                                <font style=\"vertical-align: inherit;\">\n                                    <font style=\"vertical-align: inherit;\">diana.pacurar@unatc.ro<\/font>\n                                <\/font>\n                            <\/td>\n                                                                                <\/tr>\n                                                <tr>\n                            <td>\n                                <font style=\"vertical-align: inherit;\">\n                                    <font style=\"vertical-align: inherit;\"><sup>conf.univ.dr.<\/sup> Alexandru Berceanu<\/font>                                <\/font>\n                                                                    <font style=\"vertical-align: inherit;\">\n                                    <font style=\"vertical-align: inherit;\"> <\/font>\n                                <\/font>\n                            <\/td>\n                                                        <td>\n                                <font style=\"vertical-align: inherit;\">\n                                    <font style=\"vertical-align: inherit;\">alexandru.berceanu@unatc.ro<\/font>\n                                <\/font>\n                            <\/td>\n                                                                                <\/tr>\n                                                <tr>\n                            <td>\n                                <font style=\"vertical-align: inherit;\">\n                                    <font style=\"vertical-align: inherit;\"><sup>lect.univ.dr.<\/sup> Bogdan Musta\u021b\u0103<\/font>                                <\/font>\n                                                                    <font style=\"vertical-align: inherit;\">\n                                    <font style=\"vertical-align: inherit;\"> <\/font>\n                                <\/font>\n                            <\/td>\n                                                        <td>\n                                <font style=\"vertical-align: inherit;\">\n                                    <font style=\"vertical-align: inherit;\">bogdan.mustata@unatc.ro<\/font>\n                                <\/font>\n                            <\/td>\n                                                                                <\/tr>\n                                                <tr>\n                            <td>\n                                <font style=\"vertical-align: inherit;\">\n                                    <font style=\"vertical-align: inherit;\">Bogdan Horodniceanu<\/font>                                <\/font>\n                                                                    <font style=\"vertical-align: inherit;\">\n                                    <font style=\"vertical-align: inherit;\"> <\/font>\n                                <\/font>\n                            <\/td>\n                                                        <td>\n                                <font style=\"vertical-align: inherit;\">\n                                    <font style=\"vertical-align: inherit;\">bogdan.horodniceanu@unatc.ro<\/font>\n                                <\/font>\n                            <\/td>\n                                                                                <\/tr>\n                                                <tr>\n                            <td>\n                                <font style=\"vertical-align: inherit;\">\n                                    <font style=\"vertical-align: inherit;\">Savin Grigora\u0219<\/font>                                <\/font>\n                                                                    <font style=\"vertical-align: inherit;\">\n                                    <font style=\"vertical-align: inherit;\"> <\/font>\n                                <\/font>\n                            <\/td>\n                                                        <td>\n                                <font style=\"vertical-align: inherit;\">\n                                    <font style=\"vertical-align: inherit;\">savin.grigoras@unatc.ro<\/font>\n                                <\/font>\n                            <\/td>\n                                                                                <\/tr>\n                        <\/tbody><\/table><h2><font style=\"vertical-align: inherit;\"><font style=\"vertical-align: inherit;\">Student<\/font><\/font><\/h2>                        <table align=\"\" style=\"\" class=\"contenttable stacktable large-only\">\n                            <thead>\n                                <tr>\n                                    <th scope=\"col\">\n                                        <font style=\"vertical-align: inherit;\">\n                                            <font style=\"vertical-align: inherit;\">Nume<\/font>\n                                        <\/font>\n                                    <\/th>\n                                                                        <th scope=\"col\">\n                                        <font style=\"vertical-align: inherit;\">\n                                            <font style=\"vertical-align: inherit;\">e-mail<\/font>\n                                        <\/font>\n                                    <\/th>\n                                                                                                        <\/tr>\n                            <\/thead>\n                            <tbody>\n                                                <tr>\n                            <td>\n                                <font style=\"vertical-align: inherit;\">\n                                    <font style=\"vertical-align: inherit;\">Matei Alexandru Dumitru<\/font>                                <\/font>\n                                                                    <font style=\"vertical-align: inherit;\">\n                                    <font style=\"vertical-align: inherit;\"> <\/font>\n                                <\/font>\n                            <\/td>\n                                                        <td>\n                                <font style=\"vertical-align: inherit;\">\n                                    <font style=\"vertical-align: inherit;\">alexandru.dumitru@student.unatc.ro<\/font>\n                                <\/font>\n                            <\/td>\n                                                                                <\/tr>\n                        <\/tbody><\/table><h2><font style=\"vertical-align: inherit;\"><font style=\"vertical-align: inherit;\">Invitat permanent<\/font><\/font><\/h2>                        <table align=\"\" style=\"\" class=\"contenttable stacktable large-only\">\n                            <thead>\n                                <tr>\n                                    <th scope=\"col\">\n                                        <font style=\"vertical-align: inherit;\">\n                                            <font style=\"vertical-align: inherit;\">Nume<\/font>\n                                        <\/font>\n                                    <\/th>\n                                                                        <th scope=\"col\">\n                                        <font style=\"vertical-align: inherit;\">\n                                            <font style=\"vertical-align: inherit;\">e-mail<\/font>\n                                        <\/font>\n                                    <\/th>\n                                                                                                        <\/tr>\n                            <\/thead>\n                            <tbody>\n                                                <tr>\n                            <td>\n                                <font style=\"vertical-align: inherit;\">\n                                    <font style=\"vertical-align: inherit;\"><sup>prof.univ.dr.<\/sup> Doru Ni\u021bescu<\/font>                                <\/font>\n                                                                    <font style=\"vertical-align: inherit;\">\n                                    <font style=\"vertical-align: inherit;\"> <\/font>\n                                <\/font>\n                            <\/td>\n                                                        <td>\n                                <font style=\"vertical-align: inherit;\">\n                                    <font style=\"vertical-align: inherit;\">doru.nitescu@unatc.ro<\/font>\n                                <\/font>\n                            <\/td>\n                                                                                <\/tr>\n                        <\/tbody><\/table><\/div><\/div><\/div>\n\n\n<p><\/p>\n","protected":false},"excerpt":{"rendered":"<p class=\"no-padding\">Consiliul de Administra\u021bie asigur\u0103 conducerea operativ\u0103 a structurilor Universit\u0103\u021bii, fiind compus din rector, care este pre\u0219edintele acestui consiliu, prorectori, decani,&#8230;<\/p>\n","protected":false},"author":1,"featured_media":0,"parent":879,"menu_order":0,"comment_status":"closed","ping_status":"closed","template":"template-tab-group-color.php","meta":{"footnotes":""},"class_list":["post-2940","page","type-page","status-publish","hentry"],"acf":{"galerie_foto":null,"titlu_prezentare_departament":"","text_prezentare_departament":"","alternative_page_title":"","page_contact_email":""},"yoast_head":"<!-- This site is optimized with the Yoast SEO plugin v27.5 - https:\/\/yoast.com\/product\/yoast-seo-wordpress\/ -->\n<title>Consiliul de administra\u021bie - UNATC<\/title>\n<meta name=\"robots\" content=\"index, follow, max-snippet:-1, max-image-preview:large, max-video-preview:-1\" \/>\n<link rel=\"canonical\" href=\"https:\/\/unatc.ro\/devunatc\/despre-universitate\/consiliul-de-administratie\/\" \/>\n<meta property=\"og:locale\" content=\"en_US\" \/>\n<meta property=\"og:type\" content=\"article\" \/>\n<meta property=\"og:title\" content=\"Consiliul de administra\u021bie - UNATC\" \/>\n<meta property=\"og:description\" content=\"Consiliul de Administra\u021bie asigur\u0103 conducerea operativ\u0103 a structurilor Universit\u0103\u021bii, fiind compus din rector, care este pre\u0219edintele acestui consiliu, prorectori, decani,...\" \/>\n<meta property=\"og:url\" content=\"https:\/\/unatc.ro\/devunatc\/despre-universitate\/consiliul-de-administratie\/\" \/>\n<meta property=\"og:site_name\" content=\"UNATC\" \/>\n<meta property=\"article:publisher\" content=\"https:\/\/www.facebook.com\/UNATC.ILC\/\" \/>\n<meta property=\"article:modified_time\" content=\"2021-03-11T13:57:40+00:00\" \/>\n<meta name=\"twitter:card\" content=\"summary_large_image\" \/>\n<script type=\"application\/ld+json\" class=\"yoast-schema-graph\">{\"@context\":\"https:\\\/\\\/schema.org\",\"@graph\":[{\"@type\":\"WebPage\",\"@id\":\"https:\\\/\\\/unatc.ro\\\/devunatc\\\/despre-universitate\\\/consiliul-de-administratie\\\/\",\"url\":\"https:\\\/\\\/unatc.ro\\\/devunatc\\\/despre-universitate\\\/consiliul-de-administratie\\\/\",\"name\":\"Consiliul de administra\u021bie - UNATC\",\"isPartOf\":{\"@id\":\"https:\\\/\\\/unatc.ro\\\/devunatc\\\/#website\"},\"datePublished\":\"2021-03-11T13:35:36+00:00\",\"dateModified\":\"2021-03-11T13:57:40+00:00\",\"breadcrumb\":{\"@id\":\"https:\\\/\\\/unatc.ro\\\/devunatc\\\/despre-universitate\\\/consiliul-de-administratie\\\/#breadcrumb\"},\"inLanguage\":\"en-US\",\"potentialAction\":[{\"@type\":\"ReadAction\",\"target\":[\"https:\\\/\\\/unatc.ro\\\/devunatc\\\/despre-universitate\\\/consiliul-de-administratie\\\/\"]}]},{\"@type\":\"BreadcrumbList\",\"@id\":\"https:\\\/\\\/unatc.ro\\\/devunatc\\\/despre-universitate\\\/consiliul-de-administratie\\\/#breadcrumb\",\"itemListElement\":[{\"@type\":\"ListItem\",\"position\":1,\"name\":\"Home\",\"item\":\"https:\\\/\\\/unatc.ro\\\/devunatc\\\/\"},{\"@type\":\"ListItem\",\"position\":2,\"name\":\"Universitate\",\"item\":\"https:\\\/\\\/unatc.ro\\\/devunatc\\\/despre-universitate\\\/\"},{\"@type\":\"ListItem\",\"position\":3,\"name\":\"Consiliul de administra\u021bie\"}]},{\"@type\":\"WebSite\",\"@id\":\"https:\\\/\\\/unatc.ro\\\/devunatc\\\/#website\",\"url\":\"https:\\\/\\\/unatc.ro\\\/devunatc\\\/\",\"name\":\"UNATC\",\"description\":\"\",\"publisher\":{\"@id\":\"https:\\\/\\\/unatc.ro\\\/devunatc\\\/#organization\"},\"potentialAction\":[{\"@type\":\"SearchAction\",\"target\":{\"@type\":\"EntryPoint\",\"urlTemplate\":\"https:\\\/\\\/unatc.ro\\\/devunatc\\\/?s={search_term_string}\"},\"query-input\":{\"@type\":\"PropertyValueSpecification\",\"valueRequired\":true,\"valueName\":\"search_term_string\"}}],\"inLanguage\":\"en-US\"},{\"@type\":\"Organization\",\"@id\":\"https:\\\/\\\/unatc.ro\\\/devunatc\\\/#organization\",\"name\":\"UNATC\",\"url\":\"https:\\\/\\\/unatc.ro\\\/devunatc\\\/\",\"logo\":{\"@type\":\"ImageObject\",\"inLanguage\":\"en-US\",\"@id\":\"https:\\\/\\\/unatc.ro\\\/devunatc\\\/#\\\/schema\\\/logo\\\/image\\\/\",\"url\":\"https:\\\/\\\/unatc.ro\\\/devunatc\\\/wp-content\\\/uploads\\\/2025\\\/07\\\/unatc_logo.png\",\"contentUrl\":\"https:\\\/\\\/unatc.ro\\\/devunatc\\\/wp-content\\\/uploads\\\/2025\\\/07\\\/unatc_logo.png\",\"width\":480,\"height\":469,\"caption\":\"UNATC\"},\"image\":{\"@id\":\"https:\\\/\\\/unatc.ro\\\/devunatc\\\/#\\\/schema\\\/logo\\\/image\\\/\"},\"sameAs\":[\"https:\\\/\\\/www.facebook.com\\\/UNATC.ILC\\\/\",\"https:\\\/\\\/www.youtube.com\\\/c\\\/unatcilcaragiale\",\"https:\\\/\\\/www.instagram.com\\\/unatc_ilcaragiale\\\/?hl=en\",\"https:\\\/\\\/www.tiktok.com\\\/@unatc?lang=en\"]}]}<\/script>\n<!-- \/ Yoast SEO plugin. -->","yoast_head_json":{"title":"Consiliul de administra\u021bie - UNATC","robots":{"index":"index","follow":"follow","max-snippet":"max-snippet:-1","max-image-preview":"max-image-preview:large","max-video-preview":"max-video-preview:-1"},"canonical":"https:\/\/unatc.ro\/devunatc\/despre-universitate\/consiliul-de-administratie\/","og_locale":"en_US","og_type":"article","og_title":"Consiliul de administra\u021bie - UNATC","og_description":"Consiliul de Administra\u021bie asigur\u0103 conducerea operativ\u0103 a structurilor Universit\u0103\u021bii, fiind compus din rector, care este pre\u0219edintele acestui consiliu, prorectori, decani,...","og_url":"https:\/\/unatc.ro\/devunatc\/despre-universitate\/consiliul-de-administratie\/","og_site_name":"UNATC","article_publisher":"https:\/\/www.facebook.com\/UNATC.ILC\/","article_modified_time":"2021-03-11T13:57:40+00:00","twitter_card":"summary_large_image","schema":{"@context":"https:\/\/schema.org","@graph":[{"@type":"WebPage","@id":"https:\/\/unatc.ro\/devunatc\/despre-universitate\/consiliul-de-administratie\/","url":"https:\/\/unatc.ro\/devunatc\/despre-universitate\/consiliul-de-administratie\/","name":"Consiliul de administra\u021bie - UNATC","isPartOf":{"@id":"https:\/\/unatc.ro\/devunatc\/#website"},"datePublished":"2021-03-11T13:35:36+00:00","dateModified":"2021-03-11T13:57:40+00:00","breadcrumb":{"@id":"https:\/\/unatc.ro\/devunatc\/despre-universitate\/consiliul-de-administratie\/#breadcrumb"},"inLanguage":"en-US","potentialAction":[{"@type":"ReadAction","target":["https:\/\/unatc.ro\/devunatc\/despre-universitate\/consiliul-de-administratie\/"]}]},{"@type":"BreadcrumbList","@id":"https:\/\/unatc.ro\/devunatc\/despre-universitate\/consiliul-de-administratie\/#breadcrumb","itemListElement":[{"@type":"ListItem","position":1,"name":"Home","item":"https:\/\/unatc.ro\/devunatc\/"},{"@type":"ListItem","position":2,"name":"Universitate","item":"https:\/\/unatc.ro\/devunatc\/despre-universitate\/"},{"@type":"ListItem","position":3,"name":"Consiliul de administra\u021bie"}]},{"@type":"WebSite","@id":"https:\/\/unatc.ro\/devunatc\/#website","url":"https:\/\/unatc.ro\/devunatc\/","name":"UNATC","description":"","publisher":{"@id":"https:\/\/unatc.ro\/devunatc\/#organization"},"potentialAction":[{"@type":"SearchAction","target":{"@type":"EntryPoint","urlTemplate":"https:\/\/unatc.ro\/devunatc\/?s={search_term_string}"},"query-input":{"@type":"PropertyValueSpecification","valueRequired":true,"valueName":"search_term_string"}}],"inLanguage":"en-US"},{"@type":"Organization","@id":"https:\/\/unatc.ro\/devunatc\/#organization","name":"UNATC","url":"https:\/\/unatc.ro\/devunatc\/","logo":{"@type":"ImageObject","inLanguage":"en-US","@id":"https:\/\/unatc.ro\/devunatc\/#\/schema\/logo\/image\/","url":"https:\/\/unatc.ro\/devunatc\/wp-content\/uploads\/2025\/07\/unatc_logo.png","contentUrl":"https:\/\/unatc.ro\/devunatc\/wp-content\/uploads\/2025\/07\/unatc_logo.png","width":480,"height":469,"caption":"UNATC"},"image":{"@id":"https:\/\/unatc.ro\/devunatc\/#\/schema\/logo\/image\/"},"sameAs":["https:\/\/www.facebook.com\/UNATC.ILC\/","https:\/\/www.youtube.com\/c\/unatcilcaragiale","https:\/\/www.instagram.com\/unatc_ilcaragiale\/?hl=en","https:\/\/www.tiktok.com\/@unatc?lang=en"]}]}},"jetpack_sharing_enabled":true,"_links":{"self":[{"href":"https:\/\/unatc.ro\/devunatc\/wp-json\/wp\/v2\/pages\/2940","targetHints":{"allow":["GET"]}}],"collection":[{"href":"https:\/\/unatc.ro\/devunatc\/wp-json\/wp\/v2\/pages"}],"about":[{"href":"https:\/\/unatc.ro\/devunatc\/wp-json\/wp\/v2\/types\/page"}],"author":[{"embeddable":true,"href":"https:\/\/unatc.ro\/devunatc\/wp-json\/wp\/v2\/users\/1"}],"replies":[{"embeddable":true,"href":"https:\/\/unatc.ro\/devunatc\/wp-json\/wp\/v2\/comments?post=2940"}],"version-history":[{"count":5,"href":"https:\/\/unatc.ro\/devunatc\/wp-json\/wp\/v2\/pages\/2940\/revisions"}],"predecessor-version":[{"id":2948,"href":"https:\/\/unatc.ro\/devunatc\/wp-json\/wp\/v2\/pages\/2940\/revisions\/2948"}],"up":[{"embeddable":true,"href":"https:\/\/unatc.ro\/devunatc\/wp-json\/wp\/v2\/pages\/879"}],"wp:attachment":[{"href":"https:\/\/unatc.ro\/devunatc\/wp-json\/wp\/v2\/media?parent=2940"}],"curies":[{"name":"wp","href":"https:\/\/api.w.org\/{rel}","templated":true}]}}