{"id":25,"date":"2018-07-31T08:56:19","date_gmt":"2018-07-31T08:56:19","guid":{"rendered":"https:\/\/unatc.ro\/devunatc?page_id=25"},"modified":"2025-11-02T15:05:42","modified_gmt":"2025-11-02T13:05:42","slug":"mobilitatea-de-studiu-pentru-studenti","status":"publish","type":"page","link":"https:\/\/unatc.ro\/devunatc\/erasmus\/mobilitatea-de-studiu-pentru-studenti\/","title":{"rendered":"Sprijin financiar \u0219i suplimentar"},"content":{"rendered":"\n<h2 class=\"wp-block-heading\"><strong>Grants &amp; Top-ups Erasmus+<\/strong><\/h2>\n\n\n\n<p>Pentru studen\u0163ii care efectueaz\u0103 o mobilitate de studiu sau practic\u0103, granturile lunare pentru sprijin individual sunt fixate \u00een func\u0163ie de \u0163ara de destina\u0163ie astfel:<\/p>\n\n\n\n<h3 class=\"wp-block-heading\">1. <strong>Mobilit\u0103\u021bi fizice de lung\u0103 durat\u0103 ale studen\u021bilor de studiu sau practic\u0103 (2-12 luni):<\/strong><\/h3>\n\n\n\n<figure class=\"wp-block-table\"><table class=\"has-fixed-layout\"><tbody><tr><td><strong>\u0162ara de destina\u0163ie&nbsp;<\/strong><\/td><td><strong>Nivelul na\u0163ional fixat al grantului (Euro\/ lun\u0103)<\/strong><\/td><\/tr><tr><td>State membre UE \u0219i \u021b\u0103ri ter\u021be asociate programului: Austria, Belgia, Danemarca, Finlanda, Fran\u0163a, Germania, Irlanda,Islanda, Italia, Liechtenstein, Luxemburg, Norvegia, Suedia, \u021a\u0103rile de Jos&nbsp;<br>\u021a\u0103ri ter\u021be care nu sunt asociate programului \u2013 Regiunea 13: Andora, Monaco, San Marino, Statul Cet\u0103\u021bii Vaticanului&nbsp;<br>\u021a\u0103ri ter\u021be care nu sunt asociate programului \u2013 Regiunea 14: Elve\u021bia, Insulele Feroe, Marea Britanie<\/td><td>&nbsp;<br><br><br><br>674<\/td><\/tr><tr><td>State membre UE \u0219i \u021b\u0103ri ter\u021be asociate programului: Cehia, Cipru, Estonia, Letonia, Grecia, Malta, Portugalia, Slovacia, Slovenia, Spania<\/td><td><br><br>674<\/td><\/tr><tr><td>State membre UE \u0219i \u021b\u0103ri ter\u021be asociate programului: Bulgaria, Croa\u021bia, Lituania, Macedonia de Nord, Polonia, Serbia, Ungaria, Turcia<\/td><td><br>606<\/td><\/tr><tr><td>\u021a\u0103ri ter\u021be care nu sunt asociate programului \u2013 Regiunile 1 \u2013 3 \u0219i 5 \u201312 (except\u00e2nd Belarus \u0219i Rusia)<\/td><td>700<\/td><\/tr><tr><td>Rom\u00e2nia (mobilit\u0103\u0163i dinspre o \u0163ar\u0103 ter\u021b\u0103 care nu este asociat\u0103 programului din Regiunile 1\u201312)&nbsp;<\/td><td>800<\/td><\/tr><\/tbody><\/table><\/figure>\n\n\n\n<p><strong>NOT\u0102:<\/strong> Pentru studen\u021bii (inclusiv proasp\u0103t absolven\u021bii) care efectueaz\u0103 o mobilitate de practic\u0103, c\u0103tre state membre UE \u0219i \u021b\u0103ri ter\u021be asociate programului, dar \u0219i c\u0103tre \u021b\u0103rile ter\u021be care nu sunt asociate programului din regiunile 13 \u0219i 14, la granturile din tabelul se adaug\u0103 150 Euro\/ lun\u0103. Aceast\u0103 sum\u0103 suplimentar\u0103 nu se aloc\u0103 \u00een cazul mobilit\u0103\u021bilor c\u0103tre\/ dinspre \u021b\u0103rile ter\u021be care nu sunt asociate programului din regiunile 1\u201312.&nbsp;<\/p>\n\n\n\n<h3 class=\"wp-block-heading\">2. <strong>Mobilit\u0103\u021bi fizice de scurt\u0103 durat\u0103 ale studen\u021bilor de studiu sau practic\u0103 (5-30 de zile): mobilit\u0103\u021bi mixte, mobilit\u0103\u021bi de scurt\u0103 durat\u0103 ale doctoranzilor\u00a0<\/strong><\/h3>\n\n\n\n<figure class=\"wp-block-table\"><table class=\"has-fixed-layout\"><tbody><tr><td><strong>Durata fizic\u0103 a mobilit\u0103\u021bii<\/strong><\/td><td><strong>Nivelul fixat al grantului (Euro\/ zi)<\/strong><\/td><\/tr><tr><td>P\u00e2n\u0103 la cea de a 14-a zi finan\u021bat\u0103<\/td><td>79<\/td><\/tr><tr><td>\u00cencep\u00e2nd cu cea de-a 15-a zi finan\u021bat\u0103<\/td><td>56<\/td><\/tr><\/tbody><\/table><\/figure>\n\n\n\n<p><\/p>\n\n\n\n<h3 class=\"wp-block-heading\">3. Sprijin pentru transport (Travel Support):<\/h3>\n\n\n\n<p>\u00cen func\u021bie de distan\u021ba dintre Bucure\u0219ti \u0219i localitatea institu\u021biei-gazd\u0103, participan\u021bii pot primi un suport de transport unic, conform grilei oficiale Erasmus+:<\/p>\n\n\n\n<figure class=\"wp-block-table\"><table class=\"has-fixed-layout\"><tbody><tr><td><strong>Distan\u021b\u0103<\/strong><\/td><td><strong>Transport ecologic (autocar, tren, vapor, carpooling etc.)<\/strong><\/td><td><strong>Transport normal (avion, ma\u0219in\u0103)<\/strong><\/td><\/tr><tr><td>10 &#8211; 99 km<\/td><td>56 \u20ac<\/td><td>28 \u20ac<\/td><\/tr><tr><td>100 &#8211; 499 km<\/td><td>285 \u20ac<\/td><td>211 \u20ac<\/td><\/tr><tr><td>500 &#8211; 1999 km<\/td><td>417 \u20ac<\/td><td>309 \u20ac<\/td><\/tr><tr><td>2000 &#8211; 2999 km<\/td><td>535 \u20ac<\/td><td>395 \u20ac<\/td><\/tr><tr><td>3000 &#8211; 3999 km<\/td><td>785 \u20ac<\/td><td>580 \u20ac<\/td><\/tr><tr><td>4000 &#8211; 7999 km<\/td><td>1188 \u20ac<\/td><td>1188 \u20ac<\/td><\/tr><tr><td>8000 km or more<\/td><td>1735 \u20ac<\/td><td>1735 \u20ac<\/td><\/tr><\/tbody><\/table><\/figure>\n\n\n\n<p>Green Travel: se aplic\u0103 participan\u021bilor care aleg mijloace de transport sustenabile (tren, autocar, carpooling). Ace\u0219tia pot primi \u0219i p\u00e2n\u0103 la 4 zile adi\u021bionale de finan\u021bare pentru durata c\u0103l\u0103toriei.<\/p>\n\n\n\n<p><\/p>\n\n\n\n<h3 class=\"wp-block-heading\">4. Sprijin suplimentar \u2013 \u201eTop-ups\u201d Erasmus+<\/h3>\n\n\n\n<p>Programul Erasmus+ ofer\u0103 suport financiar adi\u021bional (top-up) pentru a promova echitatea \u0219i sustenabilitatea:<\/p>\n\n\n\n<h3 class=\"wp-block-heading\">5. Fewer Opportunities Top-up:<\/h3>\n\n\n\n<p>+250 EUR\/lun\u0103 pentru participan\u021bii care se \u00eencadreaz\u0103 \u00een una dintre urm\u0103toarele categorii oficiale:<\/p>\n\n\n\n<ul class=\"wp-block-list\">\n<li>student care beneficiaz\u0103 de o burs\u0103 social\u0103 sau care se calific\u0103\/\u00eentrune\u0219te condi\u021biile pentru a beneficia de o burs\u0103 social\u0103 acordat\u0103 de institu\u021bia de \u00eenv\u0103\u021b\u0103m\u00e2nt superior la care acesta este \u00eenmatriculat, conform Ordinului ME 6463\/2023;\u00a0<\/li>\n\n\n\n<li>student care este orfan de unul sau ambii p\u0103rin\u021bi;\u00a0<\/li>\n\n\n\n<li>student care provine dintr-o familie monoparental\u0103 (din motive de deces, dispari\u021bie, \u00eencarcerare a celuilalt p\u0103rinte sau nerecunoa\u0219tere prin certificatul de na\u0219tere);\u00a0<\/li>\n\n\n\n<li>student care intr\u0103 \u00een categoria \u201eprimului student din familie\u201d (\u00eensemn\u00e2nd c\u0103 nu de\u021bine deja o diplom\u0103 de licen\u021b\u0103, p\u0103rin\u021bii s\u0103i nu au ob\u021binut o diplom\u0103 de studii universitare, dar poate avea fra\u021bi\/surori care sunt deja studen\u021bi la universitate \/ au absolvit deja o universitate);\u00a0<\/li>\n\n\n\n<li>persoan\u0103 cu dizabilitate (\u00een care sunt incluse deficien\u021be fizice, mintale, intelectuale sau senzoriale) sau probleme de s\u0103n\u0103tate (\u00een care sunt incluse boli grave, boli cronice sau orice alt\u0103 situa\u021bie legat\u0103 de s\u0103n\u0103tatea fizic\u0103 sau mintal\u0103 care \u00eempiedic\u0103 participarea unei persoane la program);\u00a0<\/li>\n\n\n\n<li>persoan\u0103 a c\u0103rei familie nu a realizat un venit lunar net mediu per membru de familie mai mare dec\u00e2t salariul de baz\u0103 minim net pe economie \u00een cele 12 luni \u00eenainte de depunerea documentelor justificative;<\/li>\n\n\n\n<li>persoan\u0103 cu calitate de unic p\u0103rinte (care \u00ee\u0219i cre\u0219te singur copilul minor din motive de deces, dispari\u021bie, \u00eencarcerare a celuilalt p\u0103rinte sau nerecunoa\u0219tere prin certificatul de na\u0219tere);\u00a0<\/li>\n\n\n\n<li>persoan\u0103 de etnie rom\u0103;<\/li>\n\n\n\n<li>persoan\u0103 cu statut de migrant sau refugiat.<\/li>\n<\/ul>\n\n\n\n<h3 class=\"wp-block-heading\">\u00a06. Green Travel Top-up:<\/h3>\n\n\n\n<p>+50 EUR sum\u0103 unic\u0103, pentru participan\u021bii care aleg mijloace de transport ecologice (autocar, tren, vapor, carpooling etc.), \u00een plus fa\u021b\u0103 de suma de transport standard. Dovezile de c\u0103l\u0103torie trebuie p\u0103strate \u0219i trimise, al\u0103turi de declara\u021bia pe propria r\u0103spundere pus\u0103 la dispozi\u021bie c\u0103tre biroul Erasmus+.&nbsp;<\/p>\n","protected":false},"excerpt":{"rendered":"<p class=\"no-padding\">Grants &amp; Top-ups Erasmus+ Pentru studen\u0163ii care efectueaz\u0103 o mobilitate de studiu sau practic\u0103, granturile lunare pentru sprijin individual sunt&#8230;<\/p>\n","protected":false},"author":1,"featured_media":1232,"parent":19,"menu_order":0,"comment_status":"closed","ping_status":"closed","template":"template-tab-group.php","meta":{"footnotes":""},"class_list":["post-25","page","type-page","status-publish","has-post-thumbnail","hentry"],"acf":{"galerie_foto":null,"alternative_page_title":"","page_contact_email":"erasmus@unatc.ro"},"yoast_head":"<!-- This site is optimized with the Yoast SEO plugin v27.3 - https:\/\/yoast.com\/product\/yoast-seo-wordpress\/ -->\n<title>Sprijin financiar \u0219i suplimentar - UNATC<\/title>\n<meta name=\"robots\" content=\"index, follow, max-snippet:-1, max-image-preview:large, max-video-preview:-1\" \/>\n<link rel=\"canonical\" href=\"https:\/\/unatc.ro\/devunatc\/erasmus\/mobilitatea-de-studiu-pentru-studenti\/\" \/>\n<meta property=\"og:locale\" content=\"en_US\" \/>\n<meta property=\"og:type\" content=\"article\" \/>\n<meta property=\"og:title\" content=\"Sprijin financiar \u0219i suplimentar - UNATC\" \/>\n<meta property=\"og:description\" content=\"Grants &amp; Top-ups Erasmus+ Pentru studen\u0163ii care efectueaz\u0103 o mobilitate de studiu sau practic\u0103, granturile lunare pentru sprijin individual sunt...\" \/>\n<meta property=\"og:url\" content=\"https:\/\/unatc.ro\/devunatc\/erasmus\/mobilitatea-de-studiu-pentru-studenti\/\" \/>\n<meta property=\"og:site_name\" content=\"UNATC\" \/>\n<meta property=\"article:publisher\" content=\"https:\/\/www.facebook.com\/UNATC.ILC\/\" \/>\n<meta property=\"article:modified_time\" content=\"2025-11-02T13:05:42+00:00\" \/>\n<meta property=\"og:image\" content=\"https:\/\/unatc.ro\/devunatc\/wp-content\/uploads\/2020\/10\/rel-internationale-scaled.jpg\" \/>\n\t<meta property=\"og:image:width\" content=\"2560\" \/>\n\t<meta property=\"og:image:height\" content=\"917\" \/>\n\t<meta property=\"og:image:type\" content=\"image\/jpeg\" \/>\n<meta name=\"twitter:card\" content=\"summary_large_image\" \/>\n<meta name=\"twitter:label1\" content=\"Est. reading time\" \/>\n\t<meta name=\"twitter:data1\" content=\"4 minutes\" \/>\n<script type=\"application\/ld+json\" class=\"yoast-schema-graph\">{\"@context\":\"https:\\\/\\\/schema.org\",\"@graph\":[{\"@type\":\"WebPage\",\"@id\":\"https:\\\/\\\/unatc.ro\\\/devunatc\\\/erasmus\\\/mobilitatea-de-studiu-pentru-studenti\\\/\",\"url\":\"https:\\\/\\\/unatc.ro\\\/devunatc\\\/erasmus\\\/mobilitatea-de-studiu-pentru-studenti\\\/\",\"name\":\"Sprijin financiar \u0219i suplimentar - UNATC\",\"isPartOf\":{\"@id\":\"https:\\\/\\\/unatc.ro\\\/devunatc\\\/#website\"},\"primaryImageOfPage\":{\"@id\":\"https:\\\/\\\/unatc.ro\\\/devunatc\\\/erasmus\\\/mobilitatea-de-studiu-pentru-studenti\\\/#primaryimage\"},\"image\":{\"@id\":\"https:\\\/\\\/unatc.ro\\\/devunatc\\\/erasmus\\\/mobilitatea-de-studiu-pentru-studenti\\\/#primaryimage\"},\"thumbnailUrl\":\"https:\\\/\\\/unatc.ro\\\/devunatc\\\/wp-content\\\/uploads\\\/2020\\\/10\\\/rel-internationale-scaled.jpg\",\"datePublished\":\"2018-07-31T08:56:19+00:00\",\"dateModified\":\"2025-11-02T13:05:42+00:00\",\"breadcrumb\":{\"@id\":\"https:\\\/\\\/unatc.ro\\\/devunatc\\\/erasmus\\\/mobilitatea-de-studiu-pentru-studenti\\\/#breadcrumb\"},\"inLanguage\":\"en-US\",\"potentialAction\":[{\"@type\":\"ReadAction\",\"target\":[\"https:\\\/\\\/unatc.ro\\\/devunatc\\\/erasmus\\\/mobilitatea-de-studiu-pentru-studenti\\\/\"]}]},{\"@type\":\"ImageObject\",\"inLanguage\":\"en-US\",\"@id\":\"https:\\\/\\\/unatc.ro\\\/devunatc\\\/erasmus\\\/mobilitatea-de-studiu-pentru-studenti\\\/#primaryimage\",\"url\":\"https:\\\/\\\/unatc.ro\\\/devunatc\\\/wp-content\\\/uploads\\\/2020\\\/10\\\/rel-internationale-scaled.jpg\",\"contentUrl\":\"https:\\\/\\\/unatc.ro\\\/devunatc\\\/wp-content\\\/uploads\\\/2020\\\/10\\\/rel-internationale-scaled.jpg\",\"width\":2560,\"height\":917,\"caption\":\"UNATC International\"},{\"@type\":\"BreadcrumbList\",\"@id\":\"https:\\\/\\\/unatc.ro\\\/devunatc\\\/erasmus\\\/mobilitatea-de-studiu-pentru-studenti\\\/#breadcrumb\",\"itemListElement\":[{\"@type\":\"ListItem\",\"position\":1,\"name\":\"Home\",\"item\":\"https:\\\/\\\/unatc.ro\\\/devunatc\\\/\"},{\"@type\":\"ListItem\",\"position\":2,\"name\":\"Erasmus+\",\"item\":\"https:\\\/\\\/unatc.ro\\\/devunatc\\\/erasmus\\\/\"},{\"@type\":\"ListItem\",\"position\":3,\"name\":\"Sprijin financiar \u0219i suplimentar\"}]},{\"@type\":\"WebSite\",\"@id\":\"https:\\\/\\\/unatc.ro\\\/devunatc\\\/#website\",\"url\":\"https:\\\/\\\/unatc.ro\\\/devunatc\\\/\",\"name\":\"UNATC\",\"description\":\"\",\"publisher\":{\"@id\":\"https:\\\/\\\/unatc.ro\\\/devunatc\\\/#organization\"},\"potentialAction\":[{\"@type\":\"SearchAction\",\"target\":{\"@type\":\"EntryPoint\",\"urlTemplate\":\"https:\\\/\\\/unatc.ro\\\/devunatc\\\/?s={search_term_string}\"},\"query-input\":{\"@type\":\"PropertyValueSpecification\",\"valueRequired\":true,\"valueName\":\"search_term_string\"}}],\"inLanguage\":\"en-US\"},{\"@type\":\"Organization\",\"@id\":\"https:\\\/\\\/unatc.ro\\\/devunatc\\\/#organization\",\"name\":\"UNATC\",\"url\":\"https:\\\/\\\/unatc.ro\\\/devunatc\\\/\",\"logo\":{\"@type\":\"ImageObject\",\"inLanguage\":\"en-US\",\"@id\":\"https:\\\/\\\/unatc.ro\\\/devunatc\\\/#\\\/schema\\\/logo\\\/image\\\/\",\"url\":\"https:\\\/\\\/unatc.ro\\\/devunatc\\\/wp-content\\\/uploads\\\/2025\\\/07\\\/unatc_logo.png\",\"contentUrl\":\"https:\\\/\\\/unatc.ro\\\/devunatc\\\/wp-content\\\/uploads\\\/2025\\\/07\\\/unatc_logo.png\",\"width\":480,\"height\":469,\"caption\":\"UNATC\"},\"image\":{\"@id\":\"https:\\\/\\\/unatc.ro\\\/devunatc\\\/#\\\/schema\\\/logo\\\/image\\\/\"},\"sameAs\":[\"https:\\\/\\\/www.facebook.com\\\/UNATC.ILC\\\/\",\"https:\\\/\\\/www.youtube.com\\\/c\\\/unatcilcaragiale\",\"https:\\\/\\\/www.instagram.com\\\/unatc_ilcaragiale\\\/?hl=en\",\"https:\\\/\\\/www.tiktok.com\\\/@unatc?lang=en\"]}]}<\/script>\n<!-- \/ Yoast SEO plugin. -->","yoast_head_json":{"title":"Sprijin financiar \u0219i suplimentar - UNATC","robots":{"index":"index","follow":"follow","max-snippet":"max-snippet:-1","max-image-preview":"max-image-preview:large","max-video-preview":"max-video-preview:-1"},"canonical":"https:\/\/unatc.ro\/devunatc\/erasmus\/mobilitatea-de-studiu-pentru-studenti\/","og_locale":"en_US","og_type":"article","og_title":"Sprijin financiar \u0219i suplimentar - UNATC","og_description":"Grants &amp; Top-ups Erasmus+ Pentru studen\u0163ii care efectueaz\u0103 o mobilitate de studiu sau practic\u0103, granturile lunare pentru sprijin individual sunt...","og_url":"https:\/\/unatc.ro\/devunatc\/erasmus\/mobilitatea-de-studiu-pentru-studenti\/","og_site_name":"UNATC","article_publisher":"https:\/\/www.facebook.com\/UNATC.ILC\/","article_modified_time":"2025-11-02T13:05:42+00:00","og_image":[{"width":2560,"height":917,"url":"https:\/\/unatc.ro\/devunatc\/wp-content\/uploads\/2020\/10\/rel-internationale-scaled.jpg","type":"image\/jpeg"}],"twitter_card":"summary_large_image","twitter_misc":{"Est. reading time":"4 minutes"},"schema":{"@context":"https:\/\/schema.org","@graph":[{"@type":"WebPage","@id":"https:\/\/unatc.ro\/devunatc\/erasmus\/mobilitatea-de-studiu-pentru-studenti\/","url":"https:\/\/unatc.ro\/devunatc\/erasmus\/mobilitatea-de-studiu-pentru-studenti\/","name":"Sprijin financiar \u0219i suplimentar - UNATC","isPartOf":{"@id":"https:\/\/unatc.ro\/devunatc\/#website"},"primaryImageOfPage":{"@id":"https:\/\/unatc.ro\/devunatc\/erasmus\/mobilitatea-de-studiu-pentru-studenti\/#primaryimage"},"image":{"@id":"https:\/\/unatc.ro\/devunatc\/erasmus\/mobilitatea-de-studiu-pentru-studenti\/#primaryimage"},"thumbnailUrl":"https:\/\/unatc.ro\/devunatc\/wp-content\/uploads\/2020\/10\/rel-internationale-scaled.jpg","datePublished":"2018-07-31T08:56:19+00:00","dateModified":"2025-11-02T13:05:42+00:00","breadcrumb":{"@id":"https:\/\/unatc.ro\/devunatc\/erasmus\/mobilitatea-de-studiu-pentru-studenti\/#breadcrumb"},"inLanguage":"en-US","potentialAction":[{"@type":"ReadAction","target":["https:\/\/unatc.ro\/devunatc\/erasmus\/mobilitatea-de-studiu-pentru-studenti\/"]}]},{"@type":"ImageObject","inLanguage":"en-US","@id":"https:\/\/unatc.ro\/devunatc\/erasmus\/mobilitatea-de-studiu-pentru-studenti\/#primaryimage","url":"https:\/\/unatc.ro\/devunatc\/wp-content\/uploads\/2020\/10\/rel-internationale-scaled.jpg","contentUrl":"https:\/\/unatc.ro\/devunatc\/wp-content\/uploads\/2020\/10\/rel-internationale-scaled.jpg","width":2560,"height":917,"caption":"UNATC International"},{"@type":"BreadcrumbList","@id":"https:\/\/unatc.ro\/devunatc\/erasmus\/mobilitatea-de-studiu-pentru-studenti\/#breadcrumb","itemListElement":[{"@type":"ListItem","position":1,"name":"Home","item":"https:\/\/unatc.ro\/devunatc\/"},{"@type":"ListItem","position":2,"name":"Erasmus+","item":"https:\/\/unatc.ro\/devunatc\/erasmus\/"},{"@type":"ListItem","position":3,"name":"Sprijin financiar \u0219i suplimentar"}]},{"@type":"WebSite","@id":"https:\/\/unatc.ro\/devunatc\/#website","url":"https:\/\/unatc.ro\/devunatc\/","name":"UNATC","description":"","publisher":{"@id":"https:\/\/unatc.ro\/devunatc\/#organization"},"potentialAction":[{"@type":"SearchAction","target":{"@type":"EntryPoint","urlTemplate":"https:\/\/unatc.ro\/devunatc\/?s={search_term_string}"},"query-input":{"@type":"PropertyValueSpecification","valueRequired":true,"valueName":"search_term_string"}}],"inLanguage":"en-US"},{"@type":"Organization","@id":"https:\/\/unatc.ro\/devunatc\/#organization","name":"UNATC","url":"https:\/\/unatc.ro\/devunatc\/","logo":{"@type":"ImageObject","inLanguage":"en-US","@id":"https:\/\/unatc.ro\/devunatc\/#\/schema\/logo\/image\/","url":"https:\/\/unatc.ro\/devunatc\/wp-content\/uploads\/2025\/07\/unatc_logo.png","contentUrl":"https:\/\/unatc.ro\/devunatc\/wp-content\/uploads\/2025\/07\/unatc_logo.png","width":480,"height":469,"caption":"UNATC"},"image":{"@id":"https:\/\/unatc.ro\/devunatc\/#\/schema\/logo\/image\/"},"sameAs":["https:\/\/www.facebook.com\/UNATC.ILC\/","https:\/\/www.youtube.com\/c\/unatcilcaragiale","https:\/\/www.instagram.com\/unatc_ilcaragiale\/?hl=en","https:\/\/www.tiktok.com\/@unatc?lang=en"]}]}},"jetpack_sharing_enabled":true,"_links":{"self":[{"href":"https:\/\/unatc.ro\/devunatc\/wp-json\/wp\/v2\/pages\/25","targetHints":{"allow":["GET"]}}],"collection":[{"href":"https:\/\/unatc.ro\/devunatc\/wp-json\/wp\/v2\/pages"}],"about":[{"href":"https:\/\/unatc.ro\/devunatc\/wp-json\/wp\/v2\/types\/page"}],"author":[{"embeddable":true,"href":"https:\/\/unatc.ro\/devunatc\/wp-json\/wp\/v2\/users\/1"}],"replies":[{"embeddable":true,"href":"https:\/\/unatc.ro\/devunatc\/wp-json\/wp\/v2\/comments?post=25"}],"version-history":[{"count":3,"href":"https:\/\/unatc.ro\/devunatc\/wp-json\/wp\/v2\/pages\/25\/revisions"}],"predecessor-version":[{"id":15843,"href":"https:\/\/unatc.ro\/devunatc\/wp-json\/wp\/v2\/pages\/25\/revisions\/15843"}],"up":[{"embeddable":true,"href":"https:\/\/unatc.ro\/devunatc\/wp-json\/wp\/v2\/pages\/19"}],"wp:featuredmedia":[{"embeddable":true,"href":"https:\/\/unatc.ro\/devunatc\/wp-json\/wp\/v2\/media\/1232"}],"wp:attachment":[{"href":"https:\/\/unatc.ro\/devunatc\/wp-json\/wp\/v2\/media?parent=25"}],"curies":[{"name":"wp","href":"https:\/\/api.w.org\/{rel}","templated":true}]}}