{"id":19,"date":"2018-07-31T08:52:41","date_gmt":"2018-07-31T08:52:41","guid":{"rendered":"https:\/\/unatc.ro\/devunatc?page_id=19"},"modified":"2025-11-02T15:11:37","modified_gmt":"2025-11-02T13:11:37","slug":"erasmus","status":"publish","type":"page","link":"https:\/\/unatc.ro\/devunatc\/erasmus\/","title":{"rendered":"Erasmus+"},"content":{"rendered":"\n<h2 class=\"wp-block-heading\"><strong>Despre programul Erasmus+<\/strong><\/h2>\n\n\n\n<p>Erasmus+ este programul Uniunii Europene pentru educa\u021bie, formare, tineret \u0219i sport, menit s\u0103 sprijine dezvoltarea competen\u021belor, a coeziunii sociale \u0219i a inov\u0103rii \u00een Europa.<\/p>\n\n\n\n<p>Erasmus+ ofer\u0103 oportunit\u0103\u021bi de mobilitate \u0219i cooperare \u00een urm\u0103toarele domenii:<\/p>\n\n\n\n<ul class=\"wp-block-list\">\n<li>\u00eenv\u0103\u021b\u0103m\u00e2nt superior<\/li>\n\n\n\n<li>educa\u021bie \u0219i formare profesional\u0103<\/li>\n\n\n\n<li>educa\u021bie \u0219colar\u0103 (sistemul de educa\u021bie \u0219i \u00eengrijire timpurie)<\/li>\n\n\n\n<li>educa\u021bia pentru adul\u021bi<\/li>\n\n\n\n<li>tineret<\/li>\n\n\n\n<li>sport<\/li>\n<\/ul>\n\n\n\n<p>\u00cen cadrul Erasmus+ pot fi sus\u021binute prin intermediul Agen\u021biilor Na\u021bionale trei tipuri de proiecte (mobilitate, parteneriat strategic \u0219i dialog structurat pentru tineret)<\/p>\n\n\n\n<h2 class=\"wp-block-heading\"><strong>Proiecte de mobilitate<\/strong><\/h2>\n\n\n\n<p>Sunt vizate toate cele cinci domenii: educa\u021bia adul\u021bilor, educa\u021bie \u0219colar\u0103, formare profesional\u0103, tineret \u0219i universitar, reprezent\u00e2nd acele proiecte institu\u0163ionale prin care se realizeaz\u0103 activit\u0103\u0163i care implic\u0103 parteneri din mai multe \u0163\u0103ri (trans-na\u0163ionale).<\/p>\n\n\n\n<p>Programul unui proiect de mobilitate difer\u0103 de la un domeniu la altul \u015fi, \u00een func\u0163ie de acesta, poate cuprinde cursuri de formare, plasamente, activit\u0103\u0163i de predare, stagii pentru studiu sau voluntariat, schimburi de tineri, activit\u0103\u0163i de tip job-shadowing<\/p>\n\n\n\n<h2 class=\"wp-block-heading\"><strong>Proiecte de parteneriat strategic&nbsp;<\/strong><\/h2>\n\n\n\n<p>Sunt vizate toate cele cinci domenii: educa\u021bia adul\u021bilor, educa\u021bie \u0219colar\u0103, formare profesional\u0103, tineret \u0219i universitar.<\/p>\n\n\n\n<p>Proiectele de parteneriat strategic \u00ee\u015fi propun s\u0103 sprijine dezvoltarea, transferul \u015fi\/sau implementarea de practici inovatoare, precum \u015fi implementarea de ini\u0163iative comune cu scopul promov\u0103rii, cooper\u0103rii, \u020bnv\u0103\u0163\u0103rii reciproce (peer learning) \u015fi schimbului de experien\u0163\u0103 la nivel european.<\/p>\n\n\n\n<p>\u00cen func\u021bie de obiectivele \u0219i componen\u021ba parteneriatului strategic, proiectele pot fi de dou\u0103 tipuri:&nbsp;<\/p>\n\n\n\n<ul class=\"wp-block-list\">\n<li>proiectele pentru sus\u0163inerea inov\u0103rii (cu produse intelectuale) \u00ee\u0219i propun s\u0103 dezvolte rezultate inovatoare \u0219i\/sau s\u0103 ofere o diseminare \u0219i exploatare structurat\u0103 asupra produselor intelectuale inovatoare deja existente sau<\/li>\n\n\n\n<li>proiectele pentru sus\u0163inerea schimbului de bune practici (f\u0103r\u0103 produse intelectuale) care se axeaz\u0103 pe procesul de \u00eenv\u0103\u021bare \u0219i pe activit\u0103\u021bi \u00een sine, oferind posibilitatea organiza\u021biilor implicate s\u0103 lucreze la nivel transna\u021bional, \u00eemp\u0103rt\u0103\u0219ind \u0219i confrunt\u00e2nd idei, practici sau metode de lucru, produc\u00e2nd de asemenea rezultate tangibile.<\/li>\n<\/ul>\n\n\n\n<h2 class=\"wp-block-heading\"><strong>Proiecte de dialog structurat<\/strong><\/h2>\n\n\n\n<p>Este vizat doar domeniul tineret (celelalte pot fi finan\u021bate prin ac\u021biuni centralizate). Aceste proiecte promoveaz\u0103 dialogul structurat ca instrument folosit de tineri pentru a-\u0219i face vocea auzit\u0103 cu privire la modul \u00een care trebuie s\u0103 fie elaborate \u0219i puse \u00een aplicare politicile de tineret la nivel european prin interac\u021biunea cu factorii de decizie (locali, regionali, na\u021bionali, europeni). \u00cen acest sens sunt finan\u021bate activit\u0103\u021bi de tip \u00eent\u00e2lniri, conferin\u021be, consult\u0103ri sau evenimente care promoveaz\u0103 participarea activ\u0103 a tinerilor prin interac\u021biunea acestora cu deciden\u021bii.<\/p>\n","protected":false},"excerpt":{"rendered":"<p class=\"no-padding\">Despre programul Erasmus+ Erasmus+ este programul Uniunii Europene pentru educa\u021bie, formare, tineret \u0219i sport, menit s\u0103 sprijine dezvoltarea competen\u021belor, a&#8230;<\/p>\n","protected":false},"author":1,"featured_media":1232,"parent":0,"menu_order":0,"comment_status":"closed","ping_status":"closed","template":"template-tab-group.php","meta":{"footnotes":""},"class_list":["post-19","page","type-page","status-publish","has-post-thumbnail","hentry"],"acf":{"galerie_foto":null,"alternative_page_title":"","page_contact_email":"erasmus@unatc.ro"},"yoast_head":"<!-- This site is optimized with the Yoast SEO plugin v27.4 - https:\/\/yoast.com\/product\/yoast-seo-wordpress\/ -->\n<title>Erasmus+ - UNATC<\/title>\n<meta name=\"robots\" content=\"index, follow, max-snippet:-1, max-image-preview:large, max-video-preview:-1\" \/>\n<link rel=\"canonical\" href=\"https:\/\/unatc.ro\/devunatc\/erasmus\/\" \/>\n<meta property=\"og:locale\" content=\"en_US\" \/>\n<meta property=\"og:type\" content=\"article\" \/>\n<meta property=\"og:title\" content=\"Erasmus+ - UNATC\" \/>\n<meta property=\"og:description\" content=\"Despre programul Erasmus+ Erasmus+ este programul Uniunii Europene pentru educa\u021bie, formare, tineret \u0219i sport, menit s\u0103 sprijine dezvoltarea competen\u021belor, a...\" \/>\n<meta property=\"og:url\" content=\"https:\/\/unatc.ro\/devunatc\/erasmus\/\" \/>\n<meta property=\"og:site_name\" content=\"UNATC\" \/>\n<meta property=\"article:publisher\" content=\"https:\/\/www.facebook.com\/UNATC.ILC\/\" \/>\n<meta property=\"article:modified_time\" content=\"2025-11-02T13:11:37+00:00\" \/>\n<meta property=\"og:image\" content=\"https:\/\/unatc.ro\/devunatc\/wp-content\/uploads\/2020\/10\/rel-internationale-scaled.jpg\" \/>\n\t<meta property=\"og:image:width\" content=\"2560\" \/>\n\t<meta property=\"og:image:height\" content=\"917\" \/>\n\t<meta property=\"og:image:type\" content=\"image\/jpeg\" \/>\n<meta name=\"twitter:card\" content=\"summary_large_image\" \/>\n<meta name=\"twitter:label1\" content=\"Est. reading time\" \/>\n\t<meta name=\"twitter:data1\" content=\"2 minutes\" \/>\n<script type=\"application\/ld+json\" class=\"yoast-schema-graph\">{\"@context\":\"https:\\\/\\\/schema.org\",\"@graph\":[{\"@type\":\"WebPage\",\"@id\":\"https:\\\/\\\/unatc.ro\\\/devunatc\\\/erasmus\\\/\",\"url\":\"https:\\\/\\\/unatc.ro\\\/devunatc\\\/erasmus\\\/\",\"name\":\"Erasmus+ - UNATC\",\"isPartOf\":{\"@id\":\"https:\\\/\\\/unatc.ro\\\/devunatc\\\/#website\"},\"primaryImageOfPage\":{\"@id\":\"https:\\\/\\\/unatc.ro\\\/devunatc\\\/erasmus\\\/#primaryimage\"},\"image\":{\"@id\":\"https:\\\/\\\/unatc.ro\\\/devunatc\\\/erasmus\\\/#primaryimage\"},\"thumbnailUrl\":\"https:\\\/\\\/unatc.ro\\\/devunatc\\\/wp-content\\\/uploads\\\/2020\\\/10\\\/rel-internationale-scaled.jpg\",\"datePublished\":\"2018-07-31T08:52:41+00:00\",\"dateModified\":\"2025-11-02T13:11:37+00:00\",\"breadcrumb\":{\"@id\":\"https:\\\/\\\/unatc.ro\\\/devunatc\\\/erasmus\\\/#breadcrumb\"},\"inLanguage\":\"en-US\",\"potentialAction\":[{\"@type\":\"ReadAction\",\"target\":[\"https:\\\/\\\/unatc.ro\\\/devunatc\\\/erasmus\\\/\"]}]},{\"@type\":\"ImageObject\",\"inLanguage\":\"en-US\",\"@id\":\"https:\\\/\\\/unatc.ro\\\/devunatc\\\/erasmus\\\/#primaryimage\",\"url\":\"https:\\\/\\\/unatc.ro\\\/devunatc\\\/wp-content\\\/uploads\\\/2020\\\/10\\\/rel-internationale-scaled.jpg\",\"contentUrl\":\"https:\\\/\\\/unatc.ro\\\/devunatc\\\/wp-content\\\/uploads\\\/2020\\\/10\\\/rel-internationale-scaled.jpg\",\"width\":2560,\"height\":917,\"caption\":\"UNATC International\"},{\"@type\":\"BreadcrumbList\",\"@id\":\"https:\\\/\\\/unatc.ro\\\/devunatc\\\/erasmus\\\/#breadcrumb\",\"itemListElement\":[{\"@type\":\"ListItem\",\"position\":1,\"name\":\"Home\",\"item\":\"https:\\\/\\\/unatc.ro\\\/devunatc\\\/\"},{\"@type\":\"ListItem\",\"position\":2,\"name\":\"Erasmus+\"}]},{\"@type\":\"WebSite\",\"@id\":\"https:\\\/\\\/unatc.ro\\\/devunatc\\\/#website\",\"url\":\"https:\\\/\\\/unatc.ro\\\/devunatc\\\/\",\"name\":\"UNATC\",\"description\":\"\",\"publisher\":{\"@id\":\"https:\\\/\\\/unatc.ro\\\/devunatc\\\/#organization\"},\"potentialAction\":[{\"@type\":\"SearchAction\",\"target\":{\"@type\":\"EntryPoint\",\"urlTemplate\":\"https:\\\/\\\/unatc.ro\\\/devunatc\\\/?s={search_term_string}\"},\"query-input\":{\"@type\":\"PropertyValueSpecification\",\"valueRequired\":true,\"valueName\":\"search_term_string\"}}],\"inLanguage\":\"en-US\"},{\"@type\":\"Organization\",\"@id\":\"https:\\\/\\\/unatc.ro\\\/devunatc\\\/#organization\",\"name\":\"UNATC\",\"url\":\"https:\\\/\\\/unatc.ro\\\/devunatc\\\/\",\"logo\":{\"@type\":\"ImageObject\",\"inLanguage\":\"en-US\",\"@id\":\"https:\\\/\\\/unatc.ro\\\/devunatc\\\/#\\\/schema\\\/logo\\\/image\\\/\",\"url\":\"https:\\\/\\\/unatc.ro\\\/devunatc\\\/wp-content\\\/uploads\\\/2025\\\/07\\\/unatc_logo.png\",\"contentUrl\":\"https:\\\/\\\/unatc.ro\\\/devunatc\\\/wp-content\\\/uploads\\\/2025\\\/07\\\/unatc_logo.png\",\"width\":480,\"height\":469,\"caption\":\"UNATC\"},\"image\":{\"@id\":\"https:\\\/\\\/unatc.ro\\\/devunatc\\\/#\\\/schema\\\/logo\\\/image\\\/\"},\"sameAs\":[\"https:\\\/\\\/www.facebook.com\\\/UNATC.ILC\\\/\",\"https:\\\/\\\/www.youtube.com\\\/c\\\/unatcilcaragiale\",\"https:\\\/\\\/www.instagram.com\\\/unatc_ilcaragiale\\\/?hl=en\",\"https:\\\/\\\/www.tiktok.com\\\/@unatc?lang=en\"]}]}<\/script>\n<!-- \/ Yoast SEO plugin. -->","yoast_head_json":{"title":"Erasmus+ - UNATC","robots":{"index":"index","follow":"follow","max-snippet":"max-snippet:-1","max-image-preview":"max-image-preview:large","max-video-preview":"max-video-preview:-1"},"canonical":"https:\/\/unatc.ro\/devunatc\/erasmus\/","og_locale":"en_US","og_type":"article","og_title":"Erasmus+ - UNATC","og_description":"Despre programul Erasmus+ Erasmus+ este programul Uniunii Europene pentru educa\u021bie, formare, tineret \u0219i sport, menit s\u0103 sprijine dezvoltarea competen\u021belor, a...","og_url":"https:\/\/unatc.ro\/devunatc\/erasmus\/","og_site_name":"UNATC","article_publisher":"https:\/\/www.facebook.com\/UNATC.ILC\/","article_modified_time":"2025-11-02T13:11:37+00:00","og_image":[{"width":2560,"height":917,"url":"https:\/\/unatc.ro\/devunatc\/wp-content\/uploads\/2020\/10\/rel-internationale-scaled.jpg","type":"image\/jpeg"}],"twitter_card":"summary_large_image","twitter_misc":{"Est. reading time":"2 minutes"},"schema":{"@context":"https:\/\/schema.org","@graph":[{"@type":"WebPage","@id":"https:\/\/unatc.ro\/devunatc\/erasmus\/","url":"https:\/\/unatc.ro\/devunatc\/erasmus\/","name":"Erasmus+ - UNATC","isPartOf":{"@id":"https:\/\/unatc.ro\/devunatc\/#website"},"primaryImageOfPage":{"@id":"https:\/\/unatc.ro\/devunatc\/erasmus\/#primaryimage"},"image":{"@id":"https:\/\/unatc.ro\/devunatc\/erasmus\/#primaryimage"},"thumbnailUrl":"https:\/\/unatc.ro\/devunatc\/wp-content\/uploads\/2020\/10\/rel-internationale-scaled.jpg","datePublished":"2018-07-31T08:52:41+00:00","dateModified":"2025-11-02T13:11:37+00:00","breadcrumb":{"@id":"https:\/\/unatc.ro\/devunatc\/erasmus\/#breadcrumb"},"inLanguage":"en-US","potentialAction":[{"@type":"ReadAction","target":["https:\/\/unatc.ro\/devunatc\/erasmus\/"]}]},{"@type":"ImageObject","inLanguage":"en-US","@id":"https:\/\/unatc.ro\/devunatc\/erasmus\/#primaryimage","url":"https:\/\/unatc.ro\/devunatc\/wp-content\/uploads\/2020\/10\/rel-internationale-scaled.jpg","contentUrl":"https:\/\/unatc.ro\/devunatc\/wp-content\/uploads\/2020\/10\/rel-internationale-scaled.jpg","width":2560,"height":917,"caption":"UNATC International"},{"@type":"BreadcrumbList","@id":"https:\/\/unatc.ro\/devunatc\/erasmus\/#breadcrumb","itemListElement":[{"@type":"ListItem","position":1,"name":"Home","item":"https:\/\/unatc.ro\/devunatc\/"},{"@type":"ListItem","position":2,"name":"Erasmus+"}]},{"@type":"WebSite","@id":"https:\/\/unatc.ro\/devunatc\/#website","url":"https:\/\/unatc.ro\/devunatc\/","name":"UNATC","description":"","publisher":{"@id":"https:\/\/unatc.ro\/devunatc\/#organization"},"potentialAction":[{"@type":"SearchAction","target":{"@type":"EntryPoint","urlTemplate":"https:\/\/unatc.ro\/devunatc\/?s={search_term_string}"},"query-input":{"@type":"PropertyValueSpecification","valueRequired":true,"valueName":"search_term_string"}}],"inLanguage":"en-US"},{"@type":"Organization","@id":"https:\/\/unatc.ro\/devunatc\/#organization","name":"UNATC","url":"https:\/\/unatc.ro\/devunatc\/","logo":{"@type":"ImageObject","inLanguage":"en-US","@id":"https:\/\/unatc.ro\/devunatc\/#\/schema\/logo\/image\/","url":"https:\/\/unatc.ro\/devunatc\/wp-content\/uploads\/2025\/07\/unatc_logo.png","contentUrl":"https:\/\/unatc.ro\/devunatc\/wp-content\/uploads\/2025\/07\/unatc_logo.png","width":480,"height":469,"caption":"UNATC"},"image":{"@id":"https:\/\/unatc.ro\/devunatc\/#\/schema\/logo\/image\/"},"sameAs":["https:\/\/www.facebook.com\/UNATC.ILC\/","https:\/\/www.youtube.com\/c\/unatcilcaragiale","https:\/\/www.instagram.com\/unatc_ilcaragiale\/?hl=en","https:\/\/www.tiktok.com\/@unatc?lang=en"]}]}},"jetpack_sharing_enabled":true,"_links":{"self":[{"href":"https:\/\/unatc.ro\/devunatc\/wp-json\/wp\/v2\/pages\/19","targetHints":{"allow":["GET"]}}],"collection":[{"href":"https:\/\/unatc.ro\/devunatc\/wp-json\/wp\/v2\/pages"}],"about":[{"href":"https:\/\/unatc.ro\/devunatc\/wp-json\/wp\/v2\/types\/page"}],"author":[{"embeddable":true,"href":"https:\/\/unatc.ro\/devunatc\/wp-json\/wp\/v2\/users\/1"}],"replies":[{"embeddable":true,"href":"https:\/\/unatc.ro\/devunatc\/wp-json\/wp\/v2\/comments?post=19"}],"version-history":[{"count":20,"href":"https:\/\/unatc.ro\/devunatc\/wp-json\/wp\/v2\/pages\/19\/revisions"}],"predecessor-version":[{"id":15848,"href":"https:\/\/unatc.ro\/devunatc\/wp-json\/wp\/v2\/pages\/19\/revisions\/15848"}],"wp:featuredmedia":[{"embeddable":true,"href":"https:\/\/unatc.ro\/devunatc\/wp-json\/wp\/v2\/media\/1232"}],"wp:attachment":[{"href":"https:\/\/unatc.ro\/devunatc\/wp-json\/wp\/v2\/media?parent=19"}],"curies":[{"name":"wp","href":"https:\/\/api.w.org\/{rel}","templated":true}]}}