{"id":17,"date":"2018-07-31T08:52:19","date_gmt":"2018-07-31T08:52:19","guid":{"rendered":"https:\/\/unatc.ro\/devunatc?page_id=17"},"modified":"2025-06-30T16:11:05","modified_gmt":"2025-06-30T14:11:05","slug":"cercetare","status":"publish","type":"page","link":"https:\/\/unatc.ro\/devunatc\/cercetare\/","title":{"rendered":"Cercetare"},"content":{"rendered":"\n<p><em>\u201dCercetarea \u00eenseamn\u0103 descoperirea ne\u0219tiutului din n\u0103zuin\u021ba de a \u00een\u021belege.\u201d (Rheinberger 1992, Dombois 2006)<\/em><\/p>\n\n\n\n<p><strong>Departamentul Cercetare, Dezvoltare, Inovare<\/strong><\/p>\n\n\n\n<p>Viziunea <strong>Departamentului Cercetare, Dezvoltare, Inovare<\/strong> (DCDI) are ca fundament o cultur\u0103 de cercetare vibrant\u0103, care s\u0103 transforme UNATC \u201eI. L. Caragiale\u201d \u00eentr-un pol de excelen\u021b\u0103, centrat pe generarea de cercet\u0103ri de \u00eenalt\u0103 calitate \u00een teatru, film \u0219i domenii conexe, idei \u0219i practici cu impact direct asupra calit\u0103\u021bii activit\u0103\u021bii didactice \u0219i a viitoarelor politici culturale, cu semnifica\u021bie na\u021bional\u0103 \u0219i interna\u021bional\u0103.<\/p>\n\n\n\n<p>Misiunea <strong>Departamentului Cercetare, Dezvoltare, Inovare<\/strong> este stimularea, generarea \u0219i promovarea de noi cuno\u0219tin\u021be \u0219i noi perspective \u00een cercetarea, practica \u0219i educa\u021bia artistic\u0103 de calitate.<\/p>\n\n\n\n<p><strong>Departamentul Cercetare, Dezvoltare, Inovare <\/strong>reune\u0219te urm\u0103toarele structuri componente:&nbsp;<\/p>\n\n\n\n<p><strong>CeArFi \u2013 Centrul de Cercetare \u00een Arte Performative \u0219i Film<\/strong><\/p>\n\n\n\n<p>O structur\u0103 format\u0103 din cercet\u0103tori \u0219i asisten\u021bi de cercetare din domeniul cercet\u0103rii artistice, care au ca obiective principale structurarea \u0219i dezvoltarea planurilor de cercetare pe teme propuse de cele dou\u0103 facult\u0103\u021bi din cadrul UNATC, dar \u0219i proiecte de cercetare proprii ale DCDI. Centrul \u00ee\u0219i propune deopotriv\u0103 dezvoltarea de proiecte specifice \u00een vederea acces\u0103rii unor granturi de cercetare. Rezultatele cercet\u0103rii se vor materializa \u00een c\u0103r\u021bi, studii, articole, ghiduri de bune practici, conferin\u021be \u0219tiin\u021bifice, evenimente publice.<\/p>\n\n\n\n<p><strong>CINETic \u2013 Centrul Interna\u021bional de Educa\u021bie \u00een Tehnologii Inovativ Creative<\/strong><\/p>\n\n\n\n<p>O structur\u0103 format\u0103 din cercet\u0103tori, asisten\u021bi de cercetare, exper\u021bi \u0219i profesioni\u0219ti \u00een domeniul noilor tehnologii, care au ca obiective principale structurarea \u0219i dezvoltarea planurilor de cercetare interdisciplinare \u0219i transdiciplinare la intersec\u021bia artei cu tehnologia \u0219i \u0219tiin\u021ba. Cele 6 laboratoare ale centrului beneficiaz\u0103 de aparatur\u0103 \u0219i infrastructur\u0103 software de ultim\u0103 genera\u021bie, folosite cu prioritate \u00een procesul de cercetare, dar \u0219i pentru dezvoltarea de proiecte \u00een vederea acces\u0103rii de granturi, \u0219i pentru sprijinirea procesului didactic din cadrul programelor de licen\u021b\u0103, masterat \u0219i doctorat ale UNATC. Rezultatele cercet\u0103rii se vor materializa \u00een c\u0103r\u021bi, studii, ghiduri de bune practici, conferin\u021be \u0219tiin\u021bifice, evenimente publice, instala\u021bii, aplica\u021bii digitale \u0219i interactive.<\/p>\n\n\n\n<p><strong>Direc\u021bia Bibliotec\u0103<\/strong><br>O structur\u0103 menit\u0103 s\u0103 vin\u0103 \u00een sprijinul procesului didactic \u0219i de cercetare prin fondul de carte, colec\u021biile speciale, dar \u0219i prin oferirea unor servicii proprii unei Mediateci.<\/p>\n\n\n\n<p><strong>Serviciul Editur\u0103 \u0219i Publica\u021bii<\/strong><br>O structur\u0103 menit\u0103 s\u0103 coordoneze publica\u021biile academice marca UNATC: revistele Facult\u0103\u021bii de Film \u0219i ale Facult\u0103\u021bii de Teatru, colec\u021biile de carte, publica\u021biile \u0218colii Doctorale, cursuri, traduceri, antologii, monografii etc.<strong>Centrul de \u00cenv\u0103\u021bare UNATC<\/strong><br>O platform\u0103 pentru promovarea \u00eenv\u0103\u021b\u0103rii formale \u0219i non-formale, a consilierii, sprijinirii, \u00eendrum\u0103rii, orient\u0103rii studen\u021bilor. Dezvoltarea abilit\u0103\u021bilor organiza\u021bionale \u0219i manageriale ale studen\u021bilor, care s\u0103 le permit\u0103 elaborarea unor proiecte \u0219i programe artistice dup\u0103 terminarea facult\u0103\u021bii: activit\u0103\u021bi de structurare a unui proiect pentru un call de finan\u021bare, activit\u0103\u021bi de curatoriat specifice artelor performative \u0219i filmului, activit\u0103\u021bi de dezvoltare academic\u0103. Centrul de \u00cenv\u0103\u021bare UNATC ofer\u0103 cadrul institu\u021bional pentru editarea celor dou\u0103 reviste studen\u021be\u0219ti ale universit\u0103\u021bii: <em>Film Menu <\/em>\u0219i <em>Theatron<\/em>. Centrul \u00ee\u0219i propune s\u0103 organizeze conferin\u021be, dezbateri, programe de tutorat, mentorat, ateliere pentru dezvoltarea competen\u021belor transversale, activit\u0103\u021bi de practic\u0103 \u0219i voluntariat.<\/p>\n","protected":false},"excerpt":{"rendered":"<p class=\"no-padding\">\u201dCercetarea \u00eenseamn\u0103 descoperirea ne\u0219tiutului din n\u0103zuin\u021ba de a \u00een\u021belege.\u201d (Rheinberger 1992, Dombois 2006) Departamentul Cercetare, Dezvoltare, Inovare Viziunea Departamentului Cercetare,&#8230;<\/p>\n","protected":false},"author":1,"featured_media":7840,"parent":0,"menu_order":0,"comment_status":"closed","ping_status":"closed","template":"template-tab-group.php","meta":{"footnotes":""},"class_list":["post-17","page","type-page","status-publish","has-post-thumbnail","hentry"],"acf":{"galerie_foto":null,"alternative_page_title":"","page_contact_email":""},"yoast_head":"<!-- This site is optimized with the Yoast SEO plugin v27.3 - https:\/\/yoast.com\/product\/yoast-seo-wordpress\/ -->\n<title>Cercetare - UNATC<\/title>\n<meta name=\"robots\" content=\"index, follow, max-snippet:-1, max-image-preview:large, max-video-preview:-1\" \/>\n<link rel=\"canonical\" href=\"https:\/\/unatc.ro\/devunatc\/cercetare\/\" \/>\n<meta property=\"og:locale\" content=\"en_US\" \/>\n<meta property=\"og:type\" content=\"article\" \/>\n<meta property=\"og:title\" content=\"Cercetare - UNATC\" \/>\n<meta property=\"og:description\" content=\"\u201dCercetarea \u00eenseamn\u0103 descoperirea ne\u0219tiutului din n\u0103zuin\u021ba de a \u00een\u021belege.\u201d (Rheinberger 1992, Dombois 2006) Departamentul Cercetare, Dezvoltare, Inovare Viziunea Departamentului Cercetare,...\" \/>\n<meta property=\"og:url\" content=\"https:\/\/unatc.ro\/devunatc\/cercetare\/\" \/>\n<meta property=\"og:site_name\" content=\"UNATC\" \/>\n<meta property=\"article:publisher\" content=\"https:\/\/www.facebook.com\/UNATC.ILC\/\" \/>\n<meta property=\"article:modified_time\" content=\"2025-06-30T14:11:05+00:00\" \/>\n<meta property=\"og:image\" content=\"https:\/\/unatc.ro\/devunatc\/wp-content\/uploads\/2022\/04\/1-landing-page-cercetare.png\" \/>\n\t<meta property=\"og:image:width\" content=\"2560\" \/>\n\t<meta property=\"og:image:height\" content=\"917\" \/>\n\t<meta property=\"og:image:type\" content=\"image\/png\" \/>\n<meta name=\"twitter:card\" content=\"summary_large_image\" \/>\n<meta name=\"twitter:label1\" content=\"Est. reading time\" \/>\n\t<meta name=\"twitter:data1\" content=\"3 minutes\" \/>\n<script type=\"application\/ld+json\" class=\"yoast-schema-graph\">{\"@context\":\"https:\\\/\\\/schema.org\",\"@graph\":[{\"@type\":\"WebPage\",\"@id\":\"https:\\\/\\\/unatc.ro\\\/devunatc\\\/cercetare\\\/\",\"url\":\"https:\\\/\\\/unatc.ro\\\/devunatc\\\/cercetare\\\/\",\"name\":\"Cercetare - UNATC\",\"isPartOf\":{\"@id\":\"https:\\\/\\\/unatc.ro\\\/devunatc\\\/#website\"},\"primaryImageOfPage\":{\"@id\":\"https:\\\/\\\/unatc.ro\\\/devunatc\\\/cercetare\\\/#primaryimage\"},\"image\":{\"@id\":\"https:\\\/\\\/unatc.ro\\\/devunatc\\\/cercetare\\\/#primaryimage\"},\"thumbnailUrl\":\"https:\\\/\\\/unatc.ro\\\/devunatc\\\/wp-content\\\/uploads\\\/2022\\\/04\\\/1-landing-page-cercetare.png\",\"datePublished\":\"2018-07-31T08:52:19+00:00\",\"dateModified\":\"2025-06-30T14:11:05+00:00\",\"breadcrumb\":{\"@id\":\"https:\\\/\\\/unatc.ro\\\/devunatc\\\/cercetare\\\/#breadcrumb\"},\"inLanguage\":\"en-US\",\"potentialAction\":[{\"@type\":\"ReadAction\",\"target\":[\"https:\\\/\\\/unatc.ro\\\/devunatc\\\/cercetare\\\/\"]}]},{\"@type\":\"ImageObject\",\"inLanguage\":\"en-US\",\"@id\":\"https:\\\/\\\/unatc.ro\\\/devunatc\\\/cercetare\\\/#primaryimage\",\"url\":\"https:\\\/\\\/unatc.ro\\\/devunatc\\\/wp-content\\\/uploads\\\/2022\\\/04\\\/1-landing-page-cercetare.png\",\"contentUrl\":\"https:\\\/\\\/unatc.ro\\\/devunatc\\\/wp-content\\\/uploads\\\/2022\\\/04\\\/1-landing-page-cercetare.png\",\"width\":2560,\"height\":917},{\"@type\":\"BreadcrumbList\",\"@id\":\"https:\\\/\\\/unatc.ro\\\/devunatc\\\/cercetare\\\/#breadcrumb\",\"itemListElement\":[{\"@type\":\"ListItem\",\"position\":1,\"name\":\"Home\",\"item\":\"https:\\\/\\\/unatc.ro\\\/devunatc\\\/\"},{\"@type\":\"ListItem\",\"position\":2,\"name\":\"Cercetare\"}]},{\"@type\":\"WebSite\",\"@id\":\"https:\\\/\\\/unatc.ro\\\/devunatc\\\/#website\",\"url\":\"https:\\\/\\\/unatc.ro\\\/devunatc\\\/\",\"name\":\"UNATC\",\"description\":\"\",\"publisher\":{\"@id\":\"https:\\\/\\\/unatc.ro\\\/devunatc\\\/#organization\"},\"potentialAction\":[{\"@type\":\"SearchAction\",\"target\":{\"@type\":\"EntryPoint\",\"urlTemplate\":\"https:\\\/\\\/unatc.ro\\\/devunatc\\\/?s={search_term_string}\"},\"query-input\":{\"@type\":\"PropertyValueSpecification\",\"valueRequired\":true,\"valueName\":\"search_term_string\"}}],\"inLanguage\":\"en-US\"},{\"@type\":\"Organization\",\"@id\":\"https:\\\/\\\/unatc.ro\\\/devunatc\\\/#organization\",\"name\":\"UNATC\",\"url\":\"https:\\\/\\\/unatc.ro\\\/devunatc\\\/\",\"logo\":{\"@type\":\"ImageObject\",\"inLanguage\":\"en-US\",\"@id\":\"https:\\\/\\\/unatc.ro\\\/devunatc\\\/#\\\/schema\\\/logo\\\/image\\\/\",\"url\":\"https:\\\/\\\/unatc.ro\\\/devunatc\\\/wp-content\\\/uploads\\\/2025\\\/07\\\/unatc_logo.png\",\"contentUrl\":\"https:\\\/\\\/unatc.ro\\\/devunatc\\\/wp-content\\\/uploads\\\/2025\\\/07\\\/unatc_logo.png\",\"width\":480,\"height\":469,\"caption\":\"UNATC\"},\"image\":{\"@id\":\"https:\\\/\\\/unatc.ro\\\/devunatc\\\/#\\\/schema\\\/logo\\\/image\\\/\"},\"sameAs\":[\"https:\\\/\\\/www.facebook.com\\\/UNATC.ILC\\\/\",\"https:\\\/\\\/www.youtube.com\\\/c\\\/unatcilcaragiale\",\"https:\\\/\\\/www.instagram.com\\\/unatc_ilcaragiale\\\/?hl=en\",\"https:\\\/\\\/www.tiktok.com\\\/@unatc?lang=en\"]}]}<\/script>\n<!-- \/ Yoast SEO plugin. -->","yoast_head_json":{"title":"Cercetare - UNATC","robots":{"index":"index","follow":"follow","max-snippet":"max-snippet:-1","max-image-preview":"max-image-preview:large","max-video-preview":"max-video-preview:-1"},"canonical":"https:\/\/unatc.ro\/devunatc\/cercetare\/","og_locale":"en_US","og_type":"article","og_title":"Cercetare - UNATC","og_description":"\u201dCercetarea \u00eenseamn\u0103 descoperirea ne\u0219tiutului din n\u0103zuin\u021ba de a \u00een\u021belege.\u201d (Rheinberger 1992, Dombois 2006) Departamentul Cercetare, Dezvoltare, Inovare Viziunea Departamentului Cercetare,...","og_url":"https:\/\/unatc.ro\/devunatc\/cercetare\/","og_site_name":"UNATC","article_publisher":"https:\/\/www.facebook.com\/UNATC.ILC\/","article_modified_time":"2025-06-30T14:11:05+00:00","og_image":[{"width":2560,"height":917,"url":"https:\/\/unatc.ro\/devunatc\/wp-content\/uploads\/2022\/04\/1-landing-page-cercetare.png","type":"image\/png"}],"twitter_card":"summary_large_image","twitter_misc":{"Est. reading time":"3 minutes"},"schema":{"@context":"https:\/\/schema.org","@graph":[{"@type":"WebPage","@id":"https:\/\/unatc.ro\/devunatc\/cercetare\/","url":"https:\/\/unatc.ro\/devunatc\/cercetare\/","name":"Cercetare - UNATC","isPartOf":{"@id":"https:\/\/unatc.ro\/devunatc\/#website"},"primaryImageOfPage":{"@id":"https:\/\/unatc.ro\/devunatc\/cercetare\/#primaryimage"},"image":{"@id":"https:\/\/unatc.ro\/devunatc\/cercetare\/#primaryimage"},"thumbnailUrl":"https:\/\/unatc.ro\/devunatc\/wp-content\/uploads\/2022\/04\/1-landing-page-cercetare.png","datePublished":"2018-07-31T08:52:19+00:00","dateModified":"2025-06-30T14:11:05+00:00","breadcrumb":{"@id":"https:\/\/unatc.ro\/devunatc\/cercetare\/#breadcrumb"},"inLanguage":"en-US","potentialAction":[{"@type":"ReadAction","target":["https:\/\/unatc.ro\/devunatc\/cercetare\/"]}]},{"@type":"ImageObject","inLanguage":"en-US","@id":"https:\/\/unatc.ro\/devunatc\/cercetare\/#primaryimage","url":"https:\/\/unatc.ro\/devunatc\/wp-content\/uploads\/2022\/04\/1-landing-page-cercetare.png","contentUrl":"https:\/\/unatc.ro\/devunatc\/wp-content\/uploads\/2022\/04\/1-landing-page-cercetare.png","width":2560,"height":917},{"@type":"BreadcrumbList","@id":"https:\/\/unatc.ro\/devunatc\/cercetare\/#breadcrumb","itemListElement":[{"@type":"ListItem","position":1,"name":"Home","item":"https:\/\/unatc.ro\/devunatc\/"},{"@type":"ListItem","position":2,"name":"Cercetare"}]},{"@type":"WebSite","@id":"https:\/\/unatc.ro\/devunatc\/#website","url":"https:\/\/unatc.ro\/devunatc\/","name":"UNATC","description":"","publisher":{"@id":"https:\/\/unatc.ro\/devunatc\/#organization"},"potentialAction":[{"@type":"SearchAction","target":{"@type":"EntryPoint","urlTemplate":"https:\/\/unatc.ro\/devunatc\/?s={search_term_string}"},"query-input":{"@type":"PropertyValueSpecification","valueRequired":true,"valueName":"search_term_string"}}],"inLanguage":"en-US"},{"@type":"Organization","@id":"https:\/\/unatc.ro\/devunatc\/#organization","name":"UNATC","url":"https:\/\/unatc.ro\/devunatc\/","logo":{"@type":"ImageObject","inLanguage":"en-US","@id":"https:\/\/unatc.ro\/devunatc\/#\/schema\/logo\/image\/","url":"https:\/\/unatc.ro\/devunatc\/wp-content\/uploads\/2025\/07\/unatc_logo.png","contentUrl":"https:\/\/unatc.ro\/devunatc\/wp-content\/uploads\/2025\/07\/unatc_logo.png","width":480,"height":469,"caption":"UNATC"},"image":{"@id":"https:\/\/unatc.ro\/devunatc\/#\/schema\/logo\/image\/"},"sameAs":["https:\/\/www.facebook.com\/UNATC.ILC\/","https:\/\/www.youtube.com\/c\/unatcilcaragiale","https:\/\/www.instagram.com\/unatc_ilcaragiale\/?hl=en","https:\/\/www.tiktok.com\/@unatc?lang=en"]}]}},"jetpack_sharing_enabled":true,"_links":{"self":[{"href":"https:\/\/unatc.ro\/devunatc\/wp-json\/wp\/v2\/pages\/17","targetHints":{"allow":["GET"]}}],"collection":[{"href":"https:\/\/unatc.ro\/devunatc\/wp-json\/wp\/v2\/pages"}],"about":[{"href":"https:\/\/unatc.ro\/devunatc\/wp-json\/wp\/v2\/types\/page"}],"author":[{"embeddable":true,"href":"https:\/\/unatc.ro\/devunatc\/wp-json\/wp\/v2\/users\/1"}],"replies":[{"embeddable":true,"href":"https:\/\/unatc.ro\/devunatc\/wp-json\/wp\/v2\/comments?post=17"}],"version-history":[{"count":21,"href":"https:\/\/unatc.ro\/devunatc\/wp-json\/wp\/v2\/pages\/17\/revisions"}],"predecessor-version":[{"id":15311,"href":"https:\/\/unatc.ro\/devunatc\/wp-json\/wp\/v2\/pages\/17\/revisions\/15311"}],"wp:featuredmedia":[{"embeddable":true,"href":"https:\/\/unatc.ro\/devunatc\/wp-json\/wp\/v2\/media\/7840"}],"wp:attachment":[{"href":"https:\/\/unatc.ro\/devunatc\/wp-json\/wp\/v2\/media?parent=17"}],"curies":[{"name":"wp","href":"https:\/\/api.w.org\/{rel}","templated":true}]}}