{"id":16803,"date":"2026-05-11T12:53:22","date_gmt":"2026-05-11T10:53:22","guid":{"rendered":"https:\/\/unatc.ro\/devunatc\/?page_id=16803"},"modified":"2026-05-11T13:29:11","modified_gmt":"2026-05-11T11:29:11","slug":"tutoriale-baze-de-date","status":"publish","type":"page","link":"https:\/\/unatc.ro\/devunatc\/biblioteca\/tutoriale-baze-de-date\/","title":{"rendered":"Tutoriale baze de date"},"content":{"rendered":"\n<p>Aceast\u0103 pagin\u0103 ofer\u0103 tutoriale video \u0219i ghiduri practice pentru accesarea bazelor de date academice disponibile \u00een Biblioteca UNATC, precum Drama Online, JSTOR sau Cambridge Core, plus instruc\u021biuni pentru platformele de intermediere acces mobil (e-nformation, info-edu.ro).<\/p>\n\n\n\n<div style=\"height:50px\" aria-hidden=\"true\" class=\"wp-block-spacer\"><\/div>\n\n\n\n<hr class=\"wp-block-separator has-alpha-channel-opacity\"\/>\n\n\n\n<h2 class=\"wp-block-heading\"><strong>A. Tutoriale &#8211; baze de date<\/strong><\/h2>\n\n\n\n<p><strong>1.&nbsp;&nbsp;&nbsp;&nbsp;&nbsp;Drama Online &#8211; <a href=\"https:\/\/www.dramaonlinelibrary.com\/user-videos\" type=\"link\" id=\"https:\/\/www.dramaonlinelibrary.com\/user-videos\" target=\"_blank\" rel=\"noreferrer noopener\">Tutorial<\/a><\/strong><\/p>\n\n\n\n<p><strong>2.&nbsp;&nbsp;&nbsp;&nbsp;&nbsp;Digital Theatre Plus&nbsp;&#8211; <a href=\"https:\/\/support.digitaltheatreplus.com\/video-training-for-higher-education#main-content\" type=\"link\" id=\"https:\/\/support.digitaltheatreplus.com\/video-training-for-higher-education#main-content\" target=\"_blank\" rel=\"noreferrer noopener\">Tutorial<\/a><\/strong><\/p>\n\n\n\n<p><strong>3.&nbsp;&nbsp;&nbsp;&nbsp;&nbsp;Jstor &#8211; <a href=\"https:\/\/guides.jstor.org\/c.php?g=1227490&amp;p=9885780\" type=\"link\" id=\"https:\/\/guides.jstor.org\/c.php?g=1227490&amp;p=9885780\" target=\"_blank\" rel=\"noreferrer noopener\">Tutorial<\/a>&nbsp;&nbsp;<\/strong><\/p>\n\n\n\n<p><strong>4.&nbsp;&nbsp;&nbsp;&nbsp;&nbsp;Cambridge Core &#8211; <a href=\"https:\/\/www.cambridge.org\/core\/services\/about\/user-guides-and-videos\" type=\"link\" id=\"https:\/\/www.cambridge.org\/core\/services\/about\/user-guides-and-videos\" target=\"_blank\" rel=\"noreferrer noopener\">Tutorial<\/a>&nbsp;&nbsp;<\/strong><\/p>\n\n\n\n<p><strong>5.&nbsp;&nbsp;&nbsp;&nbsp;&nbsp;Oxford Academic &#8211; <a href=\"https:\/\/academic.oup.com\/pages\/institutional-account-management\/promotional-materials-and-training-for-libraries\" type=\"link\" id=\"https:\/\/academic.oup.com\/pages\/institutional-account-management\/promotional-materials-and-training-for-libraries\" target=\"_blank\" rel=\"noreferrer noopener\">Tutorial<\/a> <\/strong><\/p>\n\n\n\n<p><strong>6.&nbsp;&nbsp;&nbsp;&nbsp;&nbsp;Taylor&amp;Francis &#8211; <a href=\"https:\/\/www.e-nformation.ro\/wp-content\/uploads\/emember\/downloads\/GTaylorFrancis.pdf\" type=\"link\" id=\"https:\/\/www.e-nformation.ro\/wp-content\/uploads\/emember\/downloads\/GTaylorFrancis.pdf\" target=\"_blank\" rel=\"noreferrer noopener\">Tutorial<\/a><\/strong><\/p>\n\n\n\n<p><strong>7.&nbsp;&nbsp;&nbsp;&nbsp;&nbsp;Arcanum &#8211; <a href=\"https:\/\/www.arcanum.com\/en\/adt\/search-guide\/\" type=\"link\" id=\"https:\/\/www.arcanum.com\/en\/adt\/search-guide\/\" target=\"_blank\" rel=\"noreferrer noopener\">Tutorial<\/a>&nbsp;<\/strong><\/p>\n\n\n\n<div style=\"height:100px\" aria-hidden=\"true\" class=\"wp-block-spacer\"><\/div>\n\n\n\n<hr class=\"wp-block-separator has-alpha-channel-opacity\"\/>\n\n\n\n<h2 class=\"wp-block-heading\"><strong>B. Tutoriale \u2013 platforme intermediere acces (mobil)<\/strong><\/h2>\n\n\n\n<p><strong>1.&nbsp;&nbsp;&nbsp;&nbsp;&nbsp;Enformation &#8211; <a href=\"https:\/\/www.youtube.com\/watch?v=zfWdIoiAbA4\" type=\"link\" id=\"https:\/\/www.dramaonlinelibrary.com\/user-videos\" target=\"_blank\" rel=\"noreferrer noopener\">Tutorial<\/a><\/strong><\/p>\n\n\n\n<p><strong>2.&nbsp;&nbsp;&nbsp;&nbsp;&nbsp;Info-edu.ro &#8211; <a href=\"https:\/\/info-edu.ro\/activare-cont\" type=\"link\" id=\"https:\/\/info-edu.ro\/activare-cont\" target=\"_blank\" rel=\"noreferrer noopener\">Tutorial<\/a><\/strong><\/p>\n\n\n\n<p><\/p>\n","protected":false},"excerpt":{"rendered":"<p class=\"no-padding\">Aceast\u0103 pagin\u0103 ofer\u0103 tutoriale video \u0219i ghiduri practice pentru accesarea bazelor de date academice disponibile \u00een Biblioteca UNATC, precum Drama&#8230;<\/p>\n","protected":false},"author":1,"featured_media":0,"parent":5381,"menu_order":0,"comment_status":"closed","ping_status":"closed","template":"template-tab-group-color.php","meta":{"footnotes":""},"class_list":["post-16803","page","type-page","status-publish","hentry"],"acf":{"galerie_foto":null,"titlu_prezentare_departament":"","text_prezentare_departament":"","alternative_page_title":"","page_contact_email":""},"yoast_head":"<!-- This site is optimized with the Yoast SEO plugin v27.5 - https:\/\/yoast.com\/product\/yoast-seo-wordpress\/ -->\n<title>Tutoriale baze de date - UNATC<\/title>\n<meta name=\"robots\" content=\"index, follow, max-snippet:-1, max-image-preview:large, max-video-preview:-1\" \/>\n<link rel=\"canonical\" href=\"https:\/\/unatc.ro\/devunatc\/biblioteca\/tutoriale-baze-de-date\/\" \/>\n<meta property=\"og:locale\" content=\"en_US\" \/>\n<meta property=\"og:type\" content=\"article\" \/>\n<meta property=\"og:title\" content=\"Tutoriale baze de date - UNATC\" \/>\n<meta property=\"og:description\" content=\"Aceast\u0103 pagin\u0103 ofer\u0103 tutoriale video \u0219i ghiduri practice pentru accesarea bazelor de date academice disponibile \u00een Biblioteca UNATC, precum Drama...\" \/>\n<meta property=\"og:url\" content=\"https:\/\/unatc.ro\/devunatc\/biblioteca\/tutoriale-baze-de-date\/\" \/>\n<meta property=\"og:site_name\" content=\"UNATC\" \/>\n<meta property=\"article:publisher\" content=\"https:\/\/www.facebook.com\/UNATC.ILC\/\" \/>\n<meta property=\"article:modified_time\" content=\"2026-05-11T11:29:11+00:00\" \/>\n<meta name=\"twitter:card\" content=\"summary_large_image\" \/>\n<meta name=\"twitter:label1\" content=\"Est. reading time\" \/>\n\t<meta name=\"twitter:data1\" content=\"1 minute\" \/>\n<script type=\"application\/ld+json\" class=\"yoast-schema-graph\">{\"@context\":\"https:\\\/\\\/schema.org\",\"@graph\":[{\"@type\":\"WebPage\",\"@id\":\"https:\\\/\\\/unatc.ro\\\/devunatc\\\/biblioteca\\\/tutoriale-baze-de-date\\\/\",\"url\":\"https:\\\/\\\/unatc.ro\\\/devunatc\\\/biblioteca\\\/tutoriale-baze-de-date\\\/\",\"name\":\"Tutoriale baze de date - UNATC\",\"isPartOf\":{\"@id\":\"https:\\\/\\\/unatc.ro\\\/devunatc\\\/#website\"},\"datePublished\":\"2026-05-11T10:53:22+00:00\",\"dateModified\":\"2026-05-11T11:29:11+00:00\",\"breadcrumb\":{\"@id\":\"https:\\\/\\\/unatc.ro\\\/devunatc\\\/biblioteca\\\/tutoriale-baze-de-date\\\/#breadcrumb\"},\"inLanguage\":\"en-US\",\"potentialAction\":[{\"@type\":\"ReadAction\",\"target\":[\"https:\\\/\\\/unatc.ro\\\/devunatc\\\/biblioteca\\\/tutoriale-baze-de-date\\\/\"]}]},{\"@type\":\"BreadcrumbList\",\"@id\":\"https:\\\/\\\/unatc.ro\\\/devunatc\\\/biblioteca\\\/tutoriale-baze-de-date\\\/#breadcrumb\",\"itemListElement\":[{\"@type\":\"ListItem\",\"position\":1,\"name\":\"Home\",\"item\":\"https:\\\/\\\/unatc.ro\\\/devunatc\\\/\"},{\"@type\":\"ListItem\",\"position\":2,\"name\":\"Bibliotec\u0103\",\"item\":\"https:\\\/\\\/unatc.ro\\\/devunatc\\\/biblioteca\\\/\"},{\"@type\":\"ListItem\",\"position\":3,\"name\":\"Tutoriale baze de date\"}]},{\"@type\":\"WebSite\",\"@id\":\"https:\\\/\\\/unatc.ro\\\/devunatc\\\/#website\",\"url\":\"https:\\\/\\\/unatc.ro\\\/devunatc\\\/\",\"name\":\"UNATC\",\"description\":\"\",\"publisher\":{\"@id\":\"https:\\\/\\\/unatc.ro\\\/devunatc\\\/#organization\"},\"potentialAction\":[{\"@type\":\"SearchAction\",\"target\":{\"@type\":\"EntryPoint\",\"urlTemplate\":\"https:\\\/\\\/unatc.ro\\\/devunatc\\\/?s={search_term_string}\"},\"query-input\":{\"@type\":\"PropertyValueSpecification\",\"valueRequired\":true,\"valueName\":\"search_term_string\"}}],\"inLanguage\":\"en-US\"},{\"@type\":\"Organization\",\"@id\":\"https:\\\/\\\/unatc.ro\\\/devunatc\\\/#organization\",\"name\":\"UNATC\",\"url\":\"https:\\\/\\\/unatc.ro\\\/devunatc\\\/\",\"logo\":{\"@type\":\"ImageObject\",\"inLanguage\":\"en-US\",\"@id\":\"https:\\\/\\\/unatc.ro\\\/devunatc\\\/#\\\/schema\\\/logo\\\/image\\\/\",\"url\":\"https:\\\/\\\/unatc.ro\\\/devunatc\\\/wp-content\\\/uploads\\\/2025\\\/07\\\/unatc_logo.png\",\"contentUrl\":\"https:\\\/\\\/unatc.ro\\\/devunatc\\\/wp-content\\\/uploads\\\/2025\\\/07\\\/unatc_logo.png\",\"width\":480,\"height\":469,\"caption\":\"UNATC\"},\"image\":{\"@id\":\"https:\\\/\\\/unatc.ro\\\/devunatc\\\/#\\\/schema\\\/logo\\\/image\\\/\"},\"sameAs\":[\"https:\\\/\\\/www.facebook.com\\\/UNATC.ILC\\\/\",\"https:\\\/\\\/www.youtube.com\\\/c\\\/unatcilcaragiale\",\"https:\\\/\\\/www.instagram.com\\\/unatc_ilcaragiale\\\/?hl=en\",\"https:\\\/\\\/www.tiktok.com\\\/@unatc?lang=en\"]}]}<\/script>\n<!-- \/ Yoast SEO plugin. -->","yoast_head_json":{"title":"Tutoriale baze de date - UNATC","robots":{"index":"index","follow":"follow","max-snippet":"max-snippet:-1","max-image-preview":"max-image-preview:large","max-video-preview":"max-video-preview:-1"},"canonical":"https:\/\/unatc.ro\/devunatc\/biblioteca\/tutoriale-baze-de-date\/","og_locale":"en_US","og_type":"article","og_title":"Tutoriale baze de date - UNATC","og_description":"Aceast\u0103 pagin\u0103 ofer\u0103 tutoriale video \u0219i ghiduri practice pentru accesarea bazelor de date academice disponibile \u00een Biblioteca UNATC, precum Drama...","og_url":"https:\/\/unatc.ro\/devunatc\/biblioteca\/tutoriale-baze-de-date\/","og_site_name":"UNATC","article_publisher":"https:\/\/www.facebook.com\/UNATC.ILC\/","article_modified_time":"2026-05-11T11:29:11+00:00","twitter_card":"summary_large_image","twitter_misc":{"Est. reading time":"1 minute"},"schema":{"@context":"https:\/\/schema.org","@graph":[{"@type":"WebPage","@id":"https:\/\/unatc.ro\/devunatc\/biblioteca\/tutoriale-baze-de-date\/","url":"https:\/\/unatc.ro\/devunatc\/biblioteca\/tutoriale-baze-de-date\/","name":"Tutoriale baze de date - UNATC","isPartOf":{"@id":"https:\/\/unatc.ro\/devunatc\/#website"},"datePublished":"2026-05-11T10:53:22+00:00","dateModified":"2026-05-11T11:29:11+00:00","breadcrumb":{"@id":"https:\/\/unatc.ro\/devunatc\/biblioteca\/tutoriale-baze-de-date\/#breadcrumb"},"inLanguage":"en-US","potentialAction":[{"@type":"ReadAction","target":["https:\/\/unatc.ro\/devunatc\/biblioteca\/tutoriale-baze-de-date\/"]}]},{"@type":"BreadcrumbList","@id":"https:\/\/unatc.ro\/devunatc\/biblioteca\/tutoriale-baze-de-date\/#breadcrumb","itemListElement":[{"@type":"ListItem","position":1,"name":"Home","item":"https:\/\/unatc.ro\/devunatc\/"},{"@type":"ListItem","position":2,"name":"Bibliotec\u0103","item":"https:\/\/unatc.ro\/devunatc\/biblioteca\/"},{"@type":"ListItem","position":3,"name":"Tutoriale baze de date"}]},{"@type":"WebSite","@id":"https:\/\/unatc.ro\/devunatc\/#website","url":"https:\/\/unatc.ro\/devunatc\/","name":"UNATC","description":"","publisher":{"@id":"https:\/\/unatc.ro\/devunatc\/#organization"},"potentialAction":[{"@type":"SearchAction","target":{"@type":"EntryPoint","urlTemplate":"https:\/\/unatc.ro\/devunatc\/?s={search_term_string}"},"query-input":{"@type":"PropertyValueSpecification","valueRequired":true,"valueName":"search_term_string"}}],"inLanguage":"en-US"},{"@type":"Organization","@id":"https:\/\/unatc.ro\/devunatc\/#organization","name":"UNATC","url":"https:\/\/unatc.ro\/devunatc\/","logo":{"@type":"ImageObject","inLanguage":"en-US","@id":"https:\/\/unatc.ro\/devunatc\/#\/schema\/logo\/image\/","url":"https:\/\/unatc.ro\/devunatc\/wp-content\/uploads\/2025\/07\/unatc_logo.png","contentUrl":"https:\/\/unatc.ro\/devunatc\/wp-content\/uploads\/2025\/07\/unatc_logo.png","width":480,"height":469,"caption":"UNATC"},"image":{"@id":"https:\/\/unatc.ro\/devunatc\/#\/schema\/logo\/image\/"},"sameAs":["https:\/\/www.facebook.com\/UNATC.ILC\/","https:\/\/www.youtube.com\/c\/unatcilcaragiale","https:\/\/www.instagram.com\/unatc_ilcaragiale\/?hl=en","https:\/\/www.tiktok.com\/@unatc?lang=en"]}]}},"jetpack_sharing_enabled":true,"_links":{"self":[{"href":"https:\/\/unatc.ro\/devunatc\/wp-json\/wp\/v2\/pages\/16803","targetHints":{"allow":["GET"]}}],"collection":[{"href":"https:\/\/unatc.ro\/devunatc\/wp-json\/wp\/v2\/pages"}],"about":[{"href":"https:\/\/unatc.ro\/devunatc\/wp-json\/wp\/v2\/types\/page"}],"author":[{"embeddable":true,"href":"https:\/\/unatc.ro\/devunatc\/wp-json\/wp\/v2\/users\/1"}],"replies":[{"embeddable":true,"href":"https:\/\/unatc.ro\/devunatc\/wp-json\/wp\/v2\/comments?post=16803"}],"version-history":[{"count":10,"href":"https:\/\/unatc.ro\/devunatc\/wp-json\/wp\/v2\/pages\/16803\/revisions"}],"predecessor-version":[{"id":16820,"href":"https:\/\/unatc.ro\/devunatc\/wp-json\/wp\/v2\/pages\/16803\/revisions\/16820"}],"up":[{"embeddable":true,"href":"https:\/\/unatc.ro\/devunatc\/wp-json\/wp\/v2\/pages\/5381"}],"wp:attachment":[{"href":"https:\/\/unatc.ro\/devunatc\/wp-json\/wp\/v2\/media?parent=16803"}],"curies":[{"name":"wp","href":"https:\/\/api.w.org\/{rel}","templated":true}]}}