{"id":16530,"date":"2026-03-03T17:34:01","date_gmt":"2026-03-03T15:34:01","guid":{"rendered":"https:\/\/unatc.ro\/devunatc\/?page_id=16530"},"modified":"2026-03-03T18:06:07","modified_gmt":"2026-03-03T16:06:07","slug":"ceac-u","status":"publish","type":"page","link":"https:\/\/unatc.ro\/devunatc\/despre-universitate\/ceac-u\/","title":{"rendered":"CEAC-U"},"content":{"rendered":"\n<p>Comisia pentru Evaluarea \u0219i Asigurarea Calit\u0103\u021bii la nivel de Universitate (CEAC-U) \u00a0este structura responsabil\u0103 de implementarea \u0219i monitorizarea sistemului intern de asigurare a calit\u0103\u021bii la nivelul universit\u0103\u021bii. Comisia urm\u0103re\u0219te respectarea standardelor academice, evaluarea periodic\u0103 a programelor de studii \u0219i \u00eembun\u0103t\u0103\u021birea continu\u0103 a activit\u0103\u021bilor didactice \u0219i artistice.\u00a0<br>Prin activitatea sa, CEAC-U contribuie la men\u021binerea unui cadru educa\u021bional coerent, transparent \u0219i orientat spre performan\u021b\u0103 \u0219i relevan\u021b\u0103 profesional\u0103.<\/p>\n\n\n\n<div class=\"grid_container\"><div class=\"grid_item text_item\"><div class=\"content_container\"><h2><font style=\"vertical-align: inherit;\"><font style=\"vertical-align: inherit;\">Pre\u0219edinte<\/font><\/font><\/h2>\n                    <table align=\"\" style=\"\" class=\"contenttable stacktable large-only\">\n                        <thead>\n                         <tr>\n                            <th scope=\"col\">\n                                <font style=\"vertical-align: inherit;\">\n                                    <font style=\"vertical-align: inherit;\">Nume<\/font>\n                                <\/font>\n                            <\/th>\n\n                            <th scope=\"col\">\n                                <font style=\"vertical-align: inherit;\">\n                                    <font style=\"vertical-align: inherit;\">e-mail<\/font>\n                                <\/font>\n                            <\/th>\n                        <\/tr>\n                                    \n                    \n\n                                        <tr>\n                            <td>\n                                <font style=\"vertical-align: inherit;\">\n                                    <font style=\"vertical-align: inherit;\"><sup>lect.univ.dr.<\/sup> Bogdan Musta\u021b\u0103<\/font>                                <\/font>\n                                <font style=\"vertical-align: inherit;\">\n                                    <font style=\"vertical-align: inherit;\"> <\/font>\n                                <\/font>\n                            <\/td>\n                            <td>\n                                <font style=\"vertical-align: inherit;\">\n                                    <font style=\"vertical-align: inherit;\">bogdan.mustata@unatc.ro<\/font>\n                                  \n                                <\/font>\n                            <\/td>\n                        <\/tr>\n                <\/thead><\/table><h2><font style=\"vertical-align: inherit;\"><font style=\"vertical-align: inherit;\">Membri cadre didactice<\/font><\/font><\/h2>\n                    <table align=\"\" style=\"\" class=\"contenttable stacktable large-only\">\n                        <thead>\n                         <tr>\n                            <th scope=\"col\">\n                                <font style=\"vertical-align: inherit;\">\n                                    <font style=\"vertical-align: inherit;\">Nume<\/font>\n                                <\/font>\n                            <\/th>\n\n                            <th scope=\"col\">\n                                <font style=\"vertical-align: inherit;\">\n                                    <font style=\"vertical-align: inherit;\">e-mail<\/font>\n                                <\/font>\n                            <\/th>\n                        <\/tr>\n                                    \n                    \n\n                                \n                    \n\n                                        <tr>\n                            <td>\n                                <font style=\"vertical-align: inherit;\">\n                                    <font style=\"vertical-align: inherit;\"><sup>lect.univ.dr.<\/sup> Ioana Barbu<\/font>                                <\/font>\n                                <font style=\"vertical-align: inherit;\">\n                                    <font style=\"vertical-align: inherit;\"> <\/font>\n                                <\/font>\n                            <\/td>\n                            <td>\n                                <font style=\"vertical-align: inherit;\">\n                                    <font style=\"vertical-align: inherit;\">ioana.barbu@unatc.ro<\/font>\n                                  \n                                <\/font>\n                            <\/td>\n                        <\/tr>\n                                \n                    \n\n                                        <tr>\n                            <td>\n                                <font style=\"vertical-align: inherit;\">\n                                    <font style=\"vertical-align: inherit;\"><sup>lect.univ.dr.<\/sup> Grigore Burloiu<\/font>                                <\/font>\n                                <font style=\"vertical-align: inherit;\">\n                                    <font style=\"vertical-align: inherit;\"> <\/font>\n                                <\/font>\n                            <\/td>\n                            <td>\n                                <font style=\"vertical-align: inherit;\">\n                                    <font style=\"vertical-align: inherit;\">grigore.burloiu@unatc.ro<\/font>\n                                  \n                                <\/font>\n                            <\/td>\n                        <\/tr>\n                <\/thead><\/table><h2><font style=\"vertical-align: inherit;\"><font style=\"vertical-align: inherit;\">Membri studen\u021bi<\/font><\/font><\/h2>\n                    <table align=\"\" style=\"\" class=\"contenttable stacktable large-only\">\n                        <thead>\n                         <tr>\n                            <th scope=\"col\">\n                                <font style=\"vertical-align: inherit;\">\n                                    <font style=\"vertical-align: inherit;\">Nume<\/font>\n                                <\/font>\n                            <\/th>\n\n                            <th scope=\"col\">\n                                <font style=\"vertical-align: inherit;\">\n                                    <font style=\"vertical-align: inherit;\">e-mail<\/font>\n                                <\/font>\n                            <\/th>\n                        <\/tr>\n                                    \n                    \n\n                                \n                    \n\n                                        <tr>\n                            <td>\n                                <font style=\"vertical-align: inherit;\">\n                                    <font style=\"vertical-align: inherit;\">Sofia Iorga<\/font>                                <\/font>\n                                <font style=\"vertical-align: inherit;\">\n                                    <font style=\"vertical-align: inherit;\"> <\/font>\n                                <\/font>\n                            <\/td>\n                            <td>\n                                <font style=\"vertical-align: inherit;\">\n                                    <font style=\"vertical-align: inherit;\">sofia.iorga@unatc.ro<\/font>\n                                  \n                                <\/font>\n                            <\/td>\n                        <\/tr>\n                                \n                    \n\n                                        <tr>\n                            <td>\n                                <font style=\"vertical-align: inherit;\">\n                                    <font style=\"vertical-align: inherit;\">Mihnea Rare\u0219 Han\u021biu<\/font>                                <\/font>\n                                <font style=\"vertical-align: inherit;\">\n                                    <font style=\"vertical-align: inherit;\"> <\/font>\n                                <\/font>\n                            <\/td>\n                            <td>\n                                <font style=\"vertical-align: inherit;\">\n                                    <font style=\"vertical-align: inherit;\">mihnea.hantiu@unatc.ro<\/font>\n                                  \n                                <\/font>\n                            <\/td>\n                        <\/tr>\n                                \n                    \n\n                                        <tr>\n                            <td>\n                                <font style=\"vertical-align: inherit;\">\n                                    <font style=\"vertical-align: inherit;\">Fabian Ciobanu<\/font>                                <\/font>\n                                <font style=\"vertical-align: inherit;\">\n                                    <font style=\"vertical-align: inherit;\"> <\/font>\n                                <\/font>\n                            <\/td>\n                            <td>\n                                <font style=\"vertical-align: inherit;\">\n                                    <font style=\"vertical-align: inherit;\">fabian.ciobanu@unatc.ro<\/font>\n                                  \n                                <\/font>\n                            <\/td>\n                        <\/tr>\n                <\/thead><\/table><h2><font style=\"vertical-align: inherit;\"><font style=\"vertical-align: inherit;\">Reprezentant Sindicat<\/font><\/font><\/h2>\n                    <table align=\"\" style=\"\" class=\"contenttable stacktable large-only\">\n                        <thead>\n                         <tr>\n                            <th scope=\"col\">\n                                <font style=\"vertical-align: inherit;\">\n                                    <font style=\"vertical-align: inherit;\">Nume<\/font>\n                                <\/font>\n                            <\/th>\n\n                            <th scope=\"col\">\n                                <font style=\"vertical-align: inherit;\">\n                                    <font style=\"vertical-align: inherit;\">e-mail<\/font>\n                                <\/font>\n                            <\/th>\n                        <\/tr>\n                                    \n                    \n\n                                \n                    \n\n                                        <tr>\n                            <td>\n                                <font style=\"vertical-align: inherit;\">\n                                    <font style=\"vertical-align: inherit;\"><sup>lect.univ.dr.<\/sup> Cristina Briciu<\/font>                                <\/font>\n                                <font style=\"vertical-align: inherit;\">\n                                    <font style=\"vertical-align: inherit;\"> <\/font>\n                                <\/font>\n                            <\/td>\n                            <td>\n                                <font style=\"vertical-align: inherit;\">\n                                    <font style=\"vertical-align: inherit;\">cristina.briciu@unatc.ro<\/font>\n                                  \n                                <\/font>\n                            <\/td>\n                        <\/tr>\n                <\/thead><\/table><h2><font style=\"vertical-align: inherit;\"><font style=\"vertical-align: inherit;\">Serviciul de Management Academic \u0219i Rela\u021bia cu Studen\u021bii<\/font><\/font><\/h2>\n                    <table align=\"\" style=\"\" class=\"contenttable stacktable large-only\">\n                        <thead>\n                         <tr>\n                            <th scope=\"col\">\n                                <font style=\"vertical-align: inherit;\">\n                                    <font style=\"vertical-align: inherit;\">Nume<\/font>\n                                <\/font>\n                            <\/th>\n\n                            <th scope=\"col\">\n                                <font style=\"vertical-align: inherit;\">\n                                    <font style=\"vertical-align: inherit;\">e-mail<\/font>\n                                <\/font>\n                            <\/th>\n                        <\/tr>\n                                    \n                    \n\n                                \n                    \n\n                                        <tr>\n                            <td>\n                                <font style=\"vertical-align: inherit;\">\n                                    <font style=\"vertical-align: inherit;\">Corina Niculae<\/font>                                <\/font>\n                                <font style=\"vertical-align: inherit;\">\n                                    <font style=\"vertical-align: inherit;\"> <\/font>\n                                <\/font>\n                            <\/td>\n                            <td>\n                                <font style=\"vertical-align: inherit;\">\n                                    <font style=\"vertical-align: inherit;\">corina.niculae@unatc.ro<\/font>\n                                  \n                                <\/font>\n                            <\/td>\n                        <\/tr>\n                <\/thead><\/table><h2><font style=\"vertical-align: inherit;\"><font style=\"vertical-align: inherit;\">Reprezentant Angajatori<\/font><\/font><\/h2>                    <table align=\"\" style=\"\" class=\"contenttable stacktable large-only\">\n                        <thead>\n                        <tr>\n                            <th scope=\"col\">\n                                <font style=\"vertical-align: inherit;\">\n                                    <font style=\"vertical-align: inherit;\">Nume<\/font>\n                                <\/font>\n                            <\/th>\n\n                            <th scope=\"col\">\n                                <font style=\"vertical-align: inherit;\">\n                                    <font style=\"vertical-align: inherit;\">e-mail<\/font>\n                                <\/font>\n                            <\/th>\n                        <\/tr>\n                \n\n                \n                \n\n                                    \n                    <tr>\n                    <td>\n                        <font style=\"vertical-align: inherit;\">\n                            <font style=\"vertical-align: inherit;\">Viorel Chesaru<\/font>                        <\/font>\n                        <font style=\"vertical-align: inherit;\">\n                            <font style=\"vertical-align: inherit;\"><\/font>\n                        <\/font>\n                    <\/td>\n                    <td>\n                        <font style=\"vertical-align: inherit;\">\n                            <font style=\"vertical-align: inherit;\">\n                                                        <\/font>\n                        \n                        <\/font>\n                    <\/td>\n                <\/tr>\n                \n                \n                \n\n                                    \n                    <tr>\n                    <td>\n                        <font style=\"vertical-align: inherit;\">\n                            <font style=\"vertical-align: inherit;\">Alexandru M\u00e2zg\u0103reanu <\/font>                        <\/font>\n                        <font style=\"vertical-align: inherit;\">\n                            <font style=\"vertical-align: inherit;\"><\/font>\n                        <\/font>\n                    <\/td>\n                    <td>\n                        <font style=\"vertical-align: inherit;\">\n                            <font style=\"vertical-align: inherit;\">\n                                                        <\/font>\n                        \n                        <\/font>\n                    <\/td>\n                <\/tr>\n                \n                \n                <\/thead><\/table><\/div><\/div><\/div>\n\n\n<div style=\"height:100px\" aria-hidden=\"true\" class=\"wp-block-spacer\"><\/div>\n\n\n\n<h2 class=\"wp-block-heading\">Documente<\/h2>\n\n\n\n<hr class=\"wp-block-separator has-text-color has-black-color has-alpha-channel-opacity has-black-background-color has-background is-style-wide\"\/>\n\n\n\n<p>Raportul <strong>Comisiei pentru Evaluarea \u0219i Asigurarea Calit\u0103\u021bii <\/strong>(denumit \u00een continuare CEAC) este \u00eentocmit \u0219i prezentat conform Legii \u00eenv\u0103\u021b\u0103m\u00e2ntului superior nr. 199\/2023, cu modific\u0103rile \u0219i complet\u0103rile ulterioare, oug NR. 75\/2005, privind asigurarea calit\u0103\u021bii educa\u021biei, cu modific\u0103rile \u0219i complet\u0103rile ulterioare, Cartei UNATC \u00een vigoare \u0219i a Regulamentului de func\u021bionare a CEAC.<\/p>\n\n\n\n<p><\/p>\n\n\n\n<div class=\"wp-block-buttons is-layout-flex wp-block-buttons-is-layout-flex\">\n<div class=\"wp-block-button is-style-fill\"><a class=\"wp-block-button__link has-medium-font-size has-custom-font-size wp-element-button\" href=\"https:\/\/drive.google.com\/drive\/folders\/18Tnh3-GF9-TUnrO6MxsRxhvRG0BNhxca?usp=sharing\" style=\"border-top-left-radius:6px;border-top-right-radius:6px;border-bottom-left-radius:6px;border-bottom-right-radius:6px\" target=\"_blank\" rel=\"noreferrer noopener nofollow\">Vizualizare rapoarte<\/a><\/div>\n<\/div>\n","protected":false},"excerpt":{"rendered":"<p class=\"no-padding\">Comisia pentru Evaluarea \u0219i Asigurarea Calit\u0103\u021bii la nivel de Universitate (CEAC-U) \u00a0este structura responsabil\u0103 de implementarea \u0219i monitorizarea sistemului intern&#8230;<\/p>\n","protected":false},"author":1,"featured_media":0,"parent":879,"menu_order":0,"comment_status":"closed","ping_status":"closed","template":"template-tab-group-color.php","meta":{"footnotes":""},"class_list":["post-16530","page","type-page","status-publish","hentry"],"acf":{"galerie_foto":null,"titlu_prezentare_departament":"Despre","text_prezentare_departament":"","alternative_page_title":"","page_contact_email":""},"yoast_head":"<!-- This site is optimized with the Yoast SEO plugin v27.3 - https:\/\/yoast.com\/product\/yoast-seo-wordpress\/ -->\n<title>CEAC-U - UNATC<\/title>\n<meta name=\"robots\" content=\"index, follow, max-snippet:-1, max-image-preview:large, max-video-preview:-1\" \/>\n<link rel=\"canonical\" href=\"https:\/\/unatc.ro\/devunatc\/despre-universitate\/ceac-u\/\" \/>\n<meta property=\"og:locale\" content=\"en_US\" \/>\n<meta property=\"og:type\" content=\"article\" \/>\n<meta property=\"og:title\" content=\"CEAC-U - UNATC\" \/>\n<meta property=\"og:description\" content=\"Comisia pentru Evaluarea \u0219i Asigurarea Calit\u0103\u021bii la nivel de Universitate (CEAC-U) \u00a0este structura responsabil\u0103 de implementarea \u0219i monitorizarea sistemului intern...\" \/>\n<meta property=\"og:url\" content=\"https:\/\/unatc.ro\/devunatc\/despre-universitate\/ceac-u\/\" \/>\n<meta property=\"og:site_name\" content=\"UNATC\" \/>\n<meta property=\"article:publisher\" content=\"https:\/\/www.facebook.com\/UNATC.ILC\/\" \/>\n<meta property=\"article:modified_time\" content=\"2026-03-03T16:06:07+00:00\" \/>\n<meta name=\"twitter:card\" content=\"summary_large_image\" \/>\n<meta name=\"twitter:label1\" content=\"Est. reading time\" \/>\n\t<meta name=\"twitter:data1\" content=\"1 minute\" \/>\n<script type=\"application\/ld+json\" class=\"yoast-schema-graph\">{\"@context\":\"https:\\\/\\\/schema.org\",\"@graph\":[{\"@type\":\"WebPage\",\"@id\":\"https:\\\/\\\/unatc.ro\\\/devunatc\\\/despre-universitate\\\/ceac-u\\\/\",\"url\":\"https:\\\/\\\/unatc.ro\\\/devunatc\\\/despre-universitate\\\/ceac-u\\\/\",\"name\":\"CEAC-U - UNATC\",\"isPartOf\":{\"@id\":\"https:\\\/\\\/unatc.ro\\\/devunatc\\\/#website\"},\"datePublished\":\"2026-03-03T15:34:01+00:00\",\"dateModified\":\"2026-03-03T16:06:07+00:00\",\"breadcrumb\":{\"@id\":\"https:\\\/\\\/unatc.ro\\\/devunatc\\\/despre-universitate\\\/ceac-u\\\/#breadcrumb\"},\"inLanguage\":\"en-US\",\"potentialAction\":[{\"@type\":\"ReadAction\",\"target\":[\"https:\\\/\\\/unatc.ro\\\/devunatc\\\/despre-universitate\\\/ceac-u\\\/\"]}]},{\"@type\":\"BreadcrumbList\",\"@id\":\"https:\\\/\\\/unatc.ro\\\/devunatc\\\/despre-universitate\\\/ceac-u\\\/#breadcrumb\",\"itemListElement\":[{\"@type\":\"ListItem\",\"position\":1,\"name\":\"Home\",\"item\":\"https:\\\/\\\/unatc.ro\\\/devunatc\\\/\"},{\"@type\":\"ListItem\",\"position\":2,\"name\":\"Universitate\",\"item\":\"https:\\\/\\\/unatc.ro\\\/devunatc\\\/despre-universitate\\\/\"},{\"@type\":\"ListItem\",\"position\":3,\"name\":\"CEAC-U\"}]},{\"@type\":\"WebSite\",\"@id\":\"https:\\\/\\\/unatc.ro\\\/devunatc\\\/#website\",\"url\":\"https:\\\/\\\/unatc.ro\\\/devunatc\\\/\",\"name\":\"UNATC\",\"description\":\"\",\"publisher\":{\"@id\":\"https:\\\/\\\/unatc.ro\\\/devunatc\\\/#organization\"},\"potentialAction\":[{\"@type\":\"SearchAction\",\"target\":{\"@type\":\"EntryPoint\",\"urlTemplate\":\"https:\\\/\\\/unatc.ro\\\/devunatc\\\/?s={search_term_string}\"},\"query-input\":{\"@type\":\"PropertyValueSpecification\",\"valueRequired\":true,\"valueName\":\"search_term_string\"}}],\"inLanguage\":\"en-US\"},{\"@type\":\"Organization\",\"@id\":\"https:\\\/\\\/unatc.ro\\\/devunatc\\\/#organization\",\"name\":\"UNATC\",\"url\":\"https:\\\/\\\/unatc.ro\\\/devunatc\\\/\",\"logo\":{\"@type\":\"ImageObject\",\"inLanguage\":\"en-US\",\"@id\":\"https:\\\/\\\/unatc.ro\\\/devunatc\\\/#\\\/schema\\\/logo\\\/image\\\/\",\"url\":\"https:\\\/\\\/unatc.ro\\\/devunatc\\\/wp-content\\\/uploads\\\/2025\\\/07\\\/unatc_logo.png\",\"contentUrl\":\"https:\\\/\\\/unatc.ro\\\/devunatc\\\/wp-content\\\/uploads\\\/2025\\\/07\\\/unatc_logo.png\",\"width\":480,\"height\":469,\"caption\":\"UNATC\"},\"image\":{\"@id\":\"https:\\\/\\\/unatc.ro\\\/devunatc\\\/#\\\/schema\\\/logo\\\/image\\\/\"},\"sameAs\":[\"https:\\\/\\\/www.facebook.com\\\/UNATC.ILC\\\/\",\"https:\\\/\\\/www.youtube.com\\\/c\\\/unatcilcaragiale\",\"https:\\\/\\\/www.instagram.com\\\/unatc_ilcaragiale\\\/?hl=en\",\"https:\\\/\\\/www.tiktok.com\\\/@unatc?lang=en\"]}]}<\/script>\n<!-- \/ Yoast SEO plugin. -->","yoast_head_json":{"title":"CEAC-U - UNATC","robots":{"index":"index","follow":"follow","max-snippet":"max-snippet:-1","max-image-preview":"max-image-preview:large","max-video-preview":"max-video-preview:-1"},"canonical":"https:\/\/unatc.ro\/devunatc\/despre-universitate\/ceac-u\/","og_locale":"en_US","og_type":"article","og_title":"CEAC-U - UNATC","og_description":"Comisia pentru Evaluarea \u0219i Asigurarea Calit\u0103\u021bii la nivel de Universitate (CEAC-U) \u00a0este structura responsabil\u0103 de implementarea \u0219i monitorizarea sistemului intern...","og_url":"https:\/\/unatc.ro\/devunatc\/despre-universitate\/ceac-u\/","og_site_name":"UNATC","article_publisher":"https:\/\/www.facebook.com\/UNATC.ILC\/","article_modified_time":"2026-03-03T16:06:07+00:00","twitter_card":"summary_large_image","twitter_misc":{"Est. reading time":"1 minute"},"schema":{"@context":"https:\/\/schema.org","@graph":[{"@type":"WebPage","@id":"https:\/\/unatc.ro\/devunatc\/despre-universitate\/ceac-u\/","url":"https:\/\/unatc.ro\/devunatc\/despre-universitate\/ceac-u\/","name":"CEAC-U - UNATC","isPartOf":{"@id":"https:\/\/unatc.ro\/devunatc\/#website"},"datePublished":"2026-03-03T15:34:01+00:00","dateModified":"2026-03-03T16:06:07+00:00","breadcrumb":{"@id":"https:\/\/unatc.ro\/devunatc\/despre-universitate\/ceac-u\/#breadcrumb"},"inLanguage":"en-US","potentialAction":[{"@type":"ReadAction","target":["https:\/\/unatc.ro\/devunatc\/despre-universitate\/ceac-u\/"]}]},{"@type":"BreadcrumbList","@id":"https:\/\/unatc.ro\/devunatc\/despre-universitate\/ceac-u\/#breadcrumb","itemListElement":[{"@type":"ListItem","position":1,"name":"Home","item":"https:\/\/unatc.ro\/devunatc\/"},{"@type":"ListItem","position":2,"name":"Universitate","item":"https:\/\/unatc.ro\/devunatc\/despre-universitate\/"},{"@type":"ListItem","position":3,"name":"CEAC-U"}]},{"@type":"WebSite","@id":"https:\/\/unatc.ro\/devunatc\/#website","url":"https:\/\/unatc.ro\/devunatc\/","name":"UNATC","description":"","publisher":{"@id":"https:\/\/unatc.ro\/devunatc\/#organization"},"potentialAction":[{"@type":"SearchAction","target":{"@type":"EntryPoint","urlTemplate":"https:\/\/unatc.ro\/devunatc\/?s={search_term_string}"},"query-input":{"@type":"PropertyValueSpecification","valueRequired":true,"valueName":"search_term_string"}}],"inLanguage":"en-US"},{"@type":"Organization","@id":"https:\/\/unatc.ro\/devunatc\/#organization","name":"UNATC","url":"https:\/\/unatc.ro\/devunatc\/","logo":{"@type":"ImageObject","inLanguage":"en-US","@id":"https:\/\/unatc.ro\/devunatc\/#\/schema\/logo\/image\/","url":"https:\/\/unatc.ro\/devunatc\/wp-content\/uploads\/2025\/07\/unatc_logo.png","contentUrl":"https:\/\/unatc.ro\/devunatc\/wp-content\/uploads\/2025\/07\/unatc_logo.png","width":480,"height":469,"caption":"UNATC"},"image":{"@id":"https:\/\/unatc.ro\/devunatc\/#\/schema\/logo\/image\/"},"sameAs":["https:\/\/www.facebook.com\/UNATC.ILC\/","https:\/\/www.youtube.com\/c\/unatcilcaragiale","https:\/\/www.instagram.com\/unatc_ilcaragiale\/?hl=en","https:\/\/www.tiktok.com\/@unatc?lang=en"]}]}},"jetpack_sharing_enabled":true,"_links":{"self":[{"href":"https:\/\/unatc.ro\/devunatc\/wp-json\/wp\/v2\/pages\/16530","targetHints":{"allow":["GET"]}}],"collection":[{"href":"https:\/\/unatc.ro\/devunatc\/wp-json\/wp\/v2\/pages"}],"about":[{"href":"https:\/\/unatc.ro\/devunatc\/wp-json\/wp\/v2\/types\/page"}],"author":[{"embeddable":true,"href":"https:\/\/unatc.ro\/devunatc\/wp-json\/wp\/v2\/users\/1"}],"replies":[{"embeddable":true,"href":"https:\/\/unatc.ro\/devunatc\/wp-json\/wp\/v2\/comments?post=16530"}],"version-history":[{"count":16,"href":"https:\/\/unatc.ro\/devunatc\/wp-json\/wp\/v2\/pages\/16530\/revisions"}],"predecessor-version":[{"id":16552,"href":"https:\/\/unatc.ro\/devunatc\/wp-json\/wp\/v2\/pages\/16530\/revisions\/16552"}],"up":[{"embeddable":true,"href":"https:\/\/unatc.ro\/devunatc\/wp-json\/wp\/v2\/pages\/879"}],"wp:attachment":[{"href":"https:\/\/unatc.ro\/devunatc\/wp-json\/wp\/v2\/media?parent=16530"}],"curies":[{"name":"wp","href":"https:\/\/api.w.org\/{rel}","templated":true}]}}