{"id":15308,"date":"2025-06-30T16:08:34","date_gmt":"2025-06-30T14:08:34","guid":{"rendered":"https:\/\/unatc.ro\/devunatc\/?page_id=15308"},"modified":"2025-06-30T16:10:04","modified_gmt":"2025-06-30T14:10:04","slug":"ffcsu","status":"publish","type":"page","link":"https:\/\/unatc.ro\/devunatc\/cercetare\/ffcsu\/","title":{"rendered":"FFCSU"},"content":{"rendered":"\n<div class=\"wp-block-group\"><div class=\"wp-block-group__inner-container is-layout-constrained wp-block-group-is-layout-constrained\">\n<h1 class=\"wp-block-heading\"><strong>FONDUL PENTRU FINAN\u021aAREA CERCET\u0102RII \u0218TIIN\u021aIFICE UNIVERSITARE \u2013 FFCSU UNATC 2025<\/strong><\/h1>\n\n\n\n<hr class=\"wp-block-separator has-alpha-channel-opacity is-style-wide\"\/>\n\n\n\n<p>UNATC I.L. Caragiale&nbsp; lanseaz\u0103 competi\u021bia intern\u0103 de cercetare pentru anul 2025, destinat\u0103 finan\u021b\u0103rii proiectelor individuale \u0219i de echip\u0103 care contribuie la cre\u0219terea calit\u0103\u021bii cercet\u0103rii \u0219tiin\u021bifice universitare. Cu un buget total de <strong>175.000 lei<\/strong>, <strong>FFCSU UNATC 2025<\/strong> sprijin\u0103 dezvoltarea resurselor umane \u0219i cre\u0219terea rezultatelor de cercetare \u0219i a&nbsp; vizibilit\u0103\u021bii interna\u021bionale a activit\u0103\u021bilor de cercetare din cadrul UNATC. Vor fi acordate maximum <strong>6 granturi pentru proiecte \u00een echip\u0103<\/strong>, \u00een valoare de cel mult <strong>25.000 lei <\/strong>fiecare, \u0219i<strong> 5 granturi individuale<\/strong>, \u00een valoare de cel mult <strong>5.000 lei<\/strong> fiecare. Finan\u021barea se acord\u0103 \u00een urma unei competi\u021bii interne, pe baza criteriilor de eligibilitate \u0219i evaluare, \u00een domenii \u0219i tematici precum teatru, artele spectacolului, cinematografie \u0219i media, arte pentru societate, practici sustenabile, cercetare artistic\u0103 \u0219i tehnologii emergente.<\/p>\n\n\n\n<p>Sunt eligibili membrii titulari ai comunit\u0103\u021bii academice UNATC \u2013 cadre didactice, tehnicieni \u0219i cercet\u0103tori, iar proiectele pot fi depuse individual sau \u00een echipe interdisciplinare. Sunt \u00eencurajate propunerile care includ activit\u0103\u021bi de training \u0219i dezvoltare de competen\u021be&nbsp; pentru cadre didactice, cercet\u0103tori, studen\u021bi sau doctoranzi \u0219i personal auxiliar, proiecte cu caracter sustenabil, \u00eentre departamente, \u00een acord cu <a href=\"https:\/\/www.research.gov.ro\/programe-nationale\/strategia-nationala-de-cercetare-inovare-si-specializare-inteligenta-2022-2027\/\"><em>Strategia na\u021bional\u0103 de cercetare<\/em><\/a>, respectiv cu <a href=\"https:\/\/unatc.ro\/devunatc\/wp-content\/uploads\/2025\/03\/2.-Plan-operational-2025.pdf\"><em>Planul opera\u021bional al UNATC pentru anul 2025<\/em><\/a>. Pentru a fi finan\u021bate este necesar ca propunerile s\u0103 aib\u0103 \u0219i rezultate specifice cercet\u0103rii.&nbsp;<\/p>\n\n\n\n<p><strong>Pachetul complet de informa\u021bii, al\u0103turi de formularele necesare, este disponibil la sec\u021biunea CERCETARE &#8211; FFCSU UNATC 2025.<\/strong><\/p>\n\n\n\n<figure class=\"wp-block-table\"><table class=\"has-fixed-layout\"><tbody><tr><td colspan=\"2\"><strong>CALENDAR COMPETI\u021aIE CERCETARE FFCSU UNATC 2025<\/strong><\/td><\/tr><tr><td>Lansarea perioadei de depunere a proiectelor<\/td><td><strong>1 iulie 2025<\/strong><\/td><\/tr><tr><td>Termen de depunere a proiectelor &#8211; cercetare@unatc.ro&nbsp;<\/td><td><strong>20&nbsp; iulie 2025<\/strong><\/td><\/tr><tr><td>Evaluarea proiectelor \u0219i afi\u0219area rezultatelor preliminare \u0219i a bugetelor aprobate de comisia de evaluare<\/td><td><strong>20 iulie &#8211; 10 august 2025<\/strong><\/td><\/tr><tr><td>Actualizarea cererilor admise la finan\u021bare conform bugetelor aprobate \/ observa\u021biilor comisiei de evaluare \u0219i \u00eenregistrarea acestora la secretariat UNATC<\/td><td><strong>25 august 2025<\/strong><\/td><\/tr><tr><td>Termen de transmitere a referatelor de angajare pentru contractele de munc\u0103 necesare desf\u0103\u0219ur\u0103rii activit\u0103\u021bilor<\/td><td><strong>1 septembrie 2025<\/strong><\/td><\/tr><tr><td>Termen de transmitere al planului de achizi\u021bii&nbsp;<\/td><td><strong>1 septembrie 2025<\/strong><\/td><\/tr><tr><td>Termen OBLIGATORIU de finalizare al achizi\u021biilor din proiecte<\/td><td><strong>1 noiembrie 2025<\/strong><\/td><\/tr><tr><td>Termen OBLIGATORIU de \u00eencheiere a contractelor de munc\u0103<\/td><td><strong>29 noiembrie 2025<\/strong><\/td><\/tr><tr><td>Finalizarea proiectelor&nbsp;<\/td><td><strong>cel t\u00e2rziu 1 decembrie 2025<\/strong><\/td><\/tr><tr><td>Transmiterea spre aprobare c\u0103tre Consiliul de Administra\u021bie al UNATC, a Anexei 3 AUTOEVALUARE \/ RAPORT TEHNIC \u0218I FINANCIAR&nbsp;<\/td><td><strong>15 ianuarie 2026<\/strong><\/td><\/tr><\/tbody><\/table><\/figure>\n\n\n\n<p>Informa\u021bii suplimentare \u0219i depunerea la adresa de e-mail cercetare@unatc.ro&nbsp;<\/p>\n\n\n\n<p><\/p>\n<\/div><\/div>\n\n\n\n<div class=\"wp-block-buttons is-layout-flex wp-block-buttons-is-layout-flex\">\n<div class=\"wp-block-button\"><a class=\"wp-block-button__link wp-element-button\" href=\"https:\/\/www.dropbox.com\/scl\/fo\/2f5d3xioosyeszkv5sp4b\/AIxWx18CgiZffPcektaOiCA?rlkey=vi7lgq0guor0r30ptwbzn6sv9&amp;st=ewvoy2f9&amp;dl=0\" target=\"_blank\" rel=\"noreferrer noopener\">Documente FFCSU 2025<\/a><\/div>\n<\/div>\n","protected":false},"excerpt":{"rendered":"<p class=\"no-padding\">FONDUL PENTRU FINAN\u021aAREA CERCET\u0102RII \u0218TIIN\u021aIFICE UNIVERSITARE \u2013 FFCSU UNATC 2025 UNATC I.L. Caragiale&nbsp; lanseaz\u0103 competi\u021bia intern\u0103 de cercetare pentru anul&#8230;<\/p>\n","protected":false},"author":1,"featured_media":0,"parent":17,"menu_order":0,"comment_status":"closed","ping_status":"closed","template":"template-tab-group.php","meta":{"footnotes":""},"class_list":["post-15308","page","type-page","status-publish","hentry"],"acf":{"galerie_foto":null,"alternative_page_title":"","page_contact_email":""},"yoast_head":"<!-- This site is optimized with the Yoast SEO plugin v27.3 - https:\/\/yoast.com\/product\/yoast-seo-wordpress\/ -->\n<title>FFCSU - UNATC<\/title>\n<meta name=\"robots\" content=\"index, follow, max-snippet:-1, max-image-preview:large, max-video-preview:-1\" \/>\n<link rel=\"canonical\" href=\"https:\/\/unatc.ro\/devunatc\/cercetare\/ffcsu\/\" \/>\n<meta property=\"og:locale\" content=\"en_US\" \/>\n<meta property=\"og:type\" content=\"article\" \/>\n<meta property=\"og:title\" content=\"FFCSU - UNATC\" \/>\n<meta property=\"og:description\" content=\"FONDUL PENTRU FINAN\u021aAREA CERCET\u0102RII \u0218TIIN\u021aIFICE UNIVERSITARE \u2013 FFCSU UNATC 2025 UNATC I.L. Caragiale&nbsp; lanseaz\u0103 competi\u021bia intern\u0103 de cercetare pentru anul...\" \/>\n<meta property=\"og:url\" content=\"https:\/\/unatc.ro\/devunatc\/cercetare\/ffcsu\/\" \/>\n<meta property=\"og:site_name\" content=\"UNATC\" \/>\n<meta property=\"article:publisher\" content=\"https:\/\/www.facebook.com\/UNATC.ILC\/\" \/>\n<meta property=\"article:modified_time\" content=\"2025-06-30T14:10:04+00:00\" \/>\n<meta name=\"twitter:card\" content=\"summary_large_image\" \/>\n<meta name=\"twitter:label1\" content=\"Est. reading time\" \/>\n\t<meta name=\"twitter:data1\" content=\"2 minutes\" \/>\n<script type=\"application\/ld+json\" class=\"yoast-schema-graph\">{\"@context\":\"https:\\\/\\\/schema.org\",\"@graph\":[{\"@type\":\"WebPage\",\"@id\":\"https:\\\/\\\/unatc.ro\\\/devunatc\\\/cercetare\\\/ffcsu\\\/\",\"url\":\"https:\\\/\\\/unatc.ro\\\/devunatc\\\/cercetare\\\/ffcsu\\\/\",\"name\":\"FFCSU - UNATC\",\"isPartOf\":{\"@id\":\"https:\\\/\\\/unatc.ro\\\/devunatc\\\/#website\"},\"datePublished\":\"2025-06-30T14:08:34+00:00\",\"dateModified\":\"2025-06-30T14:10:04+00:00\",\"breadcrumb\":{\"@id\":\"https:\\\/\\\/unatc.ro\\\/devunatc\\\/cercetare\\\/ffcsu\\\/#breadcrumb\"},\"inLanguage\":\"en-US\",\"potentialAction\":[{\"@type\":\"ReadAction\",\"target\":[\"https:\\\/\\\/unatc.ro\\\/devunatc\\\/cercetare\\\/ffcsu\\\/\"]}]},{\"@type\":\"BreadcrumbList\",\"@id\":\"https:\\\/\\\/unatc.ro\\\/devunatc\\\/cercetare\\\/ffcsu\\\/#breadcrumb\",\"itemListElement\":[{\"@type\":\"ListItem\",\"position\":1,\"name\":\"Home\",\"item\":\"https:\\\/\\\/unatc.ro\\\/devunatc\\\/\"},{\"@type\":\"ListItem\",\"position\":2,\"name\":\"Cercetare\",\"item\":\"https:\\\/\\\/unatc.ro\\\/devunatc\\\/cercetare\\\/\"},{\"@type\":\"ListItem\",\"position\":3,\"name\":\"FFCSU\"}]},{\"@type\":\"WebSite\",\"@id\":\"https:\\\/\\\/unatc.ro\\\/devunatc\\\/#website\",\"url\":\"https:\\\/\\\/unatc.ro\\\/devunatc\\\/\",\"name\":\"UNATC\",\"description\":\"\",\"publisher\":{\"@id\":\"https:\\\/\\\/unatc.ro\\\/devunatc\\\/#organization\"},\"potentialAction\":[{\"@type\":\"SearchAction\",\"target\":{\"@type\":\"EntryPoint\",\"urlTemplate\":\"https:\\\/\\\/unatc.ro\\\/devunatc\\\/?s={search_term_string}\"},\"query-input\":{\"@type\":\"PropertyValueSpecification\",\"valueRequired\":true,\"valueName\":\"search_term_string\"}}],\"inLanguage\":\"en-US\"},{\"@type\":\"Organization\",\"@id\":\"https:\\\/\\\/unatc.ro\\\/devunatc\\\/#organization\",\"name\":\"UNATC\",\"url\":\"https:\\\/\\\/unatc.ro\\\/devunatc\\\/\",\"logo\":{\"@type\":\"ImageObject\",\"inLanguage\":\"en-US\",\"@id\":\"https:\\\/\\\/unatc.ro\\\/devunatc\\\/#\\\/schema\\\/logo\\\/image\\\/\",\"url\":\"https:\\\/\\\/unatc.ro\\\/devunatc\\\/wp-content\\\/uploads\\\/2025\\\/07\\\/unatc_logo.png\",\"contentUrl\":\"https:\\\/\\\/unatc.ro\\\/devunatc\\\/wp-content\\\/uploads\\\/2025\\\/07\\\/unatc_logo.png\",\"width\":480,\"height\":469,\"caption\":\"UNATC\"},\"image\":{\"@id\":\"https:\\\/\\\/unatc.ro\\\/devunatc\\\/#\\\/schema\\\/logo\\\/image\\\/\"},\"sameAs\":[\"https:\\\/\\\/www.facebook.com\\\/UNATC.ILC\\\/\",\"https:\\\/\\\/www.youtube.com\\\/c\\\/unatcilcaragiale\",\"https:\\\/\\\/www.instagram.com\\\/unatc_ilcaragiale\\\/?hl=en\",\"https:\\\/\\\/www.tiktok.com\\\/@unatc?lang=en\"]}]}<\/script>\n<!-- \/ Yoast SEO plugin. -->","yoast_head_json":{"title":"FFCSU - UNATC","robots":{"index":"index","follow":"follow","max-snippet":"max-snippet:-1","max-image-preview":"max-image-preview:large","max-video-preview":"max-video-preview:-1"},"canonical":"https:\/\/unatc.ro\/devunatc\/cercetare\/ffcsu\/","og_locale":"en_US","og_type":"article","og_title":"FFCSU - UNATC","og_description":"FONDUL PENTRU FINAN\u021aAREA CERCET\u0102RII \u0218TIIN\u021aIFICE UNIVERSITARE \u2013 FFCSU UNATC 2025 UNATC I.L. Caragiale&nbsp; lanseaz\u0103 competi\u021bia intern\u0103 de cercetare pentru anul...","og_url":"https:\/\/unatc.ro\/devunatc\/cercetare\/ffcsu\/","og_site_name":"UNATC","article_publisher":"https:\/\/www.facebook.com\/UNATC.ILC\/","article_modified_time":"2025-06-30T14:10:04+00:00","twitter_card":"summary_large_image","twitter_misc":{"Est. reading time":"2 minutes"},"schema":{"@context":"https:\/\/schema.org","@graph":[{"@type":"WebPage","@id":"https:\/\/unatc.ro\/devunatc\/cercetare\/ffcsu\/","url":"https:\/\/unatc.ro\/devunatc\/cercetare\/ffcsu\/","name":"FFCSU - UNATC","isPartOf":{"@id":"https:\/\/unatc.ro\/devunatc\/#website"},"datePublished":"2025-06-30T14:08:34+00:00","dateModified":"2025-06-30T14:10:04+00:00","breadcrumb":{"@id":"https:\/\/unatc.ro\/devunatc\/cercetare\/ffcsu\/#breadcrumb"},"inLanguage":"en-US","potentialAction":[{"@type":"ReadAction","target":["https:\/\/unatc.ro\/devunatc\/cercetare\/ffcsu\/"]}]},{"@type":"BreadcrumbList","@id":"https:\/\/unatc.ro\/devunatc\/cercetare\/ffcsu\/#breadcrumb","itemListElement":[{"@type":"ListItem","position":1,"name":"Home","item":"https:\/\/unatc.ro\/devunatc\/"},{"@type":"ListItem","position":2,"name":"Cercetare","item":"https:\/\/unatc.ro\/devunatc\/cercetare\/"},{"@type":"ListItem","position":3,"name":"FFCSU"}]},{"@type":"WebSite","@id":"https:\/\/unatc.ro\/devunatc\/#website","url":"https:\/\/unatc.ro\/devunatc\/","name":"UNATC","description":"","publisher":{"@id":"https:\/\/unatc.ro\/devunatc\/#organization"},"potentialAction":[{"@type":"SearchAction","target":{"@type":"EntryPoint","urlTemplate":"https:\/\/unatc.ro\/devunatc\/?s={search_term_string}"},"query-input":{"@type":"PropertyValueSpecification","valueRequired":true,"valueName":"search_term_string"}}],"inLanguage":"en-US"},{"@type":"Organization","@id":"https:\/\/unatc.ro\/devunatc\/#organization","name":"UNATC","url":"https:\/\/unatc.ro\/devunatc\/","logo":{"@type":"ImageObject","inLanguage":"en-US","@id":"https:\/\/unatc.ro\/devunatc\/#\/schema\/logo\/image\/","url":"https:\/\/unatc.ro\/devunatc\/wp-content\/uploads\/2025\/07\/unatc_logo.png","contentUrl":"https:\/\/unatc.ro\/devunatc\/wp-content\/uploads\/2025\/07\/unatc_logo.png","width":480,"height":469,"caption":"UNATC"},"image":{"@id":"https:\/\/unatc.ro\/devunatc\/#\/schema\/logo\/image\/"},"sameAs":["https:\/\/www.facebook.com\/UNATC.ILC\/","https:\/\/www.youtube.com\/c\/unatcilcaragiale","https:\/\/www.instagram.com\/unatc_ilcaragiale\/?hl=en","https:\/\/www.tiktok.com\/@unatc?lang=en"]}]}},"jetpack_sharing_enabled":true,"_links":{"self":[{"href":"https:\/\/unatc.ro\/devunatc\/wp-json\/wp\/v2\/pages\/15308","targetHints":{"allow":["GET"]}}],"collection":[{"href":"https:\/\/unatc.ro\/devunatc\/wp-json\/wp\/v2\/pages"}],"about":[{"href":"https:\/\/unatc.ro\/devunatc\/wp-json\/wp\/v2\/types\/page"}],"author":[{"embeddable":true,"href":"https:\/\/unatc.ro\/devunatc\/wp-json\/wp\/v2\/users\/1"}],"replies":[{"embeddable":true,"href":"https:\/\/unatc.ro\/devunatc\/wp-json\/wp\/v2\/comments?post=15308"}],"version-history":[{"count":2,"href":"https:\/\/unatc.ro\/devunatc\/wp-json\/wp\/v2\/pages\/15308\/revisions"}],"predecessor-version":[{"id":15310,"href":"https:\/\/unatc.ro\/devunatc\/wp-json\/wp\/v2\/pages\/15308\/revisions\/15310"}],"up":[{"embeddable":true,"href":"https:\/\/unatc.ro\/devunatc\/wp-json\/wp\/v2\/pages\/17"}],"wp:attachment":[{"href":"https:\/\/unatc.ro\/devunatc\/wp-json\/wp\/v2\/media?parent=15308"}],"curies":[{"name":"wp","href":"https:\/\/api.w.org\/{rel}","templated":true}]}}