{"id":14152,"date":"2024-10-31T15:06:09","date_gmt":"2024-10-31T13:06:09","guid":{"rendered":"https:\/\/unatc.ro\/devunatc\/?page_id=14152"},"modified":"2024-11-06T18:38:25","modified_gmt":"2024-11-06T16:38:25","slug":"achizitii-publice","status":"publish","type":"page","link":"https:\/\/unatc.ro\/devunatc\/achizitii-publice\/","title":{"rendered":"Achizi\u021bii publice"},"content":{"rendered":"\n<p>UNATC public\u0103 anun\u021buri pentru procedurile de achizi\u021bii publice necesare bunei organiz\u0103ri \u015fi desf\u0103\u015fur\u0103ri a activit\u0103\u0163ii din cadrul institu\u021biei. V\u0103 rug\u0103m s\u0103 arunca\u021bi o privire pentru a participa la procedura de atribuire.<\/p>\n\n\n\n<p><\/p>\n\n\n\n<div class=\"wp-block-incas-blocks-collapse\"><div class=\"columns heading-title true\"><blockquote class=\"flex-heading\"><div class=\"expand-bar\"><\/div><p class=\"block-heading-title\">OCTOMBRIE<\/p><div class=\"block-heading-subtitle\"><\/div><\/blockquote><\/div><div class=\"collapse-body\"><p class=\"highlight-body\"><\/p><div class=\"wp-block-incas-blocks-collapse\">\n<div class=\"wp-block-columns is-layout-flex wp-container-core-columns-is-layout-9d6595d7 wp-block-columns-is-layout-flex\">\n<div class=\"wp-block-column is-layout-flow wp-block-column-is-layout-flow\" style=\"flex-basis:40px\">\n<div class=\"wp-block-outermost-icon-block\"><div class=\"icon-container flip-horizontal\" style=\"width:48px\"><svg xmlns=\"http:\/\/www.w3.org\/2000\/svg\" viewBox=\"0 0 24 24\" aria-hidden=\"true\"><path d=\"M5.5 12h1.75l-2.5 3-2.5-3H4a8 8 0 113.134 6.35l.907-1.194A6.5 6.5 0 105.5 12zm9.53 1.97l-2.28-2.28V8.5a.75.75 0 00-1.5 0V12a.747.747 0 00.218.529l1.282-.84-1.28.842 2.5 2.5a.75.75 0 101.06-1.061z\"><\/path><\/svg><\/div><\/div>\n<\/div>\n\n\n\n<div class=\"wp-block-column is-layout-flow wp-block-column-is-layout-flow\">\n<p>29.10.2024<br><strong>DigitalEyes UNATC<\/strong>. Se continu\u0103 astfel un amplu proces de digitalizare, de aceast\u0103 dat\u0103 prin accesarea fondurilor din cadrul Planului Na\u0163ional de Redresare \u015fi Rezilien\u0163\u0103 \u2013<strong>\u201ePNRR: Fonduri pentru Rom\u00e2nia modern\u0103 \u0219i reformat\u0103\u201d<\/strong>, ini\u021biat de Minsiterul Educa\u021biei.<\/p>\n\n\n\n<p><\/p>\n\n\n\n<div class=\"wp-block-buttons is-layout-flex wp-block-buttons-is-layout-flex\">\n<div class=\"wp-block-button has-custom-font-size is-style-outline has-small-font-size is-style-outline--1\"><a class=\"wp-block-button__link has-black-color has-text-color has-link-color wp-element-button\" href=\"https:\/\/unatc.ro\/devunatc\/achizitii-pnrr\/\" style=\"border-radius:0px\"><mark style=\"background-color:rgba(0, 0, 0, 0)\" class=\"has-inline-color has-black-color\">Invita\u021bie de participare<\/mark><\/a><\/div>\n<\/div>\n<\/div>\n<\/div>\n<\/div><\/div><\/div>\n\n\n\n<p><\/p>\n","protected":false},"excerpt":{"rendered":"<p class=\"no-padding\">UNATC public\u0103 anun\u021buri pentru procedurile de achizi\u021bii publice necesare bunei organiz\u0103ri \u015fi desf\u0103\u015fur\u0103ri a activit\u0103\u0163ii din cadrul institu\u021biei. V\u0103 rug\u0103m&#8230;<\/p>\n","protected":false},"author":1,"featured_media":0,"parent":0,"menu_order":0,"comment_status":"closed","ping_status":"closed","template":"template-generic.php","meta":{"footnotes":""},"class_list":["post-14152","page","type-page","status-publish","hentry"],"acf":{"galerie_foto":null,"alternative_page_title":"","page_contact_email":""},"yoast_head":"<!-- This site is optimized with the Yoast SEO plugin v27.4 - https:\/\/yoast.com\/product\/yoast-seo-wordpress\/ -->\n<title>Achizi\u021bii publice - UNATC<\/title>\n<meta name=\"robots\" content=\"index, follow, max-snippet:-1, max-image-preview:large, max-video-preview:-1\" \/>\n<link rel=\"canonical\" href=\"https:\/\/unatc.ro\/devunatc\/achizitii-publice\/\" \/>\n<meta property=\"og:locale\" content=\"en_US\" \/>\n<meta property=\"og:type\" content=\"article\" \/>\n<meta property=\"og:title\" content=\"Achizi\u021bii publice - UNATC\" \/>\n<meta property=\"og:description\" content=\"UNATC public\u0103 anun\u021buri pentru procedurile de achizi\u021bii publice necesare bunei organiz\u0103ri \u015fi desf\u0103\u015fur\u0103ri a activit\u0103\u0163ii din cadrul institu\u021biei. V\u0103 rug\u0103m...\" \/>\n<meta property=\"og:url\" content=\"https:\/\/unatc.ro\/devunatc\/achizitii-publice\/\" \/>\n<meta property=\"og:site_name\" content=\"UNATC\" \/>\n<meta property=\"article:publisher\" content=\"https:\/\/www.facebook.com\/UNATC.ILC\/\" \/>\n<meta property=\"article:modified_time\" content=\"2024-11-06T16:38:25+00:00\" \/>\n<meta name=\"twitter:card\" content=\"summary_large_image\" \/>\n<script type=\"application\/ld+json\" class=\"yoast-schema-graph\">{\"@context\":\"https:\\\/\\\/schema.org\",\"@graph\":[{\"@type\":\"WebPage\",\"@id\":\"https:\\\/\\\/unatc.ro\\\/devunatc\\\/achizitii-publice\\\/\",\"url\":\"https:\\\/\\\/unatc.ro\\\/devunatc\\\/achizitii-publice\\\/\",\"name\":\"Achizi\u021bii publice - UNATC\",\"isPartOf\":{\"@id\":\"https:\\\/\\\/unatc.ro\\\/devunatc\\\/#website\"},\"datePublished\":\"2024-10-31T13:06:09+00:00\",\"dateModified\":\"2024-11-06T16:38:25+00:00\",\"breadcrumb\":{\"@id\":\"https:\\\/\\\/unatc.ro\\\/devunatc\\\/achizitii-publice\\\/#breadcrumb\"},\"inLanguage\":\"en-US\",\"potentialAction\":[{\"@type\":\"ReadAction\",\"target\":[\"https:\\\/\\\/unatc.ro\\\/devunatc\\\/achizitii-publice\\\/\"]}]},{\"@type\":\"BreadcrumbList\",\"@id\":\"https:\\\/\\\/unatc.ro\\\/devunatc\\\/achizitii-publice\\\/#breadcrumb\",\"itemListElement\":[{\"@type\":\"ListItem\",\"position\":1,\"name\":\"Home\",\"item\":\"https:\\\/\\\/unatc.ro\\\/devunatc\\\/\"},{\"@type\":\"ListItem\",\"position\":2,\"name\":\"Achizi\u021bii publice\"}]},{\"@type\":\"WebSite\",\"@id\":\"https:\\\/\\\/unatc.ro\\\/devunatc\\\/#website\",\"url\":\"https:\\\/\\\/unatc.ro\\\/devunatc\\\/\",\"name\":\"UNATC\",\"description\":\"\",\"publisher\":{\"@id\":\"https:\\\/\\\/unatc.ro\\\/devunatc\\\/#organization\"},\"potentialAction\":[{\"@type\":\"SearchAction\",\"target\":{\"@type\":\"EntryPoint\",\"urlTemplate\":\"https:\\\/\\\/unatc.ro\\\/devunatc\\\/?s={search_term_string}\"},\"query-input\":{\"@type\":\"PropertyValueSpecification\",\"valueRequired\":true,\"valueName\":\"search_term_string\"}}],\"inLanguage\":\"en-US\"},{\"@type\":\"Organization\",\"@id\":\"https:\\\/\\\/unatc.ro\\\/devunatc\\\/#organization\",\"name\":\"UNATC\",\"url\":\"https:\\\/\\\/unatc.ro\\\/devunatc\\\/\",\"logo\":{\"@type\":\"ImageObject\",\"inLanguage\":\"en-US\",\"@id\":\"https:\\\/\\\/unatc.ro\\\/devunatc\\\/#\\\/schema\\\/logo\\\/image\\\/\",\"url\":\"https:\\\/\\\/unatc.ro\\\/devunatc\\\/wp-content\\\/uploads\\\/2025\\\/07\\\/unatc_logo.png\",\"contentUrl\":\"https:\\\/\\\/unatc.ro\\\/devunatc\\\/wp-content\\\/uploads\\\/2025\\\/07\\\/unatc_logo.png\",\"width\":480,\"height\":469,\"caption\":\"UNATC\"},\"image\":{\"@id\":\"https:\\\/\\\/unatc.ro\\\/devunatc\\\/#\\\/schema\\\/logo\\\/image\\\/\"},\"sameAs\":[\"https:\\\/\\\/www.facebook.com\\\/UNATC.ILC\\\/\",\"https:\\\/\\\/www.youtube.com\\\/c\\\/unatcilcaragiale\",\"https:\\\/\\\/www.instagram.com\\\/unatc_ilcaragiale\\\/?hl=en\",\"https:\\\/\\\/www.tiktok.com\\\/@unatc?lang=en\"]}]}<\/script>\n<!-- \/ Yoast SEO plugin. -->","yoast_head_json":{"title":"Achizi\u021bii publice - UNATC","robots":{"index":"index","follow":"follow","max-snippet":"max-snippet:-1","max-image-preview":"max-image-preview:large","max-video-preview":"max-video-preview:-1"},"canonical":"https:\/\/unatc.ro\/devunatc\/achizitii-publice\/","og_locale":"en_US","og_type":"article","og_title":"Achizi\u021bii publice - UNATC","og_description":"UNATC public\u0103 anun\u021buri pentru procedurile de achizi\u021bii publice necesare bunei organiz\u0103ri \u015fi desf\u0103\u015fur\u0103ri a activit\u0103\u0163ii din cadrul institu\u021biei. V\u0103 rug\u0103m...","og_url":"https:\/\/unatc.ro\/devunatc\/achizitii-publice\/","og_site_name":"UNATC","article_publisher":"https:\/\/www.facebook.com\/UNATC.ILC\/","article_modified_time":"2024-11-06T16:38:25+00:00","twitter_card":"summary_large_image","schema":{"@context":"https:\/\/schema.org","@graph":[{"@type":"WebPage","@id":"https:\/\/unatc.ro\/devunatc\/achizitii-publice\/","url":"https:\/\/unatc.ro\/devunatc\/achizitii-publice\/","name":"Achizi\u021bii publice - UNATC","isPartOf":{"@id":"https:\/\/unatc.ro\/devunatc\/#website"},"datePublished":"2024-10-31T13:06:09+00:00","dateModified":"2024-11-06T16:38:25+00:00","breadcrumb":{"@id":"https:\/\/unatc.ro\/devunatc\/achizitii-publice\/#breadcrumb"},"inLanguage":"en-US","potentialAction":[{"@type":"ReadAction","target":["https:\/\/unatc.ro\/devunatc\/achizitii-publice\/"]}]},{"@type":"BreadcrumbList","@id":"https:\/\/unatc.ro\/devunatc\/achizitii-publice\/#breadcrumb","itemListElement":[{"@type":"ListItem","position":1,"name":"Home","item":"https:\/\/unatc.ro\/devunatc\/"},{"@type":"ListItem","position":2,"name":"Achizi\u021bii publice"}]},{"@type":"WebSite","@id":"https:\/\/unatc.ro\/devunatc\/#website","url":"https:\/\/unatc.ro\/devunatc\/","name":"UNATC","description":"","publisher":{"@id":"https:\/\/unatc.ro\/devunatc\/#organization"},"potentialAction":[{"@type":"SearchAction","target":{"@type":"EntryPoint","urlTemplate":"https:\/\/unatc.ro\/devunatc\/?s={search_term_string}"},"query-input":{"@type":"PropertyValueSpecification","valueRequired":true,"valueName":"search_term_string"}}],"inLanguage":"en-US"},{"@type":"Organization","@id":"https:\/\/unatc.ro\/devunatc\/#organization","name":"UNATC","url":"https:\/\/unatc.ro\/devunatc\/","logo":{"@type":"ImageObject","inLanguage":"en-US","@id":"https:\/\/unatc.ro\/devunatc\/#\/schema\/logo\/image\/","url":"https:\/\/unatc.ro\/devunatc\/wp-content\/uploads\/2025\/07\/unatc_logo.png","contentUrl":"https:\/\/unatc.ro\/devunatc\/wp-content\/uploads\/2025\/07\/unatc_logo.png","width":480,"height":469,"caption":"UNATC"},"image":{"@id":"https:\/\/unatc.ro\/devunatc\/#\/schema\/logo\/image\/"},"sameAs":["https:\/\/www.facebook.com\/UNATC.ILC\/","https:\/\/www.youtube.com\/c\/unatcilcaragiale","https:\/\/www.instagram.com\/unatc_ilcaragiale\/?hl=en","https:\/\/www.tiktok.com\/@unatc?lang=en"]}]}},"jetpack_sharing_enabled":true,"_links":{"self":[{"href":"https:\/\/unatc.ro\/devunatc\/wp-json\/wp\/v2\/pages\/14152","targetHints":{"allow":["GET"]}}],"collection":[{"href":"https:\/\/unatc.ro\/devunatc\/wp-json\/wp\/v2\/pages"}],"about":[{"href":"https:\/\/unatc.ro\/devunatc\/wp-json\/wp\/v2\/types\/page"}],"author":[{"embeddable":true,"href":"https:\/\/unatc.ro\/devunatc\/wp-json\/wp\/v2\/users\/1"}],"replies":[{"embeddable":true,"href":"https:\/\/unatc.ro\/devunatc\/wp-json\/wp\/v2\/comments?post=14152"}],"version-history":[{"count":10,"href":"https:\/\/unatc.ro\/devunatc\/wp-json\/wp\/v2\/pages\/14152\/revisions"}],"predecessor-version":[{"id":14182,"href":"https:\/\/unatc.ro\/devunatc\/wp-json\/wp\/v2\/pages\/14152\/revisions\/14182"}],"wp:attachment":[{"href":"https:\/\/unatc.ro\/devunatc\/wp-json\/wp\/v2\/media?parent=14152"}],"curies":[{"name":"wp","href":"https:\/\/api.w.org\/{rel}","templated":true}]}}