{"id":14135,"date":"2024-10-30T14:42:36","date_gmt":"2024-10-30T12:42:36","guid":{"rendered":"https:\/\/unatc.ro\/devunatc\/?page_id=14135"},"modified":"2024-11-11T13:37:51","modified_gmt":"2024-11-11T11:37:51","slug":"achizitii-pnrr","status":"publish","type":"page","link":"https:\/\/unatc.ro\/devunatc\/achizitii-pnrr\/","title":{"rendered":"Achizi\u021bii PNRR"},"content":{"rendered":"\n<figure class=\"wp-block-image size-full\"><img loading=\"lazy\" decoding=\"async\" width=\"1292\" height=\"134\" src=\"https:\/\/unatc.ro\/devunatc\/wp-content\/uploads\/2023\/03\/pnrr-header.jpg\" alt=\"\" class=\"wp-image-10316\" srcset=\"https:\/\/unatc.ro\/devunatc\/wp-content\/uploads\/2023\/03\/pnrr-header.jpg 1292w, https:\/\/unatc.ro\/devunatc\/wp-content\/uploads\/2023\/03\/pnrr-header-150x16.jpg 150w\" sizes=\"auto, (max-width: 1292px) 100vw, 1292px\" \/><\/figure>\n\n\n\n<p><strong>\u201ePNRR: Fonduri pentru Rom\u00e2nia modern\u0103 \u0219i reformat\u0103\u201d<\/strong><\/p>\n\n\n\n<p>Proiectul <strong>DigitalEyes UNATC<\/strong><\/p>\n\n\n\n<p>Universitatea Na\u021bional\u0103 de Art\u0103 Teatral\u0103 \u0219i Cinematografic\u0103 \u201eI. L. Caragiale face un alt pas important \u00een reformarea prin implementarea solu\u021biilor digitale \u0219i demareaz\u0103 proiectul <strong>DigitalEyes UNATC<\/strong>. Se continu\u0103 astfel un amplu proces de digitalizare, de aceast\u0103 dat\u0103 prin accesarea fondurilor din cadrul Planului Na\u0163ional de Redresare \u015fi Rezilien\u0163\u0103 &#8211;<strong>\u201ePNRR: Fonduri pentru Rom\u00e2nia modern\u0103 \u0219i reformat\u0103\u201d<\/strong>, ini\u021biat de Minsiterul Educa\u021biei.<\/p>\n\n\n\n<p><\/p>\n\n\n\n<div class=\"wp-block-unatc-blocks-file fileRow\"><div class=\"fileWrapper\"><div class=\"fileText\"><a href=\"https:\/\/unatc.ro\/devunatc\/wp-content\/uploads\/2024\/11\/241030FA-cursuri-Invitatie-de-Participare.pdf\" target=\"_blank\" title=\"Invita\u021bie de Participare\" rel=\"noopener\"><span class=\"nameFile\">Invita\u021bie de Participare<\/span><span class=\"captionFile\">aCHIZI\u021aIE<\/span><\/a><\/div><a class=\"fileDownloadBtn\" href=\"https:\/\/unatc.ro\/devunatc\/wp-content\/uploads\/2024\/11\/241030FA-cursuri-Invitatie-de-Participare.pdf\" target=\"_blank\" rel=\"noopener\" title=\"Invita\u021bie de Participare\">Descarc\u0103 fi\u0219ierul<\/a><\/div><\/div>\n\n\n\n<div class=\"wp-block-unatc-blocks-file fileRow\"><div class=\"fileWrapper\"><div class=\"fileText\"><a href=\"https:\/\/unatc.ro\/devunatc\/wp-content\/uploads\/2024\/10\/241030-Referat-de-necesitate-v1.1.pdf\" target=\"_blank\" title=\"Referat de necesitate\" rel=\"noopener\"><span class=\"nameFile\">Referat de necesitate<\/span><span class=\"captionFile\">aCHIZI\u021aIE<\/span><\/a><\/div><a class=\"fileDownloadBtn\" href=\"https:\/\/unatc.ro\/devunatc\/wp-content\/uploads\/2024\/10\/241030-Referat-de-necesitate-v1.1.pdf\" target=\"_blank\" rel=\"noopener\" title=\"Referat de necesitate\">Descarc\u0103 fi\u0219ierul<\/a><\/div><\/div>\n\n\n\n<div class=\"wp-block-unatc-blocks-file fileRow\"><div class=\"fileWrapper\"><div class=\"fileText\"><a href=\"https:\/\/unatc.ro\/devunatc\/wp-content\/uploads\/2024\/10\/241030FA-cursuri-Nota-Justificative.pdf\" target=\"_blank\" title=\"Nota Justificative\" rel=\"noopener\"><span class=\"nameFile\">Nota Justificative<\/span><span class=\"captionFile\">aCHIZI\u021aIE<\/span><\/a><\/div><a class=\"fileDownloadBtn\" href=\"https:\/\/unatc.ro\/devunatc\/wp-content\/uploads\/2024\/10\/241030FA-cursuri-Nota-Justificative.pdf\" target=\"_blank\" rel=\"noopener\" title=\"Nota Justificative\">Descarc\u0103 fi\u0219ierul<\/a><\/div><\/div>\n\n\n\n<div class=\"wp-block-unatc-blocks-file fileRow\"><div class=\"fileWrapper\"><div class=\"fileText\"><a href=\"https:\/\/unatc.ro\/devunatc\/wp-content\/uploads\/2024\/10\/241030FA-cursuri-Model-de-Formular.pdf\" target=\"_blank\" title=\"Model de Formular\" rel=\"noopener\"><span class=\"nameFile\">Model de Formular<\/span><span class=\"captionFile\">aCHIZI\u021aIE<\/span><\/a><\/div><a class=\"fileDownloadBtn\" href=\"https:\/\/unatc.ro\/devunatc\/wp-content\/uploads\/2024\/10\/241030FA-cursuri-Model-de-Formular.pdf\" target=\"_blank\" rel=\"noopener\" title=\"Model de Formular\">Descarc\u0103 fi\u0219ierul<\/a><\/div><\/div>\n\n\n\n<div class=\"wp-block-unatc-blocks-file fileRow\"><div class=\"fileWrapper\"><div class=\"fileText\"><a href=\"https:\/\/unatc.ro\/devunatc\/wp-content\/uploads\/2024\/10\/241030FA-cursuri-Model-de-contract.pdf\" target=\"_blank\" title=\"Model de contract\" rel=\"noopener\"><span class=\"nameFile\">Model de contract<\/span><span class=\"captionFile\">aCHIZI\u021aIE<\/span><\/a><\/div><a class=\"fileDownloadBtn\" href=\"https:\/\/unatc.ro\/devunatc\/wp-content\/uploads\/2024\/10\/241030FA-cursuri-Model-de-contract.pdf\" target=\"_blank\" rel=\"noopener\" title=\"Model de contract\">Descarc\u0103 fi\u0219ierul<\/a><\/div><\/div>\n\n\n\n<div class=\"wp-block-unatc-blocks-file fileRow\"><div class=\"fileWrapper\"><div class=\"fileText\"><a href=\"https:\/\/unatc.ro\/devunatc\/wp-content\/uploads\/2024\/11\/241030FA-cursuri-Caiet-de-Sarcini.pdf\" target=\"_blank\" title=\"Caiet de Sarcini\" rel=\"noopener\"><span class=\"nameFile\">Caiet de Sarcini<\/span><span class=\"captionFile\">aCHIZI\u021aIE<\/span><\/a><\/div><a class=\"fileDownloadBtn\" href=\"https:\/\/unatc.ro\/devunatc\/wp-content\/uploads\/2024\/11\/241030FA-cursuri-Caiet-de-Sarcini.pdf\" target=\"_blank\" rel=\"noopener\" title=\"Caiet de Sarcini\">Descarc\u0103 fi\u0219ierul<\/a><\/div><\/div>\n\n\n\n<div class=\"wp-block-incas-blocks-section\"><svg xmlns=\"http:\/\/www.w3.org\/2000\/svg\" viewBox=\"0 0 448 448\" width=\"30\" height=\"30\"><circle cx=\"224.46\" cy=\"224.46\" r=\"224.46\" fill=\"#f54634\"><\/circle><\/svg><div class=\"columns\"><div class=\"section-heading\"><p class=\"section-heading-title\">Clarific\u0103ri<\/p><div class=\"section-heading-subtitle\"><\/div><\/div><\/div><\/div>\n\n\n\n<hr class=\"wp-block-separator has-alpha-channel-opacity\"\/>\n\n\n\n<div class=\"wp-block-unatc-blocks-file fileRow\"><div class=\"fileWrapper\"><div class=\"fileText\"><a href=\"https:\/\/unatc.ro\/devunatc\/wp-content\/uploads\/2024\/11\/Clarificari-Bittnet-04.11.2024.pdf\" target=\"_blank\" title=\"BITTNET SYSTEMS S.A - 04.11.2024\" rel=\"noopener\"><span class=\"nameFile\">BITTNET SYSTEMS S.A &#8211; 04.11.2024<\/span><span class=\"captionFile\">SOLICITARE DE CLARIFIC\u0102RI<\/span><\/a><\/div><a class=\"fileDownloadBtn\" href=\"https:\/\/unatc.ro\/devunatc\/wp-content\/uploads\/2024\/11\/Clarificari-Bittnet-04.11.2024.pdf\" target=\"_blank\" rel=\"noopener\" title=\"BITTNET SYSTEMS S.A - 04.11.2024\">Descarc\u0103 fi\u0219ierul<\/a><\/div><\/div>\n\n\n\n<div class=\"wp-block-unatc-blocks-file fileRow\"><div class=\"fileWrapper\"><div class=\"fileText\"><a href=\"https:\/\/unatc.ro\/devunatc\/wp-content\/uploads\/2024\/11\/Raspuns-la-clarificari.pdf\" target=\"_blank\" title=\"R\u0103spuns la clarific\u0103ri -  80531200-7 : Servicii de formare profesionala in domeniul tehnic.\" rel=\"noopener\"><span class=\"nameFile\">R\u0103spuns la clarific\u0103ri &#8211;  80531200-7 : Servicii de formare profesionala in domeniul tehnic.<\/span><span class=\"captionFile\">Nr. 4638 \/ 06.11.2024<\/span><\/a><\/div><a class=\"fileDownloadBtn\" href=\"https:\/\/unatc.ro\/devunatc\/wp-content\/uploads\/2024\/11\/Raspuns-la-clarificari.pdf\" target=\"_blank\" rel=\"noopener\" title=\"R\u0103spuns la clarific\u0103ri -  80531200-7 : Servicii de formare profesionala in domeniul tehnic.\">Descarc\u0103 fi\u0219ierul<\/a><\/div><\/div>\n\n\n\n<p><br>&nbsp;&nbsp;&nbsp;&nbsp;&nbsp;&nbsp;&nbsp;&nbsp;&nbsp;&nbsp;&nbsp;&nbsp;&nbsp;&nbsp;&nbsp;&nbsp;&nbsp;&nbsp;&nbsp;&nbsp;&nbsp;&nbsp;&nbsp;&nbsp;&nbsp;&nbsp;&nbsp;&nbsp;&nbsp;&nbsp;&nbsp;&nbsp;&nbsp;&nbsp;&nbsp;&nbsp;&nbsp;&nbsp;&nbsp;&nbsp;&nbsp;&nbsp;&nbsp;&nbsp;&nbsp;&nbsp;&nbsp;&nbsp;&nbsp;&nbsp;&nbsp;&nbsp;&nbsp;&nbsp;&nbsp;&nbsp;&nbsp;&nbsp;&nbsp;&nbsp;&nbsp;&nbsp;&nbsp;&nbsp;&nbsp;&nbsp;&nbsp;&nbsp;&nbsp;&nbsp;&nbsp;<\/p>\n\n\n\n<div class=\"wp-block-group\"><div class=\"wp-block-group__inner-container is-layout-constrained wp-block-group-is-layout-constrained\">\n<p>Proiectul DigitalEyes UNATC (Cod <strong>PNNR 1727005879), <\/strong>av\u00e2nd contractul de finan\u021bare cu num\u0103rul <strong>14026 \/ 16.09.2022<\/strong>,apar\u021bine Componentei C15 a Ministerului Educa\u021biei \u0219i reprezint\u0103 M\u0103sura de Investi\u021bii num\u0103rul 16 &#8211; <strong>Digitalizarea universit\u0103\u021bilor \u0219i preg\u0103tirea acestora pentru profesiile digitale ale viitorului, <\/strong>din cadrul Planului Na\u0163ional de Redresare \u015fi Rezilien\u0163\u0103 &#8211; <strong>\u201ePNRR: Fonduri pentru Rom\u00e2nia modern\u0103 \u0219i reformat\u0103\u201d.<\/strong><\/p>\n\n\n\n<p><strong>\u201eCon\u021binutul acestui material nu reprezint\u0103 \u00een mod obligatoriu pozi\u021bia oficial\u0103 a Uniunii Europene sau a Guvernului Rom\u00e2niei&#8221;<\/strong><\/p>\n\n\n\n<p><strong>\u201ePNRR. Finan\u021bat de Uniunea European\u0103 \u2013 Urm\u0103toareaGenera\u021bieUE\u201d<\/strong><\/p>\n\n\n\n<p><\/p>\n\n\n\n<hr class=\"wp-block-separator has-alpha-channel-opacity is-style-wide\"\/>\n\n\n\n<p>Link-uri utile:<\/p>\n\n\n\n<p><a href=\"https:\/\/mfe.gov.ro\/pnrr\/\" target=\"_blank\" rel=\"noreferrer noopener\">mfe.gov.ro<\/a><\/p>\n\n\n\n<p><a rel=\"noreferrer noopener\" href=\"https:\/\/www.facebook.com\/PNRR.fonduriUE\" target=\"_blank\">www.facebook.com\/PNRR<\/a><br>&nbsp;&nbsp;&nbsp;&nbsp;&nbsp;&nbsp;&nbsp;&nbsp;&nbsp;&nbsp;&nbsp;&nbsp;&nbsp;&nbsp;&nbsp;&nbsp;&nbsp;&nbsp;&nbsp;&nbsp;&nbsp;&nbsp;&nbsp;&nbsp;&nbsp;&nbsp;&nbsp;&nbsp;&nbsp;&nbsp;&nbsp;&nbsp;&nbsp;&nbsp;&nbsp;&nbsp;&nbsp;&nbsp;&nbsp;&nbsp;&nbsp;&nbsp;&nbsp;&nbsp;&nbsp;&nbsp;&nbsp;&nbsp;&nbsp;&nbsp;&nbsp;&nbsp;&nbsp;&nbsp;&nbsp;&nbsp;&nbsp;&nbsp;&nbsp;&nbsp;&nbsp;&nbsp;&nbsp;&nbsp;&nbsp;&nbsp;&nbsp;&nbsp;&nbsp;&nbsp;&nbsp;<\/p>\n<\/div><\/div>\n","protected":false},"excerpt":{"rendered":"<p class=\"no-padding\">\u201ePNRR: Fonduri pentru Rom\u00e2nia modern\u0103 \u0219i reformat\u0103\u201d Proiectul DigitalEyes UNATC Universitatea Na\u021bional\u0103 de Art\u0103 Teatral\u0103 \u0219i Cinematografic\u0103 \u201eI. L. Caragiale&#8230;<\/p>\n","protected":false},"author":1,"featured_media":0,"parent":0,"menu_order":0,"comment_status":"closed","ping_status":"closed","template":"template-tab-group-color.php","meta":{"footnotes":""},"class_list":["post-14135","page","type-page","status-publish","hentry"],"acf":{"galerie_foto":null,"titlu_prezentare_departament":"","text_prezentare_departament":"","alternative_page_title":"","page_contact_email":""},"yoast_head":"<!-- This site is optimized with the Yoast SEO plugin v27.4 - https:\/\/yoast.com\/product\/yoast-seo-wordpress\/ -->\n<title>Achizi\u021bii PNRR - UNATC<\/title>\n<meta name=\"robots\" content=\"index, follow, max-snippet:-1, max-image-preview:large, max-video-preview:-1\" \/>\n<link rel=\"canonical\" href=\"https:\/\/unatc.ro\/devunatc\/achizitii-pnrr\/\" \/>\n<meta property=\"og:locale\" content=\"en_US\" \/>\n<meta property=\"og:type\" content=\"article\" \/>\n<meta property=\"og:title\" content=\"Achizi\u021bii PNRR - UNATC\" \/>\n<meta property=\"og:description\" content=\"\u201ePNRR: Fonduri pentru Rom\u00e2nia modern\u0103 \u0219i reformat\u0103\u201d Proiectul DigitalEyes UNATC Universitatea Na\u021bional\u0103 de Art\u0103 Teatral\u0103 \u0219i Cinematografic\u0103 \u201eI. L. Caragiale...\" \/>\n<meta property=\"og:url\" content=\"https:\/\/unatc.ro\/devunatc\/achizitii-pnrr\/\" \/>\n<meta property=\"og:site_name\" content=\"UNATC\" \/>\n<meta property=\"article:publisher\" content=\"https:\/\/www.facebook.com\/UNATC.ILC\/\" \/>\n<meta property=\"article:modified_time\" content=\"2024-11-11T11:37:51+00:00\" \/>\n<meta property=\"og:image\" content=\"https:\/\/unatc.ro\/devunatc\/wp-content\/uploads\/2023\/03\/pnrr-header.jpg\" \/>\n<meta name=\"twitter:card\" content=\"summary_large_image\" \/>\n<meta name=\"twitter:label1\" content=\"Est. reading time\" \/>\n\t<meta name=\"twitter:data1\" content=\"1 minute\" \/>\n<script type=\"application\/ld+json\" class=\"yoast-schema-graph\">{\"@context\":\"https:\\\/\\\/schema.org\",\"@graph\":[{\"@type\":\"WebPage\",\"@id\":\"https:\\\/\\\/unatc.ro\\\/devunatc\\\/achizitii-pnrr\\\/\",\"url\":\"https:\\\/\\\/unatc.ro\\\/devunatc\\\/achizitii-pnrr\\\/\",\"name\":\"Achizi\u021bii PNRR - UNATC\",\"isPartOf\":{\"@id\":\"https:\\\/\\\/unatc.ro\\\/devunatc\\\/#website\"},\"primaryImageOfPage\":{\"@id\":\"https:\\\/\\\/unatc.ro\\\/devunatc\\\/achizitii-pnrr\\\/#primaryimage\"},\"image\":{\"@id\":\"https:\\\/\\\/unatc.ro\\\/devunatc\\\/achizitii-pnrr\\\/#primaryimage\"},\"thumbnailUrl\":\"https:\\\/\\\/unatc.ro\\\/devunatc\\\/wp-content\\\/uploads\\\/2023\\\/03\\\/pnrr-header.jpg\",\"datePublished\":\"2024-10-30T12:42:36+00:00\",\"dateModified\":\"2024-11-11T11:37:51+00:00\",\"breadcrumb\":{\"@id\":\"https:\\\/\\\/unatc.ro\\\/devunatc\\\/achizitii-pnrr\\\/#breadcrumb\"},\"inLanguage\":\"en-US\",\"potentialAction\":[{\"@type\":\"ReadAction\",\"target\":[\"https:\\\/\\\/unatc.ro\\\/devunatc\\\/achizitii-pnrr\\\/\"]}]},{\"@type\":\"ImageObject\",\"inLanguage\":\"en-US\",\"@id\":\"https:\\\/\\\/unatc.ro\\\/devunatc\\\/achizitii-pnrr\\\/#primaryimage\",\"url\":\"https:\\\/\\\/unatc.ro\\\/devunatc\\\/wp-content\\\/uploads\\\/2023\\\/03\\\/pnrr-header.jpg\",\"contentUrl\":\"https:\\\/\\\/unatc.ro\\\/devunatc\\\/wp-content\\\/uploads\\\/2023\\\/03\\\/pnrr-header.jpg\",\"width\":1292,\"height\":134},{\"@type\":\"BreadcrumbList\",\"@id\":\"https:\\\/\\\/unatc.ro\\\/devunatc\\\/achizitii-pnrr\\\/#breadcrumb\",\"itemListElement\":[{\"@type\":\"ListItem\",\"position\":1,\"name\":\"Home\",\"item\":\"https:\\\/\\\/unatc.ro\\\/devunatc\\\/\"},{\"@type\":\"ListItem\",\"position\":2,\"name\":\"Achizi\u021bii PNRR\"}]},{\"@type\":\"WebSite\",\"@id\":\"https:\\\/\\\/unatc.ro\\\/devunatc\\\/#website\",\"url\":\"https:\\\/\\\/unatc.ro\\\/devunatc\\\/\",\"name\":\"UNATC\",\"description\":\"\",\"publisher\":{\"@id\":\"https:\\\/\\\/unatc.ro\\\/devunatc\\\/#organization\"},\"potentialAction\":[{\"@type\":\"SearchAction\",\"target\":{\"@type\":\"EntryPoint\",\"urlTemplate\":\"https:\\\/\\\/unatc.ro\\\/devunatc\\\/?s={search_term_string}\"},\"query-input\":{\"@type\":\"PropertyValueSpecification\",\"valueRequired\":true,\"valueName\":\"search_term_string\"}}],\"inLanguage\":\"en-US\"},{\"@type\":\"Organization\",\"@id\":\"https:\\\/\\\/unatc.ro\\\/devunatc\\\/#organization\",\"name\":\"UNATC\",\"url\":\"https:\\\/\\\/unatc.ro\\\/devunatc\\\/\",\"logo\":{\"@type\":\"ImageObject\",\"inLanguage\":\"en-US\",\"@id\":\"https:\\\/\\\/unatc.ro\\\/devunatc\\\/#\\\/schema\\\/logo\\\/image\\\/\",\"url\":\"https:\\\/\\\/unatc.ro\\\/devunatc\\\/wp-content\\\/uploads\\\/2025\\\/07\\\/unatc_logo.png\",\"contentUrl\":\"https:\\\/\\\/unatc.ro\\\/devunatc\\\/wp-content\\\/uploads\\\/2025\\\/07\\\/unatc_logo.png\",\"width\":480,\"height\":469,\"caption\":\"UNATC\"},\"image\":{\"@id\":\"https:\\\/\\\/unatc.ro\\\/devunatc\\\/#\\\/schema\\\/logo\\\/image\\\/\"},\"sameAs\":[\"https:\\\/\\\/www.facebook.com\\\/UNATC.ILC\\\/\",\"https:\\\/\\\/www.youtube.com\\\/c\\\/unatcilcaragiale\",\"https:\\\/\\\/www.instagram.com\\\/unatc_ilcaragiale\\\/?hl=en\",\"https:\\\/\\\/www.tiktok.com\\\/@unatc?lang=en\"]}]}<\/script>\n<!-- \/ Yoast SEO plugin. -->","yoast_head_json":{"title":"Achizi\u021bii PNRR - UNATC","robots":{"index":"index","follow":"follow","max-snippet":"max-snippet:-1","max-image-preview":"max-image-preview:large","max-video-preview":"max-video-preview:-1"},"canonical":"https:\/\/unatc.ro\/devunatc\/achizitii-pnrr\/","og_locale":"en_US","og_type":"article","og_title":"Achizi\u021bii PNRR - UNATC","og_description":"\u201ePNRR: Fonduri pentru Rom\u00e2nia modern\u0103 \u0219i reformat\u0103\u201d Proiectul DigitalEyes UNATC Universitatea Na\u021bional\u0103 de Art\u0103 Teatral\u0103 \u0219i Cinematografic\u0103 \u201eI. L. Caragiale...","og_url":"https:\/\/unatc.ro\/devunatc\/achizitii-pnrr\/","og_site_name":"UNATC","article_publisher":"https:\/\/www.facebook.com\/UNATC.ILC\/","article_modified_time":"2024-11-11T11:37:51+00:00","og_image":[{"url":"https:\/\/unatc.ro\/devunatc\/wp-content\/uploads\/2023\/03\/pnrr-header.jpg","type":"","width":"","height":""}],"twitter_card":"summary_large_image","twitter_misc":{"Est. reading time":"1 minute"},"schema":{"@context":"https:\/\/schema.org","@graph":[{"@type":"WebPage","@id":"https:\/\/unatc.ro\/devunatc\/achizitii-pnrr\/","url":"https:\/\/unatc.ro\/devunatc\/achizitii-pnrr\/","name":"Achizi\u021bii PNRR - UNATC","isPartOf":{"@id":"https:\/\/unatc.ro\/devunatc\/#website"},"primaryImageOfPage":{"@id":"https:\/\/unatc.ro\/devunatc\/achizitii-pnrr\/#primaryimage"},"image":{"@id":"https:\/\/unatc.ro\/devunatc\/achizitii-pnrr\/#primaryimage"},"thumbnailUrl":"https:\/\/unatc.ro\/devunatc\/wp-content\/uploads\/2023\/03\/pnrr-header.jpg","datePublished":"2024-10-30T12:42:36+00:00","dateModified":"2024-11-11T11:37:51+00:00","breadcrumb":{"@id":"https:\/\/unatc.ro\/devunatc\/achizitii-pnrr\/#breadcrumb"},"inLanguage":"en-US","potentialAction":[{"@type":"ReadAction","target":["https:\/\/unatc.ro\/devunatc\/achizitii-pnrr\/"]}]},{"@type":"ImageObject","inLanguage":"en-US","@id":"https:\/\/unatc.ro\/devunatc\/achizitii-pnrr\/#primaryimage","url":"https:\/\/unatc.ro\/devunatc\/wp-content\/uploads\/2023\/03\/pnrr-header.jpg","contentUrl":"https:\/\/unatc.ro\/devunatc\/wp-content\/uploads\/2023\/03\/pnrr-header.jpg","width":1292,"height":134},{"@type":"BreadcrumbList","@id":"https:\/\/unatc.ro\/devunatc\/achizitii-pnrr\/#breadcrumb","itemListElement":[{"@type":"ListItem","position":1,"name":"Home","item":"https:\/\/unatc.ro\/devunatc\/"},{"@type":"ListItem","position":2,"name":"Achizi\u021bii PNRR"}]},{"@type":"WebSite","@id":"https:\/\/unatc.ro\/devunatc\/#website","url":"https:\/\/unatc.ro\/devunatc\/","name":"UNATC","description":"","publisher":{"@id":"https:\/\/unatc.ro\/devunatc\/#organization"},"potentialAction":[{"@type":"SearchAction","target":{"@type":"EntryPoint","urlTemplate":"https:\/\/unatc.ro\/devunatc\/?s={search_term_string}"},"query-input":{"@type":"PropertyValueSpecification","valueRequired":true,"valueName":"search_term_string"}}],"inLanguage":"en-US"},{"@type":"Organization","@id":"https:\/\/unatc.ro\/devunatc\/#organization","name":"UNATC","url":"https:\/\/unatc.ro\/devunatc\/","logo":{"@type":"ImageObject","inLanguage":"en-US","@id":"https:\/\/unatc.ro\/devunatc\/#\/schema\/logo\/image\/","url":"https:\/\/unatc.ro\/devunatc\/wp-content\/uploads\/2025\/07\/unatc_logo.png","contentUrl":"https:\/\/unatc.ro\/devunatc\/wp-content\/uploads\/2025\/07\/unatc_logo.png","width":480,"height":469,"caption":"UNATC"},"image":{"@id":"https:\/\/unatc.ro\/devunatc\/#\/schema\/logo\/image\/"},"sameAs":["https:\/\/www.facebook.com\/UNATC.ILC\/","https:\/\/www.youtube.com\/c\/unatcilcaragiale","https:\/\/www.instagram.com\/unatc_ilcaragiale\/?hl=en","https:\/\/www.tiktok.com\/@unatc?lang=en"]}]}},"jetpack_sharing_enabled":true,"_links":{"self":[{"href":"https:\/\/unatc.ro\/devunatc\/wp-json\/wp\/v2\/pages\/14135","targetHints":{"allow":["GET"]}}],"collection":[{"href":"https:\/\/unatc.ro\/devunatc\/wp-json\/wp\/v2\/pages"}],"about":[{"href":"https:\/\/unatc.ro\/devunatc\/wp-json\/wp\/v2\/types\/page"}],"author":[{"embeddable":true,"href":"https:\/\/unatc.ro\/devunatc\/wp-json\/wp\/v2\/users\/1"}],"replies":[{"embeddable":true,"href":"https:\/\/unatc.ro\/devunatc\/wp-json\/wp\/v2\/comments?post=14135"}],"version-history":[{"count":5,"href":"https:\/\/unatc.ro\/devunatc\/wp-json\/wp\/v2\/pages\/14135\/revisions"}],"predecessor-version":[{"id":14213,"href":"https:\/\/unatc.ro\/devunatc\/wp-json\/wp\/v2\/pages\/14135\/revisions\/14213"}],"wp:attachment":[{"href":"https:\/\/unatc.ro\/devunatc\/wp-json\/wp\/v2\/media?parent=14135"}],"curies":[{"name":"wp","href":"https:\/\/api.w.org\/{rel}","templated":true}]}}