{"id":13855,"date":"2024-08-03T09:35:15","date_gmt":"2024-08-03T07:35:15","guid":{"rendered":"https:\/\/unatc.ro\/devunatc\/?page_id=13855"},"modified":"2025-07-30T12:31:35","modified_gmt":"2025-07-30T10:31:35","slug":"cinemaiubit","status":"publish","type":"page","link":"https:\/\/unatc.ro\/devunatc\/cinemaiubit\/","title":{"rendered":"CineMAiubit"},"content":{"rendered":"\n<figure class=\"wp-block-image size-full\"><img loading=\"lazy\" decoding=\"async\" width=\"1772\" height=\"2480\" src=\"https:\/\/unatc.ro\/devunatc\/wp-content\/uploads\/2025\/07\/Poster_CineMAiubit_2025.jpg\" alt=\"\" class=\"wp-image-15357\" srcset=\"https:\/\/unatc.ro\/devunatc\/wp-content\/uploads\/2025\/07\/Poster_CineMAiubit_2025.jpg 1772w, https:\/\/unatc.ro\/devunatc\/wp-content\/uploads\/2025\/07\/Poster_CineMAiubit_2025-107x150.jpg 107w, https:\/\/unatc.ro\/devunatc\/wp-content\/uploads\/2025\/07\/Poster_CineMAiubit_2025-1463x2048.jpg 1463w\" sizes=\"auto, (max-width: 1772px) 100vw, 1772px\" \/><\/figure>\n\n\n\n<p>Festivalul Interna\u021bional de Film Studen\u021besc CineMAiubit este un eveniment anual de&nbsp;film, organizat de Funda\u021bia&nbsp;ACADEMIEI DE TEATRU \u0218I FILM &nbsp;CINEMAIUBIT \u0219i de&nbsp;Universitatea Na\u021bional\u0103 de Art\u0103 Teatral\u0103 \u0219i Cinematografic\u0103 \u201cI.L.Caragiale\u201d Bucure\u0219ti,&nbsp;av\u00e2nd ca principali parteneri:&nbsp;Centrul Na\u021bional al Cinematografiei, Uniunea Cinea\u0219tilor din Rom\u00e2nia \u0219i Dacin Sara.<\/p>\n\n\n\n<p>Principalul obiectiv al Festivalului Interna\u021bional de Film Studen\u021besc CineMAiubit este de a promova studen\u021bii \u0219i operele lor cinematografice, de a organiza dezbateri, master-class-uri \u0219i work-shop-uri \u0219i de a stabili pun\u021bi \u00eentre \u0219colile de film din lume.<\/p>\n\n\n\n<p>Nu pot participa \u00een&nbsp;Festivalul Interna\u021bional de Film Studen\u021besc CineMAiubit dec\u00e2t filmele realizate de studen\u021bi, av\u00e2nd ca produc\u0103tor o \u0219coal\u0103 de film.<\/p>\n\n\n\n<p>Intrarea este liber\u0103 la toate proiec\u021biile \u0219i evenimentele din cadrul Festivalului Interna\u021bional de Film Studen\u021besc CineMAiubit, av\u00e2nd menirea atragerii publicului t\u00e2n\u0103r spre sala de cinema.<\/p>\n\n\n\n<p>A 29-a edi\u021bie a Festivalului Interna\u021bional de Film Studen\u021besc CineMAiubit se va desf\u0103\u0219ura \u00eentre&nbsp;<strong>9 \u0219i 13 decembrie 2025<\/strong>, \u00een Bucure\u0219ti. &nbsp;<\/p>\n\n\n\n<p><\/p>\n\n\n\n<p><strong>ENGLISH<\/strong><br><\/p>\n\n\n\n<p>The CineMAiubit International Student Film Festival is an annual film event, organized by the CINEMAIUBIT Foundation and the &#8220;I.L. Caragiale&#8221; National University of Theater and Cinematography Bucharest, with the main partners: the National Film Center, the Romanian Filmmakers Union and Dacin Sara.<\/p>\n\n\n\n<p><br>The main objective of the International Student Film Festival CineMAiubit is to promote students and their cinematographic works, to organize debates, master-classes and workshops and to establish bridges between film schools in the world.<br>Only films made by students, produced by a film school, can participate in the CineMAiubit International Student Film Festival.<br>Admission is free to all screenings and events within the CineMAiubit International Student Film Festival, with the aim of attracting the young audience to the cinema hall.<\/p>\n\n\n\n<p><br>The 29th edition of the CineMAiubit International Student Film Festival will take place between December 9 and 13, 2025, in Bucharest.<\/p>\n\n\n\n<div class=\"wp-block-unatc-blocks-file fileRow\"><div class=\"fileWrapper\"><div class=\"fileText\"><a href=\"https:\/\/unatc.ro\/devunatc\/wp-content\/uploads\/2025\/07\/EntryForm_CineMAiubit_2025.docx\" target=\"_blank\" title=\"EntryForm CineMAiubit 29th edition\" rel=\"noopener\"><span class=\"nameFile\">EntryForm CineMAiubit 29th edition<\/span><span class=\"captionFile\">2025<\/span><\/a><\/div><a class=\"fileDownloadBtn\" href=\"https:\/\/unatc.ro\/devunatc\/wp-content\/uploads\/2025\/07\/EntryForm_CineMAiubit_2025.docx\" target=\"_blank\" rel=\"noopener\" title=\"EntryForm CineMAiubit 29th edition\">Descarc\u0103 fi\u0219ierul<\/a><\/div><\/div>\n\n\n\n<div class=\"wp-block-unatc-blocks-file fileRow\"><div class=\"fileWrapper\"><div class=\"fileText\"><a href=\"https:\/\/unatc.ro\/devunatc\/wp-content\/uploads\/2025\/07\/Regulament_CineMAiubit_2025.docx.pdf\" target=\"_blank\" title=\"Regulament CineMAiubit edi\u021bia 29\" rel=\"noopener\"><span class=\"nameFile\">Regulament CineMAiubit edi\u021bia 29<\/span><span class=\"captionFile\">2025<\/span><\/a><\/div><a class=\"fileDownloadBtn\" href=\"https:\/\/unatc.ro\/devunatc\/wp-content\/uploads\/2025\/07\/Regulament_CineMAiubit_2025.docx.pdf\" target=\"_blank\" rel=\"noopener\" title=\"Regulament CineMAiubit edi\u021bia 29\">Descarc\u0103 fi\u0219ierul<\/a><\/div><\/div>\n\n\n\n<div class=\"wp-block-unatc-blocks-file fileRow\"><div class=\"fileWrapper\"><div class=\"fileText\"><a href=\"https:\/\/unatc.ro\/devunatc\/wp-content\/uploads\/2025\/07\/Regulation_CineMAiubit_2025.docx.pdf\" target=\"_blank\" title=\"Regulation CineMAiubit 29th edition\" rel=\"noopener\"><span class=\"nameFile\">Regulation CineMAiubit 29th edition<\/span><span class=\"captionFile\">2025<\/span><\/a><\/div><a class=\"fileDownloadBtn\" href=\"https:\/\/unatc.ro\/devunatc\/wp-content\/uploads\/2025\/07\/Regulation_CineMAiubit_2025.docx.pdf\" target=\"_blank\" rel=\"noopener\" title=\"Regulation CineMAiubit 29th edition\">Descarc\u0103 fi\u0219ierul<\/a><\/div><\/div>\n\n\n\n<div style=\"height:189px\" aria-hidden=\"true\" class=\"wp-block-spacer\"><\/div>\n","protected":false},"excerpt":{"rendered":"<p class=\"no-padding\">Festivalul Interna\u021bional de Film Studen\u021besc CineMAiubit este un eveniment anual de&nbsp;film, organizat de Funda\u021bia&nbsp;ACADEMIEI DE TEATRU \u0218I FILM &nbsp;CINEMAIUBIT \u0219i&#8230;<\/p>\n","protected":false},"author":1,"featured_media":9143,"parent":0,"menu_order":0,"comment_status":"closed","ping_status":"closed","template":"template-generic.php","meta":{"footnotes":""},"class_list":["post-13855","page","type-page","status-publish","has-post-thumbnail","hentry"],"acf":{"galerie_foto":null,"alternative_page_title":"","page_contact_email":""},"yoast_head":"<!-- This site is optimized with the Yoast SEO plugin v27.4 - https:\/\/yoast.com\/product\/yoast-seo-wordpress\/ -->\n<title>CineMAiubit - UNATC<\/title>\n<meta name=\"robots\" content=\"index, follow, max-snippet:-1, max-image-preview:large, max-video-preview:-1\" \/>\n<link rel=\"canonical\" href=\"https:\/\/unatc.ro\/devunatc\/cinemaiubit\/\" \/>\n<meta property=\"og:locale\" content=\"en_US\" \/>\n<meta property=\"og:type\" content=\"article\" \/>\n<meta property=\"og:title\" content=\"CineMAiubit - UNATC\" \/>\n<meta property=\"og:description\" content=\"Festivalul Interna\u021bional de Film Studen\u021besc CineMAiubit este un eveniment anual de&nbsp;film, organizat de Funda\u021bia&nbsp;ACADEMIEI DE TEATRU \u0218I FILM &nbsp;CINEMAIUBIT \u0219i...\" \/>\n<meta property=\"og:url\" content=\"https:\/\/unatc.ro\/devunatc\/cinemaiubit\/\" \/>\n<meta property=\"og:site_name\" content=\"UNATC\" \/>\n<meta property=\"article:publisher\" content=\"https:\/\/www.facebook.com\/UNATC.ILC\/\" \/>\n<meta property=\"article:modified_time\" content=\"2025-07-30T10:31:35+00:00\" \/>\n<meta property=\"og:image\" content=\"https:\/\/unatc.ro\/devunatc\/wp-content\/uploads\/2022\/10\/grafica_default_unatc_site.jpg\" \/>\n\t<meta property=\"og:image:width\" content=\"2400\" \/>\n\t<meta property=\"og:image:height\" content=\"1193\" \/>\n\t<meta property=\"og:image:type\" content=\"image\/jpeg\" \/>\n<meta name=\"twitter:card\" content=\"summary_large_image\" \/>\n<meta name=\"twitter:label1\" content=\"Est. reading time\" \/>\n\t<meta name=\"twitter:data1\" content=\"2 minutes\" \/>\n<script type=\"application\/ld+json\" class=\"yoast-schema-graph\">{\"@context\":\"https:\\\/\\\/schema.org\",\"@graph\":[{\"@type\":\"WebPage\",\"@id\":\"https:\\\/\\\/unatc.ro\\\/devunatc\\\/cinemaiubit\\\/\",\"url\":\"https:\\\/\\\/unatc.ro\\\/devunatc\\\/cinemaiubit\\\/\",\"name\":\"CineMAiubit - UNATC\",\"isPartOf\":{\"@id\":\"https:\\\/\\\/unatc.ro\\\/devunatc\\\/#website\"},\"primaryImageOfPage\":{\"@id\":\"https:\\\/\\\/unatc.ro\\\/devunatc\\\/cinemaiubit\\\/#primaryimage\"},\"image\":{\"@id\":\"https:\\\/\\\/unatc.ro\\\/devunatc\\\/cinemaiubit\\\/#primaryimage\"},\"thumbnailUrl\":\"https:\\\/\\\/unatc.ro\\\/devunatc\\\/wp-content\\\/uploads\\\/2022\\\/10\\\/grafica_default_unatc_site.jpg\",\"datePublished\":\"2024-08-03T07:35:15+00:00\",\"dateModified\":\"2025-07-30T10:31:35+00:00\",\"breadcrumb\":{\"@id\":\"https:\\\/\\\/unatc.ro\\\/devunatc\\\/cinemaiubit\\\/#breadcrumb\"},\"inLanguage\":\"en-US\",\"potentialAction\":[{\"@type\":\"ReadAction\",\"target\":[\"https:\\\/\\\/unatc.ro\\\/devunatc\\\/cinemaiubit\\\/\"]}]},{\"@type\":\"ImageObject\",\"inLanguage\":\"en-US\",\"@id\":\"https:\\\/\\\/unatc.ro\\\/devunatc\\\/cinemaiubit\\\/#primaryimage\",\"url\":\"https:\\\/\\\/unatc.ro\\\/devunatc\\\/wp-content\\\/uploads\\\/2022\\\/10\\\/grafica_default_unatc_site.jpg\",\"contentUrl\":\"https:\\\/\\\/unatc.ro\\\/devunatc\\\/wp-content\\\/uploads\\\/2022\\\/10\\\/grafica_default_unatc_site.jpg\",\"width\":2400,\"height\":1193,\"caption\":\"UNATC\"},{\"@type\":\"BreadcrumbList\",\"@id\":\"https:\\\/\\\/unatc.ro\\\/devunatc\\\/cinemaiubit\\\/#breadcrumb\",\"itemListElement\":[{\"@type\":\"ListItem\",\"position\":1,\"name\":\"Home\",\"item\":\"https:\\\/\\\/unatc.ro\\\/devunatc\\\/\"},{\"@type\":\"ListItem\",\"position\":2,\"name\":\"CineMAiubit\"}]},{\"@type\":\"WebSite\",\"@id\":\"https:\\\/\\\/unatc.ro\\\/devunatc\\\/#website\",\"url\":\"https:\\\/\\\/unatc.ro\\\/devunatc\\\/\",\"name\":\"UNATC\",\"description\":\"\",\"publisher\":{\"@id\":\"https:\\\/\\\/unatc.ro\\\/devunatc\\\/#organization\"},\"potentialAction\":[{\"@type\":\"SearchAction\",\"target\":{\"@type\":\"EntryPoint\",\"urlTemplate\":\"https:\\\/\\\/unatc.ro\\\/devunatc\\\/?s={search_term_string}\"},\"query-input\":{\"@type\":\"PropertyValueSpecification\",\"valueRequired\":true,\"valueName\":\"search_term_string\"}}],\"inLanguage\":\"en-US\"},{\"@type\":\"Organization\",\"@id\":\"https:\\\/\\\/unatc.ro\\\/devunatc\\\/#organization\",\"name\":\"UNATC\",\"url\":\"https:\\\/\\\/unatc.ro\\\/devunatc\\\/\",\"logo\":{\"@type\":\"ImageObject\",\"inLanguage\":\"en-US\",\"@id\":\"https:\\\/\\\/unatc.ro\\\/devunatc\\\/#\\\/schema\\\/logo\\\/image\\\/\",\"url\":\"https:\\\/\\\/unatc.ro\\\/devunatc\\\/wp-content\\\/uploads\\\/2025\\\/07\\\/unatc_logo.png\",\"contentUrl\":\"https:\\\/\\\/unatc.ro\\\/devunatc\\\/wp-content\\\/uploads\\\/2025\\\/07\\\/unatc_logo.png\",\"width\":480,\"height\":469,\"caption\":\"UNATC\"},\"image\":{\"@id\":\"https:\\\/\\\/unatc.ro\\\/devunatc\\\/#\\\/schema\\\/logo\\\/image\\\/\"},\"sameAs\":[\"https:\\\/\\\/www.facebook.com\\\/UNATC.ILC\\\/\",\"https:\\\/\\\/www.youtube.com\\\/c\\\/unatcilcaragiale\",\"https:\\\/\\\/www.instagram.com\\\/unatc_ilcaragiale\\\/?hl=en\",\"https:\\\/\\\/www.tiktok.com\\\/@unatc?lang=en\"]}]}<\/script>\n<!-- \/ Yoast SEO plugin. -->","yoast_head_json":{"title":"CineMAiubit - UNATC","robots":{"index":"index","follow":"follow","max-snippet":"max-snippet:-1","max-image-preview":"max-image-preview:large","max-video-preview":"max-video-preview:-1"},"canonical":"https:\/\/unatc.ro\/devunatc\/cinemaiubit\/","og_locale":"en_US","og_type":"article","og_title":"CineMAiubit - UNATC","og_description":"Festivalul Interna\u021bional de Film Studen\u021besc CineMAiubit este un eveniment anual de&nbsp;film, organizat de Funda\u021bia&nbsp;ACADEMIEI DE TEATRU \u0218I FILM &nbsp;CINEMAIUBIT \u0219i...","og_url":"https:\/\/unatc.ro\/devunatc\/cinemaiubit\/","og_site_name":"UNATC","article_publisher":"https:\/\/www.facebook.com\/UNATC.ILC\/","article_modified_time":"2025-07-30T10:31:35+00:00","og_image":[{"width":2400,"height":1193,"url":"https:\/\/unatc.ro\/devunatc\/wp-content\/uploads\/2022\/10\/grafica_default_unatc_site.jpg","type":"image\/jpeg"}],"twitter_card":"summary_large_image","twitter_misc":{"Est. reading time":"2 minutes"},"schema":{"@context":"https:\/\/schema.org","@graph":[{"@type":"WebPage","@id":"https:\/\/unatc.ro\/devunatc\/cinemaiubit\/","url":"https:\/\/unatc.ro\/devunatc\/cinemaiubit\/","name":"CineMAiubit - UNATC","isPartOf":{"@id":"https:\/\/unatc.ro\/devunatc\/#website"},"primaryImageOfPage":{"@id":"https:\/\/unatc.ro\/devunatc\/cinemaiubit\/#primaryimage"},"image":{"@id":"https:\/\/unatc.ro\/devunatc\/cinemaiubit\/#primaryimage"},"thumbnailUrl":"https:\/\/unatc.ro\/devunatc\/wp-content\/uploads\/2022\/10\/grafica_default_unatc_site.jpg","datePublished":"2024-08-03T07:35:15+00:00","dateModified":"2025-07-30T10:31:35+00:00","breadcrumb":{"@id":"https:\/\/unatc.ro\/devunatc\/cinemaiubit\/#breadcrumb"},"inLanguage":"en-US","potentialAction":[{"@type":"ReadAction","target":["https:\/\/unatc.ro\/devunatc\/cinemaiubit\/"]}]},{"@type":"ImageObject","inLanguage":"en-US","@id":"https:\/\/unatc.ro\/devunatc\/cinemaiubit\/#primaryimage","url":"https:\/\/unatc.ro\/devunatc\/wp-content\/uploads\/2022\/10\/grafica_default_unatc_site.jpg","contentUrl":"https:\/\/unatc.ro\/devunatc\/wp-content\/uploads\/2022\/10\/grafica_default_unatc_site.jpg","width":2400,"height":1193,"caption":"UNATC"},{"@type":"BreadcrumbList","@id":"https:\/\/unatc.ro\/devunatc\/cinemaiubit\/#breadcrumb","itemListElement":[{"@type":"ListItem","position":1,"name":"Home","item":"https:\/\/unatc.ro\/devunatc\/"},{"@type":"ListItem","position":2,"name":"CineMAiubit"}]},{"@type":"WebSite","@id":"https:\/\/unatc.ro\/devunatc\/#website","url":"https:\/\/unatc.ro\/devunatc\/","name":"UNATC","description":"","publisher":{"@id":"https:\/\/unatc.ro\/devunatc\/#organization"},"potentialAction":[{"@type":"SearchAction","target":{"@type":"EntryPoint","urlTemplate":"https:\/\/unatc.ro\/devunatc\/?s={search_term_string}"},"query-input":{"@type":"PropertyValueSpecification","valueRequired":true,"valueName":"search_term_string"}}],"inLanguage":"en-US"},{"@type":"Organization","@id":"https:\/\/unatc.ro\/devunatc\/#organization","name":"UNATC","url":"https:\/\/unatc.ro\/devunatc\/","logo":{"@type":"ImageObject","inLanguage":"en-US","@id":"https:\/\/unatc.ro\/devunatc\/#\/schema\/logo\/image\/","url":"https:\/\/unatc.ro\/devunatc\/wp-content\/uploads\/2025\/07\/unatc_logo.png","contentUrl":"https:\/\/unatc.ro\/devunatc\/wp-content\/uploads\/2025\/07\/unatc_logo.png","width":480,"height":469,"caption":"UNATC"},"image":{"@id":"https:\/\/unatc.ro\/devunatc\/#\/schema\/logo\/image\/"},"sameAs":["https:\/\/www.facebook.com\/UNATC.ILC\/","https:\/\/www.youtube.com\/c\/unatcilcaragiale","https:\/\/www.instagram.com\/unatc_ilcaragiale\/?hl=en","https:\/\/www.tiktok.com\/@unatc?lang=en"]}]}},"jetpack_sharing_enabled":true,"_links":{"self":[{"href":"https:\/\/unatc.ro\/devunatc\/wp-json\/wp\/v2\/pages\/13855","targetHints":{"allow":["GET"]}}],"collection":[{"href":"https:\/\/unatc.ro\/devunatc\/wp-json\/wp\/v2\/pages"}],"about":[{"href":"https:\/\/unatc.ro\/devunatc\/wp-json\/wp\/v2\/types\/page"}],"author":[{"embeddable":true,"href":"https:\/\/unatc.ro\/devunatc\/wp-json\/wp\/v2\/users\/1"}],"replies":[{"embeddable":true,"href":"https:\/\/unatc.ro\/devunatc\/wp-json\/wp\/v2\/comments?post=13855"}],"version-history":[{"count":7,"href":"https:\/\/unatc.ro\/devunatc\/wp-json\/wp\/v2\/pages\/13855\/revisions"}],"predecessor-version":[{"id":15358,"href":"https:\/\/unatc.ro\/devunatc\/wp-json\/wp\/v2\/pages\/13855\/revisions\/15358"}],"wp:featuredmedia":[{"embeddable":true,"href":"https:\/\/unatc.ro\/devunatc\/wp-json\/wp\/v2\/media\/9143"}],"wp:attachment":[{"href":"https:\/\/unatc.ro\/devunatc\/wp-json\/wp\/v2\/media?parent=13855"}],"curies":[{"name":"wp","href":"https:\/\/api.w.org\/{rel}","templated":true}]}}