{"id":13074,"date":"2024-03-13T12:19:58","date_gmt":"2024-03-13T10:19:58","guid":{"rendered":"https:\/\/unatc.ro\/devunatc\/?page_id=13074"},"modified":"2024-03-13T13:23:03","modified_gmt":"2024-03-13T11:23:03","slug":"institutul-de-cercetare-a-senzorialitatii","status":"publish","type":"page","link":"https:\/\/unatc.ro\/devunatc\/cercetare\/institutul-de-cercetare-a-senzorialitatii\/","title":{"rendered":"Institutul de Cercetare a Senzorialit\u0103\u021bii"},"content":{"rendered":"\n<p>Prin descoperirile din ultimele decenii \u00een domeniul neuro\u0219tiin\u021belor \u0219i psihologiei, dar \u0219i \u00een urma experien\u021belor directe, concrete de cercetare a acestor domenii, pe care UNATC le-a \u00eentreprins \u00een ultimii ani (proiectele MET \u0219i STAD, participarea la Bienala de Art\u0103 Contemporan\u0103 Vene\u021bia 2022), s-a identificat nevoia \u00eenfiin\u021b\u0103rii unui I<strong>nstitut de Cercetare a\u00a0<\/strong><strong>Senzorialit\u0103\u021bii.<\/strong><\/p>\n\n\n\n<p><strong>Acest Institut are 3 laboratoare<\/strong><br><strong>L1. Laboratorul de Cercetare Multiaxial\u0103 \u00een Artele Spectacolului \u0219i Cinematografie.<\/strong><br>Abordare multidisciplinar\u0103 (arte performative, cinematografie, medicin\u0103, psihologie) \u00een care se m\u0103soar\u0103 parametrii fiziologici, pre \u0219i post expunere, \u00eenregistrarea undelor Alfa \u0219i Beta \u00een timp ce studen\u021bii vor fi expu\u0219i la sarcini cognitive \u0219i ulterior \u00ee\u0219i pot vizualiza activitatea cerebral\u0103, ob\u021bin\u00e2ndu-se tehnici de reglare emo\u021bional\u0103 \u0219i optimizareaperforman\u021belor \u00een contexte similare. Cercetarea abilit\u0103\u021bilor voca\u021bionale. Abordarea senzorialit\u0103\u021bii ofer\u0103 un spa\u021biu terapeutic \u0219i de cercetare care promoveaz\u0103 autoreglarea emo\u021bional\u0103 \u0219i reduce stresul.<\/p>\n\n\n\n<p><br><strong>L2. Laboratorul de Dezvoltare Cognitiv\u0103 \u0219i Emo\u021bional\u0103<\/strong><br>Este dedicat studen\u021bilor interesa\u021bi de autocunoa\u0219tere \u0219i dezvoltare personal\u0103. \u00cen cadrul acestui laborator se faciliteaz\u0103 deschiderea, extraversiunea, con\u0219tiinciozitatea, agiabilitatea \u0219i stabilitatea emo\u021bional\u0103 (DECAS) \u0219i cre\u0219terea mecanismelor de coping la sursele de stres.<\/p>\n\n\n\n<p><br><strong>L3. Laboratorul Multidisciplinar pentru Dezvoltare Experen\u021bial\u0103<\/strong><br>\u00cen cadrul acestui laborator, studen\u021bii sunt expu\u0219i la stimuli cu scopul de a-\u0219i dezvolta abilit\u0103\u021bile. Vizeaz\u0103 activit\u0103\u021bi combinate (psihoterapeutice \u0219i teatrale) pentru \u00eembun\u0103t\u0103\u021birea comunic\u0103rii \u0219i proceselor interpersonale, crearea de protocoale psihoterapeutice, validate \u0219tiin\u021bific, care con\u021bin elemente de senzorialitate \u0219i corporalitate din artele performative (tehnici de Drama Terapie \u0219i Art Terapie) \u0219i folosirea mijloacelor conven\u021bionale (teste psihologice), dar \u0219i m\u0103surare de probe de laborator de tipul EEG \u0219i cortizol (hormonul de stres).<br>Senzorialitatea reprezint\u0103 nucleul vital \u00een demersurile artistice at\u00e2t din Artele performative, Cinematografie c\u00e2t poate mai ales \u00een cazul Crea\u021biilor de tip XR (mixed realities).\u00a0<\/p>\n\n\n\n<p>Explorarea senzorialit\u0103\u021bii confer\u0103 fundament \u0219tiin\u021bific pentru demersurile artistice. Cercetarea exploratorie a senzorialit\u0103\u021bii produce beneficii asupra st\u0103rii de bine a individului, artist sau spectator, comunit\u0103\u021bi academice, comunit\u0103\u021bi artistice, comunit\u0103\u021bi vulnerabile, activeaz\u0103 conceptul de \u00eenv\u0103\u021bare continu\u0103 (long life learning).<\/p>\n\n\n\n<p>\u00cen cadrul acestei activit\u0103\u021bi se vor desf\u0103\u0219ura procedurile specifice de achizi\u021bie a infrastructurii digitale \u0219i a serviciilor specifice, conform planului de achizi\u021bii al proiectului \u0219i cu respectarea tuturor prevederilor legale \u00een vigoare. Vor fi recep\u021bionate, montate \u0219i puse \u00een func\u021biune conform parametrilor specifici. Vor avea loc stagiile de instruire a personalului didactic, de cercetare \u0219i a studen\u021bilor \u00een vederea oper\u0103rii optime a noilor echipamente, precum \u0219i integrarea acestora \u00een procesul didactic \u0219i \u00een proiectele de cercetare.<\/p>\n\n\n\n<h2 class=\"wp-block-heading\"><strong>Vulnerabilitatea la adic\u021bii \u0219i conduite de risc la adolescen\u021bi<\/strong><\/h2>\n\n\n\n<p>\u00cen completarea activit\u0103\u021bilor viz\u00e2nd preven\u021bia comportamentelor adictive sau riscante, dup\u0103 prezentarea unor materiale, discu\u021bii libere \u0219i formularea de r\u0103spunsuri la \u00eentreb\u0103ri, adolescen\u021bii vor fi ruga\u021bi s\u0103 scaneze cu telefonul codul QR \u0219i s\u0103 r\u0103spund\u0103 la \u00eentreb\u0103rile dintr-un formular <a href=\"https:\/\/forms.gle\/yqQHeyd77EDXeARL8\" data-type=\"link\" data-id=\"https:\/\/forms.gle\/yqQHeyd77EDXeARL8\" target=\"_blank\" rel=\"noreferrer noopener\">google.form<\/a> pentru \u2026 a ne ajuta s\u0103 \u00een\u021belegem mai bine lumea adolescen\u021bilor, nevoile, sensibilit\u0103\u021bile sau vulnerabilit\u0103\u021bile lor \u2026.<\/p>\n\n\n\n<blockquote class=\"wp-block-quote is-layout-flow wp-block-quote-is-layout-flow\">\n<p>\u201d\u2026 Avem nevoie de opiniile \u0219i r\u0103spunsurile tale sincere pentru c\u0103 tu \u0219tii cel mai bine cum e\u0219ti tu, <br>cum g\u00e2nde\u0219ti, care sunt nevoile, atuurile sau sl\u0103biciunile tale\u2026<br>Particip\u00e2nd la aceste studiu \u00ee\u021bi garant\u0103m confiden\u021bialitatea \u00een sensul c\u0103 nu \u00ee\u021bi vei da<br>numele sau alte date care ar permite identificare ta \u0219i nu te vei semna \u00een acest formular\u2026.\u201d<\/p>\n<\/blockquote>\n\n\n\n<p>Promov\u00e2nd completarea acestui chestionar, contribui\u021bi la o mai bun\u0103 \u00een\u021belegere a rela\u021biilor<br>dintre caracteristicile individuale ale adolescen\u021bilor (g\u00e2nduri \u0219i opinii, emo\u021bii \u0219i sentimente) \u0219i conduitele lor de via\u021b\u0103, inclusiv a celor considerate \u201dpericuloase\u201d, adictive sau dependente (din categoria dependen\u021belor de internet \u0219i re\u021bele de socializare, de fumat sau de anumite substan\u021be).<\/p>\n\n\n\n<p>Dac\u0103 se dore\u0219te utilizarea Chestionarului VrA (Vulnerabilitate \u0219i rezilien\u021b\u0103 la Adic\u021bii) \u00een activit\u0103\u021bi de consiliere individual\u0103 (numai de c\u0103tre psihologii \u0219i consilierii acredita\u021bi!), accesarea chestionarului, completarea lui \u0219i generarea Rapoartelor de evaluare sau a Rapoartelor de consiliere se poate realiza dintr-un cont de utilizator <a href=\"https:\/\/www.psihoprofile.ro\/Public\/Questionnaire\/vra\" data-type=\"link\" data-id=\"https:\/\/www.psihoprofile.ro\/Public\/Questionnaire\/vra\" target=\"_blank\" rel=\"noreferrer noopener\">PsihoProfile<\/a>.<br>\u00cen completare, \u00een condi\u021bii similare poate fi utilizat <a href=\"https:\/\/www.psihoprofile.ro\/Public\/Questionnaire\/vi\" data-type=\"link\" data-id=\"https:\/\/www.psihoprofile.ro\/Public\/Questionnaire\/vi\" target=\"_blank\" rel=\"noreferrer noopener\">Chestionarului VI<\/a> (Vulnerabilitate la Inadaptare) pentru a identifica posibile dificult\u0103\u021bi sau deficien\u021be legate adaptare\/ integrarea social\u0103 sau \u0219colar\u0103 a unui adolescent.<br><\/p>\n\n\n\n<p>Pentru informa\u021bii suplimentare, \u00eentreb\u0103ri sau propuneri de colaborare: prof. univ. dr. Ticu CONSTANTIN.<\/p>\n\n\n\n<p><\/p>\n\n\n\n<div class=\"wp-block-columns is-layout-flex wp-container-core-columns-is-layout-9d6595d7 wp-block-columns-is-layout-flex\">\n<div class=\"wp-block-column is-layout-flow wp-block-column-is-layout-flow\"><div class=\"wp-block-image\">\n<figure class=\"aligncenter size-full is-resized\"><a href=\"https:\/\/docs.google.com\/forms\/d\/e\/1FAIpQLScSHo7VMPqL0aKggCIvNcncgtTTVCdJ7HXQaOd_yMpF8wJFCA\/viewform\"><img loading=\"lazy\" decoding=\"async\" width=\"1155\" height=\"1155\" src=\"https:\/\/unatc.ro\/devunatc\/wp-content\/uploads\/2024\/03\/qr-code-unatc-psihoprofile.jpg\" alt=\"Chestionar PsihoProfile\" class=\"wp-image-13078\" style=\"width:508px;height:auto\" srcset=\"https:\/\/unatc.ro\/devunatc\/wp-content\/uploads\/2024\/03\/qr-code-unatc-psihoprofile.jpg 1155w, https:\/\/unatc.ro\/devunatc\/wp-content\/uploads\/2024\/03\/qr-code-unatc-psihoprofile-150x150.jpg 150w\" sizes=\"auto, (max-width: 1155px) 100vw, 1155px\" \/><\/a><figcaption class=\"wp-element-caption\"><a href=\"https:\/\/docs.google.com\/forms\/d\/e\/1FAIpQLScSHo7VMPqL0aKggCIvNcncgtTTVCdJ7HXQaOd_yMpF8wJFCA\/viewform\" data-type=\"link\" data-id=\"https:\/\/docs.google.com\/forms\/d\/e\/1FAIpQLScSHo7VMPqL0aKggCIvNcncgtTTVCdJ7HXQaOd_yMpF8wJFCA\/viewform\" target=\"_blank\" rel=\"noreferrer noopener\">Chestionar PsihoProfile<\/a><\/figcaption><\/figure>\n<\/div><\/div>\n\n\n\n<div class=\"wp-block-column is-layout-flow wp-block-column-is-layout-flow\"><div class=\"wp-block-image is-style-default\">\n<figure class=\"aligncenter size-full\"><a href=\"https:\/\/forms.gle\/RaGui7wBrPshpj3M8\"><img loading=\"lazy\" decoding=\"async\" width=\"1155\" height=\"1155\" src=\"https:\/\/unatc.ro\/devunatc\/wp-content\/uploads\/2024\/03\/qr-code-unatc-institut.png\" alt=\"Chestionar UNATC\" class=\"wp-image-13077\" srcset=\"https:\/\/unatc.ro\/devunatc\/wp-content\/uploads\/2024\/03\/qr-code-unatc-institut.png 1155w, https:\/\/unatc.ro\/devunatc\/wp-content\/uploads\/2024\/03\/qr-code-unatc-institut-150x150.png 150w\" sizes=\"auto, (max-width: 1155px) 100vw, 1155px\" \/><\/a><figcaption class=\"wp-element-caption\"><a href=\"https:\/\/forms.gle\/RaGui7wBrPshpj3M8\" data-type=\"link\" data-id=\"https:\/\/forms.gle\/RaGui7wBrPshpj3M8\" target=\"_blank\" rel=\"noreferrer noopener\">Chestionar UNATC<\/a><\/figcaption><\/figure>\n<\/div><\/div>\n<\/div>\n","protected":false},"excerpt":{"rendered":"<p class=\"no-padding\">Prin descoperirile din ultimele decenii \u00een domeniul neuro\u0219tiin\u021belor \u0219i psihologiei, dar \u0219i \u00een urma experien\u021belor directe, concrete de cercetare a&#8230;<\/p>\n","protected":false},"author":1,"featured_media":0,"parent":17,"menu_order":0,"comment_status":"closed","ping_status":"closed","template":"template-tab-group.php","meta":{"footnotes":""},"class_list":["post-13074","page","type-page","status-publish","hentry"],"acf":{"galerie_foto":null,"alternative_page_title":"","page_contact_email":""},"yoast_head":"<!-- This site is optimized with the Yoast SEO plugin v27.4 - https:\/\/yoast.com\/product\/yoast-seo-wordpress\/ -->\n<title>Institutul de Cercetare a Senzorialit\u0103\u021bii - UNATC<\/title>\n<meta name=\"robots\" content=\"index, follow, max-snippet:-1, max-image-preview:large, max-video-preview:-1\" \/>\n<link rel=\"canonical\" href=\"https:\/\/unatc.ro\/devunatc\/cercetare\/institutul-de-cercetare-a-senzorialitatii\/\" \/>\n<meta property=\"og:locale\" content=\"en_US\" \/>\n<meta property=\"og:type\" content=\"article\" \/>\n<meta property=\"og:title\" content=\"Institutul de Cercetare a Senzorialit\u0103\u021bii - UNATC\" \/>\n<meta property=\"og:description\" content=\"Prin descoperirile din ultimele decenii \u00een domeniul neuro\u0219tiin\u021belor \u0219i psihologiei, dar \u0219i \u00een urma experien\u021belor directe, concrete de cercetare a...\" \/>\n<meta property=\"og:url\" content=\"https:\/\/unatc.ro\/devunatc\/cercetare\/institutul-de-cercetare-a-senzorialitatii\/\" \/>\n<meta property=\"og:site_name\" content=\"UNATC\" \/>\n<meta property=\"article:publisher\" content=\"https:\/\/www.facebook.com\/UNATC.ILC\/\" \/>\n<meta property=\"article:modified_time\" content=\"2024-03-13T11:23:03+00:00\" \/>\n<meta property=\"og:image\" content=\"https:\/\/unatc.ro\/devunatc\/wp-content\/uploads\/2024\/03\/qr-code-unatc-psihoprofile.jpg\" \/>\n<meta name=\"twitter:card\" content=\"summary_large_image\" \/>\n<meta name=\"twitter:label1\" content=\"Est. reading time\" \/>\n\t<meta name=\"twitter:data1\" content=\"4 minutes\" \/>\n<script type=\"application\/ld+json\" class=\"yoast-schema-graph\">{\"@context\":\"https:\\\/\\\/schema.org\",\"@graph\":[{\"@type\":\"WebPage\",\"@id\":\"https:\\\/\\\/unatc.ro\\\/devunatc\\\/cercetare\\\/institutul-de-cercetare-a-senzorialitatii\\\/\",\"url\":\"https:\\\/\\\/unatc.ro\\\/devunatc\\\/cercetare\\\/institutul-de-cercetare-a-senzorialitatii\\\/\",\"name\":\"Institutul de Cercetare a Senzorialit\u0103\u021bii - UNATC\",\"isPartOf\":{\"@id\":\"https:\\\/\\\/unatc.ro\\\/devunatc\\\/#website\"},\"primaryImageOfPage\":{\"@id\":\"https:\\\/\\\/unatc.ro\\\/devunatc\\\/cercetare\\\/institutul-de-cercetare-a-senzorialitatii\\\/#primaryimage\"},\"image\":{\"@id\":\"https:\\\/\\\/unatc.ro\\\/devunatc\\\/cercetare\\\/institutul-de-cercetare-a-senzorialitatii\\\/#primaryimage\"},\"thumbnailUrl\":\"https:\\\/\\\/unatc.ro\\\/devunatc\\\/wp-content\\\/uploads\\\/2024\\\/03\\\/qr-code-unatc-psihoprofile.jpg\",\"datePublished\":\"2024-03-13T10:19:58+00:00\",\"dateModified\":\"2024-03-13T11:23:03+00:00\",\"breadcrumb\":{\"@id\":\"https:\\\/\\\/unatc.ro\\\/devunatc\\\/cercetare\\\/institutul-de-cercetare-a-senzorialitatii\\\/#breadcrumb\"},\"inLanguage\":\"en-US\",\"potentialAction\":[{\"@type\":\"ReadAction\",\"target\":[\"https:\\\/\\\/unatc.ro\\\/devunatc\\\/cercetare\\\/institutul-de-cercetare-a-senzorialitatii\\\/\"]}]},{\"@type\":\"ImageObject\",\"inLanguage\":\"en-US\",\"@id\":\"https:\\\/\\\/unatc.ro\\\/devunatc\\\/cercetare\\\/institutul-de-cercetare-a-senzorialitatii\\\/#primaryimage\",\"url\":\"https:\\\/\\\/unatc.ro\\\/devunatc\\\/wp-content\\\/uploads\\\/2024\\\/03\\\/qr-code-unatc-psihoprofile.jpg\",\"contentUrl\":\"https:\\\/\\\/unatc.ro\\\/devunatc\\\/wp-content\\\/uploads\\\/2024\\\/03\\\/qr-code-unatc-psihoprofile.jpg\",\"width\":1155,\"height\":1155},{\"@type\":\"BreadcrumbList\",\"@id\":\"https:\\\/\\\/unatc.ro\\\/devunatc\\\/cercetare\\\/institutul-de-cercetare-a-senzorialitatii\\\/#breadcrumb\",\"itemListElement\":[{\"@type\":\"ListItem\",\"position\":1,\"name\":\"Home\",\"item\":\"https:\\\/\\\/unatc.ro\\\/devunatc\\\/\"},{\"@type\":\"ListItem\",\"position\":2,\"name\":\"Cercetare\",\"item\":\"https:\\\/\\\/unatc.ro\\\/devunatc\\\/cercetare\\\/\"},{\"@type\":\"ListItem\",\"position\":3,\"name\":\"Institutul de Cercetare a Senzorialit\u0103\u021bii\"}]},{\"@type\":\"WebSite\",\"@id\":\"https:\\\/\\\/unatc.ro\\\/devunatc\\\/#website\",\"url\":\"https:\\\/\\\/unatc.ro\\\/devunatc\\\/\",\"name\":\"UNATC\",\"description\":\"\",\"publisher\":{\"@id\":\"https:\\\/\\\/unatc.ro\\\/devunatc\\\/#organization\"},\"potentialAction\":[{\"@type\":\"SearchAction\",\"target\":{\"@type\":\"EntryPoint\",\"urlTemplate\":\"https:\\\/\\\/unatc.ro\\\/devunatc\\\/?s={search_term_string}\"},\"query-input\":{\"@type\":\"PropertyValueSpecification\",\"valueRequired\":true,\"valueName\":\"search_term_string\"}}],\"inLanguage\":\"en-US\"},{\"@type\":\"Organization\",\"@id\":\"https:\\\/\\\/unatc.ro\\\/devunatc\\\/#organization\",\"name\":\"UNATC\",\"url\":\"https:\\\/\\\/unatc.ro\\\/devunatc\\\/\",\"logo\":{\"@type\":\"ImageObject\",\"inLanguage\":\"en-US\",\"@id\":\"https:\\\/\\\/unatc.ro\\\/devunatc\\\/#\\\/schema\\\/logo\\\/image\\\/\",\"url\":\"https:\\\/\\\/unatc.ro\\\/devunatc\\\/wp-content\\\/uploads\\\/2025\\\/07\\\/unatc_logo.png\",\"contentUrl\":\"https:\\\/\\\/unatc.ro\\\/devunatc\\\/wp-content\\\/uploads\\\/2025\\\/07\\\/unatc_logo.png\",\"width\":480,\"height\":469,\"caption\":\"UNATC\"},\"image\":{\"@id\":\"https:\\\/\\\/unatc.ro\\\/devunatc\\\/#\\\/schema\\\/logo\\\/image\\\/\"},\"sameAs\":[\"https:\\\/\\\/www.facebook.com\\\/UNATC.ILC\\\/\",\"https:\\\/\\\/www.youtube.com\\\/c\\\/unatcilcaragiale\",\"https:\\\/\\\/www.instagram.com\\\/unatc_ilcaragiale\\\/?hl=en\",\"https:\\\/\\\/www.tiktok.com\\\/@unatc?lang=en\"]}]}<\/script>\n<!-- \/ Yoast SEO plugin. -->","yoast_head_json":{"title":"Institutul de Cercetare a Senzorialit\u0103\u021bii - UNATC","robots":{"index":"index","follow":"follow","max-snippet":"max-snippet:-1","max-image-preview":"max-image-preview:large","max-video-preview":"max-video-preview:-1"},"canonical":"https:\/\/unatc.ro\/devunatc\/cercetare\/institutul-de-cercetare-a-senzorialitatii\/","og_locale":"en_US","og_type":"article","og_title":"Institutul de Cercetare a Senzorialit\u0103\u021bii - UNATC","og_description":"Prin descoperirile din ultimele decenii \u00een domeniul neuro\u0219tiin\u021belor \u0219i psihologiei, dar \u0219i \u00een urma experien\u021belor directe, concrete de cercetare a...","og_url":"https:\/\/unatc.ro\/devunatc\/cercetare\/institutul-de-cercetare-a-senzorialitatii\/","og_site_name":"UNATC","article_publisher":"https:\/\/www.facebook.com\/UNATC.ILC\/","article_modified_time":"2024-03-13T11:23:03+00:00","og_image":[{"url":"https:\/\/unatc.ro\/devunatc\/wp-content\/uploads\/2024\/03\/qr-code-unatc-psihoprofile.jpg","type":"","width":"","height":""}],"twitter_card":"summary_large_image","twitter_misc":{"Est. reading time":"4 minutes"},"schema":{"@context":"https:\/\/schema.org","@graph":[{"@type":"WebPage","@id":"https:\/\/unatc.ro\/devunatc\/cercetare\/institutul-de-cercetare-a-senzorialitatii\/","url":"https:\/\/unatc.ro\/devunatc\/cercetare\/institutul-de-cercetare-a-senzorialitatii\/","name":"Institutul de Cercetare a Senzorialit\u0103\u021bii - UNATC","isPartOf":{"@id":"https:\/\/unatc.ro\/devunatc\/#website"},"primaryImageOfPage":{"@id":"https:\/\/unatc.ro\/devunatc\/cercetare\/institutul-de-cercetare-a-senzorialitatii\/#primaryimage"},"image":{"@id":"https:\/\/unatc.ro\/devunatc\/cercetare\/institutul-de-cercetare-a-senzorialitatii\/#primaryimage"},"thumbnailUrl":"https:\/\/unatc.ro\/devunatc\/wp-content\/uploads\/2024\/03\/qr-code-unatc-psihoprofile.jpg","datePublished":"2024-03-13T10:19:58+00:00","dateModified":"2024-03-13T11:23:03+00:00","breadcrumb":{"@id":"https:\/\/unatc.ro\/devunatc\/cercetare\/institutul-de-cercetare-a-senzorialitatii\/#breadcrumb"},"inLanguage":"en-US","potentialAction":[{"@type":"ReadAction","target":["https:\/\/unatc.ro\/devunatc\/cercetare\/institutul-de-cercetare-a-senzorialitatii\/"]}]},{"@type":"ImageObject","inLanguage":"en-US","@id":"https:\/\/unatc.ro\/devunatc\/cercetare\/institutul-de-cercetare-a-senzorialitatii\/#primaryimage","url":"https:\/\/unatc.ro\/devunatc\/wp-content\/uploads\/2024\/03\/qr-code-unatc-psihoprofile.jpg","contentUrl":"https:\/\/unatc.ro\/devunatc\/wp-content\/uploads\/2024\/03\/qr-code-unatc-psihoprofile.jpg","width":1155,"height":1155},{"@type":"BreadcrumbList","@id":"https:\/\/unatc.ro\/devunatc\/cercetare\/institutul-de-cercetare-a-senzorialitatii\/#breadcrumb","itemListElement":[{"@type":"ListItem","position":1,"name":"Home","item":"https:\/\/unatc.ro\/devunatc\/"},{"@type":"ListItem","position":2,"name":"Cercetare","item":"https:\/\/unatc.ro\/devunatc\/cercetare\/"},{"@type":"ListItem","position":3,"name":"Institutul de Cercetare a Senzorialit\u0103\u021bii"}]},{"@type":"WebSite","@id":"https:\/\/unatc.ro\/devunatc\/#website","url":"https:\/\/unatc.ro\/devunatc\/","name":"UNATC","description":"","publisher":{"@id":"https:\/\/unatc.ro\/devunatc\/#organization"},"potentialAction":[{"@type":"SearchAction","target":{"@type":"EntryPoint","urlTemplate":"https:\/\/unatc.ro\/devunatc\/?s={search_term_string}"},"query-input":{"@type":"PropertyValueSpecification","valueRequired":true,"valueName":"search_term_string"}}],"inLanguage":"en-US"},{"@type":"Organization","@id":"https:\/\/unatc.ro\/devunatc\/#organization","name":"UNATC","url":"https:\/\/unatc.ro\/devunatc\/","logo":{"@type":"ImageObject","inLanguage":"en-US","@id":"https:\/\/unatc.ro\/devunatc\/#\/schema\/logo\/image\/","url":"https:\/\/unatc.ro\/devunatc\/wp-content\/uploads\/2025\/07\/unatc_logo.png","contentUrl":"https:\/\/unatc.ro\/devunatc\/wp-content\/uploads\/2025\/07\/unatc_logo.png","width":480,"height":469,"caption":"UNATC"},"image":{"@id":"https:\/\/unatc.ro\/devunatc\/#\/schema\/logo\/image\/"},"sameAs":["https:\/\/www.facebook.com\/UNATC.ILC\/","https:\/\/www.youtube.com\/c\/unatcilcaragiale","https:\/\/www.instagram.com\/unatc_ilcaragiale\/?hl=en","https:\/\/www.tiktok.com\/@unatc?lang=en"]}]}},"jetpack_sharing_enabled":true,"_links":{"self":[{"href":"https:\/\/unatc.ro\/devunatc\/wp-json\/wp\/v2\/pages\/13074","targetHints":{"allow":["GET"]}}],"collection":[{"href":"https:\/\/unatc.ro\/devunatc\/wp-json\/wp\/v2\/pages"}],"about":[{"href":"https:\/\/unatc.ro\/devunatc\/wp-json\/wp\/v2\/types\/page"}],"author":[{"embeddable":true,"href":"https:\/\/unatc.ro\/devunatc\/wp-json\/wp\/v2\/users\/1"}],"replies":[{"embeddable":true,"href":"https:\/\/unatc.ro\/devunatc\/wp-json\/wp\/v2\/comments?post=13074"}],"version-history":[{"count":3,"href":"https:\/\/unatc.ro\/devunatc\/wp-json\/wp\/v2\/pages\/13074\/revisions"}],"predecessor-version":[{"id":13080,"href":"https:\/\/unatc.ro\/devunatc\/wp-json\/wp\/v2\/pages\/13074\/revisions\/13080"}],"up":[{"embeddable":true,"href":"https:\/\/unatc.ro\/devunatc\/wp-json\/wp\/v2\/pages\/17"}],"wp:attachment":[{"href":"https:\/\/unatc.ro\/devunatc\/wp-json\/wp\/v2\/media?parent=13074"}],"curies":[{"name":"wp","href":"https:\/\/api.w.org\/{rel}","templated":true}]}}