{"id":12131,"date":"2023-11-08T14:50:13","date_gmt":"2023-11-08T12:50:13","guid":{"rendered":"https:\/\/unatc.ro\/devunatc\/?page_id=12131"},"modified":"2024-04-09T15:13:54","modified_gmt":"2024-04-09T13:13:54","slug":"programul-educatie-si-ocupare-2021-2027","status":"publish","type":"page","link":"https:\/\/unatc.ro\/devunatc\/programul-educatie-si-ocupare-2021-2027\/","title":{"rendered":"Programul Educa\u021bie \u0219i Ocupare 2021 - 2027"},"content":{"rendered":"\n<p>Programul&nbsp;<strong>&nbsp;Educa\u021bie \u0219i Ocupare&nbsp;<\/strong>urm\u0103re\u0219te s\u0103 valorifice poten\u021bialul uman, \u00een condi\u021bii de echitate, prin cre\u0219terea relevan\u021bei sistemelor de educa\u021bie \u0219i formare pentru pia\u021ba muncii, \u00een contextul utiliz\u0103rii \u0219i dezvolt\u0103rii competen\u021belor digitale \u0219i antreprenoriale \u0219i promov\u0103rii unui mediu stimulativ pentru \u00eenv\u0103\u021barea pe tot parcursul vie\u021bii.<\/p>\n\n\n\n<p>Totodat\u0103, \u00een domeniul Ocup\u0103rii, obiectivul este ca pia\u021ba muncii din Rom\u00e2nia s\u0103 devin\u0103 sustenabil\u0103, rezilient\u0103, pro-activ\u0103 \u0219i bazat\u0103 pe inovare social\u0103.<\/p>\n\n\n\n<p><\/p>\n\n\n\n<h2 class=\"wp-block-heading\">ANUN\u021aURI PUBLICE<\/h2>\n\n\n\n<p><\/p>\n\n\n\n<p>APEL PARTENERIATE pentru promovarea dezvolt\u0103rii programelor de studii ter\u021biare de \u00eenalt\u0103 calitate, corelare cu cerin\u021bele pie\u021bei muncii \u0219i realizare de stagii de practic\u0103\/internship pentru studen\u021bi perioada 2024-2026<\/p>\n\n\n\n<p><\/p>\n\n\n\n<div class=\"wp-block-unatc-blocks-file fileRow\"><div class=\"fileWrapper\"><div class=\"fileText\"><a href=\"https:\/\/unatc.ro\/devunatc\/wp-content\/uploads\/2023\/11\/procedura-de-selectie-parteneri-STAGII-UNATC.pdf\" target=\"_blank\" title=\"procedura-de-selectie-parteneri-STAGII-UNATC\" rel=\"noopener\"><span class=\"nameFile\">procedura-de-selectie-parteneri-STAGII-UNATC<\/span><span class=\"captionFile\">PEO\/72\/PEO_P7\/OP4\/ESO4.5\/PEO_A49<br>PEO\/71\/PEO_P7\/OP4\/ESO4.5\/PEO_A49<br><\/span><\/a><\/div><a class=\"fileDownloadBtn\" href=\"https:\/\/unatc.ro\/devunatc\/wp-content\/uploads\/2023\/11\/procedura-de-selectie-parteneri-STAGII-UNATC.pdf\" target=\"_blank\" rel=\"noopener\" title=\"procedura-de-selectie-parteneri-STAGII-UNATC\">Descarc\u0103 fi\u0219ierul<\/a><\/div><\/div>\n\n\n\n<div class=\"wp-block-group\"><div class=\"wp-block-group__inner-container is-layout-constrained wp-block-group-is-layout-constrained\">\n<h2 class=\"wp-block-heading\">Calendar<\/h2>\n\n\n\n<p>21.11.2023<\/p>\n\n\n\n<div class=\"wp-block-file\"><a id=\"wp-block-file--media-e7cb70c7-7076-4b1b-8659-61402bab7436\" href=\"https:\/\/unatc.ro\/devunatc\/wp-content\/uploads\/2024\/01\/Calendar-procedura-selectie_site.pdf\">Calendar procedura<\/a><a href=\"https:\/\/unatc.ro\/devunatc\/wp-content\/uploads\/2024\/01\/Calendar-procedura-selectie_site.pdf\" class=\"wp-block-file__button wp-element-button\" download aria-describedby=\"wp-block-file--media-e7cb70c7-7076-4b1b-8659-61402bab7436\">Descarc\u0103<\/a><\/div>\n<\/div><\/div>\n\n\n\n<div class=\"wp-block-group\"><div class=\"wp-block-group__inner-container is-layout-constrained wp-block-group-is-layout-constrained\">\n<h2 class=\"wp-block-heading\">Rezultate intermediare<\/h2>\n\n\n\n<p>04.01.2024<\/p>\n\n\n\n<div class=\"wp-block-file\"><a id=\"wp-block-file--media-e7cb70c7-7076-4b1b-8659-61402bab7436\" href=\"https:\/\/unatc.ro\/devunatc\/wp-content\/uploads\/2024\/01\/Rezultate-intermediare-selectie-STAGII.pdf\">Rezultate intermediare selectie STAGII<\/a><a href=\"https:\/\/unatc.ro\/devunatc\/wp-content\/uploads\/2024\/01\/Rezultate-intermediare-selectie-STAGII.pdf\" class=\"wp-block-file__button wp-element-button\" download aria-describedby=\"wp-block-file--media-e7cb70c7-7076-4b1b-8659-61402bab7436\">Descarc\u0103<\/a><\/div>\n<\/div><\/div>\n\n\n\n<div class=\"wp-block-group\"><div class=\"wp-block-group__inner-container is-layout-constrained wp-block-group-is-layout-constrained\">\n<h2 class=\"wp-block-heading\">Rezultate finale<\/h2>\n\n\n\n<p>06.01.2024<\/p>\n\n\n\n<div class=\"wp-block-file\"><a id=\"wp-block-file--media-e7cb70c7-7076-4b1b-8659-61402bab7436\" href=\"https:\/\/unatc.ro\/devunatc\/wp-content\/uploads\/2024\/01\/Rezultate-finale-selectie-STAGII.pdf\">Rezultate finale selectie STAGII<\/a><a href=\"https:\/\/unatc.ro\/devunatc\/wp-content\/uploads\/2024\/01\/Rezultate-finale-selectie-STAGII.pdf\" class=\"wp-block-file__button wp-element-button\" download aria-describedby=\"wp-block-file--media-e7cb70c7-7076-4b1b-8659-61402bab7436\">Descarc\u0103<\/a><\/div>\n<\/div><\/div>\n","protected":false},"excerpt":{"rendered":"<p class=\"no-padding\">Programul&nbsp;&nbsp;Educa\u021bie \u0219i Ocupare&nbsp;urm\u0103re\u0219te s\u0103 valorifice poten\u021bialul uman, \u00een condi\u021bii de echitate, prin cre\u0219terea relevan\u021bei sistemelor de educa\u021bie \u0219i formare pentru&#8230;<\/p>\n","protected":false},"author":1,"featured_media":5274,"parent":0,"menu_order":0,"comment_status":"closed","ping_status":"closed","template":"template-tab-group-color.php","meta":{"footnotes":""},"class_list":["post-12131","page","type-page","status-publish","has-post-thumbnail","hentry"],"acf":{"galerie_foto":null,"titlu_prezentare_departament":"","text_prezentare_departament":"","alternative_page_title":"","page_contact_email":""},"yoast_head":"<!-- This site is optimized with the Yoast SEO plugin v27.4 - https:\/\/yoast.com\/product\/yoast-seo-wordpress\/ -->\n<title>Programul Educa\u021bie \u0219i Ocupare 2021 - 2027 - UNATC<\/title>\n<meta name=\"robots\" content=\"index, follow, max-snippet:-1, max-image-preview:large, max-video-preview:-1\" \/>\n<link rel=\"canonical\" href=\"https:\/\/unatc.ro\/devunatc\/programul-educatie-si-ocupare-2021-2027\/\" \/>\n<meta property=\"og:locale\" content=\"en_US\" \/>\n<meta property=\"og:type\" content=\"article\" \/>\n<meta property=\"og:title\" content=\"Programul Educa\u021bie \u0219i Ocupare 2021 - 2027 - UNATC\" \/>\n<meta property=\"og:description\" content=\"Programul&nbsp;&nbsp;Educa\u021bie \u0219i Ocupare&nbsp;urm\u0103re\u0219te s\u0103 valorifice poten\u021bialul uman, \u00een condi\u021bii de echitate, prin cre\u0219terea relevan\u021bei sistemelor de educa\u021bie \u0219i formare pentru...\" \/>\n<meta property=\"og:url\" content=\"https:\/\/unatc.ro\/devunatc\/programul-educatie-si-ocupare-2021-2027\/\" \/>\n<meta property=\"og:site_name\" content=\"UNATC\" \/>\n<meta property=\"article:publisher\" content=\"https:\/\/www.facebook.com\/UNATC.ILC\/\" \/>\n<meta property=\"article:modified_time\" content=\"2024-04-09T13:13:54+00:00\" \/>\n<meta property=\"og:image\" content=\"https:\/\/unatc.ro\/devunatc\/wp-content\/uploads\/2021\/07\/proiecte_default.jpg\" \/>\n\t<meta property=\"og:image:width\" content=\"2400\" \/>\n\t<meta property=\"og:image:height\" content=\"1193\" \/>\n\t<meta property=\"og:image:type\" content=\"image\/jpeg\" \/>\n<meta name=\"twitter:card\" content=\"summary_large_image\" \/>\n<meta name=\"twitter:label1\" content=\"Est. reading time\" \/>\n\t<meta name=\"twitter:data1\" content=\"1 minute\" \/>\n<script type=\"application\/ld+json\" class=\"yoast-schema-graph\">{\"@context\":\"https:\\\/\\\/schema.org\",\"@graph\":[{\"@type\":\"WebPage\",\"@id\":\"https:\\\/\\\/unatc.ro\\\/devunatc\\\/programul-educatie-si-ocupare-2021-2027\\\/\",\"url\":\"https:\\\/\\\/unatc.ro\\\/devunatc\\\/programul-educatie-si-ocupare-2021-2027\\\/\",\"name\":\"Programul Educa\u021bie \u0219i Ocupare 2021 - 2027 - UNATC\",\"isPartOf\":{\"@id\":\"https:\\\/\\\/unatc.ro\\\/devunatc\\\/#website\"},\"primaryImageOfPage\":{\"@id\":\"https:\\\/\\\/unatc.ro\\\/devunatc\\\/programul-educatie-si-ocupare-2021-2027\\\/#primaryimage\"},\"image\":{\"@id\":\"https:\\\/\\\/unatc.ro\\\/devunatc\\\/programul-educatie-si-ocupare-2021-2027\\\/#primaryimage\"},\"thumbnailUrl\":\"https:\\\/\\\/unatc.ro\\\/devunatc\\\/wp-content\\\/uploads\\\/2021\\\/07\\\/proiecte_default.jpg\",\"datePublished\":\"2023-11-08T12:50:13+00:00\",\"dateModified\":\"2024-04-09T13:13:54+00:00\",\"breadcrumb\":{\"@id\":\"https:\\\/\\\/unatc.ro\\\/devunatc\\\/programul-educatie-si-ocupare-2021-2027\\\/#breadcrumb\"},\"inLanguage\":\"en-US\",\"potentialAction\":[{\"@type\":\"ReadAction\",\"target\":[\"https:\\\/\\\/unatc.ro\\\/devunatc\\\/programul-educatie-si-ocupare-2021-2027\\\/\"]}]},{\"@type\":\"ImageObject\",\"inLanguage\":\"en-US\",\"@id\":\"https:\\\/\\\/unatc.ro\\\/devunatc\\\/programul-educatie-si-ocupare-2021-2027\\\/#primaryimage\",\"url\":\"https:\\\/\\\/unatc.ro\\\/devunatc\\\/wp-content\\\/uploads\\\/2021\\\/07\\\/proiecte_default.jpg\",\"contentUrl\":\"https:\\\/\\\/unatc.ro\\\/devunatc\\\/wp-content\\\/uploads\\\/2021\\\/07\\\/proiecte_default.jpg\",\"width\":2400,\"height\":1193},{\"@type\":\"BreadcrumbList\",\"@id\":\"https:\\\/\\\/unatc.ro\\\/devunatc\\\/programul-educatie-si-ocupare-2021-2027\\\/#breadcrumb\",\"itemListElement\":[{\"@type\":\"ListItem\",\"position\":1,\"name\":\"Home\",\"item\":\"https:\\\/\\\/unatc.ro\\\/devunatc\\\/\"},{\"@type\":\"ListItem\",\"position\":2,\"name\":\"Programul Educa\u021bie \u0219i Ocupare 2021 - 2027\"}]},{\"@type\":\"WebSite\",\"@id\":\"https:\\\/\\\/unatc.ro\\\/devunatc\\\/#website\",\"url\":\"https:\\\/\\\/unatc.ro\\\/devunatc\\\/\",\"name\":\"UNATC\",\"description\":\"\",\"publisher\":{\"@id\":\"https:\\\/\\\/unatc.ro\\\/devunatc\\\/#organization\"},\"potentialAction\":[{\"@type\":\"SearchAction\",\"target\":{\"@type\":\"EntryPoint\",\"urlTemplate\":\"https:\\\/\\\/unatc.ro\\\/devunatc\\\/?s={search_term_string}\"},\"query-input\":{\"@type\":\"PropertyValueSpecification\",\"valueRequired\":true,\"valueName\":\"search_term_string\"}}],\"inLanguage\":\"en-US\"},{\"@type\":\"Organization\",\"@id\":\"https:\\\/\\\/unatc.ro\\\/devunatc\\\/#organization\",\"name\":\"UNATC\",\"url\":\"https:\\\/\\\/unatc.ro\\\/devunatc\\\/\",\"logo\":{\"@type\":\"ImageObject\",\"inLanguage\":\"en-US\",\"@id\":\"https:\\\/\\\/unatc.ro\\\/devunatc\\\/#\\\/schema\\\/logo\\\/image\\\/\",\"url\":\"https:\\\/\\\/unatc.ro\\\/devunatc\\\/wp-content\\\/uploads\\\/2025\\\/07\\\/unatc_logo.png\",\"contentUrl\":\"https:\\\/\\\/unatc.ro\\\/devunatc\\\/wp-content\\\/uploads\\\/2025\\\/07\\\/unatc_logo.png\",\"width\":480,\"height\":469,\"caption\":\"UNATC\"},\"image\":{\"@id\":\"https:\\\/\\\/unatc.ro\\\/devunatc\\\/#\\\/schema\\\/logo\\\/image\\\/\"},\"sameAs\":[\"https:\\\/\\\/www.facebook.com\\\/UNATC.ILC\\\/\",\"https:\\\/\\\/www.youtube.com\\\/c\\\/unatcilcaragiale\",\"https:\\\/\\\/www.instagram.com\\\/unatc_ilcaragiale\\\/?hl=en\",\"https:\\\/\\\/www.tiktok.com\\\/@unatc?lang=en\"]}]}<\/script>\n<!-- \/ Yoast SEO plugin. -->","yoast_head_json":{"title":"Programul Educa\u021bie \u0219i Ocupare 2021 - 2027 - UNATC","robots":{"index":"index","follow":"follow","max-snippet":"max-snippet:-1","max-image-preview":"max-image-preview:large","max-video-preview":"max-video-preview:-1"},"canonical":"https:\/\/unatc.ro\/devunatc\/programul-educatie-si-ocupare-2021-2027\/","og_locale":"en_US","og_type":"article","og_title":"Programul Educa\u021bie \u0219i Ocupare 2021 - 2027 - UNATC","og_description":"Programul&nbsp;&nbsp;Educa\u021bie \u0219i Ocupare&nbsp;urm\u0103re\u0219te s\u0103 valorifice poten\u021bialul uman, \u00een condi\u021bii de echitate, prin cre\u0219terea relevan\u021bei sistemelor de educa\u021bie \u0219i formare pentru...","og_url":"https:\/\/unatc.ro\/devunatc\/programul-educatie-si-ocupare-2021-2027\/","og_site_name":"UNATC","article_publisher":"https:\/\/www.facebook.com\/UNATC.ILC\/","article_modified_time":"2024-04-09T13:13:54+00:00","og_image":[{"width":2400,"height":1193,"url":"https:\/\/unatc.ro\/devunatc\/wp-content\/uploads\/2021\/07\/proiecte_default.jpg","type":"image\/jpeg"}],"twitter_card":"summary_large_image","twitter_misc":{"Est. reading time":"1 minute"},"schema":{"@context":"https:\/\/schema.org","@graph":[{"@type":"WebPage","@id":"https:\/\/unatc.ro\/devunatc\/programul-educatie-si-ocupare-2021-2027\/","url":"https:\/\/unatc.ro\/devunatc\/programul-educatie-si-ocupare-2021-2027\/","name":"Programul Educa\u021bie \u0219i Ocupare 2021 - 2027 - UNATC","isPartOf":{"@id":"https:\/\/unatc.ro\/devunatc\/#website"},"primaryImageOfPage":{"@id":"https:\/\/unatc.ro\/devunatc\/programul-educatie-si-ocupare-2021-2027\/#primaryimage"},"image":{"@id":"https:\/\/unatc.ro\/devunatc\/programul-educatie-si-ocupare-2021-2027\/#primaryimage"},"thumbnailUrl":"https:\/\/unatc.ro\/devunatc\/wp-content\/uploads\/2021\/07\/proiecte_default.jpg","datePublished":"2023-11-08T12:50:13+00:00","dateModified":"2024-04-09T13:13:54+00:00","breadcrumb":{"@id":"https:\/\/unatc.ro\/devunatc\/programul-educatie-si-ocupare-2021-2027\/#breadcrumb"},"inLanguage":"en-US","potentialAction":[{"@type":"ReadAction","target":["https:\/\/unatc.ro\/devunatc\/programul-educatie-si-ocupare-2021-2027\/"]}]},{"@type":"ImageObject","inLanguage":"en-US","@id":"https:\/\/unatc.ro\/devunatc\/programul-educatie-si-ocupare-2021-2027\/#primaryimage","url":"https:\/\/unatc.ro\/devunatc\/wp-content\/uploads\/2021\/07\/proiecte_default.jpg","contentUrl":"https:\/\/unatc.ro\/devunatc\/wp-content\/uploads\/2021\/07\/proiecte_default.jpg","width":2400,"height":1193},{"@type":"BreadcrumbList","@id":"https:\/\/unatc.ro\/devunatc\/programul-educatie-si-ocupare-2021-2027\/#breadcrumb","itemListElement":[{"@type":"ListItem","position":1,"name":"Home","item":"https:\/\/unatc.ro\/devunatc\/"},{"@type":"ListItem","position":2,"name":"Programul Educa\u021bie \u0219i Ocupare 2021 - 2027"}]},{"@type":"WebSite","@id":"https:\/\/unatc.ro\/devunatc\/#website","url":"https:\/\/unatc.ro\/devunatc\/","name":"UNATC","description":"","publisher":{"@id":"https:\/\/unatc.ro\/devunatc\/#organization"},"potentialAction":[{"@type":"SearchAction","target":{"@type":"EntryPoint","urlTemplate":"https:\/\/unatc.ro\/devunatc\/?s={search_term_string}"},"query-input":{"@type":"PropertyValueSpecification","valueRequired":true,"valueName":"search_term_string"}}],"inLanguage":"en-US"},{"@type":"Organization","@id":"https:\/\/unatc.ro\/devunatc\/#organization","name":"UNATC","url":"https:\/\/unatc.ro\/devunatc\/","logo":{"@type":"ImageObject","inLanguage":"en-US","@id":"https:\/\/unatc.ro\/devunatc\/#\/schema\/logo\/image\/","url":"https:\/\/unatc.ro\/devunatc\/wp-content\/uploads\/2025\/07\/unatc_logo.png","contentUrl":"https:\/\/unatc.ro\/devunatc\/wp-content\/uploads\/2025\/07\/unatc_logo.png","width":480,"height":469,"caption":"UNATC"},"image":{"@id":"https:\/\/unatc.ro\/devunatc\/#\/schema\/logo\/image\/"},"sameAs":["https:\/\/www.facebook.com\/UNATC.ILC\/","https:\/\/www.youtube.com\/c\/unatcilcaragiale","https:\/\/www.instagram.com\/unatc_ilcaragiale\/?hl=en","https:\/\/www.tiktok.com\/@unatc?lang=en"]}]}},"jetpack_sharing_enabled":true,"_links":{"self":[{"href":"https:\/\/unatc.ro\/devunatc\/wp-json\/wp\/v2\/pages\/12131","targetHints":{"allow":["GET"]}}],"collection":[{"href":"https:\/\/unatc.ro\/devunatc\/wp-json\/wp\/v2\/pages"}],"about":[{"href":"https:\/\/unatc.ro\/devunatc\/wp-json\/wp\/v2\/types\/page"}],"author":[{"embeddable":true,"href":"https:\/\/unatc.ro\/devunatc\/wp-json\/wp\/v2\/users\/1"}],"replies":[{"embeddable":true,"href":"https:\/\/unatc.ro\/devunatc\/wp-json\/wp\/v2\/comments?post=12131"}],"version-history":[{"count":13,"href":"https:\/\/unatc.ro\/devunatc\/wp-json\/wp\/v2\/pages\/12131\/revisions"}],"predecessor-version":[{"id":13250,"href":"https:\/\/unatc.ro\/devunatc\/wp-json\/wp\/v2\/pages\/12131\/revisions\/13250"}],"wp:featuredmedia":[{"embeddable":true,"href":"https:\/\/unatc.ro\/devunatc\/wp-json\/wp\/v2\/media\/5274"}],"wp:attachment":[{"href":"https:\/\/unatc.ro\/devunatc\/wp-json\/wp\/v2\/media?parent=12131"}],"curies":[{"name":"wp","href":"https:\/\/api.w.org\/{rel}","templated":true}]}}