{"id":11597,"date":"2023-07-10T15:55:17","date_gmt":"2023-07-10T13:55:17","guid":{"rendered":"https:\/\/unatc.ro\/devunatc\/?page_id=11597"},"modified":"2023-07-31T10:24:53","modified_gmt":"2023-07-31T08:24:53","slug":"concept","status":"publish","type":"page","link":"https:\/\/unatc.ro\/devunatc\/concept\/","title":{"rendered":"Revista Concept 2(25)\/2022"},"content":{"rendered":"\n<p>Ca \u00een fiecare an, la finalul maratonului artistic reprezentat de Gala absolven\u0163ilor, v\u0103 oferim \u00eenc\u0103 o surpriz\u0103: lansarea revistei academice CONCEPT issue 2(25)\/2022. Platform\u0103 de cercetare deschis\u0103 domeniilor Teatru \u015fi artele spectacolului, Cinematografie \u015fi media, dar \u015fi tuturor domeniilor artistice conexe, revista CONCEPT \u00eensumeaz\u0103 12 ani de apari\u0163ie bianual\u0103, este acreditat\u0103 de c\u0103tre Consiliul Na\u021bional al Cercet\u0103rii \u0218tiin\u021bifice din Rom\u00e2nia \u0219i este indexat\u0103 \u00een mai multe baze de date interna\u0163ionale:&nbsp;CEEOL, SCIPIO, EBSCO.<br><\/p>\n\n\n\n<p>Sumarul revistei adun\u0103 articole semnate de cercet\u0103tori rom\u00e2ni \u015fi interna\u0163ionali \u015fi este structurat \u00een patru capitole: I AM ANOTHER YOU. Mediating Intimacy and Body Politics \u2013 autori: Robert McRuer, Antonio Centeno, Ciprian F\u0103c\u0103eru, Miruna Andreea G\u0103man, Margherita Falqui, Laura Pop, Emilian Lungu.<br><\/p>\n\n\n\n<p>MOLI\u00c8RE: 400th Anniversary of his Birth \u2013 autori: Marian Popescu, Olti\u0163a C\u00eentec, Diana Nechit et Andrei C. \u015eerban, Mihaela Be\u0163iu, Anca Similar et Patricia Nedelea.<br>Interdisciplinary Studies \u2013 autori: Andra Pantea, Sorin-Dan Boldea.<br>Cinema and Media Studies \u2013 autori: Daniel Constantin Mitulescu, Eugen Dediu.<br>Interview with UNATC\u2019s Rector, Professor Habil. Liviu Lucaci, PhD<\/p>\n\n\n\n<p><a href=\"https:\/\/www.dropbox.com\/s\/ggey10m6pj8wpi8\/2023-07-31%20-%20pdf_site_2023_Revista_ConceptNo25.pdf?dl=0\" data-type=\"URL\" data-id=\"https:\/\/www.dropbox.com\/s\/ggey10m6pj8wpi8\/2023-07-31%20-%20pdf_site_2023_Revista_ConceptNo25.pdf?dl=0\" target=\"_blank\" rel=\"noreferrer noopener\">Revista CONCEPT 2(25)\/2022<\/a><\/p>\n\n\n<div class=\"wp-block-image\">\n<figure class=\"alignleft size-full\"><img loading=\"lazy\" decoding=\"async\" width=\"1890\" height=\"2717\" src=\"https:\/\/unatc.ro\/devunatc\/wp-content\/uploads\/2023\/07\/2023-07-06_Revista_ConceptNo24-1.jpg\" alt=\"\" class=\"wp-image-11624\" srcset=\"https:\/\/unatc.ro\/devunatc\/wp-content\/uploads\/2023\/07\/2023-07-06_Revista_ConceptNo24-1.jpg 1890w, https:\/\/unatc.ro\/devunatc\/wp-content\/uploads\/2023\/07\/2023-07-06_Revista_ConceptNo24-1-104x150.jpg 104w, https:\/\/unatc.ro\/devunatc\/wp-content\/uploads\/2023\/07\/2023-07-06_Revista_ConceptNo24-1-1425x2048.jpg 1425w\" sizes=\"auto, (max-width: 1890px) 100vw, 1890px\" \/><\/figure>\n<\/div>\n\n\n<div style=\"height:100px\" aria-hidden=\"true\" class=\"wp-block-spacer\"><\/div>\n","protected":false},"excerpt":{"rendered":"<p class=\"no-padding\">Ca \u00een fiecare an, la finalul maratonului artistic reprezentat de Gala absolven\u0163ilor, v\u0103 oferim \u00eenc\u0103 o surpriz\u0103: lansarea revistei academice&#8230;<\/p>\n","protected":false},"author":1,"featured_media":9238,"parent":0,"menu_order":0,"comment_status":"closed","ping_status":"closed","template":"template-generic.php","meta":{"footnotes":""},"class_list":["post-11597","page","type-page","status-publish","has-post-thumbnail","hentry"],"acf":{"galerie_foto":null,"alternative_page_title":"","page_contact_email":""},"yoast_head":"<!-- This site is optimized with the Yoast SEO plugin v27.5 - https:\/\/yoast.com\/product\/yoast-seo-wordpress\/ -->\n<title>Revista Concept 2(25)\/2022 - UNATC<\/title>\n<meta name=\"robots\" content=\"index, follow, max-snippet:-1, max-image-preview:large, max-video-preview:-1\" \/>\n<link rel=\"canonical\" href=\"https:\/\/unatc.ro\/devunatc\/concept\/\" \/>\n<meta property=\"og:locale\" content=\"en_US\" \/>\n<meta property=\"og:type\" content=\"article\" \/>\n<meta property=\"og:title\" content=\"Revista Concept 2(25)\/2022 - UNATC\" \/>\n<meta property=\"og:description\" content=\"Ca \u00een fiecare an, la finalul maratonului artistic reprezentat de Gala absolven\u0163ilor, v\u0103 oferim \u00eenc\u0103 o surpriz\u0103: lansarea revistei academice...\" \/>\n<meta property=\"og:url\" content=\"https:\/\/unatc.ro\/devunatc\/concept\/\" \/>\n<meta property=\"og:site_name\" content=\"UNATC\" \/>\n<meta property=\"article:publisher\" content=\"https:\/\/www.facebook.com\/UNATC.ILC\/\" \/>\n<meta property=\"article:modified_time\" content=\"2023-07-31T08:24:53+00:00\" \/>\n<meta property=\"og:image\" content=\"https:\/\/unatc.ro\/devunatc\/wp-content\/uploads\/2022\/10\/egalitate-de-gen.jpg\" \/>\n\t<meta property=\"og:image:width\" content=\"2400\" \/>\n\t<meta property=\"og:image:height\" content=\"1193\" \/>\n\t<meta property=\"og:image:type\" content=\"image\/jpeg\" \/>\n<meta name=\"twitter:card\" content=\"summary_large_image\" \/>\n<meta name=\"twitter:label1\" content=\"Est. reading time\" \/>\n\t<meta name=\"twitter:data1\" content=\"1 minute\" \/>\n<script type=\"application\/ld+json\" class=\"yoast-schema-graph\">{\"@context\":\"https:\\\/\\\/schema.org\",\"@graph\":[{\"@type\":\"WebPage\",\"@id\":\"https:\\\/\\\/unatc.ro\\\/devunatc\\\/concept\\\/\",\"url\":\"https:\\\/\\\/unatc.ro\\\/devunatc\\\/concept\\\/\",\"name\":\"Revista Concept 2(25)\\\/2022 - UNATC\",\"isPartOf\":{\"@id\":\"https:\\\/\\\/unatc.ro\\\/devunatc\\\/#website\"},\"primaryImageOfPage\":{\"@id\":\"https:\\\/\\\/unatc.ro\\\/devunatc\\\/concept\\\/#primaryimage\"},\"image\":{\"@id\":\"https:\\\/\\\/unatc.ro\\\/devunatc\\\/concept\\\/#primaryimage\"},\"thumbnailUrl\":\"https:\\\/\\\/unatc.ro\\\/devunatc\\\/wp-content\\\/uploads\\\/2022\\\/10\\\/egalitate-de-gen.jpg\",\"datePublished\":\"2023-07-10T13:55:17+00:00\",\"dateModified\":\"2023-07-31T08:24:53+00:00\",\"breadcrumb\":{\"@id\":\"https:\\\/\\\/unatc.ro\\\/devunatc\\\/concept\\\/#breadcrumb\"},\"inLanguage\":\"en-US\",\"potentialAction\":[{\"@type\":\"ReadAction\",\"target\":[\"https:\\\/\\\/unatc.ro\\\/devunatc\\\/concept\\\/\"]}]},{\"@type\":\"ImageObject\",\"inLanguage\":\"en-US\",\"@id\":\"https:\\\/\\\/unatc.ro\\\/devunatc\\\/concept\\\/#primaryimage\",\"url\":\"https:\\\/\\\/unatc.ro\\\/devunatc\\\/wp-content\\\/uploads\\\/2022\\\/10\\\/egalitate-de-gen.jpg\",\"contentUrl\":\"https:\\\/\\\/unatc.ro\\\/devunatc\\\/wp-content\\\/uploads\\\/2022\\\/10\\\/egalitate-de-gen.jpg\",\"width\":2400,\"height\":1193},{\"@type\":\"BreadcrumbList\",\"@id\":\"https:\\\/\\\/unatc.ro\\\/devunatc\\\/concept\\\/#breadcrumb\",\"itemListElement\":[{\"@type\":\"ListItem\",\"position\":1,\"name\":\"Home\",\"item\":\"https:\\\/\\\/unatc.ro\\\/devunatc\\\/\"},{\"@type\":\"ListItem\",\"position\":2,\"name\":\"Revista Concept 2(25)\\\/2022\"}]},{\"@type\":\"WebSite\",\"@id\":\"https:\\\/\\\/unatc.ro\\\/devunatc\\\/#website\",\"url\":\"https:\\\/\\\/unatc.ro\\\/devunatc\\\/\",\"name\":\"UNATC\",\"description\":\"\",\"publisher\":{\"@id\":\"https:\\\/\\\/unatc.ro\\\/devunatc\\\/#organization\"},\"potentialAction\":[{\"@type\":\"SearchAction\",\"target\":{\"@type\":\"EntryPoint\",\"urlTemplate\":\"https:\\\/\\\/unatc.ro\\\/devunatc\\\/?s={search_term_string}\"},\"query-input\":{\"@type\":\"PropertyValueSpecification\",\"valueRequired\":true,\"valueName\":\"search_term_string\"}}],\"inLanguage\":\"en-US\"},{\"@type\":\"Organization\",\"@id\":\"https:\\\/\\\/unatc.ro\\\/devunatc\\\/#organization\",\"name\":\"UNATC\",\"url\":\"https:\\\/\\\/unatc.ro\\\/devunatc\\\/\",\"logo\":{\"@type\":\"ImageObject\",\"inLanguage\":\"en-US\",\"@id\":\"https:\\\/\\\/unatc.ro\\\/devunatc\\\/#\\\/schema\\\/logo\\\/image\\\/\",\"url\":\"https:\\\/\\\/unatc.ro\\\/devunatc\\\/wp-content\\\/uploads\\\/2025\\\/07\\\/unatc_logo.png\",\"contentUrl\":\"https:\\\/\\\/unatc.ro\\\/devunatc\\\/wp-content\\\/uploads\\\/2025\\\/07\\\/unatc_logo.png\",\"width\":480,\"height\":469,\"caption\":\"UNATC\"},\"image\":{\"@id\":\"https:\\\/\\\/unatc.ro\\\/devunatc\\\/#\\\/schema\\\/logo\\\/image\\\/\"},\"sameAs\":[\"https:\\\/\\\/www.facebook.com\\\/UNATC.ILC\\\/\",\"https:\\\/\\\/www.youtube.com\\\/c\\\/unatcilcaragiale\",\"https:\\\/\\\/www.instagram.com\\\/unatc_ilcaragiale\\\/?hl=en\",\"https:\\\/\\\/www.tiktok.com\\\/@unatc?lang=en\"]}]}<\/script>\n<!-- \/ Yoast SEO plugin. -->","yoast_head_json":{"title":"Revista Concept 2(25)\/2022 - UNATC","robots":{"index":"index","follow":"follow","max-snippet":"max-snippet:-1","max-image-preview":"max-image-preview:large","max-video-preview":"max-video-preview:-1"},"canonical":"https:\/\/unatc.ro\/devunatc\/concept\/","og_locale":"en_US","og_type":"article","og_title":"Revista Concept 2(25)\/2022 - UNATC","og_description":"Ca \u00een fiecare an, la finalul maratonului artistic reprezentat de Gala absolven\u0163ilor, v\u0103 oferim \u00eenc\u0103 o surpriz\u0103: lansarea revistei academice...","og_url":"https:\/\/unatc.ro\/devunatc\/concept\/","og_site_name":"UNATC","article_publisher":"https:\/\/www.facebook.com\/UNATC.ILC\/","article_modified_time":"2023-07-31T08:24:53+00:00","og_image":[{"width":2400,"height":1193,"url":"https:\/\/unatc.ro\/devunatc\/wp-content\/uploads\/2022\/10\/egalitate-de-gen.jpg","type":"image\/jpeg"}],"twitter_card":"summary_large_image","twitter_misc":{"Est. reading time":"1 minute"},"schema":{"@context":"https:\/\/schema.org","@graph":[{"@type":"WebPage","@id":"https:\/\/unatc.ro\/devunatc\/concept\/","url":"https:\/\/unatc.ro\/devunatc\/concept\/","name":"Revista Concept 2(25)\/2022 - UNATC","isPartOf":{"@id":"https:\/\/unatc.ro\/devunatc\/#website"},"primaryImageOfPage":{"@id":"https:\/\/unatc.ro\/devunatc\/concept\/#primaryimage"},"image":{"@id":"https:\/\/unatc.ro\/devunatc\/concept\/#primaryimage"},"thumbnailUrl":"https:\/\/unatc.ro\/devunatc\/wp-content\/uploads\/2022\/10\/egalitate-de-gen.jpg","datePublished":"2023-07-10T13:55:17+00:00","dateModified":"2023-07-31T08:24:53+00:00","breadcrumb":{"@id":"https:\/\/unatc.ro\/devunatc\/concept\/#breadcrumb"},"inLanguage":"en-US","potentialAction":[{"@type":"ReadAction","target":["https:\/\/unatc.ro\/devunatc\/concept\/"]}]},{"@type":"ImageObject","inLanguage":"en-US","@id":"https:\/\/unatc.ro\/devunatc\/concept\/#primaryimage","url":"https:\/\/unatc.ro\/devunatc\/wp-content\/uploads\/2022\/10\/egalitate-de-gen.jpg","contentUrl":"https:\/\/unatc.ro\/devunatc\/wp-content\/uploads\/2022\/10\/egalitate-de-gen.jpg","width":2400,"height":1193},{"@type":"BreadcrumbList","@id":"https:\/\/unatc.ro\/devunatc\/concept\/#breadcrumb","itemListElement":[{"@type":"ListItem","position":1,"name":"Home","item":"https:\/\/unatc.ro\/devunatc\/"},{"@type":"ListItem","position":2,"name":"Revista Concept 2(25)\/2022"}]},{"@type":"WebSite","@id":"https:\/\/unatc.ro\/devunatc\/#website","url":"https:\/\/unatc.ro\/devunatc\/","name":"UNATC","description":"","publisher":{"@id":"https:\/\/unatc.ro\/devunatc\/#organization"},"potentialAction":[{"@type":"SearchAction","target":{"@type":"EntryPoint","urlTemplate":"https:\/\/unatc.ro\/devunatc\/?s={search_term_string}"},"query-input":{"@type":"PropertyValueSpecification","valueRequired":true,"valueName":"search_term_string"}}],"inLanguage":"en-US"},{"@type":"Organization","@id":"https:\/\/unatc.ro\/devunatc\/#organization","name":"UNATC","url":"https:\/\/unatc.ro\/devunatc\/","logo":{"@type":"ImageObject","inLanguage":"en-US","@id":"https:\/\/unatc.ro\/devunatc\/#\/schema\/logo\/image\/","url":"https:\/\/unatc.ro\/devunatc\/wp-content\/uploads\/2025\/07\/unatc_logo.png","contentUrl":"https:\/\/unatc.ro\/devunatc\/wp-content\/uploads\/2025\/07\/unatc_logo.png","width":480,"height":469,"caption":"UNATC"},"image":{"@id":"https:\/\/unatc.ro\/devunatc\/#\/schema\/logo\/image\/"},"sameAs":["https:\/\/www.facebook.com\/UNATC.ILC\/","https:\/\/www.youtube.com\/c\/unatcilcaragiale","https:\/\/www.instagram.com\/unatc_ilcaragiale\/?hl=en","https:\/\/www.tiktok.com\/@unatc?lang=en"]}]}},"jetpack_sharing_enabled":true,"_links":{"self":[{"href":"https:\/\/unatc.ro\/devunatc\/wp-json\/wp\/v2\/pages\/11597","targetHints":{"allow":["GET"]}}],"collection":[{"href":"https:\/\/unatc.ro\/devunatc\/wp-json\/wp\/v2\/pages"}],"about":[{"href":"https:\/\/unatc.ro\/devunatc\/wp-json\/wp\/v2\/types\/page"}],"author":[{"embeddable":true,"href":"https:\/\/unatc.ro\/devunatc\/wp-json\/wp\/v2\/users\/1"}],"replies":[{"embeddable":true,"href":"https:\/\/unatc.ro\/devunatc\/wp-json\/wp\/v2\/comments?post=11597"}],"version-history":[{"count":11,"href":"https:\/\/unatc.ro\/devunatc\/wp-json\/wp\/v2\/pages\/11597\/revisions"}],"predecessor-version":[{"id":11709,"href":"https:\/\/unatc.ro\/devunatc\/wp-json\/wp\/v2\/pages\/11597\/revisions\/11709"}],"wp:featuredmedia":[{"embeddable":true,"href":"https:\/\/unatc.ro\/devunatc\/wp-json\/wp\/v2\/media\/9238"}],"wp:attachment":[{"href":"https:\/\/unatc.ro\/devunatc\/wp-json\/wp\/v2\/media?parent=11597"}],"curies":[{"name":"wp","href":"https:\/\/api.w.org\/{rel}","templated":true}]}}