{"id":1156,"date":"2020-10-16T14:37:24","date_gmt":"2020-10-16T12:37:24","guid":{"rendered":"https:\/\/unatc.ro\/devunatc\/?page_id=1156"},"modified":"2026-02-12T12:48:14","modified_gmt":"2026-02-12T10:48:14","slug":"taxa-de-participare","status":"publish","type":"page","link":"https:\/\/unatc.ro\/devunatc\/scoala-de-duminica\/taxa-de-participare\/","title":{"rendered":"Taxa de participare"},"content":{"rendered":"\n<p>Taxa pentru cursuri se achit\u0103 integral sau \u00een dou\u0103 tran\u0219e (la \u00eenscriere \u0219i la jum\u0103tatea cursurilor). Plata se face prin transfer bancar \u00een contul UNATC, <strong>COD FISCAL 4453160 CONT RO57TREZ70220F330500XXXX TREZORERIA SECTOR 2<\/strong>.<\/p>\n\n\n\n<p>La detalii de plat\u0103 se trece numele cursantului \u0219i specializarea pentru care se face \u00eenscrierea, cu specificarea facult\u0103\u021bii.<br><br><br>Op\u021biuni de plat\u0103:<\/p>\n\n\n\n<ul class=\"wp-block-list\">\n<li>15% reducere pentru plata integral\u0103 a taxei \u00een momentul \u00eenscrierii<\/li>\n\n\n\n<li>F\u0103r\u0103 reducere, plata se face in dou\u0103 rate<\/li>\n<\/ul>\n\n\n\n<p><\/p>\n\n\n\n<h2 class=\"wp-block-heading\"><strong>Cursuri exclusiv online<\/strong><\/h2>\n\n\n\n<p><strong>Curs care dureaz\u0103 4 duminici \u2013 1500 lei<\/strong><\/p>\n\n\n\n<p>Introducere \u00een regia de film \u2013 prof. Univ.dr. Ovidiu Georgescu<\/p>\n\n\n\n<h2 class=\"wp-block-heading\"><strong>Cursuri la sediul UNATC<\/strong><\/h2>\n\n\n\n<p><strong>Cursuri care dureaz\u0103 5 duminici \u2013 1500 lei<\/strong><\/p>\n\n\n\n<ul class=\"wp-block-list\">\n<li>Actorie (\u00eencep\u00e2nd cu v\u00e2rsta de peste 18 ani) \u2013&nbsp; prof.univ.dr. Mircea Gheorghiu<\/li>\n\n\n\n<li>Actorie pentru copii (7-12 ani) \u2013 conf.univ.dr. Dana Rotaru<\/li>\n\n\n\n<li>Actorie pentru adolescen\u021bi (14-18 ani) \u2013 conf.univ.dr. Mihaela Be\u021biu<\/li>\n\n\n\n<li>Coregrafie; Mi\u0219care, Armonie, Ritm \u2013(peste 14 ani) \u2013 drd. Teodora Velescu<\/li>\n\n\n\n<li>Coregrafie; Mi\u0219care, Armonie, Ritm \u2013(8 &#8211; 14 ani) \u2013 Diana Chiripuci<\/li>\n\n\n\n<li>Educa\u021bia \u0219i expresia vorbirii. Tehnici de comunicare \u2013 conf.univ.dr. Viorica Vatamanu<\/li>\n\n\n\n<li>Introducere \u00een anima\u021bie \u2013 lect.univ.dr. Valeriu C\u0103liman<\/li>\n\n\n\n<li>Machiaj pentru film \u2013 lect.univ.dr. Maria Peici<\/li>\n\n\n\n<li>Primii pa\u0219i \u00een produc\u021bia video: de la idee la post-produc\u021bie \u0219i online \u2013 conf.univ.dr. Laura L\u0103z\u0103rescu-Thois<\/li>\n\n\n\n<li>Scenografia \u2013 Arta vizual\u0103 a teatrului \u2013 lect.univ.dr. Maria Dore<\/li>\n<\/ul>\n\n\n\n<p><strong>Curs care dureaz\u0103 8 duminici \u2013 2000 lei<\/strong><\/p>\n\n\n\n<p>Fotografie; tehnici \u0219i elemente ce \u021bin de estetica limbajului vizual \u2013 conf.univ.dr. Drago\u0219 Popescu<\/p>\n\n\n\n<p>15% reducere pentru plata integral\u0103 a taxei \u00een momentul \u00eenscrierii (except\u00e2nd cursul Dezvoltare personal\u0103 prin tehnici de teatru \u0219i film care are deja un orar redus).<\/p>\n","protected":false},"excerpt":{"rendered":"<p class=\"no-padding\">Taxa pentru cursuri se achit\u0103 integral sau \u00een dou\u0103 tran\u0219e (la \u00eenscriere \u0219i la jum\u0103tatea cursurilor). Plata se face prin&#8230;<\/p>\n","protected":false},"author":1,"featured_media":1413,"parent":1151,"menu_order":0,"comment_status":"closed","ping_status":"closed","template":"template-tab-group.php","meta":{"footnotes":""},"class_list":["post-1156","page","type-page","status-publish","has-post-thumbnail","hentry"],"acf":{"galerie_foto":null,"alternative_page_title":"","page_contact_email":"scoaladeduminica@unatc.ro"},"yoast_head":"<!-- This site is optimized with the Yoast SEO plugin v27.4 - https:\/\/yoast.com\/product\/yoast-seo-wordpress\/ -->\n<title>Taxa de participare - UNATC<\/title>\n<meta name=\"robots\" content=\"index, follow, max-snippet:-1, max-image-preview:large, max-video-preview:-1\" \/>\n<link rel=\"canonical\" href=\"https:\/\/unatc.ro\/devunatc\/scoala-de-duminica\/taxa-de-participare\/\" \/>\n<meta property=\"og:locale\" content=\"en_US\" \/>\n<meta property=\"og:type\" content=\"article\" \/>\n<meta property=\"og:title\" content=\"Taxa de participare - UNATC\" \/>\n<meta property=\"og:description\" content=\"Taxa pentru cursuri se achit\u0103 integral sau \u00een dou\u0103 tran\u0219e (la \u00eenscriere \u0219i la jum\u0103tatea cursurilor). Plata se face prin...\" \/>\n<meta property=\"og:url\" content=\"https:\/\/unatc.ro\/devunatc\/scoala-de-duminica\/taxa-de-participare\/\" \/>\n<meta property=\"og:site_name\" content=\"UNATC\" \/>\n<meta property=\"article:publisher\" content=\"https:\/\/www.facebook.com\/UNATC.ILC\/\" \/>\n<meta property=\"article:modified_time\" content=\"2026-02-12T10:48:14+00:00\" \/>\n<meta property=\"og:image\" content=\"https:\/\/unatc.ro\/devunatc\/wp-content\/uploads\/2020\/11\/proiecte-scaled.jpg\" \/>\n\t<meta property=\"og:image:width\" content=\"2560\" \/>\n\t<meta property=\"og:image:height\" content=\"917\" \/>\n\t<meta property=\"og:image:type\" content=\"image\/jpeg\" \/>\n<meta name=\"twitter:card\" content=\"summary_large_image\" \/>\n<meta name=\"twitter:label1\" content=\"Est. reading time\" \/>\n\t<meta name=\"twitter:data1\" content=\"2 minutes\" \/>\n<script type=\"application\/ld+json\" class=\"yoast-schema-graph\">{\"@context\":\"https:\\\/\\\/schema.org\",\"@graph\":[{\"@type\":\"WebPage\",\"@id\":\"https:\\\/\\\/unatc.ro\\\/devunatc\\\/scoala-de-duminica\\\/taxa-de-participare\\\/\",\"url\":\"https:\\\/\\\/unatc.ro\\\/devunatc\\\/scoala-de-duminica\\\/taxa-de-participare\\\/\",\"name\":\"Taxa de participare - UNATC\",\"isPartOf\":{\"@id\":\"https:\\\/\\\/unatc.ro\\\/devunatc\\\/#website\"},\"primaryImageOfPage\":{\"@id\":\"https:\\\/\\\/unatc.ro\\\/devunatc\\\/scoala-de-duminica\\\/taxa-de-participare\\\/#primaryimage\"},\"image\":{\"@id\":\"https:\\\/\\\/unatc.ro\\\/devunatc\\\/scoala-de-duminica\\\/taxa-de-participare\\\/#primaryimage\"},\"thumbnailUrl\":\"https:\\\/\\\/unatc.ro\\\/devunatc\\\/wp-content\\\/uploads\\\/2020\\\/11\\\/proiecte-scaled.jpg\",\"datePublished\":\"2020-10-16T12:37:24+00:00\",\"dateModified\":\"2026-02-12T10:48:14+00:00\",\"breadcrumb\":{\"@id\":\"https:\\\/\\\/unatc.ro\\\/devunatc\\\/scoala-de-duminica\\\/taxa-de-participare\\\/#breadcrumb\"},\"inLanguage\":\"en-US\",\"potentialAction\":[{\"@type\":\"ReadAction\",\"target\":[\"https:\\\/\\\/unatc.ro\\\/devunatc\\\/scoala-de-duminica\\\/taxa-de-participare\\\/\"]}]},{\"@type\":\"ImageObject\",\"inLanguage\":\"en-US\",\"@id\":\"https:\\\/\\\/unatc.ro\\\/devunatc\\\/scoala-de-duminica\\\/taxa-de-participare\\\/#primaryimage\",\"url\":\"https:\\\/\\\/unatc.ro\\\/devunatc\\\/wp-content\\\/uploads\\\/2020\\\/11\\\/proiecte-scaled.jpg\",\"contentUrl\":\"https:\\\/\\\/unatc.ro\\\/devunatc\\\/wp-content\\\/uploads\\\/2020\\\/11\\\/proiecte-scaled.jpg\",\"width\":2560,\"height\":917},{\"@type\":\"BreadcrumbList\",\"@id\":\"https:\\\/\\\/unatc.ro\\\/devunatc\\\/scoala-de-duminica\\\/taxa-de-participare\\\/#breadcrumb\",\"itemListElement\":[{\"@type\":\"ListItem\",\"position\":1,\"name\":\"Home\",\"item\":\"https:\\\/\\\/unatc.ro\\\/devunatc\\\/\"},{\"@type\":\"ListItem\",\"position\":2,\"name\":\"\u0218coala de duminic\u0103\",\"item\":\"https:\\\/\\\/unatc.ro\\\/devunatc\\\/scoala-de-duminica\\\/\"},{\"@type\":\"ListItem\",\"position\":3,\"name\":\"Taxa de participare\"}]},{\"@type\":\"WebSite\",\"@id\":\"https:\\\/\\\/unatc.ro\\\/devunatc\\\/#website\",\"url\":\"https:\\\/\\\/unatc.ro\\\/devunatc\\\/\",\"name\":\"UNATC\",\"description\":\"\",\"publisher\":{\"@id\":\"https:\\\/\\\/unatc.ro\\\/devunatc\\\/#organization\"},\"potentialAction\":[{\"@type\":\"SearchAction\",\"target\":{\"@type\":\"EntryPoint\",\"urlTemplate\":\"https:\\\/\\\/unatc.ro\\\/devunatc\\\/?s={search_term_string}\"},\"query-input\":{\"@type\":\"PropertyValueSpecification\",\"valueRequired\":true,\"valueName\":\"search_term_string\"}}],\"inLanguage\":\"en-US\"},{\"@type\":\"Organization\",\"@id\":\"https:\\\/\\\/unatc.ro\\\/devunatc\\\/#organization\",\"name\":\"UNATC\",\"url\":\"https:\\\/\\\/unatc.ro\\\/devunatc\\\/\",\"logo\":{\"@type\":\"ImageObject\",\"inLanguage\":\"en-US\",\"@id\":\"https:\\\/\\\/unatc.ro\\\/devunatc\\\/#\\\/schema\\\/logo\\\/image\\\/\",\"url\":\"https:\\\/\\\/unatc.ro\\\/devunatc\\\/wp-content\\\/uploads\\\/2025\\\/07\\\/unatc_logo.png\",\"contentUrl\":\"https:\\\/\\\/unatc.ro\\\/devunatc\\\/wp-content\\\/uploads\\\/2025\\\/07\\\/unatc_logo.png\",\"width\":480,\"height\":469,\"caption\":\"UNATC\"},\"image\":{\"@id\":\"https:\\\/\\\/unatc.ro\\\/devunatc\\\/#\\\/schema\\\/logo\\\/image\\\/\"},\"sameAs\":[\"https:\\\/\\\/www.facebook.com\\\/UNATC.ILC\\\/\",\"https:\\\/\\\/www.youtube.com\\\/c\\\/unatcilcaragiale\",\"https:\\\/\\\/www.instagram.com\\\/unatc_ilcaragiale\\\/?hl=en\",\"https:\\\/\\\/www.tiktok.com\\\/@unatc?lang=en\"]}]}<\/script>\n<!-- \/ Yoast SEO plugin. -->","yoast_head_json":{"title":"Taxa de participare - UNATC","robots":{"index":"index","follow":"follow","max-snippet":"max-snippet:-1","max-image-preview":"max-image-preview:large","max-video-preview":"max-video-preview:-1"},"canonical":"https:\/\/unatc.ro\/devunatc\/scoala-de-duminica\/taxa-de-participare\/","og_locale":"en_US","og_type":"article","og_title":"Taxa de participare - UNATC","og_description":"Taxa pentru cursuri se achit\u0103 integral sau \u00een dou\u0103 tran\u0219e (la \u00eenscriere \u0219i la jum\u0103tatea cursurilor). Plata se face prin...","og_url":"https:\/\/unatc.ro\/devunatc\/scoala-de-duminica\/taxa-de-participare\/","og_site_name":"UNATC","article_publisher":"https:\/\/www.facebook.com\/UNATC.ILC\/","article_modified_time":"2026-02-12T10:48:14+00:00","og_image":[{"width":2560,"height":917,"url":"https:\/\/unatc.ro\/devunatc\/wp-content\/uploads\/2020\/11\/proiecte-scaled.jpg","type":"image\/jpeg"}],"twitter_card":"summary_large_image","twitter_misc":{"Est. reading time":"2 minutes"},"schema":{"@context":"https:\/\/schema.org","@graph":[{"@type":"WebPage","@id":"https:\/\/unatc.ro\/devunatc\/scoala-de-duminica\/taxa-de-participare\/","url":"https:\/\/unatc.ro\/devunatc\/scoala-de-duminica\/taxa-de-participare\/","name":"Taxa de participare - UNATC","isPartOf":{"@id":"https:\/\/unatc.ro\/devunatc\/#website"},"primaryImageOfPage":{"@id":"https:\/\/unatc.ro\/devunatc\/scoala-de-duminica\/taxa-de-participare\/#primaryimage"},"image":{"@id":"https:\/\/unatc.ro\/devunatc\/scoala-de-duminica\/taxa-de-participare\/#primaryimage"},"thumbnailUrl":"https:\/\/unatc.ro\/devunatc\/wp-content\/uploads\/2020\/11\/proiecte-scaled.jpg","datePublished":"2020-10-16T12:37:24+00:00","dateModified":"2026-02-12T10:48:14+00:00","breadcrumb":{"@id":"https:\/\/unatc.ro\/devunatc\/scoala-de-duminica\/taxa-de-participare\/#breadcrumb"},"inLanguage":"en-US","potentialAction":[{"@type":"ReadAction","target":["https:\/\/unatc.ro\/devunatc\/scoala-de-duminica\/taxa-de-participare\/"]}]},{"@type":"ImageObject","inLanguage":"en-US","@id":"https:\/\/unatc.ro\/devunatc\/scoala-de-duminica\/taxa-de-participare\/#primaryimage","url":"https:\/\/unatc.ro\/devunatc\/wp-content\/uploads\/2020\/11\/proiecte-scaled.jpg","contentUrl":"https:\/\/unatc.ro\/devunatc\/wp-content\/uploads\/2020\/11\/proiecte-scaled.jpg","width":2560,"height":917},{"@type":"BreadcrumbList","@id":"https:\/\/unatc.ro\/devunatc\/scoala-de-duminica\/taxa-de-participare\/#breadcrumb","itemListElement":[{"@type":"ListItem","position":1,"name":"Home","item":"https:\/\/unatc.ro\/devunatc\/"},{"@type":"ListItem","position":2,"name":"\u0218coala de duminic\u0103","item":"https:\/\/unatc.ro\/devunatc\/scoala-de-duminica\/"},{"@type":"ListItem","position":3,"name":"Taxa de participare"}]},{"@type":"WebSite","@id":"https:\/\/unatc.ro\/devunatc\/#website","url":"https:\/\/unatc.ro\/devunatc\/","name":"UNATC","description":"","publisher":{"@id":"https:\/\/unatc.ro\/devunatc\/#organization"},"potentialAction":[{"@type":"SearchAction","target":{"@type":"EntryPoint","urlTemplate":"https:\/\/unatc.ro\/devunatc\/?s={search_term_string}"},"query-input":{"@type":"PropertyValueSpecification","valueRequired":true,"valueName":"search_term_string"}}],"inLanguage":"en-US"},{"@type":"Organization","@id":"https:\/\/unatc.ro\/devunatc\/#organization","name":"UNATC","url":"https:\/\/unatc.ro\/devunatc\/","logo":{"@type":"ImageObject","inLanguage":"en-US","@id":"https:\/\/unatc.ro\/devunatc\/#\/schema\/logo\/image\/","url":"https:\/\/unatc.ro\/devunatc\/wp-content\/uploads\/2025\/07\/unatc_logo.png","contentUrl":"https:\/\/unatc.ro\/devunatc\/wp-content\/uploads\/2025\/07\/unatc_logo.png","width":480,"height":469,"caption":"UNATC"},"image":{"@id":"https:\/\/unatc.ro\/devunatc\/#\/schema\/logo\/image\/"},"sameAs":["https:\/\/www.facebook.com\/UNATC.ILC\/","https:\/\/www.youtube.com\/c\/unatcilcaragiale","https:\/\/www.instagram.com\/unatc_ilcaragiale\/?hl=en","https:\/\/www.tiktok.com\/@unatc?lang=en"]}]}},"jetpack_sharing_enabled":true,"_links":{"self":[{"href":"https:\/\/unatc.ro\/devunatc\/wp-json\/wp\/v2\/pages\/1156","targetHints":{"allow":["GET"]}}],"collection":[{"href":"https:\/\/unatc.ro\/devunatc\/wp-json\/wp\/v2\/pages"}],"about":[{"href":"https:\/\/unatc.ro\/devunatc\/wp-json\/wp\/v2\/types\/page"}],"author":[{"embeddable":true,"href":"https:\/\/unatc.ro\/devunatc\/wp-json\/wp\/v2\/users\/1"}],"replies":[{"embeddable":true,"href":"https:\/\/unatc.ro\/devunatc\/wp-json\/wp\/v2\/comments?post=1156"}],"version-history":[{"count":20,"href":"https:\/\/unatc.ro\/devunatc\/wp-json\/wp\/v2\/pages\/1156\/revisions"}],"predecessor-version":[{"id":16359,"href":"https:\/\/unatc.ro\/devunatc\/wp-json\/wp\/v2\/pages\/1156\/revisions\/16359"}],"up":[{"embeddable":true,"href":"https:\/\/unatc.ro\/devunatc\/wp-json\/wp\/v2\/pages\/1151"}],"wp:featuredmedia":[{"embeddable":true,"href":"https:\/\/unatc.ro\/devunatc\/wp-json\/wp\/v2\/media\/1413"}],"wp:attachment":[{"href":"https:\/\/unatc.ro\/devunatc\/wp-json\/wp\/v2\/media?parent=1156"}],"curies":[{"name":"wp","href":"https:\/\/api.w.org\/{rel}","templated":true}]}}