{"id":1153,"date":"2020-10-16T14:36:16","date_gmt":"2020-10-16T12:36:16","guid":{"rendered":"https:\/\/unatc.ro\/devunatc\/?page_id=1153"},"modified":"2026-02-12T12:52:43","modified_gmt":"2026-02-12T10:52:43","slug":"cursuri","status":"publish","type":"page","link":"https:\/\/unatc.ro\/devunatc\/scoala-de-duminica\/cursuri\/","title":{"rendered":"Cursuri - \u0218coala de duminic\u0103"},"content":{"rendered":"\n    <div class=\"documente-card\">\n        <div class=\"descarca_document\"><p class=\"document_title\">Actorie (\u00eencep\u00e2nd cu v\u00e2rsta de 18 ani) <\/p><div class=\"btn-document\"><a target=\"_blank\" class=\"downloadWrapper\" href=\"https:\/\/unatc.ro\/devunatc\/wp-content\/uploads\/2023\/09\/ACTORIE-PESTE-18-ANI-prof.univ_.dr_.-MIRCEA-GHEORGHIU-2025.pdf\"><span class=\"documentName\"> Descarc\u0103 documentul<\/span><span class=\"documentPDF\"><\/span><span class=\"documentPDF\">PDF<\/span><\/a><\/div><\/div><div class=\"descarca_document\"><p class=\"document_title\">Coregrafie; Mi\u0219care, Armonie, Ritm \u2013 (peste 14 ani) <\/p><div class=\"btn-document\"><a target=\"_blank\" class=\"downloadWrapper\" href=\"https:\/\/unatc.ro\/devunatc\/wp-content\/uploads\/2023\/09\/COREGRAFIE-MIS\u0326CARE-ARMONIE.-PESTE-14-ANI-lect.univ_.dr_.-ANDREEA-DUT\u0326A\u0306-2025.pdf\"><span class=\"documentName\"> Descarc\u0103 documentul<\/span><span class=\"documentPDF\"><\/span><span class=\"documentPDF\">PDF<\/span><\/a><\/div><\/div><div class=\"descarca_document\"><p class=\"document_title\">Educa\u021bia \u0219i expresia vorbirii. Tehnici de comunicare <\/p><div class=\"btn-document\"><a target=\"_blank\" class=\"downloadWrapper\" href=\"https:\/\/unatc.ro\/devunatc\/wp-content\/uploads\/2023\/09\/EDUCATIA-SI-EXPRESIA-VORBIRII-conf.univ_.dr_.-VIORICA-VATAMANU-2025.pdf\"><span class=\"documentName\"> Descarc\u0103 documentul<\/span><span class=\"documentPDF\"><\/span><span class=\"documentPDF\">PDF<\/span><\/a><\/div><\/div><div class=\"descarca_document\"><p class=\"document_title\">Fotografie; tehnici \u0219i elemente ce \u021bin de estetica limbajului vizual <\/p><div class=\"btn-document\"><a target=\"_blank\" class=\"downloadWrapper\" href=\"https:\/\/unatc.ro\/devunatc\/wp-content\/uploads\/2023\/09\/FOTOGRAFIE-conf.univ_.dr_.-DRAGOS-POPESCU.pdf\"><span class=\"documentName\"> Descarc\u0103 documentul<\/span><span class=\"documentPDF\"><\/span><span class=\"documentPDF\">PDF<\/span><\/a><\/div><\/div><div class=\"descarca_document\"><p class=\"document_title\">Introducere \u00een anima\u021bie <\/p><div class=\"btn-document\"><a target=\"_blank\" class=\"downloadWrapper\" href=\"https:\/\/unatc.ro\/devunatc\/wp-content\/uploads\/2023\/09\/INTRODUCERE-IN-ANIMATIE-lect.univ_.dr_.VALERIU-CALIMAN-2025.pdf\"><span class=\"documentName\"> Descarc\u0103 documentul<\/span><span class=\"documentPDF\"><\/span><span class=\"documentPDF\">PDF<\/span><\/a><\/div><\/div><div class=\"descarca_document\"><p class=\"document_title\">Primii pa\u0219i \u00een produc\u021bia video:de la idee la post-produc\u021bie \u0219i online <\/p><div class=\"btn-document\"><a target=\"_blank\" class=\"downloadWrapper\" href=\"https:\/\/unatc.ro\/devunatc\/wp-content\/uploads\/2023\/09\/PRIMII-PASI-IN-PRODUCTIA-VIDEO-DE-LA-IDEE-LA-POST-PRODUCTIE-SI-ONLINEv.1.1-conf.univ_.dr_.-LAURA-LA\u0306ZA\u0306RESCU-THOIS-2025.pdf\"><span class=\"documentName\"> Descarc\u0103 documentul<\/span><span class=\"documentPDF\"><\/span><span class=\"documentPDF\">PDF<\/span><\/a><\/div><\/div><div class=\"descarca_document\"><p class=\"document_title\">Machiajul pentru Film <\/p><div class=\"btn-document\"><a target=\"_blank\" class=\"downloadWrapper\" href=\"https:\/\/unatc.ro\/devunatc\/wp-content\/uploads\/2023\/09\/MACHIAJ-DE-FILM-lect.univ_.dr_.-MARIA-PEICI-2025.pdf\"><span class=\"documentName\"> Descarc\u0103 documentul<\/span><span class=\"documentPDF\"><\/span><span class=\"documentPDF\">PDF<\/span><\/a><\/div><\/div><div class=\"descarca_document\"><p class=\"document_title\">Introducere \u00een regia de film <\/p><div class=\"btn-document\"><a target=\"_blank\" class=\"downloadWrapper\" href=\"https:\/\/unatc.ro\/devunatc\/wp-content\/uploads\/2023\/10\/REGIA-DE-FILM-prof.univ_.dr_.-OVIDIU-GEORGESCU-2025.pdf\"><span class=\"documentName\"> Descarc\u0103 documentul<\/span><span class=\"documentPDF\"><\/span><span class=\"documentPDF\">PDF<\/span><\/a><\/div><\/div><div class=\"descarca_document\"><p class=\"document_title\">Actorie pentru adolescen\u021bi <\/p><div class=\"btn-document\"><a target=\"_blank\" class=\"downloadWrapper\" href=\"https:\/\/unatc.ro\/devunatc\/wp-content\/uploads\/2024\/03\/ACTORIE-12-18-ANI-conf.univ_.dr_.-MIHAELA-BET\u0326IU-2025.pdf\"><span class=\"documentName\"> Descarc\u0103 documentul<\/span><span class=\"documentPDF\"><\/span><span class=\"documentPDF\">PDF<\/span><\/a><\/div><\/div><div class=\"descarca_document\"><p class=\"document_title\">Actorie pentru tineri. Workshop intensiv (7-12 ani) <\/p><div class=\"btn-document\"><a target=\"_blank\" class=\"downloadWrapper\" href=\"https:\/\/unatc.ro\/devunatc\/wp-content\/uploads\/2024\/03\/ACTORIE-7-12-ani-WORKSHOP-INTENSIV-MODULUL-I-conf.univ_.dr_.-DANA-ROTARU-2025.pdf\"><span class=\"documentName\"> Descarc\u0103 documentul<\/span><span class=\"documentPDF\"><\/span><span class=\"documentPDF\">PDF<\/span><\/a><\/div><\/div><div class=\"descarca_document\"><p class=\"document_title\">Coregrafie; Mi\u0219care, Armonie, Ritm (8-14 ani) <\/p><div class=\"btn-document\"><a target=\"_blank\" class=\"downloadWrapper\" href=\"https:\/\/unatc.ro\/devunatc\/wp-content\/uploads\/2023\/09\/COREGRAFIE-8-14-ANI-DIANA-CHIRIPUCI-2025.pdf\"><span class=\"documentName\"> Descarc\u0103 documentul<\/span><span class=\"documentPDF\"><\/span><span class=\"documentPDF\">PDF<\/span><\/a><\/div><\/div><div class=\"descarca_document\"><p class=\"document_title\">Scenografie &#8211; Arta vizual\u0103 a teatrului <\/p><div class=\"btn-document\"><a target=\"_blank\" class=\"downloadWrapper\" href=\"https:\/\/unatc.ro\/devunatc\/wp-content\/uploads\/2023\/09\/SCENOGRAFIE-ARTA-VIZUALA\u0306-A-TEATRULUI-lect.univ_.dr_.-MARIA-DORE.pdf\"><span class=\"documentName\"> Descarc\u0103 documentul<\/span><span class=\"documentPDF\"><\/span><span class=\"documentPDF\">PDF<\/span><\/a><\/div><\/div>        \n        \n    <\/div>\n\n\n<p><br>La final, fiecare cursant va ob\u0163ine o diplom\u0103 de participare eliberat de UNATC.<\/p>\n","protected":false},"excerpt":{"rendered":"<p class=\"no-padding\">La final, fiecare cursant va ob\u0163ine o diplom\u0103 de participare eliberat de UNATC.<\/p>\n","protected":false},"author":1,"featured_media":1413,"parent":1151,"menu_order":0,"comment_status":"closed","ping_status":"closed","template":"template-tab-group-color.php","meta":{"footnotes":""},"class_list":["post-1153","page","type-page","status-publish","has-post-thumbnail","hentry"],"acf":{"galerie_foto":null,"titlu_prezentare_departament":"Cursuri","text_prezentare_departament":"","alternative_page_title":"","page_contact_email":"scoaladeduminica@unatc.ro"},"yoast_head":"<!-- This site is optimized with the Yoast SEO plugin v27.4 - https:\/\/yoast.com\/product\/yoast-seo-wordpress\/ -->\n<title>Cursuri - \u0218coala de duminic\u0103 - UNATC<\/title>\n<meta name=\"robots\" content=\"index, follow, max-snippet:-1, max-image-preview:large, max-video-preview:-1\" \/>\n<link rel=\"canonical\" href=\"https:\/\/unatc.ro\/devunatc\/scoala-de-duminica\/cursuri\/\" \/>\n<meta property=\"og:locale\" content=\"en_US\" \/>\n<meta property=\"og:type\" content=\"article\" \/>\n<meta property=\"og:title\" content=\"Cursuri - \u0218coala de duminic\u0103 - UNATC\" \/>\n<meta property=\"og:description\" content=\"La final, fiecare cursant va ob\u0163ine o diplom\u0103 de participare eliberat de UNATC.\" \/>\n<meta property=\"og:url\" content=\"https:\/\/unatc.ro\/devunatc\/scoala-de-duminica\/cursuri\/\" \/>\n<meta property=\"og:site_name\" content=\"UNATC\" \/>\n<meta property=\"article:publisher\" content=\"https:\/\/www.facebook.com\/UNATC.ILC\/\" \/>\n<meta property=\"article:modified_time\" content=\"2026-02-12T10:52:43+00:00\" \/>\n<meta property=\"og:image\" content=\"https:\/\/unatc.ro\/devunatc\/wp-content\/uploads\/2020\/11\/proiecte-scaled.jpg\" \/>\n\t<meta property=\"og:image:width\" content=\"2560\" \/>\n\t<meta property=\"og:image:height\" content=\"917\" \/>\n\t<meta property=\"og:image:type\" content=\"image\/jpeg\" \/>\n<meta name=\"twitter:card\" content=\"summary_large_image\" \/>\n<meta name=\"twitter:label1\" content=\"Est. reading time\" \/>\n\t<meta name=\"twitter:data1\" content=\"1 minute\" \/>\n<script type=\"application\/ld+json\" class=\"yoast-schema-graph\">{\"@context\":\"https:\\\/\\\/schema.org\",\"@graph\":[{\"@type\":\"WebPage\",\"@id\":\"https:\\\/\\\/unatc.ro\\\/devunatc\\\/scoala-de-duminica\\\/cursuri\\\/\",\"url\":\"https:\\\/\\\/unatc.ro\\\/devunatc\\\/scoala-de-duminica\\\/cursuri\\\/\",\"name\":\"Cursuri - \u0218coala de duminic\u0103 - UNATC\",\"isPartOf\":{\"@id\":\"https:\\\/\\\/unatc.ro\\\/devunatc\\\/#website\"},\"primaryImageOfPage\":{\"@id\":\"https:\\\/\\\/unatc.ro\\\/devunatc\\\/scoala-de-duminica\\\/cursuri\\\/#primaryimage\"},\"image\":{\"@id\":\"https:\\\/\\\/unatc.ro\\\/devunatc\\\/scoala-de-duminica\\\/cursuri\\\/#primaryimage\"},\"thumbnailUrl\":\"https:\\\/\\\/unatc.ro\\\/devunatc\\\/wp-content\\\/uploads\\\/2020\\\/11\\\/proiecte-scaled.jpg\",\"datePublished\":\"2020-10-16T12:36:16+00:00\",\"dateModified\":\"2026-02-12T10:52:43+00:00\",\"breadcrumb\":{\"@id\":\"https:\\\/\\\/unatc.ro\\\/devunatc\\\/scoala-de-duminica\\\/cursuri\\\/#breadcrumb\"},\"inLanguage\":\"en-US\",\"potentialAction\":[{\"@type\":\"ReadAction\",\"target\":[\"https:\\\/\\\/unatc.ro\\\/devunatc\\\/scoala-de-duminica\\\/cursuri\\\/\"]}]},{\"@type\":\"ImageObject\",\"inLanguage\":\"en-US\",\"@id\":\"https:\\\/\\\/unatc.ro\\\/devunatc\\\/scoala-de-duminica\\\/cursuri\\\/#primaryimage\",\"url\":\"https:\\\/\\\/unatc.ro\\\/devunatc\\\/wp-content\\\/uploads\\\/2020\\\/11\\\/proiecte-scaled.jpg\",\"contentUrl\":\"https:\\\/\\\/unatc.ro\\\/devunatc\\\/wp-content\\\/uploads\\\/2020\\\/11\\\/proiecte-scaled.jpg\",\"width\":2560,\"height\":917},{\"@type\":\"BreadcrumbList\",\"@id\":\"https:\\\/\\\/unatc.ro\\\/devunatc\\\/scoala-de-duminica\\\/cursuri\\\/#breadcrumb\",\"itemListElement\":[{\"@type\":\"ListItem\",\"position\":1,\"name\":\"Home\",\"item\":\"https:\\\/\\\/unatc.ro\\\/devunatc\\\/\"},{\"@type\":\"ListItem\",\"position\":2,\"name\":\"\u0218coala de duminic\u0103\",\"item\":\"https:\\\/\\\/unatc.ro\\\/devunatc\\\/scoala-de-duminica\\\/\"},{\"@type\":\"ListItem\",\"position\":3,\"name\":\"Cursuri - \u0218coala de duminic\u0103\"}]},{\"@type\":\"WebSite\",\"@id\":\"https:\\\/\\\/unatc.ro\\\/devunatc\\\/#website\",\"url\":\"https:\\\/\\\/unatc.ro\\\/devunatc\\\/\",\"name\":\"UNATC\",\"description\":\"\",\"publisher\":{\"@id\":\"https:\\\/\\\/unatc.ro\\\/devunatc\\\/#organization\"},\"potentialAction\":[{\"@type\":\"SearchAction\",\"target\":{\"@type\":\"EntryPoint\",\"urlTemplate\":\"https:\\\/\\\/unatc.ro\\\/devunatc\\\/?s={search_term_string}\"},\"query-input\":{\"@type\":\"PropertyValueSpecification\",\"valueRequired\":true,\"valueName\":\"search_term_string\"}}],\"inLanguage\":\"en-US\"},{\"@type\":\"Organization\",\"@id\":\"https:\\\/\\\/unatc.ro\\\/devunatc\\\/#organization\",\"name\":\"UNATC\",\"url\":\"https:\\\/\\\/unatc.ro\\\/devunatc\\\/\",\"logo\":{\"@type\":\"ImageObject\",\"inLanguage\":\"en-US\",\"@id\":\"https:\\\/\\\/unatc.ro\\\/devunatc\\\/#\\\/schema\\\/logo\\\/image\\\/\",\"url\":\"https:\\\/\\\/unatc.ro\\\/devunatc\\\/wp-content\\\/uploads\\\/2025\\\/07\\\/unatc_logo.png\",\"contentUrl\":\"https:\\\/\\\/unatc.ro\\\/devunatc\\\/wp-content\\\/uploads\\\/2025\\\/07\\\/unatc_logo.png\",\"width\":480,\"height\":469,\"caption\":\"UNATC\"},\"image\":{\"@id\":\"https:\\\/\\\/unatc.ro\\\/devunatc\\\/#\\\/schema\\\/logo\\\/image\\\/\"},\"sameAs\":[\"https:\\\/\\\/www.facebook.com\\\/UNATC.ILC\\\/\",\"https:\\\/\\\/www.youtube.com\\\/c\\\/unatcilcaragiale\",\"https:\\\/\\\/www.instagram.com\\\/unatc_ilcaragiale\\\/?hl=en\",\"https:\\\/\\\/www.tiktok.com\\\/@unatc?lang=en\"]}]}<\/script>\n<!-- \/ Yoast SEO plugin. -->","yoast_head_json":{"title":"Cursuri - \u0218coala de duminic\u0103 - UNATC","robots":{"index":"index","follow":"follow","max-snippet":"max-snippet:-1","max-image-preview":"max-image-preview:large","max-video-preview":"max-video-preview:-1"},"canonical":"https:\/\/unatc.ro\/devunatc\/scoala-de-duminica\/cursuri\/","og_locale":"en_US","og_type":"article","og_title":"Cursuri - \u0218coala de duminic\u0103 - UNATC","og_description":"La final, fiecare cursant va ob\u0163ine o diplom\u0103 de participare eliberat de UNATC.","og_url":"https:\/\/unatc.ro\/devunatc\/scoala-de-duminica\/cursuri\/","og_site_name":"UNATC","article_publisher":"https:\/\/www.facebook.com\/UNATC.ILC\/","article_modified_time":"2026-02-12T10:52:43+00:00","og_image":[{"width":2560,"height":917,"url":"https:\/\/unatc.ro\/devunatc\/wp-content\/uploads\/2020\/11\/proiecte-scaled.jpg","type":"image\/jpeg"}],"twitter_card":"summary_large_image","twitter_misc":{"Est. reading time":"1 minute"},"schema":{"@context":"https:\/\/schema.org","@graph":[{"@type":"WebPage","@id":"https:\/\/unatc.ro\/devunatc\/scoala-de-duminica\/cursuri\/","url":"https:\/\/unatc.ro\/devunatc\/scoala-de-duminica\/cursuri\/","name":"Cursuri - \u0218coala de duminic\u0103 - UNATC","isPartOf":{"@id":"https:\/\/unatc.ro\/devunatc\/#website"},"primaryImageOfPage":{"@id":"https:\/\/unatc.ro\/devunatc\/scoala-de-duminica\/cursuri\/#primaryimage"},"image":{"@id":"https:\/\/unatc.ro\/devunatc\/scoala-de-duminica\/cursuri\/#primaryimage"},"thumbnailUrl":"https:\/\/unatc.ro\/devunatc\/wp-content\/uploads\/2020\/11\/proiecte-scaled.jpg","datePublished":"2020-10-16T12:36:16+00:00","dateModified":"2026-02-12T10:52:43+00:00","breadcrumb":{"@id":"https:\/\/unatc.ro\/devunatc\/scoala-de-duminica\/cursuri\/#breadcrumb"},"inLanguage":"en-US","potentialAction":[{"@type":"ReadAction","target":["https:\/\/unatc.ro\/devunatc\/scoala-de-duminica\/cursuri\/"]}]},{"@type":"ImageObject","inLanguage":"en-US","@id":"https:\/\/unatc.ro\/devunatc\/scoala-de-duminica\/cursuri\/#primaryimage","url":"https:\/\/unatc.ro\/devunatc\/wp-content\/uploads\/2020\/11\/proiecte-scaled.jpg","contentUrl":"https:\/\/unatc.ro\/devunatc\/wp-content\/uploads\/2020\/11\/proiecte-scaled.jpg","width":2560,"height":917},{"@type":"BreadcrumbList","@id":"https:\/\/unatc.ro\/devunatc\/scoala-de-duminica\/cursuri\/#breadcrumb","itemListElement":[{"@type":"ListItem","position":1,"name":"Home","item":"https:\/\/unatc.ro\/devunatc\/"},{"@type":"ListItem","position":2,"name":"\u0218coala de duminic\u0103","item":"https:\/\/unatc.ro\/devunatc\/scoala-de-duminica\/"},{"@type":"ListItem","position":3,"name":"Cursuri - \u0218coala de duminic\u0103"}]},{"@type":"WebSite","@id":"https:\/\/unatc.ro\/devunatc\/#website","url":"https:\/\/unatc.ro\/devunatc\/","name":"UNATC","description":"","publisher":{"@id":"https:\/\/unatc.ro\/devunatc\/#organization"},"potentialAction":[{"@type":"SearchAction","target":{"@type":"EntryPoint","urlTemplate":"https:\/\/unatc.ro\/devunatc\/?s={search_term_string}"},"query-input":{"@type":"PropertyValueSpecification","valueRequired":true,"valueName":"search_term_string"}}],"inLanguage":"en-US"},{"@type":"Organization","@id":"https:\/\/unatc.ro\/devunatc\/#organization","name":"UNATC","url":"https:\/\/unatc.ro\/devunatc\/","logo":{"@type":"ImageObject","inLanguage":"en-US","@id":"https:\/\/unatc.ro\/devunatc\/#\/schema\/logo\/image\/","url":"https:\/\/unatc.ro\/devunatc\/wp-content\/uploads\/2025\/07\/unatc_logo.png","contentUrl":"https:\/\/unatc.ro\/devunatc\/wp-content\/uploads\/2025\/07\/unatc_logo.png","width":480,"height":469,"caption":"UNATC"},"image":{"@id":"https:\/\/unatc.ro\/devunatc\/#\/schema\/logo\/image\/"},"sameAs":["https:\/\/www.facebook.com\/UNATC.ILC\/","https:\/\/www.youtube.com\/c\/unatcilcaragiale","https:\/\/www.instagram.com\/unatc_ilcaragiale\/?hl=en","https:\/\/www.tiktok.com\/@unatc?lang=en"]}]}},"jetpack_sharing_enabled":true,"_links":{"self":[{"href":"https:\/\/unatc.ro\/devunatc\/wp-json\/wp\/v2\/pages\/1153","targetHints":{"allow":["GET"]}}],"collection":[{"href":"https:\/\/unatc.ro\/devunatc\/wp-json\/wp\/v2\/pages"}],"about":[{"href":"https:\/\/unatc.ro\/devunatc\/wp-json\/wp\/v2\/types\/page"}],"author":[{"embeddable":true,"href":"https:\/\/unatc.ro\/devunatc\/wp-json\/wp\/v2\/users\/1"}],"replies":[{"embeddable":true,"href":"https:\/\/unatc.ro\/devunatc\/wp-json\/wp\/v2\/comments?post=1153"}],"version-history":[{"count":60,"href":"https:\/\/unatc.ro\/devunatc\/wp-json\/wp\/v2\/pages\/1153\/revisions"}],"predecessor-version":[{"id":16362,"href":"https:\/\/unatc.ro\/devunatc\/wp-json\/wp\/v2\/pages\/1153\/revisions\/16362"}],"up":[{"embeddable":true,"href":"https:\/\/unatc.ro\/devunatc\/wp-json\/wp\/v2\/pages\/1151"}],"wp:featuredmedia":[{"embeddable":true,"href":"https:\/\/unatc.ro\/devunatc\/wp-json\/wp\/v2\/media\/1413"}],"wp:attachment":[{"href":"https:\/\/unatc.ro\/devunatc\/wp-json\/wp\/v2\/media?parent=1153"}],"curies":[{"name":"wp","href":"https:\/\/api.w.org\/{rel}","templated":true}]}}