{"id":1020,"date":"2020-10-15T18:30:31","date_gmt":"2020-10-15T16:30:31","guid":{"rendered":"https:\/\/unatc.ro\/devunatc\/?page_id=1020"},"modified":"2023-01-13T14:37:08","modified_gmt":"2023-01-13T12:37:08","slug":"postdoctorat","status":"publish","type":"page","link":"https:\/\/unatc.ro\/devunatc\/doctorat\/postdoctorat\/","title":{"rendered":"Postdoctorat"},"content":{"rendered":"\n<p>\u00cen cadrul proiectului MET \u201eDezvoltarea unei metodologii de terapie prin teatru cu efect la nivel neurochimic \u0219i neurocognitiv\u201d, se desf\u0103\u0219oar\u0103, \u00eencep\u00e2nd cu anul 2017, un program postdoctoral de cercetare interdisciplinar\u0103 intensiv\u0103 cu tema \u201eTerapii prin teatru validate \u0219tiin\u0163ific\u201d, destinat cercet\u0103torilor cu experin\u0163\u0103 \u00een psihologie, neuro\u0219tiin\u0163\u0103 \u0219i biochimie, sub coordonarea assistant professor Phd Ioanea Carcea, de la Rutgers University (SUA). \u00cen cadrul proiectului MET sunt finan\u0163ate 7 pozi\u0163ii doc \u0219i postdoc destinate cercet\u0103torilor care nu au mai desf\u0103\u0219urat activit\u0103\u0163i \u00een cadrul UNATC, conform normelor ghidului finan\u0163\u0103rii.<\/p>\n\n\n\n<p>Programul de cercetare postdoctoral\u0103 din cadrul MET aduce o dezvoltare a resurselor \u0219i competen\u0163elor de cercetare \u00een cadrul UNATC, consolid\u00e2nd, astfel, pozi\u0163ia \u0218colii Doctorale a UNATC, unul dintre vectorii principali ai cercet\u0103rii \u00een domeniile teatru \u0219i film din Rom\u00e2nia. Cercet\u0103rile interdisciplinare psihologie-neuro\u0219tiin\u0163\u0103-teatru asupra performan\u0163ei actorului sunt fundamentale pentru dezvoltarea cuno\u0219tin\u0163elor empirice despre procesul scenic.<\/p>\n","protected":false},"excerpt":{"rendered":"<p class=\"no-padding\">\u00cen cadrul proiectului MET \u201eDezvoltarea unei metodologii de terapie prin teatru cu efect la nivel neurochimic \u0219i neurocognitiv\u201d, se desf\u0103\u0219oar\u0103,&#8230;<\/p>\n","protected":false},"author":1,"featured_media":1226,"parent":1003,"menu_order":0,"comment_status":"closed","ping_status":"closed","template":"template-tab-group-color.php","meta":{"footnotes":""},"class_list":["post-1020","page","type-page","status-publish","has-post-thumbnail","hentry"],"acf":{"galerie_foto":null,"titlu_prezentare_departament":"","text_prezentare_departament":"\u00cen cadrul proiectului MET \u201eDezvoltarea unei metodologii de terapie prin teatru cu efect la nivel neurochimic \u0219i neurocognitiv\u201d, se desf\u0103\u0219oar\u0103, \u00eencep\u00e2nd cu anul 2017, un program postdoctoral de cercetare interdisciplinar\u0103 intensiv\u0103 cu tema \u201eTerapii prin teatru validate \u0219tiin\u0163ific\u201d, destinat cercet\u0103torilor cu experin\u0163\u0103 \u00een psihologie, neuro\u0219tiin\u0163\u0103 \u0219i biochimie, sub coordonarea assistant professor Phd Ioanea Carcea, de la Rutgers University (SUA). \u00cen cadrul proiectului MET sunt finan\u0163ate 7 pozi\u0163ii doc \u0219i postdoc destinate cercet\u0103torilor care nu au mai desf\u0103\u0219urat activit\u0103\u0163i \u00een cadrul UNATC, conform normelor ghidului finan\u0163\u0103rii.\r\n\r\nProgramul de cercetare postdoctoral\u0103 din cadrul MET aduce o dezvoltare a resurselor \u0219i competen\u0163elor de cercetare \u00een cadrul UNATC, consolid\u00e2nd, astfel, pozi\u0163ia \u0218colii Doctorale a UNATC, unul dintre vectorii principali ai cercet\u0103rii \u00een domeniile teatru \u0219i film din Rom\u00e2nia. Cercet\u0103rile interdisciplinare psihologie-neuro\u0219tiin\u0163\u0103-teatru asupra performan\u0163ei actorului sunt fundamentale pentru dezvoltarea cuno\u0219tin\u0163elor empirice despre procesul scenic.","alternative_page_title":"","page_contact_email":"secretariat@unatc.ro"},"yoast_head":"<!-- This site is optimized with the Yoast SEO plugin v27.4 - https:\/\/yoast.com\/product\/yoast-seo-wordpress\/ -->\n<title>Postdoctorat - UNATC<\/title>\n<meta name=\"robots\" content=\"index, follow, max-snippet:-1, max-image-preview:large, max-video-preview:-1\" \/>\n<link rel=\"canonical\" href=\"https:\/\/unatc.ro\/devunatc\/doctorat\/postdoctorat\/\" \/>\n<meta property=\"og:locale\" content=\"en_US\" \/>\n<meta property=\"og:type\" content=\"article\" \/>\n<meta property=\"og:title\" content=\"Postdoctorat - UNATC\" \/>\n<meta property=\"og:description\" content=\"\u00cen cadrul proiectului MET \u201eDezvoltarea unei metodologii de terapie prin teatru cu efect la nivel neurochimic \u0219i neurocognitiv\u201d, se desf\u0103\u0219oar\u0103,...\" \/>\n<meta property=\"og:url\" content=\"https:\/\/unatc.ro\/devunatc\/doctorat\/postdoctorat\/\" \/>\n<meta property=\"og:site_name\" content=\"UNATC\" \/>\n<meta property=\"article:publisher\" content=\"https:\/\/www.facebook.com\/UNATC.ILC\/\" \/>\n<meta property=\"article:modified_time\" content=\"2023-01-13T12:37:08+00:00\" \/>\n<meta property=\"og:image\" content=\"https:\/\/unatc.ro\/devunatc\/wp-content\/uploads\/2020\/10\/doctorat-scaled.jpg\" \/>\n\t<meta property=\"og:image:width\" content=\"2560\" \/>\n\t<meta property=\"og:image:height\" content=\"917\" \/>\n\t<meta property=\"og:image:type\" content=\"image\/jpeg\" \/>\n<meta name=\"twitter:card\" content=\"summary_large_image\" \/>\n<meta name=\"twitter:label1\" content=\"Est. reading time\" \/>\n\t<meta name=\"twitter:data1\" content=\"1 minute\" \/>\n<script type=\"application\/ld+json\" class=\"yoast-schema-graph\">{\"@context\":\"https:\\\/\\\/schema.org\",\"@graph\":[{\"@type\":\"WebPage\",\"@id\":\"https:\\\/\\\/unatc.ro\\\/devunatc\\\/doctorat\\\/postdoctorat\\\/\",\"url\":\"https:\\\/\\\/unatc.ro\\\/devunatc\\\/doctorat\\\/postdoctorat\\\/\",\"name\":\"Postdoctorat - UNATC\",\"isPartOf\":{\"@id\":\"https:\\\/\\\/unatc.ro\\\/devunatc\\\/#website\"},\"primaryImageOfPage\":{\"@id\":\"https:\\\/\\\/unatc.ro\\\/devunatc\\\/doctorat\\\/postdoctorat\\\/#primaryimage\"},\"image\":{\"@id\":\"https:\\\/\\\/unatc.ro\\\/devunatc\\\/doctorat\\\/postdoctorat\\\/#primaryimage\"},\"thumbnailUrl\":\"https:\\\/\\\/unatc.ro\\\/devunatc\\\/wp-content\\\/uploads\\\/2020\\\/10\\\/doctorat-scaled.jpg\",\"datePublished\":\"2020-10-15T16:30:31+00:00\",\"dateModified\":\"2023-01-13T12:37:08+00:00\",\"breadcrumb\":{\"@id\":\"https:\\\/\\\/unatc.ro\\\/devunatc\\\/doctorat\\\/postdoctorat\\\/#breadcrumb\"},\"inLanguage\":\"en-US\",\"potentialAction\":[{\"@type\":\"ReadAction\",\"target\":[\"https:\\\/\\\/unatc.ro\\\/devunatc\\\/doctorat\\\/postdoctorat\\\/\"]}]},{\"@type\":\"ImageObject\",\"inLanguage\":\"en-US\",\"@id\":\"https:\\\/\\\/unatc.ro\\\/devunatc\\\/doctorat\\\/postdoctorat\\\/#primaryimage\",\"url\":\"https:\\\/\\\/unatc.ro\\\/devunatc\\\/wp-content\\\/uploads\\\/2020\\\/10\\\/doctorat-scaled.jpg\",\"contentUrl\":\"https:\\\/\\\/unatc.ro\\\/devunatc\\\/wp-content\\\/uploads\\\/2020\\\/10\\\/doctorat-scaled.jpg\",\"width\":2560,\"height\":917,\"caption\":\"UNATC Doctorat\"},{\"@type\":\"BreadcrumbList\",\"@id\":\"https:\\\/\\\/unatc.ro\\\/devunatc\\\/doctorat\\\/postdoctorat\\\/#breadcrumb\",\"itemListElement\":[{\"@type\":\"ListItem\",\"position\":1,\"name\":\"Home\",\"item\":\"https:\\\/\\\/unatc.ro\\\/devunatc\\\/\"},{\"@type\":\"ListItem\",\"position\":2,\"name\":\"Doctorat\",\"item\":\"https:\\\/\\\/unatc.ro\\\/devunatc\\\/doctorat\\\/\"},{\"@type\":\"ListItem\",\"position\":3,\"name\":\"Postdoctorat\"}]},{\"@type\":\"WebSite\",\"@id\":\"https:\\\/\\\/unatc.ro\\\/devunatc\\\/#website\",\"url\":\"https:\\\/\\\/unatc.ro\\\/devunatc\\\/\",\"name\":\"UNATC\",\"description\":\"\",\"publisher\":{\"@id\":\"https:\\\/\\\/unatc.ro\\\/devunatc\\\/#organization\"},\"potentialAction\":[{\"@type\":\"SearchAction\",\"target\":{\"@type\":\"EntryPoint\",\"urlTemplate\":\"https:\\\/\\\/unatc.ro\\\/devunatc\\\/?s={search_term_string}\"},\"query-input\":{\"@type\":\"PropertyValueSpecification\",\"valueRequired\":true,\"valueName\":\"search_term_string\"}}],\"inLanguage\":\"en-US\"},{\"@type\":\"Organization\",\"@id\":\"https:\\\/\\\/unatc.ro\\\/devunatc\\\/#organization\",\"name\":\"UNATC\",\"url\":\"https:\\\/\\\/unatc.ro\\\/devunatc\\\/\",\"logo\":{\"@type\":\"ImageObject\",\"inLanguage\":\"en-US\",\"@id\":\"https:\\\/\\\/unatc.ro\\\/devunatc\\\/#\\\/schema\\\/logo\\\/image\\\/\",\"url\":\"https:\\\/\\\/unatc.ro\\\/devunatc\\\/wp-content\\\/uploads\\\/2025\\\/07\\\/unatc_logo.png\",\"contentUrl\":\"https:\\\/\\\/unatc.ro\\\/devunatc\\\/wp-content\\\/uploads\\\/2025\\\/07\\\/unatc_logo.png\",\"width\":480,\"height\":469,\"caption\":\"UNATC\"},\"image\":{\"@id\":\"https:\\\/\\\/unatc.ro\\\/devunatc\\\/#\\\/schema\\\/logo\\\/image\\\/\"},\"sameAs\":[\"https:\\\/\\\/www.facebook.com\\\/UNATC.ILC\\\/\",\"https:\\\/\\\/www.youtube.com\\\/c\\\/unatcilcaragiale\",\"https:\\\/\\\/www.instagram.com\\\/unatc_ilcaragiale\\\/?hl=en\",\"https:\\\/\\\/www.tiktok.com\\\/@unatc?lang=en\"]}]}<\/script>\n<!-- \/ Yoast SEO plugin. -->","yoast_head_json":{"title":"Postdoctorat - UNATC","robots":{"index":"index","follow":"follow","max-snippet":"max-snippet:-1","max-image-preview":"max-image-preview:large","max-video-preview":"max-video-preview:-1"},"canonical":"https:\/\/unatc.ro\/devunatc\/doctorat\/postdoctorat\/","og_locale":"en_US","og_type":"article","og_title":"Postdoctorat - UNATC","og_description":"\u00cen cadrul proiectului MET \u201eDezvoltarea unei metodologii de terapie prin teatru cu efect la nivel neurochimic \u0219i neurocognitiv\u201d, se desf\u0103\u0219oar\u0103,...","og_url":"https:\/\/unatc.ro\/devunatc\/doctorat\/postdoctorat\/","og_site_name":"UNATC","article_publisher":"https:\/\/www.facebook.com\/UNATC.ILC\/","article_modified_time":"2023-01-13T12:37:08+00:00","og_image":[{"width":2560,"height":917,"url":"https:\/\/unatc.ro\/devunatc\/wp-content\/uploads\/2020\/10\/doctorat-scaled.jpg","type":"image\/jpeg"}],"twitter_card":"summary_large_image","twitter_misc":{"Est. reading time":"1 minute"},"schema":{"@context":"https:\/\/schema.org","@graph":[{"@type":"WebPage","@id":"https:\/\/unatc.ro\/devunatc\/doctorat\/postdoctorat\/","url":"https:\/\/unatc.ro\/devunatc\/doctorat\/postdoctorat\/","name":"Postdoctorat - UNATC","isPartOf":{"@id":"https:\/\/unatc.ro\/devunatc\/#website"},"primaryImageOfPage":{"@id":"https:\/\/unatc.ro\/devunatc\/doctorat\/postdoctorat\/#primaryimage"},"image":{"@id":"https:\/\/unatc.ro\/devunatc\/doctorat\/postdoctorat\/#primaryimage"},"thumbnailUrl":"https:\/\/unatc.ro\/devunatc\/wp-content\/uploads\/2020\/10\/doctorat-scaled.jpg","datePublished":"2020-10-15T16:30:31+00:00","dateModified":"2023-01-13T12:37:08+00:00","breadcrumb":{"@id":"https:\/\/unatc.ro\/devunatc\/doctorat\/postdoctorat\/#breadcrumb"},"inLanguage":"en-US","potentialAction":[{"@type":"ReadAction","target":["https:\/\/unatc.ro\/devunatc\/doctorat\/postdoctorat\/"]}]},{"@type":"ImageObject","inLanguage":"en-US","@id":"https:\/\/unatc.ro\/devunatc\/doctorat\/postdoctorat\/#primaryimage","url":"https:\/\/unatc.ro\/devunatc\/wp-content\/uploads\/2020\/10\/doctorat-scaled.jpg","contentUrl":"https:\/\/unatc.ro\/devunatc\/wp-content\/uploads\/2020\/10\/doctorat-scaled.jpg","width":2560,"height":917,"caption":"UNATC Doctorat"},{"@type":"BreadcrumbList","@id":"https:\/\/unatc.ro\/devunatc\/doctorat\/postdoctorat\/#breadcrumb","itemListElement":[{"@type":"ListItem","position":1,"name":"Home","item":"https:\/\/unatc.ro\/devunatc\/"},{"@type":"ListItem","position":2,"name":"Doctorat","item":"https:\/\/unatc.ro\/devunatc\/doctorat\/"},{"@type":"ListItem","position":3,"name":"Postdoctorat"}]},{"@type":"WebSite","@id":"https:\/\/unatc.ro\/devunatc\/#website","url":"https:\/\/unatc.ro\/devunatc\/","name":"UNATC","description":"","publisher":{"@id":"https:\/\/unatc.ro\/devunatc\/#organization"},"potentialAction":[{"@type":"SearchAction","target":{"@type":"EntryPoint","urlTemplate":"https:\/\/unatc.ro\/devunatc\/?s={search_term_string}"},"query-input":{"@type":"PropertyValueSpecification","valueRequired":true,"valueName":"search_term_string"}}],"inLanguage":"en-US"},{"@type":"Organization","@id":"https:\/\/unatc.ro\/devunatc\/#organization","name":"UNATC","url":"https:\/\/unatc.ro\/devunatc\/","logo":{"@type":"ImageObject","inLanguage":"en-US","@id":"https:\/\/unatc.ro\/devunatc\/#\/schema\/logo\/image\/","url":"https:\/\/unatc.ro\/devunatc\/wp-content\/uploads\/2025\/07\/unatc_logo.png","contentUrl":"https:\/\/unatc.ro\/devunatc\/wp-content\/uploads\/2025\/07\/unatc_logo.png","width":480,"height":469,"caption":"UNATC"},"image":{"@id":"https:\/\/unatc.ro\/devunatc\/#\/schema\/logo\/image\/"},"sameAs":["https:\/\/www.facebook.com\/UNATC.ILC\/","https:\/\/www.youtube.com\/c\/unatcilcaragiale","https:\/\/www.instagram.com\/unatc_ilcaragiale\/?hl=en","https:\/\/www.tiktok.com\/@unatc?lang=en"]}]}},"jetpack_sharing_enabled":true,"_links":{"self":[{"href":"https:\/\/unatc.ro\/devunatc\/wp-json\/wp\/v2\/pages\/1020","targetHints":{"allow":["GET"]}}],"collection":[{"href":"https:\/\/unatc.ro\/devunatc\/wp-json\/wp\/v2\/pages"}],"about":[{"href":"https:\/\/unatc.ro\/devunatc\/wp-json\/wp\/v2\/types\/page"}],"author":[{"embeddable":true,"href":"https:\/\/unatc.ro\/devunatc\/wp-json\/wp\/v2\/users\/1"}],"replies":[{"embeddable":true,"href":"https:\/\/unatc.ro\/devunatc\/wp-json\/wp\/v2\/comments?post=1020"}],"version-history":[{"count":15,"href":"https:\/\/unatc.ro\/devunatc\/wp-json\/wp\/v2\/pages\/1020\/revisions"}],"predecessor-version":[{"id":9985,"href":"https:\/\/unatc.ro\/devunatc\/wp-json\/wp\/v2\/pages\/1020\/revisions\/9985"}],"up":[{"embeddable":true,"href":"https:\/\/unatc.ro\/devunatc\/wp-json\/wp\/v2\/pages\/1003"}],"wp:featuredmedia":[{"embeddable":true,"href":"https:\/\/unatc.ro\/devunatc\/wp-json\/wp\/v2\/media\/1226"}],"wp:attachment":[{"href":"https:\/\/unatc.ro\/devunatc\/wp-json\/wp\/v2\/media?parent=1020"}],"curies":[{"name":"wp","href":"https:\/\/api.w.org\/{rel}","templated":true}]}}