{"id":1003,"date":"2020-10-15T18:21:40","date_gmt":"2020-10-15T16:21:40","guid":{"rendered":"https:\/\/unatc.ro\/devunatc\/?page_id=1003"},"modified":"2026-03-06T13:56:56","modified_gmt":"2026-03-06T11:56:56","slug":"doctorat","status":"publish","type":"page","link":"https:\/\/unatc.ro\/devunatc\/doctorat\/","title":{"rendered":"Doctorat"},"content":{"rendered":"\n<p>\u00cen UNATC exist\u0103 o singur\u0103 \u015fcoal\u0103 doctoral\u0103, organizat\u0103 pe dou\u0103 domenii de studiu: TEATRU \u2013 cercetare \u015ftiin\u0163ific\u0103\/cercetare artistic\u0103\/crea\u0163ie artistic\u0103 \u015fi CINEMATOGRAFIE \u015eI MEDIA \u2013 cercetare \u015ftiin\u0163ific\u0103\/cercetare artistic\u0103\/crea\u0163ie artistic\u0103.<\/p>\n\n\n\n<p>Conform standardelor interna\u0163ionale \u00een domeniu, <strong>\u00een UNATC exist\u0103 dou\u0103 direc\u021bii distincte de studii doctorale: \u0219tiin\u021bific (arts research) \u0219i profesional-artistic (practice-based research).<\/strong> Cele patru domenii de cercetare \u00een care doctoratul poate fi realizat sunt: ESTETICA, TEORIA, PEDAGOGIA \u015eI ISTORIA TEATRULUI STUDII TEATRALE APLICATE, CINEMATOGRAFIE \u015eI MEDIA STUDII INTERDISCIPLINARE TEATRU\/FILM\/AUDIOVIZUAL<\/p>\n\n\n\n<p>\u0218coala doctoral\u0103 din UNATC \u201eI.L. Caragiale\u201d, \u00een acord cu specificul institu\u0163iei, ac\u0163ioneaz\u0103 \u00een sfera universitar\u2011artistic\u0103 \u00een domeniile TEATRU \u0218I ARTELE SPECTACOLULUI \u0219i CINEMATOGRAFIE \u0218I MEDIA.<\/p>\n\n\n\n<p>\u0218coala doctoral\u0103 constituie cea mai veche structur\u0103 de studii doctorale din Rom\u00e2nia orientat\u0103 \u00een domeniile acestea \u0219i confirm\u0103 existen\u0163a \u0219i practica unei experien\u0163e doctorale redutabile. \u0218coala doctoral\u0103 din cadrul UNATC a reprezentat un model pentru celelalte institu\u0163ii universitare rom\u00e2ne\u0219ti cu profil artistic, la nivelul ciclului al treilea de studii universitare, conform recomand\u0103rilor Procesului de la Bologna.<\/p>\n\n\n\n<p>\u00cen respectul tradi\u0163iei profesionale de \u0219lefuire a m\u0103iestriei artistice \u0219i de \u00eenv\u0103\u0163are, fixare, cercetare \u0219i crea\u0163ie artistic\u0103, pedagogia \u0219i practica universitar\u0103 corespunz\u0103toare acestora confirm\u0103 rela\u0163ia \u0219i colaborarea direct\u0103 \u00eentre corpul profesoral \u0219i studen\u0163ii din toate ciclurile. Sistemul universitar de \u00eendrumare individual\u0103 este predilect \u00een formarea persoanelor dedicate artelor scenice, filmului \u0219i media \u0219i se \u00eencadreaz\u0103 \u00een metodologiile tradi\u0163ionale, artistice, educative \u0219i formative ce urm\u0103resc excelen\u0163a \u00een c\u00e2mpurile respective de referin\u0163\u0103.<\/p>\n\n\n\n<p>No\u0163iunea de cercetare, \u00een sfera artelor, \u00een domeniile TEATRU \u0218I ARTELE SPECTACOLULUI \u0219i CINEMATOGRAFIE \u0218I MEDIA, este indisolubil \u0219i organic legat\u0103 de actul crea\u0163iei artistice \u0219i con\u0163ine profunde aspecte cu caracter creativ, inclusiv \u00een sectoarele limitrofe ale procesului artistic, respectiv \u00een zonele g\u00e2ndirii, studiului \u0219i investiga\u0163iei teoretice. Demersul doctoral \u00een cadrul UNATC \u201eI.L. Caragiale\u201d implic\u0103 nemijlocit latura de cercetare \u0219i de crea\u0163ie artistic\u0103. Crea\u0163ia artistic\u0103, la r\u00e2ndul s\u0103u, implic\u0103, nemijlocit, un demers de cercetare continu\u0103 \u0219i matur asumat\u0103.<\/p>\n\n\n\n<p><\/p>\n\n\n\n<p><a href=\"https:\/\/drive.google.com\/drive\/folders\/1IWze6MNHAvaC6KDhSvSCiF1U7WHzDhtf?usp=sharing\" data-type=\"link\" data-id=\"https:\/\/drive.google.com\/drive\/folders\/1IWze6MNHAvaC6KDhSvSCiF1U7WHzDhtf?usp=sharing\">Fi\u0219e de disciplin\u0103 &#8211; \u0218coala Doctoral\u0103<\/a><\/p>\n","protected":false},"excerpt":{"rendered":"<p class=\"no-padding\">\u00cen UNATC exist\u0103 o singur\u0103 \u015fcoal\u0103 doctoral\u0103, organizat\u0103 pe dou\u0103 domenii de studiu: TEATRU \u2013 cercetare \u015ftiin\u0163ific\u0103\/cercetare artistic\u0103\/crea\u0163ie artistic\u0103 \u015fi&#8230;<\/p>\n","protected":false},"author":1,"featured_media":1226,"parent":0,"menu_order":0,"comment_status":"closed","ping_status":"closed","template":"template-tab-group-color.php","meta":{"footnotes":""},"class_list":["post-1003","page","type-page","status-publish","has-post-thumbnail","hentry"],"acf":{"galerie_foto":null,"titlu_prezentare_departament":"","text_prezentare_departament":"","alternative_page_title":"","page_contact_email":"secretariat@unatc.ro"},"yoast_head":"<!-- This site is optimized with the Yoast SEO plugin v27.3 - https:\/\/yoast.com\/product\/yoast-seo-wordpress\/ -->\n<title>Doctorat - UNATC<\/title>\n<meta name=\"robots\" content=\"index, follow, max-snippet:-1, max-image-preview:large, max-video-preview:-1\" \/>\n<link rel=\"canonical\" href=\"https:\/\/unatc.ro\/devunatc\/doctorat\/\" \/>\n<meta property=\"og:locale\" content=\"en_US\" \/>\n<meta property=\"og:type\" content=\"article\" \/>\n<meta property=\"og:title\" content=\"Doctorat - UNATC\" \/>\n<meta property=\"og:description\" content=\"\u00cen UNATC exist\u0103 o singur\u0103 \u015fcoal\u0103 doctoral\u0103, organizat\u0103 pe dou\u0103 domenii de studiu: TEATRU \u2013 cercetare \u015ftiin\u0163ific\u0103\/cercetare artistic\u0103\/crea\u0163ie artistic\u0103 \u015fi...\" \/>\n<meta property=\"og:url\" content=\"https:\/\/unatc.ro\/devunatc\/doctorat\/\" \/>\n<meta property=\"og:site_name\" content=\"UNATC\" \/>\n<meta property=\"article:publisher\" content=\"https:\/\/www.facebook.com\/UNATC.ILC\/\" \/>\n<meta property=\"article:modified_time\" content=\"2026-03-06T11:56:56+00:00\" \/>\n<meta property=\"og:image\" content=\"https:\/\/unatc.ro\/devunatc\/wp-content\/uploads\/2020\/10\/doctorat-scaled.jpg\" \/>\n\t<meta property=\"og:image:width\" content=\"2560\" \/>\n\t<meta property=\"og:image:height\" content=\"917\" \/>\n\t<meta property=\"og:image:type\" content=\"image\/jpeg\" \/>\n<meta name=\"twitter:card\" content=\"summary_large_image\" \/>\n<meta name=\"twitter:label1\" content=\"Est. reading time\" \/>\n\t<meta name=\"twitter:data1\" content=\"2 minutes\" \/>\n<script type=\"application\/ld+json\" class=\"yoast-schema-graph\">{\"@context\":\"https:\\\/\\\/schema.org\",\"@graph\":[{\"@type\":\"WebPage\",\"@id\":\"https:\\\/\\\/unatc.ro\\\/devunatc\\\/doctorat\\\/\",\"url\":\"https:\\\/\\\/unatc.ro\\\/devunatc\\\/doctorat\\\/\",\"name\":\"Doctorat - UNATC\",\"isPartOf\":{\"@id\":\"https:\\\/\\\/unatc.ro\\\/devunatc\\\/#website\"},\"primaryImageOfPage\":{\"@id\":\"https:\\\/\\\/unatc.ro\\\/devunatc\\\/doctorat\\\/#primaryimage\"},\"image\":{\"@id\":\"https:\\\/\\\/unatc.ro\\\/devunatc\\\/doctorat\\\/#primaryimage\"},\"thumbnailUrl\":\"https:\\\/\\\/unatc.ro\\\/devunatc\\\/wp-content\\\/uploads\\\/2020\\\/10\\\/doctorat-scaled.jpg\",\"datePublished\":\"2020-10-15T16:21:40+00:00\",\"dateModified\":\"2026-03-06T11:56:56+00:00\",\"breadcrumb\":{\"@id\":\"https:\\\/\\\/unatc.ro\\\/devunatc\\\/doctorat\\\/#breadcrumb\"},\"inLanguage\":\"en-US\",\"potentialAction\":[{\"@type\":\"ReadAction\",\"target\":[\"https:\\\/\\\/unatc.ro\\\/devunatc\\\/doctorat\\\/\"]}]},{\"@type\":\"ImageObject\",\"inLanguage\":\"en-US\",\"@id\":\"https:\\\/\\\/unatc.ro\\\/devunatc\\\/doctorat\\\/#primaryimage\",\"url\":\"https:\\\/\\\/unatc.ro\\\/devunatc\\\/wp-content\\\/uploads\\\/2020\\\/10\\\/doctorat-scaled.jpg\",\"contentUrl\":\"https:\\\/\\\/unatc.ro\\\/devunatc\\\/wp-content\\\/uploads\\\/2020\\\/10\\\/doctorat-scaled.jpg\",\"width\":2560,\"height\":917,\"caption\":\"UNATC Doctorat\"},{\"@type\":\"BreadcrumbList\",\"@id\":\"https:\\\/\\\/unatc.ro\\\/devunatc\\\/doctorat\\\/#breadcrumb\",\"itemListElement\":[{\"@type\":\"ListItem\",\"position\":1,\"name\":\"Home\",\"item\":\"https:\\\/\\\/unatc.ro\\\/devunatc\\\/\"},{\"@type\":\"ListItem\",\"position\":2,\"name\":\"Doctorat\"}]},{\"@type\":\"WebSite\",\"@id\":\"https:\\\/\\\/unatc.ro\\\/devunatc\\\/#website\",\"url\":\"https:\\\/\\\/unatc.ro\\\/devunatc\\\/\",\"name\":\"UNATC\",\"description\":\"\",\"publisher\":{\"@id\":\"https:\\\/\\\/unatc.ro\\\/devunatc\\\/#organization\"},\"potentialAction\":[{\"@type\":\"SearchAction\",\"target\":{\"@type\":\"EntryPoint\",\"urlTemplate\":\"https:\\\/\\\/unatc.ro\\\/devunatc\\\/?s={search_term_string}\"},\"query-input\":{\"@type\":\"PropertyValueSpecification\",\"valueRequired\":true,\"valueName\":\"search_term_string\"}}],\"inLanguage\":\"en-US\"},{\"@type\":\"Organization\",\"@id\":\"https:\\\/\\\/unatc.ro\\\/devunatc\\\/#organization\",\"name\":\"UNATC\",\"url\":\"https:\\\/\\\/unatc.ro\\\/devunatc\\\/\",\"logo\":{\"@type\":\"ImageObject\",\"inLanguage\":\"en-US\",\"@id\":\"https:\\\/\\\/unatc.ro\\\/devunatc\\\/#\\\/schema\\\/logo\\\/image\\\/\",\"url\":\"https:\\\/\\\/unatc.ro\\\/devunatc\\\/wp-content\\\/uploads\\\/2025\\\/07\\\/unatc_logo.png\",\"contentUrl\":\"https:\\\/\\\/unatc.ro\\\/devunatc\\\/wp-content\\\/uploads\\\/2025\\\/07\\\/unatc_logo.png\",\"width\":480,\"height\":469,\"caption\":\"UNATC\"},\"image\":{\"@id\":\"https:\\\/\\\/unatc.ro\\\/devunatc\\\/#\\\/schema\\\/logo\\\/image\\\/\"},\"sameAs\":[\"https:\\\/\\\/www.facebook.com\\\/UNATC.ILC\\\/\",\"https:\\\/\\\/www.youtube.com\\\/c\\\/unatcilcaragiale\",\"https:\\\/\\\/www.instagram.com\\\/unatc_ilcaragiale\\\/?hl=en\",\"https:\\\/\\\/www.tiktok.com\\\/@unatc?lang=en\"]}]}<\/script>\n<!-- \/ Yoast SEO plugin. -->","yoast_head_json":{"title":"Doctorat - UNATC","robots":{"index":"index","follow":"follow","max-snippet":"max-snippet:-1","max-image-preview":"max-image-preview:large","max-video-preview":"max-video-preview:-1"},"canonical":"https:\/\/unatc.ro\/devunatc\/doctorat\/","og_locale":"en_US","og_type":"article","og_title":"Doctorat - UNATC","og_description":"\u00cen UNATC exist\u0103 o singur\u0103 \u015fcoal\u0103 doctoral\u0103, organizat\u0103 pe dou\u0103 domenii de studiu: TEATRU \u2013 cercetare \u015ftiin\u0163ific\u0103\/cercetare artistic\u0103\/crea\u0163ie artistic\u0103 \u015fi...","og_url":"https:\/\/unatc.ro\/devunatc\/doctorat\/","og_site_name":"UNATC","article_publisher":"https:\/\/www.facebook.com\/UNATC.ILC\/","article_modified_time":"2026-03-06T11:56:56+00:00","og_image":[{"width":2560,"height":917,"url":"https:\/\/unatc.ro\/devunatc\/wp-content\/uploads\/2020\/10\/doctorat-scaled.jpg","type":"image\/jpeg"}],"twitter_card":"summary_large_image","twitter_misc":{"Est. reading time":"2 minutes"},"schema":{"@context":"https:\/\/schema.org","@graph":[{"@type":"WebPage","@id":"https:\/\/unatc.ro\/devunatc\/doctorat\/","url":"https:\/\/unatc.ro\/devunatc\/doctorat\/","name":"Doctorat - UNATC","isPartOf":{"@id":"https:\/\/unatc.ro\/devunatc\/#website"},"primaryImageOfPage":{"@id":"https:\/\/unatc.ro\/devunatc\/doctorat\/#primaryimage"},"image":{"@id":"https:\/\/unatc.ro\/devunatc\/doctorat\/#primaryimage"},"thumbnailUrl":"https:\/\/unatc.ro\/devunatc\/wp-content\/uploads\/2020\/10\/doctorat-scaled.jpg","datePublished":"2020-10-15T16:21:40+00:00","dateModified":"2026-03-06T11:56:56+00:00","breadcrumb":{"@id":"https:\/\/unatc.ro\/devunatc\/doctorat\/#breadcrumb"},"inLanguage":"en-US","potentialAction":[{"@type":"ReadAction","target":["https:\/\/unatc.ro\/devunatc\/doctorat\/"]}]},{"@type":"ImageObject","inLanguage":"en-US","@id":"https:\/\/unatc.ro\/devunatc\/doctorat\/#primaryimage","url":"https:\/\/unatc.ro\/devunatc\/wp-content\/uploads\/2020\/10\/doctorat-scaled.jpg","contentUrl":"https:\/\/unatc.ro\/devunatc\/wp-content\/uploads\/2020\/10\/doctorat-scaled.jpg","width":2560,"height":917,"caption":"UNATC Doctorat"},{"@type":"BreadcrumbList","@id":"https:\/\/unatc.ro\/devunatc\/doctorat\/#breadcrumb","itemListElement":[{"@type":"ListItem","position":1,"name":"Home","item":"https:\/\/unatc.ro\/devunatc\/"},{"@type":"ListItem","position":2,"name":"Doctorat"}]},{"@type":"WebSite","@id":"https:\/\/unatc.ro\/devunatc\/#website","url":"https:\/\/unatc.ro\/devunatc\/","name":"UNATC","description":"","publisher":{"@id":"https:\/\/unatc.ro\/devunatc\/#organization"},"potentialAction":[{"@type":"SearchAction","target":{"@type":"EntryPoint","urlTemplate":"https:\/\/unatc.ro\/devunatc\/?s={search_term_string}"},"query-input":{"@type":"PropertyValueSpecification","valueRequired":true,"valueName":"search_term_string"}}],"inLanguage":"en-US"},{"@type":"Organization","@id":"https:\/\/unatc.ro\/devunatc\/#organization","name":"UNATC","url":"https:\/\/unatc.ro\/devunatc\/","logo":{"@type":"ImageObject","inLanguage":"en-US","@id":"https:\/\/unatc.ro\/devunatc\/#\/schema\/logo\/image\/","url":"https:\/\/unatc.ro\/devunatc\/wp-content\/uploads\/2025\/07\/unatc_logo.png","contentUrl":"https:\/\/unatc.ro\/devunatc\/wp-content\/uploads\/2025\/07\/unatc_logo.png","width":480,"height":469,"caption":"UNATC"},"image":{"@id":"https:\/\/unatc.ro\/devunatc\/#\/schema\/logo\/image\/"},"sameAs":["https:\/\/www.facebook.com\/UNATC.ILC\/","https:\/\/www.youtube.com\/c\/unatcilcaragiale","https:\/\/www.instagram.com\/unatc_ilcaragiale\/?hl=en","https:\/\/www.tiktok.com\/@unatc?lang=en"]}]}},"jetpack_sharing_enabled":true,"_links":{"self":[{"href":"https:\/\/unatc.ro\/devunatc\/wp-json\/wp\/v2\/pages\/1003","targetHints":{"allow":["GET"]}}],"collection":[{"href":"https:\/\/unatc.ro\/devunatc\/wp-json\/wp\/v2\/pages"}],"about":[{"href":"https:\/\/unatc.ro\/devunatc\/wp-json\/wp\/v2\/types\/page"}],"author":[{"embeddable":true,"href":"https:\/\/unatc.ro\/devunatc\/wp-json\/wp\/v2\/users\/1"}],"replies":[{"embeddable":true,"href":"https:\/\/unatc.ro\/devunatc\/wp-json\/wp\/v2\/comments?post=1003"}],"version-history":[{"count":41,"href":"https:\/\/unatc.ro\/devunatc\/wp-json\/wp\/v2\/pages\/1003\/revisions"}],"predecessor-version":[{"id":16579,"href":"https:\/\/unatc.ro\/devunatc\/wp-json\/wp\/v2\/pages\/1003\/revisions\/16579"}],"wp:featuredmedia":[{"embeddable":true,"href":"https:\/\/unatc.ro\/devunatc\/wp-json\/wp\/v2\/media\/1226"}],"wp:attachment":[{"href":"https:\/\/unatc.ro\/devunatc\/wp-json\/wp\/v2\/media?parent=1003"}],"curies":[{"name":"wp","href":"https:\/\/api.w.org\/{rel}","templated":true}]}}