{"id":1636,"date":"2023-07-31T22:51:28","date_gmt":"2023-07-31T19:51:28","guid":{"rendered":"https:\/\/unatc.ro\/admitere-unatc\/?page_id=1636"},"modified":"2026-01-08T15:38:28","modified_gmt":"2026-01-08T12:38:28","slug":"cppd","status":"publish","type":"page","link":"https:\/\/unatc.ro\/admitere-unatc\/cppd\/","title":{"rendered":"CPPD 2025"},"content":{"rendered":"\n<div class=\"wp-block-cover alignwide\" style=\"margin-top:0;padding-top:5vw;padding-right:5vw;padding-bottom:5vw;padding-left:5vw\"><span aria-hidden=\"true\" class=\"wp-block-cover__background has-background-dim-100 has-background-dim\" style=\"background-color:#d1362a\"><\/span><div class=\"wp-block-cover__inner-container is-layout-flow wp-block-cover-is-layout-flow\">\n<div class=\"wp-block-group is-layout-flex wp-container-core-group-is-layout-7f408244 wp-block-group-is-layout-flex\">\n<div class=\"wp-block-group wp-container-content-9cfa9a5a\"><div class=\"wp-block-group__inner-container is-layout-flow wp-block-group-is-layout-flow\">\n<p class=\"has-text-align-left has-black-color has-text-color\" style=\"font-size:120px;font-style:normal;font-weight:700;letter-spacing:-5px;line-height:0.6;text-transform:lowercase\">Sesiune<\/p>\n\n\n\n<p class=\"has-text-align-left has-black-color has-text-color\" style=\"font-size:120px;font-style:normal;font-weight:700;letter-spacing:-5px;line-height:0.6;text-transform:lowercase\">\u00cencheiat\u0103<\/p>\n\n\n\n<p><\/p>\n<\/div><\/div>\n\n\n\n<div class=\"wp-block-group wp-container-content-5b91cf2b is-vertical is-nowrap is-layout-flex wp-container-core-group-is-layout-07e09966 wp-block-group-is-layout-flex\">\n<div class=\"wp-block-buttons is-layout-flex wp-block-buttons-is-layout-flex\">\n<div class=\"wp-block-button\"><a class=\"wp-block-button__link has-white-color has-black-background-color has-text-color has-background has-custom-font-size wp-element-button\" href=\"https:\/\/unatc.ro\" style=\"border-radius:0px;border-top-style:none;border-top-width:0px;border-right-style:none;border-right-width:0px;border-bottom-style:none;border-bottom-width:0px;border-left-style:none;border-left-width:0px;padding-top:24px;padding-right:36px;padding-bottom:24px;padding-left:36px;font-size:20px;font-style:normal;font-weight:700;letter-spacing:0px;text-decoration:none;text-transform:none\" target=\"_blank\" rel=\"noreferrer noopener\">WWW.UNATC.RO<\/a><\/div>\n<\/div>\n<\/div>\n<\/div>\n<\/div><\/div>\n\n\n\n<p>Rezultatele vor fi publicate pe aceast\u0103 pagin\u0103 dup\u0103 \u00eenceperea probelor de concurs conform calendarului stabilit pentru admitere.<\/p>\n\n\n\n<p>V\u0103 rug\u0103m s\u0103 verifica\u021bi aceast\u0103 pagin\u0103 \u00een perioada specificat\u0103 \u00een calendarul de probe pentru a fi la curent cu rezultatele. V\u0103 dorim mult succes \u0219i v\u0103 mul\u021bumim pentru interesul manifestat fa\u021b\u0103 de universitatea noastr\u0103.<\/p>\n","protected":false},"excerpt":{"rendered":"<p>Rezultatele vor fi publicate pe aceast\u0103 pagin\u0103 dup\u0103 \u00eenceperea probelor de concurs conform calendarului stabilit pentru admitere. V\u0103 rug\u0103m s\u0103 verifica\u021bi aceast\u0103 pagin\u0103 \u00een perioada specificat\u0103 \u00een calendarul de probe pentru a fi la curent cu rezultatele. V\u0103 dorim mult succes \u0219i v\u0103 mul\u021bumim pentru interesul manifestat fa\u021b\u0103 de universitatea noastr\u0103.<\/p>\n","protected":false},"author":8,"featured_media":0,"parent":0,"menu_order":0,"comment_status":"closed","ping_status":"closed","template":"template-admitere.php","meta":{"footnotes":""},"class_list":["post-1636","page","type-page","status-publish","hentry","entry"],"acf":[],"_links":{"self":[{"href":"https:\/\/unatc.ro\/admitere-unatc\/wp-json\/wp\/v2\/pages\/1636","targetHints":{"allow":["GET"]}}],"collection":[{"href":"https:\/\/unatc.ro\/admitere-unatc\/wp-json\/wp\/v2\/pages"}],"about":[{"href":"https:\/\/unatc.ro\/admitere-unatc\/wp-json\/wp\/v2\/types\/page"}],"author":[{"embeddable":true,"href":"https:\/\/unatc.ro\/admitere-unatc\/wp-json\/wp\/v2\/users\/8"}],"replies":[{"embeddable":true,"href":"https:\/\/unatc.ro\/admitere-unatc\/wp-json\/wp\/v2\/comments?post=1636"}],"version-history":[{"count":15,"href":"https:\/\/unatc.ro\/admitere-unatc\/wp-json\/wp\/v2\/pages\/1636\/revisions"}],"predecessor-version":[{"id":4350,"href":"https:\/\/unatc.ro\/admitere-unatc\/wp-json\/wp\/v2\/pages\/1636\/revisions\/4350"}],"wp:attachment":[{"href":"https:\/\/unatc.ro\/admitere-unatc\/wp-json\/wp\/v2\/media?parent=1636"}],"curies":[{"name":"wp","href":"https:\/\/api.w.org\/{rel}","templated":true}]}}